{"id":63277,"date":"2025-02-15T11:35:31","date_gmt":"2025-02-15T09:35:31","guid":{"rendered":"https:\/\/www.waterskis.lv\/product\/spinera-sup5-augstspiediena-12v-pumpis-16-psi\/"},"modified":"2026-02-07T19:29:37","modified_gmt":"2026-02-07T17:29:37","slug":"spinera-sup5-augstspiediena-12v-pumpis-16-psi","status":"publish","type":"product","link":"https:\/\/www.waterskis.lv\/en\/product\/spinera-sup5-augstspiediena-12v-pumpis-16-psi\/","title":{"rendered":"Spinera SUP5 augstspiediena 12V pumpis 16 PSI"},"content":{"rendered":"<h1>Spinera SUP5 augstspiediena 12V pumpis 16 PSI<\/h1>\n<p>Spinera SUP5 augstspiediena 12V pumpis 16 PSI<\/p>\n<p>Art. No.\u00a019505<\/p>\n<p>Iepaz\u012bstin\u0101m ar Spinera augstspiediena 12 V s\u016bkni, kas nodro\u0161ina 16 PSI vis\u0101m j\u016bsu piep\u016b\u0161amaj\u0101m vajadz\u012bb\u0101m.<\/p>\n<p>Izgatavots no iztur\u012bga ABS materi\u0101la, \u0161is s\u016bknis nodro\u0161ina uzticamu veiktsp\u0113ju j\u016bsu \u016bdens piedz\u012bvojumiem.<\/p>\n<p>Darbojoties ar l\u012bdzstr\u0101vas 12V spriegumu, tas pied\u0101v\u0101 spiediena diapazonu no 0 l\u012bdz 16 PSI, kas atbilst da\u017e\u0101d\u0101m infl\u0101cijas pras\u012bb\u0101m.<\/p>\n<p>Iek\u013cautie piederumi ir 100\u00a0cm gaisa \u0161\u013c\u016btene, 12\u00a0V l\u012bdzstr\u0101vas adapteris, 220\u00a0V mai\u0146str\u0101vas l\u0101d\u0113t\u0101js ar Eiropas kontaktdak\u0161u un 5 da\u017e\u0101di v\u0101rstu adapteri, kas nodro\u0161ina daudzpus\u012bbu.<\/p>\n<p>Ar 110\u00a0W ar p\u016bt\u0113ju vai 100\u00a0W ar kompresoru jaudu, \u0161is s\u016bknis nodro\u0161ina efekt\u012bvu piep\u016b\u0161anu.<\/p>\n<p>Apr\u012bkots ar 6000 mAh litija akumulatoru, tas nodro\u0161ina jaud\u012bgu gaisa pl\u016bsmu 350 l\/min 1. posm\u0101 (p\u016bt\u0113js) un 70 l\/min 2. posm\u0101 (kompresors). P\u0101rsl\u0113g\u0161an\u0101s starp piep\u016b\u0161anu un defl\u0101ciju ir vienk\u0101r\u0161a, vienk\u0101r\u0161i p\u0101rk\u0101rtojot gaisa \u0161\u013c\u016bteni.<\/p>\n<p>T\u0101 izm\u0113ri ir 25,2 * 17,4 * 13,3\u00a0mm un svars 3,00\u00a0kg, tas ir kompakts un p\u0101rn\u0113s\u0101jams lieto\u0161anai ce\u013c\u0101.<\/p>\n<p>Tam ir LCD ekr\u0101ns, uzl\u0101d\u0113jams akumulators un LED apgaismojums, kas nodro\u0161ina papildu \u0113rt\u012bbas un funkcionalit\u0101ti.<\/p>\n<p>Darbiniet s\u016bkni, izmantojot ieb\u016bv\u0113to akumulatoru vai 12 V cigare\u0161u aizdedzin\u0101t\u0101ja ligzdu; tom\u0113r nav iesp\u0113jams izmantot 220 V adapteri.<\/p>\n<p>Uzl\u0101d\u0113jiet akumulatoru, izmantojot 220 V adapteri vai 12 V cigare\u0161u aizdedzin\u0101t\u0101ja ligzdu.<\/p>\n<p>Turkl\u0101t priek\u0161\u0113j\u0101 da\u013ca, kur\u0101 atrodas gaismas un USB ports, \u013cauj uzl\u0101d\u0113t ier\u012bces, piem\u0113ram, t\u0101lruni.<\/p>\n<p>Piep\u016b\u0161anas laiks 11\u00a0p\u0113du SUP d\u0113lim ar 15\u00a0cm nolai\u017eamo d\u016brienu ir aptuveni 10 min\u016btes 10\u00a0PSI un 15\u00a0min\u016btes 16\u00a0PSI.<\/p>\n<p>Ar pilnu akumulatoru j\u016bs varat piep\u016bst aptuveni 3 vai vair\u0101k SUP d\u0113\u013cus, nodro\u0161inot pla\u0161u atbalstu j\u016bsu \u016bdens piedz\u012bvojumiem.<\/p>\n<p>&nbsp;<\/p>\n<p>S\u012bk\u0101ka inform\u0101cija:<\/p>\n<p>Materi\u0101ls: ABS<br \/>\nSpriegums: DC 12V<br \/>\nSpiediens: 0-16 PSI<br \/>\nPiederumi: Gaisa \u0161\u013c\u016btene 100 cm \/ 12 V l\u012bdzstr\u0101vas adapteris \/ 220 V mai\u0146str\u0101vas l\u0101d\u0113t\u0101js (Eiropas spraudnis) \/ Iek\u013cauti 5 da\u017e\u0101di v\u0101rstu adapteri<br \/>\nJauda: 110W ar p\u016bt\u0113ju vai 100W ar kompresoru<br \/>\nAkumulatora ietilp\u012bba: Litija akumulators, 6000mAH<br \/>\ngaisa pl\u016bsma: 350 l\/min ar p\u016bt\u0113ju (1. pak\u0101pe) vai 70 l\/min ar kompresoru (2. pak\u0101pe)<br \/>\ns\u016bkni var izmantot piep\u016b\u0161anai vai defl\u0101cijai<br \/>\nProdukta izm\u0113rs: 25,2 * 17,4 * 13,3 mm<br \/>\nSvars: 3,00KG<br \/>\nPriek\u0161roc\u012bba: LCD ekr\u0101ns, piep\u016b\u0161 un iztuk\u0161o, uzl\u0101d\u0113jams akumulators, LED gaisma<\/p>\n<p>S\u016bknis darbojas:<\/p>\n<p>ar integr\u0113tu akumulatoru vai<br \/>\nar 12V DC cigare\u0161u adapteri<\/p>\n<p>Akumulatora uzl\u0101des l\u012bmenis:<\/p>\n<p>ar 12 voltu l\u012bdzstr\u0101vas cigare\u0161u adapteri vai<\/p>\n<p>ar 220 V mai\u0146str\u0101vas l\u0101d\u0113t\u0101ju (eiropas kontaktdak\u0161a)<\/p>\n<p>\u012apa\u0161ie pied\u0101v\u0101jumi:<\/p>\n<p>Priek\u0161\u0113j\u0101 zon\u0101, kur atrodas gaismas un USB savienojums, varat uzl\u0101d\u0113t, piem\u0113ram, mobilo t\u0101lruni.<\/p>\n<p>Piep\u016b\u0161an\u0101s laiks 11 p\u0113du Sup Board ar 15\u00a0cm Dropstich:<\/p>\n<p>par 10 PSI &#8211; apm\u0113ram 10 min\u016btes<br \/>\npar 15 PSI &#8211; apm\u0113ram 15 min\u016btes<br \/>\nar pilnu akumulatoru var piepild\u012bt apm\u0113ram 3 vai vair\u0101k Sup-Boards<\/p>\n","protected":false},"excerpt":{"rendered":"<p>https:\/\/www.youtube.com\/watch?v=HUB2F7ZWGJE [&#8230;]<\/p>\n<p><a class=\"btn btn-secondary understrap-read-more-link\" href=\"https:\/\/www.waterskis.lv\/en\/product\/spinera-sup5-augstspiediena-12v-pumpis-16-psi\/\">Read More&#8230;<\/a><\/p>\n","protected":false},"featured_media":63254,"comment_status":"closed","ping_status":"closed","template":"","meta":{"_acf_changed":false,"inline_featured_image":false},"product_brand":[1279],"product_cat":[1213],"product_tag":[3811,3813,2932,3809,3810,1571,3812,2931,3814,1381,1385,3818,3817,3815,3816],"class_list":{"0":"post-63277","1":"product","2":"type-product","3":"status-publish","4":"has-post-thumbnail","6":"product_brand-spinera-watersports","7":"product_cat-pumpji","8":"product_tag-inflatable-boat-pump","9":"product_tag-inflatable-towable-tube-pump","10":"product_tag-laivu-pumpis","11":"product_tag-piepusamas-laivas-pumpis","12":"product_tag-piepusamo-puslu-pumpis","13":"product_tag-pumpji","14":"product_tag-pumps","15":"product_tag-spinera-augstspiediena-pumpis","16":"product_tag-sup-board-pump","17":"product_tag-sup-dela-pumpis","18":"product_tag-sup-pumpis","19":"product_tag---sup-","20":"product_tag-3817","21":"product_tag-3815","22":"product_tag-3816","24":"first","25":"instock","26":"shipping-taxable","27":"purchasable","28":"product-type-simple"},"acf":[],"yoast_head":"<!-- This site is optimized with the Yoast SEO plugin v27.5 - https:\/\/yoast.com\/product\/yoast-seo-wordpress\/ -->\n<title>Spinera SUP5 augstspiediena 12V pumpis 16 PSI - WATERSKIS.LV<\/title>\n<meta name=\"description\" content=\"Spinera SUP5 augstspiediena 12V pumpis 16 PSI. Darbojoties ar l\u012bdzstr\u0101vas 12V spriegumu, tas pied\u0101v\u0101 spiediena diapazonu no 0 l\u012bdz 16 PSI,\" \/>\n<meta name=\"robots\" content=\"index, follow, max-snippet:-1, max-image-preview:large, max-video-preview:-1\" \/>\n<link rel=\"canonical\" href=\"https:\/\/www.waterskis.lv\/en\/product\/spinera-sup5-augstspiediena-12v-pumpis-16-psi\/\" \/>\n<meta property=\"og:locale\" content=\"en_US\" \/>\n<meta property=\"og:type\" content=\"article\" \/>\n<meta property=\"og:title\" content=\"Spinera SUP5 augstspiediena 12V pumpis 16 PSI - WATERSKIS.LV\" \/>\n<meta property=\"og:description\" content=\"Spinera SUP5 augstspiediena 12V pumpis 16 PSI. Darbojoties ar l\u012bdzstr\u0101vas 12V spriegumu, tas pied\u0101v\u0101 spiediena diapazonu no 0 l\u012bdz 16 PSI,\" \/>\n<meta property=\"og:url\" content=\"https:\/\/www.waterskis.lv\/en\/product\/spinera-sup5-augstspiediena-12v-pumpis-16-psi\/\" \/>\n<meta property=\"og:site_name\" content=\"WATERSKIS.LV\" \/>\n<meta property=\"article:publisher\" content=\"https:\/\/www.facebook.com\/jurmalawaterskiwakeboardpark\/\" \/>\n<meta property=\"article:modified_time\" content=\"2026-02-07T17:29:37+00:00\" \/>\n<meta property=\"og:image\" content=\"https:\/\/www.waterskis.lv\/wp-content\/uploads\/2025\/02\/sup5_high_pressure_12v_sup_pump__16_psi_19505_1.webp\" \/>\n\t<meta property=\"og:image:width\" content=\"1200\" \/>\n\t<meta property=\"og:image:height\" content=\"1200\" \/>\n\t<meta property=\"og:image:type\" content=\"image\/webp\" \/>\n<meta name=\"twitter:card\" content=\"summary_large_image\" \/>\n<meta name=\"twitter:label1\" content=\"Est. reading time\" \/>\n\t<meta name=\"twitter:data1\" content=\"3 minutes\" \/>\n<script type=\"application\/ld+json\" class=\"yoast-schema-graph\">{\"@context\":\"https:\\\/\\\/schema.org\",\"@graph\":[{\"@type\":\"WebPage\",\"@id\":\"https:\\\/\\\/www.waterskis.lv\\\/en\\\/product\\\/spinera-sup5-augstspiediena-12v-pumpis-16-psi\\\/\",\"url\":\"https:\\\/\\\/www.waterskis.lv\\\/en\\\/product\\\/spinera-sup5-augstspiediena-12v-pumpis-16-psi\\\/\",\"name\":\"Spinera SUP5 augstspiediena 12V pumpis 16 PSI - WATERSKIS.LV\",\"isPartOf\":{\"@id\":\"https:\\\/\\\/www.waterskis.lv\\\/en\\\/#website\"},\"primaryImageOfPage\":{\"@id\":\"https:\\\/\\\/www.waterskis.lv\\\/en\\\/product\\\/spinera-sup5-augstspiediena-12v-pumpis-16-psi\\\/#primaryimage\"},\"image\":{\"@id\":\"https:\\\/\\\/www.waterskis.lv\\\/en\\\/product\\\/spinera-sup5-augstspiediena-12v-pumpis-16-psi\\\/#primaryimage\"},\"thumbnailUrl\":\"https:\\\/\\\/www.waterskis.lv\\\/wp-content\\\/uploads\\\/2025\\\/02\\\/sup5_high_pressure_12v_sup_pump__16_psi_19505_1.webp\",\"datePublished\":\"2025-02-15T09:35:31+00:00\",\"dateModified\":\"2026-02-07T17:29:37+00:00\",\"description\":\"Spinera SUP5 augstspiediena 12V pumpis 16 PSI. Darbojoties ar l\u012bdzstr\u0101vas 12V spriegumu, tas pied\u0101v\u0101 spiediena diapazonu no 0 l\u012bdz 16 PSI,\",\"breadcrumb\":{\"@id\":\"https:\\\/\\\/www.waterskis.lv\\\/en\\\/product\\\/spinera-sup5-augstspiediena-12v-pumpis-16-psi\\\/#breadcrumb\"},\"inLanguage\":\"en-US\",\"potentialAction\":[{\"@type\":\"ReadAction\",\"target\":[\"https:\\\/\\\/www.waterskis.lv\\\/en\\\/product\\\/spinera-sup5-augstspiediena-12v-pumpis-16-psi\\\/\"]}]},{\"@type\":\"ImageObject\",\"inLanguage\":\"en-US\",\"@id\":\"https:\\\/\\\/www.waterskis.lv\\\/en\\\/product\\\/spinera-sup5-augstspiediena-12v-pumpis-16-psi\\\/#primaryimage\",\"url\":\"https:\\\/\\\/www.waterskis.lv\\\/wp-content\\\/uploads\\\/2025\\\/02\\\/sup5_high_pressure_12v_sup_pump__16_psi_19505_1.webp\",\"contentUrl\":\"https:\\\/\\\/www.waterskis.lv\\\/wp-content\\\/uploads\\\/2025\\\/02\\\/sup5_high_pressure_12v_sup_pump__16_psi_19505_1.webp\",\"width\":1200,\"height\":1200,\"caption\":\"Spinera SUP5 augstspiediena 12V pumpis 16 PSI\"},{\"@type\":\"BreadcrumbList\",\"@id\":\"https:\\\/\\\/www.waterskis.lv\\\/en\\\/product\\\/spinera-sup5-augstspiediena-12v-pumpis-16-psi\\\/#breadcrumb\",\"itemListElement\":[{\"@type\":\"ListItem\",\"position\":1,\"name\":\"Home\",\"item\":\"https:\\\/\\\/www.waterskis.lv\\\/en\\\/\"},{\"@type\":\"ListItem\",\"position\":2,\"name\":\"Shop\",\"item\":\"https:\\\/\\\/waterskis.lv\\\/en\\\/shop\\\/\"},{\"@type\":\"ListItem\",\"position\":3,\"name\":\"Spinera SUP5 augstspiediena 12V pumpis 16 PSI\"}]},{\"@type\":\"WebSite\",\"@id\":\"https:\\\/\\\/www.waterskis.lv\\\/en\\\/#website\",\"url\":\"https:\\\/\\\/www.waterskis.lv\\\/en\\\/\",\"name\":\"WATERSKIS.LV\",\"description\":\"SUP d\u0113\u013ci, kajaki, kanoe, airu laivas, \u016bdenssl\u0113po\u0161ana, veikbords, SUP d\u0113\u013cu noma, kajaku nomaakt\u012bv\u0101s atp\u016btas centrs, laivu noma, sup noma, kajaku noma\",\"publisher\":{\"@id\":\"https:\\\/\\\/www.waterskis.lv\\\/en\\\/#organization\"},\"potentialAction\":[{\"@type\":\"SearchAction\",\"target\":{\"@type\":\"EntryPoint\",\"urlTemplate\":\"https:\\\/\\\/www.waterskis.lv\\\/en\\\/?s={search_term_string}\"},\"query-input\":{\"@type\":\"PropertyValueSpecification\",\"valueRequired\":true,\"valueName\":\"search_term_string\"}}],\"inLanguage\":\"en-US\"},{\"@type\":\"Organization\",\"@id\":\"https:\\\/\\\/www.waterskis.lv\\\/en\\\/#organization\",\"name\":\"WATERSKIS.LV\",\"url\":\"https:\\\/\\\/www.waterskis.lv\\\/en\\\/\",\"logo\":{\"@type\":\"ImageObject\",\"inLanguage\":\"en-US\",\"@id\":\"https:\\\/\\\/www.waterskis.lv\\\/en\\\/#\\\/schema\\\/logo\\\/image\\\/\",\"url\":\"https:\\\/\\\/www.waterskis.lv\\\/wp-content\\\/uploads\\\/2025\\\/01\\\/JUVP-logo.png\",\"contentUrl\":\"https:\\\/\\\/www.waterskis.lv\\\/wp-content\\\/uploads\\\/2025\\\/01\\\/JUVP-logo.png\",\"width\":421,\"height\":202,\"caption\":\"WATERSKIS.LV\"},\"image\":{\"@id\":\"https:\\\/\\\/www.waterskis.lv\\\/en\\\/#\\\/schema\\\/logo\\\/image\\\/\"},\"sameAs\":[\"https:\\\/\\\/www.facebook.com\\\/jurmalawaterskiwakeboardpark\\\/\"]}]}<\/script>\n<!-- \/ Yoast SEO plugin. -->","yoast_head_json":{"title":"Spinera SUP5 augstspiediena 12V pumpis 16 PSI - WATERSKIS.LV","description":"Spinera SUP5 augstspiediena 12V pumpis 16 PSI. Darbojoties ar l\u012bdzstr\u0101vas 12V spriegumu, tas pied\u0101v\u0101 spiediena diapazonu no 0 l\u012bdz 16 PSI,","robots":{"index":"index","follow":"follow","max-snippet":"max-snippet:-1","max-image-preview":"max-image-preview:large","max-video-preview":"max-video-preview:-1"},"canonical":"https:\/\/www.waterskis.lv\/en\/product\/spinera-sup5-augstspiediena-12v-pumpis-16-psi\/","og_locale":"en_US","og_type":"article","og_title":"Spinera SUP5 augstspiediena 12V pumpis 16 PSI - WATERSKIS.LV","og_description":"Spinera SUP5 augstspiediena 12V pumpis 16 PSI. Darbojoties ar l\u012bdzstr\u0101vas 12V spriegumu, tas pied\u0101v\u0101 spiediena diapazonu no 0 l\u012bdz 16 PSI,","og_url":"https:\/\/www.waterskis.lv\/en\/product\/spinera-sup5-augstspiediena-12v-pumpis-16-psi\/","og_site_name":"WATERSKIS.LV","article_publisher":"https:\/\/www.facebook.com\/jurmalawaterskiwakeboardpark\/","article_modified_time":"2026-02-07T17:29:37+00:00","og_image":[{"width":1200,"height":1200,"url":"https:\/\/www.waterskis.lv\/wp-content\/uploads\/2025\/02\/sup5_high_pressure_12v_sup_pump__16_psi_19505_1.webp","type":"image\/webp"}],"twitter_card":"summary_large_image","twitter_misc":{"Est. reading time":"3 minutes"},"schema":{"@context":"https:\/\/schema.org","@graph":[{"@type":"WebPage","@id":"https:\/\/www.waterskis.lv\/en\/product\/spinera-sup5-augstspiediena-12v-pumpis-16-psi\/","url":"https:\/\/www.waterskis.lv\/en\/product\/spinera-sup5-augstspiediena-12v-pumpis-16-psi\/","name":"Spinera SUP5 augstspiediena 12V pumpis 16 PSI - WATERSKIS.LV","isPartOf":{"@id":"https:\/\/www.waterskis.lv\/en\/#website"},"primaryImageOfPage":{"@id":"https:\/\/www.waterskis.lv\/en\/product\/spinera-sup5-augstspiediena-12v-pumpis-16-psi\/#primaryimage"},"image":{"@id":"https:\/\/www.waterskis.lv\/en\/product\/spinera-sup5-augstspiediena-12v-pumpis-16-psi\/#primaryimage"},"thumbnailUrl":"https:\/\/www.waterskis.lv\/wp-content\/uploads\/2025\/02\/sup5_high_pressure_12v_sup_pump__16_psi_19505_1.webp","datePublished":"2025-02-15T09:35:31+00:00","dateModified":"2026-02-07T17:29:37+00:00","description":"Spinera SUP5 augstspiediena 12V pumpis 16 PSI. Darbojoties ar l\u012bdzstr\u0101vas 12V spriegumu, tas pied\u0101v\u0101 spiediena diapazonu no 0 l\u012bdz 16 PSI,","breadcrumb":{"@id":"https:\/\/www.waterskis.lv\/en\/product\/spinera-sup5-augstspiediena-12v-pumpis-16-psi\/#breadcrumb"},"inLanguage":"en-US","potentialAction":[{"@type":"ReadAction","target":["https:\/\/www.waterskis.lv\/en\/product\/spinera-sup5-augstspiediena-12v-pumpis-16-psi\/"]}]},{"@type":"ImageObject","inLanguage":"en-US","@id":"https:\/\/www.waterskis.lv\/en\/product\/spinera-sup5-augstspiediena-12v-pumpis-16-psi\/#primaryimage","url":"https:\/\/www.waterskis.lv\/wp-content\/uploads\/2025\/02\/sup5_high_pressure_12v_sup_pump__16_psi_19505_1.webp","contentUrl":"https:\/\/www.waterskis.lv\/wp-content\/uploads\/2025\/02\/sup5_high_pressure_12v_sup_pump__16_psi_19505_1.webp","width":1200,"height":1200,"caption":"Spinera SUP5 augstspiediena 12V pumpis 16 PSI"},{"@type":"BreadcrumbList","@id":"https:\/\/www.waterskis.lv\/en\/product\/spinera-sup5-augstspiediena-12v-pumpis-16-psi\/#breadcrumb","itemListElement":[{"@type":"ListItem","position":1,"name":"Home","item":"https:\/\/www.waterskis.lv\/en\/"},{"@type":"ListItem","position":2,"name":"Shop","item":"https:\/\/waterskis.lv\/en\/shop\/"},{"@type":"ListItem","position":3,"name":"Spinera SUP5 augstspiediena 12V pumpis 16 PSI"}]},{"@type":"WebSite","@id":"https:\/\/www.waterskis.lv\/en\/#website","url":"https:\/\/www.waterskis.lv\/en\/","name":"WATERSKIS.LV","description":"SUP d\u0113\u013ci, kajaki, kanoe, airu laivas, \u016bdenssl\u0113po\u0161ana, veikbords, SUP d\u0113\u013cu noma, kajaku nomaakt\u012bv\u0101s atp\u016btas centrs, laivu noma, sup noma, kajaku noma","publisher":{"@id":"https:\/\/www.waterskis.lv\/en\/#organization"},"potentialAction":[{"@type":"SearchAction","target":{"@type":"EntryPoint","urlTemplate":"https:\/\/www.waterskis.lv\/en\/?s={search_term_string}"},"query-input":{"@type":"PropertyValueSpecification","valueRequired":true,"valueName":"search_term_string"}}],"inLanguage":"en-US"},{"@type":"Organization","@id":"https:\/\/www.waterskis.lv\/en\/#organization","name":"WATERSKIS.LV","url":"https:\/\/www.waterskis.lv\/en\/","logo":{"@type":"ImageObject","inLanguage":"en-US","@id":"https:\/\/www.waterskis.lv\/en\/#\/schema\/logo\/image\/","url":"https:\/\/www.waterskis.lv\/wp-content\/uploads\/2025\/01\/JUVP-logo.png","contentUrl":"https:\/\/www.waterskis.lv\/wp-content\/uploads\/2025\/01\/JUVP-logo.png","width":421,"height":202,"caption":"WATERSKIS.LV"},"image":{"@id":"https:\/\/www.waterskis.lv\/en\/#\/schema\/logo\/image\/"},"sameAs":["https:\/\/www.facebook.com\/jurmalawaterskiwakeboardpark\/"]}]}},"_links":{"self":[{"href":"https:\/\/www.waterskis.lv\/en\/wp-json\/wp\/v2\/product\/63277","targetHints":{"allow":["GET"]}}],"collection":[{"href":"https:\/\/www.waterskis.lv\/en\/wp-json\/wp\/v2\/product"}],"about":[{"href":"https:\/\/www.waterskis.lv\/en\/wp-json\/wp\/v2\/types\/product"}],"replies":[{"embeddable":true,"href":"https:\/\/www.waterskis.lv\/en\/wp-json\/wp\/v2\/comments?post=63277"}],"wp:featuredmedia":[{"embeddable":true,"href":"https:\/\/www.waterskis.lv\/en\/wp-json\/wp\/v2\/media\/63254"}],"wp:attachment":[{"href":"https:\/\/www.waterskis.lv\/en\/wp-json\/wp\/v2\/media?parent=63277"}],"wp:term":[{"taxonomy":"product_brand","embeddable":true,"href":"https:\/\/www.waterskis.lv\/en\/wp-json\/wp\/v2\/product_brand?post=63277"},{"taxonomy":"product_cat","embeddable":true,"href":"https:\/\/www.waterskis.lv\/en\/wp-json\/wp\/v2\/product_cat?post=63277"},{"taxonomy":"product_tag","embeddable":true,"href":"https:\/\/www.waterskis.lv\/en\/wp-json\/wp\/v2\/product_tag?post=63277"}],"curies":[{"name":"wp","href":"https:\/\/api.w.org\/{rel}","templated":true}]}}