{"id":63297,"date":"2025-02-15T11:55:33","date_gmt":"2025-02-15T09:55:33","guid":{"rendered":"https:\/\/www.waterskis.lv\/product\/spinera-ds-pro-gaisa-suknis-ar-integretu-akumulatoru-25-psi\/"},"modified":"2026-02-07T19:27:31","modified_gmt":"2026-02-07T17:27:31","slug":"spinera-ds-pro-air-pump-with-integrated-battery-25-psi","status":"publish","type":"product","link":"https:\/\/www.waterskis.lv\/en\/product\/spinera-ds-pro-air-pump-with-integrated-battery-25-psi\/","title":{"rendered":"Spinera DS Pro Air Pump with integrated Battery 25 PSI"},"content":{"rendered":"<h1>Spinera DS Pro Air Pump with integrated Battery 25 PSI<\/h1>\n<p>Spinera DS Pro Air Pump with integrated Battery 25 PSI<\/p>\n<p>&nbsp;<\/p>\n<p>The multi functional Spinera DS Pro Air rechargeable pump, can be used to inflate a variety of items, such as paddle boards, kayaks, towables, platforms, docks etc.<\/p>\n<p>With it&#8217;s high airflow volume of 200l\/min &amp; the four cylinder you can inflate various products very fast, the strong built-in 10.000 mAh lithium ion battery you can inflate approx. up to 8 SUPs on a full charge.<\/p>\n<p>The LCD digital display with real-time monitoring, as well as the LED light are some more highlights of this pump. It&#8217;s is very easy to carry &amp; store with the included portable messenger bag.<\/p>\n<p>Pump works also in Deflation mode.<\/p>\n<p>&nbsp;<\/p>\n<p><b>Details:<\/b><\/p>\n<ul>\n<li>25 PSI &#8211; 200L\/min<\/li>\n<li>Power: 300W<\/li>\n<li>Battery Capacity: 10000mAh<\/li>\n<li>Size: 35,2 x 30,2 x 16 cm<\/li>\n<li>about 90dB<\/li>\n<\/ul>\n<p>&nbsp;<\/p>\n<p><b>Accessories:<\/b><\/p>\n<ul>\n<li>Air-hose inkl. 5 different Adapters, portable carry bag, 230V AC charger (with european plug)<\/li>\n<li>3 integrated LED Lights<\/li>\n<li>2 USB output ports (5V, 2A) for charging phones or other gear<\/li>\n<\/ul>\n<p>&nbsp;<\/p>\n<p><b>Time to fill a 11ft Sup Board:<\/b><\/p>\n<ul>\n<li>12 PSI in approx. 3 minutes<\/li>\n<li>16 PSI in approx. 4 minutes<\/li>\n<li>20 PSI in approx. 5 minutes<\/li>\n<li>25 PSI in approx. 6 minutes<\/li>\n<\/ul>\n<p>&nbsp;<\/p>\n<p>It takes approx. 10 minutes to inflate a Yachtbeach 4.10 platform, you can charge up to 3pcs Yachtbeach 4.10 platforms with 1 battery.<\/p>\n","protected":false},"excerpt":{"rendered":"<p>https:\/\/www.youtube.com\/watch?v=HUB2F7ZWGJE [&#8230;]<\/p>\n<p><a class=\"btn btn-secondary understrap-read-more-link\" href=\"https:\/\/www.waterskis.lv\/en\/product\/spinera-ds-pro-air-pump-with-integrated-battery-25-psi\/\">Read More&#8230;<\/a><\/p>\n","protected":false},"featured_media":63286,"comment_status":"closed","ping_status":"closed","template":"","meta":{"_acf_changed":false,"inline_featured_image":false},"product_brand":[1279],"product_cat":[1214],"product_tag":[3819,3820,3821,3822,1577,3823,3824,3825,3826,3827,3828,3829],"class_list":{"0":"post-63297","1":"product","2":"type-product","3":"status-publish","4":"has-post-thumbnail","6":"product_brand-spinera-watersports","7":"product_cat-pumps","8":"product_tag-inflatable-boat-pump","9":"product_tag-inflatable-towable-tube-pump","10":"product_tag-piepusamas-laivas-pumpis","11":"product_tag-piepusamo-puslu-pumpis","12":"product_tag-pumpji","13":"product_tag-pumps","14":"product_tag-sup-board-pump","15":"product_tag-sup-dela-pumpis","16":"product_tag---sup-","17":"product_tag-3827","18":"product_tag-3828","19":"product_tag-3829","21":"first","22":"instock","23":"shipping-taxable","24":"purchasable","25":"product-type-simple"},"acf":[],"yoast_head":"<!-- This site is optimized with the Yoast SEO plugin v27.4 - https:\/\/yoast.com\/product\/yoast-seo-wordpress\/ -->\n<title>Spinera DS Pro Air Pump with integrated Battery 25 PSI - WATERSKIS.LV<\/title>\n<meta name=\"description\" content=\"Spinera DS Pro Air Pump with integrated Battery 25 PSI can be used to inflate a variety of items, such as paddle boards, kayaks, towables, platforms, docks\" \/>\n<meta name=\"robots\" content=\"index, follow, max-snippet:-1, max-image-preview:large, max-video-preview:-1\" \/>\n<link rel=\"canonical\" href=\"https:\/\/www.waterskis.lv\/en\/product\/spinera-ds-pro-air-pump-with-integrated-battery-25-psi\/\" \/>\n<meta property=\"og:locale\" content=\"en_US\" \/>\n<meta property=\"og:type\" content=\"article\" \/>\n<meta property=\"og:title\" content=\"Spinera DS Pro Air Pump with integrated Battery 25 PSI - WATERSKIS.LV\" \/>\n<meta property=\"og:description\" content=\"Spinera DS Pro Air Pump with integrated Battery 25 PSI can be used to inflate a variety of items, such as paddle boards, kayaks, towables, platforms, docks\" \/>\n<meta property=\"og:url\" content=\"https:\/\/www.waterskis.lv\/en\/product\/spinera-ds-pro-air-pump-with-integrated-battery-25-psi\/\" \/>\n<meta property=\"og:site_name\" content=\"WATERSKIS.LV\" \/>\n<meta property=\"article:publisher\" content=\"https:\/\/www.facebook.com\/jurmalawaterskiwakeboardpark\/\" \/>\n<meta property=\"article:modified_time\" content=\"2026-02-07T17:27:31+00:00\" \/>\n<meta property=\"og:image\" content=\"https:\/\/www.waterskis.lv\/wp-content\/uploads\/2025\/02\/ds_pro_air_pump_with_integrated_battery__25_psi_24262_1.webp\" \/>\n\t<meta property=\"og:image:width\" content=\"1000\" \/>\n\t<meta property=\"og:image:height\" content=\"1000\" \/>\n\t<meta property=\"og:image:type\" content=\"image\/webp\" \/>\n<meta name=\"twitter:card\" content=\"summary_large_image\" \/>\n<meta name=\"twitter:label1\" content=\"Est. reading time\" \/>\n\t<meta name=\"twitter:data1\" content=\"2 minutes\" \/>\n<script type=\"application\/ld+json\" class=\"yoast-schema-graph\">{\"@context\":\"https:\\\/\\\/schema.org\",\"@graph\":[{\"@type\":\"WebPage\",\"@id\":\"https:\\\/\\\/www.waterskis.lv\\\/en\\\/product\\\/spinera-ds-pro-air-pump-with-integrated-battery-25-psi\\\/\",\"url\":\"https:\\\/\\\/www.waterskis.lv\\\/en\\\/product\\\/spinera-ds-pro-air-pump-with-integrated-battery-25-psi\\\/\",\"name\":\"Spinera DS Pro Air Pump with integrated Battery 25 PSI - WATERSKIS.LV\",\"isPartOf\":{\"@id\":\"https:\\\/\\\/www.waterskis.lv\\\/en\\\/#website\"},\"primaryImageOfPage\":{\"@id\":\"https:\\\/\\\/www.waterskis.lv\\\/en\\\/product\\\/spinera-ds-pro-air-pump-with-integrated-battery-25-psi\\\/#primaryimage\"},\"image\":{\"@id\":\"https:\\\/\\\/www.waterskis.lv\\\/en\\\/product\\\/spinera-ds-pro-air-pump-with-integrated-battery-25-psi\\\/#primaryimage\"},\"thumbnailUrl\":\"https:\\\/\\\/www.waterskis.lv\\\/wp-content\\\/uploads\\\/2025\\\/02\\\/ds_pro_air_pump_with_integrated_battery__25_psi_24262_1.webp\",\"datePublished\":\"2025-02-15T09:55:33+00:00\",\"dateModified\":\"2026-02-07T17:27:31+00:00\",\"description\":\"Spinera DS Pro Air Pump with integrated Battery 25 PSI can be used to inflate a variety of items, such as paddle boards, kayaks, towables, platforms, docks\",\"breadcrumb\":{\"@id\":\"https:\\\/\\\/www.waterskis.lv\\\/en\\\/product\\\/spinera-ds-pro-air-pump-with-integrated-battery-25-psi\\\/#breadcrumb\"},\"inLanguage\":\"en-US\",\"potentialAction\":[{\"@type\":\"ReadAction\",\"target\":[\"https:\\\/\\\/www.waterskis.lv\\\/en\\\/product\\\/spinera-ds-pro-air-pump-with-integrated-battery-25-psi\\\/\"]}]},{\"@type\":\"ImageObject\",\"inLanguage\":\"en-US\",\"@id\":\"https:\\\/\\\/www.waterskis.lv\\\/en\\\/product\\\/spinera-ds-pro-air-pump-with-integrated-battery-25-psi\\\/#primaryimage\",\"url\":\"https:\\\/\\\/www.waterskis.lv\\\/wp-content\\\/uploads\\\/2025\\\/02\\\/ds_pro_air_pump_with_integrated_battery__25_psi_24262_1.webp\",\"contentUrl\":\"https:\\\/\\\/www.waterskis.lv\\\/wp-content\\\/uploads\\\/2025\\\/02\\\/ds_pro_air_pump_with_integrated_battery__25_psi_24262_1.webp\",\"width\":1000,\"height\":1000,\"caption\":\"Spinera DS Pro gaisa s\u016bknis ar integr\u0113tu akumulatoru 25 PSI\"},{\"@type\":\"BreadcrumbList\",\"@id\":\"https:\\\/\\\/www.waterskis.lv\\\/en\\\/product\\\/spinera-ds-pro-air-pump-with-integrated-battery-25-psi\\\/#breadcrumb\",\"itemListElement\":[{\"@type\":\"ListItem\",\"position\":1,\"name\":\"Home\",\"item\":\"https:\\\/\\\/www.waterskis.lv\\\/en\\\/\"},{\"@type\":\"ListItem\",\"position\":2,\"name\":\"Shop\",\"item\":\"https:\\\/\\\/waterskis.lv\\\/en\\\/shop\\\/\"},{\"@type\":\"ListItem\",\"position\":3,\"name\":\"Spinera DS Pro Air Pump with integrated Battery 25 PSI\"}]},{\"@type\":\"WebSite\",\"@id\":\"https:\\\/\\\/www.waterskis.lv\\\/en\\\/#website\",\"url\":\"https:\\\/\\\/www.waterskis.lv\\\/en\\\/\",\"name\":\"WATERSKIS.LV\",\"description\":\"SUP d\u0113\u013ci, kajaki, kanoe, airu laivas, \u016bdenssl\u0113po\u0161ana, veikbords, SUP d\u0113\u013cu noma, kajaku nomaakt\u012bv\u0101s atp\u016btas centrs, laivu noma, sup noma, kajaku noma\",\"publisher\":{\"@id\":\"https:\\\/\\\/www.waterskis.lv\\\/en\\\/#organization\"},\"potentialAction\":[{\"@type\":\"SearchAction\",\"target\":{\"@type\":\"EntryPoint\",\"urlTemplate\":\"https:\\\/\\\/www.waterskis.lv\\\/en\\\/?s={search_term_string}\"},\"query-input\":{\"@type\":\"PropertyValueSpecification\",\"valueRequired\":true,\"valueName\":\"search_term_string\"}}],\"inLanguage\":\"en-US\"},{\"@type\":\"Organization\",\"@id\":\"https:\\\/\\\/www.waterskis.lv\\\/en\\\/#organization\",\"name\":\"WATERSKIS.LV\",\"url\":\"https:\\\/\\\/www.waterskis.lv\\\/en\\\/\",\"logo\":{\"@type\":\"ImageObject\",\"inLanguage\":\"en-US\",\"@id\":\"https:\\\/\\\/www.waterskis.lv\\\/en\\\/#\\\/schema\\\/logo\\\/image\\\/\",\"url\":\"https:\\\/\\\/www.waterskis.lv\\\/wp-content\\\/uploads\\\/2025\\\/01\\\/JUVP-logo.png\",\"contentUrl\":\"https:\\\/\\\/www.waterskis.lv\\\/wp-content\\\/uploads\\\/2025\\\/01\\\/JUVP-logo.png\",\"width\":421,\"height\":202,\"caption\":\"WATERSKIS.LV\"},\"image\":{\"@id\":\"https:\\\/\\\/www.waterskis.lv\\\/en\\\/#\\\/schema\\\/logo\\\/image\\\/\"},\"sameAs\":[\"https:\\\/\\\/www.facebook.com\\\/jurmalawaterskiwakeboardpark\\\/\"]}]}<\/script>\n<!-- \/ Yoast SEO plugin. -->","yoast_head_json":{"title":"Spinera DS Pro Air Pump with integrated Battery 25 PSI - WATERSKIS.LV","description":"Spinera DS Pro Air Pump with integrated Battery 25 PSI can be used to inflate a variety of items, such as paddle boards, kayaks, towables, platforms, docks","robots":{"index":"index","follow":"follow","max-snippet":"max-snippet:-1","max-image-preview":"max-image-preview:large","max-video-preview":"max-video-preview:-1"},"canonical":"https:\/\/www.waterskis.lv\/en\/product\/spinera-ds-pro-air-pump-with-integrated-battery-25-psi\/","og_locale":"en_US","og_type":"article","og_title":"Spinera DS Pro Air Pump with integrated Battery 25 PSI - WATERSKIS.LV","og_description":"Spinera DS Pro Air Pump with integrated Battery 25 PSI can be used to inflate a variety of items, such as paddle boards, kayaks, towables, platforms, docks","og_url":"https:\/\/www.waterskis.lv\/en\/product\/spinera-ds-pro-air-pump-with-integrated-battery-25-psi\/","og_site_name":"WATERSKIS.LV","article_publisher":"https:\/\/www.facebook.com\/jurmalawaterskiwakeboardpark\/","article_modified_time":"2026-02-07T17:27:31+00:00","og_image":[{"width":1000,"height":1000,"url":"https:\/\/www.waterskis.lv\/wp-content\/uploads\/2025\/02\/ds_pro_air_pump_with_integrated_battery__25_psi_24262_1.webp","type":"image\/webp"}],"twitter_card":"summary_large_image","twitter_misc":{"Est. reading time":"2 minutes"},"schema":{"@context":"https:\/\/schema.org","@graph":[{"@type":"WebPage","@id":"https:\/\/www.waterskis.lv\/en\/product\/spinera-ds-pro-air-pump-with-integrated-battery-25-psi\/","url":"https:\/\/www.waterskis.lv\/en\/product\/spinera-ds-pro-air-pump-with-integrated-battery-25-psi\/","name":"Spinera DS Pro Air Pump with integrated Battery 25 PSI - WATERSKIS.LV","isPartOf":{"@id":"https:\/\/www.waterskis.lv\/en\/#website"},"primaryImageOfPage":{"@id":"https:\/\/www.waterskis.lv\/en\/product\/spinera-ds-pro-air-pump-with-integrated-battery-25-psi\/#primaryimage"},"image":{"@id":"https:\/\/www.waterskis.lv\/en\/product\/spinera-ds-pro-air-pump-with-integrated-battery-25-psi\/#primaryimage"},"thumbnailUrl":"https:\/\/www.waterskis.lv\/wp-content\/uploads\/2025\/02\/ds_pro_air_pump_with_integrated_battery__25_psi_24262_1.webp","datePublished":"2025-02-15T09:55:33+00:00","dateModified":"2026-02-07T17:27:31+00:00","description":"Spinera DS Pro Air Pump with integrated Battery 25 PSI can be used to inflate a variety of items, such as paddle boards, kayaks, towables, platforms, docks","breadcrumb":{"@id":"https:\/\/www.waterskis.lv\/en\/product\/spinera-ds-pro-air-pump-with-integrated-battery-25-psi\/#breadcrumb"},"inLanguage":"en-US","potentialAction":[{"@type":"ReadAction","target":["https:\/\/www.waterskis.lv\/en\/product\/spinera-ds-pro-air-pump-with-integrated-battery-25-psi\/"]}]},{"@type":"ImageObject","inLanguage":"en-US","@id":"https:\/\/www.waterskis.lv\/en\/product\/spinera-ds-pro-air-pump-with-integrated-battery-25-psi\/#primaryimage","url":"https:\/\/www.waterskis.lv\/wp-content\/uploads\/2025\/02\/ds_pro_air_pump_with_integrated_battery__25_psi_24262_1.webp","contentUrl":"https:\/\/www.waterskis.lv\/wp-content\/uploads\/2025\/02\/ds_pro_air_pump_with_integrated_battery__25_psi_24262_1.webp","width":1000,"height":1000,"caption":"Spinera DS Pro gaisa s\u016bknis ar integr\u0113tu akumulatoru 25 PSI"},{"@type":"BreadcrumbList","@id":"https:\/\/www.waterskis.lv\/en\/product\/spinera-ds-pro-air-pump-with-integrated-battery-25-psi\/#breadcrumb","itemListElement":[{"@type":"ListItem","position":1,"name":"Home","item":"https:\/\/www.waterskis.lv\/en\/"},{"@type":"ListItem","position":2,"name":"Shop","item":"https:\/\/waterskis.lv\/en\/shop\/"},{"@type":"ListItem","position":3,"name":"Spinera DS Pro Air Pump with integrated Battery 25 PSI"}]},{"@type":"WebSite","@id":"https:\/\/www.waterskis.lv\/en\/#website","url":"https:\/\/www.waterskis.lv\/en\/","name":"WATERSKIS.LV","description":"SUP d\u0113\u013ci, kajaki, kanoe, airu laivas, \u016bdenssl\u0113po\u0161ana, veikbords, SUP d\u0113\u013cu noma, kajaku nomaakt\u012bv\u0101s atp\u016btas centrs, laivu noma, sup noma, kajaku noma","publisher":{"@id":"https:\/\/www.waterskis.lv\/en\/#organization"},"potentialAction":[{"@type":"SearchAction","target":{"@type":"EntryPoint","urlTemplate":"https:\/\/www.waterskis.lv\/en\/?s={search_term_string}"},"query-input":{"@type":"PropertyValueSpecification","valueRequired":true,"valueName":"search_term_string"}}],"inLanguage":"en-US"},{"@type":"Organization","@id":"https:\/\/www.waterskis.lv\/en\/#organization","name":"WATERSKIS.LV","url":"https:\/\/www.waterskis.lv\/en\/","logo":{"@type":"ImageObject","inLanguage":"en-US","@id":"https:\/\/www.waterskis.lv\/en\/#\/schema\/logo\/image\/","url":"https:\/\/www.waterskis.lv\/wp-content\/uploads\/2025\/01\/JUVP-logo.png","contentUrl":"https:\/\/www.waterskis.lv\/wp-content\/uploads\/2025\/01\/JUVP-logo.png","width":421,"height":202,"caption":"WATERSKIS.LV"},"image":{"@id":"https:\/\/www.waterskis.lv\/en\/#\/schema\/logo\/image\/"},"sameAs":["https:\/\/www.facebook.com\/jurmalawaterskiwakeboardpark\/"]}]}},"_links":{"self":[{"href":"https:\/\/www.waterskis.lv\/en\/wp-json\/wp\/v2\/product\/63297","targetHints":{"allow":["GET"]}}],"collection":[{"href":"https:\/\/www.waterskis.lv\/en\/wp-json\/wp\/v2\/product"}],"about":[{"href":"https:\/\/www.waterskis.lv\/en\/wp-json\/wp\/v2\/types\/product"}],"replies":[{"embeddable":true,"href":"https:\/\/www.waterskis.lv\/en\/wp-json\/wp\/v2\/comments?post=63297"}],"wp:featuredmedia":[{"embeddable":true,"href":"https:\/\/www.waterskis.lv\/en\/wp-json\/wp\/v2\/media\/63286"}],"wp:attachment":[{"href":"https:\/\/www.waterskis.lv\/en\/wp-json\/wp\/v2\/media?parent=63297"}],"wp:term":[{"taxonomy":"product_brand","embeddable":true,"href":"https:\/\/www.waterskis.lv\/en\/wp-json\/wp\/v2\/product_brand?post=63297"},{"taxonomy":"product_cat","embeddable":true,"href":"https:\/\/www.waterskis.lv\/en\/wp-json\/wp\/v2\/product_cat?post=63297"},{"taxonomy":"product_tag","embeddable":true,"href":"https:\/\/www.waterskis.lv\/en\/wp-json\/wp\/v2\/product_tag?post=63297"}],"curies":[{"name":"wp","href":"https:\/\/api.w.org\/{rel}","templated":true}]}}