{"id":63310,"date":"2025-02-15T12:06:20","date_gmt":"2025-02-15T10:06:20","guid":{"rendered":"https:\/\/www.waterskis.lv\/product\/spinera-12v-laivosanas-un-kempinga-pumpis-0-58-psi\/"},"modified":"2026-02-07T19:26:07","modified_gmt":"2026-02-07T17:26:07","slug":"spinera-12v-boating-and-camping-pump-0-58-psi","status":"publish","type":"product","link":"https:\/\/www.waterskis.lv\/en\/product\/spinera-12v-boating-and-camping-pump-0-58-psi\/","title":{"rendered":"Spinera 12V Boating and Camping Pump 0.58 PSI"},"content":{"rendered":"<h1>Spinera 12V Boating and Camping Pump 0.58 PSI<\/h1>\n<p>Spinera 12V Boating and Camping Pump 0.58 PSI<\/p>\n<p>&nbsp;<\/p>\n<p>Ideal for Towables and other small or mid size Inflatable Products.<\/p>\n<p>&nbsp;<\/p>\n<p><b>Details:<\/b><\/p>\n<ul>\n<li>Pressure up to 0,58psi (= 0,04bar) ,<\/li>\n<li>420 L \/ min Airflow, 80Watt, DC12V,<\/li>\n<li>Size 9,5&#215;7,7x13cm<\/li>\n<li>Incl. 12V cigarette lighter plug<\/li>\n<\/ul>\n<p>&nbsp;<\/p>\n<ul>\n<li>Material: ABS Black color<\/li>\n<li>voltage: USB cable<\/li>\n<li>Battery Built-in NI-MH battery 1300mA<\/li>\n<li>Pressure: 0.45PSI<\/li>\n<li>airflow: Average240L\/Min<\/li>\n<li>Size: Product : 11*9*9.8cm<\/li>\n<li>Weight N.W:3.6Kg<\/li>\n<li>Accessories: Three universal nozzle, USB cable, AC adapter and DC adapter.<\/li>\n<li>Function Outdoor Inflate and deflate for air bed ,toys ,air sofa air pool, swimming etc..<\/li>\n<\/ul>\n","protected":false},"excerpt":{"rendered":"<p>https:\/\/www.youtube.com\/watch?v=HUB2F7ZWGJE [&#8230;]<\/p>\n<p><a class=\"btn btn-secondary understrap-read-more-link\" href=\"https:\/\/www.waterskis.lv\/en\/product\/spinera-12v-boating-and-camping-pump-0-58-psi\/\">Read More&#8230;<\/a><\/p>\n","protected":false},"featured_media":63308,"comment_status":"closed","ping_status":"closed","template":"","meta":{"_acf_changed":false,"inline_featured_image":false},"product_brand":[1279],"product_cat":[1214],"product_tag":[3819,3820,3821,3822,1577,3823,3824,3825,3826,3827,3828,3829],"class_list":{"0":"post-63310","1":"product","2":"type-product","3":"status-publish","4":"has-post-thumbnail","6":"product_brand-spinera-watersports","7":"product_cat-pumps","8":"product_tag-inflatable-boat-pump","9":"product_tag-inflatable-towable-tube-pump","10":"product_tag-piepusamas-laivas-pumpis","11":"product_tag-piepusamo-puslu-pumpis","12":"product_tag-pumpji","13":"product_tag-pumps","14":"product_tag-sup-board-pump","15":"product_tag-sup-dela-pumpis","16":"product_tag---sup-","17":"product_tag-3827","18":"product_tag-3828","19":"product_tag-3829","21":"first","22":"instock","23":"shipping-taxable","24":"purchasable","25":"product-type-simple"},"acf":[],"yoast_head":"<!-- This site is optimized with the Yoast SEO plugin v27.4 - https:\/\/yoast.com\/product\/yoast-seo-wordpress\/ -->\n<title>Spinera 12V Boating and Camping Pump 0.58 PSI - WATERSKIS.LV<\/title>\n<meta name=\"description\" content=\"Spinera 12V Boating and Camping Pump 0.58 PSI Ideal for Towables and other small or mid size Inflatable Products air bed ,toys ,air sofa air pool, swimming\" \/>\n<meta name=\"robots\" content=\"index, follow, max-snippet:-1, max-image-preview:large, max-video-preview:-1\" \/>\n<link rel=\"canonical\" href=\"https:\/\/www.waterskis.lv\/en\/product\/spinera-12v-boating-and-camping-pump-0-58-psi\/\" \/>\n<meta property=\"og:locale\" content=\"en_US\" \/>\n<meta property=\"og:type\" content=\"article\" \/>\n<meta property=\"og:title\" content=\"Spinera 12V Boating and Camping Pump 0.58 PSI - WATERSKIS.LV\" \/>\n<meta property=\"og:description\" content=\"Spinera 12V Boating and Camping Pump 0.58 PSI Ideal for Towables and other small or mid size Inflatable Products air bed ,toys ,air sofa air pool, swimming\" \/>\n<meta property=\"og:url\" content=\"https:\/\/www.waterskis.lv\/en\/product\/spinera-12v-boating-and-camping-pump-0-58-psi\/\" \/>\n<meta property=\"og:site_name\" content=\"WATERSKIS.LV\" \/>\n<meta property=\"article:publisher\" content=\"https:\/\/www.facebook.com\/jurmalawaterskiwakeboardpark\/\" \/>\n<meta property=\"article:modified_time\" content=\"2026-02-07T17:26:07+00:00\" \/>\n<meta property=\"og:image\" content=\"https:\/\/www.waterskis.lv\/wp-content\/uploads\/2025\/02\/12v_boating_and_camping_pump__0_58_psi_19432_1.webp\" \/>\n\t<meta property=\"og:image:width\" content=\"2000\" \/>\n\t<meta property=\"og:image:height\" content=\"2000\" \/>\n\t<meta property=\"og:image:type\" content=\"image\/webp\" \/>\n<meta name=\"twitter:card\" content=\"summary_large_image\" \/>\n<meta name=\"twitter:label1\" content=\"Est. reading time\" \/>\n\t<meta name=\"twitter:data1\" content=\"1 minute\" \/>\n<script type=\"application\/ld+json\" class=\"yoast-schema-graph\">{\"@context\":\"https:\\\/\\\/schema.org\",\"@graph\":[{\"@type\":\"WebPage\",\"@id\":\"https:\\\/\\\/www.waterskis.lv\\\/en\\\/product\\\/spinera-12v-boating-and-camping-pump-0-58-psi\\\/\",\"url\":\"https:\\\/\\\/www.waterskis.lv\\\/en\\\/product\\\/spinera-12v-boating-and-camping-pump-0-58-psi\\\/\",\"name\":\"Spinera 12V Boating and Camping Pump 0.58 PSI - WATERSKIS.LV\",\"isPartOf\":{\"@id\":\"https:\\\/\\\/www.waterskis.lv\\\/en\\\/#website\"},\"primaryImageOfPage\":{\"@id\":\"https:\\\/\\\/www.waterskis.lv\\\/en\\\/product\\\/spinera-12v-boating-and-camping-pump-0-58-psi\\\/#primaryimage\"},\"image\":{\"@id\":\"https:\\\/\\\/www.waterskis.lv\\\/en\\\/product\\\/spinera-12v-boating-and-camping-pump-0-58-psi\\\/#primaryimage\"},\"thumbnailUrl\":\"https:\\\/\\\/www.waterskis.lv\\\/wp-content\\\/uploads\\\/2025\\\/02\\\/12v_boating_and_camping_pump__0_58_psi_19432_1.webp\",\"datePublished\":\"2025-02-15T10:06:20+00:00\",\"dateModified\":\"2026-02-07T17:26:07+00:00\",\"description\":\"Spinera 12V Boating and Camping Pump 0.58 PSI Ideal for Towables and other small or mid size Inflatable Products air bed ,toys ,air sofa air pool, swimming\",\"breadcrumb\":{\"@id\":\"https:\\\/\\\/www.waterskis.lv\\\/en\\\/product\\\/spinera-12v-boating-and-camping-pump-0-58-psi\\\/#breadcrumb\"},\"inLanguage\":\"en-US\",\"potentialAction\":[{\"@type\":\"ReadAction\",\"target\":[\"https:\\\/\\\/www.waterskis.lv\\\/en\\\/product\\\/spinera-12v-boating-and-camping-pump-0-58-psi\\\/\"]}]},{\"@type\":\"ImageObject\",\"inLanguage\":\"en-US\",\"@id\":\"https:\\\/\\\/www.waterskis.lv\\\/en\\\/product\\\/spinera-12v-boating-and-camping-pump-0-58-psi\\\/#primaryimage\",\"url\":\"https:\\\/\\\/www.waterskis.lv\\\/wp-content\\\/uploads\\\/2025\\\/02\\\/12v_boating_and_camping_pump__0_58_psi_19432_1.webp\",\"contentUrl\":\"https:\\\/\\\/www.waterskis.lv\\\/wp-content\\\/uploads\\\/2025\\\/02\\\/12v_boating_and_camping_pump__0_58_psi_19432_1.webp\",\"width\":2000,\"height\":2000,\"caption\":\"Spinera 12V laivo\u0161anas un kempinga pumpis 0.58 PSI\"},{\"@type\":\"BreadcrumbList\",\"@id\":\"https:\\\/\\\/www.waterskis.lv\\\/en\\\/product\\\/spinera-12v-boating-and-camping-pump-0-58-psi\\\/#breadcrumb\",\"itemListElement\":[{\"@type\":\"ListItem\",\"position\":1,\"name\":\"Home\",\"item\":\"https:\\\/\\\/www.waterskis.lv\\\/en\\\/\"},{\"@type\":\"ListItem\",\"position\":2,\"name\":\"Shop\",\"item\":\"https:\\\/\\\/waterskis.lv\\\/en\\\/shop\\\/\"},{\"@type\":\"ListItem\",\"position\":3,\"name\":\"Spinera 12V Boating and Camping Pump 0.58 PSI\"}]},{\"@type\":\"WebSite\",\"@id\":\"https:\\\/\\\/www.waterskis.lv\\\/en\\\/#website\",\"url\":\"https:\\\/\\\/www.waterskis.lv\\\/en\\\/\",\"name\":\"WATERSKIS.LV\",\"description\":\"SUP d\u0113\u013ci, kajaki, kanoe, airu laivas, \u016bdenssl\u0113po\u0161ana, veikbords, SUP d\u0113\u013cu noma, kajaku nomaakt\u012bv\u0101s atp\u016btas centrs, laivu noma, sup noma, kajaku noma\",\"publisher\":{\"@id\":\"https:\\\/\\\/www.waterskis.lv\\\/en\\\/#organization\"},\"potentialAction\":[{\"@type\":\"SearchAction\",\"target\":{\"@type\":\"EntryPoint\",\"urlTemplate\":\"https:\\\/\\\/www.waterskis.lv\\\/en\\\/?s={search_term_string}\"},\"query-input\":{\"@type\":\"PropertyValueSpecification\",\"valueRequired\":true,\"valueName\":\"search_term_string\"}}],\"inLanguage\":\"en-US\"},{\"@type\":\"Organization\",\"@id\":\"https:\\\/\\\/www.waterskis.lv\\\/en\\\/#organization\",\"name\":\"WATERSKIS.LV\",\"url\":\"https:\\\/\\\/www.waterskis.lv\\\/en\\\/\",\"logo\":{\"@type\":\"ImageObject\",\"inLanguage\":\"en-US\",\"@id\":\"https:\\\/\\\/www.waterskis.lv\\\/en\\\/#\\\/schema\\\/logo\\\/image\\\/\",\"url\":\"https:\\\/\\\/www.waterskis.lv\\\/wp-content\\\/uploads\\\/2025\\\/01\\\/JUVP-logo.png\",\"contentUrl\":\"https:\\\/\\\/www.waterskis.lv\\\/wp-content\\\/uploads\\\/2025\\\/01\\\/JUVP-logo.png\",\"width\":421,\"height\":202,\"caption\":\"WATERSKIS.LV\"},\"image\":{\"@id\":\"https:\\\/\\\/www.waterskis.lv\\\/en\\\/#\\\/schema\\\/logo\\\/image\\\/\"},\"sameAs\":[\"https:\\\/\\\/www.facebook.com\\\/jurmalawaterskiwakeboardpark\\\/\"]}]}<\/script>\n<!-- \/ Yoast SEO plugin. -->","yoast_head_json":{"title":"Spinera 12V Boating and Camping Pump 0.58 PSI - WATERSKIS.LV","description":"Spinera 12V Boating and Camping Pump 0.58 PSI Ideal for Towables and other small or mid size Inflatable Products air bed ,toys ,air sofa air pool, swimming","robots":{"index":"index","follow":"follow","max-snippet":"max-snippet:-1","max-image-preview":"max-image-preview:large","max-video-preview":"max-video-preview:-1"},"canonical":"https:\/\/www.waterskis.lv\/en\/product\/spinera-12v-boating-and-camping-pump-0-58-psi\/","og_locale":"en_US","og_type":"article","og_title":"Spinera 12V Boating and Camping Pump 0.58 PSI - WATERSKIS.LV","og_description":"Spinera 12V Boating and Camping Pump 0.58 PSI Ideal for Towables and other small or mid size Inflatable Products air bed ,toys ,air sofa air pool, swimming","og_url":"https:\/\/www.waterskis.lv\/en\/product\/spinera-12v-boating-and-camping-pump-0-58-psi\/","og_site_name":"WATERSKIS.LV","article_publisher":"https:\/\/www.facebook.com\/jurmalawaterskiwakeboardpark\/","article_modified_time":"2026-02-07T17:26:07+00:00","og_image":[{"width":2000,"height":2000,"url":"https:\/\/www.waterskis.lv\/wp-content\/uploads\/2025\/02\/12v_boating_and_camping_pump__0_58_psi_19432_1.webp","type":"image\/webp"}],"twitter_card":"summary_large_image","twitter_misc":{"Est. reading time":"1 minute"},"schema":{"@context":"https:\/\/schema.org","@graph":[{"@type":"WebPage","@id":"https:\/\/www.waterskis.lv\/en\/product\/spinera-12v-boating-and-camping-pump-0-58-psi\/","url":"https:\/\/www.waterskis.lv\/en\/product\/spinera-12v-boating-and-camping-pump-0-58-psi\/","name":"Spinera 12V Boating and Camping Pump 0.58 PSI - WATERSKIS.LV","isPartOf":{"@id":"https:\/\/www.waterskis.lv\/en\/#website"},"primaryImageOfPage":{"@id":"https:\/\/www.waterskis.lv\/en\/product\/spinera-12v-boating-and-camping-pump-0-58-psi\/#primaryimage"},"image":{"@id":"https:\/\/www.waterskis.lv\/en\/product\/spinera-12v-boating-and-camping-pump-0-58-psi\/#primaryimage"},"thumbnailUrl":"https:\/\/www.waterskis.lv\/wp-content\/uploads\/2025\/02\/12v_boating_and_camping_pump__0_58_psi_19432_1.webp","datePublished":"2025-02-15T10:06:20+00:00","dateModified":"2026-02-07T17:26:07+00:00","description":"Spinera 12V Boating and Camping Pump 0.58 PSI Ideal for Towables and other small or mid size Inflatable Products air bed ,toys ,air sofa air pool, swimming","breadcrumb":{"@id":"https:\/\/www.waterskis.lv\/en\/product\/spinera-12v-boating-and-camping-pump-0-58-psi\/#breadcrumb"},"inLanguage":"en-US","potentialAction":[{"@type":"ReadAction","target":["https:\/\/www.waterskis.lv\/en\/product\/spinera-12v-boating-and-camping-pump-0-58-psi\/"]}]},{"@type":"ImageObject","inLanguage":"en-US","@id":"https:\/\/www.waterskis.lv\/en\/product\/spinera-12v-boating-and-camping-pump-0-58-psi\/#primaryimage","url":"https:\/\/www.waterskis.lv\/wp-content\/uploads\/2025\/02\/12v_boating_and_camping_pump__0_58_psi_19432_1.webp","contentUrl":"https:\/\/www.waterskis.lv\/wp-content\/uploads\/2025\/02\/12v_boating_and_camping_pump__0_58_psi_19432_1.webp","width":2000,"height":2000,"caption":"Spinera 12V laivo\u0161anas un kempinga pumpis 0.58 PSI"},{"@type":"BreadcrumbList","@id":"https:\/\/www.waterskis.lv\/en\/product\/spinera-12v-boating-and-camping-pump-0-58-psi\/#breadcrumb","itemListElement":[{"@type":"ListItem","position":1,"name":"Home","item":"https:\/\/www.waterskis.lv\/en\/"},{"@type":"ListItem","position":2,"name":"Shop","item":"https:\/\/waterskis.lv\/en\/shop\/"},{"@type":"ListItem","position":3,"name":"Spinera 12V Boating and Camping Pump 0.58 PSI"}]},{"@type":"WebSite","@id":"https:\/\/www.waterskis.lv\/en\/#website","url":"https:\/\/www.waterskis.lv\/en\/","name":"WATERSKIS.LV","description":"SUP d\u0113\u013ci, kajaki, kanoe, airu laivas, \u016bdenssl\u0113po\u0161ana, veikbords, SUP d\u0113\u013cu noma, kajaku nomaakt\u012bv\u0101s atp\u016btas centrs, laivu noma, sup noma, kajaku noma","publisher":{"@id":"https:\/\/www.waterskis.lv\/en\/#organization"},"potentialAction":[{"@type":"SearchAction","target":{"@type":"EntryPoint","urlTemplate":"https:\/\/www.waterskis.lv\/en\/?s={search_term_string}"},"query-input":{"@type":"PropertyValueSpecification","valueRequired":true,"valueName":"search_term_string"}}],"inLanguage":"en-US"},{"@type":"Organization","@id":"https:\/\/www.waterskis.lv\/en\/#organization","name":"WATERSKIS.LV","url":"https:\/\/www.waterskis.lv\/en\/","logo":{"@type":"ImageObject","inLanguage":"en-US","@id":"https:\/\/www.waterskis.lv\/en\/#\/schema\/logo\/image\/","url":"https:\/\/www.waterskis.lv\/wp-content\/uploads\/2025\/01\/JUVP-logo.png","contentUrl":"https:\/\/www.waterskis.lv\/wp-content\/uploads\/2025\/01\/JUVP-logo.png","width":421,"height":202,"caption":"WATERSKIS.LV"},"image":{"@id":"https:\/\/www.waterskis.lv\/en\/#\/schema\/logo\/image\/"},"sameAs":["https:\/\/www.facebook.com\/jurmalawaterskiwakeboardpark\/"]}]}},"_links":{"self":[{"href":"https:\/\/www.waterskis.lv\/en\/wp-json\/wp\/v2\/product\/63310","targetHints":{"allow":["GET"]}}],"collection":[{"href":"https:\/\/www.waterskis.lv\/en\/wp-json\/wp\/v2\/product"}],"about":[{"href":"https:\/\/www.waterskis.lv\/en\/wp-json\/wp\/v2\/types\/product"}],"replies":[{"embeddable":true,"href":"https:\/\/www.waterskis.lv\/en\/wp-json\/wp\/v2\/comments?post=63310"}],"wp:featuredmedia":[{"embeddable":true,"href":"https:\/\/www.waterskis.lv\/en\/wp-json\/wp\/v2\/media\/63308"}],"wp:attachment":[{"href":"https:\/\/www.waterskis.lv\/en\/wp-json\/wp\/v2\/media?parent=63310"}],"wp:term":[{"taxonomy":"product_brand","embeddable":true,"href":"https:\/\/www.waterskis.lv\/en\/wp-json\/wp\/v2\/product_brand?post=63310"},{"taxonomy":"product_cat","embeddable":true,"href":"https:\/\/www.waterskis.lv\/en\/wp-json\/wp\/v2\/product_cat?post=63310"},{"taxonomy":"product_tag","embeddable":true,"href":"https:\/\/www.waterskis.lv\/en\/wp-json\/wp\/v2\/product_tag?post=63310"}],"curies":[{"name":"wp","href":"https:\/\/api.w.org\/{rel}","templated":true}]}}