{"id":63377,"date":"2025-02-16T07:12:32","date_gmt":"2025-02-16T05:12:32","guid":{"rendered":"https:\/\/www.waterskis.lv\/product\/bernu-neoprena-hidroterps-spinera-professional-rental-fullsuit-youth-3-2mm\/"},"modified":"2026-02-07T15:56:47","modified_gmt":"2026-02-07T13:56:47","slug":"spinera-professional-rental-fullsuit-youth-3-2mm","status":"publish","type":"product","link":"https:\/\/www.waterskis.lv\/en\/product\/spinera-professional-rental-fullsuit-youth-3-2mm\/","title":{"rendered":"Spinera Professional Rental Fullsuit Youth 3\/2mm"},"content":{"rendered":"<h1>Spinera Professional Rental Fullsuit Youth 3\/2mm<\/h1>\n<p>Spinera Professional Rental Fullsuit Youth 3\/2mm<\/p>\n<p>&nbsp;<\/p>\n<p><b>FEATURES:<\/b><\/p>\n<p>3mm neoprene in the shoulder area, side rib area and on the upper body<\/p>\n<p>2mm neoprene on arms and legs<\/p>\n<p>Wetsuit for children and teenagers<\/p>\n<p>&nbsp;<\/p>\n<p><b>Colors:<\/b><\/p>\n<ul>\n<li>XS=Black\/Green<\/li>\n<li>S=Black\/Yellow<\/li>\n<li>M=Black\/Red<\/li>\n<li>L=Black\/Blue<\/li>\n<li>XL=Black\/Grey<\/li>\n<\/ul>\n<p>&nbsp;<\/p>\n<p>Individual color code per size &#8211; ICA Code (International Cableways Association)<\/p>\n<p>&nbsp;<\/p>\n<p><b>Size Chart:<\/b><\/p>\n<p>Size\u00a0\u00a0\u00a0\u00a0\u00a0\u00a0\u00a0\u00a0\u00a0\u00a0\u00a0\u00a0\u00a0\u00a0\u00a0\u00a0\u00a0\u00a0\u00a0<b>\u00a0\u00a0XS\u00a0\u00a0\u00a0\u00a0\u00a0\u00a0\u00a0\u00a0\u00a0\u00a0\u00a0\u00a0\u00a0\u00a0S\u00a0\u00a0\u00a0\u00a0\u00a0\u00a0\u00a0\u00a0\u00a0\u00a0\u00a0\u00a0\u00a0\u00a0\u00a0\u00a0\u00a0\u00a0\u00a0\u00a0\u00a0\u00a0M\u00a0\u00a0\u00a0\u00a0\u00a0\u00a0\u00a0\u00a0\u00a0\u00a0\u00a0\u00a0\u00a0\u00a0\u00a0\u00a0\u00a0\u00a0 L\u00a0\u00a0\u00a0\u00a0\u00a0\u00a0\u00a0\u00a0 XL<\/b><\/p>\n<p>Age (Y.)\u00a0\u00a0\u00a0\u00a0\u00a0\u00a0\u00a0\u00a0\u00a0\u00a0\u00a0\u00a0\u00a0\u00a0 5-6\u00a0\u00a0\u00a0\u00a0\u00a0\u00a0\u00a0\u00a0\u00a0\u00a0\u00a0\u00a0 7-8\u00a0\u00a0\u00a0\u00a0\u00a0\u00a0\u00a0\u00a0\u00a0\u00a0\u00a0\u00a0\u00a0\u00a0\u00a0\u00a0\u00a0\u00a09-10\u00a0\u00a0\u00a0\u00a0\u00a0\u00a0\u00a0\u00a0\u00a0\u00a0\u00a0\u00a0\u00a0\u00a011\u00a0\u00a0\u00a0\u00a0\u00a0\u00a0 12-13<\/p>\n<p>Length (cm)\u00a0\u00a0\u00a0\u00a0\u00a0\u00a0110-116\u00a0\u00a0\u00a0\u00a0 122-128\u00a0\u00a0\u00a0\u00a0\u00a0\u00a0\u00a0\u00a0134-140\u00a0\u00a0\u00a0\u00a0\u00a0\u00a0 146\u00a0\u00a0\u00a0\u00a0152-158<\/p>\n","protected":false},"excerpt":{"rendered":"<p>https:\/\/www.youtube.com\/watch?v=HUB2F7ZWGJE [&#8230;]<\/p>\n<p><a class=\"btn btn-secondary understrap-read-more-link\" href=\"https:\/\/www.waterskis.lv\/en\/product\/spinera-professional-rental-fullsuit-youth-3-2mm\/\">Read More&#8230;<\/a><\/p>\n","protected":false},"featured_media":63372,"comment_status":"closed","ping_status":"closed","template":"","meta":{"_acf_changed":false,"inline_featured_image":false},"product_brand":[2677],"product_cat":[736,737,1226,1274],"product_tag":[1658,1661,1672,3686,3689,3553,3688,3687],"class_list":{"0":"post-63377","1":"product","2":"type-product","3":"status-publish","4":"has-post-thumbnail","6":"product_brand-spinera-professional","7":"product_cat-apparel-wetsuits","8":"product_cat-neoprene-apparel","9":"product_cat-spinera-professional-en","10":"product_cat-spinera-rental-waterwear","11":"product_tag-hidroterps","12":"product_tag-neoprena-hidroterps","13":"product_tag-neoprene-wetsuit","14":"product_tag-spinera-neoprena-hidroterps","15":"product_tag-spinera-neoprene-wetsuit","16":"product_tag-spinera-watersports","17":"product_tag-3688","18":"product_tag----spinera","20":"first","21":"instock","22":"shipping-taxable","23":"purchasable","24":"product-type-simple"},"acf":[],"yoast_head":"<!-- This site is optimized with the Yoast SEO plugin v27.4 - https:\/\/yoast.com\/product\/yoast-seo-wordpress\/ -->\n<title>Spinera Professional Rental Fullsuit Youth 3\/2mm - WATERSKIS.LV<\/title>\n<meta name=\"description\" content=\"Spinera Professional Rental Fullsuit Youth 3\/2mm. Wetsuit for children and teenagers. 3mm neoprene in the shoulder, side rib, upper body, 2mm arms and legs\" \/>\n<meta name=\"robots\" content=\"index, follow, max-snippet:-1, max-image-preview:large, max-video-preview:-1\" \/>\n<link rel=\"canonical\" href=\"https:\/\/www.waterskis.lv\/en\/product\/spinera-professional-rental-fullsuit-youth-3-2mm\/\" \/>\n<meta property=\"og:locale\" content=\"en_US\" \/>\n<meta property=\"og:type\" content=\"article\" \/>\n<meta property=\"og:title\" content=\"Spinera Professional Rental Fullsuit Youth 3\/2mm - WATERSKIS.LV\" \/>\n<meta property=\"og:description\" content=\"Spinera Professional Rental Fullsuit Youth 3\/2mm. Wetsuit for children and teenagers. 3mm neoprene in the shoulder, side rib, upper body, 2mm arms and legs\" \/>\n<meta property=\"og:url\" content=\"https:\/\/www.waterskis.lv\/en\/product\/spinera-professional-rental-fullsuit-youth-3-2mm\/\" \/>\n<meta property=\"og:site_name\" content=\"WATERSKIS.LV\" \/>\n<meta property=\"article:publisher\" content=\"https:\/\/www.facebook.com\/jurmalawaterskiwakeboardpark\/\" \/>\n<meta property=\"article:modified_time\" content=\"2026-02-07T13:56:47+00:00\" \/>\n<meta property=\"og:image\" content=\"https:\/\/www.waterskis.lv\/wp-content\/uploads\/2025\/02\/prof_rental_fullsuit_youth_3_2mm_19453P_1.webp\" \/>\n\t<meta property=\"og:image:width\" content=\"2000\" \/>\n\t<meta property=\"og:image:height\" content=\"2000\" \/>\n\t<meta property=\"og:image:type\" content=\"image\/webp\" \/>\n<meta name=\"twitter:card\" content=\"summary_large_image\" \/>\n<meta name=\"twitter:label1\" content=\"Est. reading time\" \/>\n\t<meta name=\"twitter:data1\" content=\"1 minute\" \/>\n<script type=\"application\/ld+json\" class=\"yoast-schema-graph\">{\"@context\":\"https:\\\/\\\/schema.org\",\"@graph\":[{\"@type\":\"WebPage\",\"@id\":\"https:\\\/\\\/www.waterskis.lv\\\/en\\\/product\\\/spinera-professional-rental-fullsuit-youth-3-2mm\\\/\",\"url\":\"https:\\\/\\\/www.waterskis.lv\\\/en\\\/product\\\/spinera-professional-rental-fullsuit-youth-3-2mm\\\/\",\"name\":\"Spinera Professional Rental Fullsuit Youth 3\\\/2mm - WATERSKIS.LV\",\"isPartOf\":{\"@id\":\"https:\\\/\\\/www.waterskis.lv\\\/en\\\/#website\"},\"primaryImageOfPage\":{\"@id\":\"https:\\\/\\\/www.waterskis.lv\\\/en\\\/product\\\/spinera-professional-rental-fullsuit-youth-3-2mm\\\/#primaryimage\"},\"image\":{\"@id\":\"https:\\\/\\\/www.waterskis.lv\\\/en\\\/product\\\/spinera-professional-rental-fullsuit-youth-3-2mm\\\/#primaryimage\"},\"thumbnailUrl\":\"https:\\\/\\\/www.waterskis.lv\\\/wp-content\\\/uploads\\\/2025\\\/02\\\/prof_rental_fullsuit_youth_3_2mm_19453P_1.webp\",\"datePublished\":\"2025-02-16T05:12:32+00:00\",\"dateModified\":\"2026-02-07T13:56:47+00:00\",\"description\":\"Spinera Professional Rental Fullsuit Youth 3\\\/2mm. Wetsuit for children and teenagers. 3mm neoprene in the shoulder, side rib, upper body, 2mm arms and legs\",\"breadcrumb\":{\"@id\":\"https:\\\/\\\/www.waterskis.lv\\\/en\\\/product\\\/spinera-professional-rental-fullsuit-youth-3-2mm\\\/#breadcrumb\"},\"inLanguage\":\"en-US\",\"potentialAction\":[{\"@type\":\"ReadAction\",\"target\":[\"https:\\\/\\\/www.waterskis.lv\\\/en\\\/product\\\/spinera-professional-rental-fullsuit-youth-3-2mm\\\/\"]}]},{\"@type\":\"ImageObject\",\"inLanguage\":\"en-US\",\"@id\":\"https:\\\/\\\/www.waterskis.lv\\\/en\\\/product\\\/spinera-professional-rental-fullsuit-youth-3-2mm\\\/#primaryimage\",\"url\":\"https:\\\/\\\/www.waterskis.lv\\\/wp-content\\\/uploads\\\/2025\\\/02\\\/prof_rental_fullsuit_youth_3_2mm_19453P_1.webp\",\"contentUrl\":\"https:\\\/\\\/www.waterskis.lv\\\/wp-content\\\/uploads\\\/2025\\\/02\\\/prof_rental_fullsuit_youth_3_2mm_19453P_1.webp\",\"width\":2000,\"height\":2000,\"caption\":\"B\u0113rnu neopr\u0113na hidrot\u0113rps Spinera Professional Rental Fullsuit Youth 3\\\/2mm\"},{\"@type\":\"BreadcrumbList\",\"@id\":\"https:\\\/\\\/www.waterskis.lv\\\/en\\\/product\\\/spinera-professional-rental-fullsuit-youth-3-2mm\\\/#breadcrumb\",\"itemListElement\":[{\"@type\":\"ListItem\",\"position\":1,\"name\":\"Home\",\"item\":\"https:\\\/\\\/www.waterskis.lv\\\/en\\\/\"},{\"@type\":\"ListItem\",\"position\":2,\"name\":\"Shop\",\"item\":\"https:\\\/\\\/waterskis.lv\\\/en\\\/shop\\\/\"},{\"@type\":\"ListItem\",\"position\":3,\"name\":\"Spinera Professional Rental Fullsuit Youth 3\\\/2mm\"}]},{\"@type\":\"WebSite\",\"@id\":\"https:\\\/\\\/www.waterskis.lv\\\/en\\\/#website\",\"url\":\"https:\\\/\\\/www.waterskis.lv\\\/en\\\/\",\"name\":\"WATERSKIS.LV\",\"description\":\"SUP d\u0113\u013ci, kajaki, kanoe, airu laivas, \u016bdenssl\u0113po\u0161ana, veikbords, SUP d\u0113\u013cu noma, kajaku nomaakt\u012bv\u0101s atp\u016btas centrs, laivu noma, sup noma, kajaku noma\",\"publisher\":{\"@id\":\"https:\\\/\\\/www.waterskis.lv\\\/en\\\/#organization\"},\"potentialAction\":[{\"@type\":\"SearchAction\",\"target\":{\"@type\":\"EntryPoint\",\"urlTemplate\":\"https:\\\/\\\/www.waterskis.lv\\\/en\\\/?s={search_term_string}\"},\"query-input\":{\"@type\":\"PropertyValueSpecification\",\"valueRequired\":true,\"valueName\":\"search_term_string\"}}],\"inLanguage\":\"en-US\"},{\"@type\":\"Organization\",\"@id\":\"https:\\\/\\\/www.waterskis.lv\\\/en\\\/#organization\",\"name\":\"WATERSKIS.LV\",\"url\":\"https:\\\/\\\/www.waterskis.lv\\\/en\\\/\",\"logo\":{\"@type\":\"ImageObject\",\"inLanguage\":\"en-US\",\"@id\":\"https:\\\/\\\/www.waterskis.lv\\\/en\\\/#\\\/schema\\\/logo\\\/image\\\/\",\"url\":\"https:\\\/\\\/www.waterskis.lv\\\/wp-content\\\/uploads\\\/2025\\\/01\\\/JUVP-logo.png\",\"contentUrl\":\"https:\\\/\\\/www.waterskis.lv\\\/wp-content\\\/uploads\\\/2025\\\/01\\\/JUVP-logo.png\",\"width\":421,\"height\":202,\"caption\":\"WATERSKIS.LV\"},\"image\":{\"@id\":\"https:\\\/\\\/www.waterskis.lv\\\/en\\\/#\\\/schema\\\/logo\\\/image\\\/\"},\"sameAs\":[\"https:\\\/\\\/www.facebook.com\\\/jurmalawaterskiwakeboardpark\\\/\"]}]}<\/script>\n<!-- \/ Yoast SEO plugin. -->","yoast_head_json":{"title":"Spinera Professional Rental Fullsuit Youth 3\/2mm - WATERSKIS.LV","description":"Spinera Professional Rental Fullsuit Youth 3\/2mm. Wetsuit for children and teenagers. 3mm neoprene in the shoulder, side rib, upper body, 2mm arms and legs","robots":{"index":"index","follow":"follow","max-snippet":"max-snippet:-1","max-image-preview":"max-image-preview:large","max-video-preview":"max-video-preview:-1"},"canonical":"https:\/\/www.waterskis.lv\/en\/product\/spinera-professional-rental-fullsuit-youth-3-2mm\/","og_locale":"en_US","og_type":"article","og_title":"Spinera Professional Rental Fullsuit Youth 3\/2mm - WATERSKIS.LV","og_description":"Spinera Professional Rental Fullsuit Youth 3\/2mm. Wetsuit for children and teenagers. 3mm neoprene in the shoulder, side rib, upper body, 2mm arms and legs","og_url":"https:\/\/www.waterskis.lv\/en\/product\/spinera-professional-rental-fullsuit-youth-3-2mm\/","og_site_name":"WATERSKIS.LV","article_publisher":"https:\/\/www.facebook.com\/jurmalawaterskiwakeboardpark\/","article_modified_time":"2026-02-07T13:56:47+00:00","og_image":[{"width":2000,"height":2000,"url":"https:\/\/www.waterskis.lv\/wp-content\/uploads\/2025\/02\/prof_rental_fullsuit_youth_3_2mm_19453P_1.webp","type":"image\/webp"}],"twitter_card":"summary_large_image","twitter_misc":{"Est. reading time":"1 minute"},"schema":{"@context":"https:\/\/schema.org","@graph":[{"@type":"WebPage","@id":"https:\/\/www.waterskis.lv\/en\/product\/spinera-professional-rental-fullsuit-youth-3-2mm\/","url":"https:\/\/www.waterskis.lv\/en\/product\/spinera-professional-rental-fullsuit-youth-3-2mm\/","name":"Spinera Professional Rental Fullsuit Youth 3\/2mm - WATERSKIS.LV","isPartOf":{"@id":"https:\/\/www.waterskis.lv\/en\/#website"},"primaryImageOfPage":{"@id":"https:\/\/www.waterskis.lv\/en\/product\/spinera-professional-rental-fullsuit-youth-3-2mm\/#primaryimage"},"image":{"@id":"https:\/\/www.waterskis.lv\/en\/product\/spinera-professional-rental-fullsuit-youth-3-2mm\/#primaryimage"},"thumbnailUrl":"https:\/\/www.waterskis.lv\/wp-content\/uploads\/2025\/02\/prof_rental_fullsuit_youth_3_2mm_19453P_1.webp","datePublished":"2025-02-16T05:12:32+00:00","dateModified":"2026-02-07T13:56:47+00:00","description":"Spinera Professional Rental Fullsuit Youth 3\/2mm. Wetsuit for children and teenagers. 3mm neoprene in the shoulder, side rib, upper body, 2mm arms and legs","breadcrumb":{"@id":"https:\/\/www.waterskis.lv\/en\/product\/spinera-professional-rental-fullsuit-youth-3-2mm\/#breadcrumb"},"inLanguage":"en-US","potentialAction":[{"@type":"ReadAction","target":["https:\/\/www.waterskis.lv\/en\/product\/spinera-professional-rental-fullsuit-youth-3-2mm\/"]}]},{"@type":"ImageObject","inLanguage":"en-US","@id":"https:\/\/www.waterskis.lv\/en\/product\/spinera-professional-rental-fullsuit-youth-3-2mm\/#primaryimage","url":"https:\/\/www.waterskis.lv\/wp-content\/uploads\/2025\/02\/prof_rental_fullsuit_youth_3_2mm_19453P_1.webp","contentUrl":"https:\/\/www.waterskis.lv\/wp-content\/uploads\/2025\/02\/prof_rental_fullsuit_youth_3_2mm_19453P_1.webp","width":2000,"height":2000,"caption":"B\u0113rnu neopr\u0113na hidrot\u0113rps Spinera Professional Rental Fullsuit Youth 3\/2mm"},{"@type":"BreadcrumbList","@id":"https:\/\/www.waterskis.lv\/en\/product\/spinera-professional-rental-fullsuit-youth-3-2mm\/#breadcrumb","itemListElement":[{"@type":"ListItem","position":1,"name":"Home","item":"https:\/\/www.waterskis.lv\/en\/"},{"@type":"ListItem","position":2,"name":"Shop","item":"https:\/\/waterskis.lv\/en\/shop\/"},{"@type":"ListItem","position":3,"name":"Spinera Professional Rental Fullsuit Youth 3\/2mm"}]},{"@type":"WebSite","@id":"https:\/\/www.waterskis.lv\/en\/#website","url":"https:\/\/www.waterskis.lv\/en\/","name":"WATERSKIS.LV","description":"SUP d\u0113\u013ci, kajaki, kanoe, airu laivas, \u016bdenssl\u0113po\u0161ana, veikbords, SUP d\u0113\u013cu noma, kajaku nomaakt\u012bv\u0101s atp\u016btas centrs, laivu noma, sup noma, kajaku noma","publisher":{"@id":"https:\/\/www.waterskis.lv\/en\/#organization"},"potentialAction":[{"@type":"SearchAction","target":{"@type":"EntryPoint","urlTemplate":"https:\/\/www.waterskis.lv\/en\/?s={search_term_string}"},"query-input":{"@type":"PropertyValueSpecification","valueRequired":true,"valueName":"search_term_string"}}],"inLanguage":"en-US"},{"@type":"Organization","@id":"https:\/\/www.waterskis.lv\/en\/#organization","name":"WATERSKIS.LV","url":"https:\/\/www.waterskis.lv\/en\/","logo":{"@type":"ImageObject","inLanguage":"en-US","@id":"https:\/\/www.waterskis.lv\/en\/#\/schema\/logo\/image\/","url":"https:\/\/www.waterskis.lv\/wp-content\/uploads\/2025\/01\/JUVP-logo.png","contentUrl":"https:\/\/www.waterskis.lv\/wp-content\/uploads\/2025\/01\/JUVP-logo.png","width":421,"height":202,"caption":"WATERSKIS.LV"},"image":{"@id":"https:\/\/www.waterskis.lv\/en\/#\/schema\/logo\/image\/"},"sameAs":["https:\/\/www.facebook.com\/jurmalawaterskiwakeboardpark\/"]}]}},"_links":{"self":[{"href":"https:\/\/www.waterskis.lv\/en\/wp-json\/wp\/v2\/product\/63377","targetHints":{"allow":["GET"]}}],"collection":[{"href":"https:\/\/www.waterskis.lv\/en\/wp-json\/wp\/v2\/product"}],"about":[{"href":"https:\/\/www.waterskis.lv\/en\/wp-json\/wp\/v2\/types\/product"}],"replies":[{"embeddable":true,"href":"https:\/\/www.waterskis.lv\/en\/wp-json\/wp\/v2\/comments?post=63377"}],"wp:featuredmedia":[{"embeddable":true,"href":"https:\/\/www.waterskis.lv\/en\/wp-json\/wp\/v2\/media\/63372"}],"wp:attachment":[{"href":"https:\/\/www.waterskis.lv\/en\/wp-json\/wp\/v2\/media?parent=63377"}],"wp:term":[{"taxonomy":"product_brand","embeddable":true,"href":"https:\/\/www.waterskis.lv\/en\/wp-json\/wp\/v2\/product_brand?post=63377"},{"taxonomy":"product_cat","embeddable":true,"href":"https:\/\/www.waterskis.lv\/en\/wp-json\/wp\/v2\/product_cat?post=63377"},{"taxonomy":"product_tag","embeddable":true,"href":"https:\/\/www.waterskis.lv\/en\/wp-json\/wp\/v2\/product_tag?post=63377"}],"curies":[{"name":"wp","href":"https:\/\/api.w.org\/{rel}","templated":true}]}}