{"id":63402,"date":"2025-02-16T07:40:17","date_gmt":"2025-02-16T05:40:17","guid":{"rendered":"https:\/\/www.waterskis.lv\/product\/neoprena-hidroterps-spinera-professional-rental-fullsuit-5-4-3-mm-gbs\/"},"modified":"2026-02-07T15:54:54","modified_gmt":"2026-02-07T13:54:54","slug":"spinera-professional-rental-fullsuit-5-4-3-mm-gbs","status":"publish","type":"product","link":"https:\/\/www.waterskis.lv\/en\/product\/spinera-professional-rental-fullsuit-5-4-3-mm-gbs\/","title":{"rendered":"Spinera Professional Rental Fullsuit 5\/4\/3 mm GBS"},"content":{"rendered":"<h1>Spinera Professional Rental Fullsuit 5\/4\/3 mm GBS<\/h1>\n<p>Spinera Professional Rental Fullsuit 5\/4\/3 mm GBS<\/p>\n<p>&nbsp;<\/p>\n<p>INDIVIDUAL COLOUR PER SIZE<\/p>\n<p>&nbsp;<\/p>\n<p><b>FEATURES:<\/b><\/p>\n<p>5mm \/ 4mm \/ 3mm Flex-Lite Neoprene Panels<\/p>\n<p>5mm neoprene on the upper body<\/p>\n<p>4mm neoprene in the shoulder area and side rib area<\/p>\n<p>3mm neoprene on arms and legs<\/p>\n<p>GBS Construction &#8211; Glued and Blindstich<\/p>\n<p>100% super strong glued and blindstich seams<\/p>\n<p>100% ultraflex neoprene<\/p>\n<p>Breathable construction for cool conditions<\/p>\n<p>anatomical fit<\/p>\n<p>Heavy Duty YKK Back Zipper \u00b7 Zipper Tape<\/p>\n<p>Easy assignment of sizes due to different colors<\/p>\n<p>&nbsp;<\/p>\n<p><b>Colors:<\/b><\/p>\n<p>XS=Black\/Green<\/p>\n<p>S=Black\/Yellow<\/p>\n<p>M=Black\/Red<\/p>\n<p>L=Black\/Blue<\/p>\n<p>XL=Black\/Grey<\/p>\n<p>XXL=Black\/Black<\/p>\n<p>XXXL=Black\/Navy<\/p>\n<p>&nbsp;<\/p>\n<p>Individual color code per size &#8211; ICA Code (International Cableways Association)<\/p>\n<p>&nbsp;<\/p>\n<p><b>Size Chart:<\/b><\/p>\n<p><b>\u00a0\u00a0\u00a0\u00a0\u00a0\u00a0\u00a0\u00a0\u00a0\u00a0\u00a0\u00a0\u00a0\u00a0\u00a0\u00a0\u00a0\u00a0 XS\u00a0\u00a0\u00a0\u00a0\u00a0\u00a0\u00a0\u00a0\u00a0\u00a0\u00a0\u00a0\u00a0\u00a0 S\u00a0\u00a0\u00a0\u00a0\u00a0\u00a0\u00a0\u00a0\u00a0\u00a0\u00a0\u00a0\u00a0\u00a0\u00a0\u00a0M\u00a0\u00a0\u00a0\u00a0\u00a0\u00a0\u00a0\u00a0\u00a0\u00a0\u00a0\u00a0 L\u00a0\u00a0\u00a0\u00a0\u00a0\u00a0\u00a0\u00a0\u00a0\u00a0\u00a0\u00a0\u00a0\u00a0 XL\u00a0\u00a0\u00a0\u00a0\u00a0\u00a0\u00a0\u00a0\u00a0\u00a0\u00a0\u00a0\u00a0\u00a0\u00a0\u00a0XXL<\/b><\/p>\n<p>Chest\u00a0\u00a0\u00a0\u00a0\u00a0\u00a0\u00a0\u00a084-89\u00a0\u00a0\u00a0\u00a0\u00a0\u00a0 89-94\u00a0\u00a0\u00a0\u00a0\u00a0\u00a0\u00a0\u00a094-99\u00a0\u00a0\u00a0\u00a099-104\u00a0\u00a0\u00a0\u00a0104-109\u00a0\u00a0\u00a0\u00a0\u00a0\u00a0109-114<\/p>\n<p>Waist\u00a0\u00a0\u00a0\u00a0\u00a0\u00a0\u00a0\u00a0 64-69\u00a0\u00a0\u00a0\u00a0\u00a0\u00a069-74\u00a0\u00a0\u00a0\u00a0\u00a0\u00a0\u00a0\u00a0 74-79\u00a0\u00a0\u00a0\u00a0\u00a0\u00a079-84\u00a0\u00a0\u00a0\u00a0\u00a0\u00a0 84-89\u00a0\u00a0\u00a0\u00a0\u00a0\u00a0 89-94<\/p>\n<p>Hight\u00a0\u00a0\u00a0\u00a0\u00a0\u00a0\u00a0\u00a0 155-163\u00a0\u00a0163-168\u00a0\u00a0 168-173\u00a0\u00a0 173-178\u00a0\u00a0178-183\u00a0\u00a0183-186<\/p>\n<p>Weight\u00a0\u00a0\u00a0\u00a0\u00a0\u00a0 55-64\u00a0\u00a0\u00a0\u00a0\u00a0\u00a0\u00a0\u00a061-70\u00a0\u00a0\u00a0\u00a0\u00a0\u00a0 68-77\u00a0\u00a0\u00a0\u00a0\u00a0\u00a0\u00a0\u00a075-84\u00a0\u00a0\u00a0\u00a0\u00a0\u00a082-91\u00a0\u00a0\u00a0\u00a0\u00a0\u00a0 86-95<\/p>\n","protected":false},"excerpt":{"rendered":"<p>https:\/\/www.youtube.com\/watch?v=HUB2F7ZWGJE [&#8230;]<\/p>\n<p><a class=\"btn btn-secondary understrap-read-more-link\" href=\"https:\/\/www.waterskis.lv\/en\/product\/spinera-professional-rental-fullsuit-5-4-3-mm-gbs\/\">Read More&#8230;<\/a><\/p>\n","protected":false},"featured_media":63397,"comment_status":"closed","ping_status":"closed","template":"","meta":{"_acf_changed":false,"inline_featured_image":false},"product_brand":[2677],"product_cat":[736,737,1226,1274],"product_tag":[1661,1672,3686,3689,3553,3688,3687],"class_list":{"0":"post-63402","1":"product","2":"type-product","3":"status-publish","4":"has-post-thumbnail","6":"product_brand-spinera-professional","7":"product_cat-apparel-wetsuits","8":"product_cat-neoprene-apparel","9":"product_cat-spinera-professional-en","10":"product_cat-spinera-rental-waterwear","11":"product_tag-neoprena-hidroterps","12":"product_tag-neoprene-wetsuit","13":"product_tag-spinera-neoprena-hidroterps","14":"product_tag-spinera-neoprene-wetsuit","15":"product_tag-spinera-watersports","16":"product_tag-3688","17":"product_tag----spinera","19":"first","20":"instock","21":"shipping-taxable","22":"purchasable","23":"product-type-simple"},"acf":[],"yoast_head":"<!-- This site is optimized with the Yoast SEO plugin v27.4 - https:\/\/yoast.com\/product\/yoast-seo-wordpress\/ -->\n<title>Spinera Professional Rental Fullsuit 5\/4\/3 mm GBS - WATERSKIS.LV<\/title>\n<meta name=\"description\" content=\"Spinera Professional Rental Fullsuit 5\/4\/3 mm GBS. 5mm \/ 4mm \/ 3mm Flex-Lite Neoprene Panels 5mm neoprene on the upper body 4mm neoprene in the shoulder\" \/>\n<meta name=\"robots\" content=\"index, follow, max-snippet:-1, max-image-preview:large, max-video-preview:-1\" \/>\n<link rel=\"canonical\" href=\"https:\/\/www.waterskis.lv\/en\/product\/spinera-professional-rental-fullsuit-5-4-3-mm-gbs\/\" \/>\n<meta property=\"og:locale\" content=\"en_US\" \/>\n<meta property=\"og:type\" content=\"article\" \/>\n<meta property=\"og:title\" content=\"Spinera Professional Rental Fullsuit 5\/4\/3 mm GBS - WATERSKIS.LV\" \/>\n<meta property=\"og:description\" content=\"Spinera Professional Rental Fullsuit 5\/4\/3 mm GBS. 5mm \/ 4mm \/ 3mm Flex-Lite Neoprene Panels 5mm neoprene on the upper body 4mm neoprene in the shoulder\" \/>\n<meta property=\"og:url\" content=\"https:\/\/www.waterskis.lv\/en\/product\/spinera-professional-rental-fullsuit-5-4-3-mm-gbs\/\" \/>\n<meta property=\"og:site_name\" content=\"WATERSKIS.LV\" \/>\n<meta property=\"article:publisher\" content=\"https:\/\/www.facebook.com\/jurmalawaterskiwakeboardpark\/\" \/>\n<meta property=\"article:modified_time\" content=\"2026-02-07T13:54:54+00:00\" \/>\n<meta property=\"og:image\" content=\"https:\/\/www.waterskis.lv\/wp-content\/uploads\/2025\/02\/professional_rental_fullsuit_5_4_3_mm_gbs_19452P_1.webp\" \/>\n\t<meta property=\"og:image:width\" content=\"2000\" \/>\n\t<meta property=\"og:image:height\" content=\"2000\" \/>\n\t<meta property=\"og:image:type\" content=\"image\/webp\" \/>\n<meta name=\"twitter:card\" content=\"summary_large_image\" \/>\n<meta name=\"twitter:label1\" content=\"Est. reading time\" \/>\n\t<meta name=\"twitter:data1\" content=\"1 minute\" \/>\n<script type=\"application\/ld+json\" class=\"yoast-schema-graph\">{\"@context\":\"https:\\\/\\\/schema.org\",\"@graph\":[{\"@type\":\"WebPage\",\"@id\":\"https:\\\/\\\/www.waterskis.lv\\\/en\\\/product\\\/spinera-professional-rental-fullsuit-5-4-3-mm-gbs\\\/\",\"url\":\"https:\\\/\\\/www.waterskis.lv\\\/en\\\/product\\\/spinera-professional-rental-fullsuit-5-4-3-mm-gbs\\\/\",\"name\":\"Spinera Professional Rental Fullsuit 5\\\/4\\\/3 mm GBS - WATERSKIS.LV\",\"isPartOf\":{\"@id\":\"https:\\\/\\\/www.waterskis.lv\\\/en\\\/#website\"},\"primaryImageOfPage\":{\"@id\":\"https:\\\/\\\/www.waterskis.lv\\\/en\\\/product\\\/spinera-professional-rental-fullsuit-5-4-3-mm-gbs\\\/#primaryimage\"},\"image\":{\"@id\":\"https:\\\/\\\/www.waterskis.lv\\\/en\\\/product\\\/spinera-professional-rental-fullsuit-5-4-3-mm-gbs\\\/#primaryimage\"},\"thumbnailUrl\":\"https:\\\/\\\/www.waterskis.lv\\\/wp-content\\\/uploads\\\/2025\\\/02\\\/professional_rental_fullsuit_5_4_3_mm_gbs_19452P_1.webp\",\"datePublished\":\"2025-02-16T05:40:17+00:00\",\"dateModified\":\"2026-02-07T13:54:54+00:00\",\"description\":\"Spinera Professional Rental Fullsuit 5\\\/4\\\/3 mm GBS. 5mm \\\/ 4mm \\\/ 3mm Flex-Lite Neoprene Panels 5mm neoprene on the upper body 4mm neoprene in the shoulder\",\"breadcrumb\":{\"@id\":\"https:\\\/\\\/www.waterskis.lv\\\/en\\\/product\\\/spinera-professional-rental-fullsuit-5-4-3-mm-gbs\\\/#breadcrumb\"},\"inLanguage\":\"en-US\",\"potentialAction\":[{\"@type\":\"ReadAction\",\"target\":[\"https:\\\/\\\/www.waterskis.lv\\\/en\\\/product\\\/spinera-professional-rental-fullsuit-5-4-3-mm-gbs\\\/\"]}]},{\"@type\":\"ImageObject\",\"inLanguage\":\"en-US\",\"@id\":\"https:\\\/\\\/www.waterskis.lv\\\/en\\\/product\\\/spinera-professional-rental-fullsuit-5-4-3-mm-gbs\\\/#primaryimage\",\"url\":\"https:\\\/\\\/www.waterskis.lv\\\/wp-content\\\/uploads\\\/2025\\\/02\\\/professional_rental_fullsuit_5_4_3_mm_gbs_19452P_1.webp\",\"contentUrl\":\"https:\\\/\\\/www.waterskis.lv\\\/wp-content\\\/uploads\\\/2025\\\/02\\\/professional_rental_fullsuit_5_4_3_mm_gbs_19452P_1.webp\",\"width\":2000,\"height\":2000,\"caption\":\"Neopr\u0113na hidrot\u0113rps Spinera Professional Rental Fullsuit 5\\\/4\\\/3 mm GBS\"},{\"@type\":\"BreadcrumbList\",\"@id\":\"https:\\\/\\\/www.waterskis.lv\\\/en\\\/product\\\/spinera-professional-rental-fullsuit-5-4-3-mm-gbs\\\/#breadcrumb\",\"itemListElement\":[{\"@type\":\"ListItem\",\"position\":1,\"name\":\"Home\",\"item\":\"https:\\\/\\\/www.waterskis.lv\\\/en\\\/\"},{\"@type\":\"ListItem\",\"position\":2,\"name\":\"Shop\",\"item\":\"https:\\\/\\\/waterskis.lv\\\/en\\\/shop\\\/\"},{\"@type\":\"ListItem\",\"position\":3,\"name\":\"Spinera Professional Rental Fullsuit 5\\\/4\\\/3 mm GBS\"}]},{\"@type\":\"WebSite\",\"@id\":\"https:\\\/\\\/www.waterskis.lv\\\/en\\\/#website\",\"url\":\"https:\\\/\\\/www.waterskis.lv\\\/en\\\/\",\"name\":\"WATERSKIS.LV\",\"description\":\"SUP d\u0113\u013ci, kajaki, kanoe, airu laivas, \u016bdenssl\u0113po\u0161ana, veikbords, SUP d\u0113\u013cu noma, kajaku nomaakt\u012bv\u0101s atp\u016btas centrs, laivu noma, sup noma, kajaku noma\",\"publisher\":{\"@id\":\"https:\\\/\\\/www.waterskis.lv\\\/en\\\/#organization\"},\"potentialAction\":[{\"@type\":\"SearchAction\",\"target\":{\"@type\":\"EntryPoint\",\"urlTemplate\":\"https:\\\/\\\/www.waterskis.lv\\\/en\\\/?s={search_term_string}\"},\"query-input\":{\"@type\":\"PropertyValueSpecification\",\"valueRequired\":true,\"valueName\":\"search_term_string\"}}],\"inLanguage\":\"en-US\"},{\"@type\":\"Organization\",\"@id\":\"https:\\\/\\\/www.waterskis.lv\\\/en\\\/#organization\",\"name\":\"WATERSKIS.LV\",\"url\":\"https:\\\/\\\/www.waterskis.lv\\\/en\\\/\",\"logo\":{\"@type\":\"ImageObject\",\"inLanguage\":\"en-US\",\"@id\":\"https:\\\/\\\/www.waterskis.lv\\\/en\\\/#\\\/schema\\\/logo\\\/image\\\/\",\"url\":\"https:\\\/\\\/www.waterskis.lv\\\/wp-content\\\/uploads\\\/2025\\\/01\\\/JUVP-logo.png\",\"contentUrl\":\"https:\\\/\\\/www.waterskis.lv\\\/wp-content\\\/uploads\\\/2025\\\/01\\\/JUVP-logo.png\",\"width\":421,\"height\":202,\"caption\":\"WATERSKIS.LV\"},\"image\":{\"@id\":\"https:\\\/\\\/www.waterskis.lv\\\/en\\\/#\\\/schema\\\/logo\\\/image\\\/\"},\"sameAs\":[\"https:\\\/\\\/www.facebook.com\\\/jurmalawaterskiwakeboardpark\\\/\"]}]}<\/script>\n<!-- \/ Yoast SEO plugin. -->","yoast_head_json":{"title":"Spinera Professional Rental Fullsuit 5\/4\/3 mm GBS - WATERSKIS.LV","description":"Spinera Professional Rental Fullsuit 5\/4\/3 mm GBS. 5mm \/ 4mm \/ 3mm Flex-Lite Neoprene Panels 5mm neoprene on the upper body 4mm neoprene in the shoulder","robots":{"index":"index","follow":"follow","max-snippet":"max-snippet:-1","max-image-preview":"max-image-preview:large","max-video-preview":"max-video-preview:-1"},"canonical":"https:\/\/www.waterskis.lv\/en\/product\/spinera-professional-rental-fullsuit-5-4-3-mm-gbs\/","og_locale":"en_US","og_type":"article","og_title":"Spinera Professional Rental Fullsuit 5\/4\/3 mm GBS - WATERSKIS.LV","og_description":"Spinera Professional Rental Fullsuit 5\/4\/3 mm GBS. 5mm \/ 4mm \/ 3mm Flex-Lite Neoprene Panels 5mm neoprene on the upper body 4mm neoprene in the shoulder","og_url":"https:\/\/www.waterskis.lv\/en\/product\/spinera-professional-rental-fullsuit-5-4-3-mm-gbs\/","og_site_name":"WATERSKIS.LV","article_publisher":"https:\/\/www.facebook.com\/jurmalawaterskiwakeboardpark\/","article_modified_time":"2026-02-07T13:54:54+00:00","og_image":[{"width":2000,"height":2000,"url":"https:\/\/www.waterskis.lv\/wp-content\/uploads\/2025\/02\/professional_rental_fullsuit_5_4_3_mm_gbs_19452P_1.webp","type":"image\/webp"}],"twitter_card":"summary_large_image","twitter_misc":{"Est. reading time":"1 minute"},"schema":{"@context":"https:\/\/schema.org","@graph":[{"@type":"WebPage","@id":"https:\/\/www.waterskis.lv\/en\/product\/spinera-professional-rental-fullsuit-5-4-3-mm-gbs\/","url":"https:\/\/www.waterskis.lv\/en\/product\/spinera-professional-rental-fullsuit-5-4-3-mm-gbs\/","name":"Spinera Professional Rental Fullsuit 5\/4\/3 mm GBS - WATERSKIS.LV","isPartOf":{"@id":"https:\/\/www.waterskis.lv\/en\/#website"},"primaryImageOfPage":{"@id":"https:\/\/www.waterskis.lv\/en\/product\/spinera-professional-rental-fullsuit-5-4-3-mm-gbs\/#primaryimage"},"image":{"@id":"https:\/\/www.waterskis.lv\/en\/product\/spinera-professional-rental-fullsuit-5-4-3-mm-gbs\/#primaryimage"},"thumbnailUrl":"https:\/\/www.waterskis.lv\/wp-content\/uploads\/2025\/02\/professional_rental_fullsuit_5_4_3_mm_gbs_19452P_1.webp","datePublished":"2025-02-16T05:40:17+00:00","dateModified":"2026-02-07T13:54:54+00:00","description":"Spinera Professional Rental Fullsuit 5\/4\/3 mm GBS. 5mm \/ 4mm \/ 3mm Flex-Lite Neoprene Panels 5mm neoprene on the upper body 4mm neoprene in the shoulder","breadcrumb":{"@id":"https:\/\/www.waterskis.lv\/en\/product\/spinera-professional-rental-fullsuit-5-4-3-mm-gbs\/#breadcrumb"},"inLanguage":"en-US","potentialAction":[{"@type":"ReadAction","target":["https:\/\/www.waterskis.lv\/en\/product\/spinera-professional-rental-fullsuit-5-4-3-mm-gbs\/"]}]},{"@type":"ImageObject","inLanguage":"en-US","@id":"https:\/\/www.waterskis.lv\/en\/product\/spinera-professional-rental-fullsuit-5-4-3-mm-gbs\/#primaryimage","url":"https:\/\/www.waterskis.lv\/wp-content\/uploads\/2025\/02\/professional_rental_fullsuit_5_4_3_mm_gbs_19452P_1.webp","contentUrl":"https:\/\/www.waterskis.lv\/wp-content\/uploads\/2025\/02\/professional_rental_fullsuit_5_4_3_mm_gbs_19452P_1.webp","width":2000,"height":2000,"caption":"Neopr\u0113na hidrot\u0113rps Spinera Professional Rental Fullsuit 5\/4\/3 mm GBS"},{"@type":"BreadcrumbList","@id":"https:\/\/www.waterskis.lv\/en\/product\/spinera-professional-rental-fullsuit-5-4-3-mm-gbs\/#breadcrumb","itemListElement":[{"@type":"ListItem","position":1,"name":"Home","item":"https:\/\/www.waterskis.lv\/en\/"},{"@type":"ListItem","position":2,"name":"Shop","item":"https:\/\/waterskis.lv\/en\/shop\/"},{"@type":"ListItem","position":3,"name":"Spinera Professional Rental Fullsuit 5\/4\/3 mm GBS"}]},{"@type":"WebSite","@id":"https:\/\/www.waterskis.lv\/en\/#website","url":"https:\/\/www.waterskis.lv\/en\/","name":"WATERSKIS.LV","description":"SUP d\u0113\u013ci, kajaki, kanoe, airu laivas, \u016bdenssl\u0113po\u0161ana, veikbords, SUP d\u0113\u013cu noma, kajaku nomaakt\u012bv\u0101s atp\u016btas centrs, laivu noma, sup noma, kajaku noma","publisher":{"@id":"https:\/\/www.waterskis.lv\/en\/#organization"},"potentialAction":[{"@type":"SearchAction","target":{"@type":"EntryPoint","urlTemplate":"https:\/\/www.waterskis.lv\/en\/?s={search_term_string}"},"query-input":{"@type":"PropertyValueSpecification","valueRequired":true,"valueName":"search_term_string"}}],"inLanguage":"en-US"},{"@type":"Organization","@id":"https:\/\/www.waterskis.lv\/en\/#organization","name":"WATERSKIS.LV","url":"https:\/\/www.waterskis.lv\/en\/","logo":{"@type":"ImageObject","inLanguage":"en-US","@id":"https:\/\/www.waterskis.lv\/en\/#\/schema\/logo\/image\/","url":"https:\/\/www.waterskis.lv\/wp-content\/uploads\/2025\/01\/JUVP-logo.png","contentUrl":"https:\/\/www.waterskis.lv\/wp-content\/uploads\/2025\/01\/JUVP-logo.png","width":421,"height":202,"caption":"WATERSKIS.LV"},"image":{"@id":"https:\/\/www.waterskis.lv\/en\/#\/schema\/logo\/image\/"},"sameAs":["https:\/\/www.facebook.com\/jurmalawaterskiwakeboardpark\/"]}]}},"_links":{"self":[{"href":"https:\/\/www.waterskis.lv\/en\/wp-json\/wp\/v2\/product\/63402","targetHints":{"allow":["GET"]}}],"collection":[{"href":"https:\/\/www.waterskis.lv\/en\/wp-json\/wp\/v2\/product"}],"about":[{"href":"https:\/\/www.waterskis.lv\/en\/wp-json\/wp\/v2\/types\/product"}],"replies":[{"embeddable":true,"href":"https:\/\/www.waterskis.lv\/en\/wp-json\/wp\/v2\/comments?post=63402"}],"wp:featuredmedia":[{"embeddable":true,"href":"https:\/\/www.waterskis.lv\/en\/wp-json\/wp\/v2\/media\/63397"}],"wp:attachment":[{"href":"https:\/\/www.waterskis.lv\/en\/wp-json\/wp\/v2\/media?parent=63402"}],"wp:term":[{"taxonomy":"product_brand","embeddable":true,"href":"https:\/\/www.waterskis.lv\/en\/wp-json\/wp\/v2\/product_brand?post=63402"},{"taxonomy":"product_cat","embeddable":true,"href":"https:\/\/www.waterskis.lv\/en\/wp-json\/wp\/v2\/product_cat?post=63402"},{"taxonomy":"product_tag","embeddable":true,"href":"https:\/\/www.waterskis.lv\/en\/wp-json\/wp\/v2\/product_tag?post=63402"}],"curies":[{"name":"wp","href":"https:\/\/api.w.org\/{rel}","templated":true}]}}