{"id":63474,"date":"2025-02-16T12:42:41","date_gmt":"2025-02-16T10:42:41","guid":{"rendered":"https:\/\/www.waterskis.lv\/product\/spinera-resort-elektriskais-pumpis-230-v-platinum\/"},"modified":"2026-02-07T19:21:04","modified_gmt":"2026-02-07T17:21:04","slug":"spinera-resort-electric-pump-230-v-platinum","status":"publish","type":"product","link":"https:\/\/www.waterskis.lv\/en\/product\/spinera-resort-electric-pump-230-v-platinum\/","title":{"rendered":"Spinera Resort Electric Pump 230 V Platinum"},"content":{"rendered":"<h1>Spinera Resort Electric Pump 230 V Platinum<\/h1>\n<p>Spinera Resort Electric Pump 230 V Platinum consists of a main motor and an additional booster motor that can increase the pressure.<\/p>\n<p>These two motors can either be used simultaneously to generate maximum capacity and pressure, or you can simply use the main motor alone.<\/p>\n<p>Press the orange button for the main motor and, if necessary, the red button to switch on the booster for maximum power.<\/p>\n<p>Both motors are protected by thermal fuses.<\/p>\n<p>Please check the pump regularly, especially under the respective local temperature conditions, to avoid overheating.<\/p>\n<p>Technical data:<\/p>\n<p>Cable length: 3m<br \/>\nSuitable for filling and emptying<br \/>\n3m EBDM 25mm hose including HR adapter<br \/>\nDimensions: 32 x 17 x 26 cm<br \/>\nWeight: 4.1 kg<br \/>\nVoltage: 230V (main motor and booster)<\/p>\n<p>Performance:<\/p>\n<p>Main motor: 1200l\/min<br \/>\nBooster: up to 2000l\/min<\/p>\n<p>Air pressure:<\/p>\n<p>Main motor: 140mbar (2.0psi)<br \/>\nBooster: 350mbar (5.0psi)<\/p>\n<p>Power consumption:<\/p>\n<p>Main motor: 1000 watts<br \/>\nBooster: 1800 watts<\/p>\n","protected":false},"excerpt":{"rendered":"<p>https:\/\/www.youtube.com\/watch?v=HUB2F7ZWGJE [&#8230;]<\/p>\n<p><a class=\"btn btn-secondary understrap-read-more-link\" href=\"https:\/\/www.waterskis.lv\/en\/product\/spinera-resort-electric-pump-230-v-platinum\/\">Read More&#8230;<\/a><\/p>\n","protected":false},"featured_media":63472,"comment_status":"closed","ping_status":"closed","template":"","meta":{"_acf_changed":false,"inline_featured_image":false},"product_brand":[2677],"product_cat":[1259,1271,1214,1226],"product_tag":[3819,3820,3821,3822,3120,1577,3823,3824,3825,3826,3827,3828,3829],"class_list":{"0":"post-63474","1":"product","2":"type-product","3":"status-publish","4":"has-post-thumbnail","6":"product_brand-spinera-professional","7":"product_cat-aquapark","8":"product_cat-aquapark-pumps","9":"product_cat-pumps","10":"product_cat-spinera-professional-en","11":"product_tag-inflatable-boat-pump","12":"product_tag-inflatable-towable-tube-pump","13":"product_tag-piepusamas-laivas-pumpis","14":"product_tag-piepusamo-puslu-pumpis","15":"product_tag-pump","16":"product_tag-pumpji","17":"product_tag-pumps","18":"product_tag-sup-board-pump","19":"product_tag-sup-dela-pumpis","20":"product_tag---sup-","21":"product_tag-3827","22":"product_tag-3828","23":"product_tag-3829","25":"first","26":"instock","27":"shipping-taxable","28":"purchasable","29":"product-type-simple"},"acf":[],"yoast_head":"<!-- This site is optimized with the Yoast SEO plugin v27.4 - https:\/\/yoast.com\/product\/yoast-seo-wordpress\/ -->\n<title>Spinera Resort Electric Pump 230 V Platinum - WATERSKIS.LV<\/title>\n<meta name=\"description\" content=\"Spinera Resort Electric Pump 230 V Platinum consists of a main motor and an additional booster motor that can increase the pressure.\" \/>\n<meta name=\"robots\" content=\"index, follow, max-snippet:-1, max-image-preview:large, max-video-preview:-1\" \/>\n<link rel=\"canonical\" href=\"https:\/\/www.waterskis.lv\/en\/product\/spinera-resort-electric-pump-230-v-platinum\/\" \/>\n<meta property=\"og:locale\" content=\"en_US\" \/>\n<meta property=\"og:type\" content=\"article\" \/>\n<meta property=\"og:title\" content=\"Spinera Resort Electric Pump 230 V Platinum - WATERSKIS.LV\" \/>\n<meta property=\"og:description\" content=\"Spinera Resort Electric Pump 230 V Platinum consists of a main motor and an additional booster motor that can increase the pressure.\" \/>\n<meta property=\"og:url\" content=\"https:\/\/www.waterskis.lv\/en\/product\/spinera-resort-electric-pump-230-v-platinum\/\" \/>\n<meta property=\"og:site_name\" content=\"WATERSKIS.LV\" \/>\n<meta property=\"article:publisher\" content=\"https:\/\/www.facebook.com\/jurmalawaterskiwakeboardpark\/\" \/>\n<meta property=\"article:modified_time\" content=\"2026-02-07T17:21:04+00:00\" \/>\n<meta property=\"og:image\" content=\"https:\/\/www.waterskis.lv\/wp-content\/uploads\/2025\/02\/resort-pump-230v-2.webp\" \/>\n\t<meta property=\"og:image:width\" content=\"2000\" \/>\n\t<meta property=\"og:image:height\" content=\"2000\" \/>\n\t<meta property=\"og:image:type\" content=\"image\/webp\" \/>\n<meta name=\"twitter:card\" content=\"summary_large_image\" \/>\n<meta name=\"twitter:label1\" content=\"Est. reading time\" \/>\n\t<meta name=\"twitter:data1\" content=\"2 minutes\" \/>\n<script type=\"application\/ld+json\" class=\"yoast-schema-graph\">{\"@context\":\"https:\\\/\\\/schema.org\",\"@graph\":[{\"@type\":\"WebPage\",\"@id\":\"https:\\\/\\\/www.waterskis.lv\\\/en\\\/product\\\/spinera-resort-electric-pump-230-v-platinum\\\/\",\"url\":\"https:\\\/\\\/www.waterskis.lv\\\/en\\\/product\\\/spinera-resort-electric-pump-230-v-platinum\\\/\",\"name\":\"Spinera Resort Electric Pump 230 V Platinum - WATERSKIS.LV\",\"isPartOf\":{\"@id\":\"https:\\\/\\\/www.waterskis.lv\\\/en\\\/#website\"},\"primaryImageOfPage\":{\"@id\":\"https:\\\/\\\/www.waterskis.lv\\\/en\\\/product\\\/spinera-resort-electric-pump-230-v-platinum\\\/#primaryimage\"},\"image\":{\"@id\":\"https:\\\/\\\/www.waterskis.lv\\\/en\\\/product\\\/spinera-resort-electric-pump-230-v-platinum\\\/#primaryimage\"},\"thumbnailUrl\":\"https:\\\/\\\/www.waterskis.lv\\\/wp-content\\\/uploads\\\/2025\\\/02\\\/resort-pump-230v-2.webp\",\"datePublished\":\"2025-02-16T10:42:41+00:00\",\"dateModified\":\"2026-02-07T17:21:04+00:00\",\"description\":\"Spinera Resort Electric Pump 230 V Platinum consists of a main motor and an additional booster motor that can increase the pressure.\",\"breadcrumb\":{\"@id\":\"https:\\\/\\\/www.waterskis.lv\\\/en\\\/product\\\/spinera-resort-electric-pump-230-v-platinum\\\/#breadcrumb\"},\"inLanguage\":\"en-US\",\"potentialAction\":[{\"@type\":\"ReadAction\",\"target\":[\"https:\\\/\\\/www.waterskis.lv\\\/en\\\/product\\\/spinera-resort-electric-pump-230-v-platinum\\\/\"]}]},{\"@type\":\"ImageObject\",\"inLanguage\":\"en-US\",\"@id\":\"https:\\\/\\\/www.waterskis.lv\\\/en\\\/product\\\/spinera-resort-electric-pump-230-v-platinum\\\/#primaryimage\",\"url\":\"https:\\\/\\\/www.waterskis.lv\\\/wp-content\\\/uploads\\\/2025\\\/02\\\/resort-pump-230v-2.webp\",\"contentUrl\":\"https:\\\/\\\/www.waterskis.lv\\\/wp-content\\\/uploads\\\/2025\\\/02\\\/resort-pump-230v-2.webp\",\"width\":2000,\"height\":2000,\"caption\":\"Spinera Resort elektriskais pumpis 230 V Platinum\"},{\"@type\":\"BreadcrumbList\",\"@id\":\"https:\\\/\\\/www.waterskis.lv\\\/en\\\/product\\\/spinera-resort-electric-pump-230-v-platinum\\\/#breadcrumb\",\"itemListElement\":[{\"@type\":\"ListItem\",\"position\":1,\"name\":\"Home\",\"item\":\"https:\\\/\\\/www.waterskis.lv\\\/en\\\/\"},{\"@type\":\"ListItem\",\"position\":2,\"name\":\"Shop\",\"item\":\"https:\\\/\\\/waterskis.lv\\\/en\\\/shop\\\/\"},{\"@type\":\"ListItem\",\"position\":3,\"name\":\"Spinera Resort Electric Pump 230 V Platinum\"}]},{\"@type\":\"WebSite\",\"@id\":\"https:\\\/\\\/www.waterskis.lv\\\/en\\\/#website\",\"url\":\"https:\\\/\\\/www.waterskis.lv\\\/en\\\/\",\"name\":\"WATERSKIS.LV\",\"description\":\"SUP d\u0113\u013ci, kajaki, kanoe, airu laivas, \u016bdenssl\u0113po\u0161ana, veikbords, SUP d\u0113\u013cu noma, kajaku nomaakt\u012bv\u0101s atp\u016btas centrs, laivu noma, sup noma, kajaku noma\",\"publisher\":{\"@id\":\"https:\\\/\\\/www.waterskis.lv\\\/en\\\/#organization\"},\"potentialAction\":[{\"@type\":\"SearchAction\",\"target\":{\"@type\":\"EntryPoint\",\"urlTemplate\":\"https:\\\/\\\/www.waterskis.lv\\\/en\\\/?s={search_term_string}\"},\"query-input\":{\"@type\":\"PropertyValueSpecification\",\"valueRequired\":true,\"valueName\":\"search_term_string\"}}],\"inLanguage\":\"en-US\"},{\"@type\":\"Organization\",\"@id\":\"https:\\\/\\\/www.waterskis.lv\\\/en\\\/#organization\",\"name\":\"WATERSKIS.LV\",\"url\":\"https:\\\/\\\/www.waterskis.lv\\\/en\\\/\",\"logo\":{\"@type\":\"ImageObject\",\"inLanguage\":\"en-US\",\"@id\":\"https:\\\/\\\/www.waterskis.lv\\\/en\\\/#\\\/schema\\\/logo\\\/image\\\/\",\"url\":\"https:\\\/\\\/www.waterskis.lv\\\/wp-content\\\/uploads\\\/2025\\\/01\\\/JUVP-logo.png\",\"contentUrl\":\"https:\\\/\\\/www.waterskis.lv\\\/wp-content\\\/uploads\\\/2025\\\/01\\\/JUVP-logo.png\",\"width\":421,\"height\":202,\"caption\":\"WATERSKIS.LV\"},\"image\":{\"@id\":\"https:\\\/\\\/www.waterskis.lv\\\/en\\\/#\\\/schema\\\/logo\\\/image\\\/\"},\"sameAs\":[\"https:\\\/\\\/www.facebook.com\\\/jurmalawaterskiwakeboardpark\\\/\"]}]}<\/script>\n<!-- \/ Yoast SEO plugin. -->","yoast_head_json":{"title":"Spinera Resort Electric Pump 230 V Platinum - WATERSKIS.LV","description":"Spinera Resort Electric Pump 230 V Platinum consists of a main motor and an additional booster motor that can increase the pressure.","robots":{"index":"index","follow":"follow","max-snippet":"max-snippet:-1","max-image-preview":"max-image-preview:large","max-video-preview":"max-video-preview:-1"},"canonical":"https:\/\/www.waterskis.lv\/en\/product\/spinera-resort-electric-pump-230-v-platinum\/","og_locale":"en_US","og_type":"article","og_title":"Spinera Resort Electric Pump 230 V Platinum - WATERSKIS.LV","og_description":"Spinera Resort Electric Pump 230 V Platinum consists of a main motor and an additional booster motor that can increase the pressure.","og_url":"https:\/\/www.waterskis.lv\/en\/product\/spinera-resort-electric-pump-230-v-platinum\/","og_site_name":"WATERSKIS.LV","article_publisher":"https:\/\/www.facebook.com\/jurmalawaterskiwakeboardpark\/","article_modified_time":"2026-02-07T17:21:04+00:00","og_image":[{"width":2000,"height":2000,"url":"https:\/\/www.waterskis.lv\/wp-content\/uploads\/2025\/02\/resort-pump-230v-2.webp","type":"image\/webp"}],"twitter_card":"summary_large_image","twitter_misc":{"Est. reading time":"2 minutes"},"schema":{"@context":"https:\/\/schema.org","@graph":[{"@type":"WebPage","@id":"https:\/\/www.waterskis.lv\/en\/product\/spinera-resort-electric-pump-230-v-platinum\/","url":"https:\/\/www.waterskis.lv\/en\/product\/spinera-resort-electric-pump-230-v-platinum\/","name":"Spinera Resort Electric Pump 230 V Platinum - WATERSKIS.LV","isPartOf":{"@id":"https:\/\/www.waterskis.lv\/en\/#website"},"primaryImageOfPage":{"@id":"https:\/\/www.waterskis.lv\/en\/product\/spinera-resort-electric-pump-230-v-platinum\/#primaryimage"},"image":{"@id":"https:\/\/www.waterskis.lv\/en\/product\/spinera-resort-electric-pump-230-v-platinum\/#primaryimage"},"thumbnailUrl":"https:\/\/www.waterskis.lv\/wp-content\/uploads\/2025\/02\/resort-pump-230v-2.webp","datePublished":"2025-02-16T10:42:41+00:00","dateModified":"2026-02-07T17:21:04+00:00","description":"Spinera Resort Electric Pump 230 V Platinum consists of a main motor and an additional booster motor that can increase the pressure.","breadcrumb":{"@id":"https:\/\/www.waterskis.lv\/en\/product\/spinera-resort-electric-pump-230-v-platinum\/#breadcrumb"},"inLanguage":"en-US","potentialAction":[{"@type":"ReadAction","target":["https:\/\/www.waterskis.lv\/en\/product\/spinera-resort-electric-pump-230-v-platinum\/"]}]},{"@type":"ImageObject","inLanguage":"en-US","@id":"https:\/\/www.waterskis.lv\/en\/product\/spinera-resort-electric-pump-230-v-platinum\/#primaryimage","url":"https:\/\/www.waterskis.lv\/wp-content\/uploads\/2025\/02\/resort-pump-230v-2.webp","contentUrl":"https:\/\/www.waterskis.lv\/wp-content\/uploads\/2025\/02\/resort-pump-230v-2.webp","width":2000,"height":2000,"caption":"Spinera Resort elektriskais pumpis 230 V Platinum"},{"@type":"BreadcrumbList","@id":"https:\/\/www.waterskis.lv\/en\/product\/spinera-resort-electric-pump-230-v-platinum\/#breadcrumb","itemListElement":[{"@type":"ListItem","position":1,"name":"Home","item":"https:\/\/www.waterskis.lv\/en\/"},{"@type":"ListItem","position":2,"name":"Shop","item":"https:\/\/waterskis.lv\/en\/shop\/"},{"@type":"ListItem","position":3,"name":"Spinera Resort Electric Pump 230 V Platinum"}]},{"@type":"WebSite","@id":"https:\/\/www.waterskis.lv\/en\/#website","url":"https:\/\/www.waterskis.lv\/en\/","name":"WATERSKIS.LV","description":"SUP d\u0113\u013ci, kajaki, kanoe, airu laivas, \u016bdenssl\u0113po\u0161ana, veikbords, SUP d\u0113\u013cu noma, kajaku nomaakt\u012bv\u0101s atp\u016btas centrs, laivu noma, sup noma, kajaku noma","publisher":{"@id":"https:\/\/www.waterskis.lv\/en\/#organization"},"potentialAction":[{"@type":"SearchAction","target":{"@type":"EntryPoint","urlTemplate":"https:\/\/www.waterskis.lv\/en\/?s={search_term_string}"},"query-input":{"@type":"PropertyValueSpecification","valueRequired":true,"valueName":"search_term_string"}}],"inLanguage":"en-US"},{"@type":"Organization","@id":"https:\/\/www.waterskis.lv\/en\/#organization","name":"WATERSKIS.LV","url":"https:\/\/www.waterskis.lv\/en\/","logo":{"@type":"ImageObject","inLanguage":"en-US","@id":"https:\/\/www.waterskis.lv\/en\/#\/schema\/logo\/image\/","url":"https:\/\/www.waterskis.lv\/wp-content\/uploads\/2025\/01\/JUVP-logo.png","contentUrl":"https:\/\/www.waterskis.lv\/wp-content\/uploads\/2025\/01\/JUVP-logo.png","width":421,"height":202,"caption":"WATERSKIS.LV"},"image":{"@id":"https:\/\/www.waterskis.lv\/en\/#\/schema\/logo\/image\/"},"sameAs":["https:\/\/www.facebook.com\/jurmalawaterskiwakeboardpark\/"]}]}},"_links":{"self":[{"href":"https:\/\/www.waterskis.lv\/en\/wp-json\/wp\/v2\/product\/63474","targetHints":{"allow":["GET"]}}],"collection":[{"href":"https:\/\/www.waterskis.lv\/en\/wp-json\/wp\/v2\/product"}],"about":[{"href":"https:\/\/www.waterskis.lv\/en\/wp-json\/wp\/v2\/types\/product"}],"replies":[{"embeddable":true,"href":"https:\/\/www.waterskis.lv\/en\/wp-json\/wp\/v2\/comments?post=63474"}],"wp:featuredmedia":[{"embeddable":true,"href":"https:\/\/www.waterskis.lv\/en\/wp-json\/wp\/v2\/media\/63472"}],"wp:attachment":[{"href":"https:\/\/www.waterskis.lv\/en\/wp-json\/wp\/v2\/media?parent=63474"}],"wp:term":[{"taxonomy":"product_brand","embeddable":true,"href":"https:\/\/www.waterskis.lv\/en\/wp-json\/wp\/v2\/product_brand?post=63474"},{"taxonomy":"product_cat","embeddable":true,"href":"https:\/\/www.waterskis.lv\/en\/wp-json\/wp\/v2\/product_cat?post=63474"},{"taxonomy":"product_tag","embeddable":true,"href":"https:\/\/www.waterskis.lv\/en\/wp-json\/wp\/v2\/product_tag?post=63474"}],"curies":[{"name":"wp","href":"https:\/\/api.w.org\/{rel}","templated":true}]}}