{"id":63604,"date":"2025-02-16T14:35:57","date_gmt":"2025-02-16T12:35:57","guid":{"rendered":"https:\/\/www.waterskis.lv\/product\/sup-jogas-delis-aqua-marina-dhyana-108-yoga-sup-325-x-86-5-x-15cm\/"},"modified":"2026-02-01T13:00:22","modified_gmt":"2026-02-01T11:00:22","slug":"aqua-marina-dhyana-108-yoga-sup-325-x-86-5-x-15cm","status":"publish","type":"product","link":"https:\/\/www.waterskis.lv\/en\/product\/aqua-marina-dhyana-108-yoga-sup-325-x-86-5-x-15cm\/","title":{"rendered":"Aqua Marina Dhyana 10\u00b48 Yoga SUP\u00a0\u00a0&#8211; 325 x 86.5 x 15cm"},"content":{"rendered":"<h1>Aqua Marina Dhyana 10\u00b48 Yoga SUP\u00a0\u00a0&#8211; 325 x 86.5 x 15cm<\/h1>\n<p>Aqua Marina Dhyana 10\u00b48 Yoga SUP\u00a0\u00a0&#8211; 325 x 86.5 x 15cm<\/p>\n<p>&nbsp;<\/p>\n<p><b>Join nature&#8217;s yoga class!<\/b><\/p>\n<p>The DHYANA was designed with yoga enthusiasts in mind. This ultra-versatile board has a refined shape and updated size for 2023 making it perfect for both exercise and all-around paddling.<\/p>\n<p>The full coverage EVA deck allows better grip as you conquer new yoga poses while the 2-in-1 carry strap offers the familiarity of carrying your yoga mat.<\/p>\n<p>At the end of a tough workout, enjoy its smooth glide on the water to cool down.<\/p>\n<p>&nbsp;<\/p>\n<p><b>KEY FEATURES<\/b><\/p>\n<ul>\n<li>Ultra-elastic RED STRAP\u2122 bungee system<\/li>\n<li>Full sand-ripple deck featuring textured grooving for ultimate comfort and grip<\/li>\n<li>2-in-1 carry strap designed for easy transport of both inflated and deflated boards (Inspired by traditional yoga mat straps, this versatile accessory will make portability a breeze.)<\/li>\n<li>Easy-to-use Swift Attach Fin System (SAFS\u2122) for fast and secure fin attachment<\/li>\n<\/ul>\n<p>&nbsp;<\/p>\n<p><b>DROP STITCH LIGHT TECHNOLOGY<\/b><\/p>\n<p><b>Quality construction, portable packing and durable yet affordable solution.<\/b><\/p>\n<ul>\n<li>Double Wall Fabric drop stitch core<\/li>\n<li>Light and printed tarpaulin layer<\/li>\n<li>First PVC rail layer<\/li>\n<li>Second PVC rail layer<\/li>\n<li>Machine Pressed EVA footpad<\/li>\n<\/ul>\n<p>&nbsp;<\/p>\n<p><b>Dhyana Specifications<\/b><\/p>\n<ul>\n<li>Length\u00a0\u00a010&#8217;8&#8243; \/\u00a0\u00a0\u00a0\u00a0325cm<\/li>\n<li>Width\u00a0\u00a0\u00a0\u00a0\u00a0\u00a0 34&#8243; \/\u00a0\u00a0 86,5cm<\/li>\n<li>Thickness 6&#8243; \/\u00a0\u00a0\u00a0\u00a0\u00a0\u00a015cm<\/li>\n<li>Volume\u00a0\u00a0347L<\/li>\n<li>Net weight\u00a0\u00a0\u00a0\u00a0\u00a0\u00a0\u00a0\u00a0 21.2 lbs \/ 9.6 kg<\/li>\n<li>Max. payload\u00a0\u00a0\u00a0\u00a0 341 lbs \/155 kg<\/li>\n<li>Max. air pressure\u00a0\u00a015 psi<\/li>\n<\/ul>\n<p>&nbsp;<\/p>\n<p><b>Package Includes<\/b><\/p>\n<p>Zip Backpack, Double Action Pump LIQUID AIR V1, Sports III Paddle, Swith Attach Center Fin, Coil Leash, 2-IN-1 Carry Strap, Paddle Holder, 3x Connection Strap<\/p>\n<p>&nbsp;<\/p>\n<p><b>Keywords<\/b><\/p>\n<p>I SUP, inflatable SUP, Stand Up Paddling,Stand Up Paddleboard, Aquamarina, SupKayak,Yoga, Fintess,<\/p>\n<p>&nbsp;<\/p>\n<p>INFORMATION: We strongly recommend wearing a floating device\/buoyancy aid when using the stand up paddle board. Floating devices\/buoyancy aids give lift after a fall into the water and maintain the ability to swim and move. A floating device\/buoyancy aid is not included in scope of delivery.<\/p>\n","protected":false},"excerpt":{"rendered":"<p>https:\/\/www.youtube.com\/watch?v=mZJ3O4l9Q0Q [&#8230;]<\/p>\n<p><a class=\"btn btn-secondary understrap-read-more-link\" href=\"https:\/\/www.waterskis.lv\/en\/product\/aqua-marina-dhyana-108-yoga-sup-325-x-86-5-x-15cm\/\">Read More&#8230;<\/a><\/p>\n","protected":false},"featured_media":63575,"comment_status":"closed","ping_status":"closed","template":"","meta":{"_acf_changed":false,"inline_featured_image":false},"product_brand":[1287],"product_cat":[1098,700,502],"product_tag":[3164,3172,1334,3173,3174,1335,3131,1316,3175,3140,3176,3141],"class_list":{"0":"post-63604","1":"product","2":"type-product","3":"status-publish","4":"has-post-thumbnail","6":"product_brand-aqua-marina","7":"product_cat-aqua-marine-paddleboards","8":"product_cat-inflatable-sup-boards","9":"product_cat-stand-up-paddle-boards","10":"product_tag-aqua-marina","11":"product_tag-aufblasbares-sup","12":"product_tag-paddle-boards","13":"product_tag-stand-up-paddleboard","14":"product_tag-stand-up-paddling","15":"product_tag-sup","16":"product_tag-sup-boards","17":"product_tag-sup-delis","18":"product_tag-sup-surfer","19":"product_tag-sup-","20":"product_tag-supkayak","21":"product_tag-3141","23":"first","24":"instock","25":"shipping-taxable","26":"purchasable","27":"product-type-simple"},"acf":[],"yoast_head":"<!-- This site is optimized with the Yoast SEO plugin v27.2 - https:\/\/yoast.com\/product\/yoast-seo-wordpress\/ -->\n<title>Aqua Marina Dhyana 10\u00b48 Yoga SUP\u00a0\u00a0- 325 x 86.5 x 15cm - WATERSKIS.LV<\/title>\n<meta name=\"description\" content=\"Aqua Marina Dhyana 10\u00b48 Yoga SUP\u00a0\u00a0- 325 x 86.5 x 15cm was designed with yoga enthusiasts in mind. This ultra-versatile board has a refined shape and updated\" \/>\n<meta name=\"robots\" content=\"index, follow, max-snippet:-1, max-image-preview:large, max-video-preview:-1\" \/>\n<link rel=\"canonical\" href=\"https:\/\/www.waterskis.lv\/en\/product\/aqua-marina-dhyana-108-yoga-sup-325-x-86-5-x-15cm\/\" \/>\n<meta property=\"og:locale\" content=\"en_US\" \/>\n<meta property=\"og:type\" content=\"article\" \/>\n<meta property=\"og:title\" content=\"Aqua Marina Dhyana 10\u00b48 Yoga SUP\u00a0\u00a0- 325 x 86.5 x 15cm - WATERSKIS.LV\" \/>\n<meta property=\"og:description\" content=\"Aqua Marina Dhyana 10\u00b48 Yoga SUP\u00a0\u00a0- 325 x 86.5 x 15cm was designed with yoga enthusiasts in mind. This ultra-versatile board has a refined shape and updated\" \/>\n<meta property=\"og:url\" content=\"https:\/\/www.waterskis.lv\/en\/product\/aqua-marina-dhyana-108-yoga-sup-325-x-86-5-x-15cm\/\" \/>\n<meta property=\"og:site_name\" content=\"WATERSKIS.LV\" \/>\n<meta property=\"article:publisher\" content=\"https:\/\/www.facebook.com\/jurmalawaterskiwakeboardpark\/\" \/>\n<meta property=\"article:modified_time\" content=\"2026-02-01T11:00:22+00:00\" \/>\n<meta property=\"og:image\" content=\"https:\/\/www.waterskis.lv\/wp-content\/uploads\/2025\/02\/dhyana_2023_-_336_x_91_x_15_23129_1.webp\" \/>\n\t<meta property=\"og:image:width\" content=\"2000\" \/>\n\t<meta property=\"og:image:height\" content=\"2000\" \/>\n\t<meta property=\"og:image:type\" content=\"image\/webp\" \/>\n<meta name=\"twitter:card\" content=\"summary_large_image\" \/>\n<meta name=\"twitter:label1\" content=\"Est. reading time\" \/>\n\t<meta name=\"twitter:data1\" content=\"2 minutes\" \/>\n<script type=\"application\/ld+json\" class=\"yoast-schema-graph\">{\"@context\":\"https:\/\/schema.org\",\"@graph\":[{\"@type\":\"WebPage\",\"@id\":\"https:\/\/www.waterskis.lv\/en\/product\/aqua-marina-dhyana-108-yoga-sup-325-x-86-5-x-15cm\/\",\"url\":\"https:\/\/www.waterskis.lv\/en\/product\/aqua-marina-dhyana-108-yoga-sup-325-x-86-5-x-15cm\/\",\"name\":\"Aqua Marina Dhyana 10\u00b48 Yoga SUP\u00a0\u00a0- 325 x 86.5 x 15cm - WATERSKIS.LV\",\"isPartOf\":{\"@id\":\"https:\/\/www.waterskis.lv\/en\/#website\"},\"primaryImageOfPage\":{\"@id\":\"https:\/\/www.waterskis.lv\/en\/product\/aqua-marina-dhyana-108-yoga-sup-325-x-86-5-x-15cm\/#primaryimage\"},\"image\":{\"@id\":\"https:\/\/www.waterskis.lv\/en\/product\/aqua-marina-dhyana-108-yoga-sup-325-x-86-5-x-15cm\/#primaryimage\"},\"thumbnailUrl\":\"https:\/\/www.waterskis.lv\/wp-content\/uploads\/2025\/02\/dhyana_2023_-_336_x_91_x_15_23129_1.webp\",\"datePublished\":\"2025-02-16T12:35:57+00:00\",\"dateModified\":\"2026-02-01T11:00:22+00:00\",\"description\":\"Aqua Marina Dhyana 10\u00b48 Yoga SUP\u00a0\u00a0- 325 x 86.5 x 15cm was designed with yoga enthusiasts in mind. This ultra-versatile board has a refined shape and updated\",\"breadcrumb\":{\"@id\":\"https:\/\/www.waterskis.lv\/en\/product\/aqua-marina-dhyana-108-yoga-sup-325-x-86-5-x-15cm\/#breadcrumb\"},\"inLanguage\":\"en-US\",\"potentialAction\":[{\"@type\":\"ReadAction\",\"target\":[\"https:\/\/www.waterskis.lv\/en\/product\/aqua-marina-dhyana-108-yoga-sup-325-x-86-5-x-15cm\/\"]}]},{\"@type\":\"ImageObject\",\"inLanguage\":\"en-US\",\"@id\":\"https:\/\/www.waterskis.lv\/en\/product\/aqua-marina-dhyana-108-yoga-sup-325-x-86-5-x-15cm\/#primaryimage\",\"url\":\"https:\/\/www.waterskis.lv\/wp-content\/uploads\/2025\/02\/dhyana_2023_-_336_x_91_x_15_23129_1.webp\",\"contentUrl\":\"https:\/\/www.waterskis.lv\/wp-content\/uploads\/2025\/02\/dhyana_2023_-_336_x_91_x_15_23129_1.webp\",\"width\":2000,\"height\":2000,\"caption\":\"SUP Jogas d\u0113lis Aqua Marina Dhyana 10\u00b48 Yoga SUP\u00a0\u00a0- 325 x 86.5 x 15cm\"},{\"@type\":\"BreadcrumbList\",\"@id\":\"https:\/\/www.waterskis.lv\/en\/product\/aqua-marina-dhyana-108-yoga-sup-325-x-86-5-x-15cm\/#breadcrumb\",\"itemListElement\":[{\"@type\":\"ListItem\",\"position\":1,\"name\":\"Home\",\"item\":\"https:\/\/www.waterskis.lv\/en\/\"},{\"@type\":\"ListItem\",\"position\":2,\"name\":\"Shop\",\"item\":\"https:\/\/waterskis.lv\/en\/shop\/\"},{\"@type\":\"ListItem\",\"position\":3,\"name\":\"Aqua Marina Dhyana 10\u00b48 Yoga SUP\u00a0\u00a0&#8211; 325 x 86.5 x 15cm\"}]},{\"@type\":\"WebSite\",\"@id\":\"https:\/\/www.waterskis.lv\/en\/#website\",\"url\":\"https:\/\/www.waterskis.lv\/en\/\",\"name\":\"WATERSKIS.LV\",\"description\":\"SUP d\u0113\u013ci, kajaki, kanoe, airu laivas, \u016bdenssl\u0113po\u0161ana, veikbords, SUP d\u0113\u013cu noma, kajaku nomaakt\u012bv\u0101s atp\u016btas centrs, laivu noma, sup noma, kajaku noma\",\"publisher\":{\"@id\":\"https:\/\/www.waterskis.lv\/en\/#organization\"},\"potentialAction\":[{\"@type\":\"SearchAction\",\"target\":{\"@type\":\"EntryPoint\",\"urlTemplate\":\"https:\/\/www.waterskis.lv\/en\/?s={search_term_string}\"},\"query-input\":{\"@type\":\"PropertyValueSpecification\",\"valueRequired\":true,\"valueName\":\"search_term_string\"}}],\"inLanguage\":\"en-US\"},{\"@type\":\"Organization\",\"@id\":\"https:\/\/www.waterskis.lv\/en\/#organization\",\"name\":\"WATERSKIS.LV\",\"url\":\"https:\/\/www.waterskis.lv\/en\/\",\"logo\":{\"@type\":\"ImageObject\",\"inLanguage\":\"en-US\",\"@id\":\"https:\/\/www.waterskis.lv\/en\/#\/schema\/logo\/image\/\",\"url\":\"https:\/\/www.waterskis.lv\/wp-content\/uploads\/2025\/01\/JUVP-logo.png\",\"contentUrl\":\"https:\/\/www.waterskis.lv\/wp-content\/uploads\/2025\/01\/JUVP-logo.png\",\"width\":421,\"height\":202,\"caption\":\"WATERSKIS.LV\"},\"image\":{\"@id\":\"https:\/\/www.waterskis.lv\/en\/#\/schema\/logo\/image\/\"},\"sameAs\":[\"https:\/\/www.facebook.com\/jurmalawaterskiwakeboardpark\/\"]}]}<\/script>\n<!-- \/ Yoast SEO plugin. -->","yoast_head_json":{"title":"Aqua Marina Dhyana 10\u00b48 Yoga SUP\u00a0\u00a0- 325 x 86.5 x 15cm - WATERSKIS.LV","description":"Aqua Marina Dhyana 10\u00b48 Yoga SUP\u00a0\u00a0- 325 x 86.5 x 15cm was designed with yoga enthusiasts in mind. This ultra-versatile board has a refined shape and updated","robots":{"index":"index","follow":"follow","max-snippet":"max-snippet:-1","max-image-preview":"max-image-preview:large","max-video-preview":"max-video-preview:-1"},"canonical":"https:\/\/www.waterskis.lv\/en\/product\/aqua-marina-dhyana-108-yoga-sup-325-x-86-5-x-15cm\/","og_locale":"en_US","og_type":"article","og_title":"Aqua Marina Dhyana 10\u00b48 Yoga SUP\u00a0\u00a0- 325 x 86.5 x 15cm - WATERSKIS.LV","og_description":"Aqua Marina Dhyana 10\u00b48 Yoga SUP\u00a0\u00a0- 325 x 86.5 x 15cm was designed with yoga enthusiasts in mind. This ultra-versatile board has a refined shape and updated","og_url":"https:\/\/www.waterskis.lv\/en\/product\/aqua-marina-dhyana-108-yoga-sup-325-x-86-5-x-15cm\/","og_site_name":"WATERSKIS.LV","article_publisher":"https:\/\/www.facebook.com\/jurmalawaterskiwakeboardpark\/","article_modified_time":"2026-02-01T11:00:22+00:00","og_image":[{"width":2000,"height":2000,"url":"https:\/\/www.waterskis.lv\/wp-content\/uploads\/2025\/02\/dhyana_2023_-_336_x_91_x_15_23129_1.webp","type":"image\/webp"}],"twitter_card":"summary_large_image","twitter_misc":{"Est. reading time":"2 minutes"},"schema":{"@context":"https:\/\/schema.org","@graph":[{"@type":"WebPage","@id":"https:\/\/www.waterskis.lv\/en\/product\/aqua-marina-dhyana-108-yoga-sup-325-x-86-5-x-15cm\/","url":"https:\/\/www.waterskis.lv\/en\/product\/aqua-marina-dhyana-108-yoga-sup-325-x-86-5-x-15cm\/","name":"Aqua Marina Dhyana 10\u00b48 Yoga SUP\u00a0\u00a0- 325 x 86.5 x 15cm - WATERSKIS.LV","isPartOf":{"@id":"https:\/\/www.waterskis.lv\/en\/#website"},"primaryImageOfPage":{"@id":"https:\/\/www.waterskis.lv\/en\/product\/aqua-marina-dhyana-108-yoga-sup-325-x-86-5-x-15cm\/#primaryimage"},"image":{"@id":"https:\/\/www.waterskis.lv\/en\/product\/aqua-marina-dhyana-108-yoga-sup-325-x-86-5-x-15cm\/#primaryimage"},"thumbnailUrl":"https:\/\/www.waterskis.lv\/wp-content\/uploads\/2025\/02\/dhyana_2023_-_336_x_91_x_15_23129_1.webp","datePublished":"2025-02-16T12:35:57+00:00","dateModified":"2026-02-01T11:00:22+00:00","description":"Aqua Marina Dhyana 10\u00b48 Yoga SUP\u00a0\u00a0- 325 x 86.5 x 15cm was designed with yoga enthusiasts in mind. This ultra-versatile board has a refined shape and updated","breadcrumb":{"@id":"https:\/\/www.waterskis.lv\/en\/product\/aqua-marina-dhyana-108-yoga-sup-325-x-86-5-x-15cm\/#breadcrumb"},"inLanguage":"en-US","potentialAction":[{"@type":"ReadAction","target":["https:\/\/www.waterskis.lv\/en\/product\/aqua-marina-dhyana-108-yoga-sup-325-x-86-5-x-15cm\/"]}]},{"@type":"ImageObject","inLanguage":"en-US","@id":"https:\/\/www.waterskis.lv\/en\/product\/aqua-marina-dhyana-108-yoga-sup-325-x-86-5-x-15cm\/#primaryimage","url":"https:\/\/www.waterskis.lv\/wp-content\/uploads\/2025\/02\/dhyana_2023_-_336_x_91_x_15_23129_1.webp","contentUrl":"https:\/\/www.waterskis.lv\/wp-content\/uploads\/2025\/02\/dhyana_2023_-_336_x_91_x_15_23129_1.webp","width":2000,"height":2000,"caption":"SUP Jogas d\u0113lis Aqua Marina Dhyana 10\u00b48 Yoga SUP\u00a0\u00a0- 325 x 86.5 x 15cm"},{"@type":"BreadcrumbList","@id":"https:\/\/www.waterskis.lv\/en\/product\/aqua-marina-dhyana-108-yoga-sup-325-x-86-5-x-15cm\/#breadcrumb","itemListElement":[{"@type":"ListItem","position":1,"name":"Home","item":"https:\/\/www.waterskis.lv\/en\/"},{"@type":"ListItem","position":2,"name":"Shop","item":"https:\/\/waterskis.lv\/en\/shop\/"},{"@type":"ListItem","position":3,"name":"Aqua Marina Dhyana 10\u00b48 Yoga SUP\u00a0\u00a0&#8211; 325 x 86.5 x 15cm"}]},{"@type":"WebSite","@id":"https:\/\/www.waterskis.lv\/en\/#website","url":"https:\/\/www.waterskis.lv\/en\/","name":"WATERSKIS.LV","description":"SUP d\u0113\u013ci, kajaki, kanoe, airu laivas, \u016bdenssl\u0113po\u0161ana, veikbords, SUP d\u0113\u013cu noma, kajaku nomaakt\u012bv\u0101s atp\u016btas centrs, laivu noma, sup noma, kajaku noma","publisher":{"@id":"https:\/\/www.waterskis.lv\/en\/#organization"},"potentialAction":[{"@type":"SearchAction","target":{"@type":"EntryPoint","urlTemplate":"https:\/\/www.waterskis.lv\/en\/?s={search_term_string}"},"query-input":{"@type":"PropertyValueSpecification","valueRequired":true,"valueName":"search_term_string"}}],"inLanguage":"en-US"},{"@type":"Organization","@id":"https:\/\/www.waterskis.lv\/en\/#organization","name":"WATERSKIS.LV","url":"https:\/\/www.waterskis.lv\/en\/","logo":{"@type":"ImageObject","inLanguage":"en-US","@id":"https:\/\/www.waterskis.lv\/en\/#\/schema\/logo\/image\/","url":"https:\/\/www.waterskis.lv\/wp-content\/uploads\/2025\/01\/JUVP-logo.png","contentUrl":"https:\/\/www.waterskis.lv\/wp-content\/uploads\/2025\/01\/JUVP-logo.png","width":421,"height":202,"caption":"WATERSKIS.LV"},"image":{"@id":"https:\/\/www.waterskis.lv\/en\/#\/schema\/logo\/image\/"},"sameAs":["https:\/\/www.facebook.com\/jurmalawaterskiwakeboardpark\/"]}]}},"_links":{"self":[{"href":"https:\/\/www.waterskis.lv\/en\/wp-json\/wp\/v2\/product\/63604","targetHints":{"allow":["GET"]}}],"collection":[{"href":"https:\/\/www.waterskis.lv\/en\/wp-json\/wp\/v2\/product"}],"about":[{"href":"https:\/\/www.waterskis.lv\/en\/wp-json\/wp\/v2\/types\/product"}],"replies":[{"embeddable":true,"href":"https:\/\/www.waterskis.lv\/en\/wp-json\/wp\/v2\/comments?post=63604"}],"wp:featuredmedia":[{"embeddable":true,"href":"https:\/\/www.waterskis.lv\/en\/wp-json\/wp\/v2\/media\/63575"}],"wp:attachment":[{"href":"https:\/\/www.waterskis.lv\/en\/wp-json\/wp\/v2\/media?parent=63604"}],"wp:term":[{"taxonomy":"product_brand","embeddable":true,"href":"https:\/\/www.waterskis.lv\/en\/wp-json\/wp\/v2\/product_brand?post=63604"},{"taxonomy":"product_cat","embeddable":true,"href":"https:\/\/www.waterskis.lv\/en\/wp-json\/wp\/v2\/product_cat?post=63604"},{"taxonomy":"product_tag","embeddable":true,"href":"https:\/\/www.waterskis.lv\/en\/wp-json\/wp\/v2\/product_tag?post=63604"}],"curies":[{"name":"wp","href":"https:\/\/api.w.org\/{rel}","templated":true}]}}