{"id":63718,"date":"2025-02-17T11:20:32","date_gmt":"2025-02-17T09:20:32","guid":{"rendered":"https:\/\/www.waterskis.lv\/product\/aqua-marina-magma-earth-wave-uzlabots-universals-isup-3-4-m-15-cm\/"},"modified":"2026-02-01T12:57:56","modified_gmt":"2026-02-01T10:57:56","slug":"aqua-marina-magma-earth-wave-advanced-all-around-isup-3-4m-15cm","status":"publish","type":"product","link":"https:\/\/www.waterskis.lv\/en\/product\/aqua-marina-magma-earth-wave-advanced-all-around-isup-3-4m-15cm\/","title":{"rendered":"Aqua Marina Magma (Earth Wave) &#8211; Advanced All-around iSUP 3.4m\/15cm"},"content":{"rendered":"<h1>Aqua Marina Magma (Earth Wave) &#8211; Advanced All-around iSUP 3.4m\/15cm<\/h1>\n<p>Aqua Marina Magma (Earth Wave) &#8211; Advanced All-around iSUP 3.4m\/15cm<\/p>\n<p>&nbsp;<\/p>\n<p><b>Our 2023 ALL-AROUND ADVANCED<\/b><\/p>\n<p>series is perfect for paddlers looking for versatility, but with additional stiffness and reinforcements than our ALL-AROUND series.<\/p>\n<p>The remastered series features remarkable upgrades this year including excellent stability, improved rigidity,<\/p>\n<p>and smoother paddling to make it truly advanced.<\/p>\n<p>&nbsp;<\/p>\n<p><b>Equipped<\/b><\/p>\n<p>with our latest RED STRAP\u2122 bungee system, carry more cargo with ease and safety under its ultra-elasticity.<\/p>\n<p>Our patented Swift Attach Fin System (SAFS\u2122) ensures you can get setup without fuss and the new tail kick pad makes it easy to manoeuvre turns.<\/p>\n<p>Meanwhile, awesome accessories such as a carbon and fibreglass hybrid paddle and anti-drag coil leash offer unparalleled performance!<\/p>\n<p>&nbsp;<\/p>\n<p><b>DOUBLE STRINGER TECHNOLOGY<\/b><\/p>\n<p>Quality construction, portable packing and durable yet affordable solution.<\/p>\n<ul>\n<li>Compression stringers<\/li>\n<li>Double Wall Fabric drop stitch core<\/li>\n<li>Light and printed tarpaulin layer<\/li>\n<li>First PVC rail layer<\/li>\n<li>Second PVC rail layer<\/li>\n<li>Extra rail-band reinforcement<\/li>\n<li>Machine-pressed EVA footpad<\/li>\n<\/ul>\n<p>&nbsp;<\/p>\n<p><b>Magma SPECIFICATIONS<\/b><\/p>\n<ul>\n<li>Lenght: 11\u00b42 \/ 340cm<\/li>\n<li>Width: 33&#8243; \/ 84cm<\/li>\n<li>Thickness: 6\u00b4 \/ 15cm<\/li>\n<li>Volume: 340L<\/li>\n<li>Net Weight: 23.1lbs \/ 10.5 kg<\/li>\n<li>Max. Payload: 330 lbs \/ 150 kg<\/li>\n<li>Max air pressure: 15 psi<\/li>\n<\/ul>\n<p>&nbsp;<\/p>\n<p><b>Scope of delivery<\/b><\/p>\n<p>Eco-friedly Zipper backpack, Double Action Pumpe LIQUID AIR V2, Carbon Hybrid Paddle, Swift Attach Center Finne, Coil Leash<\/p>\n<p>&nbsp;<\/p>\n<p><b>Keywords<\/b><\/p>\n<p>I SUP, Stand Up Paddling, SUP Surfer, Stand Up Paddleboard, Aquamarina, SupKayak<\/p>\n<p>&nbsp;<\/p>\n<p>INFORMATION: We strongly recommend wearing a floating device\/buoyancy aid when using the stand up paddle board. Floating devices\/buoyancy aids give lift after a fall into the water and maintain the ability to swim and move. A floating device\/buoyancy aid is not included in scope of delivery.<\/p>\n","protected":false},"excerpt":{"rendered":"<p>https:\/\/www.youtube.com\/watch?v=7DrGQdgb0Wk [&#8230;]<\/p>\n<p><a class=\"btn btn-secondary understrap-read-more-link\" href=\"https:\/\/www.waterskis.lv\/en\/product\/aqua-marina-magma-earth-wave-advanced-all-around-isup-3-4m-15cm\/\">Read More&#8230;<\/a><\/p>\n","protected":false},"featured_media":63695,"comment_status":"closed","ping_status":"closed","template":"","meta":{"_acf_changed":false,"inline_featured_image":false},"product_brand":[1287],"product_cat":[1098,700,502],"product_tag":[3172,1334,1355,3173,3174,1335,3131,3175,3140,3176,3141],"class_list":{"0":"post-63718","1":"product","2":"type-product","3":"status-publish","4":"has-post-thumbnail","6":"product_brand-aqua-marina","7":"product_cat-aqua-marine-paddleboards","8":"product_cat-inflatable-sup-boards","9":"product_cat-stand-up-paddle-boards","10":"product_tag-aufblasbares-sup","11":"product_tag-paddle-boards","12":"product_tag-piepusams-sup-delis","13":"product_tag-stand-up-paddleboard","14":"product_tag-stand-up-paddling","15":"product_tag-sup","16":"product_tag-sup-boards","17":"product_tag-sup-surfer","18":"product_tag-sup-","19":"product_tag-supkayak","20":"product_tag-3141","22":"first","23":"instock","24":"shipping-taxable","25":"purchasable","26":"product-type-simple"},"acf":[],"yoast_head":"<!-- This site is optimized with the Yoast SEO plugin v27.2 - https:\/\/yoast.com\/product\/yoast-seo-wordpress\/ -->\n<title>Aqua Marina Magma (Earth Wave) - Advanced All-around iSUP 3.4m\/15cm - WATERSKIS.LV<\/title>\n<meta name=\"description\" content=\"Aqua Marina Magma (Earth Wave) - Advanced All-around iSUP 3.4m\/15cm for paddlers looking for versatility, but with additional stiffness and reinforcements\" \/>\n<meta name=\"robots\" content=\"index, follow, max-snippet:-1, max-image-preview:large, max-video-preview:-1\" \/>\n<link rel=\"canonical\" href=\"https:\/\/www.waterskis.lv\/en\/product\/aqua-marina-magma-earth-wave-advanced-all-around-isup-3-4m-15cm\/\" \/>\n<meta property=\"og:locale\" content=\"en_US\" \/>\n<meta property=\"og:type\" content=\"article\" \/>\n<meta property=\"og:title\" content=\"Aqua Marina Magma (Earth Wave) - Advanced All-around iSUP 3.4m\/15cm - WATERSKIS.LV\" \/>\n<meta property=\"og:description\" content=\"Aqua Marina Magma (Earth Wave) - Advanced All-around iSUP 3.4m\/15cm for paddlers looking for versatility, but with additional stiffness and reinforcements\" \/>\n<meta property=\"og:url\" content=\"https:\/\/www.waterskis.lv\/en\/product\/aqua-marina-magma-earth-wave-advanced-all-around-isup-3-4m-15cm\/\" \/>\n<meta property=\"og:site_name\" content=\"WATERSKIS.LV\" \/>\n<meta property=\"article:publisher\" content=\"https:\/\/www.facebook.com\/jurmalawaterskiwakeboardpark\/\" \/>\n<meta property=\"article:modified_time\" content=\"2026-02-01T10:57:56+00:00\" \/>\n<meta property=\"og:image\" content=\"https:\/\/www.waterskis.lv\/wp-content\/uploads\/2025\/02\/magma__earth_wave__-_advanced_all-around_23123_1.webp\" \/>\n\t<meta property=\"og:image:width\" content=\"768\" \/>\n\t<meta property=\"og:image:height\" content=\"768\" \/>\n\t<meta property=\"og:image:type\" content=\"image\/webp\" \/>\n<meta name=\"twitter:card\" content=\"summary_large_image\" \/>\n<meta name=\"twitter:label1\" content=\"Est. reading time\" \/>\n\t<meta name=\"twitter:data1\" content=\"2 minutes\" \/>\n<script type=\"application\/ld+json\" class=\"yoast-schema-graph\">{\"@context\":\"https:\/\/schema.org\",\"@graph\":[{\"@type\":\"WebPage\",\"@id\":\"https:\/\/www.waterskis.lv\/en\/product\/aqua-marina-magma-earth-wave-advanced-all-around-isup-3-4m-15cm\/\",\"url\":\"https:\/\/www.waterskis.lv\/en\/product\/aqua-marina-magma-earth-wave-advanced-all-around-isup-3-4m-15cm\/\",\"name\":\"Aqua Marina Magma (Earth Wave) - Advanced All-around iSUP 3.4m\/15cm - WATERSKIS.LV\",\"isPartOf\":{\"@id\":\"https:\/\/www.waterskis.lv\/en\/#website\"},\"primaryImageOfPage\":{\"@id\":\"https:\/\/www.waterskis.lv\/en\/product\/aqua-marina-magma-earth-wave-advanced-all-around-isup-3-4m-15cm\/#primaryimage\"},\"image\":{\"@id\":\"https:\/\/www.waterskis.lv\/en\/product\/aqua-marina-magma-earth-wave-advanced-all-around-isup-3-4m-15cm\/#primaryimage\"},\"thumbnailUrl\":\"https:\/\/www.waterskis.lv\/wp-content\/uploads\/2025\/02\/magma__earth_wave__-_advanced_all-around_23123_1.webp\",\"datePublished\":\"2025-02-17T09:20:32+00:00\",\"dateModified\":\"2026-02-01T10:57:56+00:00\",\"description\":\"Aqua Marina Magma (Earth Wave) - Advanced All-around iSUP 3.4m\/15cm for paddlers looking for versatility, but with additional stiffness and reinforcements\",\"breadcrumb\":{\"@id\":\"https:\/\/www.waterskis.lv\/en\/product\/aqua-marina-magma-earth-wave-advanced-all-around-isup-3-4m-15cm\/#breadcrumb\"},\"inLanguage\":\"en-US\",\"potentialAction\":[{\"@type\":\"ReadAction\",\"target\":[\"https:\/\/www.waterskis.lv\/en\/product\/aqua-marina-magma-earth-wave-advanced-all-around-isup-3-4m-15cm\/\"]}]},{\"@type\":\"ImageObject\",\"inLanguage\":\"en-US\",\"@id\":\"https:\/\/www.waterskis.lv\/en\/product\/aqua-marina-magma-earth-wave-advanced-all-around-isup-3-4m-15cm\/#primaryimage\",\"url\":\"https:\/\/www.waterskis.lv\/wp-content\/uploads\/2025\/02\/magma__earth_wave__-_advanced_all-around_23123_1.webp\",\"contentUrl\":\"https:\/\/www.waterskis.lv\/wp-content\/uploads\/2025\/02\/magma__earth_wave__-_advanced_all-around_23123_1.webp\",\"width\":768,\"height\":768,\"caption\":\"Aqua Marina Magma (Earth Wave) \u2014 uzlabots univers\u0101ls iSUP 3.4 m\/15 cm\"},{\"@type\":\"BreadcrumbList\",\"@id\":\"https:\/\/www.waterskis.lv\/en\/product\/aqua-marina-magma-earth-wave-advanced-all-around-isup-3-4m-15cm\/#breadcrumb\",\"itemListElement\":[{\"@type\":\"ListItem\",\"position\":1,\"name\":\"Home\",\"item\":\"https:\/\/www.waterskis.lv\/en\/\"},{\"@type\":\"ListItem\",\"position\":2,\"name\":\"Shop\",\"item\":\"https:\/\/waterskis.lv\/en\/shop\/\"},{\"@type\":\"ListItem\",\"position\":3,\"name\":\"Aqua Marina Magma (Earth Wave) &#8211; Advanced All-around iSUP 3.4m\/15cm\"}]},{\"@type\":\"WebSite\",\"@id\":\"https:\/\/www.waterskis.lv\/en\/#website\",\"url\":\"https:\/\/www.waterskis.lv\/en\/\",\"name\":\"WATERSKIS.LV\",\"description\":\"SUP d\u0113\u013ci, kajaki, kanoe, airu laivas, \u016bdenssl\u0113po\u0161ana, veikbords, SUP d\u0113\u013cu noma, kajaku nomaakt\u012bv\u0101s atp\u016btas centrs, laivu noma, sup noma, kajaku noma\",\"publisher\":{\"@id\":\"https:\/\/www.waterskis.lv\/en\/#organization\"},\"potentialAction\":[{\"@type\":\"SearchAction\",\"target\":{\"@type\":\"EntryPoint\",\"urlTemplate\":\"https:\/\/www.waterskis.lv\/en\/?s={search_term_string}\"},\"query-input\":{\"@type\":\"PropertyValueSpecification\",\"valueRequired\":true,\"valueName\":\"search_term_string\"}}],\"inLanguage\":\"en-US\"},{\"@type\":\"Organization\",\"@id\":\"https:\/\/www.waterskis.lv\/en\/#organization\",\"name\":\"WATERSKIS.LV\",\"url\":\"https:\/\/www.waterskis.lv\/en\/\",\"logo\":{\"@type\":\"ImageObject\",\"inLanguage\":\"en-US\",\"@id\":\"https:\/\/www.waterskis.lv\/en\/#\/schema\/logo\/image\/\",\"url\":\"https:\/\/www.waterskis.lv\/wp-content\/uploads\/2025\/01\/JUVP-logo.png\",\"contentUrl\":\"https:\/\/www.waterskis.lv\/wp-content\/uploads\/2025\/01\/JUVP-logo.png\",\"width\":421,\"height\":202,\"caption\":\"WATERSKIS.LV\"},\"image\":{\"@id\":\"https:\/\/www.waterskis.lv\/en\/#\/schema\/logo\/image\/\"},\"sameAs\":[\"https:\/\/www.facebook.com\/jurmalawaterskiwakeboardpark\/\"]}]}<\/script>\n<!-- \/ Yoast SEO plugin. -->","yoast_head_json":{"title":"Aqua Marina Magma (Earth Wave) - Advanced All-around iSUP 3.4m\/15cm - WATERSKIS.LV","description":"Aqua Marina Magma (Earth Wave) - Advanced All-around iSUP 3.4m\/15cm for paddlers looking for versatility, but with additional stiffness and reinforcements","robots":{"index":"index","follow":"follow","max-snippet":"max-snippet:-1","max-image-preview":"max-image-preview:large","max-video-preview":"max-video-preview:-1"},"canonical":"https:\/\/www.waterskis.lv\/en\/product\/aqua-marina-magma-earth-wave-advanced-all-around-isup-3-4m-15cm\/","og_locale":"en_US","og_type":"article","og_title":"Aqua Marina Magma (Earth Wave) - Advanced All-around iSUP 3.4m\/15cm - WATERSKIS.LV","og_description":"Aqua Marina Magma (Earth Wave) - Advanced All-around iSUP 3.4m\/15cm for paddlers looking for versatility, but with additional stiffness and reinforcements","og_url":"https:\/\/www.waterskis.lv\/en\/product\/aqua-marina-magma-earth-wave-advanced-all-around-isup-3-4m-15cm\/","og_site_name":"WATERSKIS.LV","article_publisher":"https:\/\/www.facebook.com\/jurmalawaterskiwakeboardpark\/","article_modified_time":"2026-02-01T10:57:56+00:00","og_image":[{"width":768,"height":768,"url":"https:\/\/www.waterskis.lv\/wp-content\/uploads\/2025\/02\/magma__earth_wave__-_advanced_all-around_23123_1.webp","type":"image\/webp"}],"twitter_card":"summary_large_image","twitter_misc":{"Est. reading time":"2 minutes"},"schema":{"@context":"https:\/\/schema.org","@graph":[{"@type":"WebPage","@id":"https:\/\/www.waterskis.lv\/en\/product\/aqua-marina-magma-earth-wave-advanced-all-around-isup-3-4m-15cm\/","url":"https:\/\/www.waterskis.lv\/en\/product\/aqua-marina-magma-earth-wave-advanced-all-around-isup-3-4m-15cm\/","name":"Aqua Marina Magma (Earth Wave) - Advanced All-around iSUP 3.4m\/15cm - WATERSKIS.LV","isPartOf":{"@id":"https:\/\/www.waterskis.lv\/en\/#website"},"primaryImageOfPage":{"@id":"https:\/\/www.waterskis.lv\/en\/product\/aqua-marina-magma-earth-wave-advanced-all-around-isup-3-4m-15cm\/#primaryimage"},"image":{"@id":"https:\/\/www.waterskis.lv\/en\/product\/aqua-marina-magma-earth-wave-advanced-all-around-isup-3-4m-15cm\/#primaryimage"},"thumbnailUrl":"https:\/\/www.waterskis.lv\/wp-content\/uploads\/2025\/02\/magma__earth_wave__-_advanced_all-around_23123_1.webp","datePublished":"2025-02-17T09:20:32+00:00","dateModified":"2026-02-01T10:57:56+00:00","description":"Aqua Marina Magma (Earth Wave) - Advanced All-around iSUP 3.4m\/15cm for paddlers looking for versatility, but with additional stiffness and reinforcements","breadcrumb":{"@id":"https:\/\/www.waterskis.lv\/en\/product\/aqua-marina-magma-earth-wave-advanced-all-around-isup-3-4m-15cm\/#breadcrumb"},"inLanguage":"en-US","potentialAction":[{"@type":"ReadAction","target":["https:\/\/www.waterskis.lv\/en\/product\/aqua-marina-magma-earth-wave-advanced-all-around-isup-3-4m-15cm\/"]}]},{"@type":"ImageObject","inLanguage":"en-US","@id":"https:\/\/www.waterskis.lv\/en\/product\/aqua-marina-magma-earth-wave-advanced-all-around-isup-3-4m-15cm\/#primaryimage","url":"https:\/\/www.waterskis.lv\/wp-content\/uploads\/2025\/02\/magma__earth_wave__-_advanced_all-around_23123_1.webp","contentUrl":"https:\/\/www.waterskis.lv\/wp-content\/uploads\/2025\/02\/magma__earth_wave__-_advanced_all-around_23123_1.webp","width":768,"height":768,"caption":"Aqua Marina Magma (Earth Wave) \u2014 uzlabots univers\u0101ls iSUP 3.4 m\/15 cm"},{"@type":"BreadcrumbList","@id":"https:\/\/www.waterskis.lv\/en\/product\/aqua-marina-magma-earth-wave-advanced-all-around-isup-3-4m-15cm\/#breadcrumb","itemListElement":[{"@type":"ListItem","position":1,"name":"Home","item":"https:\/\/www.waterskis.lv\/en\/"},{"@type":"ListItem","position":2,"name":"Shop","item":"https:\/\/waterskis.lv\/en\/shop\/"},{"@type":"ListItem","position":3,"name":"Aqua Marina Magma (Earth Wave) &#8211; Advanced All-around iSUP 3.4m\/15cm"}]},{"@type":"WebSite","@id":"https:\/\/www.waterskis.lv\/en\/#website","url":"https:\/\/www.waterskis.lv\/en\/","name":"WATERSKIS.LV","description":"SUP d\u0113\u013ci, kajaki, kanoe, airu laivas, \u016bdenssl\u0113po\u0161ana, veikbords, SUP d\u0113\u013cu noma, kajaku nomaakt\u012bv\u0101s atp\u016btas centrs, laivu noma, sup noma, kajaku noma","publisher":{"@id":"https:\/\/www.waterskis.lv\/en\/#organization"},"potentialAction":[{"@type":"SearchAction","target":{"@type":"EntryPoint","urlTemplate":"https:\/\/www.waterskis.lv\/en\/?s={search_term_string}"},"query-input":{"@type":"PropertyValueSpecification","valueRequired":true,"valueName":"search_term_string"}}],"inLanguage":"en-US"},{"@type":"Organization","@id":"https:\/\/www.waterskis.lv\/en\/#organization","name":"WATERSKIS.LV","url":"https:\/\/www.waterskis.lv\/en\/","logo":{"@type":"ImageObject","inLanguage":"en-US","@id":"https:\/\/www.waterskis.lv\/en\/#\/schema\/logo\/image\/","url":"https:\/\/www.waterskis.lv\/wp-content\/uploads\/2025\/01\/JUVP-logo.png","contentUrl":"https:\/\/www.waterskis.lv\/wp-content\/uploads\/2025\/01\/JUVP-logo.png","width":421,"height":202,"caption":"WATERSKIS.LV"},"image":{"@id":"https:\/\/www.waterskis.lv\/en\/#\/schema\/logo\/image\/"},"sameAs":["https:\/\/www.facebook.com\/jurmalawaterskiwakeboardpark\/"]}]}},"_links":{"self":[{"href":"https:\/\/www.waterskis.lv\/en\/wp-json\/wp\/v2\/product\/63718","targetHints":{"allow":["GET"]}}],"collection":[{"href":"https:\/\/www.waterskis.lv\/en\/wp-json\/wp\/v2\/product"}],"about":[{"href":"https:\/\/www.waterskis.lv\/en\/wp-json\/wp\/v2\/types\/product"}],"replies":[{"embeddable":true,"href":"https:\/\/www.waterskis.lv\/en\/wp-json\/wp\/v2\/comments?post=63718"}],"wp:featuredmedia":[{"embeddable":true,"href":"https:\/\/www.waterskis.lv\/en\/wp-json\/wp\/v2\/media\/63695"}],"wp:attachment":[{"href":"https:\/\/www.waterskis.lv\/en\/wp-json\/wp\/v2\/media?parent=63718"}],"wp:term":[{"taxonomy":"product_brand","embeddable":true,"href":"https:\/\/www.waterskis.lv\/en\/wp-json\/wp\/v2\/product_brand?post=63718"},{"taxonomy":"product_cat","embeddable":true,"href":"https:\/\/www.waterskis.lv\/en\/wp-json\/wp\/v2\/product_cat?post=63718"},{"taxonomy":"product_tag","embeddable":true,"href":"https:\/\/www.waterskis.lv\/en\/wp-json\/wp\/v2\/product_tag?post=63718"}],"curies":[{"name":"wp","href":"https:\/\/api.w.org\/{rel}","templated":true}]}}