{"id":63917,"date":"2025-02-17T15:24:43","date_gmt":"2025-02-17T13:24:43","guid":{"rendered":"https:\/\/www.waterskis.lv\/product\/piepusama-peldosa-platforma-aqua-marina-peace-82-2023-250-x-90-x-15-cm\/"},"modified":"2026-02-01T12:52:12","modified_gmt":"2026-02-01T10:52:12","slug":"floating-platform-aqua-marina-peace-82-2023-250-x-90-x-15cm","status":"publish","type":"product","link":"https:\/\/www.waterskis.lv\/en\/product\/floating-platform-aqua-marina-peace-82-2023-250-x-90-x-15cm\/","title":{"rendered":"Floating platform Aqua Marina Peace 8\u00b42&#8220;\u00a0\u00a0 2023 &#8211; 250 x 90 x 15cm"},"content":{"rendered":"<h1>Floating platform Aqua Marina Peace 8\u00b42&#8220;\u00a0\u00a0 2023 &#8211; 250 x 90 x 15cm<\/h1>\n<p>Floating platform Aqua Marina Peace 8\u00b42&#8220;\u00a0\u00a0 2023 &#8211; 250 x 90 x 15cm<\/p>\n<p><b>Find your balance on the water!<\/b><\/p>\n<p>Take your workout anywhere you go with the PEACE floating platform.<\/p>\n<p>The PEACE&#8217;s superior stability and 8&#8217;2&#8243; x 35&#8243; size is reminiscent of a traditional yoga mat and perfect for swimming pools and calmer waters.<\/p>\n<p>Up the difficulty for your core exercises while finding your inner peace.<\/p>\n<p>&nbsp;<\/p>\n<p>Designed to perform, the PEACE features a full coverage EVA mat for superior grip and stability.<\/p>\n<p>Master your poses without the worry of misplaced footing or lack of space.<\/p>\n<p>With an incredible volume of 340L, you&#8217;ll find there is ample room to increase your strength,<\/p>\n<p>core stability, proprioception, and coordination.<\/p>\n<p>&nbsp;<\/p>\n<p><b>KEY FEATURES<\/b><\/p>\n<ul>\n<li>Extra wide for better stability and room for activity<\/li>\n<\/ul>\n<p>\u00b7\u00a0\u00a0Designed with pools and calmer waters in mind, this compact board allows you to take your exercise anywhere<\/p>\n<p>\u00b7\u00a0\u00a05 heavy-duty neoprene handles to assist in tackling difficult yoga poses and building balance<\/p>\n<p>&nbsp;<\/p>\n<p><b>Peace Specifications<\/b><\/p>\n<ul>\n<li>Length\u00a0\u00a0\u00a0\u00a0\u00a0\u00a0\u00a0\u00a08\u00b42&#8243; \/\u00a0\u00a0\u00a0\u00a0250cm<\/li>\n<li>Width\u00a0\u00a0\u00a0\u00a0\u00a0\u00a0\u00a0\u00a0\u00a0\u00a0 35&#8243; \/\u00a0\u00a0\u00a0\u00a0\u00a0\u00a090cm<\/li>\n<li>Thickness\u00a0\u00a0\u00a0\u00a0 6&#8243; \/\u00a0\u00a0\u00a0\u00a0\u00a0\u00a015cm<\/li>\n<li>Volume\u00a0\u00a0340L<\/li>\n<li>Net weight\u00a0\u00a0\u00a0\u00a0\u00a0\u00a0\u00a0\u00a0 19.8 lbs \/\u00a0\u00a0 9.0 kg<\/li>\n<li>Max. payload\u00a0\u00a0\u00a0\u00a0 330\u00a0\u00a0lbs \/ 150 kg<\/li>\n<li>Max. air pressure\u00a0\u00a015 psi<\/li>\n<\/ul>\n<p>&nbsp;<\/p>\n<p><b>Package Includes<\/b><\/p>\n<p>Backpack, Double Action Pump LIQUID AIR V1, 2-in-1 Carry Strap<\/p>\n<p>&nbsp;<\/p>\n<p><b>Keywords<\/b><\/p>\n<p>Aquamarina,Yoga, Fintess,Dock, Fitness Mat,<\/p>\n<p>&nbsp;<\/p>\n<p>INFORMATION: We strongly recommend wearing a floating device\/buoyancy aid when using the stand up paddle board. Floating devices\/buoyancy aids give lift after a fall into the water and maintain the ability to swim and move. A floating device\/buoyancy aid is not included in scope of delivery.<\/p>\n","protected":false},"excerpt":{"rendered":"<p>https:\/\/www.youtube.com\/watch?v=RJXaqGeRnW0 [&#8230;]<\/p>\n<p><a class=\"btn btn-secondary understrap-read-more-link\" href=\"https:\/\/www.waterskis.lv\/en\/product\/floating-platform-aqua-marina-peace-82-2023-250-x-90-x-15cm\/\">Read More&#8230;<\/a><\/p>\n","protected":false},"featured_media":63900,"comment_status":"closed","ping_status":"closed","template":"","meta":{"_acf_changed":false,"inline_featured_image":false},"product_brand":[1287],"product_cat":[1098,700,502],"product_tag":[3164,3172,1334,3173,3174,1335,3131,3175,3140,3176,3141],"class_list":{"0":"post-63917","1":"product","2":"type-product","3":"status-publish","4":"has-post-thumbnail","6":"product_brand-aqua-marina","7":"product_cat-aqua-marine-paddleboards","8":"product_cat-inflatable-sup-boards","9":"product_cat-stand-up-paddle-boards","10":"product_tag-aqua-marina","11":"product_tag-aufblasbares-sup","12":"product_tag-paddle-boards","13":"product_tag-stand-up-paddleboard","14":"product_tag-stand-up-paddling","15":"product_tag-sup","16":"product_tag-sup-boards","17":"product_tag-sup-surfer","18":"product_tag-sup-","19":"product_tag-supkayak","20":"product_tag-3141","22":"first","23":"instock","24":"shipping-taxable","25":"purchasable","26":"product-type-simple"},"acf":[],"yoast_head":"<!-- This site is optimized with the Yoast SEO plugin v27.5 - https:\/\/yoast.com\/product\/yoast-seo-wordpress\/ -->\n<title>Floating platform Aqua Marina Peace 8\u00b42``\u00a0\u00a0 2023 - 250 x 90 x 15cm - WATERSKIS.LV<\/title>\n<meta name=\"description\" content=\"Floating platform Aqua Marina Peace 8\u00b42``\u00a0\u00a0 2023 - 250 x 90 x 15cm reminiscent of a traditional yoga mat and perfect for swimming pools and calmer waters.\" \/>\n<meta name=\"robots\" content=\"index, follow, max-snippet:-1, max-image-preview:large, max-video-preview:-1\" \/>\n<link rel=\"canonical\" href=\"https:\/\/www.waterskis.lv\/en\/product\/floating-platform-aqua-marina-peace-82-2023-250-x-90-x-15cm\/\" \/>\n<meta property=\"og:locale\" content=\"en_US\" \/>\n<meta property=\"og:type\" content=\"article\" \/>\n<meta property=\"og:title\" content=\"Floating platform Aqua Marina Peace 8\u00b42``\u00a0\u00a0 2023 - 250 x 90 x 15cm - WATERSKIS.LV\" \/>\n<meta property=\"og:description\" content=\"Floating platform Aqua Marina Peace 8\u00b42``\u00a0\u00a0 2023 - 250 x 90 x 15cm reminiscent of a traditional yoga mat and perfect for swimming pools and calmer waters.\" \/>\n<meta property=\"og:url\" content=\"https:\/\/www.waterskis.lv\/en\/product\/floating-platform-aqua-marina-peace-82-2023-250-x-90-x-15cm\/\" \/>\n<meta property=\"og:site_name\" content=\"WATERSKIS.LV\" \/>\n<meta property=\"article:publisher\" content=\"https:\/\/www.facebook.com\/jurmalawaterskiwakeboardpark\/\" \/>\n<meta property=\"article:modified_time\" content=\"2026-02-01T10:52:12+00:00\" \/>\n<meta property=\"og:image\" content=\"https:\/\/www.waterskis.lv\/wp-content\/uploads\/2025\/02\/peace_2023_-_250_x_90_x_15v21_23131_1.webp\" \/>\n\t<meta property=\"og:image:width\" content=\"1280\" \/>\n\t<meta property=\"og:image:height\" content=\"1280\" \/>\n\t<meta property=\"og:image:type\" content=\"image\/webp\" \/>\n<meta name=\"twitter:card\" content=\"summary_large_image\" \/>\n<meta name=\"twitter:label1\" content=\"Est. reading time\" \/>\n\t<meta name=\"twitter:data1\" content=\"2 minutes\" \/>\n<script type=\"application\/ld+json\" class=\"yoast-schema-graph\">{\"@context\":\"https:\\\/\\\/schema.org\",\"@graph\":[{\"@type\":\"WebPage\",\"@id\":\"https:\\\/\\\/www.waterskis.lv\\\/en\\\/product\\\/floating-platform-aqua-marina-peace-82-2023-250-x-90-x-15cm\\\/\",\"url\":\"https:\\\/\\\/www.waterskis.lv\\\/en\\\/product\\\/floating-platform-aqua-marina-peace-82-2023-250-x-90-x-15cm\\\/\",\"name\":\"Floating platform Aqua Marina Peace 8\u00b42``\u00a0\u00a0 2023 - 250 x 90 x 15cm - WATERSKIS.LV\",\"isPartOf\":{\"@id\":\"https:\\\/\\\/www.waterskis.lv\\\/en\\\/#website\"},\"primaryImageOfPage\":{\"@id\":\"https:\\\/\\\/www.waterskis.lv\\\/en\\\/product\\\/floating-platform-aqua-marina-peace-82-2023-250-x-90-x-15cm\\\/#primaryimage\"},\"image\":{\"@id\":\"https:\\\/\\\/www.waterskis.lv\\\/en\\\/product\\\/floating-platform-aqua-marina-peace-82-2023-250-x-90-x-15cm\\\/#primaryimage\"},\"thumbnailUrl\":\"https:\\\/\\\/www.waterskis.lv\\\/wp-content\\\/uploads\\\/2025\\\/02\\\/peace_2023_-_250_x_90_x_15v21_23131_1.webp\",\"datePublished\":\"2025-02-17T13:24:43+00:00\",\"dateModified\":\"2026-02-01T10:52:12+00:00\",\"description\":\"Floating platform Aqua Marina Peace 8\u00b42``\u00a0\u00a0 2023 - 250 x 90 x 15cm reminiscent of a traditional yoga mat and perfect for swimming pools and calmer waters.\",\"breadcrumb\":{\"@id\":\"https:\\\/\\\/www.waterskis.lv\\\/en\\\/product\\\/floating-platform-aqua-marina-peace-82-2023-250-x-90-x-15cm\\\/#breadcrumb\"},\"inLanguage\":\"en-US\",\"potentialAction\":[{\"@type\":\"ReadAction\",\"target\":[\"https:\\\/\\\/www.waterskis.lv\\\/en\\\/product\\\/floating-platform-aqua-marina-peace-82-2023-250-x-90-x-15cm\\\/\"]}]},{\"@type\":\"ImageObject\",\"inLanguage\":\"en-US\",\"@id\":\"https:\\\/\\\/www.waterskis.lv\\\/en\\\/product\\\/floating-platform-aqua-marina-peace-82-2023-250-x-90-x-15cm\\\/#primaryimage\",\"url\":\"https:\\\/\\\/www.waterskis.lv\\\/wp-content\\\/uploads\\\/2025\\\/02\\\/peace_2023_-_250_x_90_x_15v21_23131_1.webp\",\"contentUrl\":\"https:\\\/\\\/www.waterskis.lv\\\/wp-content\\\/uploads\\\/2025\\\/02\\\/peace_2023_-_250_x_90_x_15v21_23131_1.webp\",\"width\":1280,\"height\":1280,\"caption\":\"Piep\u016b\u0161ama peldo\u0161a platforma Aqua Marina Peace 8\u00b42`` 2023 - 250 x 90 x 15 cm\"},{\"@type\":\"BreadcrumbList\",\"@id\":\"https:\\\/\\\/www.waterskis.lv\\\/en\\\/product\\\/floating-platform-aqua-marina-peace-82-2023-250-x-90-x-15cm\\\/#breadcrumb\",\"itemListElement\":[{\"@type\":\"ListItem\",\"position\":1,\"name\":\"Home\",\"item\":\"https:\\\/\\\/www.waterskis.lv\\\/en\\\/\"},{\"@type\":\"ListItem\",\"position\":2,\"name\":\"Shop\",\"item\":\"https:\\\/\\\/waterskis.lv\\\/en\\\/shop\\\/\"},{\"@type\":\"ListItem\",\"position\":3,\"name\":\"Floating platform Aqua Marina Peace 8\u00b42&#8220;\u00a0\u00a0 2023 &#8211; 250 x 90 x 15cm\"}]},{\"@type\":\"WebSite\",\"@id\":\"https:\\\/\\\/www.waterskis.lv\\\/en\\\/#website\",\"url\":\"https:\\\/\\\/www.waterskis.lv\\\/en\\\/\",\"name\":\"WATERSKIS.LV\",\"description\":\"SUP d\u0113\u013ci, kajaki, kanoe, airu laivas, \u016bdenssl\u0113po\u0161ana, veikbords, SUP d\u0113\u013cu noma, kajaku nomaakt\u012bv\u0101s atp\u016btas centrs, laivu noma, sup noma, kajaku noma\",\"publisher\":{\"@id\":\"https:\\\/\\\/www.waterskis.lv\\\/en\\\/#organization\"},\"potentialAction\":[{\"@type\":\"SearchAction\",\"target\":{\"@type\":\"EntryPoint\",\"urlTemplate\":\"https:\\\/\\\/www.waterskis.lv\\\/en\\\/?s={search_term_string}\"},\"query-input\":{\"@type\":\"PropertyValueSpecification\",\"valueRequired\":true,\"valueName\":\"search_term_string\"}}],\"inLanguage\":\"en-US\"},{\"@type\":\"Organization\",\"@id\":\"https:\\\/\\\/www.waterskis.lv\\\/en\\\/#organization\",\"name\":\"WATERSKIS.LV\",\"url\":\"https:\\\/\\\/www.waterskis.lv\\\/en\\\/\",\"logo\":{\"@type\":\"ImageObject\",\"inLanguage\":\"en-US\",\"@id\":\"https:\\\/\\\/www.waterskis.lv\\\/en\\\/#\\\/schema\\\/logo\\\/image\\\/\",\"url\":\"https:\\\/\\\/www.waterskis.lv\\\/wp-content\\\/uploads\\\/2025\\\/01\\\/JUVP-logo.png\",\"contentUrl\":\"https:\\\/\\\/www.waterskis.lv\\\/wp-content\\\/uploads\\\/2025\\\/01\\\/JUVP-logo.png\",\"width\":421,\"height\":202,\"caption\":\"WATERSKIS.LV\"},\"image\":{\"@id\":\"https:\\\/\\\/www.waterskis.lv\\\/en\\\/#\\\/schema\\\/logo\\\/image\\\/\"},\"sameAs\":[\"https:\\\/\\\/www.facebook.com\\\/jurmalawaterskiwakeboardpark\\\/\"]}]}<\/script>\n<!-- \/ Yoast SEO plugin. -->","yoast_head_json":{"title":"Floating platform Aqua Marina Peace 8\u00b42``\u00a0\u00a0 2023 - 250 x 90 x 15cm - WATERSKIS.LV","description":"Floating platform Aqua Marina Peace 8\u00b42``\u00a0\u00a0 2023 - 250 x 90 x 15cm reminiscent of a traditional yoga mat and perfect for swimming pools and calmer waters.","robots":{"index":"index","follow":"follow","max-snippet":"max-snippet:-1","max-image-preview":"max-image-preview:large","max-video-preview":"max-video-preview:-1"},"canonical":"https:\/\/www.waterskis.lv\/en\/product\/floating-platform-aqua-marina-peace-82-2023-250-x-90-x-15cm\/","og_locale":"en_US","og_type":"article","og_title":"Floating platform Aqua Marina Peace 8\u00b42``\u00a0\u00a0 2023 - 250 x 90 x 15cm - WATERSKIS.LV","og_description":"Floating platform Aqua Marina Peace 8\u00b42``\u00a0\u00a0 2023 - 250 x 90 x 15cm reminiscent of a traditional yoga mat and perfect for swimming pools and calmer waters.","og_url":"https:\/\/www.waterskis.lv\/en\/product\/floating-platform-aqua-marina-peace-82-2023-250-x-90-x-15cm\/","og_site_name":"WATERSKIS.LV","article_publisher":"https:\/\/www.facebook.com\/jurmalawaterskiwakeboardpark\/","article_modified_time":"2026-02-01T10:52:12+00:00","og_image":[{"width":1280,"height":1280,"url":"https:\/\/www.waterskis.lv\/wp-content\/uploads\/2025\/02\/peace_2023_-_250_x_90_x_15v21_23131_1.webp","type":"image\/webp"}],"twitter_card":"summary_large_image","twitter_misc":{"Est. reading time":"2 minutes"},"schema":{"@context":"https:\/\/schema.org","@graph":[{"@type":"WebPage","@id":"https:\/\/www.waterskis.lv\/en\/product\/floating-platform-aqua-marina-peace-82-2023-250-x-90-x-15cm\/","url":"https:\/\/www.waterskis.lv\/en\/product\/floating-platform-aqua-marina-peace-82-2023-250-x-90-x-15cm\/","name":"Floating platform Aqua Marina Peace 8\u00b42``\u00a0\u00a0 2023 - 250 x 90 x 15cm - WATERSKIS.LV","isPartOf":{"@id":"https:\/\/www.waterskis.lv\/en\/#website"},"primaryImageOfPage":{"@id":"https:\/\/www.waterskis.lv\/en\/product\/floating-platform-aqua-marina-peace-82-2023-250-x-90-x-15cm\/#primaryimage"},"image":{"@id":"https:\/\/www.waterskis.lv\/en\/product\/floating-platform-aqua-marina-peace-82-2023-250-x-90-x-15cm\/#primaryimage"},"thumbnailUrl":"https:\/\/www.waterskis.lv\/wp-content\/uploads\/2025\/02\/peace_2023_-_250_x_90_x_15v21_23131_1.webp","datePublished":"2025-02-17T13:24:43+00:00","dateModified":"2026-02-01T10:52:12+00:00","description":"Floating platform Aqua Marina Peace 8\u00b42``\u00a0\u00a0 2023 - 250 x 90 x 15cm reminiscent of a traditional yoga mat and perfect for swimming pools and calmer waters.","breadcrumb":{"@id":"https:\/\/www.waterskis.lv\/en\/product\/floating-platform-aqua-marina-peace-82-2023-250-x-90-x-15cm\/#breadcrumb"},"inLanguage":"en-US","potentialAction":[{"@type":"ReadAction","target":["https:\/\/www.waterskis.lv\/en\/product\/floating-platform-aqua-marina-peace-82-2023-250-x-90-x-15cm\/"]}]},{"@type":"ImageObject","inLanguage":"en-US","@id":"https:\/\/www.waterskis.lv\/en\/product\/floating-platform-aqua-marina-peace-82-2023-250-x-90-x-15cm\/#primaryimage","url":"https:\/\/www.waterskis.lv\/wp-content\/uploads\/2025\/02\/peace_2023_-_250_x_90_x_15v21_23131_1.webp","contentUrl":"https:\/\/www.waterskis.lv\/wp-content\/uploads\/2025\/02\/peace_2023_-_250_x_90_x_15v21_23131_1.webp","width":1280,"height":1280,"caption":"Piep\u016b\u0161ama peldo\u0161a platforma Aqua Marina Peace 8\u00b42`` 2023 - 250 x 90 x 15 cm"},{"@type":"BreadcrumbList","@id":"https:\/\/www.waterskis.lv\/en\/product\/floating-platform-aqua-marina-peace-82-2023-250-x-90-x-15cm\/#breadcrumb","itemListElement":[{"@type":"ListItem","position":1,"name":"Home","item":"https:\/\/www.waterskis.lv\/en\/"},{"@type":"ListItem","position":2,"name":"Shop","item":"https:\/\/waterskis.lv\/en\/shop\/"},{"@type":"ListItem","position":3,"name":"Floating platform Aqua Marina Peace 8\u00b42&#8220;\u00a0\u00a0 2023 &#8211; 250 x 90 x 15cm"}]},{"@type":"WebSite","@id":"https:\/\/www.waterskis.lv\/en\/#website","url":"https:\/\/www.waterskis.lv\/en\/","name":"WATERSKIS.LV","description":"SUP d\u0113\u013ci, kajaki, kanoe, airu laivas, \u016bdenssl\u0113po\u0161ana, veikbords, SUP d\u0113\u013cu noma, kajaku nomaakt\u012bv\u0101s atp\u016btas centrs, laivu noma, sup noma, kajaku noma","publisher":{"@id":"https:\/\/www.waterskis.lv\/en\/#organization"},"potentialAction":[{"@type":"SearchAction","target":{"@type":"EntryPoint","urlTemplate":"https:\/\/www.waterskis.lv\/en\/?s={search_term_string}"},"query-input":{"@type":"PropertyValueSpecification","valueRequired":true,"valueName":"search_term_string"}}],"inLanguage":"en-US"},{"@type":"Organization","@id":"https:\/\/www.waterskis.lv\/en\/#organization","name":"WATERSKIS.LV","url":"https:\/\/www.waterskis.lv\/en\/","logo":{"@type":"ImageObject","inLanguage":"en-US","@id":"https:\/\/www.waterskis.lv\/en\/#\/schema\/logo\/image\/","url":"https:\/\/www.waterskis.lv\/wp-content\/uploads\/2025\/01\/JUVP-logo.png","contentUrl":"https:\/\/www.waterskis.lv\/wp-content\/uploads\/2025\/01\/JUVP-logo.png","width":421,"height":202,"caption":"WATERSKIS.LV"},"image":{"@id":"https:\/\/www.waterskis.lv\/en\/#\/schema\/logo\/image\/"},"sameAs":["https:\/\/www.facebook.com\/jurmalawaterskiwakeboardpark\/"]}]}},"_links":{"self":[{"href":"https:\/\/www.waterskis.lv\/en\/wp-json\/wp\/v2\/product\/63917","targetHints":{"allow":["GET"]}}],"collection":[{"href":"https:\/\/www.waterskis.lv\/en\/wp-json\/wp\/v2\/product"}],"about":[{"href":"https:\/\/www.waterskis.lv\/en\/wp-json\/wp\/v2\/types\/product"}],"replies":[{"embeddable":true,"href":"https:\/\/www.waterskis.lv\/en\/wp-json\/wp\/v2\/comments?post=63917"}],"wp:featuredmedia":[{"embeddable":true,"href":"https:\/\/www.waterskis.lv\/en\/wp-json\/wp\/v2\/media\/63900"}],"wp:attachment":[{"href":"https:\/\/www.waterskis.lv\/en\/wp-json\/wp\/v2\/media?parent=63917"}],"wp:term":[{"taxonomy":"product_brand","embeddable":true,"href":"https:\/\/www.waterskis.lv\/en\/wp-json\/wp\/v2\/product_brand?post=63917"},{"taxonomy":"product_cat","embeddable":true,"href":"https:\/\/www.waterskis.lv\/en\/wp-json\/wp\/v2\/product_cat?post=63917"},{"taxonomy":"product_tag","embeddable":true,"href":"https:\/\/www.waterskis.lv\/en\/wp-json\/wp\/v2\/product_tag?post=63917"}],"curies":[{"name":"wp","href":"https:\/\/api.w.org\/{rel}","templated":true}]}}