{"id":63984,"date":"2025-02-17T18:35:28","date_gmt":"2025-02-17T16:35:28","guid":{"rendered":"https:\/\/www.waterskis.lv\/product\/aqua-marina-blade-3-0-m%c2%b2-buru-iekarta\/"},"modified":"2026-02-01T12:47:17","modified_gmt":"2026-02-01T10:47:17","slug":"aqua-marina-blade-3-0m%c2%b2sail-rig","status":"publish","type":"product","link":"https:\/\/www.waterskis.lv\/en\/product\/aqua-marina-blade-3-0m%c2%b2sail-rig\/","title":{"rendered":"Aqua Marina Blade\u00a0\u00a0&#8211; 3.0m\u00b2Sail Rig"},"content":{"rendered":"<h1>Aqua Marina Blade\u00a0\u00a0&#8211; 3.0m\u00b2Sail Rig<\/h1>\n<p>Aqua Marina Blade\u00a0\u00a0&#8211; 3.0m\u00b2Sail Rig<\/p>\n<p><strong class=\"type\">Art. No.<\/strong>\u00a020171<\/p>\n<p>MODEL: BT-20BL-3S<\/p>\n<p>SAIL: 3.0m2 Dacron sail with PET window is light, strong<\/p>\n<p>and UV resistant<\/p>\n<p>LUFF:9&#8217;10&#8221; (300cm)<\/p>\n<p>BOOM:4&#8217;4&#8243; (132cm). Boom with outhaul rope<\/p>\n<p>MAST: 9&#8217;10&#8221; (300cm). 2-piece mast composite RDM<\/p>\n<p>&nbsp;<\/p>\n<p>Scope of delivery: Up-haul, mast extension, universal joint, neat<\/p>\n<p>zippered storage bag holds mast \/ boom \/ base \/ sail in one compact, easy-to-transport design<\/p>\n<p>&nbsp;<\/p>\n<p>Keywords for this item:<\/p>\n<p>SUP, Stand Up Paddelboard, Windsurf SUP<\/p>\n","protected":false},"excerpt":{"rendered":"<p>https:\/\/www.youtube.com\/watch?v=Wx6UZ3hzrzE<\/p>\n<p>https:\/\/www.youtube.com\/watch?v=tEBaes2qL-w [&#8230;]<\/p>\n<p><a class=\"btn btn-secondary understrap-read-more-link\" href=\"https:\/\/www.waterskis.lv\/en\/product\/aqua-marina-blade-3-0m%c2%b2sail-rig\/\">Read More&#8230;<\/a><\/p>\n","protected":false},"featured_media":68798,"comment_status":"closed","ping_status":"closed","template":"","meta":{"_acf_changed":false,"inline_featured_image":false},"product_brand":[1287],"product_cat":[1098,700,361,502],"product_tag":[3164,3172,1334,3173,3174,1335,3131,1316,3175,3176,1367],"class_list":{"0":"post-63984","1":"product","2":"type-product","3":"status-publish","4":"has-post-thumbnail","6":"product_brand-aqua-marina","7":"product_cat-aqua-marine-paddleboards","8":"product_cat-inflatable-sup-boards","9":"product_cat-sale","10":"product_cat-stand-up-paddle-boards","11":"product_tag-aqua-marina","12":"product_tag-aufblasbares-sup","13":"product_tag-paddle-boards","14":"product_tag-stand-up-paddleboard","15":"product_tag-stand-up-paddling","16":"product_tag-sup","17":"product_tag-sup-boards","18":"product_tag-sup-delis","19":"product_tag-sup-surfer","20":"product_tag-supkayak","21":"product_tag-vindserfinga-bura","23":"first","24":"instock","25":"sale","26":"shipping-taxable","27":"purchasable","28":"product-type-simple"},"acf":[],"yoast_head":"<!-- This site is optimized with the Yoast SEO plugin v27.2 - https:\/\/yoast.com\/product\/yoast-seo-wordpress\/ -->\n<title>Aqua Marina Blade\u00a0\u00a0- 3.0m\u00b2Sail Rig - WATERSKIS.LV<\/title>\n<meta name=\"description\" content=\"Aqua Marina Blade\u00a0\u00a0- 3.0m\u00b2Sail Rig. SAIL: 3.0m2 Dacron sail with PET window is light, strongand UV resistantLUFF:9&#039;10&quot; (300cm)\" \/>\n<meta name=\"robots\" content=\"index, follow, max-snippet:-1, max-image-preview:large, max-video-preview:-1\" \/>\n<link rel=\"canonical\" href=\"https:\/\/www.waterskis.lv\/en\/product\/aqua-marina-blade-3-0m%c2%b2sail-rig\/\" \/>\n<meta property=\"og:locale\" content=\"en_US\" \/>\n<meta property=\"og:type\" content=\"article\" \/>\n<meta property=\"og:title\" content=\"Aqua Marina Blade\u00a0\u00a0- 3.0m\u00b2Sail Rig - WATERSKIS.LV\" \/>\n<meta property=\"og:description\" content=\"Aqua Marina Blade\u00a0\u00a0- 3.0m\u00b2Sail Rig. SAIL: 3.0m2 Dacron sail with PET window is light, strongand UV resistantLUFF:9&#039;10&quot; (300cm)\" \/>\n<meta property=\"og:url\" content=\"https:\/\/www.waterskis.lv\/en\/product\/aqua-marina-blade-3-0m%c2%b2sail-rig\/\" \/>\n<meta property=\"og:site_name\" content=\"WATERSKIS.LV\" \/>\n<meta property=\"article:publisher\" content=\"https:\/\/www.facebook.com\/jurmalawaterskiwakeboardpark\/\" \/>\n<meta property=\"article:modified_time\" content=\"2026-02-01T10:47:17+00:00\" \/>\n<meta property=\"og:image\" content=\"https:\/\/www.waterskis.lv\/wp-content\/uploads\/2025\/02\/20171_image_20171_aqua_marina_blade__-_3_0m__sail_rig_20171_1.webp\" \/>\n\t<meta property=\"og:image:width\" content=\"2000\" \/>\n\t<meta property=\"og:image:height\" content=\"2000\" \/>\n\t<meta property=\"og:image:type\" content=\"image\/webp\" \/>\n<meta name=\"twitter:card\" content=\"summary_large_image\" \/>\n<meta name=\"twitter:label1\" content=\"Est. reading time\" \/>\n\t<meta name=\"twitter:data1\" content=\"1 minute\" \/>\n<script type=\"application\/ld+json\" class=\"yoast-schema-graph\">{\"@context\":\"https:\/\/schema.org\",\"@graph\":[{\"@type\":\"WebPage\",\"@id\":\"https:\/\/www.waterskis.lv\/en\/product\/aqua-marina-blade-3-0m%c2%b2sail-rig\/\",\"url\":\"https:\/\/www.waterskis.lv\/en\/product\/aqua-marina-blade-3-0m%c2%b2sail-rig\/\",\"name\":\"Aqua Marina Blade\u00a0\u00a0- 3.0m\u00b2Sail Rig - WATERSKIS.LV\",\"isPartOf\":{\"@id\":\"https:\/\/www.waterskis.lv\/en\/#website\"},\"primaryImageOfPage\":{\"@id\":\"https:\/\/www.waterskis.lv\/en\/product\/aqua-marina-blade-3-0m%c2%b2sail-rig\/#primaryimage\"},\"image\":{\"@id\":\"https:\/\/www.waterskis.lv\/en\/product\/aqua-marina-blade-3-0m%c2%b2sail-rig\/#primaryimage\"},\"thumbnailUrl\":\"https:\/\/www.waterskis.lv\/wp-content\/uploads\/2025\/02\/20171_image_20171_aqua_marina_blade__-_3_0m__sail_rig_20171_1.webp\",\"datePublished\":\"2025-02-17T16:35:28+00:00\",\"dateModified\":\"2026-02-01T10:47:17+00:00\",\"description\":\"Aqua Marina Blade\u00a0\u00a0- 3.0m\u00b2Sail Rig. SAIL: 3.0m2 Dacron sail with PET window is light, strongand UV resistantLUFF:9'10\\\" (300cm)\",\"breadcrumb\":{\"@id\":\"https:\/\/www.waterskis.lv\/en\/product\/aqua-marina-blade-3-0m%c2%b2sail-rig\/#breadcrumb\"},\"inLanguage\":\"en-US\",\"potentialAction\":[{\"@type\":\"ReadAction\",\"target\":[\"https:\/\/www.waterskis.lv\/en\/product\/aqua-marina-blade-3-0m%c2%b2sail-rig\/\"]}]},{\"@type\":\"ImageObject\",\"inLanguage\":\"en-US\",\"@id\":\"https:\/\/www.waterskis.lv\/en\/product\/aqua-marina-blade-3-0m%c2%b2sail-rig\/#primaryimage\",\"url\":\"https:\/\/www.waterskis.lv\/wp-content\/uploads\/2025\/02\/20171_image_20171_aqua_marina_blade__-_3_0m__sail_rig_20171_1.webp\",\"contentUrl\":\"https:\/\/www.waterskis.lv\/wp-content\/uploads\/2025\/02\/20171_image_20171_aqua_marina_blade__-_3_0m__sail_rig_20171_1.webp\",\"width\":2000,\"height\":2000,\"caption\":\"Bura Aqua Marina Blade - Sail Rig\"},{\"@type\":\"BreadcrumbList\",\"@id\":\"https:\/\/www.waterskis.lv\/en\/product\/aqua-marina-blade-3-0m%c2%b2sail-rig\/#breadcrumb\",\"itemListElement\":[{\"@type\":\"ListItem\",\"position\":1,\"name\":\"Home\",\"item\":\"https:\/\/www.waterskis.lv\/en\/\"},{\"@type\":\"ListItem\",\"position\":2,\"name\":\"Shop\",\"item\":\"https:\/\/waterskis.lv\/en\/shop\/\"},{\"@type\":\"ListItem\",\"position\":3,\"name\":\"Aqua Marina Blade\u00a0\u00a0&#8211; 3.0m\u00b2Sail Rig\"}]},{\"@type\":\"WebSite\",\"@id\":\"https:\/\/www.waterskis.lv\/en\/#website\",\"url\":\"https:\/\/www.waterskis.lv\/en\/\",\"name\":\"WATERSKIS.LV\",\"description\":\"SUP d\u0113\u013ci, kajaki, kanoe, airu laivas, \u016bdenssl\u0113po\u0161ana, veikbords, SUP d\u0113\u013cu noma, kajaku nomaakt\u012bv\u0101s atp\u016btas centrs, laivu noma, sup noma, kajaku noma\",\"publisher\":{\"@id\":\"https:\/\/www.waterskis.lv\/en\/#organization\"},\"potentialAction\":[{\"@type\":\"SearchAction\",\"target\":{\"@type\":\"EntryPoint\",\"urlTemplate\":\"https:\/\/www.waterskis.lv\/en\/?s={search_term_string}\"},\"query-input\":{\"@type\":\"PropertyValueSpecification\",\"valueRequired\":true,\"valueName\":\"search_term_string\"}}],\"inLanguage\":\"en-US\"},{\"@type\":\"Organization\",\"@id\":\"https:\/\/www.waterskis.lv\/en\/#organization\",\"name\":\"WATERSKIS.LV\",\"url\":\"https:\/\/www.waterskis.lv\/en\/\",\"logo\":{\"@type\":\"ImageObject\",\"inLanguage\":\"en-US\",\"@id\":\"https:\/\/www.waterskis.lv\/en\/#\/schema\/logo\/image\/\",\"url\":\"https:\/\/www.waterskis.lv\/wp-content\/uploads\/2025\/01\/JUVP-logo.png\",\"contentUrl\":\"https:\/\/www.waterskis.lv\/wp-content\/uploads\/2025\/01\/JUVP-logo.png\",\"width\":421,\"height\":202,\"caption\":\"WATERSKIS.LV\"},\"image\":{\"@id\":\"https:\/\/www.waterskis.lv\/en\/#\/schema\/logo\/image\/\"},\"sameAs\":[\"https:\/\/www.facebook.com\/jurmalawaterskiwakeboardpark\/\"]}]}<\/script>\n<!-- \/ Yoast SEO plugin. -->","yoast_head_json":{"title":"Aqua Marina Blade\u00a0\u00a0- 3.0m\u00b2Sail Rig - WATERSKIS.LV","description":"Aqua Marina Blade\u00a0\u00a0- 3.0m\u00b2Sail Rig. SAIL: 3.0m2 Dacron sail with PET window is light, strongand UV resistantLUFF:9'10\" (300cm)","robots":{"index":"index","follow":"follow","max-snippet":"max-snippet:-1","max-image-preview":"max-image-preview:large","max-video-preview":"max-video-preview:-1"},"canonical":"https:\/\/www.waterskis.lv\/en\/product\/aqua-marina-blade-3-0m%c2%b2sail-rig\/","og_locale":"en_US","og_type":"article","og_title":"Aqua Marina Blade\u00a0\u00a0- 3.0m\u00b2Sail Rig - WATERSKIS.LV","og_description":"Aqua Marina Blade\u00a0\u00a0- 3.0m\u00b2Sail Rig. SAIL: 3.0m2 Dacron sail with PET window is light, strongand UV resistantLUFF:9'10\" (300cm)","og_url":"https:\/\/www.waterskis.lv\/en\/product\/aqua-marina-blade-3-0m%c2%b2sail-rig\/","og_site_name":"WATERSKIS.LV","article_publisher":"https:\/\/www.facebook.com\/jurmalawaterskiwakeboardpark\/","article_modified_time":"2026-02-01T10:47:17+00:00","og_image":[{"width":2000,"height":2000,"url":"https:\/\/www.waterskis.lv\/wp-content\/uploads\/2025\/02\/20171_image_20171_aqua_marina_blade__-_3_0m__sail_rig_20171_1.webp","type":"image\/webp"}],"twitter_card":"summary_large_image","twitter_misc":{"Est. reading time":"1 minute"},"schema":{"@context":"https:\/\/schema.org","@graph":[{"@type":"WebPage","@id":"https:\/\/www.waterskis.lv\/en\/product\/aqua-marina-blade-3-0m%c2%b2sail-rig\/","url":"https:\/\/www.waterskis.lv\/en\/product\/aqua-marina-blade-3-0m%c2%b2sail-rig\/","name":"Aqua Marina Blade\u00a0\u00a0- 3.0m\u00b2Sail Rig - WATERSKIS.LV","isPartOf":{"@id":"https:\/\/www.waterskis.lv\/en\/#website"},"primaryImageOfPage":{"@id":"https:\/\/www.waterskis.lv\/en\/product\/aqua-marina-blade-3-0m%c2%b2sail-rig\/#primaryimage"},"image":{"@id":"https:\/\/www.waterskis.lv\/en\/product\/aqua-marina-blade-3-0m%c2%b2sail-rig\/#primaryimage"},"thumbnailUrl":"https:\/\/www.waterskis.lv\/wp-content\/uploads\/2025\/02\/20171_image_20171_aqua_marina_blade__-_3_0m__sail_rig_20171_1.webp","datePublished":"2025-02-17T16:35:28+00:00","dateModified":"2026-02-01T10:47:17+00:00","description":"Aqua Marina Blade\u00a0\u00a0- 3.0m\u00b2Sail Rig. SAIL: 3.0m2 Dacron sail with PET window is light, strongand UV resistantLUFF:9'10\" (300cm)","breadcrumb":{"@id":"https:\/\/www.waterskis.lv\/en\/product\/aqua-marina-blade-3-0m%c2%b2sail-rig\/#breadcrumb"},"inLanguage":"en-US","potentialAction":[{"@type":"ReadAction","target":["https:\/\/www.waterskis.lv\/en\/product\/aqua-marina-blade-3-0m%c2%b2sail-rig\/"]}]},{"@type":"ImageObject","inLanguage":"en-US","@id":"https:\/\/www.waterskis.lv\/en\/product\/aqua-marina-blade-3-0m%c2%b2sail-rig\/#primaryimage","url":"https:\/\/www.waterskis.lv\/wp-content\/uploads\/2025\/02\/20171_image_20171_aqua_marina_blade__-_3_0m__sail_rig_20171_1.webp","contentUrl":"https:\/\/www.waterskis.lv\/wp-content\/uploads\/2025\/02\/20171_image_20171_aqua_marina_blade__-_3_0m__sail_rig_20171_1.webp","width":2000,"height":2000,"caption":"Bura Aqua Marina Blade - Sail Rig"},{"@type":"BreadcrumbList","@id":"https:\/\/www.waterskis.lv\/en\/product\/aqua-marina-blade-3-0m%c2%b2sail-rig\/#breadcrumb","itemListElement":[{"@type":"ListItem","position":1,"name":"Home","item":"https:\/\/www.waterskis.lv\/en\/"},{"@type":"ListItem","position":2,"name":"Shop","item":"https:\/\/waterskis.lv\/en\/shop\/"},{"@type":"ListItem","position":3,"name":"Aqua Marina Blade\u00a0\u00a0&#8211; 3.0m\u00b2Sail Rig"}]},{"@type":"WebSite","@id":"https:\/\/www.waterskis.lv\/en\/#website","url":"https:\/\/www.waterskis.lv\/en\/","name":"WATERSKIS.LV","description":"SUP d\u0113\u013ci, kajaki, kanoe, airu laivas, \u016bdenssl\u0113po\u0161ana, veikbords, SUP d\u0113\u013cu noma, kajaku nomaakt\u012bv\u0101s atp\u016btas centrs, laivu noma, sup noma, kajaku noma","publisher":{"@id":"https:\/\/www.waterskis.lv\/en\/#organization"},"potentialAction":[{"@type":"SearchAction","target":{"@type":"EntryPoint","urlTemplate":"https:\/\/www.waterskis.lv\/en\/?s={search_term_string}"},"query-input":{"@type":"PropertyValueSpecification","valueRequired":true,"valueName":"search_term_string"}}],"inLanguage":"en-US"},{"@type":"Organization","@id":"https:\/\/www.waterskis.lv\/en\/#organization","name":"WATERSKIS.LV","url":"https:\/\/www.waterskis.lv\/en\/","logo":{"@type":"ImageObject","inLanguage":"en-US","@id":"https:\/\/www.waterskis.lv\/en\/#\/schema\/logo\/image\/","url":"https:\/\/www.waterskis.lv\/wp-content\/uploads\/2025\/01\/JUVP-logo.png","contentUrl":"https:\/\/www.waterskis.lv\/wp-content\/uploads\/2025\/01\/JUVP-logo.png","width":421,"height":202,"caption":"WATERSKIS.LV"},"image":{"@id":"https:\/\/www.waterskis.lv\/en\/#\/schema\/logo\/image\/"},"sameAs":["https:\/\/www.facebook.com\/jurmalawaterskiwakeboardpark\/"]}]}},"_links":{"self":[{"href":"https:\/\/www.waterskis.lv\/en\/wp-json\/wp\/v2\/product\/63984","targetHints":{"allow":["GET"]}}],"collection":[{"href":"https:\/\/www.waterskis.lv\/en\/wp-json\/wp\/v2\/product"}],"about":[{"href":"https:\/\/www.waterskis.lv\/en\/wp-json\/wp\/v2\/types\/product"}],"replies":[{"embeddable":true,"href":"https:\/\/www.waterskis.lv\/en\/wp-json\/wp\/v2\/comments?post=63984"}],"wp:featuredmedia":[{"embeddable":true,"href":"https:\/\/www.waterskis.lv\/en\/wp-json\/wp\/v2\/media\/68798"}],"wp:attachment":[{"href":"https:\/\/www.waterskis.lv\/en\/wp-json\/wp\/v2\/media?parent=63984"}],"wp:term":[{"taxonomy":"product_brand","embeddable":true,"href":"https:\/\/www.waterskis.lv\/en\/wp-json\/wp\/v2\/product_brand?post=63984"},{"taxonomy":"product_cat","embeddable":true,"href":"https:\/\/www.waterskis.lv\/en\/wp-json\/wp\/v2\/product_cat?post=63984"},{"taxonomy":"product_tag","embeddable":true,"href":"https:\/\/www.waterskis.lv\/en\/wp-json\/wp\/v2\/product_tag?post=63984"}],"curies":[{"name":"wp","href":"https:\/\/api.w.org\/{rel}","templated":true}]}}