{"id":64049,"date":"2025-02-17T19:08:41","date_gmt":"2025-02-17T17:08:41","guid":{"rendered":"https:\/\/www.waterskis.lv\/product\/aqua-marina-vapor-2023-aqua-splash-all-around-isup-delis-315-x-79-x-15-cm\/"},"modified":"2026-02-01T12:17:05","modified_gmt":"2026-02-01T10:17:05","slug":"aqua-marina-vapor-2023-aqua-splash-all-around-isup-315-x-79-x-15cm","status":"publish","type":"product","link":"https:\/\/www.waterskis.lv\/en\/product\/aqua-marina-vapor-2023-aqua-splash-all-around-isup-315-x-79-x-15cm\/","title":{"rendered":"Aqua Marina Vapor 2023\u00a0\u00a0(Aqua Splash)\u00a0\u00a0ALL- Around ISUP\u00a0\u00a0315 x 79 x 15cm"},"content":{"rendered":"<h1>Aqua Marina Vapor 2023\u00a0\u00a0(Aqua Splash)\u00a0\u00a0ALL- Around ISUP\u00a0\u00a0315 x 79 x 15cm<\/h1>\n<p>Aqua Marina Vapor 2023\u00a0\u00a0(Aqua Splash)\u00a0\u00a0ALL- Around ISUP\u00a0\u00a0315 x 79 x 15cm<\/p>\n<p>&nbsp;<\/p>\n<p><b>ALL-AROUND-Serie<\/b><\/p>\n<p>Its versatility makes it suitable for beginners and experienced riders alike!<\/p>\n<p>These cost-effective ISUPS are easy to transport, easy to inflate and versatile in use.<\/p>\n<p>&nbsp;<\/p>\n<p><b>2023er ALL &#8211; Around Modelle BREEZE \/\u00a0\u00a0VAPOR\u00a0\u00a0\/\u00a0\u00a0FUSION\u00a0\u00a0\/\u00a0\u00a0MONSTER<\/b><\/p>\n<p>Features a widened tail for more standing space, perfect for paddlers looking for more stability.<\/p>\n<p>Equipped with the latest RED STRAP\u2122 bungee system (Iconic ulta elastic), you can carry more cargo with ease and safety.<\/p>\n<p>The EVA pad is equipped with the new sand ridge structure, superior grip reminiscent of sandy beaches.<\/p>\n<p>&nbsp;<\/p>\n<p><b>New Drop Stitch Light Tech, ECO-PRINT\u2122 Tech<\/b><\/p>\n<ul>\n<li>Double-walled drop-stitch fabric core<\/li>\n<li>Lightweight and printed tarpaulin layer<\/li>\n<li>First PVC layer<\/li>\n<li>Second PVC layer<\/li>\n<li>Machine pressed EVA pad<\/li>\n<\/ul>\n<p>&nbsp;<\/p>\n<p><b>Vapor Spezifikationen:<\/b><\/p>\n<ul>\n<li>Length: 10&#8217;4&#8243; \/ 315cm<\/li>\n<li>Width: 31&#8243;\u00a0\u00a0\u00a0\u00a0 \/\u00a0\u00a0 79cm<\/li>\n<li>Thickness:\u00a0\u00a0 6&#8243;\u00a0\u00a0\u00a0\u00a0\u00a0\u00a0\/\u00a0\u00a015cm<\/li>\n<li>Volume: 315 L<\/li>\n<li>Net Weight: 18.1 lbs \/ 8.2 kg<\/li>\n<li>Max. Payload: 308 lbs \/ 140 kg<\/li>\n<li>Max. air pressure: 15 psi<\/li>\n<\/ul>\n<p>&nbsp;<\/p>\n<p><b>Main Features:<\/b><\/p>\n<ul>\n<li>COMFORT EVA FOOTPAD: New developed sand rippled structure &#8211; EVA foot pad for ultimate comfort<\/li>\n<li>RED STRAP\u2122 BUNGEE SYSTEM: Iconic ultra-elastic RED STRAP\u2122 bungee system for effortless load securing<\/li>\n<li>CARRY HANDLE: Special carry handle made of solid neoprene, designed for a comfortable and good carrying experience<\/li>\n<li>SEAT D-RING: Additional stainless steel D-rings on the deck pad for optional attachment of an AM SUP seat<\/li>\n<li>RUBBER PATCHED VALVE: High-quality air valve with rubber patch for a premium look and the best airtightness even in rough water conditions<\/li>\n<li>FIN SYSTEM: Removable slide-in center fin for tool-free attachment.<\/li>\n<\/ul>\n<p>&nbsp;<\/p>\n<p><b>Scope of delivery:<\/b><\/p>\n<p>Zipper backpack, double action pump LIQUID AIR V1, SPORTS III paddle, slide-in center fin, safety leash<\/p>\n<p>&nbsp;<\/p>\n<p><b>Keywords for this item:<\/b><\/p>\n<p>I SUP, Aufblasbares SUP, Stand Up Paddling, SUP Surfer, Stand Up Paddleboard, Aquamarina, SupKayak<\/p>\n<p>&nbsp;<\/p>\n<p>INFORMATION: We strongly recommend wearing a floating device\/buoyancy aid when using the stand up paddle board. Floating devices\/buoyancy aids give lift after a fall into the water and maintain the ability to swim and move. A floating device\/buoyancy aid is not included in scope of delivery.<\/p>\n<p>&nbsp;<\/p>\n","protected":false},"excerpt":{"rendered":"<p>https:\/\/www.youtube.com\/watch?v=7DrGQdgb0Wk [&#8230;]<\/p>\n<p><a class=\"btn btn-secondary understrap-read-more-link\" href=\"https:\/\/www.waterskis.lv\/en\/product\/aqua-marina-vapor-2023-aqua-splash-all-around-isup-315-x-79-x-15cm\/\">Read More&#8230;<\/a><\/p>\n","protected":false},"featured_media":64026,"comment_status":"closed","ping_status":"closed","template":"","meta":{"_acf_changed":false,"inline_featured_image":false},"product_brand":[1287],"product_cat":[1098,700,502],"product_tag":[3164,1334,1335,3131,1336,3140,3141],"class_list":{"0":"post-64049","1":"product","2":"type-product","3":"status-publish","4":"has-post-thumbnail","6":"product_brand-aqua-marina","7":"product_cat-aqua-marine-paddleboards","8":"product_cat-inflatable-sup-boards","9":"product_cat-stand-up-paddle-boards","10":"product_tag-aqua-marina","11":"product_tag-paddle-boards","12":"product_tag-sup","13":"product_tag-sup-boards","14":"product_tag-sup-deli","15":"product_tag-sup-","16":"product_tag-3141","18":"first","19":"instock","20":"shipping-taxable","21":"purchasable","22":"product-type-simple"},"acf":[],"yoast_head":"<!-- This site is optimized with the Yoast SEO plugin v27.5 - https:\/\/yoast.com\/product\/yoast-seo-wordpress\/ -->\n<title>Aqua Marina Vapor 2023\u00a0\u00a0(Aqua Splash)\u00a0\u00a0ALL- Around ISUP\u00a0\u00a0315 x 79 x 15cm - WATERSKIS.LV<\/title>\n<meta name=\"description\" content=\"Aqua Marina Vapor 2023\u00a0\u00a0(Aqua Splash)\u00a0\u00a0ALL- Around ISUP\u00a0\u00a0315 x 79 x 15cm. Its versatility makes it suitable for beginners and experienced riders alike!\" \/>\n<meta name=\"robots\" content=\"index, follow, max-snippet:-1, max-image-preview:large, max-video-preview:-1\" \/>\n<link rel=\"canonical\" href=\"https:\/\/www.waterskis.lv\/en\/product\/aqua-marina-vapor-2023-aqua-splash-all-around-isup-315-x-79-x-15cm\/\" \/>\n<meta property=\"og:locale\" content=\"en_US\" \/>\n<meta property=\"og:type\" content=\"article\" \/>\n<meta property=\"og:title\" content=\"Aqua Marina Vapor 2023\u00a0\u00a0(Aqua Splash)\u00a0\u00a0ALL- Around ISUP\u00a0\u00a0315 x 79 x 15cm - WATERSKIS.LV\" \/>\n<meta property=\"og:description\" content=\"Aqua Marina Vapor 2023\u00a0\u00a0(Aqua Splash)\u00a0\u00a0ALL- Around ISUP\u00a0\u00a0315 x 79 x 15cm. Its versatility makes it suitable for beginners and experienced riders alike!\" \/>\n<meta property=\"og:url\" content=\"https:\/\/www.waterskis.lv\/en\/product\/aqua-marina-vapor-2023-aqua-splash-all-around-isup-315-x-79-x-15cm\/\" \/>\n<meta property=\"og:site_name\" content=\"WATERSKIS.LV\" \/>\n<meta property=\"article:publisher\" content=\"https:\/\/www.facebook.com\/jurmalawaterskiwakeboardpark\/\" \/>\n<meta property=\"article:modified_time\" content=\"2026-02-01T10:17:05+00:00\" \/>\n<meta property=\"og:image\" content=\"https:\/\/www.waterskis.lv\/wp-content\/uploads\/2025\/02\/vapor_2023___aqua_splash__all-_around_isup__23117_1.webp\" \/>\n\t<meta property=\"og:image:width\" content=\"2000\" \/>\n\t<meta property=\"og:image:height\" content=\"2000\" \/>\n\t<meta property=\"og:image:type\" content=\"image\/webp\" \/>\n<meta name=\"twitter:card\" content=\"summary_large_image\" \/>\n<meta name=\"twitter:label1\" content=\"Est. reading time\" \/>\n\t<meta name=\"twitter:data1\" content=\"3 minutes\" \/>\n<script type=\"application\/ld+json\" class=\"yoast-schema-graph\">{\"@context\":\"https:\\\/\\\/schema.org\",\"@graph\":[{\"@type\":\"WebPage\",\"@id\":\"https:\\\/\\\/www.waterskis.lv\\\/en\\\/product\\\/aqua-marina-vapor-2023-aqua-splash-all-around-isup-315-x-79-x-15cm\\\/\",\"url\":\"https:\\\/\\\/www.waterskis.lv\\\/en\\\/product\\\/aqua-marina-vapor-2023-aqua-splash-all-around-isup-315-x-79-x-15cm\\\/\",\"name\":\"Aqua Marina Vapor 2023\u00a0\u00a0(Aqua Splash)\u00a0\u00a0ALL- Around ISUP\u00a0\u00a0315 x 79 x 15cm - WATERSKIS.LV\",\"isPartOf\":{\"@id\":\"https:\\\/\\\/www.waterskis.lv\\\/en\\\/#website\"},\"primaryImageOfPage\":{\"@id\":\"https:\\\/\\\/www.waterskis.lv\\\/en\\\/product\\\/aqua-marina-vapor-2023-aqua-splash-all-around-isup-315-x-79-x-15cm\\\/#primaryimage\"},\"image\":{\"@id\":\"https:\\\/\\\/www.waterskis.lv\\\/en\\\/product\\\/aqua-marina-vapor-2023-aqua-splash-all-around-isup-315-x-79-x-15cm\\\/#primaryimage\"},\"thumbnailUrl\":\"https:\\\/\\\/www.waterskis.lv\\\/wp-content\\\/uploads\\\/2025\\\/02\\\/vapor_2023___aqua_splash__all-_around_isup__23117_1.webp\",\"datePublished\":\"2025-02-17T17:08:41+00:00\",\"dateModified\":\"2026-02-01T10:17:05+00:00\",\"description\":\"Aqua Marina Vapor 2023\u00a0\u00a0(Aqua Splash)\u00a0\u00a0ALL- Around ISUP\u00a0\u00a0315 x 79 x 15cm. Its versatility makes it suitable for beginners and experienced riders alike!\",\"breadcrumb\":{\"@id\":\"https:\\\/\\\/www.waterskis.lv\\\/en\\\/product\\\/aqua-marina-vapor-2023-aqua-splash-all-around-isup-315-x-79-x-15cm\\\/#breadcrumb\"},\"inLanguage\":\"en-US\",\"potentialAction\":[{\"@type\":\"ReadAction\",\"target\":[\"https:\\\/\\\/www.waterskis.lv\\\/en\\\/product\\\/aqua-marina-vapor-2023-aqua-splash-all-around-isup-315-x-79-x-15cm\\\/\"]}]},{\"@type\":\"ImageObject\",\"inLanguage\":\"en-US\",\"@id\":\"https:\\\/\\\/www.waterskis.lv\\\/en\\\/product\\\/aqua-marina-vapor-2023-aqua-splash-all-around-isup-315-x-79-x-15cm\\\/#primaryimage\",\"url\":\"https:\\\/\\\/www.waterskis.lv\\\/wp-content\\\/uploads\\\/2025\\\/02\\\/vapor_2023___aqua_splash__all-_around_isup__23117_1.webp\",\"contentUrl\":\"https:\\\/\\\/www.waterskis.lv\\\/wp-content\\\/uploads\\\/2025\\\/02\\\/vapor_2023___aqua_splash__all-_around_isup__23117_1.webp\",\"width\":2000,\"height\":2000,\"caption\":\"Aqua Marina Vapor 2023 (Aqua Splash) ALL \u2014 Around ISUP d\u0113lis 315 x 79 x 15 cm\"},{\"@type\":\"BreadcrumbList\",\"@id\":\"https:\\\/\\\/www.waterskis.lv\\\/en\\\/product\\\/aqua-marina-vapor-2023-aqua-splash-all-around-isup-315-x-79-x-15cm\\\/#breadcrumb\",\"itemListElement\":[{\"@type\":\"ListItem\",\"position\":1,\"name\":\"Home\",\"item\":\"https:\\\/\\\/www.waterskis.lv\\\/en\\\/\"},{\"@type\":\"ListItem\",\"position\":2,\"name\":\"Shop\",\"item\":\"https:\\\/\\\/waterskis.lv\\\/en\\\/shop\\\/\"},{\"@type\":\"ListItem\",\"position\":3,\"name\":\"Aqua Marina Vapor 2023\u00a0\u00a0(Aqua Splash)\u00a0\u00a0ALL- Around ISUP\u00a0\u00a0315 x 79 x 15cm\"}]},{\"@type\":\"WebSite\",\"@id\":\"https:\\\/\\\/www.waterskis.lv\\\/en\\\/#website\",\"url\":\"https:\\\/\\\/www.waterskis.lv\\\/en\\\/\",\"name\":\"WATERSKIS.LV\",\"description\":\"SUP d\u0113\u013ci, kajaki, kanoe, airu laivas, \u016bdenssl\u0113po\u0161ana, veikbords, SUP d\u0113\u013cu noma, kajaku nomaakt\u012bv\u0101s atp\u016btas centrs, laivu noma, sup noma, kajaku noma\",\"publisher\":{\"@id\":\"https:\\\/\\\/www.waterskis.lv\\\/en\\\/#organization\"},\"potentialAction\":[{\"@type\":\"SearchAction\",\"target\":{\"@type\":\"EntryPoint\",\"urlTemplate\":\"https:\\\/\\\/www.waterskis.lv\\\/en\\\/?s={search_term_string}\"},\"query-input\":{\"@type\":\"PropertyValueSpecification\",\"valueRequired\":true,\"valueName\":\"search_term_string\"}}],\"inLanguage\":\"en-US\"},{\"@type\":\"Organization\",\"@id\":\"https:\\\/\\\/www.waterskis.lv\\\/en\\\/#organization\",\"name\":\"WATERSKIS.LV\",\"url\":\"https:\\\/\\\/www.waterskis.lv\\\/en\\\/\",\"logo\":{\"@type\":\"ImageObject\",\"inLanguage\":\"en-US\",\"@id\":\"https:\\\/\\\/www.waterskis.lv\\\/en\\\/#\\\/schema\\\/logo\\\/image\\\/\",\"url\":\"https:\\\/\\\/www.waterskis.lv\\\/wp-content\\\/uploads\\\/2025\\\/01\\\/JUVP-logo.png\",\"contentUrl\":\"https:\\\/\\\/www.waterskis.lv\\\/wp-content\\\/uploads\\\/2025\\\/01\\\/JUVP-logo.png\",\"width\":421,\"height\":202,\"caption\":\"WATERSKIS.LV\"},\"image\":{\"@id\":\"https:\\\/\\\/www.waterskis.lv\\\/en\\\/#\\\/schema\\\/logo\\\/image\\\/\"},\"sameAs\":[\"https:\\\/\\\/www.facebook.com\\\/jurmalawaterskiwakeboardpark\\\/\"]}]}<\/script>\n<!-- \/ Yoast SEO plugin. -->","yoast_head_json":{"title":"Aqua Marina Vapor 2023\u00a0\u00a0(Aqua Splash)\u00a0\u00a0ALL- Around ISUP\u00a0\u00a0315 x 79 x 15cm - WATERSKIS.LV","description":"Aqua Marina Vapor 2023\u00a0\u00a0(Aqua Splash)\u00a0\u00a0ALL- Around ISUP\u00a0\u00a0315 x 79 x 15cm. Its versatility makes it suitable for beginners and experienced riders alike!","robots":{"index":"index","follow":"follow","max-snippet":"max-snippet:-1","max-image-preview":"max-image-preview:large","max-video-preview":"max-video-preview:-1"},"canonical":"https:\/\/www.waterskis.lv\/en\/product\/aqua-marina-vapor-2023-aqua-splash-all-around-isup-315-x-79-x-15cm\/","og_locale":"en_US","og_type":"article","og_title":"Aqua Marina Vapor 2023\u00a0\u00a0(Aqua Splash)\u00a0\u00a0ALL- Around ISUP\u00a0\u00a0315 x 79 x 15cm - WATERSKIS.LV","og_description":"Aqua Marina Vapor 2023\u00a0\u00a0(Aqua Splash)\u00a0\u00a0ALL- Around ISUP\u00a0\u00a0315 x 79 x 15cm. Its versatility makes it suitable for beginners and experienced riders alike!","og_url":"https:\/\/www.waterskis.lv\/en\/product\/aqua-marina-vapor-2023-aqua-splash-all-around-isup-315-x-79-x-15cm\/","og_site_name":"WATERSKIS.LV","article_publisher":"https:\/\/www.facebook.com\/jurmalawaterskiwakeboardpark\/","article_modified_time":"2026-02-01T10:17:05+00:00","og_image":[{"width":2000,"height":2000,"url":"https:\/\/www.waterskis.lv\/wp-content\/uploads\/2025\/02\/vapor_2023___aqua_splash__all-_around_isup__23117_1.webp","type":"image\/webp"}],"twitter_card":"summary_large_image","twitter_misc":{"Est. reading time":"3 minutes"},"schema":{"@context":"https:\/\/schema.org","@graph":[{"@type":"WebPage","@id":"https:\/\/www.waterskis.lv\/en\/product\/aqua-marina-vapor-2023-aqua-splash-all-around-isup-315-x-79-x-15cm\/","url":"https:\/\/www.waterskis.lv\/en\/product\/aqua-marina-vapor-2023-aqua-splash-all-around-isup-315-x-79-x-15cm\/","name":"Aqua Marina Vapor 2023\u00a0\u00a0(Aqua Splash)\u00a0\u00a0ALL- Around ISUP\u00a0\u00a0315 x 79 x 15cm - WATERSKIS.LV","isPartOf":{"@id":"https:\/\/www.waterskis.lv\/en\/#website"},"primaryImageOfPage":{"@id":"https:\/\/www.waterskis.lv\/en\/product\/aqua-marina-vapor-2023-aqua-splash-all-around-isup-315-x-79-x-15cm\/#primaryimage"},"image":{"@id":"https:\/\/www.waterskis.lv\/en\/product\/aqua-marina-vapor-2023-aqua-splash-all-around-isup-315-x-79-x-15cm\/#primaryimage"},"thumbnailUrl":"https:\/\/www.waterskis.lv\/wp-content\/uploads\/2025\/02\/vapor_2023___aqua_splash__all-_around_isup__23117_1.webp","datePublished":"2025-02-17T17:08:41+00:00","dateModified":"2026-02-01T10:17:05+00:00","description":"Aqua Marina Vapor 2023\u00a0\u00a0(Aqua Splash)\u00a0\u00a0ALL- Around ISUP\u00a0\u00a0315 x 79 x 15cm. Its versatility makes it suitable for beginners and experienced riders alike!","breadcrumb":{"@id":"https:\/\/www.waterskis.lv\/en\/product\/aqua-marina-vapor-2023-aqua-splash-all-around-isup-315-x-79-x-15cm\/#breadcrumb"},"inLanguage":"en-US","potentialAction":[{"@type":"ReadAction","target":["https:\/\/www.waterskis.lv\/en\/product\/aqua-marina-vapor-2023-aqua-splash-all-around-isup-315-x-79-x-15cm\/"]}]},{"@type":"ImageObject","inLanguage":"en-US","@id":"https:\/\/www.waterskis.lv\/en\/product\/aqua-marina-vapor-2023-aqua-splash-all-around-isup-315-x-79-x-15cm\/#primaryimage","url":"https:\/\/www.waterskis.lv\/wp-content\/uploads\/2025\/02\/vapor_2023___aqua_splash__all-_around_isup__23117_1.webp","contentUrl":"https:\/\/www.waterskis.lv\/wp-content\/uploads\/2025\/02\/vapor_2023___aqua_splash__all-_around_isup__23117_1.webp","width":2000,"height":2000,"caption":"Aqua Marina Vapor 2023 (Aqua Splash) ALL \u2014 Around ISUP d\u0113lis 315 x 79 x 15 cm"},{"@type":"BreadcrumbList","@id":"https:\/\/www.waterskis.lv\/en\/product\/aqua-marina-vapor-2023-aqua-splash-all-around-isup-315-x-79-x-15cm\/#breadcrumb","itemListElement":[{"@type":"ListItem","position":1,"name":"Home","item":"https:\/\/www.waterskis.lv\/en\/"},{"@type":"ListItem","position":2,"name":"Shop","item":"https:\/\/waterskis.lv\/en\/shop\/"},{"@type":"ListItem","position":3,"name":"Aqua Marina Vapor 2023\u00a0\u00a0(Aqua Splash)\u00a0\u00a0ALL- Around ISUP\u00a0\u00a0315 x 79 x 15cm"}]},{"@type":"WebSite","@id":"https:\/\/www.waterskis.lv\/en\/#website","url":"https:\/\/www.waterskis.lv\/en\/","name":"WATERSKIS.LV","description":"SUP d\u0113\u013ci, kajaki, kanoe, airu laivas, \u016bdenssl\u0113po\u0161ana, veikbords, SUP d\u0113\u013cu noma, kajaku nomaakt\u012bv\u0101s atp\u016btas centrs, laivu noma, sup noma, kajaku noma","publisher":{"@id":"https:\/\/www.waterskis.lv\/en\/#organization"},"potentialAction":[{"@type":"SearchAction","target":{"@type":"EntryPoint","urlTemplate":"https:\/\/www.waterskis.lv\/en\/?s={search_term_string}"},"query-input":{"@type":"PropertyValueSpecification","valueRequired":true,"valueName":"search_term_string"}}],"inLanguage":"en-US"},{"@type":"Organization","@id":"https:\/\/www.waterskis.lv\/en\/#organization","name":"WATERSKIS.LV","url":"https:\/\/www.waterskis.lv\/en\/","logo":{"@type":"ImageObject","inLanguage":"en-US","@id":"https:\/\/www.waterskis.lv\/en\/#\/schema\/logo\/image\/","url":"https:\/\/www.waterskis.lv\/wp-content\/uploads\/2025\/01\/JUVP-logo.png","contentUrl":"https:\/\/www.waterskis.lv\/wp-content\/uploads\/2025\/01\/JUVP-logo.png","width":421,"height":202,"caption":"WATERSKIS.LV"},"image":{"@id":"https:\/\/www.waterskis.lv\/en\/#\/schema\/logo\/image\/"},"sameAs":["https:\/\/www.facebook.com\/jurmalawaterskiwakeboardpark\/"]}]}},"_links":{"self":[{"href":"https:\/\/www.waterskis.lv\/en\/wp-json\/wp\/v2\/product\/64049","targetHints":{"allow":["GET"]}}],"collection":[{"href":"https:\/\/www.waterskis.lv\/en\/wp-json\/wp\/v2\/product"}],"about":[{"href":"https:\/\/www.waterskis.lv\/en\/wp-json\/wp\/v2\/types\/product"}],"replies":[{"embeddable":true,"href":"https:\/\/www.waterskis.lv\/en\/wp-json\/wp\/v2\/comments?post=64049"}],"wp:featuredmedia":[{"embeddable":true,"href":"https:\/\/www.waterskis.lv\/en\/wp-json\/wp\/v2\/media\/64026"}],"wp:attachment":[{"href":"https:\/\/www.waterskis.lv\/en\/wp-json\/wp\/v2\/media?parent=64049"}],"wp:term":[{"taxonomy":"product_brand","embeddable":true,"href":"https:\/\/www.waterskis.lv\/en\/wp-json\/wp\/v2\/product_brand?post=64049"},{"taxonomy":"product_cat","embeddable":true,"href":"https:\/\/www.waterskis.lv\/en\/wp-json\/wp\/v2\/product_cat?post=64049"},{"taxonomy":"product_tag","embeddable":true,"href":"https:\/\/www.waterskis.lv\/en\/wp-json\/wp\/v2\/product_tag?post=64049"}],"curies":[{"name":"wp","href":"https:\/\/api.w.org\/{rel}","templated":true}]}}