{"id":64435,"date":"2025-02-23T07:41:27","date_gmt":"2025-02-23T05:41:27","guid":{"rendered":"https:\/\/www.waterskis.lv\/product\/planejosais-puslis-spinera-professional-water-glider-6-person\/"},"modified":"2026-01-31T18:19:21","modified_gmt":"2026-01-31T16:19:21","slug":"spinera-professional-water-glider-6-person","status":"publish","type":"product","link":"https:\/\/www.waterskis.lv\/en\/product\/spinera-professional-water-glider-6-person\/","title":{"rendered":"Spinera Professional Water Glider 6 Person"},"content":{"rendered":"<h1>Spinera Professional Water Glider 6 Person<\/h1>\n<p>Spinera Professional Water Glider 6 Person<\/p>\n<p>The Water Glider was designed and developed completely through many years of trial and error. We are proud of the Water Glider and its reputation with customers around the world. During the professional Water Glider racing in Europe, Water Glider 2 and Water Glider 2 can fly 10 meters up in the air when pulled by a Jet Ski. The Water Glider 6 has become the most popular model with our European customers.<\/p>\n<p>&nbsp;<\/p>\n<p>The Water Glider is constructed with super tough fabric tube and the bottom is specially reinforced to withstand commercial use. Large reinforced shackle-rings are located on tubes.<\/p>\n<p>&nbsp;<\/p>\n<p><b>ATTENTION:<\/b><\/p>\n<p>Max Speed: 20 mph\u00a0\u00a0\/ 32 km\/h<\/p>\n<p>All faster towing is on boat driver and riders own responsibility.<\/p>\n<p>&nbsp;<\/p>\n<p><b>Details:<\/b><\/p>\n<ul>\n<li>Main tube fabric: 1.000 Denier \/ 0,9 mm Dicke<\/li>\n<li>Heavy duty reinforcement<\/li>\n<li>Strong towing patches<\/li>\n<li>Soft handles<\/li>\n<li>Stainless steel d-rings<\/li>\n<li>4-chamber security system &#8220;we take care about safety&#8221;<\/li>\n<\/ul>\n<p>&nbsp;<\/p>\n<p><b>Measurements:<\/b><\/p>\n<ul>\n<li>Length overall: 369cm<\/li>\n<li>Length inside: 225cm<\/li>\n<li>Width overall: 440m<\/li>\n<li>Width inside: 48cm<\/li>\n<li>Tube diameter: 52cm<\/li>\n<li>No. of chambers: 4+2+4<\/li>\n<li>Max. payload: 400kg<\/li>\n<li>Max. passengers: 6<\/li>\n<li>Weight: 53kg<\/li>\n<li>Packaging dimensions: 90x80x40cm<\/li>\n<\/ul>\n<p>&nbsp;<\/p>\n<p>Notre ligne de bou\u00e9es professionnelles sont sp\u00e9cialement fait pour des bases nautiques. Les bou\u00e9es sont faites de nylon haut r\u00e9sistant \u00e0 la d\u00e9chirure. La partie int\u00e9rieure gonflable est faite de PVC de 0.9mm. Toutes les bou\u00e9es pro ont une protection de Tarpuline 0.8mm<\/p>\n<p>&nbsp;<\/p>\n","protected":false},"excerpt":{"rendered":"<p>https:\/\/www.youtube.com\/watch?v=HUB2F7ZWGJE [&#8230;]<\/p>\n<p><a class=\"btn btn-secondary understrap-read-more-link\" href=\"https:\/\/www.waterskis.lv\/en\/product\/spinera-professional-water-glider-6-person\/\">Read More&#8230;<\/a><\/p>\n","protected":false},"featured_media":64430,"comment_status":"closed","ping_status":"closed","template":"","meta":{"_acf_changed":false,"inline_featured_image":false},"product_brand":[2677],"product_cat":[1247,1226,1232],"product_tag":[3074],"class_list":{"0":"post-64435","1":"product","2":"type-product","3":"status-publish","4":"has-post-thumbnail","6":"product_brand-spinera-professional","7":"product_cat-hd-waterglider","8":"product_cat-spinera-professional-en","9":"product_cat-spinera-rental-tubes","10":"product_tag-inflatable-towable-tube","12":"first","13":"instock","14":"shipping-taxable","15":"purchasable","16":"product-type-simple"},"acf":[],"yoast_head":"<!-- This site is optimized with the Yoast SEO plugin v27.5 - https:\/\/yoast.com\/product\/yoast-seo-wordpress\/ -->\n<title>Spinera Professional Water Glider 6 Person - WATERSKIS.LV<\/title>\n<meta name=\"description\" content=\"Spinera Professional Water Glider 6 Person. We are proud of the Water Glider and its reputation with customers around the world.\" \/>\n<meta name=\"robots\" content=\"index, follow, max-snippet:-1, max-image-preview:large, max-video-preview:-1\" \/>\n<link rel=\"canonical\" href=\"https:\/\/www.waterskis.lv\/en\/product\/spinera-professional-water-glider-6-person\/\" \/>\n<meta property=\"og:locale\" content=\"en_US\" \/>\n<meta property=\"og:type\" content=\"article\" \/>\n<meta property=\"og:title\" content=\"Spinera Professional Water Glider 6 Person - WATERSKIS.LV\" \/>\n<meta property=\"og:description\" content=\"Spinera Professional Water Glider 6 Person. We are proud of the Water Glider and its reputation with customers around the world.\" \/>\n<meta property=\"og:url\" content=\"https:\/\/www.waterskis.lv\/en\/product\/spinera-professional-water-glider-6-person\/\" \/>\n<meta property=\"og:site_name\" content=\"WATERSKIS.LV\" \/>\n<meta property=\"article:publisher\" content=\"https:\/\/www.facebook.com\/jurmalawaterskiwakeboardpark\/\" \/>\n<meta property=\"article:modified_time\" content=\"2026-01-31T16:19:21+00:00\" \/>\n<meta property=\"og:image\" content=\"https:\/\/www.waterskis.lv\/wp-content\/uploads\/2025\/02\/professional_water_glider_6_person_18580_1.webp\" \/>\n\t<meta property=\"og:image:width\" content=\"2000\" \/>\n\t<meta property=\"og:image:height\" content=\"2000\" \/>\n\t<meta property=\"og:image:type\" content=\"image\/webp\" \/>\n<meta name=\"twitter:card\" content=\"summary_large_image\" \/>\n<meta name=\"twitter:label1\" content=\"Est. reading time\" \/>\n\t<meta name=\"twitter:data1\" content=\"2 minutes\" \/>\n<script type=\"application\/ld+json\" class=\"yoast-schema-graph\">{\"@context\":\"https:\\\/\\\/schema.org\",\"@graph\":[{\"@type\":\"WebPage\",\"@id\":\"https:\\\/\\\/www.waterskis.lv\\\/en\\\/product\\\/spinera-professional-water-glider-6-person\\\/\",\"url\":\"https:\\\/\\\/www.waterskis.lv\\\/en\\\/product\\\/spinera-professional-water-glider-6-person\\\/\",\"name\":\"Spinera Professional Water Glider 6 Person - WATERSKIS.LV\",\"isPartOf\":{\"@id\":\"https:\\\/\\\/www.waterskis.lv\\\/en\\\/#website\"},\"primaryImageOfPage\":{\"@id\":\"https:\\\/\\\/www.waterskis.lv\\\/en\\\/product\\\/spinera-professional-water-glider-6-person\\\/#primaryimage\"},\"image\":{\"@id\":\"https:\\\/\\\/www.waterskis.lv\\\/en\\\/product\\\/spinera-professional-water-glider-6-person\\\/#primaryimage\"},\"thumbnailUrl\":\"https:\\\/\\\/www.waterskis.lv\\\/wp-content\\\/uploads\\\/2025\\\/02\\\/professional_water_glider_6_person_18580_1.webp\",\"datePublished\":\"2025-02-23T05:41:27+00:00\",\"dateModified\":\"2026-01-31T16:19:21+00:00\",\"description\":\"Spinera Professional Water Glider 6 Person. We are proud of the Water Glider and its reputation with customers around the world.\",\"breadcrumb\":{\"@id\":\"https:\\\/\\\/www.waterskis.lv\\\/en\\\/product\\\/spinera-professional-water-glider-6-person\\\/#breadcrumb\"},\"inLanguage\":\"en-US\",\"potentialAction\":[{\"@type\":\"ReadAction\",\"target\":[\"https:\\\/\\\/www.waterskis.lv\\\/en\\\/product\\\/spinera-professional-water-glider-6-person\\\/\"]}]},{\"@type\":\"ImageObject\",\"inLanguage\":\"en-US\",\"@id\":\"https:\\\/\\\/www.waterskis.lv\\\/en\\\/product\\\/spinera-professional-water-glider-6-person\\\/#primaryimage\",\"url\":\"https:\\\/\\\/www.waterskis.lv\\\/wp-content\\\/uploads\\\/2025\\\/02\\\/professional_water_glider_6_person_18580_1.webp\",\"contentUrl\":\"https:\\\/\\\/www.waterskis.lv\\\/wp-content\\\/uploads\\\/2025\\\/02\\\/professional_water_glider_6_person_18580_1.webp\",\"width\":2000,\"height\":2000,\"caption\":\"Plan\u0113jo\u0161ais p\u016bslis Spinera Professional Water Glider 6 Person\"},{\"@type\":\"BreadcrumbList\",\"@id\":\"https:\\\/\\\/www.waterskis.lv\\\/en\\\/product\\\/spinera-professional-water-glider-6-person\\\/#breadcrumb\",\"itemListElement\":[{\"@type\":\"ListItem\",\"position\":1,\"name\":\"Home\",\"item\":\"https:\\\/\\\/www.waterskis.lv\\\/en\\\/\"},{\"@type\":\"ListItem\",\"position\":2,\"name\":\"Shop\",\"item\":\"https:\\\/\\\/waterskis.lv\\\/en\\\/shop\\\/\"},{\"@type\":\"ListItem\",\"position\":3,\"name\":\"Spinera Professional Water Glider 6 Person\"}]},{\"@type\":\"WebSite\",\"@id\":\"https:\\\/\\\/www.waterskis.lv\\\/en\\\/#website\",\"url\":\"https:\\\/\\\/www.waterskis.lv\\\/en\\\/\",\"name\":\"WATERSKIS.LV\",\"description\":\"SUP d\u0113\u013ci, kajaki, kanoe, airu laivas, \u016bdenssl\u0113po\u0161ana, veikbords, SUP d\u0113\u013cu noma, kajaku nomaakt\u012bv\u0101s atp\u016btas centrs, laivu noma, sup noma, kajaku noma\",\"publisher\":{\"@id\":\"https:\\\/\\\/www.waterskis.lv\\\/en\\\/#organization\"},\"potentialAction\":[{\"@type\":\"SearchAction\",\"target\":{\"@type\":\"EntryPoint\",\"urlTemplate\":\"https:\\\/\\\/www.waterskis.lv\\\/en\\\/?s={search_term_string}\"},\"query-input\":{\"@type\":\"PropertyValueSpecification\",\"valueRequired\":true,\"valueName\":\"search_term_string\"}}],\"inLanguage\":\"en-US\"},{\"@type\":\"Organization\",\"@id\":\"https:\\\/\\\/www.waterskis.lv\\\/en\\\/#organization\",\"name\":\"WATERSKIS.LV\",\"url\":\"https:\\\/\\\/www.waterskis.lv\\\/en\\\/\",\"logo\":{\"@type\":\"ImageObject\",\"inLanguage\":\"en-US\",\"@id\":\"https:\\\/\\\/www.waterskis.lv\\\/en\\\/#\\\/schema\\\/logo\\\/image\\\/\",\"url\":\"https:\\\/\\\/www.waterskis.lv\\\/wp-content\\\/uploads\\\/2025\\\/01\\\/JUVP-logo.png\",\"contentUrl\":\"https:\\\/\\\/www.waterskis.lv\\\/wp-content\\\/uploads\\\/2025\\\/01\\\/JUVP-logo.png\",\"width\":421,\"height\":202,\"caption\":\"WATERSKIS.LV\"},\"image\":{\"@id\":\"https:\\\/\\\/www.waterskis.lv\\\/en\\\/#\\\/schema\\\/logo\\\/image\\\/\"},\"sameAs\":[\"https:\\\/\\\/www.facebook.com\\\/jurmalawaterskiwakeboardpark\\\/\"]}]}<\/script>\n<!-- \/ Yoast SEO plugin. -->","yoast_head_json":{"title":"Spinera Professional Water Glider 6 Person - WATERSKIS.LV","description":"Spinera Professional Water Glider 6 Person. We are proud of the Water Glider and its reputation with customers around the world.","robots":{"index":"index","follow":"follow","max-snippet":"max-snippet:-1","max-image-preview":"max-image-preview:large","max-video-preview":"max-video-preview:-1"},"canonical":"https:\/\/www.waterskis.lv\/en\/product\/spinera-professional-water-glider-6-person\/","og_locale":"en_US","og_type":"article","og_title":"Spinera Professional Water Glider 6 Person - WATERSKIS.LV","og_description":"Spinera Professional Water Glider 6 Person. We are proud of the Water Glider and its reputation with customers around the world.","og_url":"https:\/\/www.waterskis.lv\/en\/product\/spinera-professional-water-glider-6-person\/","og_site_name":"WATERSKIS.LV","article_publisher":"https:\/\/www.facebook.com\/jurmalawaterskiwakeboardpark\/","article_modified_time":"2026-01-31T16:19:21+00:00","og_image":[{"width":2000,"height":2000,"url":"https:\/\/www.waterskis.lv\/wp-content\/uploads\/2025\/02\/professional_water_glider_6_person_18580_1.webp","type":"image\/webp"}],"twitter_card":"summary_large_image","twitter_misc":{"Est. reading time":"2 minutes"},"schema":{"@context":"https:\/\/schema.org","@graph":[{"@type":"WebPage","@id":"https:\/\/www.waterskis.lv\/en\/product\/spinera-professional-water-glider-6-person\/","url":"https:\/\/www.waterskis.lv\/en\/product\/spinera-professional-water-glider-6-person\/","name":"Spinera Professional Water Glider 6 Person - WATERSKIS.LV","isPartOf":{"@id":"https:\/\/www.waterskis.lv\/en\/#website"},"primaryImageOfPage":{"@id":"https:\/\/www.waterskis.lv\/en\/product\/spinera-professional-water-glider-6-person\/#primaryimage"},"image":{"@id":"https:\/\/www.waterskis.lv\/en\/product\/spinera-professional-water-glider-6-person\/#primaryimage"},"thumbnailUrl":"https:\/\/www.waterskis.lv\/wp-content\/uploads\/2025\/02\/professional_water_glider_6_person_18580_1.webp","datePublished":"2025-02-23T05:41:27+00:00","dateModified":"2026-01-31T16:19:21+00:00","description":"Spinera Professional Water Glider 6 Person. We are proud of the Water Glider and its reputation with customers around the world.","breadcrumb":{"@id":"https:\/\/www.waterskis.lv\/en\/product\/spinera-professional-water-glider-6-person\/#breadcrumb"},"inLanguage":"en-US","potentialAction":[{"@type":"ReadAction","target":["https:\/\/www.waterskis.lv\/en\/product\/spinera-professional-water-glider-6-person\/"]}]},{"@type":"ImageObject","inLanguage":"en-US","@id":"https:\/\/www.waterskis.lv\/en\/product\/spinera-professional-water-glider-6-person\/#primaryimage","url":"https:\/\/www.waterskis.lv\/wp-content\/uploads\/2025\/02\/professional_water_glider_6_person_18580_1.webp","contentUrl":"https:\/\/www.waterskis.lv\/wp-content\/uploads\/2025\/02\/professional_water_glider_6_person_18580_1.webp","width":2000,"height":2000,"caption":"Plan\u0113jo\u0161ais p\u016bslis Spinera Professional Water Glider 6 Person"},{"@type":"BreadcrumbList","@id":"https:\/\/www.waterskis.lv\/en\/product\/spinera-professional-water-glider-6-person\/#breadcrumb","itemListElement":[{"@type":"ListItem","position":1,"name":"Home","item":"https:\/\/www.waterskis.lv\/en\/"},{"@type":"ListItem","position":2,"name":"Shop","item":"https:\/\/waterskis.lv\/en\/shop\/"},{"@type":"ListItem","position":3,"name":"Spinera Professional Water Glider 6 Person"}]},{"@type":"WebSite","@id":"https:\/\/www.waterskis.lv\/en\/#website","url":"https:\/\/www.waterskis.lv\/en\/","name":"WATERSKIS.LV","description":"SUP d\u0113\u013ci, kajaki, kanoe, airu laivas, \u016bdenssl\u0113po\u0161ana, veikbords, SUP d\u0113\u013cu noma, kajaku nomaakt\u012bv\u0101s atp\u016btas centrs, laivu noma, sup noma, kajaku noma","publisher":{"@id":"https:\/\/www.waterskis.lv\/en\/#organization"},"potentialAction":[{"@type":"SearchAction","target":{"@type":"EntryPoint","urlTemplate":"https:\/\/www.waterskis.lv\/en\/?s={search_term_string}"},"query-input":{"@type":"PropertyValueSpecification","valueRequired":true,"valueName":"search_term_string"}}],"inLanguage":"en-US"},{"@type":"Organization","@id":"https:\/\/www.waterskis.lv\/en\/#organization","name":"WATERSKIS.LV","url":"https:\/\/www.waterskis.lv\/en\/","logo":{"@type":"ImageObject","inLanguage":"en-US","@id":"https:\/\/www.waterskis.lv\/en\/#\/schema\/logo\/image\/","url":"https:\/\/www.waterskis.lv\/wp-content\/uploads\/2025\/01\/JUVP-logo.png","contentUrl":"https:\/\/www.waterskis.lv\/wp-content\/uploads\/2025\/01\/JUVP-logo.png","width":421,"height":202,"caption":"WATERSKIS.LV"},"image":{"@id":"https:\/\/www.waterskis.lv\/en\/#\/schema\/logo\/image\/"},"sameAs":["https:\/\/www.facebook.com\/jurmalawaterskiwakeboardpark\/"]}]}},"_links":{"self":[{"href":"https:\/\/www.waterskis.lv\/en\/wp-json\/wp\/v2\/product\/64435","targetHints":{"allow":["GET"]}}],"collection":[{"href":"https:\/\/www.waterskis.lv\/en\/wp-json\/wp\/v2\/product"}],"about":[{"href":"https:\/\/www.waterskis.lv\/en\/wp-json\/wp\/v2\/types\/product"}],"replies":[{"embeddable":true,"href":"https:\/\/www.waterskis.lv\/en\/wp-json\/wp\/v2\/comments?post=64435"}],"wp:featuredmedia":[{"embeddable":true,"href":"https:\/\/www.waterskis.lv\/en\/wp-json\/wp\/v2\/media\/64430"}],"wp:attachment":[{"href":"https:\/\/www.waterskis.lv\/en\/wp-json\/wp\/v2\/media?parent=64435"}],"wp:term":[{"taxonomy":"product_brand","embeddable":true,"href":"https:\/\/www.waterskis.lv\/en\/wp-json\/wp\/v2\/product_brand?post=64435"},{"taxonomy":"product_cat","embeddable":true,"href":"https:\/\/www.waterskis.lv\/en\/wp-json\/wp\/v2\/product_cat?post=64435"},{"taxonomy":"product_tag","embeddable":true,"href":"https:\/\/www.waterskis.lv\/en\/wp-json\/wp\/v2\/product_tag?post=64435"}],"curies":[{"name":"wp","href":"https:\/\/api.w.org\/{rel}","templated":true}]}}