{"id":64549,"date":"2025-02-23T10:34:27","date_gmt":"2025-02-23T08:34:27","guid":{"rendered":"https:\/\/www.waterskis.lv\/product\/piepusamais-banans-spinera-professional-multirider-3-personas-mazlietots\/"},"modified":"2025-02-23T10:38:41","modified_gmt":"2025-02-23T08:38:41","slug":"spinera-professional-multirider-3-persons-slightly-used","status":"publish","type":"product","link":"https:\/\/www.waterskis.lv\/en\/product\/spinera-professional-multirider-3-persons-slightly-used\/","title":{"rendered":"Spinera Professional Multirider 3 Persons Slightly Used"},"content":{"rendered":"<h1>Spinera Professional Multirider 3 Persons Slightly Used<\/h1>\n<p>Spinera Professional Multirider 3 Persons Slightly Used<\/p>\n<p>&nbsp;<\/p>\n<p>The multiriders are made from a particularly hard-wearing, 5-layer plastic fabric, which has proven itself in professional inflatable boat construction for decades for the toughest demands. This material is very UV-resistant and has a low water resistance, which has ideal sliding properties.<\/p>\n<p>&nbsp;<\/p>\n<p>Material:<\/p>\n<p>The Multirider are of a very tough five coat synthetic material. This material is very UV wave resistant and has a low water stand for good slipping features.<\/p>\n<p>&nbsp;<\/p>\n<p>Seams:<\/p>\n<p>All seams are double glued with a two component glue.<\/p>\n<p>&nbsp;<\/p>\n<p>&#8220;No bag included&#8221;<\/p>\n<p>&nbsp;<\/p>\n<p>Notre ligne de bou\u00e9es professionnelles sont sp\u00e9cialement fait pour des bases nautiques. Les bou\u00e9es sont faites de nylon haut r\u00e9sistant \u00e0 la d\u00e9chirure. La partie int\u00e9rieure gonflable est faite de PVC de 0.9mm. Toutes les bou\u00e9es pro ont une protection de Tarpuline 0.8mm d&#8217;\u00e9paisseur sur le fond. Cette protection PVC renforc\u00e9e et lisse permet \u00e9galement de r\u00e9duire la consommation de carburant du bateau.<\/p>\n<p>&nbsp;<\/p>\n<p>Measurements: approx. L 405cm x B 120cm<\/p>\n<p>Gross Weight: approx. 25kg<\/p>\n<p>Max. air pressure: 0,25bar<\/p>\n<p>Max. loading: 225kg<\/p>\n<p>Diameter: 33 \/ 50 \/ 33 cm<\/p>\n<p>Max. traction: 1520kg<\/p>\n<p>3-chamber security system &#8220;we take care about safety&#8221;<\/p>\n<p>Packaging dimensions: 90x75x15cm<\/p>\n<p>&nbsp;<\/p>\n<p>Keywords for this item:<\/p>\n<p>Multirider with synthetic material like professional inflatable dinghy material, Professional Tubes, Inflatables, Towables, Watersport, Waterfun, Inflatables for Boating, Tubing Fun, Rental Towables, Commercial Tubes, for Waterpark Operators, Waterskistations, Watersportstations, Yacht Clients<\/p>\n","protected":false},"excerpt":{"rendered":"<p>https:\/\/www.youtube.com\/watch?v=HUB2F7ZWGJE [&#8230;]<\/p>\n<p><a class=\"btn btn-secondary understrap-read-more-link\" href=\"https:\/\/www.waterskis.lv\/en\/product\/spinera-professional-multirider-3-persons-slightly-used\/\">Read More&#8230;<\/a><\/p>\n","protected":false},"featured_media":68294,"comment_status":"closed","ping_status":"closed","template":"","meta":{"_acf_changed":false,"inline_featured_image":false},"product_brand":[],"product_cat":[966,1244,361,1226,1232,380,367],"product_tag":[3074,3075],"class_list":{"0":"post-64549","1":"product","2":"type-product","3":"status-publish","4":"has-post-thumbnail","6":"product_cat-3-rider-tubes","7":"product_cat-hd-multirider","8":"product_cat-sale","9":"product_cat-spinera-professional-en","10":"product_cat-spinera-rental-tubes","11":"product_cat-towables","12":"product_cat-used-water-sports-items","13":"product_tag-inflatable-towable-tube","14":"product_tag-3075","16":"first","17":"instock","18":"sale","19":"shipping-taxable","20":"purchasable","21":"product-type-simple"},"acf":[],"yoast_head":"<!-- This site is optimized with the Yoast SEO plugin v27.5 - https:\/\/yoast.com\/product\/yoast-seo-wordpress\/ -->\n<title>Spinera Professional Multirider 3 Persons Slightly Used - WATERSKIS.LV<\/title>\n<meta name=\"description\" content=\"Spinera Professional Multirider 3 Persons Slightly Used. The multiriders are made from a particularly hard-wearing, 5-layer plastic fabric, which has proven\" \/>\n<meta name=\"robots\" content=\"index, follow, max-snippet:-1, max-image-preview:large, max-video-preview:-1\" \/>\n<link rel=\"canonical\" href=\"https:\/\/www.waterskis.lv\/en\/product\/spinera-professional-multirider-3-persons-slightly-used\/\" \/>\n<meta property=\"og:locale\" content=\"en_US\" \/>\n<meta property=\"og:type\" content=\"article\" \/>\n<meta property=\"og:title\" content=\"Spinera Professional Multirider 3 Persons Slightly Used - WATERSKIS.LV\" \/>\n<meta property=\"og:description\" content=\"Spinera Professional Multirider 3 Persons Slightly Used. The multiriders are made from a particularly hard-wearing, 5-layer plastic fabric, which has proven\" \/>\n<meta property=\"og:url\" content=\"https:\/\/www.waterskis.lv\/en\/product\/spinera-professional-multirider-3-persons-slightly-used\/\" \/>\n<meta property=\"og:site_name\" content=\"WATERSKIS.LV\" \/>\n<meta property=\"article:publisher\" content=\"https:\/\/www.facebook.com\/jurmalawaterskiwakeboardpark\/\" \/>\n<meta property=\"article:modified_time\" content=\"2025-02-23T08:38:41+00:00\" \/>\n<meta property=\"og:image\" content=\"https:\/\/www.waterskis.lv\/wp-content\/uploads\/2025\/02\/Spinera_logo_1-1.webp\" \/>\n\t<meta property=\"og:image:width\" content=\"600\" \/>\n\t<meta property=\"og:image:height\" content=\"600\" \/>\n\t<meta property=\"og:image:type\" content=\"image\/webp\" \/>\n<meta name=\"twitter:card\" content=\"summary_large_image\" \/>\n<meta name=\"twitter:label1\" content=\"Est. reading time\" \/>\n\t<meta name=\"twitter:data1\" content=\"2 minutes\" \/>\n<script type=\"application\/ld+json\" class=\"yoast-schema-graph\">{\"@context\":\"https:\\\/\\\/schema.org\",\"@graph\":[{\"@type\":\"WebPage\",\"@id\":\"https:\\\/\\\/www.waterskis.lv\\\/en\\\/product\\\/spinera-professional-multirider-3-persons-slightly-used\\\/\",\"url\":\"https:\\\/\\\/www.waterskis.lv\\\/en\\\/product\\\/spinera-professional-multirider-3-persons-slightly-used\\\/\",\"name\":\"Spinera Professional Multirider 3 Persons Slightly Used - WATERSKIS.LV\",\"isPartOf\":{\"@id\":\"https:\\\/\\\/www.waterskis.lv\\\/en\\\/#website\"},\"primaryImageOfPage\":{\"@id\":\"https:\\\/\\\/www.waterskis.lv\\\/en\\\/product\\\/spinera-professional-multirider-3-persons-slightly-used\\\/#primaryimage\"},\"image\":{\"@id\":\"https:\\\/\\\/www.waterskis.lv\\\/en\\\/product\\\/spinera-professional-multirider-3-persons-slightly-used\\\/#primaryimage\"},\"thumbnailUrl\":\"https:\\\/\\\/www.waterskis.lv\\\/wp-content\\\/uploads\\\/2025\\\/02\\\/20250503_143807-scaled.jpg\",\"datePublished\":\"2025-02-23T08:34:27+00:00\",\"dateModified\":\"2025-02-23T08:38:41+00:00\",\"description\":\"Spinera Professional Multirider 3 Persons Slightly Used. The multiriders are made from a particularly hard-wearing, 5-layer plastic fabric, which has proven\",\"breadcrumb\":{\"@id\":\"https:\\\/\\\/www.waterskis.lv\\\/en\\\/product\\\/spinera-professional-multirider-3-persons-slightly-used\\\/#breadcrumb\"},\"inLanguage\":\"en-US\",\"potentialAction\":[{\"@type\":\"ReadAction\",\"target\":[\"https:\\\/\\\/www.waterskis.lv\\\/en\\\/product\\\/spinera-professional-multirider-3-persons-slightly-used\\\/\"]}]},{\"@type\":\"ImageObject\",\"inLanguage\":\"en-US\",\"@id\":\"https:\\\/\\\/www.waterskis.lv\\\/en\\\/product\\\/spinera-professional-multirider-3-persons-slightly-used\\\/#primaryimage\",\"url\":\"https:\\\/\\\/www.waterskis.lv\\\/wp-content\\\/uploads\\\/2025\\\/02\\\/20250503_143807-scaled.jpg\",\"contentUrl\":\"https:\\\/\\\/www.waterskis.lv\\\/wp-content\\\/uploads\\\/2025\\\/02\\\/20250503_143807-scaled.jpg\",\"width\":1442,\"height\":2560,\"caption\":\"Mazlietots piep\u016b\u0161amais ban\u0101ns Spinera Professional Multirider 3\"},{\"@type\":\"BreadcrumbList\",\"@id\":\"https:\\\/\\\/www.waterskis.lv\\\/en\\\/product\\\/spinera-professional-multirider-3-persons-slightly-used\\\/#breadcrumb\",\"itemListElement\":[{\"@type\":\"ListItem\",\"position\":1,\"name\":\"Home\",\"item\":\"https:\\\/\\\/www.waterskis.lv\\\/en\\\/\"},{\"@type\":\"ListItem\",\"position\":2,\"name\":\"Shop\",\"item\":\"https:\\\/\\\/waterskis.lv\\\/en\\\/shop\\\/\"},{\"@type\":\"ListItem\",\"position\":3,\"name\":\"Spinera Professional Multirider 3 Persons Slightly Used\"}]},{\"@type\":\"WebSite\",\"@id\":\"https:\\\/\\\/www.waterskis.lv\\\/en\\\/#website\",\"url\":\"https:\\\/\\\/www.waterskis.lv\\\/en\\\/\",\"name\":\"WATERSKIS.LV\",\"description\":\"SUP d\u0113\u013ci, kajaki, kanoe, airu laivas, \u016bdenssl\u0113po\u0161ana, veikbords, SUP d\u0113\u013cu noma, kajaku nomaakt\u012bv\u0101s atp\u016btas centrs, laivu noma, sup noma, kajaku noma\",\"publisher\":{\"@id\":\"https:\\\/\\\/www.waterskis.lv\\\/en\\\/#organization\"},\"potentialAction\":[{\"@type\":\"SearchAction\",\"target\":{\"@type\":\"EntryPoint\",\"urlTemplate\":\"https:\\\/\\\/www.waterskis.lv\\\/en\\\/?s={search_term_string}\"},\"query-input\":{\"@type\":\"PropertyValueSpecification\",\"valueRequired\":true,\"valueName\":\"search_term_string\"}}],\"inLanguage\":\"en-US\"},{\"@type\":\"Organization\",\"@id\":\"https:\\\/\\\/www.waterskis.lv\\\/en\\\/#organization\",\"name\":\"WATERSKIS.LV\",\"url\":\"https:\\\/\\\/www.waterskis.lv\\\/en\\\/\",\"logo\":{\"@type\":\"ImageObject\",\"inLanguage\":\"en-US\",\"@id\":\"https:\\\/\\\/www.waterskis.lv\\\/en\\\/#\\\/schema\\\/logo\\\/image\\\/\",\"url\":\"https:\\\/\\\/www.waterskis.lv\\\/wp-content\\\/uploads\\\/2025\\\/01\\\/JUVP-logo.png\",\"contentUrl\":\"https:\\\/\\\/www.waterskis.lv\\\/wp-content\\\/uploads\\\/2025\\\/01\\\/JUVP-logo.png\",\"width\":421,\"height\":202,\"caption\":\"WATERSKIS.LV\"},\"image\":{\"@id\":\"https:\\\/\\\/www.waterskis.lv\\\/en\\\/#\\\/schema\\\/logo\\\/image\\\/\"},\"sameAs\":[\"https:\\\/\\\/www.facebook.com\\\/jurmalawaterskiwakeboardpark\\\/\"]}]}<\/script>\n<!-- \/ Yoast SEO plugin. -->","yoast_head_json":{"title":"Spinera Professional Multirider 3 Persons Slightly Used - WATERSKIS.LV","description":"Spinera Professional Multirider 3 Persons Slightly Used. The multiriders are made from a particularly hard-wearing, 5-layer plastic fabric, which has proven","robots":{"index":"index","follow":"follow","max-snippet":"max-snippet:-1","max-image-preview":"max-image-preview:large","max-video-preview":"max-video-preview:-1"},"canonical":"https:\/\/www.waterskis.lv\/en\/product\/spinera-professional-multirider-3-persons-slightly-used\/","og_locale":"en_US","og_type":"article","og_title":"Spinera Professional Multirider 3 Persons Slightly Used - WATERSKIS.LV","og_description":"Spinera Professional Multirider 3 Persons Slightly Used. The multiriders are made from a particularly hard-wearing, 5-layer plastic fabric, which has proven","og_url":"https:\/\/www.waterskis.lv\/en\/product\/spinera-professional-multirider-3-persons-slightly-used\/","og_site_name":"WATERSKIS.LV","article_publisher":"https:\/\/www.facebook.com\/jurmalawaterskiwakeboardpark\/","article_modified_time":"2025-02-23T08:38:41+00:00","og_image":[{"width":600,"height":600,"url":"https:\/\/www.waterskis.lv\/wp-content\/uploads\/2025\/02\/Spinera_logo_1-1.webp","type":"image\/webp"}],"twitter_card":"summary_large_image","twitter_misc":{"Est. reading time":"2 minutes"},"schema":{"@context":"https:\/\/schema.org","@graph":[{"@type":"WebPage","@id":"https:\/\/www.waterskis.lv\/en\/product\/spinera-professional-multirider-3-persons-slightly-used\/","url":"https:\/\/www.waterskis.lv\/en\/product\/spinera-professional-multirider-3-persons-slightly-used\/","name":"Spinera Professional Multirider 3 Persons Slightly Used - WATERSKIS.LV","isPartOf":{"@id":"https:\/\/www.waterskis.lv\/en\/#website"},"primaryImageOfPage":{"@id":"https:\/\/www.waterskis.lv\/en\/product\/spinera-professional-multirider-3-persons-slightly-used\/#primaryimage"},"image":{"@id":"https:\/\/www.waterskis.lv\/en\/product\/spinera-professional-multirider-3-persons-slightly-used\/#primaryimage"},"thumbnailUrl":"https:\/\/www.waterskis.lv\/wp-content\/uploads\/2025\/02\/20250503_143807-scaled.jpg","datePublished":"2025-02-23T08:34:27+00:00","dateModified":"2025-02-23T08:38:41+00:00","description":"Spinera Professional Multirider 3 Persons Slightly Used. The multiriders are made from a particularly hard-wearing, 5-layer plastic fabric, which has proven","breadcrumb":{"@id":"https:\/\/www.waterskis.lv\/en\/product\/spinera-professional-multirider-3-persons-slightly-used\/#breadcrumb"},"inLanguage":"en-US","potentialAction":[{"@type":"ReadAction","target":["https:\/\/www.waterskis.lv\/en\/product\/spinera-professional-multirider-3-persons-slightly-used\/"]}]},{"@type":"ImageObject","inLanguage":"en-US","@id":"https:\/\/www.waterskis.lv\/en\/product\/spinera-professional-multirider-3-persons-slightly-used\/#primaryimage","url":"https:\/\/www.waterskis.lv\/wp-content\/uploads\/2025\/02\/20250503_143807-scaled.jpg","contentUrl":"https:\/\/www.waterskis.lv\/wp-content\/uploads\/2025\/02\/20250503_143807-scaled.jpg","width":1442,"height":2560,"caption":"Mazlietots piep\u016b\u0161amais ban\u0101ns Spinera Professional Multirider 3"},{"@type":"BreadcrumbList","@id":"https:\/\/www.waterskis.lv\/en\/product\/spinera-professional-multirider-3-persons-slightly-used\/#breadcrumb","itemListElement":[{"@type":"ListItem","position":1,"name":"Home","item":"https:\/\/www.waterskis.lv\/en\/"},{"@type":"ListItem","position":2,"name":"Shop","item":"https:\/\/waterskis.lv\/en\/shop\/"},{"@type":"ListItem","position":3,"name":"Spinera Professional Multirider 3 Persons Slightly Used"}]},{"@type":"WebSite","@id":"https:\/\/www.waterskis.lv\/en\/#website","url":"https:\/\/www.waterskis.lv\/en\/","name":"WATERSKIS.LV","description":"SUP d\u0113\u013ci, kajaki, kanoe, airu laivas, \u016bdenssl\u0113po\u0161ana, veikbords, SUP d\u0113\u013cu noma, kajaku nomaakt\u012bv\u0101s atp\u016btas centrs, laivu noma, sup noma, kajaku noma","publisher":{"@id":"https:\/\/www.waterskis.lv\/en\/#organization"},"potentialAction":[{"@type":"SearchAction","target":{"@type":"EntryPoint","urlTemplate":"https:\/\/www.waterskis.lv\/en\/?s={search_term_string}"},"query-input":{"@type":"PropertyValueSpecification","valueRequired":true,"valueName":"search_term_string"}}],"inLanguage":"en-US"},{"@type":"Organization","@id":"https:\/\/www.waterskis.lv\/en\/#organization","name":"WATERSKIS.LV","url":"https:\/\/www.waterskis.lv\/en\/","logo":{"@type":"ImageObject","inLanguage":"en-US","@id":"https:\/\/www.waterskis.lv\/en\/#\/schema\/logo\/image\/","url":"https:\/\/www.waterskis.lv\/wp-content\/uploads\/2025\/01\/JUVP-logo.png","contentUrl":"https:\/\/www.waterskis.lv\/wp-content\/uploads\/2025\/01\/JUVP-logo.png","width":421,"height":202,"caption":"WATERSKIS.LV"},"image":{"@id":"https:\/\/www.waterskis.lv\/en\/#\/schema\/logo\/image\/"},"sameAs":["https:\/\/www.facebook.com\/jurmalawaterskiwakeboardpark\/"]}]}},"_links":{"self":[{"href":"https:\/\/www.waterskis.lv\/en\/wp-json\/wp\/v2\/product\/64549","targetHints":{"allow":["GET"]}}],"collection":[{"href":"https:\/\/www.waterskis.lv\/en\/wp-json\/wp\/v2\/product"}],"about":[{"href":"https:\/\/www.waterskis.lv\/en\/wp-json\/wp\/v2\/types\/product"}],"replies":[{"embeddable":true,"href":"https:\/\/www.waterskis.lv\/en\/wp-json\/wp\/v2\/comments?post=64549"}],"wp:featuredmedia":[{"embeddable":true,"href":"https:\/\/www.waterskis.lv\/en\/wp-json\/wp\/v2\/media\/68294"}],"wp:attachment":[{"href":"https:\/\/www.waterskis.lv\/en\/wp-json\/wp\/v2\/media?parent=64549"}],"wp:term":[{"taxonomy":"product_brand","embeddable":true,"href":"https:\/\/www.waterskis.lv\/en\/wp-json\/wp\/v2\/product_brand?post=64549"},{"taxonomy":"product_cat","embeddable":true,"href":"https:\/\/www.waterskis.lv\/en\/wp-json\/wp\/v2\/product_cat?post=64549"},{"taxonomy":"product_tag","embeddable":true,"href":"https:\/\/www.waterskis.lv\/en\/wp-json\/wp\/v2\/product_tag?post=64549"}],"curies":[{"name":"wp","href":"https:\/\/api.w.org\/{rel}","templated":true}]}}