{"id":64570,"date":"2025-02-23T16:08:08","date_gmt":"2025-02-23T14:08:08","guid":{"rendered":"https:\/\/www.waterskis.lv\/product\/puslis-spinera-professional-lets-go-3-hd\/"},"modified":"2026-01-31T15:19:49","modified_gmt":"2026-01-31T13:19:49","slug":"spinera-professional-lets-go-3-hd","status":"publish","type":"product","link":"https:\/\/www.waterskis.lv\/en\/product\/spinera-professional-lets-go-3-hd\/","title":{"rendered":"Spinera Professional Lets Go 3 HD"},"content":{"rendered":"<h1>Spinera Professional Lets Go 3 HD<\/h1>\n<p>Spinera Professional Lets Go 3 HD<\/p>\n<p>This tube is specially made for commercial use with maximum durability. Heavy Duty material emphasizes the professional quality of Spinera.<\/p>\n<p>Whether sitting comfortably or fighting like on a Roman chariot &#8230; &#8220;The ultimate and multifunctional fun on the water! So let&#8217;s go!<\/p>\n<p>Professional series \/ high-performance room for rental \/ Heavy Duty<br \/>\nSize: 175x226cm (inflated)<br \/>\nCapacity for up to 3 people<br \/>\nextra strong 1000D reinforced PVC material<br \/>\n2 x H3 Valves for fast inflation &amp; deflation<br \/>\n2 x Pressure Release Valve<br \/>\n6 HD handles + 2 add. handles<br \/>\nTraction system with 4 extra strong D-rings<br \/>\n2&#215;3 m connecting rope included free of charge<br \/>\n3-chamber security system &#8220;we take care about safety&#8221;<br \/>\nextra air bottom also enables better sliding properties<\/p>\n<p>&#8211; comfortable \/ wide seating area<br \/>\n&#8211; allows towing in 2 directions<br \/>\n&#8211; Package includes a repair kit, a carry bag and 2x3m rope<br \/>\n&#8211; repairable like inflatable boats in case of any damage<\/p>\n<p>working pressure:<br \/>\nPlatform: 1,5psi \/ 103mbar<br \/>\nBackrest: 1,7psi \/ 117mbar<br \/>\nBubble: 0,1psi \/ 7mbar<\/p>\n<p>Remark for using the item:<br \/>\nSuggested wave height max. 50cm to ensure save tubing.<br \/>\nIf towable is used in chariot way the riders weight needs to stay in the center of the towable to avoid tipping over the front nose.<\/p>\n<p>Keywords for this item:<br \/>\nindustrial tubes, tubing fun, commercial use, tires, water tires, hose, water hose, for water sports stations, water park operators, yacht customers<\/p>\n","protected":false},"excerpt":{"rendered":"<p>https:\/\/www.youtube.com\/watch?v=DSBntIan8tY [&#8230;]<\/p>\n<p><a class=\"btn btn-secondary understrap-read-more-link\" href=\"https:\/\/www.waterskis.lv\/en\/product\/spinera-professional-lets-go-3-hd\/\">Read More&#8230;<\/a><\/p>\n","protected":false},"featured_media":64559,"comment_status":"closed","ping_status":"closed","template":"","meta":{"_acf_changed":false,"inline_featured_image":false},"product_brand":[2677],"product_cat":[1238,1226,1232],"product_tag":[1482,3074],"class_list":{"0":"post-64570","1":"product","2":"type-product","3":"status-publish","4":"has-post-thumbnail","6":"product_brand-spinera-professional","7":"product_cat-heavy-duty-tubes","8":"product_cat-spinera-professional-en","9":"product_cat-spinera-rental-tubes","10":"product_tag-aiz-laivas-velkamais-puslis","11":"product_tag-inflatable-towable-tube","13":"first","14":"instock","15":"shipping-taxable","16":"purchasable","17":"product-type-simple"},"acf":[],"yoast_head":"<!-- This site is optimized with the Yoast SEO plugin v27.5 - https:\/\/yoast.com\/product\/yoast-seo-wordpress\/ -->\n<title>Spinera Professional Lets Go 3 HD - WATERSKIS.LV<\/title>\n<meta name=\"description\" content=\"Spinera Professional Lets Go 3 HD. industrial tubes, tubing fun, commercial use, water tires, hose, water hose, for water sports stations, water park operar\" \/>\n<meta name=\"robots\" content=\"index, follow, max-snippet:-1, max-image-preview:large, max-video-preview:-1\" \/>\n<link rel=\"canonical\" href=\"https:\/\/www.waterskis.lv\/en\/product\/spinera-professional-lets-go-3-hd\/\" \/>\n<meta property=\"og:locale\" content=\"en_US\" \/>\n<meta property=\"og:type\" content=\"article\" \/>\n<meta property=\"og:title\" content=\"Spinera Professional Lets Go 3 HD - WATERSKIS.LV\" \/>\n<meta property=\"og:description\" content=\"Spinera Professional Lets Go 3 HD. industrial tubes, tubing fun, commercial use, water tires, hose, water hose, for water sports stations, water park operar\" \/>\n<meta property=\"og:url\" content=\"https:\/\/www.waterskis.lv\/en\/product\/spinera-professional-lets-go-3-hd\/\" \/>\n<meta property=\"og:site_name\" content=\"WATERSKIS.LV\" \/>\n<meta property=\"article:publisher\" content=\"https:\/\/www.facebook.com\/jurmalawaterskiwakeboardpark\/\" \/>\n<meta property=\"article:modified_time\" content=\"2026-01-31T13:19:49+00:00\" \/>\n<meta property=\"og:image\" content=\"https:\/\/www.waterskis.lv\/wp-content\/uploads\/2025\/02\/professional_letsgo3hd_heavy_duty_rental_tube.webp\" \/>\n\t<meta property=\"og:image:width\" content=\"1200\" \/>\n\t<meta property=\"og:image:height\" content=\"1200\" \/>\n\t<meta property=\"og:image:type\" content=\"image\/webp\" \/>\n<meta name=\"twitter:card\" content=\"summary_large_image\" \/>\n<meta name=\"twitter:label1\" content=\"Est. reading time\" \/>\n\t<meta name=\"twitter:data1\" content=\"2 minutes\" \/>\n<script type=\"application\/ld+json\" class=\"yoast-schema-graph\">{\"@context\":\"https:\\\/\\\/schema.org\",\"@graph\":[{\"@type\":\"WebPage\",\"@id\":\"https:\\\/\\\/www.waterskis.lv\\\/en\\\/product\\\/spinera-professional-lets-go-3-hd\\\/\",\"url\":\"https:\\\/\\\/www.waterskis.lv\\\/en\\\/product\\\/spinera-professional-lets-go-3-hd\\\/\",\"name\":\"Spinera Professional Lets Go 3 HD - WATERSKIS.LV\",\"isPartOf\":{\"@id\":\"https:\\\/\\\/www.waterskis.lv\\\/en\\\/#website\"},\"primaryImageOfPage\":{\"@id\":\"https:\\\/\\\/www.waterskis.lv\\\/en\\\/product\\\/spinera-professional-lets-go-3-hd\\\/#primaryimage\"},\"image\":{\"@id\":\"https:\\\/\\\/www.waterskis.lv\\\/en\\\/product\\\/spinera-professional-lets-go-3-hd\\\/#primaryimage\"},\"thumbnailUrl\":\"https:\\\/\\\/www.waterskis.lv\\\/wp-content\\\/uploads\\\/2025\\\/02\\\/professional_letsgo3hd_heavy_duty_rental_tube.webp\",\"datePublished\":\"2025-02-23T14:08:08+00:00\",\"dateModified\":\"2026-01-31T13:19:49+00:00\",\"description\":\"Spinera Professional Lets Go 3 HD. industrial tubes, tubing fun, commercial use, water tires, hose, water hose, for water sports stations, water park operar\",\"breadcrumb\":{\"@id\":\"https:\\\/\\\/www.waterskis.lv\\\/en\\\/product\\\/spinera-professional-lets-go-3-hd\\\/#breadcrumb\"},\"inLanguage\":\"en-US\",\"potentialAction\":[{\"@type\":\"ReadAction\",\"target\":[\"https:\\\/\\\/www.waterskis.lv\\\/en\\\/product\\\/spinera-professional-lets-go-3-hd\\\/\"]}]},{\"@type\":\"ImageObject\",\"inLanguage\":\"en-US\",\"@id\":\"https:\\\/\\\/www.waterskis.lv\\\/en\\\/product\\\/spinera-professional-lets-go-3-hd\\\/#primaryimage\",\"url\":\"https:\\\/\\\/www.waterskis.lv\\\/wp-content\\\/uploads\\\/2025\\\/02\\\/professional_letsgo3hd_heavy_duty_rental_tube.webp\",\"contentUrl\":\"https:\\\/\\\/www.waterskis.lv\\\/wp-content\\\/uploads\\\/2025\\\/02\\\/professional_letsgo3hd_heavy_duty_rental_tube.webp\",\"width\":1200,\"height\":1200,\"caption\":\"P\u016bslis Spinera Professional Lets Go 3 HD\"},{\"@type\":\"BreadcrumbList\",\"@id\":\"https:\\\/\\\/www.waterskis.lv\\\/en\\\/product\\\/spinera-professional-lets-go-3-hd\\\/#breadcrumb\",\"itemListElement\":[{\"@type\":\"ListItem\",\"position\":1,\"name\":\"Home\",\"item\":\"https:\\\/\\\/www.waterskis.lv\\\/en\\\/\"},{\"@type\":\"ListItem\",\"position\":2,\"name\":\"Shop\",\"item\":\"https:\\\/\\\/waterskis.lv\\\/en\\\/shop\\\/\"},{\"@type\":\"ListItem\",\"position\":3,\"name\":\"Spinera Professional Lets Go 3 HD\"}]},{\"@type\":\"WebSite\",\"@id\":\"https:\\\/\\\/www.waterskis.lv\\\/en\\\/#website\",\"url\":\"https:\\\/\\\/www.waterskis.lv\\\/en\\\/\",\"name\":\"WATERSKIS.LV\",\"description\":\"SUP d\u0113\u013ci, kajaki, kanoe, airu laivas, \u016bdenssl\u0113po\u0161ana, veikbords, SUP d\u0113\u013cu noma, kajaku nomaakt\u012bv\u0101s atp\u016btas centrs, laivu noma, sup noma, kajaku noma\",\"publisher\":{\"@id\":\"https:\\\/\\\/www.waterskis.lv\\\/en\\\/#organization\"},\"potentialAction\":[{\"@type\":\"SearchAction\",\"target\":{\"@type\":\"EntryPoint\",\"urlTemplate\":\"https:\\\/\\\/www.waterskis.lv\\\/en\\\/?s={search_term_string}\"},\"query-input\":{\"@type\":\"PropertyValueSpecification\",\"valueRequired\":true,\"valueName\":\"search_term_string\"}}],\"inLanguage\":\"en-US\"},{\"@type\":\"Organization\",\"@id\":\"https:\\\/\\\/www.waterskis.lv\\\/en\\\/#organization\",\"name\":\"WATERSKIS.LV\",\"url\":\"https:\\\/\\\/www.waterskis.lv\\\/en\\\/\",\"logo\":{\"@type\":\"ImageObject\",\"inLanguage\":\"en-US\",\"@id\":\"https:\\\/\\\/www.waterskis.lv\\\/en\\\/#\\\/schema\\\/logo\\\/image\\\/\",\"url\":\"https:\\\/\\\/www.waterskis.lv\\\/wp-content\\\/uploads\\\/2025\\\/01\\\/JUVP-logo.png\",\"contentUrl\":\"https:\\\/\\\/www.waterskis.lv\\\/wp-content\\\/uploads\\\/2025\\\/01\\\/JUVP-logo.png\",\"width\":421,\"height\":202,\"caption\":\"WATERSKIS.LV\"},\"image\":{\"@id\":\"https:\\\/\\\/www.waterskis.lv\\\/en\\\/#\\\/schema\\\/logo\\\/image\\\/\"},\"sameAs\":[\"https:\\\/\\\/www.facebook.com\\\/jurmalawaterskiwakeboardpark\\\/\"]}]}<\/script>\n<!-- \/ Yoast SEO plugin. -->","yoast_head_json":{"title":"Spinera Professional Lets Go 3 HD - WATERSKIS.LV","description":"Spinera Professional Lets Go 3 HD. industrial tubes, tubing fun, commercial use, water tires, hose, water hose, for water sports stations, water park operar","robots":{"index":"index","follow":"follow","max-snippet":"max-snippet:-1","max-image-preview":"max-image-preview:large","max-video-preview":"max-video-preview:-1"},"canonical":"https:\/\/www.waterskis.lv\/en\/product\/spinera-professional-lets-go-3-hd\/","og_locale":"en_US","og_type":"article","og_title":"Spinera Professional Lets Go 3 HD - WATERSKIS.LV","og_description":"Spinera Professional Lets Go 3 HD. industrial tubes, tubing fun, commercial use, water tires, hose, water hose, for water sports stations, water park operar","og_url":"https:\/\/www.waterskis.lv\/en\/product\/spinera-professional-lets-go-3-hd\/","og_site_name":"WATERSKIS.LV","article_publisher":"https:\/\/www.facebook.com\/jurmalawaterskiwakeboardpark\/","article_modified_time":"2026-01-31T13:19:49+00:00","og_image":[{"width":1200,"height":1200,"url":"https:\/\/www.waterskis.lv\/wp-content\/uploads\/2025\/02\/professional_letsgo3hd_heavy_duty_rental_tube.webp","type":"image\/webp"}],"twitter_card":"summary_large_image","twitter_misc":{"Est. reading time":"2 minutes"},"schema":{"@context":"https:\/\/schema.org","@graph":[{"@type":"WebPage","@id":"https:\/\/www.waterskis.lv\/en\/product\/spinera-professional-lets-go-3-hd\/","url":"https:\/\/www.waterskis.lv\/en\/product\/spinera-professional-lets-go-3-hd\/","name":"Spinera Professional Lets Go 3 HD - WATERSKIS.LV","isPartOf":{"@id":"https:\/\/www.waterskis.lv\/en\/#website"},"primaryImageOfPage":{"@id":"https:\/\/www.waterskis.lv\/en\/product\/spinera-professional-lets-go-3-hd\/#primaryimage"},"image":{"@id":"https:\/\/www.waterskis.lv\/en\/product\/spinera-professional-lets-go-3-hd\/#primaryimage"},"thumbnailUrl":"https:\/\/www.waterskis.lv\/wp-content\/uploads\/2025\/02\/professional_letsgo3hd_heavy_duty_rental_tube.webp","datePublished":"2025-02-23T14:08:08+00:00","dateModified":"2026-01-31T13:19:49+00:00","description":"Spinera Professional Lets Go 3 HD. industrial tubes, tubing fun, commercial use, water tires, hose, water hose, for water sports stations, water park operar","breadcrumb":{"@id":"https:\/\/www.waterskis.lv\/en\/product\/spinera-professional-lets-go-3-hd\/#breadcrumb"},"inLanguage":"en-US","potentialAction":[{"@type":"ReadAction","target":["https:\/\/www.waterskis.lv\/en\/product\/spinera-professional-lets-go-3-hd\/"]}]},{"@type":"ImageObject","inLanguage":"en-US","@id":"https:\/\/www.waterskis.lv\/en\/product\/spinera-professional-lets-go-3-hd\/#primaryimage","url":"https:\/\/www.waterskis.lv\/wp-content\/uploads\/2025\/02\/professional_letsgo3hd_heavy_duty_rental_tube.webp","contentUrl":"https:\/\/www.waterskis.lv\/wp-content\/uploads\/2025\/02\/professional_letsgo3hd_heavy_duty_rental_tube.webp","width":1200,"height":1200,"caption":"P\u016bslis Spinera Professional Lets Go 3 HD"},{"@type":"BreadcrumbList","@id":"https:\/\/www.waterskis.lv\/en\/product\/spinera-professional-lets-go-3-hd\/#breadcrumb","itemListElement":[{"@type":"ListItem","position":1,"name":"Home","item":"https:\/\/www.waterskis.lv\/en\/"},{"@type":"ListItem","position":2,"name":"Shop","item":"https:\/\/waterskis.lv\/en\/shop\/"},{"@type":"ListItem","position":3,"name":"Spinera Professional Lets Go 3 HD"}]},{"@type":"WebSite","@id":"https:\/\/www.waterskis.lv\/en\/#website","url":"https:\/\/www.waterskis.lv\/en\/","name":"WATERSKIS.LV","description":"SUP d\u0113\u013ci, kajaki, kanoe, airu laivas, \u016bdenssl\u0113po\u0161ana, veikbords, SUP d\u0113\u013cu noma, kajaku nomaakt\u012bv\u0101s atp\u016btas centrs, laivu noma, sup noma, kajaku noma","publisher":{"@id":"https:\/\/www.waterskis.lv\/en\/#organization"},"potentialAction":[{"@type":"SearchAction","target":{"@type":"EntryPoint","urlTemplate":"https:\/\/www.waterskis.lv\/en\/?s={search_term_string}"},"query-input":{"@type":"PropertyValueSpecification","valueRequired":true,"valueName":"search_term_string"}}],"inLanguage":"en-US"},{"@type":"Organization","@id":"https:\/\/www.waterskis.lv\/en\/#organization","name":"WATERSKIS.LV","url":"https:\/\/www.waterskis.lv\/en\/","logo":{"@type":"ImageObject","inLanguage":"en-US","@id":"https:\/\/www.waterskis.lv\/en\/#\/schema\/logo\/image\/","url":"https:\/\/www.waterskis.lv\/wp-content\/uploads\/2025\/01\/JUVP-logo.png","contentUrl":"https:\/\/www.waterskis.lv\/wp-content\/uploads\/2025\/01\/JUVP-logo.png","width":421,"height":202,"caption":"WATERSKIS.LV"},"image":{"@id":"https:\/\/www.waterskis.lv\/en\/#\/schema\/logo\/image\/"},"sameAs":["https:\/\/www.facebook.com\/jurmalawaterskiwakeboardpark\/"]}]}},"_links":{"self":[{"href":"https:\/\/www.waterskis.lv\/en\/wp-json\/wp\/v2\/product\/64570","targetHints":{"allow":["GET"]}}],"collection":[{"href":"https:\/\/www.waterskis.lv\/en\/wp-json\/wp\/v2\/product"}],"about":[{"href":"https:\/\/www.waterskis.lv\/en\/wp-json\/wp\/v2\/types\/product"}],"replies":[{"embeddable":true,"href":"https:\/\/www.waterskis.lv\/en\/wp-json\/wp\/v2\/comments?post=64570"}],"wp:featuredmedia":[{"embeddable":true,"href":"https:\/\/www.waterskis.lv\/en\/wp-json\/wp\/v2\/media\/64559"}],"wp:attachment":[{"href":"https:\/\/www.waterskis.lv\/en\/wp-json\/wp\/v2\/media?parent=64570"}],"wp:term":[{"taxonomy":"product_brand","embeddable":true,"href":"https:\/\/www.waterskis.lv\/en\/wp-json\/wp\/v2\/product_brand?post=64570"},{"taxonomy":"product_cat","embeddable":true,"href":"https:\/\/www.waterskis.lv\/en\/wp-json\/wp\/v2\/product_cat?post=64570"},{"taxonomy":"product_tag","embeddable":true,"href":"https:\/\/www.waterskis.lv\/en\/wp-json\/wp\/v2\/product_tag?post=64570"}],"curies":[{"name":"wp","href":"https:\/\/api.w.org\/{rel}","templated":true}]}}