{"id":64781,"date":"2025-03-05T20:34:44","date_gmt":"2025-03-05T18:34:44","guid":{"rendered":"https:\/\/www.waterskis.lv\/product\/puslis-spinera-professional-wing-4\/"},"modified":"2026-01-31T14:33:32","modified_gmt":"2026-01-31T12:33:32","slug":"spinera-professional-wing-4-tube","status":"publish","type":"product","link":"https:\/\/www.waterskis.lv\/en\/product\/spinera-professional-wing-4-tube\/","title":{"rendered":"Spinera Professional Wing 4 Tube"},"content":{"rendered":"<h1>Spinera Professional Wing 4 Tube<\/h1>\n<p>Spinera Professional Wing 4 Tube<\/p>\n<p>&nbsp;<\/p>\n<p>With its &#8220;wings&#8221; the Wing simply lifts off the water and likes to leave behind a few meters in the air. The sleek shape of this tube has a very low resistance and thus optimal sliding properties. Put in, Carve and Fly!<\/p>\n<p>&nbsp;<\/p>\n<p>This tube is made for the highest demands and durability for commercial use. Heavy duty material, Tarpulin bottom, the tube is completely enclosed in a nylon cover, the drawbar eye is sewn at several draw points and the soft nylon handles with neoprene pads underneath stand for the excellent quality of Spinera.<\/p>\n<p>&nbsp;<\/p>\n<p>Notre ligne de bou\u00e9es professionnelles sont sp\u00e9cialement fait pour des bases nautiques. Les bou\u00e9es sont faites de nylon haut r\u00e9sistant \u00e0 la d\u00e9chirure. La partie int\u00e9rieure gonflable est faite de PVC de 0.9mm. Toutes les bou\u00e9es pro ont une protection de Tarpuline 0<\/p>\n<p>&nbsp;<\/p>\n<p>Professional series \/ high-performance room for rental<\/p>\n<p>&nbsp;<\/p>\n<ul>\n<li>PVC thickness: 0.9mm<\/li>\n<li>Nylon cover thickness: Double Layer 840 Den + 840 Den<\/li>\n<li>Special: &#8211; 0.8mm tarpaulin underside<\/li>\n<li>Boston valve for quick filling and emptying<\/li>\n<li>2 chamber safety system &#8220;we take care about safety&#8221;<\/li>\n<li>1 pressure relief valve for better over-pressure control<\/li>\n<li>Fully padded comfort handles with neoprene knuckle protectors: 8<\/li>\n<li>+ 6 additional boarding handles<\/li>\n<li>Quick Connector Hooks<\/li>\n<li>Optimized side wing construction for maximum fun<\/li>\n<li>36 gauge<\/li>\n<li>Size: 249x201x47cm (including inflated wings)<\/li>\n<\/ul>\n<p>&nbsp;<\/p>\n<p><b>Pressure for inner chamber:<\/b><\/p>\n<ul>\n<li>Min. 0,9 psi<\/li>\n<li>1.0\u00a0\u00a0\u00a0\u00a0\u00a0\u00a0\u00a0\u00a0psi would be ideal<\/li>\n<li>max 1,2 psi<\/li>\n<\/ul>\n","protected":false},"excerpt":{"rendered":"<p>https:\/\/www.youtube.com\/watch?v=PckfOTHS8PE [&#8230;]<\/p>\n<p><a class=\"btn btn-secondary understrap-read-more-link\" href=\"https:\/\/www.waterskis.lv\/en\/product\/spinera-professional-wing-4-tube\/\">Read More&#8230;<\/a><\/p>\n","protected":false},"featured_media":64764,"comment_status":"closed","ping_status":"closed","template":"","meta":{"_acf_changed":false,"inline_featured_image":false},"product_brand":[2677],"product_cat":[1235,1226,1232],"product_tag":[3074],"class_list":{"0":"post-64781","1":"product","2":"type-product","3":"status-publish","4":"has-post-thumbnail","6":"product_brand-spinera-professional","7":"product_cat-nylon-covered-tubes","8":"product_cat-spinera-professional-en","9":"product_cat-spinera-rental-tubes","10":"product_tag-inflatable-towable-tube","12":"first","13":"instock","14":"shipping-taxable","15":"purchasable","16":"product-type-simple"},"acf":[],"yoast_head":"<!-- This site is optimized with the Yoast SEO plugin v27.5 - https:\/\/yoast.com\/product\/yoast-seo-wordpress\/ -->\n<title>Spinera Professional Wing 4 Tube - WATERSKIS.LV<\/title>\n<meta name=\"description\" content=\"Spinera Professional Wing 4 Tube is made for the highest demands and durability for commercial use. Heavy duty material, Tarpulin bottom, in a nylon cover\" \/>\n<meta name=\"robots\" content=\"index, follow, max-snippet:-1, max-image-preview:large, max-video-preview:-1\" \/>\n<link rel=\"canonical\" href=\"https:\/\/www.waterskis.lv\/en\/product\/spinera-professional-wing-4-tube\/\" \/>\n<meta property=\"og:locale\" content=\"en_US\" \/>\n<meta property=\"og:type\" content=\"article\" \/>\n<meta property=\"og:title\" content=\"Spinera Professional Wing 4 Tube - WATERSKIS.LV\" \/>\n<meta property=\"og:description\" content=\"Spinera Professional Wing 4 Tube is made for the highest demands and durability for commercial use. Heavy duty material, Tarpulin bottom, in a nylon cover\" \/>\n<meta property=\"og:url\" content=\"https:\/\/www.waterskis.lv\/en\/product\/spinera-professional-wing-4-tube\/\" \/>\n<meta property=\"og:site_name\" content=\"WATERSKIS.LV\" \/>\n<meta property=\"article:publisher\" content=\"https:\/\/www.facebook.com\/jurmalawaterskiwakeboardpark\/\" \/>\n<meta property=\"article:modified_time\" content=\"2026-01-31T12:33:32+00:00\" \/>\n<meta property=\"og:image\" content=\"https:\/\/www.waterskis.lv\/wp-content\/uploads\/2025\/03\/professional_wing_4_18258_1.webp\" \/>\n\t<meta property=\"og:image:width\" content=\"709\" \/>\n\t<meta property=\"og:image:height\" content=\"709\" \/>\n\t<meta property=\"og:image:type\" content=\"image\/webp\" \/>\n<meta name=\"twitter:card\" content=\"summary_large_image\" \/>\n<meta name=\"twitter:label1\" content=\"Est. reading time\" \/>\n\t<meta name=\"twitter:data1\" content=\"2 minutes\" \/>\n<script type=\"application\/ld+json\" class=\"yoast-schema-graph\">{\"@context\":\"https:\\\/\\\/schema.org\",\"@graph\":[{\"@type\":\"WebPage\",\"@id\":\"https:\\\/\\\/www.waterskis.lv\\\/en\\\/product\\\/spinera-professional-wing-4-tube\\\/\",\"url\":\"https:\\\/\\\/www.waterskis.lv\\\/en\\\/product\\\/spinera-professional-wing-4-tube\\\/\",\"name\":\"Spinera Professional Wing 4 Tube - WATERSKIS.LV\",\"isPartOf\":{\"@id\":\"https:\\\/\\\/www.waterskis.lv\\\/en\\\/#website\"},\"primaryImageOfPage\":{\"@id\":\"https:\\\/\\\/www.waterskis.lv\\\/en\\\/product\\\/spinera-professional-wing-4-tube\\\/#primaryimage\"},\"image\":{\"@id\":\"https:\\\/\\\/www.waterskis.lv\\\/en\\\/product\\\/spinera-professional-wing-4-tube\\\/#primaryimage\"},\"thumbnailUrl\":\"https:\\\/\\\/www.waterskis.lv\\\/wp-content\\\/uploads\\\/2025\\\/03\\\/professional_wing_4_18258_1.webp\",\"datePublished\":\"2025-03-05T18:34:44+00:00\",\"dateModified\":\"2026-01-31T12:33:32+00:00\",\"description\":\"Spinera Professional Wing 4 Tube is made for the highest demands and durability for commercial use. Heavy duty material, Tarpulin bottom, in a nylon cover\",\"breadcrumb\":{\"@id\":\"https:\\\/\\\/www.waterskis.lv\\\/en\\\/product\\\/spinera-professional-wing-4-tube\\\/#breadcrumb\"},\"inLanguage\":\"en-US\",\"potentialAction\":[{\"@type\":\"ReadAction\",\"target\":[\"https:\\\/\\\/www.waterskis.lv\\\/en\\\/product\\\/spinera-professional-wing-4-tube\\\/\"]}]},{\"@type\":\"ImageObject\",\"inLanguage\":\"en-US\",\"@id\":\"https:\\\/\\\/www.waterskis.lv\\\/en\\\/product\\\/spinera-professional-wing-4-tube\\\/#primaryimage\",\"url\":\"https:\\\/\\\/www.waterskis.lv\\\/wp-content\\\/uploads\\\/2025\\\/03\\\/professional_wing_4_18258_1.webp\",\"contentUrl\":\"https:\\\/\\\/www.waterskis.lv\\\/wp-content\\\/uploads\\\/2025\\\/03\\\/professional_wing_4_18258_1.webp\",\"width\":709,\"height\":709,\"caption\":\"P\u016bslis Spinera Professional Wing 4\"},{\"@type\":\"BreadcrumbList\",\"@id\":\"https:\\\/\\\/www.waterskis.lv\\\/en\\\/product\\\/spinera-professional-wing-4-tube\\\/#breadcrumb\",\"itemListElement\":[{\"@type\":\"ListItem\",\"position\":1,\"name\":\"Home\",\"item\":\"https:\\\/\\\/www.waterskis.lv\\\/en\\\/\"},{\"@type\":\"ListItem\",\"position\":2,\"name\":\"Shop\",\"item\":\"https:\\\/\\\/waterskis.lv\\\/en\\\/shop\\\/\"},{\"@type\":\"ListItem\",\"position\":3,\"name\":\"Spinera Professional Wing 4 Tube\"}]},{\"@type\":\"WebSite\",\"@id\":\"https:\\\/\\\/www.waterskis.lv\\\/en\\\/#website\",\"url\":\"https:\\\/\\\/www.waterskis.lv\\\/en\\\/\",\"name\":\"WATERSKIS.LV\",\"description\":\"SUP d\u0113\u013ci, kajaki, kanoe, airu laivas, \u016bdenssl\u0113po\u0161ana, veikbords, SUP d\u0113\u013cu noma, kajaku nomaakt\u012bv\u0101s atp\u016btas centrs, laivu noma, sup noma, kajaku noma\",\"publisher\":{\"@id\":\"https:\\\/\\\/www.waterskis.lv\\\/en\\\/#organization\"},\"potentialAction\":[{\"@type\":\"SearchAction\",\"target\":{\"@type\":\"EntryPoint\",\"urlTemplate\":\"https:\\\/\\\/www.waterskis.lv\\\/en\\\/?s={search_term_string}\"},\"query-input\":{\"@type\":\"PropertyValueSpecification\",\"valueRequired\":true,\"valueName\":\"search_term_string\"}}],\"inLanguage\":\"en-US\"},{\"@type\":\"Organization\",\"@id\":\"https:\\\/\\\/www.waterskis.lv\\\/en\\\/#organization\",\"name\":\"WATERSKIS.LV\",\"url\":\"https:\\\/\\\/www.waterskis.lv\\\/en\\\/\",\"logo\":{\"@type\":\"ImageObject\",\"inLanguage\":\"en-US\",\"@id\":\"https:\\\/\\\/www.waterskis.lv\\\/en\\\/#\\\/schema\\\/logo\\\/image\\\/\",\"url\":\"https:\\\/\\\/www.waterskis.lv\\\/wp-content\\\/uploads\\\/2025\\\/01\\\/JUVP-logo.png\",\"contentUrl\":\"https:\\\/\\\/www.waterskis.lv\\\/wp-content\\\/uploads\\\/2025\\\/01\\\/JUVP-logo.png\",\"width\":421,\"height\":202,\"caption\":\"WATERSKIS.LV\"},\"image\":{\"@id\":\"https:\\\/\\\/www.waterskis.lv\\\/en\\\/#\\\/schema\\\/logo\\\/image\\\/\"},\"sameAs\":[\"https:\\\/\\\/www.facebook.com\\\/jurmalawaterskiwakeboardpark\\\/\"]}]}<\/script>\n<!-- \/ Yoast SEO plugin. -->","yoast_head_json":{"title":"Spinera Professional Wing 4 Tube - WATERSKIS.LV","description":"Spinera Professional Wing 4 Tube is made for the highest demands and durability for commercial use. Heavy duty material, Tarpulin bottom, in a nylon cover","robots":{"index":"index","follow":"follow","max-snippet":"max-snippet:-1","max-image-preview":"max-image-preview:large","max-video-preview":"max-video-preview:-1"},"canonical":"https:\/\/www.waterskis.lv\/en\/product\/spinera-professional-wing-4-tube\/","og_locale":"en_US","og_type":"article","og_title":"Spinera Professional Wing 4 Tube - WATERSKIS.LV","og_description":"Spinera Professional Wing 4 Tube is made for the highest demands and durability for commercial use. Heavy duty material, Tarpulin bottom, in a nylon cover","og_url":"https:\/\/www.waterskis.lv\/en\/product\/spinera-professional-wing-4-tube\/","og_site_name":"WATERSKIS.LV","article_publisher":"https:\/\/www.facebook.com\/jurmalawaterskiwakeboardpark\/","article_modified_time":"2026-01-31T12:33:32+00:00","og_image":[{"width":709,"height":709,"url":"https:\/\/www.waterskis.lv\/wp-content\/uploads\/2025\/03\/professional_wing_4_18258_1.webp","type":"image\/webp"}],"twitter_card":"summary_large_image","twitter_misc":{"Est. reading time":"2 minutes"},"schema":{"@context":"https:\/\/schema.org","@graph":[{"@type":"WebPage","@id":"https:\/\/www.waterskis.lv\/en\/product\/spinera-professional-wing-4-tube\/","url":"https:\/\/www.waterskis.lv\/en\/product\/spinera-professional-wing-4-tube\/","name":"Spinera Professional Wing 4 Tube - WATERSKIS.LV","isPartOf":{"@id":"https:\/\/www.waterskis.lv\/en\/#website"},"primaryImageOfPage":{"@id":"https:\/\/www.waterskis.lv\/en\/product\/spinera-professional-wing-4-tube\/#primaryimage"},"image":{"@id":"https:\/\/www.waterskis.lv\/en\/product\/spinera-professional-wing-4-tube\/#primaryimage"},"thumbnailUrl":"https:\/\/www.waterskis.lv\/wp-content\/uploads\/2025\/03\/professional_wing_4_18258_1.webp","datePublished":"2025-03-05T18:34:44+00:00","dateModified":"2026-01-31T12:33:32+00:00","description":"Spinera Professional Wing 4 Tube is made for the highest demands and durability for commercial use. Heavy duty material, Tarpulin bottom, in a nylon cover","breadcrumb":{"@id":"https:\/\/www.waterskis.lv\/en\/product\/spinera-professional-wing-4-tube\/#breadcrumb"},"inLanguage":"en-US","potentialAction":[{"@type":"ReadAction","target":["https:\/\/www.waterskis.lv\/en\/product\/spinera-professional-wing-4-tube\/"]}]},{"@type":"ImageObject","inLanguage":"en-US","@id":"https:\/\/www.waterskis.lv\/en\/product\/spinera-professional-wing-4-tube\/#primaryimage","url":"https:\/\/www.waterskis.lv\/wp-content\/uploads\/2025\/03\/professional_wing_4_18258_1.webp","contentUrl":"https:\/\/www.waterskis.lv\/wp-content\/uploads\/2025\/03\/professional_wing_4_18258_1.webp","width":709,"height":709,"caption":"P\u016bslis Spinera Professional Wing 4"},{"@type":"BreadcrumbList","@id":"https:\/\/www.waterskis.lv\/en\/product\/spinera-professional-wing-4-tube\/#breadcrumb","itemListElement":[{"@type":"ListItem","position":1,"name":"Home","item":"https:\/\/www.waterskis.lv\/en\/"},{"@type":"ListItem","position":2,"name":"Shop","item":"https:\/\/waterskis.lv\/en\/shop\/"},{"@type":"ListItem","position":3,"name":"Spinera Professional Wing 4 Tube"}]},{"@type":"WebSite","@id":"https:\/\/www.waterskis.lv\/en\/#website","url":"https:\/\/www.waterskis.lv\/en\/","name":"WATERSKIS.LV","description":"SUP d\u0113\u013ci, kajaki, kanoe, airu laivas, \u016bdenssl\u0113po\u0161ana, veikbords, SUP d\u0113\u013cu noma, kajaku nomaakt\u012bv\u0101s atp\u016btas centrs, laivu noma, sup noma, kajaku noma","publisher":{"@id":"https:\/\/www.waterskis.lv\/en\/#organization"},"potentialAction":[{"@type":"SearchAction","target":{"@type":"EntryPoint","urlTemplate":"https:\/\/www.waterskis.lv\/en\/?s={search_term_string}"},"query-input":{"@type":"PropertyValueSpecification","valueRequired":true,"valueName":"search_term_string"}}],"inLanguage":"en-US"},{"@type":"Organization","@id":"https:\/\/www.waterskis.lv\/en\/#organization","name":"WATERSKIS.LV","url":"https:\/\/www.waterskis.lv\/en\/","logo":{"@type":"ImageObject","inLanguage":"en-US","@id":"https:\/\/www.waterskis.lv\/en\/#\/schema\/logo\/image\/","url":"https:\/\/www.waterskis.lv\/wp-content\/uploads\/2025\/01\/JUVP-logo.png","contentUrl":"https:\/\/www.waterskis.lv\/wp-content\/uploads\/2025\/01\/JUVP-logo.png","width":421,"height":202,"caption":"WATERSKIS.LV"},"image":{"@id":"https:\/\/www.waterskis.lv\/en\/#\/schema\/logo\/image\/"},"sameAs":["https:\/\/www.facebook.com\/jurmalawaterskiwakeboardpark\/"]}]}},"_links":{"self":[{"href":"https:\/\/www.waterskis.lv\/en\/wp-json\/wp\/v2\/product\/64781","targetHints":{"allow":["GET"]}}],"collection":[{"href":"https:\/\/www.waterskis.lv\/en\/wp-json\/wp\/v2\/product"}],"about":[{"href":"https:\/\/www.waterskis.lv\/en\/wp-json\/wp\/v2\/types\/product"}],"replies":[{"embeddable":true,"href":"https:\/\/www.waterskis.lv\/en\/wp-json\/wp\/v2\/comments?post=64781"}],"wp:featuredmedia":[{"embeddable":true,"href":"https:\/\/www.waterskis.lv\/en\/wp-json\/wp\/v2\/media\/64764"}],"wp:attachment":[{"href":"https:\/\/www.waterskis.lv\/en\/wp-json\/wp\/v2\/media?parent=64781"}],"wp:term":[{"taxonomy":"product_brand","embeddable":true,"href":"https:\/\/www.waterskis.lv\/en\/wp-json\/wp\/v2\/product_brand?post=64781"},{"taxonomy":"product_cat","embeddable":true,"href":"https:\/\/www.waterskis.lv\/en\/wp-json\/wp\/v2\/product_cat?post=64781"},{"taxonomy":"product_tag","embeddable":true,"href":"https:\/\/www.waterskis.lv\/en\/wp-json\/wp\/v2\/product_tag?post=64781"}],"curies":[{"name":"wp","href":"https:\/\/api.w.org\/{rel}","templated":true}]}}