{"id":64830,"date":"2025-03-05T21:08:42","date_gmt":"2025-03-05T19:08:42","guid":{"rendered":"https:\/\/www.waterskis.lv\/product\/puslis-spinera-professional-wing-6\/"},"modified":"2026-01-31T14:32:13","modified_gmt":"2026-01-31T12:32:13","slug":"puslis-spinera-professional-wing-6","status":"publish","type":"product","link":"https:\/\/www.waterskis.lv\/en\/product\/puslis-spinera-professional-wing-6\/","title":{"rendered":"Spinera Professional Wing 6 Tube"},"content":{"rendered":"<h1>Spinera Professional Wing 6 Tube<\/h1>\n<p>Spinera Professional Wing 6 Tube<\/p>\n<p>&nbsp;<\/p>\n<p>The new Wing 6 is a high quality inflatable water sports product specifically designed to provide you with a safe and comfortable experience on the water.<\/p>\n<p>With a PVC thickness of 0.9mm and a durable nylon cover with a thickness of 1680D, this tube is extremely durable and resistant to the challenges of water sports.<\/p>\n<p>&nbsp;<\/p>\n<p>An outstanding feature of the Spinera Professional Wing 6 is the 0.8mm thick tarpaulin underside, which provides extra protection and stability.<\/p>\n<p>In addition, this tube features Boston valves that allow a quick and easy filling and emptying.<\/p>\n<p>&nbsp;<\/p>\n<p>Safety is Spinera&#8217;s number one priority, so this tube is equipped with a 2-chamber safety system.<\/p>\n<p>The motto &#8220;we take care about safety&#8221; is not just a slogan here, it is also a promise.<\/p>\n<p>&nbsp;<\/p>\n<p>For maximum comfort, this tube has fully padded handles with EVA knuckle protectors (24pcs).<\/p>\n<p>In addition, there are 4 more entry handles to ensure your position and stability while riding.<\/p>\n<p>&nbsp;<\/p>\n<p><b>Specifications:<\/b><\/p>\n<ul>\n<li>Nylon Cover Thickness: 1680D<\/li>\n<li>0.8mm tarpaulin underside<\/li>\n<li>Boston valves for quick filling and emptying<\/li>\n<li>2 chamber safety system<\/li>\n<li>fully padded comfort handles with EVA knuckle protectors: 24<\/li>\n<li>+ 4 additional entry handles<\/li>\n<li>Size: 212 x 335 x 46 cm (including inflated wings)<\/li>\n<\/ul>\n","protected":false},"excerpt":{"rendered":"<p>https:\/\/www.youtube.com\/watch?v=HUB2F7ZWGJE [&#8230;]<\/p>\n<p><a class=\"btn btn-secondary understrap-read-more-link\" href=\"https:\/\/www.waterskis.lv\/en\/product\/puslis-spinera-professional-wing-6\/\">Read More&#8230;<\/a><\/p>\n","protected":false},"featured_media":64819,"comment_status":"closed","ping_status":"closed","template":"","meta":{"_acf_changed":false,"inline_featured_image":false},"product_brand":[2677],"product_cat":[1235,1226,1232],"product_tag":[1482,3074],"class_list":{"0":"post-64830","1":"product","2":"type-product","3":"status-publish","4":"has-post-thumbnail","6":"product_brand-spinera-professional","7":"product_cat-nylon-covered-tubes","8":"product_cat-spinera-professional-en","9":"product_cat-spinera-rental-tubes","10":"product_tag-aiz-laivas-velkamais-puslis","11":"product_tag-inflatable-towable-tube","13":"first","14":"instock","15":"shipping-taxable","16":"purchasable","17":"product-type-simple"},"acf":[],"yoast_head":"<!-- This site is optimized with the Yoast SEO plugin v27.5 - https:\/\/yoast.com\/product\/yoast-seo-wordpress\/ -->\n<title>Spinera Professional Wing 6 Tube - WATERSKIS.LV<\/title>\n<meta name=\"description\" content=\"Spinera Professional Wing 6 Tube specifically designed to provide you with a safe and comfortable experience on the water\" \/>\n<meta name=\"robots\" content=\"index, follow, max-snippet:-1, max-image-preview:large, max-video-preview:-1\" \/>\n<link rel=\"canonical\" href=\"https:\/\/www.waterskis.lv\/en\/product\/puslis-spinera-professional-wing-6\/\" \/>\n<meta property=\"og:locale\" content=\"en_US\" \/>\n<meta property=\"og:type\" content=\"article\" \/>\n<meta property=\"og:title\" content=\"Spinera Professional Wing 6 Tube - WATERSKIS.LV\" \/>\n<meta property=\"og:description\" content=\"Spinera Professional Wing 6 Tube specifically designed to provide you with a safe and comfortable experience on the water\" \/>\n<meta property=\"og:url\" content=\"https:\/\/www.waterskis.lv\/en\/product\/puslis-spinera-professional-wing-6\/\" \/>\n<meta property=\"og:site_name\" content=\"WATERSKIS.LV\" \/>\n<meta property=\"article:publisher\" content=\"https:\/\/www.facebook.com\/jurmalawaterskiwakeboardpark\/\" \/>\n<meta property=\"article:modified_time\" content=\"2026-01-31T12:32:13+00:00\" \/>\n<meta property=\"og:image\" content=\"https:\/\/www.waterskis.lv\/wp-content\/uploads\/2025\/03\/professional_wing_6_24268_1.webp\" \/>\n\t<meta property=\"og:image:width\" content=\"2000\" \/>\n\t<meta property=\"og:image:height\" content=\"2001\" \/>\n\t<meta property=\"og:image:type\" content=\"image\/webp\" \/>\n<meta name=\"twitter:card\" content=\"summary_large_image\" \/>\n<meta name=\"twitter:label1\" content=\"Est. reading time\" \/>\n\t<meta name=\"twitter:data1\" content=\"2 minutes\" \/>\n<script type=\"application\/ld+json\" class=\"yoast-schema-graph\">{\"@context\":\"https:\\\/\\\/schema.org\",\"@graph\":[{\"@type\":\"WebPage\",\"@id\":\"https:\\\/\\\/www.waterskis.lv\\\/en\\\/product\\\/puslis-spinera-professional-wing-6\\\/\",\"url\":\"https:\\\/\\\/www.waterskis.lv\\\/en\\\/product\\\/puslis-spinera-professional-wing-6\\\/\",\"name\":\"Spinera Professional Wing 6 Tube - WATERSKIS.LV\",\"isPartOf\":{\"@id\":\"https:\\\/\\\/www.waterskis.lv\\\/en\\\/#website\"},\"primaryImageOfPage\":{\"@id\":\"https:\\\/\\\/www.waterskis.lv\\\/en\\\/product\\\/puslis-spinera-professional-wing-6\\\/#primaryimage\"},\"image\":{\"@id\":\"https:\\\/\\\/www.waterskis.lv\\\/en\\\/product\\\/puslis-spinera-professional-wing-6\\\/#primaryimage\"},\"thumbnailUrl\":\"https:\\\/\\\/www.waterskis.lv\\\/wp-content\\\/uploads\\\/2025\\\/03\\\/professional_wing_6_24268_1.webp\",\"datePublished\":\"2025-03-05T19:08:42+00:00\",\"dateModified\":\"2026-01-31T12:32:13+00:00\",\"description\":\"Spinera Professional Wing 6 Tube specifically designed to provide you with a safe and comfortable experience on the water\",\"breadcrumb\":{\"@id\":\"https:\\\/\\\/www.waterskis.lv\\\/en\\\/product\\\/puslis-spinera-professional-wing-6\\\/#breadcrumb\"},\"inLanguage\":\"en-US\",\"potentialAction\":[{\"@type\":\"ReadAction\",\"target\":[\"https:\\\/\\\/www.waterskis.lv\\\/en\\\/product\\\/puslis-spinera-professional-wing-6\\\/\"]}]},{\"@type\":\"ImageObject\",\"inLanguage\":\"en-US\",\"@id\":\"https:\\\/\\\/www.waterskis.lv\\\/en\\\/product\\\/puslis-spinera-professional-wing-6\\\/#primaryimage\",\"url\":\"https:\\\/\\\/www.waterskis.lv\\\/wp-content\\\/uploads\\\/2025\\\/03\\\/professional_wing_6_24268_1.webp\",\"contentUrl\":\"https:\\\/\\\/www.waterskis.lv\\\/wp-content\\\/uploads\\\/2025\\\/03\\\/professional_wing_6_24268_1.webp\",\"width\":2000,\"height\":2001,\"caption\":\"P\u016bslis Spinera Professional Wing 6\"},{\"@type\":\"BreadcrumbList\",\"@id\":\"https:\\\/\\\/www.waterskis.lv\\\/en\\\/product\\\/puslis-spinera-professional-wing-6\\\/#breadcrumb\",\"itemListElement\":[{\"@type\":\"ListItem\",\"position\":1,\"name\":\"Home\",\"item\":\"https:\\\/\\\/www.waterskis.lv\\\/en\\\/\"},{\"@type\":\"ListItem\",\"position\":2,\"name\":\"Shop\",\"item\":\"https:\\\/\\\/waterskis.lv\\\/en\\\/shop\\\/\"},{\"@type\":\"ListItem\",\"position\":3,\"name\":\"Spinera Professional Wing 6 Tube\"}]},{\"@type\":\"WebSite\",\"@id\":\"https:\\\/\\\/www.waterskis.lv\\\/en\\\/#website\",\"url\":\"https:\\\/\\\/www.waterskis.lv\\\/en\\\/\",\"name\":\"WATERSKIS.LV\",\"description\":\"SUP d\u0113\u013ci, kajaki, kanoe, airu laivas, \u016bdenssl\u0113po\u0161ana, veikbords, SUP d\u0113\u013cu noma, kajaku nomaakt\u012bv\u0101s atp\u016btas centrs, laivu noma, sup noma, kajaku noma\",\"publisher\":{\"@id\":\"https:\\\/\\\/www.waterskis.lv\\\/en\\\/#organization\"},\"potentialAction\":[{\"@type\":\"SearchAction\",\"target\":{\"@type\":\"EntryPoint\",\"urlTemplate\":\"https:\\\/\\\/www.waterskis.lv\\\/en\\\/?s={search_term_string}\"},\"query-input\":{\"@type\":\"PropertyValueSpecification\",\"valueRequired\":true,\"valueName\":\"search_term_string\"}}],\"inLanguage\":\"en-US\"},{\"@type\":\"Organization\",\"@id\":\"https:\\\/\\\/www.waterskis.lv\\\/en\\\/#organization\",\"name\":\"WATERSKIS.LV\",\"url\":\"https:\\\/\\\/www.waterskis.lv\\\/en\\\/\",\"logo\":{\"@type\":\"ImageObject\",\"inLanguage\":\"en-US\",\"@id\":\"https:\\\/\\\/www.waterskis.lv\\\/en\\\/#\\\/schema\\\/logo\\\/image\\\/\",\"url\":\"https:\\\/\\\/www.waterskis.lv\\\/wp-content\\\/uploads\\\/2025\\\/01\\\/JUVP-logo.png\",\"contentUrl\":\"https:\\\/\\\/www.waterskis.lv\\\/wp-content\\\/uploads\\\/2025\\\/01\\\/JUVP-logo.png\",\"width\":421,\"height\":202,\"caption\":\"WATERSKIS.LV\"},\"image\":{\"@id\":\"https:\\\/\\\/www.waterskis.lv\\\/en\\\/#\\\/schema\\\/logo\\\/image\\\/\"},\"sameAs\":[\"https:\\\/\\\/www.facebook.com\\\/jurmalawaterskiwakeboardpark\\\/\"]}]}<\/script>\n<!-- \/ Yoast SEO plugin. -->","yoast_head_json":{"title":"Spinera Professional Wing 6 Tube - WATERSKIS.LV","description":"Spinera Professional Wing 6 Tube specifically designed to provide you with a safe and comfortable experience on the water","robots":{"index":"index","follow":"follow","max-snippet":"max-snippet:-1","max-image-preview":"max-image-preview:large","max-video-preview":"max-video-preview:-1"},"canonical":"https:\/\/www.waterskis.lv\/en\/product\/puslis-spinera-professional-wing-6\/","og_locale":"en_US","og_type":"article","og_title":"Spinera Professional Wing 6 Tube - WATERSKIS.LV","og_description":"Spinera Professional Wing 6 Tube specifically designed to provide you with a safe and comfortable experience on the water","og_url":"https:\/\/www.waterskis.lv\/en\/product\/puslis-spinera-professional-wing-6\/","og_site_name":"WATERSKIS.LV","article_publisher":"https:\/\/www.facebook.com\/jurmalawaterskiwakeboardpark\/","article_modified_time":"2026-01-31T12:32:13+00:00","og_image":[{"width":2000,"height":2001,"url":"https:\/\/www.waterskis.lv\/wp-content\/uploads\/2025\/03\/professional_wing_6_24268_1.webp","type":"image\/webp"}],"twitter_card":"summary_large_image","twitter_misc":{"Est. reading time":"2 minutes"},"schema":{"@context":"https:\/\/schema.org","@graph":[{"@type":"WebPage","@id":"https:\/\/www.waterskis.lv\/en\/product\/puslis-spinera-professional-wing-6\/","url":"https:\/\/www.waterskis.lv\/en\/product\/puslis-spinera-professional-wing-6\/","name":"Spinera Professional Wing 6 Tube - WATERSKIS.LV","isPartOf":{"@id":"https:\/\/www.waterskis.lv\/en\/#website"},"primaryImageOfPage":{"@id":"https:\/\/www.waterskis.lv\/en\/product\/puslis-spinera-professional-wing-6\/#primaryimage"},"image":{"@id":"https:\/\/www.waterskis.lv\/en\/product\/puslis-spinera-professional-wing-6\/#primaryimage"},"thumbnailUrl":"https:\/\/www.waterskis.lv\/wp-content\/uploads\/2025\/03\/professional_wing_6_24268_1.webp","datePublished":"2025-03-05T19:08:42+00:00","dateModified":"2026-01-31T12:32:13+00:00","description":"Spinera Professional Wing 6 Tube specifically designed to provide you with a safe and comfortable experience on the water","breadcrumb":{"@id":"https:\/\/www.waterskis.lv\/en\/product\/puslis-spinera-professional-wing-6\/#breadcrumb"},"inLanguage":"en-US","potentialAction":[{"@type":"ReadAction","target":["https:\/\/www.waterskis.lv\/en\/product\/puslis-spinera-professional-wing-6\/"]}]},{"@type":"ImageObject","inLanguage":"en-US","@id":"https:\/\/www.waterskis.lv\/en\/product\/puslis-spinera-professional-wing-6\/#primaryimage","url":"https:\/\/www.waterskis.lv\/wp-content\/uploads\/2025\/03\/professional_wing_6_24268_1.webp","contentUrl":"https:\/\/www.waterskis.lv\/wp-content\/uploads\/2025\/03\/professional_wing_6_24268_1.webp","width":2000,"height":2001,"caption":"P\u016bslis Spinera Professional Wing 6"},{"@type":"BreadcrumbList","@id":"https:\/\/www.waterskis.lv\/en\/product\/puslis-spinera-professional-wing-6\/#breadcrumb","itemListElement":[{"@type":"ListItem","position":1,"name":"Home","item":"https:\/\/www.waterskis.lv\/en\/"},{"@type":"ListItem","position":2,"name":"Shop","item":"https:\/\/waterskis.lv\/en\/shop\/"},{"@type":"ListItem","position":3,"name":"Spinera Professional Wing 6 Tube"}]},{"@type":"WebSite","@id":"https:\/\/www.waterskis.lv\/en\/#website","url":"https:\/\/www.waterskis.lv\/en\/","name":"WATERSKIS.LV","description":"SUP d\u0113\u013ci, kajaki, kanoe, airu laivas, \u016bdenssl\u0113po\u0161ana, veikbords, SUP d\u0113\u013cu noma, kajaku nomaakt\u012bv\u0101s atp\u016btas centrs, laivu noma, sup noma, kajaku noma","publisher":{"@id":"https:\/\/www.waterskis.lv\/en\/#organization"},"potentialAction":[{"@type":"SearchAction","target":{"@type":"EntryPoint","urlTemplate":"https:\/\/www.waterskis.lv\/en\/?s={search_term_string}"},"query-input":{"@type":"PropertyValueSpecification","valueRequired":true,"valueName":"search_term_string"}}],"inLanguage":"en-US"},{"@type":"Organization","@id":"https:\/\/www.waterskis.lv\/en\/#organization","name":"WATERSKIS.LV","url":"https:\/\/www.waterskis.lv\/en\/","logo":{"@type":"ImageObject","inLanguage":"en-US","@id":"https:\/\/www.waterskis.lv\/en\/#\/schema\/logo\/image\/","url":"https:\/\/www.waterskis.lv\/wp-content\/uploads\/2025\/01\/JUVP-logo.png","contentUrl":"https:\/\/www.waterskis.lv\/wp-content\/uploads\/2025\/01\/JUVP-logo.png","width":421,"height":202,"caption":"WATERSKIS.LV"},"image":{"@id":"https:\/\/www.waterskis.lv\/en\/#\/schema\/logo\/image\/"},"sameAs":["https:\/\/www.facebook.com\/jurmalawaterskiwakeboardpark\/"]}]}},"_links":{"self":[{"href":"https:\/\/www.waterskis.lv\/en\/wp-json\/wp\/v2\/product\/64830","targetHints":{"allow":["GET"]}}],"collection":[{"href":"https:\/\/www.waterskis.lv\/en\/wp-json\/wp\/v2\/product"}],"about":[{"href":"https:\/\/www.waterskis.lv\/en\/wp-json\/wp\/v2\/types\/product"}],"replies":[{"embeddable":true,"href":"https:\/\/www.waterskis.lv\/en\/wp-json\/wp\/v2\/comments?post=64830"}],"wp:featuredmedia":[{"embeddable":true,"href":"https:\/\/www.waterskis.lv\/en\/wp-json\/wp\/v2\/media\/64819"}],"wp:attachment":[{"href":"https:\/\/www.waterskis.lv\/en\/wp-json\/wp\/v2\/media?parent=64830"}],"wp:term":[{"taxonomy":"product_brand","embeddable":true,"href":"https:\/\/www.waterskis.lv\/en\/wp-json\/wp\/v2\/product_brand?post=64830"},{"taxonomy":"product_cat","embeddable":true,"href":"https:\/\/www.waterskis.lv\/en\/wp-json\/wp\/v2\/product_cat?post=64830"},{"taxonomy":"product_tag","embeddable":true,"href":"https:\/\/www.waterskis.lv\/en\/wp-json\/wp\/v2\/product_tag?post=64830"}],"curies":[{"name":"wp","href":"https:\/\/api.w.org\/{rel}","templated":true}]}}