{"id":64856,"date":"2025-03-05T21:23:28","date_gmt":"2025-03-05T19:23:28","guid":{"rendered":"https:\/\/waterskis.lv\/product\/puslis-spinera-professional-just-fun-4\/"},"modified":"2026-01-31T14:16:59","modified_gmt":"2026-01-31T12:16:59","slug":"puslis-spinera-professional-just-fun-4","status":"publish","type":"product","link":"https:\/\/www.waterskis.lv\/en\/product\/puslis-spinera-professional-just-fun-4\/","title":{"rendered":"Spinera Professional Just Fun 4 Tube"},"content":{"rendered":"<h1>Spinera Professional Just Fun 4 Tube<\/h1>\n<p>Spinera Professional Just Fun 4 Tube<\/p>\n<p>&nbsp;<\/p>\n<p>The Spinera Professional Just Fun 4 is a rental towable designed for operators, water ski schools and rental stations. It is part of the Spinera Professional range of Rental Towables. The tube is made of durable materials. The bottom is made of PVC with a thickness of 0.9 mm, while the backrest is made of PVC with a thickness of 0.7 mm. The nylon cover is double-layered and has a thickness of 840D + 840D. The bottom made of tarpoline has a thickness of 0.8 mm.<\/p>\n<p>The inflatable towboat offers a comfortable and wide seating area. Each person has a separate armrest, which is integrated into the air chamber of the backrest. The side wing design is optimized for maximum fun.<\/p>\n<p>Overall, the Spinera Professional Just Fun 4 is a durable tube for intensive use in rental centers and water ski schools. Its features and construction make it a safe and fun experience for users.<\/p>\n<p>&nbsp;<\/p>\n<p><b>SIZE:<\/b><\/p>\n<ul>\n<li>118,5&#8243; x 85,5&#8243; x 45,5&#8243;\u00a0\u00a0300 x 217 x 115,5 cm (inflated)<\/li>\n<\/ul>\n<p>&nbsp;<\/p>\n<p><b>PRODUCTION:<\/b><\/p>\n<ul>\n<li>PVC thickness Bottom: 0,9mm<\/li>\n<li>PVC thickness Backrest: 0,7mm<\/li>\n<li>Nylon cover thickness: Double Layer 840D (840D+840D)<\/li>\n<li>Tarpolin bottom 0,8mm<\/li>\n<li>Fully padded comfort handles w. neoprene knuckle guards: 5<\/li>\n<li>2 additional Boarding handles<\/li>\n<li>2 Boston valves for fast inflation &amp; deflation<\/li>\n<li>1 Pressure relief valve for better overpressure control<\/li>\n<li>2-chamber security system &#8220;we take care about safety&#8221;<\/li>\n<li>5 strap towing system<\/li>\n<li>designed for up to 4 adults<\/li>\n<\/ul>\n<p>&nbsp;<\/p>\n<p><b>SPECIAL:<\/b><\/p>\n<ul>\n<li>comfortable\/wide seating area<\/li>\n<li>separate armrest for each person (integrated in backrest air-chamber)<\/li>\n<li>optimized side wing construction for maximum fun<\/li>\n<\/ul>\n<p>&nbsp;<\/p>\n<p><b>Pressure for inner chamber:<\/b><\/p>\n<ul>\n<li>Min. 0,9 psi<\/li>\n<li>1.0\u00a0\u00a0\u00a0\u00a0\u00a0\u00a0\u00a0\u00a0psi would be ideal<\/li>\n<li>max 1,2 psi<\/li>\n<\/ul>\n","protected":false},"excerpt":{"rendered":"<p>https:\/\/www.youtube.com\/watch?v=GLryXLP9BL0 [&#8230;]<\/p>\n<p><a class=\"btn btn-secondary understrap-read-more-link\" href=\"https:\/\/www.waterskis.lv\/en\/product\/puslis-spinera-professional-just-fun-4\/\">Read More&#8230;<\/a><\/p>\n","protected":false},"featured_media":64839,"comment_status":"closed","ping_status":"closed","template":"","meta":{"_acf_changed":false,"inline_featured_image":false},"product_brand":[2677],"product_cat":[1235,1226,1232],"product_tag":[1482,3074],"class_list":{"0":"post-64856","1":"product","2":"type-product","3":"status-publish","4":"has-post-thumbnail","6":"product_brand-spinera-professional","7":"product_cat-nylon-covered-tubes","8":"product_cat-spinera-professional-en","9":"product_cat-spinera-rental-tubes","10":"product_tag-aiz-laivas-velkamais-puslis","11":"product_tag-inflatable-towable-tube","13":"first","14":"instock","15":"shipping-taxable","16":"purchasable","17":"product-type-simple"},"acf":[],"yoast_head":"<!-- This site is optimized with the Yoast SEO plugin v27.5 - https:\/\/yoast.com\/product\/yoast-seo-wordpress\/ -->\n<title>Spinera Professional Just Fun 4 Tube - WATERSKIS.LV<\/title>\n<meta name=\"description\" content=\"Spinera Professional Just Fun 4 Tube is a rental towable designed for operators, water ski schools and rental stations. he tube is made of durable materials\" \/>\n<meta name=\"robots\" content=\"index, follow, max-snippet:-1, max-image-preview:large, max-video-preview:-1\" \/>\n<link rel=\"canonical\" href=\"https:\/\/www.waterskis.lv\/en\/product\/puslis-spinera-professional-just-fun-4\/\" \/>\n<meta property=\"og:locale\" content=\"en_US\" \/>\n<meta property=\"og:type\" content=\"article\" \/>\n<meta property=\"og:title\" content=\"Spinera Professional Just Fun 4 Tube - WATERSKIS.LV\" \/>\n<meta property=\"og:description\" content=\"Spinera Professional Just Fun 4 Tube is a rental towable designed for operators, water ski schools and rental stations. he tube is made of durable materials\" \/>\n<meta property=\"og:url\" content=\"https:\/\/www.waterskis.lv\/en\/product\/puslis-spinera-professional-just-fun-4\/\" \/>\n<meta property=\"og:site_name\" content=\"WATERSKIS.LV\" \/>\n<meta property=\"article:publisher\" content=\"https:\/\/www.facebook.com\/jurmalawaterskiwakeboardpark\/\" \/>\n<meta property=\"article:modified_time\" content=\"2026-01-31T12:16:59+00:00\" \/>\n<meta property=\"og:image\" content=\"https:\/\/www.waterskis.lv\/wp-content\/uploads\/2025\/03\/professional_just_fun_4_23005_1.webp\" \/>\n\t<meta property=\"og:image:width\" content=\"1500\" \/>\n\t<meta property=\"og:image:height\" content=\"1500\" \/>\n\t<meta property=\"og:image:type\" content=\"image\/webp\" \/>\n<meta name=\"twitter:card\" content=\"summary_large_image\" \/>\n<meta name=\"twitter:label1\" content=\"Est. reading time\" \/>\n\t<meta name=\"twitter:data1\" content=\"2 minutes\" \/>\n<script type=\"application\/ld+json\" class=\"yoast-schema-graph\">{\"@context\":\"https:\\\/\\\/schema.org\",\"@graph\":[{\"@type\":\"WebPage\",\"@id\":\"https:\\\/\\\/www.waterskis.lv\\\/en\\\/product\\\/puslis-spinera-professional-just-fun-4\\\/\",\"url\":\"https:\\\/\\\/www.waterskis.lv\\\/en\\\/product\\\/puslis-spinera-professional-just-fun-4\\\/\",\"name\":\"Spinera Professional Just Fun 4 Tube - WATERSKIS.LV\",\"isPartOf\":{\"@id\":\"https:\\\/\\\/www.waterskis.lv\\\/en\\\/#website\"},\"primaryImageOfPage\":{\"@id\":\"https:\\\/\\\/www.waterskis.lv\\\/en\\\/product\\\/puslis-spinera-professional-just-fun-4\\\/#primaryimage\"},\"image\":{\"@id\":\"https:\\\/\\\/www.waterskis.lv\\\/en\\\/product\\\/puslis-spinera-professional-just-fun-4\\\/#primaryimage\"},\"thumbnailUrl\":\"https:\\\/\\\/www.waterskis.lv\\\/wp-content\\\/uploads\\\/2025\\\/03\\\/professional_just_fun_4_23005_1.webp\",\"datePublished\":\"2025-03-05T19:23:28+00:00\",\"dateModified\":\"2026-01-31T12:16:59+00:00\",\"description\":\"Spinera Professional Just Fun 4 Tube is a rental towable designed for operators, water ski schools and rental stations. he tube is made of durable materials\",\"breadcrumb\":{\"@id\":\"https:\\\/\\\/www.waterskis.lv\\\/en\\\/product\\\/puslis-spinera-professional-just-fun-4\\\/#breadcrumb\"},\"inLanguage\":\"en-US\",\"potentialAction\":[{\"@type\":\"ReadAction\",\"target\":[\"https:\\\/\\\/www.waterskis.lv\\\/en\\\/product\\\/puslis-spinera-professional-just-fun-4\\\/\"]}]},{\"@type\":\"ImageObject\",\"inLanguage\":\"en-US\",\"@id\":\"https:\\\/\\\/www.waterskis.lv\\\/en\\\/product\\\/puslis-spinera-professional-just-fun-4\\\/#primaryimage\",\"url\":\"https:\\\/\\\/www.waterskis.lv\\\/wp-content\\\/uploads\\\/2025\\\/03\\\/professional_just_fun_4_23005_1.webp\",\"contentUrl\":\"https:\\\/\\\/www.waterskis.lv\\\/wp-content\\\/uploads\\\/2025\\\/03\\\/professional_just_fun_4_23005_1.webp\",\"width\":1500,\"height\":1500,\"caption\":\"P\u016bslis Spinera Professional Just Fun 4\"},{\"@type\":\"BreadcrumbList\",\"@id\":\"https:\\\/\\\/www.waterskis.lv\\\/en\\\/product\\\/puslis-spinera-professional-just-fun-4\\\/#breadcrumb\",\"itemListElement\":[{\"@type\":\"ListItem\",\"position\":1,\"name\":\"Home\",\"item\":\"https:\\\/\\\/www.waterskis.lv\\\/en\\\/\"},{\"@type\":\"ListItem\",\"position\":2,\"name\":\"Shop\",\"item\":\"https:\\\/\\\/waterskis.lv\\\/en\\\/shop\\\/\"},{\"@type\":\"ListItem\",\"position\":3,\"name\":\"Spinera Professional Just Fun 4 Tube\"}]},{\"@type\":\"WebSite\",\"@id\":\"https:\\\/\\\/www.waterskis.lv\\\/en\\\/#website\",\"url\":\"https:\\\/\\\/www.waterskis.lv\\\/en\\\/\",\"name\":\"WATERSKIS.LV\",\"description\":\"SUP d\u0113\u013ci, kajaki, kanoe, airu laivas, \u016bdenssl\u0113po\u0161ana, veikbords, SUP d\u0113\u013cu noma, kajaku nomaakt\u012bv\u0101s atp\u016btas centrs, laivu noma, sup noma, kajaku noma\",\"publisher\":{\"@id\":\"https:\\\/\\\/www.waterskis.lv\\\/en\\\/#organization\"},\"potentialAction\":[{\"@type\":\"SearchAction\",\"target\":{\"@type\":\"EntryPoint\",\"urlTemplate\":\"https:\\\/\\\/www.waterskis.lv\\\/en\\\/?s={search_term_string}\"},\"query-input\":{\"@type\":\"PropertyValueSpecification\",\"valueRequired\":true,\"valueName\":\"search_term_string\"}}],\"inLanguage\":\"en-US\"},{\"@type\":\"Organization\",\"@id\":\"https:\\\/\\\/www.waterskis.lv\\\/en\\\/#organization\",\"name\":\"WATERSKIS.LV\",\"url\":\"https:\\\/\\\/www.waterskis.lv\\\/en\\\/\",\"logo\":{\"@type\":\"ImageObject\",\"inLanguage\":\"en-US\",\"@id\":\"https:\\\/\\\/www.waterskis.lv\\\/en\\\/#\\\/schema\\\/logo\\\/image\\\/\",\"url\":\"https:\\\/\\\/www.waterskis.lv\\\/wp-content\\\/uploads\\\/2025\\\/01\\\/JUVP-logo.png\",\"contentUrl\":\"https:\\\/\\\/www.waterskis.lv\\\/wp-content\\\/uploads\\\/2025\\\/01\\\/JUVP-logo.png\",\"width\":421,\"height\":202,\"caption\":\"WATERSKIS.LV\"},\"image\":{\"@id\":\"https:\\\/\\\/www.waterskis.lv\\\/en\\\/#\\\/schema\\\/logo\\\/image\\\/\"},\"sameAs\":[\"https:\\\/\\\/www.facebook.com\\\/jurmalawaterskiwakeboardpark\\\/\"]}]}<\/script>\n<!-- \/ Yoast SEO plugin. -->","yoast_head_json":{"title":"Spinera Professional Just Fun 4 Tube - WATERSKIS.LV","description":"Spinera Professional Just Fun 4 Tube is a rental towable designed for operators, water ski schools and rental stations. he tube is made of durable materials","robots":{"index":"index","follow":"follow","max-snippet":"max-snippet:-1","max-image-preview":"max-image-preview:large","max-video-preview":"max-video-preview:-1"},"canonical":"https:\/\/www.waterskis.lv\/en\/product\/puslis-spinera-professional-just-fun-4\/","og_locale":"en_US","og_type":"article","og_title":"Spinera Professional Just Fun 4 Tube - WATERSKIS.LV","og_description":"Spinera Professional Just Fun 4 Tube is a rental towable designed for operators, water ski schools and rental stations. he tube is made of durable materials","og_url":"https:\/\/www.waterskis.lv\/en\/product\/puslis-spinera-professional-just-fun-4\/","og_site_name":"WATERSKIS.LV","article_publisher":"https:\/\/www.facebook.com\/jurmalawaterskiwakeboardpark\/","article_modified_time":"2026-01-31T12:16:59+00:00","og_image":[{"width":1500,"height":1500,"url":"https:\/\/www.waterskis.lv\/wp-content\/uploads\/2025\/03\/professional_just_fun_4_23005_1.webp","type":"image\/webp"}],"twitter_card":"summary_large_image","twitter_misc":{"Est. reading time":"2 minutes"},"schema":{"@context":"https:\/\/schema.org","@graph":[{"@type":"WebPage","@id":"https:\/\/www.waterskis.lv\/en\/product\/puslis-spinera-professional-just-fun-4\/","url":"https:\/\/www.waterskis.lv\/en\/product\/puslis-spinera-professional-just-fun-4\/","name":"Spinera Professional Just Fun 4 Tube - WATERSKIS.LV","isPartOf":{"@id":"https:\/\/www.waterskis.lv\/en\/#website"},"primaryImageOfPage":{"@id":"https:\/\/www.waterskis.lv\/en\/product\/puslis-spinera-professional-just-fun-4\/#primaryimage"},"image":{"@id":"https:\/\/www.waterskis.lv\/en\/product\/puslis-spinera-professional-just-fun-4\/#primaryimage"},"thumbnailUrl":"https:\/\/www.waterskis.lv\/wp-content\/uploads\/2025\/03\/professional_just_fun_4_23005_1.webp","datePublished":"2025-03-05T19:23:28+00:00","dateModified":"2026-01-31T12:16:59+00:00","description":"Spinera Professional Just Fun 4 Tube is a rental towable designed for operators, water ski schools and rental stations. he tube is made of durable materials","breadcrumb":{"@id":"https:\/\/www.waterskis.lv\/en\/product\/puslis-spinera-professional-just-fun-4\/#breadcrumb"},"inLanguage":"en-US","potentialAction":[{"@type":"ReadAction","target":["https:\/\/www.waterskis.lv\/en\/product\/puslis-spinera-professional-just-fun-4\/"]}]},{"@type":"ImageObject","inLanguage":"en-US","@id":"https:\/\/www.waterskis.lv\/en\/product\/puslis-spinera-professional-just-fun-4\/#primaryimage","url":"https:\/\/www.waterskis.lv\/wp-content\/uploads\/2025\/03\/professional_just_fun_4_23005_1.webp","contentUrl":"https:\/\/www.waterskis.lv\/wp-content\/uploads\/2025\/03\/professional_just_fun_4_23005_1.webp","width":1500,"height":1500,"caption":"P\u016bslis Spinera Professional Just Fun 4"},{"@type":"BreadcrumbList","@id":"https:\/\/www.waterskis.lv\/en\/product\/puslis-spinera-professional-just-fun-4\/#breadcrumb","itemListElement":[{"@type":"ListItem","position":1,"name":"Home","item":"https:\/\/www.waterskis.lv\/en\/"},{"@type":"ListItem","position":2,"name":"Shop","item":"https:\/\/waterskis.lv\/en\/shop\/"},{"@type":"ListItem","position":3,"name":"Spinera Professional Just Fun 4 Tube"}]},{"@type":"WebSite","@id":"https:\/\/www.waterskis.lv\/en\/#website","url":"https:\/\/www.waterskis.lv\/en\/","name":"WATERSKIS.LV","description":"SUP d\u0113\u013ci, kajaki, kanoe, airu laivas, \u016bdenssl\u0113po\u0161ana, veikbords, SUP d\u0113\u013cu noma, kajaku nomaakt\u012bv\u0101s atp\u016btas centrs, laivu noma, sup noma, kajaku noma","publisher":{"@id":"https:\/\/www.waterskis.lv\/en\/#organization"},"potentialAction":[{"@type":"SearchAction","target":{"@type":"EntryPoint","urlTemplate":"https:\/\/www.waterskis.lv\/en\/?s={search_term_string}"},"query-input":{"@type":"PropertyValueSpecification","valueRequired":true,"valueName":"search_term_string"}}],"inLanguage":"en-US"},{"@type":"Organization","@id":"https:\/\/www.waterskis.lv\/en\/#organization","name":"WATERSKIS.LV","url":"https:\/\/www.waterskis.lv\/en\/","logo":{"@type":"ImageObject","inLanguage":"en-US","@id":"https:\/\/www.waterskis.lv\/en\/#\/schema\/logo\/image\/","url":"https:\/\/www.waterskis.lv\/wp-content\/uploads\/2025\/01\/JUVP-logo.png","contentUrl":"https:\/\/www.waterskis.lv\/wp-content\/uploads\/2025\/01\/JUVP-logo.png","width":421,"height":202,"caption":"WATERSKIS.LV"},"image":{"@id":"https:\/\/www.waterskis.lv\/en\/#\/schema\/logo\/image\/"},"sameAs":["https:\/\/www.facebook.com\/jurmalawaterskiwakeboardpark\/"]}]}},"_links":{"self":[{"href":"https:\/\/www.waterskis.lv\/en\/wp-json\/wp\/v2\/product\/64856","targetHints":{"allow":["GET"]}}],"collection":[{"href":"https:\/\/www.waterskis.lv\/en\/wp-json\/wp\/v2\/product"}],"about":[{"href":"https:\/\/www.waterskis.lv\/en\/wp-json\/wp\/v2\/types\/product"}],"replies":[{"embeddable":true,"href":"https:\/\/www.waterskis.lv\/en\/wp-json\/wp\/v2\/comments?post=64856"}],"wp:featuredmedia":[{"embeddable":true,"href":"https:\/\/www.waterskis.lv\/en\/wp-json\/wp\/v2\/media\/64839"}],"wp:attachment":[{"href":"https:\/\/www.waterskis.lv\/en\/wp-json\/wp\/v2\/media?parent=64856"}],"wp:term":[{"taxonomy":"product_brand","embeddable":true,"href":"https:\/\/www.waterskis.lv\/en\/wp-json\/wp\/v2\/product_brand?post=64856"},{"taxonomy":"product_cat","embeddable":true,"href":"https:\/\/www.waterskis.lv\/en\/wp-json\/wp\/v2\/product_cat?post=64856"},{"taxonomy":"product_tag","embeddable":true,"href":"https:\/\/www.waterskis.lv\/en\/wp-json\/wp\/v2\/product_tag?post=64856"}],"curies":[{"name":"wp","href":"https:\/\/api.w.org\/{rel}","templated":true}]}}