{"id":65018,"date":"2025-03-15T09:33:25","date_gmt":"2025-03-15T07:33:25","guid":{"rendered":"https:\/\/waterskis.lv\/product\/tornis-spinera-professional-aquapark-pirates-tower\/"},"modified":"2026-02-01T08:16:01","modified_gmt":"2026-02-01T06:16:01","slug":"spinera-professional-aquapark-pirates-tower","status":"publish","type":"product","link":"https:\/\/www.waterskis.lv\/en\/product\/spinera-professional-aquapark-pirates-tower\/","title":{"rendered":"Spinera Professional Aquapark Pirates Tower"},"content":{"rendered":"<h1>Spinera Professional Aquapark Pirates Tower<\/h1>\n<p>Spinera Professional Aquapark Pirates Tower<\/p>\n<p>&nbsp;<\/p>\n<p>The Spinera Professional Aquapark Pirates Tower leaves no dreams unfulfilled and offers action packed jumping from different heights and various sliding possibilities. All of this directly behind your yacht or as a stand alone item on your lake. Everyone will love the Spinera Professional Aquapark Pirates Tower.<\/p>\n<p>&nbsp;<\/p>\n<p><b>SIZE:<\/b><\/p>\n<ul>\n<li>Length: Tower 500cm (incl. Slide 620cm)<\/li>\n<li>Width: Tower 375cm (incl. Slide 660 cm)<\/li>\n<li>Height: Tower 380cm<\/li>\n<li>Packing dimensions &#8211; tower with slides approx. 100 x 110 x 90 cm\/130kg<\/li>\n<li>Packing dimensions &#8211; tower without slides approx. 110 x 80 x 90 cm\/90kg<\/li>\n<\/ul>\n<p>&nbsp;<\/p>\n<p><b>SPECS:<\/b><\/p>\n<ul>\n<li>capacity: 6 people<\/li>\n<li>water depth: 2,9m &#8211; 9,5ft<\/li>\n<li>dimensions (cm): 500 x 375 (cm)<\/li>\n<li>dimensions (ft) 16,4 x 12,3 (ft)<\/li>\n<li>Tower weight with slides: 130 kg<\/li>\n<li>Tower weight without slide: 90kg<\/li>\n<\/ul>\n<p>&nbsp;<\/p>\n<p><b>MATERIAL:<\/b><\/p>\n<ul>\n<li>Heavy Duty Reinforced Spintex 0,9mm material<\/li>\n<\/ul>\n<p>&nbsp;<\/p>\n<p><b>AIR CHAMBERS:<\/b><\/p>\n<ul>\n<li>Tower 2 (Base and Top), Giant Slide 1, Small Slide 1<\/li>\n<\/ul>\n<p>&nbsp;<\/p>\n<p><b>GENERAL FEATURES:<\/b><\/p>\n<ul>\n<li>3 Sides to Connect with other Elements, all 3 Sides are ready to<\/li>\n<li>include Velcro Safety Flap, 6 super handsome Carry Handles,<\/li>\n<li>Multiple Climbing Handles, Multi-Level Construction, Wind and<\/li>\n<li>Wave ready design<\/li>\n<li>1 Giant Tower Slide (Slide Height 270cm)<\/li>\n<li>1 Small Tower Slide (Slide Height 200cm)<\/li>\n<li>1 Jump Tower (Jump Height 300cm)<\/li>\n<li>1 Climbing Side<\/li>\n<li>2 Carry Bags<\/li>\n<\/ul>\n<p>&nbsp;<\/p>\n<p><b>TOP YACHT TOY FEATURES:<\/b><\/p>\n<ul>\n<li>Platform construction offers comfortable installation and De-Installation<\/li>\n<li>3 times compatible with Yachtbeach and other inflatable products<\/li>\n<li>Handle Connection System to be fixed easy above waterline without getting wet<\/li>\n<li>Ready for Rapid Fun Park Installation \/ De-Installation<\/li>\n<li>High Speed Inflation and Deflation System<\/li>\n<\/ul>\n<p>&nbsp;<\/p>\n<p><b>TOP COMMERCIAL PARK FEATURES:<\/b><\/p>\n<ul>\n<li>Wind and Wave ready design<\/li>\n<li>4 Giant Anchor Points<\/li>\n<li>3 Sides ready to connect with other Aquapark items<\/li>\n<li>Ready for permanent 5 Point Stainless Steel D-Ring Connection on 3 Sides<\/li>\n<li>Integrated Commercial Pressure Relief Valve<\/li>\n<li>Platform construction to deflate and inflate before and after storms<\/li>\n<\/ul>\n<p>&nbsp;<\/p>\n<p><b>PUMP TIMES:<\/b><\/p>\n<p>3 min. (2 Pumps &#8211; Tower Basement) \/ 9 min. (2 Pumps &#8211; Tower Top) \/ 6 min. (1 Pump &#8211; Giant Tower Slide) \/ 3 min. (1 Pump Small Tower Slide)<\/p>\n<p>&nbsp;<\/p>\n<p><b>CONTENT:<\/b><\/p>\n<p>1x Spinera Professional Aquapark Pirates Tower, 1x Bag for Pirates Tower, 1x Bag for the big &amp; small slide<\/p>\n<p>&nbsp;<\/p>\n<p><b>UPGRADE OPTIONS:<\/b><\/p>\n<p>1 x Base Beam, 1 x Easy Up 250, 1 x Base Step<\/p>\n","protected":false},"excerpt":{"rendered":"<p>https:\/\/www.youtube.com\/watch?v=s9cIpNDbrAA [&#8230;]<\/p>\n<p><a class=\"btn btn-secondary understrap-read-more-link\" href=\"https:\/\/www.waterskis.lv\/en\/product\/spinera-professional-aquapark-pirates-tower\/\">Read More&#8230;<\/a><\/p>\n","protected":false},"featured_media":64985,"comment_status":"closed","ping_status":"closed","template":"","meta":{"_acf_changed":false,"inline_featured_image":false},"product_brand":[2677],"product_cat":[1259,1262,1226],"product_tag":[3113,3114],"class_list":{"0":"post-65018","1":"product","2":"type-product","3":"status-publish","4":"has-post-thumbnail","6":"product_brand-spinera-professional","7":"product_cat-aquapark","8":"product_cat-modules","9":"product_cat-spinera-professional-en","10":"product_tag-aqua-parks","11":"product_tag-water-parks","13":"first","14":"instock","15":"shipping-taxable","16":"purchasable","17":"product-type-simple"},"acf":[],"yoast_head":"<!-- This site is optimized with the Yoast SEO plugin v27.4 - https:\/\/yoast.com\/product\/yoast-seo-wordpress\/ -->\n<title>Spinera Professional Aquapark Pirates Tower - WATERSKIS.LV<\/title>\n<meta name=\"description\" content=\"Spinera Professional Aquapark Pirates Tower leaves no dreams unfulfilled and offers action packed jumping from different heights and various sliding possibi\" \/>\n<meta name=\"robots\" content=\"index, follow, max-snippet:-1, max-image-preview:large, max-video-preview:-1\" \/>\n<link rel=\"canonical\" href=\"https:\/\/www.waterskis.lv\/en\/product\/spinera-professional-aquapark-pirates-tower\/\" \/>\n<meta property=\"og:locale\" content=\"en_US\" \/>\n<meta property=\"og:type\" content=\"article\" \/>\n<meta property=\"og:title\" content=\"Spinera Professional Aquapark Pirates Tower - WATERSKIS.LV\" \/>\n<meta property=\"og:description\" content=\"Spinera Professional Aquapark Pirates Tower leaves no dreams unfulfilled and offers action packed jumping from different heights and various sliding possibi\" \/>\n<meta property=\"og:url\" content=\"https:\/\/www.waterskis.lv\/en\/product\/spinera-professional-aquapark-pirates-tower\/\" \/>\n<meta property=\"og:site_name\" content=\"WATERSKIS.LV\" \/>\n<meta property=\"article:publisher\" content=\"https:\/\/www.facebook.com\/jurmalawaterskiwakeboardpark\/\" \/>\n<meta property=\"article:modified_time\" content=\"2026-02-01T06:16:01+00:00\" \/>\n<meta property=\"og:image\" content=\"https:\/\/www.waterskis.lv\/wp-content\/uploads\/2025\/03\/aquapark_pirates_tower_21393_1.webp\" \/>\n\t<meta property=\"og:image:width\" content=\"1199\" \/>\n\t<meta property=\"og:image:height\" content=\"1200\" \/>\n\t<meta property=\"og:image:type\" content=\"image\/webp\" \/>\n<meta name=\"twitter:card\" content=\"summary_large_image\" \/>\n<meta name=\"twitter:label1\" content=\"Est. reading time\" \/>\n\t<meta name=\"twitter:data1\" content=\"3 minutes\" \/>\n<script type=\"application\/ld+json\" class=\"yoast-schema-graph\">{\"@context\":\"https:\\\/\\\/schema.org\",\"@graph\":[{\"@type\":\"WebPage\",\"@id\":\"https:\\\/\\\/www.waterskis.lv\\\/en\\\/product\\\/spinera-professional-aquapark-pirates-tower\\\/\",\"url\":\"https:\\\/\\\/www.waterskis.lv\\\/en\\\/product\\\/spinera-professional-aquapark-pirates-tower\\\/\",\"name\":\"Spinera Professional Aquapark Pirates Tower - WATERSKIS.LV\",\"isPartOf\":{\"@id\":\"https:\\\/\\\/www.waterskis.lv\\\/en\\\/#website\"},\"primaryImageOfPage\":{\"@id\":\"https:\\\/\\\/www.waterskis.lv\\\/en\\\/product\\\/spinera-professional-aquapark-pirates-tower\\\/#primaryimage\"},\"image\":{\"@id\":\"https:\\\/\\\/www.waterskis.lv\\\/en\\\/product\\\/spinera-professional-aquapark-pirates-tower\\\/#primaryimage\"},\"thumbnailUrl\":\"https:\\\/\\\/www.waterskis.lv\\\/wp-content\\\/uploads\\\/2025\\\/03\\\/aquapark_pirates_tower_21393_1.webp\",\"datePublished\":\"2025-03-15T07:33:25+00:00\",\"dateModified\":\"2026-02-01T06:16:01+00:00\",\"description\":\"Spinera Professional Aquapark Pirates Tower leaves no dreams unfulfilled and offers action packed jumping from different heights and various sliding possibi\",\"breadcrumb\":{\"@id\":\"https:\\\/\\\/www.waterskis.lv\\\/en\\\/product\\\/spinera-professional-aquapark-pirates-tower\\\/#breadcrumb\"},\"inLanguage\":\"en-US\",\"potentialAction\":[{\"@type\":\"ReadAction\",\"target\":[\"https:\\\/\\\/www.waterskis.lv\\\/en\\\/product\\\/spinera-professional-aquapark-pirates-tower\\\/\"]}]},{\"@type\":\"ImageObject\",\"inLanguage\":\"en-US\",\"@id\":\"https:\\\/\\\/www.waterskis.lv\\\/en\\\/product\\\/spinera-professional-aquapark-pirates-tower\\\/#primaryimage\",\"url\":\"https:\\\/\\\/www.waterskis.lv\\\/wp-content\\\/uploads\\\/2025\\\/03\\\/aquapark_pirates_tower_21393_1.webp\",\"contentUrl\":\"https:\\\/\\\/www.waterskis.lv\\\/wp-content\\\/uploads\\\/2025\\\/03\\\/aquapark_pirates_tower_21393_1.webp\",\"width\":1199,\"height\":1200,\"caption\":\"Akvaparki\"},{\"@type\":\"BreadcrumbList\",\"@id\":\"https:\\\/\\\/www.waterskis.lv\\\/en\\\/product\\\/spinera-professional-aquapark-pirates-tower\\\/#breadcrumb\",\"itemListElement\":[{\"@type\":\"ListItem\",\"position\":1,\"name\":\"Home\",\"item\":\"https:\\\/\\\/www.waterskis.lv\\\/en\\\/\"},{\"@type\":\"ListItem\",\"position\":2,\"name\":\"Shop\",\"item\":\"https:\\\/\\\/waterskis.lv\\\/en\\\/shop\\\/\"},{\"@type\":\"ListItem\",\"position\":3,\"name\":\"Spinera Professional Aquapark Pirates Tower\"}]},{\"@type\":\"WebSite\",\"@id\":\"https:\\\/\\\/www.waterskis.lv\\\/en\\\/#website\",\"url\":\"https:\\\/\\\/www.waterskis.lv\\\/en\\\/\",\"name\":\"WATERSKIS.LV\",\"description\":\"SUP d\u0113\u013ci, kajaki, kanoe, airu laivas, \u016bdenssl\u0113po\u0161ana, veikbords, SUP d\u0113\u013cu noma, kajaku nomaakt\u012bv\u0101s atp\u016btas centrs, laivu noma, sup noma, kajaku noma\",\"publisher\":{\"@id\":\"https:\\\/\\\/www.waterskis.lv\\\/en\\\/#organization\"},\"potentialAction\":[{\"@type\":\"SearchAction\",\"target\":{\"@type\":\"EntryPoint\",\"urlTemplate\":\"https:\\\/\\\/www.waterskis.lv\\\/en\\\/?s={search_term_string}\"},\"query-input\":{\"@type\":\"PropertyValueSpecification\",\"valueRequired\":true,\"valueName\":\"search_term_string\"}}],\"inLanguage\":\"en-US\"},{\"@type\":\"Organization\",\"@id\":\"https:\\\/\\\/www.waterskis.lv\\\/en\\\/#organization\",\"name\":\"WATERSKIS.LV\",\"url\":\"https:\\\/\\\/www.waterskis.lv\\\/en\\\/\",\"logo\":{\"@type\":\"ImageObject\",\"inLanguage\":\"en-US\",\"@id\":\"https:\\\/\\\/www.waterskis.lv\\\/en\\\/#\\\/schema\\\/logo\\\/image\\\/\",\"url\":\"https:\\\/\\\/www.waterskis.lv\\\/wp-content\\\/uploads\\\/2025\\\/01\\\/JUVP-logo.png\",\"contentUrl\":\"https:\\\/\\\/www.waterskis.lv\\\/wp-content\\\/uploads\\\/2025\\\/01\\\/JUVP-logo.png\",\"width\":421,\"height\":202,\"caption\":\"WATERSKIS.LV\"},\"image\":{\"@id\":\"https:\\\/\\\/www.waterskis.lv\\\/en\\\/#\\\/schema\\\/logo\\\/image\\\/\"},\"sameAs\":[\"https:\\\/\\\/www.facebook.com\\\/jurmalawaterskiwakeboardpark\\\/\"]}]}<\/script>\n<!-- \/ Yoast SEO plugin. -->","yoast_head_json":{"title":"Spinera Professional Aquapark Pirates Tower - WATERSKIS.LV","description":"Spinera Professional Aquapark Pirates Tower leaves no dreams unfulfilled and offers action packed jumping from different heights and various sliding possibi","robots":{"index":"index","follow":"follow","max-snippet":"max-snippet:-1","max-image-preview":"max-image-preview:large","max-video-preview":"max-video-preview:-1"},"canonical":"https:\/\/www.waterskis.lv\/en\/product\/spinera-professional-aquapark-pirates-tower\/","og_locale":"en_US","og_type":"article","og_title":"Spinera Professional Aquapark Pirates Tower - WATERSKIS.LV","og_description":"Spinera Professional Aquapark Pirates Tower leaves no dreams unfulfilled and offers action packed jumping from different heights and various sliding possibi","og_url":"https:\/\/www.waterskis.lv\/en\/product\/spinera-professional-aquapark-pirates-tower\/","og_site_name":"WATERSKIS.LV","article_publisher":"https:\/\/www.facebook.com\/jurmalawaterskiwakeboardpark\/","article_modified_time":"2026-02-01T06:16:01+00:00","og_image":[{"width":1199,"height":1200,"url":"https:\/\/www.waterskis.lv\/wp-content\/uploads\/2025\/03\/aquapark_pirates_tower_21393_1.webp","type":"image\/webp"}],"twitter_card":"summary_large_image","twitter_misc":{"Est. reading time":"3 minutes"},"schema":{"@context":"https:\/\/schema.org","@graph":[{"@type":"WebPage","@id":"https:\/\/www.waterskis.lv\/en\/product\/spinera-professional-aquapark-pirates-tower\/","url":"https:\/\/www.waterskis.lv\/en\/product\/spinera-professional-aquapark-pirates-tower\/","name":"Spinera Professional Aquapark Pirates Tower - WATERSKIS.LV","isPartOf":{"@id":"https:\/\/www.waterskis.lv\/en\/#website"},"primaryImageOfPage":{"@id":"https:\/\/www.waterskis.lv\/en\/product\/spinera-professional-aquapark-pirates-tower\/#primaryimage"},"image":{"@id":"https:\/\/www.waterskis.lv\/en\/product\/spinera-professional-aquapark-pirates-tower\/#primaryimage"},"thumbnailUrl":"https:\/\/www.waterskis.lv\/wp-content\/uploads\/2025\/03\/aquapark_pirates_tower_21393_1.webp","datePublished":"2025-03-15T07:33:25+00:00","dateModified":"2026-02-01T06:16:01+00:00","description":"Spinera Professional Aquapark Pirates Tower leaves no dreams unfulfilled and offers action packed jumping from different heights and various sliding possibi","breadcrumb":{"@id":"https:\/\/www.waterskis.lv\/en\/product\/spinera-professional-aquapark-pirates-tower\/#breadcrumb"},"inLanguage":"en-US","potentialAction":[{"@type":"ReadAction","target":["https:\/\/www.waterskis.lv\/en\/product\/spinera-professional-aquapark-pirates-tower\/"]}]},{"@type":"ImageObject","inLanguage":"en-US","@id":"https:\/\/www.waterskis.lv\/en\/product\/spinera-professional-aquapark-pirates-tower\/#primaryimage","url":"https:\/\/www.waterskis.lv\/wp-content\/uploads\/2025\/03\/aquapark_pirates_tower_21393_1.webp","contentUrl":"https:\/\/www.waterskis.lv\/wp-content\/uploads\/2025\/03\/aquapark_pirates_tower_21393_1.webp","width":1199,"height":1200,"caption":"Akvaparki"},{"@type":"BreadcrumbList","@id":"https:\/\/www.waterskis.lv\/en\/product\/spinera-professional-aquapark-pirates-tower\/#breadcrumb","itemListElement":[{"@type":"ListItem","position":1,"name":"Home","item":"https:\/\/www.waterskis.lv\/en\/"},{"@type":"ListItem","position":2,"name":"Shop","item":"https:\/\/waterskis.lv\/en\/shop\/"},{"@type":"ListItem","position":3,"name":"Spinera Professional Aquapark Pirates Tower"}]},{"@type":"WebSite","@id":"https:\/\/www.waterskis.lv\/en\/#website","url":"https:\/\/www.waterskis.lv\/en\/","name":"WATERSKIS.LV","description":"SUP d\u0113\u013ci, kajaki, kanoe, airu laivas, \u016bdenssl\u0113po\u0161ana, veikbords, SUP d\u0113\u013cu noma, kajaku nomaakt\u012bv\u0101s atp\u016btas centrs, laivu noma, sup noma, kajaku noma","publisher":{"@id":"https:\/\/www.waterskis.lv\/en\/#organization"},"potentialAction":[{"@type":"SearchAction","target":{"@type":"EntryPoint","urlTemplate":"https:\/\/www.waterskis.lv\/en\/?s={search_term_string}"},"query-input":{"@type":"PropertyValueSpecification","valueRequired":true,"valueName":"search_term_string"}}],"inLanguage":"en-US"},{"@type":"Organization","@id":"https:\/\/www.waterskis.lv\/en\/#organization","name":"WATERSKIS.LV","url":"https:\/\/www.waterskis.lv\/en\/","logo":{"@type":"ImageObject","inLanguage":"en-US","@id":"https:\/\/www.waterskis.lv\/en\/#\/schema\/logo\/image\/","url":"https:\/\/www.waterskis.lv\/wp-content\/uploads\/2025\/01\/JUVP-logo.png","contentUrl":"https:\/\/www.waterskis.lv\/wp-content\/uploads\/2025\/01\/JUVP-logo.png","width":421,"height":202,"caption":"WATERSKIS.LV"},"image":{"@id":"https:\/\/www.waterskis.lv\/en\/#\/schema\/logo\/image\/"},"sameAs":["https:\/\/www.facebook.com\/jurmalawaterskiwakeboardpark\/"]}]}},"_links":{"self":[{"href":"https:\/\/www.waterskis.lv\/en\/wp-json\/wp\/v2\/product\/65018","targetHints":{"allow":["GET"]}}],"collection":[{"href":"https:\/\/www.waterskis.lv\/en\/wp-json\/wp\/v2\/product"}],"about":[{"href":"https:\/\/www.waterskis.lv\/en\/wp-json\/wp\/v2\/types\/product"}],"replies":[{"embeddable":true,"href":"https:\/\/www.waterskis.lv\/en\/wp-json\/wp\/v2\/comments?post=65018"}],"wp:featuredmedia":[{"embeddable":true,"href":"https:\/\/www.waterskis.lv\/en\/wp-json\/wp\/v2\/media\/64985"}],"wp:attachment":[{"href":"https:\/\/www.waterskis.lv\/en\/wp-json\/wp\/v2\/media?parent=65018"}],"wp:term":[{"taxonomy":"product_brand","embeddable":true,"href":"https:\/\/www.waterskis.lv\/en\/wp-json\/wp\/v2\/product_brand?post=65018"},{"taxonomy":"product_cat","embeddable":true,"href":"https:\/\/www.waterskis.lv\/en\/wp-json\/wp\/v2\/product_cat?post=65018"},{"taxonomy":"product_tag","embeddable":true,"href":"https:\/\/www.waterskis.lv\/en\/wp-json\/wp\/v2\/product_tag?post=65018"}],"curies":[{"name":"wp","href":"https:\/\/api.w.org\/{rel}","templated":true}]}}