{"id":65093,"date":"2025-03-16T17:33:31","date_gmt":"2025-03-16T15:33:31","guid":{"rendered":"https:\/\/waterskis.lv\/product\/udens-atrakciju-parka-tramplins-spinera-professional-aquapark-pirates-tramp-500-incl-base-step\/"},"modified":"2026-02-01T08:12:43","modified_gmt":"2026-02-01T06:12:43","slug":"spinera-professional-aquapark-pirates-tramp-500-incl-base-step","status":"publish","type":"product","link":"https:\/\/www.waterskis.lv\/en\/product\/spinera-professional-aquapark-pirates-tramp-500-incl-base-step\/","title":{"rendered":"Spinera Professional Aquapark Pirates Tramp 500 incl. Base Step"},"content":{"rendered":"<h1>Spinera Professional Aquapark Pirates Tramp 500 incl. Base Step<\/h1>\n<p>Spinera Professional Aquapark Pirates Tramp 500 incl. Base Step<\/p>\n<p>Art. No.\u00a021397<\/p>\n<p>The Spinera Professional Aquapark Pirates Tramp 500 incl. Base Step is easily built up in a couple of minutes and then ready to use for action packed jumping, bouncing, relaxing, or lounging on the waterfront with friends and family.<\/p>\n<p><b>SIZE:<\/b><\/p>\n<ul>\n<li>Length: 500cm<\/li>\n<li>Width: 500cm<\/li>\n<li>Height: 80cm<\/li>\n<li>Stored Size: approx. 95x80x40cm\/62kg (Mainbody) + 120x75x45cm\/45kg (Safety Mat) + 140x45x15cm\/25kg (For frame and jump mat).<\/li>\n<\/ul>\n<p>&nbsp;<\/p>\n<p><b>SPECS:<\/b><\/p>\n<ul>\n<li>capacity: 3 people<\/li>\n<li>water depth:2,4m (7,8ft)<\/li>\n<li>dimensions (cm): 500 x 500 (cm)<\/li>\n<li>dimensions (ft): 16,4 x 16,4 (ft)<\/li>\n<li>Weight Net: 135kg<\/li>\n<\/ul>\n<p>&nbsp;<\/p>\n<p><b>MATERIAL:<\/b><\/p>\n<ul>\n<li>Heavy Duty Reinforced Spintex 0,9mm material<\/li>\n<\/ul>\n<p>&nbsp;<\/p>\n<p><b>AIR CHAMBERS:<\/b><\/p>\n<ul>\n<li>Tramp 1, Base Step 1<\/li>\n<\/ul>\n<p>&nbsp;<\/p>\n<p><b>GENERAL FEATURES:<\/b><\/p>\n<ul>\n<li>304 Stainless Steel Frame, 112 Stainless Steel Springs, Springs are made stainless steel 304 &#8211; not galvanized,<\/li>\n<li>Super Soft and extra wide Safety Pad, 4 Sides to Connect with other Elements,<\/li>\n<li>all 4 Sides are ready to include Velcro Safety Flap,<\/li>\n<li>1 Spinera Professional Base Step included, 8 super handsome Carry<\/li>\n<li>Handles, Wind and Wave ready design<\/li>\n<li>1 Carry Bag included<\/li>\n<\/ul>\n<p>&nbsp;<\/p>\n<p><b>TOP YACHT TOY FEATURES:<\/b><\/p>\n<ul>\n<li>4 times compatible with Yachtbeach and other inflatable products<\/li>\n<li>Handle Connection System to be fixed easy above waterline without getting wet<\/li>\n<li>Ready for Rapid Fun Park Installation \/ De-Installation<\/li>\n<li>High Speed Inflation and Deflation System<\/li>\n<\/ul>\n<p>&nbsp;<\/p>\n<p><b>TOP COMMERCIAL PARK FEATURES:<\/b><\/p>\n<ul>\n<li>4 Giant Anchor Points<\/li>\n<li>4 Sides ready to connect with other Aquapark items<\/li>\n<li>Ready for permanent 5 Point Stainless Steel D-Ring<\/li>\n<li>Connection on all 4 Sides<\/li>\n<li>Integrated Commercial Pressure Relief Valve with Base Step<\/li>\n<\/ul>\n<p>&nbsp;<\/p>\n<p><b>PUMP TIMES<\/b><\/p>\n<p>13 min. (1 Pump)<\/p>\n<p>&nbsp;<\/p>\n<p><b>CONTENT:<\/b><\/p>\n<p>1x Spinera Professional Aquapark Pirates Tramp 500, 1x Base Step, 1x Bag for Spinera Professional Aquapark Pirates Tramp 500 &amp; Base Step &amp; Jumping Sheet (No bag for the frame needed)<\/p>\n<p>&nbsp;<\/p>\n<p><b>UPGRADE OPTIONS:<\/b><\/p>\n<p>1 x Small Base Slide, 1 x Base Beam, 1 x Easy Up 250, 2nd Base Step<\/p>\n<p>&nbsp;<\/p>\n<p><b>Packaging<\/b><\/p>\n<p>Number of boxes\/contents<\/p>\n<p>1 Carton:<\/p>\n<p>Tramp 500 PVC Tube + Base step<\/p>\n<p>Measurements: Length 95cm x width 80cm x height 40cm<\/p>\n<p>&nbsp;<\/p>\n<p>2. Carton<\/p>\n<p>316 stainless Metal frame and springs, 96 pcs.<\/p>\n<p>Measurements: Length 140cm x width 45cm x height 15cm<\/p>\n<p>&nbsp;<\/p>\n<p>3. Carton<\/p>\n<p>Jump mesh mat, safety mat<\/p>\n<p>Measurements: Length 120cm x width 75cm x height 45cm<\/p>\n","protected":false},"excerpt":{"rendered":"<p>https:\/\/www.youtube.com\/watch?v=X0Qx0YsErYw [&#8230;]<\/p>\n<p><a class=\"btn btn-secondary understrap-read-more-link\" href=\"https:\/\/www.waterskis.lv\/en\/product\/spinera-professional-aquapark-pirates-tramp-500-incl-base-step\/\">Read More&#8230;<\/a><\/p>\n","protected":false},"featured_media":65076,"comment_status":"closed","ping_status":"closed","template":"","meta":{"_acf_changed":false,"inline_featured_image":false},"product_brand":[2677],"product_cat":[1259,1262,1226],"product_tag":[3113,3114],"class_list":{"0":"post-65093","1":"product","2":"type-product","3":"status-publish","4":"has-post-thumbnail","6":"product_brand-spinera-professional","7":"product_cat-aquapark","8":"product_cat-modules","9":"product_cat-spinera-professional-en","10":"product_tag-aqua-parks","11":"product_tag-water-parks","13":"first","14":"instock","15":"shipping-taxable","16":"purchasable","17":"product-type-simple"},"acf":[],"yoast_head":"<!-- This site is optimized with the Yoast SEO plugin v27.4 - https:\/\/yoast.com\/product\/yoast-seo-wordpress\/ -->\n<title>Spinera Professional Aquapark Pirates Tramp 500 incl. Base Step - WATERSKIS.LV<\/title>\n<meta name=\"description\" content=\"Spinera Professional Aquapark Pirates Tramp 500 incl. Base Step is easily built up in a couple of minutes and then ready to use for action packed jumping\" \/>\n<meta name=\"robots\" content=\"index, follow, max-snippet:-1, max-image-preview:large, max-video-preview:-1\" \/>\n<link rel=\"canonical\" href=\"https:\/\/www.waterskis.lv\/en\/product\/spinera-professional-aquapark-pirates-tramp-500-incl-base-step\/\" \/>\n<meta property=\"og:locale\" content=\"en_US\" \/>\n<meta property=\"og:type\" content=\"article\" \/>\n<meta property=\"og:title\" content=\"Spinera Professional Aquapark Pirates Tramp 500 incl. Base Step - WATERSKIS.LV\" \/>\n<meta property=\"og:description\" content=\"Spinera Professional Aquapark Pirates Tramp 500 incl. Base Step is easily built up in a couple of minutes and then ready to use for action packed jumping\" \/>\n<meta property=\"og:url\" content=\"https:\/\/www.waterskis.lv\/en\/product\/spinera-professional-aquapark-pirates-tramp-500-incl-base-step\/\" \/>\n<meta property=\"og:site_name\" content=\"WATERSKIS.LV\" \/>\n<meta property=\"article:publisher\" content=\"https:\/\/www.facebook.com\/jurmalawaterskiwakeboardpark\/\" \/>\n<meta property=\"article:modified_time\" content=\"2026-02-01T06:12:43+00:00\" \/>\n<meta property=\"og:image\" content=\"https:\/\/www.waterskis.lv\/wp-content\/uploads\/2025\/03\/aquapark_pirates_tramp_500_incl__21397_1.webp\" \/>\n\t<meta property=\"og:image:width\" content=\"2000\" \/>\n\t<meta property=\"og:image:height\" content=\"2000\" \/>\n\t<meta property=\"og:image:type\" content=\"image\/webp\" \/>\n<meta name=\"twitter:card\" content=\"summary_large_image\" \/>\n<meta name=\"twitter:label1\" content=\"Est. reading time\" \/>\n\t<meta name=\"twitter:data1\" content=\"3 minutes\" \/>\n<script type=\"application\/ld+json\" class=\"yoast-schema-graph\">{\"@context\":\"https:\\\/\\\/schema.org\",\"@graph\":[{\"@type\":\"WebPage\",\"@id\":\"https:\\\/\\\/www.waterskis.lv\\\/en\\\/product\\\/spinera-professional-aquapark-pirates-tramp-500-incl-base-step\\\/\",\"url\":\"https:\\\/\\\/www.waterskis.lv\\\/en\\\/product\\\/spinera-professional-aquapark-pirates-tramp-500-incl-base-step\\\/\",\"name\":\"Spinera Professional Aquapark Pirates Tramp 500 incl. Base Step - WATERSKIS.LV\",\"isPartOf\":{\"@id\":\"https:\\\/\\\/www.waterskis.lv\\\/en\\\/#website\"},\"primaryImageOfPage\":{\"@id\":\"https:\\\/\\\/www.waterskis.lv\\\/en\\\/product\\\/spinera-professional-aquapark-pirates-tramp-500-incl-base-step\\\/#primaryimage\"},\"image\":{\"@id\":\"https:\\\/\\\/www.waterskis.lv\\\/en\\\/product\\\/spinera-professional-aquapark-pirates-tramp-500-incl-base-step\\\/#primaryimage\"},\"thumbnailUrl\":\"https:\\\/\\\/www.waterskis.lv\\\/wp-content\\\/uploads\\\/2025\\\/03\\\/aquapark_pirates_tramp_500_incl__21397_1.webp\",\"datePublished\":\"2025-03-16T15:33:31+00:00\",\"dateModified\":\"2026-02-01T06:12:43+00:00\",\"description\":\"Spinera Professional Aquapark Pirates Tramp 500 incl. Base Step is easily built up in a couple of minutes and then ready to use for action packed jumping\",\"breadcrumb\":{\"@id\":\"https:\\\/\\\/www.waterskis.lv\\\/en\\\/product\\\/spinera-professional-aquapark-pirates-tramp-500-incl-base-step\\\/#breadcrumb\"},\"inLanguage\":\"en-US\",\"potentialAction\":[{\"@type\":\"ReadAction\",\"target\":[\"https:\\\/\\\/www.waterskis.lv\\\/en\\\/product\\\/spinera-professional-aquapark-pirates-tramp-500-incl-base-step\\\/\"]}]},{\"@type\":\"ImageObject\",\"inLanguage\":\"en-US\",\"@id\":\"https:\\\/\\\/www.waterskis.lv\\\/en\\\/product\\\/spinera-professional-aquapark-pirates-tramp-500-incl-base-step\\\/#primaryimage\",\"url\":\"https:\\\/\\\/www.waterskis.lv\\\/wp-content\\\/uploads\\\/2025\\\/03\\\/aquapark_pirates_tramp_500_incl__21397_1.webp\",\"contentUrl\":\"https:\\\/\\\/www.waterskis.lv\\\/wp-content\\\/uploads\\\/2025\\\/03\\\/aquapark_pirates_tramp_500_incl__21397_1.webp\",\"width\":2000,\"height\":2000,\"caption\":\"\u016adens atrakciju parka trampl\u012bns Spinera Professional Aquapark Pirates Tramp 500 incl. Base Step\"},{\"@type\":\"BreadcrumbList\",\"@id\":\"https:\\\/\\\/www.waterskis.lv\\\/en\\\/product\\\/spinera-professional-aquapark-pirates-tramp-500-incl-base-step\\\/#breadcrumb\",\"itemListElement\":[{\"@type\":\"ListItem\",\"position\":1,\"name\":\"Home\",\"item\":\"https:\\\/\\\/www.waterskis.lv\\\/en\\\/\"},{\"@type\":\"ListItem\",\"position\":2,\"name\":\"Shop\",\"item\":\"https:\\\/\\\/waterskis.lv\\\/en\\\/shop\\\/\"},{\"@type\":\"ListItem\",\"position\":3,\"name\":\"Spinera Professional Aquapark Pirates Tramp 500 incl. Base Step\"}]},{\"@type\":\"WebSite\",\"@id\":\"https:\\\/\\\/www.waterskis.lv\\\/en\\\/#website\",\"url\":\"https:\\\/\\\/www.waterskis.lv\\\/en\\\/\",\"name\":\"WATERSKIS.LV\",\"description\":\"SUP d\u0113\u013ci, kajaki, kanoe, airu laivas, \u016bdenssl\u0113po\u0161ana, veikbords, SUP d\u0113\u013cu noma, kajaku nomaakt\u012bv\u0101s atp\u016btas centrs, laivu noma, sup noma, kajaku noma\",\"publisher\":{\"@id\":\"https:\\\/\\\/www.waterskis.lv\\\/en\\\/#organization\"},\"potentialAction\":[{\"@type\":\"SearchAction\",\"target\":{\"@type\":\"EntryPoint\",\"urlTemplate\":\"https:\\\/\\\/www.waterskis.lv\\\/en\\\/?s={search_term_string}\"},\"query-input\":{\"@type\":\"PropertyValueSpecification\",\"valueRequired\":true,\"valueName\":\"search_term_string\"}}],\"inLanguage\":\"en-US\"},{\"@type\":\"Organization\",\"@id\":\"https:\\\/\\\/www.waterskis.lv\\\/en\\\/#organization\",\"name\":\"WATERSKIS.LV\",\"url\":\"https:\\\/\\\/www.waterskis.lv\\\/en\\\/\",\"logo\":{\"@type\":\"ImageObject\",\"inLanguage\":\"en-US\",\"@id\":\"https:\\\/\\\/www.waterskis.lv\\\/en\\\/#\\\/schema\\\/logo\\\/image\\\/\",\"url\":\"https:\\\/\\\/www.waterskis.lv\\\/wp-content\\\/uploads\\\/2025\\\/01\\\/JUVP-logo.png\",\"contentUrl\":\"https:\\\/\\\/www.waterskis.lv\\\/wp-content\\\/uploads\\\/2025\\\/01\\\/JUVP-logo.png\",\"width\":421,\"height\":202,\"caption\":\"WATERSKIS.LV\"},\"image\":{\"@id\":\"https:\\\/\\\/www.waterskis.lv\\\/en\\\/#\\\/schema\\\/logo\\\/image\\\/\"},\"sameAs\":[\"https:\\\/\\\/www.facebook.com\\\/jurmalawaterskiwakeboardpark\\\/\"]}]}<\/script>\n<!-- \/ Yoast SEO plugin. -->","yoast_head_json":{"title":"Spinera Professional Aquapark Pirates Tramp 500 incl. Base Step - WATERSKIS.LV","description":"Spinera Professional Aquapark Pirates Tramp 500 incl. Base Step is easily built up in a couple of minutes and then ready to use for action packed jumping","robots":{"index":"index","follow":"follow","max-snippet":"max-snippet:-1","max-image-preview":"max-image-preview:large","max-video-preview":"max-video-preview:-1"},"canonical":"https:\/\/www.waterskis.lv\/en\/product\/spinera-professional-aquapark-pirates-tramp-500-incl-base-step\/","og_locale":"en_US","og_type":"article","og_title":"Spinera Professional Aquapark Pirates Tramp 500 incl. Base Step - WATERSKIS.LV","og_description":"Spinera Professional Aquapark Pirates Tramp 500 incl. Base Step is easily built up in a couple of minutes and then ready to use for action packed jumping","og_url":"https:\/\/www.waterskis.lv\/en\/product\/spinera-professional-aquapark-pirates-tramp-500-incl-base-step\/","og_site_name":"WATERSKIS.LV","article_publisher":"https:\/\/www.facebook.com\/jurmalawaterskiwakeboardpark\/","article_modified_time":"2026-02-01T06:12:43+00:00","og_image":[{"width":2000,"height":2000,"url":"https:\/\/www.waterskis.lv\/wp-content\/uploads\/2025\/03\/aquapark_pirates_tramp_500_incl__21397_1.webp","type":"image\/webp"}],"twitter_card":"summary_large_image","twitter_misc":{"Est. reading time":"3 minutes"},"schema":{"@context":"https:\/\/schema.org","@graph":[{"@type":"WebPage","@id":"https:\/\/www.waterskis.lv\/en\/product\/spinera-professional-aquapark-pirates-tramp-500-incl-base-step\/","url":"https:\/\/www.waterskis.lv\/en\/product\/spinera-professional-aquapark-pirates-tramp-500-incl-base-step\/","name":"Spinera Professional Aquapark Pirates Tramp 500 incl. Base Step - WATERSKIS.LV","isPartOf":{"@id":"https:\/\/www.waterskis.lv\/en\/#website"},"primaryImageOfPage":{"@id":"https:\/\/www.waterskis.lv\/en\/product\/spinera-professional-aquapark-pirates-tramp-500-incl-base-step\/#primaryimage"},"image":{"@id":"https:\/\/www.waterskis.lv\/en\/product\/spinera-professional-aquapark-pirates-tramp-500-incl-base-step\/#primaryimage"},"thumbnailUrl":"https:\/\/www.waterskis.lv\/wp-content\/uploads\/2025\/03\/aquapark_pirates_tramp_500_incl__21397_1.webp","datePublished":"2025-03-16T15:33:31+00:00","dateModified":"2026-02-01T06:12:43+00:00","description":"Spinera Professional Aquapark Pirates Tramp 500 incl. Base Step is easily built up in a couple of minutes and then ready to use for action packed jumping","breadcrumb":{"@id":"https:\/\/www.waterskis.lv\/en\/product\/spinera-professional-aquapark-pirates-tramp-500-incl-base-step\/#breadcrumb"},"inLanguage":"en-US","potentialAction":[{"@type":"ReadAction","target":["https:\/\/www.waterskis.lv\/en\/product\/spinera-professional-aquapark-pirates-tramp-500-incl-base-step\/"]}]},{"@type":"ImageObject","inLanguage":"en-US","@id":"https:\/\/www.waterskis.lv\/en\/product\/spinera-professional-aquapark-pirates-tramp-500-incl-base-step\/#primaryimage","url":"https:\/\/www.waterskis.lv\/wp-content\/uploads\/2025\/03\/aquapark_pirates_tramp_500_incl__21397_1.webp","contentUrl":"https:\/\/www.waterskis.lv\/wp-content\/uploads\/2025\/03\/aquapark_pirates_tramp_500_incl__21397_1.webp","width":2000,"height":2000,"caption":"\u016adens atrakciju parka trampl\u012bns Spinera Professional Aquapark Pirates Tramp 500 incl. Base Step"},{"@type":"BreadcrumbList","@id":"https:\/\/www.waterskis.lv\/en\/product\/spinera-professional-aquapark-pirates-tramp-500-incl-base-step\/#breadcrumb","itemListElement":[{"@type":"ListItem","position":1,"name":"Home","item":"https:\/\/www.waterskis.lv\/en\/"},{"@type":"ListItem","position":2,"name":"Shop","item":"https:\/\/waterskis.lv\/en\/shop\/"},{"@type":"ListItem","position":3,"name":"Spinera Professional Aquapark Pirates Tramp 500 incl. Base Step"}]},{"@type":"WebSite","@id":"https:\/\/www.waterskis.lv\/en\/#website","url":"https:\/\/www.waterskis.lv\/en\/","name":"WATERSKIS.LV","description":"SUP d\u0113\u013ci, kajaki, kanoe, airu laivas, \u016bdenssl\u0113po\u0161ana, veikbords, SUP d\u0113\u013cu noma, kajaku nomaakt\u012bv\u0101s atp\u016btas centrs, laivu noma, sup noma, kajaku noma","publisher":{"@id":"https:\/\/www.waterskis.lv\/en\/#organization"},"potentialAction":[{"@type":"SearchAction","target":{"@type":"EntryPoint","urlTemplate":"https:\/\/www.waterskis.lv\/en\/?s={search_term_string}"},"query-input":{"@type":"PropertyValueSpecification","valueRequired":true,"valueName":"search_term_string"}}],"inLanguage":"en-US"},{"@type":"Organization","@id":"https:\/\/www.waterskis.lv\/en\/#organization","name":"WATERSKIS.LV","url":"https:\/\/www.waterskis.lv\/en\/","logo":{"@type":"ImageObject","inLanguage":"en-US","@id":"https:\/\/www.waterskis.lv\/en\/#\/schema\/logo\/image\/","url":"https:\/\/www.waterskis.lv\/wp-content\/uploads\/2025\/01\/JUVP-logo.png","contentUrl":"https:\/\/www.waterskis.lv\/wp-content\/uploads\/2025\/01\/JUVP-logo.png","width":421,"height":202,"caption":"WATERSKIS.LV"},"image":{"@id":"https:\/\/www.waterskis.lv\/en\/#\/schema\/logo\/image\/"},"sameAs":["https:\/\/www.facebook.com\/jurmalawaterskiwakeboardpark\/"]}]}},"_links":{"self":[{"href":"https:\/\/www.waterskis.lv\/en\/wp-json\/wp\/v2\/product\/65093","targetHints":{"allow":["GET"]}}],"collection":[{"href":"https:\/\/www.waterskis.lv\/en\/wp-json\/wp\/v2\/product"}],"about":[{"href":"https:\/\/www.waterskis.lv\/en\/wp-json\/wp\/v2\/types\/product"}],"replies":[{"embeddable":true,"href":"https:\/\/www.waterskis.lv\/en\/wp-json\/wp\/v2\/comments?post=65093"}],"wp:featuredmedia":[{"embeddable":true,"href":"https:\/\/www.waterskis.lv\/en\/wp-json\/wp\/v2\/media\/65076"}],"wp:attachment":[{"href":"https:\/\/www.waterskis.lv\/en\/wp-json\/wp\/v2\/media?parent=65093"}],"wp:term":[{"taxonomy":"product_brand","embeddable":true,"href":"https:\/\/www.waterskis.lv\/en\/wp-json\/wp\/v2\/product_brand?post=65093"},{"taxonomy":"product_cat","embeddable":true,"href":"https:\/\/www.waterskis.lv\/en\/wp-json\/wp\/v2\/product_cat?post=65093"},{"taxonomy":"product_tag","embeddable":true,"href":"https:\/\/www.waterskis.lv\/en\/wp-json\/wp\/v2\/product_tag?post=65093"}],"curies":[{"name":"wp","href":"https:\/\/api.w.org\/{rel}","templated":true}]}}