{"id":65120,"date":"2025-03-16T18:06:28","date_gmt":"2025-03-16T16:06:28","guid":{"rendered":"https:\/\/waterskis.lv\/product\/spinera-professional-aquapark-pirates-base-500-komplekts-iesk-pamata-solis-slaids-stars\/"},"modified":"2026-02-01T08:11:17","modified_gmt":"2026-02-01T06:11:17","slug":"spinera-professional-aquapark-pirates-base-500-set-incl-base-step-slide-beam","status":"publish","type":"product","link":"https:\/\/www.waterskis.lv\/en\/product\/spinera-professional-aquapark-pirates-base-500-set-incl-base-step-slide-beam\/","title":{"rendered":"Spinera Professional Aquapark Pirates Base 500 Set incl. Base Step + Slide + Beam"},"content":{"rendered":"<h1>Spinera Professional Aquapark Pirates Base 500 Set incl. Base Step + Slide + Beam<\/h1>\n<p>Spinera Professional Aquapark Pirates Base 500 Set incl. Base Step + Slide + Beam<\/p>\n<p>Art. No<strong class=\"type\">.<\/strong>\u00a022238<\/p>\n<p>The Spinera Professional Aquapark Pirates Base 500 incl. Base Step is easily built up in a couple of minutes and then ready to use for action packed\u00a0\u00a0bouncing, relaxing, or lounging on the waterfront with friends and family.<\/p>\n<p><b>SIZE:<\/b><\/p>\n<ul>\n<li>Length: 500cm<\/li>\n<li>Width: 500cm<\/li>\n<li>Height: 80cm<\/li>\n<li>Stored Size: approx. 112 x 73 x 43 cm<\/li>\n<\/ul>\n<p>&nbsp;<\/p>\n<p><b>SPECS:<\/b><\/p>\n<ul>\n<li>capacity: 3 people<\/li>\n<li>water depth: 2,4m &#8211; 7,8ft<\/li>\n<li>dimensions (cm): 500 x 500 (cm)<\/li>\n<li>dimensions (ft): 16,4 x 16,4 (ft)<\/li>\n<li>Weight net: 80kg<\/li>\n<\/ul>\n<p>&nbsp;<\/p>\n<p><b>MATERIAL:<\/b><\/p>\n<ul>\n<li>Heavy Duty Reinforced Spintex 0,9mm material<\/li>\n<\/ul>\n<p>&nbsp;<\/p>\n<p><b>AIR CHAMBERS:<\/b><\/p>\n<ul>\n<li>Base 1, Base Step 1<\/li>\n<\/ul>\n<p>&nbsp;<\/p>\n<p><b>GENERAL FEATURES:<\/b><\/p>\n<ul>\n<li>Frameless Design, easy-fix exchangeable jump cloth, 4 sides to<\/li>\n<li>connect with other Elements, all 4 sides are ready to include<\/li>\n<li>Velcro Safety Flap, 1 Spinera Professional Base Step included<\/li>\n<li>8 super handsome Carry Handles, Wind and Wave ready design<\/li>\n<li>1 Carry Bag included<\/li>\n<\/ul>\n<p>&nbsp;<\/p>\n<p><b>TOP YACHT TOY FEATURES:<\/b><\/p>\n<ul>\n<li>4 times compatible with Yachtbeach and other inflatable products<\/li>\n<li>Handle Connection System to be fixed easy above waterline without getting wet<\/li>\n<li>Ready for Rapid Fun Park Installation \/ De-Installation<\/li>\n<li>High Speed Inflation and Deflation System<\/li>\n<\/ul>\n<p>&nbsp;<\/p>\n<p><b>TOP COMMERCIAL PARK FEATURES:<\/b><\/p>\n<ul>\n<li>4 Giant Anchor Points<\/li>\n<li>4 Sides ready to connect with other Aquapark items<\/li>\n<li>Ready for permanent 5 Point Stainless Steel D-Ring<\/li>\n<li>Connection on all 4 Sides<\/li>\n<li>Integrated Commercial Pressure Release Valve with Base Step<\/li>\n<\/ul>\n<p>&nbsp;<\/p>\n<p><b>PUMP TIMES:<\/b><\/p>\n<ul>\n<li>8 min. (2 Pumps) oder 13 min. (1 Pump)<\/li>\n<\/ul>\n<p>&nbsp;<\/p>\n<p>Spinera Professional Aquapark\u00a0\u00a0Base Step<\/p>\n<p>&nbsp;<\/p>\n<p>The Spinera Base Step is the perfect solution to get easily on the waterpark again. Due to its very stable construction and the attached handles, getting back on the waterpark is a child&#8217;s play.<\/p>\n<p>&nbsp;<\/p>\n<p><b>General Features:<\/b><\/p>\n<ul>\n<li>Capacity: 1 Person<\/li>\n<li>Size: Length 155cm, Width 110cm, Height 20cm<\/li>\n<li>Material: Heavy Duty Reinforced PVC Material, Commercial Double I-Beam Construction<\/li>\n<li>Air chambers: 1<\/li>\n<\/ul>\n<p>&nbsp;<\/p>\n<p><b>Keypoints:<\/b><\/p>\n<ul>\n<li>1 x 2 Stainless Steel D-Rings &#8211; provide connecting function to 1 Aquapark Item<\/li>\n<li>1 Safety Velcro Flap included<\/li>\n<li>Handle Connection System to be fixed easy above waterline without getting wet compatible with Yachtbeach and other inflatable products<\/li>\n<li>Ergonomic shape for easy boarding with 2 Commercial Handles<\/li>\n<li>Integrated Commercial Pressure Relief Valve<\/li>\n<li>1 Carry Bag included<\/li>\n<li>(1 Base Step is included with every Pirates Base 500 or Pirates Tramp 500)<\/li>\n<\/ul>\n<p>&nbsp;<\/p>\n<p>Spinera Professional Aquapark Base Beam<\/p>\n<p>&nbsp;<\/p>\n<p>You can walk across the Base Beam quickly or overcome it with slow, skillful balancing. Afterwards a refreshing cooling in the water awaits you&#8230;<\/p>\n<p>&nbsp;<\/p>\n<p><b>General Features:<\/b><\/p>\n<ul>\n<li>Size: Length 250cm, Diameter: 45cm, Stored Dimensions: approx. 60x40x15 cm<\/li>\n<li>Material: Heave Duty Reinforced PVC Material<\/li>\n<li>Air Chamber: 1<\/li>\n<li>Weight net: 5kg<\/li>\n<li>Storage size: 112x73x43cm<\/li>\n<\/ul>\n<p>&nbsp;<\/p>\n<p><b>Keypoints:<\/b><\/p>\n<ul>\n<li>2 x 3 Stainless Steel D-Rings provide connecting function of 1 or even 2 Aquapark Items together<\/li>\n<li>2 Giant Anchor Points,<\/li>\n<li>2 Sides ready to connect with other Aquapark items<\/li>\n<\/ul>\n<p>&nbsp;<\/p>\n<p>Spinera Professional Aquapark Small Base Slide<\/p>\n<p>&nbsp;<\/p>\n<p>This slide lets you plunge into the cool water with tremendous speed.<\/p>\n<p>&nbsp;<\/p>\n<p><b>General Features:<\/b><\/p>\n<ul>\n<li>Size: Length 270cm, Width 100cm, Height 120cm, Stored Dimensions: approx. 72x52x37cm<\/li>\n<li>Material: Heavy Duty Reinforced PVC Material, Commercial Double I-Beam Construction<\/li>\n<li>Capacity: 1 person<\/li>\n<li>Air Chambers: 1<\/li>\n<li>Weight net: 20kg<\/li>\n<li>Storage Size: 72x53x39cm<\/li>\n<\/ul>\n<p>&nbsp;<\/p>\n<p><b>Keypoints:<\/b><\/p>\n<ul>\n<li>1 x 2 Stainless Steel D-Rings &#8211; provide connecting function to 1 Aquapark<\/li>\n<li>1 Giant Anchor Point<\/li>\n<li>Slide Width allows even 2 Kids to slide parallel<\/li>\n<li>Integrated Commercial Pressure Relief Valve<\/li>\n<li>1 Carry Bag included<\/li>\n<\/ul>\n<p>&nbsp;<\/p>\n<p><b>Number of boxes\/contents<\/b><\/p>\n<p>1 Carton:<\/p>\n<p>Base 500 PVC Tube + Base step<\/p>\n<p>Measurements: Length 95cm x width 80cm x height 40cm<\/p>\n","protected":false},"excerpt":{"rendered":"<p>https:\/\/www.youtube.com\/watch?v=X0Qx0YsErYw [&#8230;]<\/p>\n<p><a class=\"btn btn-secondary understrap-read-more-link\" href=\"https:\/\/www.waterskis.lv\/en\/product\/spinera-professional-aquapark-pirates-base-500-set-incl-base-step-slide-beam\/\">Read More&#8230;<\/a><\/p>\n","protected":false},"featured_media":65102,"comment_status":"closed","ping_status":"closed","template":"","meta":{"_acf_changed":false,"inline_featured_image":false},"product_brand":[2677],"product_cat":[1259,1262,1226],"product_tag":[3113,3114],"class_list":{"0":"post-65120","1":"product","2":"type-product","3":"status-publish","4":"has-post-thumbnail","6":"product_brand-spinera-professional","7":"product_cat-aquapark","8":"product_cat-modules","9":"product_cat-spinera-professional-en","10":"product_tag-aqua-parks","11":"product_tag-water-parks","13":"first","14":"instock","15":"shipping-taxable","16":"purchasable","17":"product-type-simple"},"acf":[],"yoast_head":"<!-- This site is optimized with the Yoast SEO plugin v27.4 - https:\/\/yoast.com\/product\/yoast-seo-wordpress\/ -->\n<title>Spinera Professional Aquapark Pirates Base 500 Set incl. Base Step + Slide + Beam - WATERSKIS.LV<\/title>\n<meta name=\"description\" content=\"Spinera Professional Aquapark Pirates Base 500 Set incl. Base Step + Slide + Beam for action packed\u00a0\u00a0bouncing, relaxing, or lounging on the waterfront\" \/>\n<meta name=\"robots\" content=\"index, follow, max-snippet:-1, max-image-preview:large, max-video-preview:-1\" \/>\n<link rel=\"canonical\" href=\"https:\/\/www.waterskis.lv\/en\/product\/spinera-professional-aquapark-pirates-base-500-set-incl-base-step-slide-beam\/\" \/>\n<meta property=\"og:locale\" content=\"en_US\" \/>\n<meta property=\"og:type\" content=\"article\" \/>\n<meta property=\"og:title\" content=\"Spinera Professional Aquapark Pirates Base 500 Set incl. Base Step + Slide + Beam - WATERSKIS.LV\" \/>\n<meta property=\"og:description\" content=\"Spinera Professional Aquapark Pirates Base 500 Set incl. Base Step + Slide + Beam for action packed\u00a0\u00a0bouncing, relaxing, or lounging on the waterfront\" \/>\n<meta property=\"og:url\" content=\"https:\/\/www.waterskis.lv\/en\/product\/spinera-professional-aquapark-pirates-base-500-set-incl-base-step-slide-beam\/\" \/>\n<meta property=\"og:site_name\" content=\"WATERSKIS.LV\" \/>\n<meta property=\"article:publisher\" content=\"https:\/\/www.facebook.com\/jurmalawaterskiwakeboardpark\/\" \/>\n<meta property=\"article:modified_time\" content=\"2026-02-01T06:11:17+00:00\" \/>\n<meta property=\"og:image\" content=\"https:\/\/www.waterskis.lv\/wp-content\/uploads\/2025\/03\/22238_image_22238_spinera_professional_aquapark_pirates_base_500_set_incl_22238_1.webp\" \/>\n\t<meta property=\"og:image:width\" content=\"1738\" \/>\n\t<meta property=\"og:image:height\" content=\"1739\" \/>\n\t<meta property=\"og:image:type\" content=\"image\/webp\" \/>\n<meta name=\"twitter:card\" content=\"summary_large_image\" \/>\n<meta name=\"twitter:label1\" content=\"Est. reading time\" \/>\n\t<meta name=\"twitter:data1\" content=\"4 minutes\" \/>\n<script type=\"application\/ld+json\" class=\"yoast-schema-graph\">{\"@context\":\"https:\\\/\\\/schema.org\",\"@graph\":[{\"@type\":\"WebPage\",\"@id\":\"https:\\\/\\\/www.waterskis.lv\\\/en\\\/product\\\/spinera-professional-aquapark-pirates-base-500-set-incl-base-step-slide-beam\\\/\",\"url\":\"https:\\\/\\\/www.waterskis.lv\\\/en\\\/product\\\/spinera-professional-aquapark-pirates-base-500-set-incl-base-step-slide-beam\\\/\",\"name\":\"Spinera Professional Aquapark Pirates Base 500 Set incl. Base Step + Slide + Beam - WATERSKIS.LV\",\"isPartOf\":{\"@id\":\"https:\\\/\\\/www.waterskis.lv\\\/en\\\/#website\"},\"primaryImageOfPage\":{\"@id\":\"https:\\\/\\\/www.waterskis.lv\\\/en\\\/product\\\/spinera-professional-aquapark-pirates-base-500-set-incl-base-step-slide-beam\\\/#primaryimage\"},\"image\":{\"@id\":\"https:\\\/\\\/www.waterskis.lv\\\/en\\\/product\\\/spinera-professional-aquapark-pirates-base-500-set-incl-base-step-slide-beam\\\/#primaryimage\"},\"thumbnailUrl\":\"https:\\\/\\\/www.waterskis.lv\\\/wp-content\\\/uploads\\\/2025\\\/03\\\/22238_image_22238_spinera_professional_aquapark_pirates_base_500_set_incl_22238_1.webp\",\"datePublished\":\"2025-03-16T16:06:28+00:00\",\"dateModified\":\"2026-02-01T06:11:17+00:00\",\"description\":\"Spinera Professional Aquapark Pirates Base 500 Set incl. Base Step + Slide + Beam for action packed\u00a0\u00a0bouncing, relaxing, or lounging on the waterfront\",\"breadcrumb\":{\"@id\":\"https:\\\/\\\/www.waterskis.lv\\\/en\\\/product\\\/spinera-professional-aquapark-pirates-base-500-set-incl-base-step-slide-beam\\\/#breadcrumb\"},\"inLanguage\":\"en-US\",\"potentialAction\":[{\"@type\":\"ReadAction\",\"target\":[\"https:\\\/\\\/www.waterskis.lv\\\/en\\\/product\\\/spinera-professional-aquapark-pirates-base-500-set-incl-base-step-slide-beam\\\/\"]}]},{\"@type\":\"ImageObject\",\"inLanguage\":\"en-US\",\"@id\":\"https:\\\/\\\/www.waterskis.lv\\\/en\\\/product\\\/spinera-professional-aquapark-pirates-base-500-set-incl-base-step-slide-beam\\\/#primaryimage\",\"url\":\"https:\\\/\\\/www.waterskis.lv\\\/wp-content\\\/uploads\\\/2025\\\/03\\\/22238_image_22238_spinera_professional_aquapark_pirates_base_500_set_incl_22238_1.webp\",\"contentUrl\":\"https:\\\/\\\/www.waterskis.lv\\\/wp-content\\\/uploads\\\/2025\\\/03\\\/22238_image_22238_spinera_professional_aquapark_pirates_base_500_set_incl_22238_1.webp\",\"width\":1738,\"height\":1739,\"caption\":\"Spinera Professional Aquapark Pirates Base 500 Komplekts iesk. Pamata solis + slaids + stars\"},{\"@type\":\"BreadcrumbList\",\"@id\":\"https:\\\/\\\/www.waterskis.lv\\\/en\\\/product\\\/spinera-professional-aquapark-pirates-base-500-set-incl-base-step-slide-beam\\\/#breadcrumb\",\"itemListElement\":[{\"@type\":\"ListItem\",\"position\":1,\"name\":\"Home\",\"item\":\"https:\\\/\\\/www.waterskis.lv\\\/en\\\/\"},{\"@type\":\"ListItem\",\"position\":2,\"name\":\"Shop\",\"item\":\"https:\\\/\\\/waterskis.lv\\\/en\\\/shop\\\/\"},{\"@type\":\"ListItem\",\"position\":3,\"name\":\"Spinera Professional Aquapark Pirates Base 500 Set incl. Base Step + Slide + Beam\"}]},{\"@type\":\"WebSite\",\"@id\":\"https:\\\/\\\/www.waterskis.lv\\\/en\\\/#website\",\"url\":\"https:\\\/\\\/www.waterskis.lv\\\/en\\\/\",\"name\":\"WATERSKIS.LV\",\"description\":\"SUP d\u0113\u013ci, kajaki, kanoe, airu laivas, \u016bdenssl\u0113po\u0161ana, veikbords, SUP d\u0113\u013cu noma, kajaku nomaakt\u012bv\u0101s atp\u016btas centrs, laivu noma, sup noma, kajaku noma\",\"publisher\":{\"@id\":\"https:\\\/\\\/www.waterskis.lv\\\/en\\\/#organization\"},\"potentialAction\":[{\"@type\":\"SearchAction\",\"target\":{\"@type\":\"EntryPoint\",\"urlTemplate\":\"https:\\\/\\\/www.waterskis.lv\\\/en\\\/?s={search_term_string}\"},\"query-input\":{\"@type\":\"PropertyValueSpecification\",\"valueRequired\":true,\"valueName\":\"search_term_string\"}}],\"inLanguage\":\"en-US\"},{\"@type\":\"Organization\",\"@id\":\"https:\\\/\\\/www.waterskis.lv\\\/en\\\/#organization\",\"name\":\"WATERSKIS.LV\",\"url\":\"https:\\\/\\\/www.waterskis.lv\\\/en\\\/\",\"logo\":{\"@type\":\"ImageObject\",\"inLanguage\":\"en-US\",\"@id\":\"https:\\\/\\\/www.waterskis.lv\\\/en\\\/#\\\/schema\\\/logo\\\/image\\\/\",\"url\":\"https:\\\/\\\/www.waterskis.lv\\\/wp-content\\\/uploads\\\/2025\\\/01\\\/JUVP-logo.png\",\"contentUrl\":\"https:\\\/\\\/www.waterskis.lv\\\/wp-content\\\/uploads\\\/2025\\\/01\\\/JUVP-logo.png\",\"width\":421,\"height\":202,\"caption\":\"WATERSKIS.LV\"},\"image\":{\"@id\":\"https:\\\/\\\/www.waterskis.lv\\\/en\\\/#\\\/schema\\\/logo\\\/image\\\/\"},\"sameAs\":[\"https:\\\/\\\/www.facebook.com\\\/jurmalawaterskiwakeboardpark\\\/\"]}]}<\/script>\n<!-- \/ Yoast SEO plugin. -->","yoast_head_json":{"title":"Spinera Professional Aquapark Pirates Base 500 Set incl. Base Step + Slide + Beam - WATERSKIS.LV","description":"Spinera Professional Aquapark Pirates Base 500 Set incl. Base Step + Slide + Beam for action packed\u00a0\u00a0bouncing, relaxing, or lounging on the waterfront","robots":{"index":"index","follow":"follow","max-snippet":"max-snippet:-1","max-image-preview":"max-image-preview:large","max-video-preview":"max-video-preview:-1"},"canonical":"https:\/\/www.waterskis.lv\/en\/product\/spinera-professional-aquapark-pirates-base-500-set-incl-base-step-slide-beam\/","og_locale":"en_US","og_type":"article","og_title":"Spinera Professional Aquapark Pirates Base 500 Set incl. Base Step + Slide + Beam - WATERSKIS.LV","og_description":"Spinera Professional Aquapark Pirates Base 500 Set incl. Base Step + Slide + Beam for action packed\u00a0\u00a0bouncing, relaxing, or lounging on the waterfront","og_url":"https:\/\/www.waterskis.lv\/en\/product\/spinera-professional-aquapark-pirates-base-500-set-incl-base-step-slide-beam\/","og_site_name":"WATERSKIS.LV","article_publisher":"https:\/\/www.facebook.com\/jurmalawaterskiwakeboardpark\/","article_modified_time":"2026-02-01T06:11:17+00:00","og_image":[{"width":1738,"height":1739,"url":"https:\/\/www.waterskis.lv\/wp-content\/uploads\/2025\/03\/22238_image_22238_spinera_professional_aquapark_pirates_base_500_set_incl_22238_1.webp","type":"image\/webp"}],"twitter_card":"summary_large_image","twitter_misc":{"Est. reading time":"4 minutes"},"schema":{"@context":"https:\/\/schema.org","@graph":[{"@type":"WebPage","@id":"https:\/\/www.waterskis.lv\/en\/product\/spinera-professional-aquapark-pirates-base-500-set-incl-base-step-slide-beam\/","url":"https:\/\/www.waterskis.lv\/en\/product\/spinera-professional-aquapark-pirates-base-500-set-incl-base-step-slide-beam\/","name":"Spinera Professional Aquapark Pirates Base 500 Set incl. Base Step + Slide + Beam - WATERSKIS.LV","isPartOf":{"@id":"https:\/\/www.waterskis.lv\/en\/#website"},"primaryImageOfPage":{"@id":"https:\/\/www.waterskis.lv\/en\/product\/spinera-professional-aquapark-pirates-base-500-set-incl-base-step-slide-beam\/#primaryimage"},"image":{"@id":"https:\/\/www.waterskis.lv\/en\/product\/spinera-professional-aquapark-pirates-base-500-set-incl-base-step-slide-beam\/#primaryimage"},"thumbnailUrl":"https:\/\/www.waterskis.lv\/wp-content\/uploads\/2025\/03\/22238_image_22238_spinera_professional_aquapark_pirates_base_500_set_incl_22238_1.webp","datePublished":"2025-03-16T16:06:28+00:00","dateModified":"2026-02-01T06:11:17+00:00","description":"Spinera Professional Aquapark Pirates Base 500 Set incl. Base Step + Slide + Beam for action packed\u00a0\u00a0bouncing, relaxing, or lounging on the waterfront","breadcrumb":{"@id":"https:\/\/www.waterskis.lv\/en\/product\/spinera-professional-aquapark-pirates-base-500-set-incl-base-step-slide-beam\/#breadcrumb"},"inLanguage":"en-US","potentialAction":[{"@type":"ReadAction","target":["https:\/\/www.waterskis.lv\/en\/product\/spinera-professional-aquapark-pirates-base-500-set-incl-base-step-slide-beam\/"]}]},{"@type":"ImageObject","inLanguage":"en-US","@id":"https:\/\/www.waterskis.lv\/en\/product\/spinera-professional-aquapark-pirates-base-500-set-incl-base-step-slide-beam\/#primaryimage","url":"https:\/\/www.waterskis.lv\/wp-content\/uploads\/2025\/03\/22238_image_22238_spinera_professional_aquapark_pirates_base_500_set_incl_22238_1.webp","contentUrl":"https:\/\/www.waterskis.lv\/wp-content\/uploads\/2025\/03\/22238_image_22238_spinera_professional_aquapark_pirates_base_500_set_incl_22238_1.webp","width":1738,"height":1739,"caption":"Spinera Professional Aquapark Pirates Base 500 Komplekts iesk. Pamata solis + slaids + stars"},{"@type":"BreadcrumbList","@id":"https:\/\/www.waterskis.lv\/en\/product\/spinera-professional-aquapark-pirates-base-500-set-incl-base-step-slide-beam\/#breadcrumb","itemListElement":[{"@type":"ListItem","position":1,"name":"Home","item":"https:\/\/www.waterskis.lv\/en\/"},{"@type":"ListItem","position":2,"name":"Shop","item":"https:\/\/waterskis.lv\/en\/shop\/"},{"@type":"ListItem","position":3,"name":"Spinera Professional Aquapark Pirates Base 500 Set incl. Base Step + Slide + Beam"}]},{"@type":"WebSite","@id":"https:\/\/www.waterskis.lv\/en\/#website","url":"https:\/\/www.waterskis.lv\/en\/","name":"WATERSKIS.LV","description":"SUP d\u0113\u013ci, kajaki, kanoe, airu laivas, \u016bdenssl\u0113po\u0161ana, veikbords, SUP d\u0113\u013cu noma, kajaku nomaakt\u012bv\u0101s atp\u016btas centrs, laivu noma, sup noma, kajaku noma","publisher":{"@id":"https:\/\/www.waterskis.lv\/en\/#organization"},"potentialAction":[{"@type":"SearchAction","target":{"@type":"EntryPoint","urlTemplate":"https:\/\/www.waterskis.lv\/en\/?s={search_term_string}"},"query-input":{"@type":"PropertyValueSpecification","valueRequired":true,"valueName":"search_term_string"}}],"inLanguage":"en-US"},{"@type":"Organization","@id":"https:\/\/www.waterskis.lv\/en\/#organization","name":"WATERSKIS.LV","url":"https:\/\/www.waterskis.lv\/en\/","logo":{"@type":"ImageObject","inLanguage":"en-US","@id":"https:\/\/www.waterskis.lv\/en\/#\/schema\/logo\/image\/","url":"https:\/\/www.waterskis.lv\/wp-content\/uploads\/2025\/01\/JUVP-logo.png","contentUrl":"https:\/\/www.waterskis.lv\/wp-content\/uploads\/2025\/01\/JUVP-logo.png","width":421,"height":202,"caption":"WATERSKIS.LV"},"image":{"@id":"https:\/\/www.waterskis.lv\/en\/#\/schema\/logo\/image\/"},"sameAs":["https:\/\/www.facebook.com\/jurmalawaterskiwakeboardpark\/"]}]}},"_links":{"self":[{"href":"https:\/\/www.waterskis.lv\/en\/wp-json\/wp\/v2\/product\/65120","targetHints":{"allow":["GET"]}}],"collection":[{"href":"https:\/\/www.waterskis.lv\/en\/wp-json\/wp\/v2\/product"}],"about":[{"href":"https:\/\/www.waterskis.lv\/en\/wp-json\/wp\/v2\/types\/product"}],"replies":[{"embeddable":true,"href":"https:\/\/www.waterskis.lv\/en\/wp-json\/wp\/v2\/comments?post=65120"}],"wp:featuredmedia":[{"embeddable":true,"href":"https:\/\/www.waterskis.lv\/en\/wp-json\/wp\/v2\/media\/65102"}],"wp:attachment":[{"href":"https:\/\/www.waterskis.lv\/en\/wp-json\/wp\/v2\/media?parent=65120"}],"wp:term":[{"taxonomy":"product_brand","embeddable":true,"href":"https:\/\/www.waterskis.lv\/en\/wp-json\/wp\/v2\/product_brand?post=65120"},{"taxonomy":"product_cat","embeddable":true,"href":"https:\/\/www.waterskis.lv\/en\/wp-json\/wp\/v2\/product_cat?post=65120"},{"taxonomy":"product_tag","embeddable":true,"href":"https:\/\/www.waterskis.lv\/en\/wp-json\/wp\/v2\/product_tag?post=65120"}],"curies":[{"name":"wp","href":"https:\/\/api.w.org\/{rel}","templated":true}]}}