{"id":65682,"date":"2025-04-30T16:26:45","date_gmt":"2025-04-30T14:26:45","guid":{"rendered":"https:\/\/waterskis.lv\/product\/udensslepes-jobe-allegre-67-combo-waterskis-red\/"},"modified":"2025-04-30T17:08:08","modified_gmt":"2025-04-30T15:08:08","slug":"jobe-allegre-67-combo-waterskis","status":"publish","type":"product","link":"https:\/\/www.waterskis.lv\/en\/product\/jobe-allegre-67-combo-waterskis\/","title":{"rendered":"Jobe Allegre 67&#8243; Combo Waterskis"},"content":{"rendered":"<h1 class=\"productTitle s-hide\">Jobe Allegre 67&#8243; Combo Waterskis<\/h1>\n<p class=\"productTitle s-hide\">Jobe Allegre 67&#8243; Combo Waterskis are the perfect skis for the entire family and all skill levels. The tunnel bottom design and perfect blend between strength and control make these skis suitable for both combo and slalom water skiing. Choose out of three colours.<\/p>\n<div class=\"col-12 grid grid-3 gap-20 mt30 mb20\">\n<div class=\"col-12\">\n<div class=\"paragraph col-12 mb5\">Responsive<\/div>\n<div class=\"progressItem\"><\/div>\n<\/div>\n<\/div>\n<div class=\"col-12 paragraph mt20\">\n<ul class=\"autoColumn checkListSmall blackCheck\">\n<li>Binding size 67&#8243;: US 5,5-14 | Europe 36-47<\/li>\n<li>Bright fins for extra visibility<\/li>\n<li>Comfortable front toe and adjustable heel<\/li>\n<li>Extra overlay for durability<\/li>\n<li>For both combo and entry-level slalom skiing<\/li>\n<li>Glossy protective top finish<\/li>\n<li>Graphic printed with eco friendly water based ink<\/li>\n<li>Made with the use of solar power<\/li>\n<li>Recreational level water skis<\/li>\n<li>Rim injection construction with extra metal rods for stiffness<\/li>\n<li>Slalom toe<\/li>\n<li>V bottom design for easy edge to edge and better tracking<\/li>\n<li>Weight Range 59&#8243;: &lt;55kg, 67&#8243;: &gt;50kg<\/li>\n<\/ul>\n<\/div>\n","protected":false},"excerpt":{"rendered":"<p>https:\/\/www.youtube.com\/watch?v=FQKgSqSPnBM [&#8230;]<\/p>\n<p><a class=\"btn btn-secondary understrap-read-more-link\" href=\"https:\/\/www.waterskis.lv\/en\/product\/jobe-allegre-67-combo-waterskis\/\">Read More&#8230;<\/a><\/p>\n","protected":false},"featured_media":65671,"comment_status":"closed","ping_status":"closed","template":"","meta":{"_acf_changed":false,"inline_featured_image":false},"product_brand":[],"product_cat":[564,361,561],"product_tag":[2942,2941,3946,3948,3950,2945,3952],"class_list":{"0":"post-65682","1":"product","2":"type-product","3":"status-publish","4":"has-post-thumbnail","6":"product_cat-combo-waterskis","7":"product_cat-sale","8":"product_cat-waterskis","9":"product_tag-combo-waterskis","10":"product_tag-jobe-waterskis","11":"product_tag-udens-slepes","12":"product_tag-udensslepes","13":"product_tag-udenssleposana","14":"product_tag-waterskis","15":"product_tag-3952","17":"first","18":"instock","19":"sale","20":"shipping-taxable","21":"purchasable","22":"product-type-simple"},"acf":[],"yoast_head":"<!-- This site is optimized with the Yoast SEO plugin v27.5 - https:\/\/yoast.com\/product\/yoast-seo-wordpress\/ -->\n<title>Jobe Allegre 67&quot; Combo Waterskis - WATERSKIS.LV<\/title>\n<meta name=\"description\" content=\"Jobe Allegre 67&quot; Combo Waterskis are the perfect skis for the entire family and all skill levels. The tunnel bottom design and perfect blend between strengt\" \/>\n<meta name=\"robots\" content=\"index, follow, max-snippet:-1, max-image-preview:large, max-video-preview:-1\" \/>\n<link rel=\"canonical\" href=\"https:\/\/www.waterskis.lv\/en\/product\/jobe-allegre-67-combo-waterskis\/\" \/>\n<meta property=\"og:locale\" content=\"en_US\" \/>\n<meta property=\"og:type\" content=\"article\" \/>\n<meta property=\"og:title\" content=\"Jobe Allegre 67&quot; Combo Waterskis - WATERSKIS.LV\" \/>\n<meta property=\"og:description\" content=\"Jobe Allegre 67&quot; Combo Waterskis are the perfect skis for the entire family and all skill levels. The tunnel bottom design and perfect blend between strengt\" \/>\n<meta property=\"og:url\" content=\"https:\/\/www.waterskis.lv\/en\/product\/jobe-allegre-67-combo-waterskis\/\" \/>\n<meta property=\"og:site_name\" content=\"WATERSKIS.LV\" \/>\n<meta property=\"article:publisher\" content=\"https:\/\/www.facebook.com\/jurmalawaterskiwakeboardpark\/\" \/>\n<meta property=\"article:modified_time\" content=\"2025-04-30T15:08:08+00:00\" \/>\n<meta property=\"og:image\" content=\"https:\/\/157.245.16.175\/wp-content\/uploads\/2025\/04\/203322002-zoom.jpg\" \/>\n\t<meta property=\"og:image:width\" content=\"1500\" \/>\n\t<meta property=\"og:image:height\" content=\"1500\" \/>\n\t<meta property=\"og:image:type\" content=\"image\/jpeg\" \/>\n<meta name=\"twitter:card\" content=\"summary_large_image\" \/>\n<meta name=\"twitter:label1\" content=\"Est. reading time\" \/>\n\t<meta name=\"twitter:data1\" content=\"1 minute\" \/>\n<script type=\"application\/ld+json\" class=\"yoast-schema-graph\">{\"@context\":\"https:\\\/\\\/schema.org\",\"@graph\":[{\"@type\":\"WebPage\",\"@id\":\"https:\\\/\\\/www.waterskis.lv\\\/en\\\/product\\\/jobe-allegre-67-combo-waterskis\\\/\",\"url\":\"https:\\\/\\\/www.waterskis.lv\\\/en\\\/product\\\/jobe-allegre-67-combo-waterskis\\\/\",\"name\":\"Jobe Allegre 67\\\" Combo Waterskis - WATERSKIS.LV\",\"isPartOf\":{\"@id\":\"https:\\\/\\\/www.waterskis.lv\\\/en\\\/#website\"},\"primaryImageOfPage\":{\"@id\":\"https:\\\/\\\/www.waterskis.lv\\\/en\\\/product\\\/jobe-allegre-67-combo-waterskis\\\/#primaryimage\"},\"image\":{\"@id\":\"https:\\\/\\\/www.waterskis.lv\\\/en\\\/product\\\/jobe-allegre-67-combo-waterskis\\\/#primaryimage\"},\"thumbnailUrl\":\"https:\\\/\\\/www.waterskis.lv\\\/wp-content\\\/uploads\\\/2025\\\/04\\\/203322002-zoom.jpg\",\"datePublished\":\"2025-04-30T14:26:45+00:00\",\"dateModified\":\"2025-04-30T15:08:08+00:00\",\"description\":\"Jobe Allegre 67\\\" Combo Waterskis are the perfect skis for the entire family and all skill levels. The tunnel bottom design and perfect blend between strengt\",\"breadcrumb\":{\"@id\":\"https:\\\/\\\/www.waterskis.lv\\\/en\\\/product\\\/jobe-allegre-67-combo-waterskis\\\/#breadcrumb\"},\"inLanguage\":\"en-US\",\"potentialAction\":[{\"@type\":\"ReadAction\",\"target\":[\"https:\\\/\\\/www.waterskis.lv\\\/en\\\/product\\\/jobe-allegre-67-combo-waterskis\\\/\"]}]},{\"@type\":\"ImageObject\",\"inLanguage\":\"en-US\",\"@id\":\"https:\\\/\\\/www.waterskis.lv\\\/en\\\/product\\\/jobe-allegre-67-combo-waterskis\\\/#primaryimage\",\"url\":\"https:\\\/\\\/www.waterskis.lv\\\/wp-content\\\/uploads\\\/2025\\\/04\\\/203322002-zoom.jpg\",\"contentUrl\":\"https:\\\/\\\/www.waterskis.lv\\\/wp-content\\\/uploads\\\/2025\\\/04\\\/203322002-zoom.jpg\",\"width\":1500,\"height\":1500,\"caption\":\"\u016adenssl\u0113pes Jobe Allegre Combo Waterskis\"},{\"@type\":\"BreadcrumbList\",\"@id\":\"https:\\\/\\\/www.waterskis.lv\\\/en\\\/product\\\/jobe-allegre-67-combo-waterskis\\\/#breadcrumb\",\"itemListElement\":[{\"@type\":\"ListItem\",\"position\":1,\"name\":\"Home\",\"item\":\"https:\\\/\\\/www.waterskis.lv\\\/en\\\/\"},{\"@type\":\"ListItem\",\"position\":2,\"name\":\"Shop\",\"item\":\"https:\\\/\\\/waterskis.lv\\\/en\\\/shop\\\/\"},{\"@type\":\"ListItem\",\"position\":3,\"name\":\"Jobe Allegre 67&#8243; Combo Waterskis\"}]},{\"@type\":\"WebSite\",\"@id\":\"https:\\\/\\\/www.waterskis.lv\\\/en\\\/#website\",\"url\":\"https:\\\/\\\/www.waterskis.lv\\\/en\\\/\",\"name\":\"WATERSKIS.LV\",\"description\":\"SUP d\u0113\u013ci, kajaki, kanoe, airu laivas, \u016bdenssl\u0113po\u0161ana, veikbords, SUP d\u0113\u013cu noma, kajaku nomaakt\u012bv\u0101s atp\u016btas centrs, laivu noma, sup noma, kajaku noma\",\"publisher\":{\"@id\":\"https:\\\/\\\/www.waterskis.lv\\\/en\\\/#organization\"},\"potentialAction\":[{\"@type\":\"SearchAction\",\"target\":{\"@type\":\"EntryPoint\",\"urlTemplate\":\"https:\\\/\\\/www.waterskis.lv\\\/en\\\/?s={search_term_string}\"},\"query-input\":{\"@type\":\"PropertyValueSpecification\",\"valueRequired\":true,\"valueName\":\"search_term_string\"}}],\"inLanguage\":\"en-US\"},{\"@type\":\"Organization\",\"@id\":\"https:\\\/\\\/www.waterskis.lv\\\/en\\\/#organization\",\"name\":\"WATERSKIS.LV\",\"url\":\"https:\\\/\\\/www.waterskis.lv\\\/en\\\/\",\"logo\":{\"@type\":\"ImageObject\",\"inLanguage\":\"en-US\",\"@id\":\"https:\\\/\\\/www.waterskis.lv\\\/en\\\/#\\\/schema\\\/logo\\\/image\\\/\",\"url\":\"https:\\\/\\\/www.waterskis.lv\\\/wp-content\\\/uploads\\\/2025\\\/01\\\/JUVP-logo.png\",\"contentUrl\":\"https:\\\/\\\/www.waterskis.lv\\\/wp-content\\\/uploads\\\/2025\\\/01\\\/JUVP-logo.png\",\"width\":421,\"height\":202,\"caption\":\"WATERSKIS.LV\"},\"image\":{\"@id\":\"https:\\\/\\\/www.waterskis.lv\\\/en\\\/#\\\/schema\\\/logo\\\/image\\\/\"},\"sameAs\":[\"https:\\\/\\\/www.facebook.com\\\/jurmalawaterskiwakeboardpark\\\/\"]}]}<\/script>\n<!-- \/ Yoast SEO plugin. -->","yoast_head_json":{"title":"Jobe Allegre 67\" Combo Waterskis - WATERSKIS.LV","description":"Jobe Allegre 67\" Combo Waterskis are the perfect skis for the entire family and all skill levels. The tunnel bottom design and perfect blend between strengt","robots":{"index":"index","follow":"follow","max-snippet":"max-snippet:-1","max-image-preview":"max-image-preview:large","max-video-preview":"max-video-preview:-1"},"canonical":"https:\/\/www.waterskis.lv\/en\/product\/jobe-allegre-67-combo-waterskis\/","og_locale":"en_US","og_type":"article","og_title":"Jobe Allegre 67\" Combo Waterskis - WATERSKIS.LV","og_description":"Jobe Allegre 67\" Combo Waterskis are the perfect skis for the entire family and all skill levels. The tunnel bottom design and perfect blend between strengt","og_url":"https:\/\/www.waterskis.lv\/en\/product\/jobe-allegre-67-combo-waterskis\/","og_site_name":"WATERSKIS.LV","article_publisher":"https:\/\/www.facebook.com\/jurmalawaterskiwakeboardpark\/","article_modified_time":"2025-04-30T15:08:08+00:00","og_image":[{"width":1500,"height":1500,"url":"https:\/\/157.245.16.175\/wp-content\/uploads\/2025\/04\/203322002-zoom.jpg","type":"image\/jpeg"}],"twitter_card":"summary_large_image","twitter_misc":{"Est. reading time":"1 minute"},"schema":{"@context":"https:\/\/schema.org","@graph":[{"@type":"WebPage","@id":"https:\/\/www.waterskis.lv\/en\/product\/jobe-allegre-67-combo-waterskis\/","url":"https:\/\/www.waterskis.lv\/en\/product\/jobe-allegre-67-combo-waterskis\/","name":"Jobe Allegre 67\" Combo Waterskis - WATERSKIS.LV","isPartOf":{"@id":"https:\/\/www.waterskis.lv\/en\/#website"},"primaryImageOfPage":{"@id":"https:\/\/www.waterskis.lv\/en\/product\/jobe-allegre-67-combo-waterskis\/#primaryimage"},"image":{"@id":"https:\/\/www.waterskis.lv\/en\/product\/jobe-allegre-67-combo-waterskis\/#primaryimage"},"thumbnailUrl":"https:\/\/www.waterskis.lv\/wp-content\/uploads\/2025\/04\/203322002-zoom.jpg","datePublished":"2025-04-30T14:26:45+00:00","dateModified":"2025-04-30T15:08:08+00:00","description":"Jobe Allegre 67\" Combo Waterskis are the perfect skis for the entire family and all skill levels. The tunnel bottom design and perfect blend between strengt","breadcrumb":{"@id":"https:\/\/www.waterskis.lv\/en\/product\/jobe-allegre-67-combo-waterskis\/#breadcrumb"},"inLanguage":"en-US","potentialAction":[{"@type":"ReadAction","target":["https:\/\/www.waterskis.lv\/en\/product\/jobe-allegre-67-combo-waterskis\/"]}]},{"@type":"ImageObject","inLanguage":"en-US","@id":"https:\/\/www.waterskis.lv\/en\/product\/jobe-allegre-67-combo-waterskis\/#primaryimage","url":"https:\/\/www.waterskis.lv\/wp-content\/uploads\/2025\/04\/203322002-zoom.jpg","contentUrl":"https:\/\/www.waterskis.lv\/wp-content\/uploads\/2025\/04\/203322002-zoom.jpg","width":1500,"height":1500,"caption":"\u016adenssl\u0113pes Jobe Allegre Combo Waterskis"},{"@type":"BreadcrumbList","@id":"https:\/\/www.waterskis.lv\/en\/product\/jobe-allegre-67-combo-waterskis\/#breadcrumb","itemListElement":[{"@type":"ListItem","position":1,"name":"Home","item":"https:\/\/www.waterskis.lv\/en\/"},{"@type":"ListItem","position":2,"name":"Shop","item":"https:\/\/waterskis.lv\/en\/shop\/"},{"@type":"ListItem","position":3,"name":"Jobe Allegre 67&#8243; Combo Waterskis"}]},{"@type":"WebSite","@id":"https:\/\/www.waterskis.lv\/en\/#website","url":"https:\/\/www.waterskis.lv\/en\/","name":"WATERSKIS.LV","description":"SUP d\u0113\u013ci, kajaki, kanoe, airu laivas, \u016bdenssl\u0113po\u0161ana, veikbords, SUP d\u0113\u013cu noma, kajaku nomaakt\u012bv\u0101s atp\u016btas centrs, laivu noma, sup noma, kajaku noma","publisher":{"@id":"https:\/\/www.waterskis.lv\/en\/#organization"},"potentialAction":[{"@type":"SearchAction","target":{"@type":"EntryPoint","urlTemplate":"https:\/\/www.waterskis.lv\/en\/?s={search_term_string}"},"query-input":{"@type":"PropertyValueSpecification","valueRequired":true,"valueName":"search_term_string"}}],"inLanguage":"en-US"},{"@type":"Organization","@id":"https:\/\/www.waterskis.lv\/en\/#organization","name":"WATERSKIS.LV","url":"https:\/\/www.waterskis.lv\/en\/","logo":{"@type":"ImageObject","inLanguage":"en-US","@id":"https:\/\/www.waterskis.lv\/en\/#\/schema\/logo\/image\/","url":"https:\/\/www.waterskis.lv\/wp-content\/uploads\/2025\/01\/JUVP-logo.png","contentUrl":"https:\/\/www.waterskis.lv\/wp-content\/uploads\/2025\/01\/JUVP-logo.png","width":421,"height":202,"caption":"WATERSKIS.LV"},"image":{"@id":"https:\/\/www.waterskis.lv\/en\/#\/schema\/logo\/image\/"},"sameAs":["https:\/\/www.facebook.com\/jurmalawaterskiwakeboardpark\/"]}]}},"_links":{"self":[{"href":"https:\/\/www.waterskis.lv\/en\/wp-json\/wp\/v2\/product\/65682","targetHints":{"allow":["GET"]}}],"collection":[{"href":"https:\/\/www.waterskis.lv\/en\/wp-json\/wp\/v2\/product"}],"about":[{"href":"https:\/\/www.waterskis.lv\/en\/wp-json\/wp\/v2\/types\/product"}],"replies":[{"embeddable":true,"href":"https:\/\/www.waterskis.lv\/en\/wp-json\/wp\/v2\/comments?post=65682"}],"wp:featuredmedia":[{"embeddable":true,"href":"https:\/\/www.waterskis.lv\/en\/wp-json\/wp\/v2\/media\/65671"}],"wp:attachment":[{"href":"https:\/\/www.waterskis.lv\/en\/wp-json\/wp\/v2\/media?parent=65682"}],"wp:term":[{"taxonomy":"product_brand","embeddable":true,"href":"https:\/\/www.waterskis.lv\/en\/wp-json\/wp\/v2\/product_brand?post=65682"},{"taxonomy":"product_cat","embeddable":true,"href":"https:\/\/www.waterskis.lv\/en\/wp-json\/wp\/v2\/product_cat?post=65682"},{"taxonomy":"product_tag","embeddable":true,"href":"https:\/\/www.waterskis.lv\/en\/wp-json\/wp\/v2\/product_tag?post=65682"}],"curies":[{"name":"wp","href":"https:\/\/api.w.org\/{rel}","templated":true}]}}