{"id":65720,"date":"2025-04-30T17:43:58","date_gmt":"2025-04-30T15:43:58","guid":{"rendered":"https:\/\/waterskis.lv\/product\/udensslepes-jobe-hemi-combo-waterskis-65\/"},"modified":"2026-01-28T11:17:34","modified_gmt":"2026-01-28T09:17:34","slug":"jobe-hemi-combo-waterskis-65","status":"publish","type":"product","link":"https:\/\/www.waterskis.lv\/en\/product\/jobe-hemi-combo-waterskis-65\/","title":{"rendered":"Jobe Hemi Combo Waterskis 65&#8243;"},"content":{"rendered":"<h1>Jobe Hemi Combo Waterskis 65&#8243;<\/h1>\n<p>Jobe Hemi Combo Waterskis 65&#8243; are the perfect water skis for beginners. The wide profile makes starts super easy and the detachable stabilizing bar keeps your skis together. The wide profile together with the tunnel bottom design make these waterskis suitable for both combo and slalom waterskiing.<\/p>\n<div>\n<ul class=\"autoColumn checkListSmall blackCheck\">\n<li>59&#8243; Incl: stabilizer bar<\/li>\n<li>Adjustable binding fits size: 59&#8243;: US 1-6 | Europe 32-40<\/li>\n<li>Adjustable binding fits size: 65&#8243;: US 5,5-14 | Europe 36-47<\/li>\n<li>Beginner level water skis<\/li>\n<li>Bright fins for extra visibility<\/li>\n<li>Comfortable front toe and adjustable heel<\/li>\n<li>Extra overlay for durability<\/li>\n<li>Glossy protective top finish<\/li>\n<li>Graphic printed with eco friendly water based ink<\/li>\n<li>Made with the use of solar power<\/li>\n<li>Rim injection construction with extra metal rods for stiffness<\/li>\n<li>Slalom toe<\/li>\n<li>Tunnel design for easy edge to edge and better tracking<\/li>\n<li>Wide profile for easy starts<\/li>\n<li>Weight range 59&#8243;: &lt;55, 65&#8243;:&gt;50kg<\/li>\n<\/ul>\n<\/div>\n","protected":false},"excerpt":{"rendered":"<p>https:\/\/www.youtube.com\/watch?v=TDY_SK14PAk [&#8230;]<\/p>\n<p><a class=\"btn btn-secondary understrap-read-more-link\" href=\"https:\/\/www.waterskis.lv\/en\/product\/jobe-hemi-combo-waterskis-65\/\">Read More&#8230;<\/a><\/p>\n","protected":false},"featured_media":65703,"comment_status":"closed","ping_status":"closed","template":"","meta":{"_acf_changed":false,"inline_featured_image":false},"product_brand":[1330],"product_cat":[564,361,561],"product_tag":[2941,3946,3948,2945,3952],"class_list":{"0":"post-65720","1":"product","2":"type-product","3":"status-publish","4":"has-post-thumbnail","6":"product_brand-jobe-watersports","7":"product_cat-combo-waterskis","8":"product_cat-sale","9":"product_cat-waterskis","10":"product_tag-jobe-waterskis","11":"product_tag-udens-slepes","12":"product_tag-udensslepes","13":"product_tag-waterskis","14":"product_tag-3952","16":"first","17":"instock","18":"sale","19":"shipping-taxable","20":"purchasable","21":"product-type-simple"},"acf":[],"yoast_head":"<!-- This site is optimized with the Yoast SEO plugin v27.5 - https:\/\/yoast.com\/product\/yoast-seo-wordpress\/ -->\n<title>Jobe Hemi Combo Waterskis 65&quot; - WATERSKIS.LV<\/title>\n<meta name=\"description\" content=\"Jobe Hemi Combo Waterskis 65&quot;.are the perfect water skis for beginners. The wide profile makes starts super easy detachable stabilizing bar keeps\" \/>\n<meta name=\"robots\" content=\"index, follow, max-snippet:-1, max-image-preview:large, max-video-preview:-1\" \/>\n<link rel=\"canonical\" href=\"https:\/\/www.waterskis.lv\/en\/product\/jobe-hemi-combo-waterskis-65\/\" \/>\n<meta property=\"og:locale\" content=\"en_US\" \/>\n<meta property=\"og:type\" content=\"article\" \/>\n<meta property=\"og:title\" content=\"Jobe Hemi Combo Waterskis 65&quot; - WATERSKIS.LV\" \/>\n<meta property=\"og:description\" content=\"Jobe Hemi Combo Waterskis 65&quot;.are the perfect water skis for beginners. The wide profile makes starts super easy detachable stabilizing bar keeps\" \/>\n<meta property=\"og:url\" content=\"https:\/\/www.waterskis.lv\/en\/product\/jobe-hemi-combo-waterskis-65\/\" \/>\n<meta property=\"og:site_name\" content=\"WATERSKIS.LV\" \/>\n<meta property=\"article:publisher\" content=\"https:\/\/www.facebook.com\/jurmalawaterskiwakeboardpark\/\" \/>\n<meta property=\"article:modified_time\" content=\"2026-01-28T09:17:34+00:00\" \/>\n<meta property=\"og:image\" content=\"https:\/\/www.waterskis.lv\/wp-content\/uploads\/2025\/04\/Hemi.jpg\" \/>\n\t<meta property=\"og:image:width\" content=\"1500\" \/>\n\t<meta property=\"og:image:height\" content=\"1500\" \/>\n\t<meta property=\"og:image:type\" content=\"image\/jpeg\" \/>\n<meta name=\"twitter:card\" content=\"summary_large_image\" \/>\n<meta name=\"twitter:label1\" content=\"Est. reading time\" \/>\n\t<meta name=\"twitter:data1\" content=\"1 minute\" \/>\n<script type=\"application\/ld+json\" class=\"yoast-schema-graph\">{\"@context\":\"https:\\\/\\\/schema.org\",\"@graph\":[{\"@type\":\"WebPage\",\"@id\":\"https:\\\/\\\/www.waterskis.lv\\\/en\\\/product\\\/jobe-hemi-combo-waterskis-65\\\/\",\"url\":\"https:\\\/\\\/www.waterskis.lv\\\/en\\\/product\\\/jobe-hemi-combo-waterskis-65\\\/\",\"name\":\"Jobe Hemi Combo Waterskis 65\\\" - WATERSKIS.LV\",\"isPartOf\":{\"@id\":\"https:\\\/\\\/www.waterskis.lv\\\/en\\\/#website\"},\"primaryImageOfPage\":{\"@id\":\"https:\\\/\\\/www.waterskis.lv\\\/en\\\/product\\\/jobe-hemi-combo-waterskis-65\\\/#primaryimage\"},\"image\":{\"@id\":\"https:\\\/\\\/www.waterskis.lv\\\/en\\\/product\\\/jobe-hemi-combo-waterskis-65\\\/#primaryimage\"},\"thumbnailUrl\":\"https:\\\/\\\/www.waterskis.lv\\\/wp-content\\\/uploads\\\/2025\\\/04\\\/Hemi.jpg\",\"datePublished\":\"2025-04-30T15:43:58+00:00\",\"dateModified\":\"2026-01-28T09:17:34+00:00\",\"description\":\"Jobe Hemi Combo Waterskis 65\\\".are the perfect water skis for beginners. The wide profile makes starts super easy detachable stabilizing bar keeps\",\"breadcrumb\":{\"@id\":\"https:\\\/\\\/www.waterskis.lv\\\/en\\\/product\\\/jobe-hemi-combo-waterskis-65\\\/#breadcrumb\"},\"inLanguage\":\"en-US\",\"potentialAction\":[{\"@type\":\"ReadAction\",\"target\":[\"https:\\\/\\\/www.waterskis.lv\\\/en\\\/product\\\/jobe-hemi-combo-waterskis-65\\\/\"]}]},{\"@type\":\"ImageObject\",\"inLanguage\":\"en-US\",\"@id\":\"https:\\\/\\\/www.waterskis.lv\\\/en\\\/product\\\/jobe-hemi-combo-waterskis-65\\\/#primaryimage\",\"url\":\"https:\\\/\\\/www.waterskis.lv\\\/wp-content\\\/uploads\\\/2025\\\/04\\\/Hemi.jpg\",\"contentUrl\":\"https:\\\/\\\/www.waterskis.lv\\\/wp-content\\\/uploads\\\/2025\\\/04\\\/Hemi.jpg\",\"width\":1500,\"height\":1500,\"caption\":\"\u016adenssl\u0113pes Jobe Hemi Combo Waterskis 65\\\"\"},{\"@type\":\"BreadcrumbList\",\"@id\":\"https:\\\/\\\/www.waterskis.lv\\\/en\\\/product\\\/jobe-hemi-combo-waterskis-65\\\/#breadcrumb\",\"itemListElement\":[{\"@type\":\"ListItem\",\"position\":1,\"name\":\"Home\",\"item\":\"https:\\\/\\\/www.waterskis.lv\\\/en\\\/\"},{\"@type\":\"ListItem\",\"position\":2,\"name\":\"Shop\",\"item\":\"https:\\\/\\\/waterskis.lv\\\/en\\\/shop\\\/\"},{\"@type\":\"ListItem\",\"position\":3,\"name\":\"Jobe Hemi Combo Waterskis 65&#8243;\"}]},{\"@type\":\"WebSite\",\"@id\":\"https:\\\/\\\/www.waterskis.lv\\\/en\\\/#website\",\"url\":\"https:\\\/\\\/www.waterskis.lv\\\/en\\\/\",\"name\":\"WATERSKIS.LV\",\"description\":\"SUP d\u0113\u013ci, kajaki, kanoe, airu laivas, \u016bdenssl\u0113po\u0161ana, veikbords, SUP d\u0113\u013cu noma, kajaku nomaakt\u012bv\u0101s atp\u016btas centrs, laivu noma, sup noma, kajaku noma\",\"publisher\":{\"@id\":\"https:\\\/\\\/www.waterskis.lv\\\/en\\\/#organization\"},\"potentialAction\":[{\"@type\":\"SearchAction\",\"target\":{\"@type\":\"EntryPoint\",\"urlTemplate\":\"https:\\\/\\\/www.waterskis.lv\\\/en\\\/?s={search_term_string}\"},\"query-input\":{\"@type\":\"PropertyValueSpecification\",\"valueRequired\":true,\"valueName\":\"search_term_string\"}}],\"inLanguage\":\"en-US\"},{\"@type\":\"Organization\",\"@id\":\"https:\\\/\\\/www.waterskis.lv\\\/en\\\/#organization\",\"name\":\"WATERSKIS.LV\",\"url\":\"https:\\\/\\\/www.waterskis.lv\\\/en\\\/\",\"logo\":{\"@type\":\"ImageObject\",\"inLanguage\":\"en-US\",\"@id\":\"https:\\\/\\\/www.waterskis.lv\\\/en\\\/#\\\/schema\\\/logo\\\/image\\\/\",\"url\":\"https:\\\/\\\/www.waterskis.lv\\\/wp-content\\\/uploads\\\/2025\\\/01\\\/JUVP-logo.png\",\"contentUrl\":\"https:\\\/\\\/www.waterskis.lv\\\/wp-content\\\/uploads\\\/2025\\\/01\\\/JUVP-logo.png\",\"width\":421,\"height\":202,\"caption\":\"WATERSKIS.LV\"},\"image\":{\"@id\":\"https:\\\/\\\/www.waterskis.lv\\\/en\\\/#\\\/schema\\\/logo\\\/image\\\/\"},\"sameAs\":[\"https:\\\/\\\/www.facebook.com\\\/jurmalawaterskiwakeboardpark\\\/\"]}]}<\/script>\n<!-- \/ Yoast SEO plugin. -->","yoast_head_json":{"title":"Jobe Hemi Combo Waterskis 65\" - WATERSKIS.LV","description":"Jobe Hemi Combo Waterskis 65\".are the perfect water skis for beginners. The wide profile makes starts super easy detachable stabilizing bar keeps","robots":{"index":"index","follow":"follow","max-snippet":"max-snippet:-1","max-image-preview":"max-image-preview:large","max-video-preview":"max-video-preview:-1"},"canonical":"https:\/\/www.waterskis.lv\/en\/product\/jobe-hemi-combo-waterskis-65\/","og_locale":"en_US","og_type":"article","og_title":"Jobe Hemi Combo Waterskis 65\" - WATERSKIS.LV","og_description":"Jobe Hemi Combo Waterskis 65\".are the perfect water skis for beginners. The wide profile makes starts super easy detachable stabilizing bar keeps","og_url":"https:\/\/www.waterskis.lv\/en\/product\/jobe-hemi-combo-waterskis-65\/","og_site_name":"WATERSKIS.LV","article_publisher":"https:\/\/www.facebook.com\/jurmalawaterskiwakeboardpark\/","article_modified_time":"2026-01-28T09:17:34+00:00","og_image":[{"width":1500,"height":1500,"url":"https:\/\/www.waterskis.lv\/wp-content\/uploads\/2025\/04\/Hemi.jpg","type":"image\/jpeg"}],"twitter_card":"summary_large_image","twitter_misc":{"Est. reading time":"1 minute"},"schema":{"@context":"https:\/\/schema.org","@graph":[{"@type":"WebPage","@id":"https:\/\/www.waterskis.lv\/en\/product\/jobe-hemi-combo-waterskis-65\/","url":"https:\/\/www.waterskis.lv\/en\/product\/jobe-hemi-combo-waterskis-65\/","name":"Jobe Hemi Combo Waterskis 65\" - WATERSKIS.LV","isPartOf":{"@id":"https:\/\/www.waterskis.lv\/en\/#website"},"primaryImageOfPage":{"@id":"https:\/\/www.waterskis.lv\/en\/product\/jobe-hemi-combo-waterskis-65\/#primaryimage"},"image":{"@id":"https:\/\/www.waterskis.lv\/en\/product\/jobe-hemi-combo-waterskis-65\/#primaryimage"},"thumbnailUrl":"https:\/\/www.waterskis.lv\/wp-content\/uploads\/2025\/04\/Hemi.jpg","datePublished":"2025-04-30T15:43:58+00:00","dateModified":"2026-01-28T09:17:34+00:00","description":"Jobe Hemi Combo Waterskis 65\".are the perfect water skis for beginners. The wide profile makes starts super easy detachable stabilizing bar keeps","breadcrumb":{"@id":"https:\/\/www.waterskis.lv\/en\/product\/jobe-hemi-combo-waterskis-65\/#breadcrumb"},"inLanguage":"en-US","potentialAction":[{"@type":"ReadAction","target":["https:\/\/www.waterskis.lv\/en\/product\/jobe-hemi-combo-waterskis-65\/"]}]},{"@type":"ImageObject","inLanguage":"en-US","@id":"https:\/\/www.waterskis.lv\/en\/product\/jobe-hemi-combo-waterskis-65\/#primaryimage","url":"https:\/\/www.waterskis.lv\/wp-content\/uploads\/2025\/04\/Hemi.jpg","contentUrl":"https:\/\/www.waterskis.lv\/wp-content\/uploads\/2025\/04\/Hemi.jpg","width":1500,"height":1500,"caption":"\u016adenssl\u0113pes Jobe Hemi Combo Waterskis 65\""},{"@type":"BreadcrumbList","@id":"https:\/\/www.waterskis.lv\/en\/product\/jobe-hemi-combo-waterskis-65\/#breadcrumb","itemListElement":[{"@type":"ListItem","position":1,"name":"Home","item":"https:\/\/www.waterskis.lv\/en\/"},{"@type":"ListItem","position":2,"name":"Shop","item":"https:\/\/waterskis.lv\/en\/shop\/"},{"@type":"ListItem","position":3,"name":"Jobe Hemi Combo Waterskis 65&#8243;"}]},{"@type":"WebSite","@id":"https:\/\/www.waterskis.lv\/en\/#website","url":"https:\/\/www.waterskis.lv\/en\/","name":"WATERSKIS.LV","description":"SUP d\u0113\u013ci, kajaki, kanoe, airu laivas, \u016bdenssl\u0113po\u0161ana, veikbords, SUP d\u0113\u013cu noma, kajaku nomaakt\u012bv\u0101s atp\u016btas centrs, laivu noma, sup noma, kajaku noma","publisher":{"@id":"https:\/\/www.waterskis.lv\/en\/#organization"},"potentialAction":[{"@type":"SearchAction","target":{"@type":"EntryPoint","urlTemplate":"https:\/\/www.waterskis.lv\/en\/?s={search_term_string}"},"query-input":{"@type":"PropertyValueSpecification","valueRequired":true,"valueName":"search_term_string"}}],"inLanguage":"en-US"},{"@type":"Organization","@id":"https:\/\/www.waterskis.lv\/en\/#organization","name":"WATERSKIS.LV","url":"https:\/\/www.waterskis.lv\/en\/","logo":{"@type":"ImageObject","inLanguage":"en-US","@id":"https:\/\/www.waterskis.lv\/en\/#\/schema\/logo\/image\/","url":"https:\/\/www.waterskis.lv\/wp-content\/uploads\/2025\/01\/JUVP-logo.png","contentUrl":"https:\/\/www.waterskis.lv\/wp-content\/uploads\/2025\/01\/JUVP-logo.png","width":421,"height":202,"caption":"WATERSKIS.LV"},"image":{"@id":"https:\/\/www.waterskis.lv\/en\/#\/schema\/logo\/image\/"},"sameAs":["https:\/\/www.facebook.com\/jurmalawaterskiwakeboardpark\/"]}]}},"_links":{"self":[{"href":"https:\/\/www.waterskis.lv\/en\/wp-json\/wp\/v2\/product\/65720","targetHints":{"allow":["GET"]}}],"collection":[{"href":"https:\/\/www.waterskis.lv\/en\/wp-json\/wp\/v2\/product"}],"about":[{"href":"https:\/\/www.waterskis.lv\/en\/wp-json\/wp\/v2\/types\/product"}],"replies":[{"embeddable":true,"href":"https:\/\/www.waterskis.lv\/en\/wp-json\/wp\/v2\/comments?post=65720"}],"wp:featuredmedia":[{"embeddable":true,"href":"https:\/\/www.waterskis.lv\/en\/wp-json\/wp\/v2\/media\/65703"}],"wp:attachment":[{"href":"https:\/\/www.waterskis.lv\/en\/wp-json\/wp\/v2\/media?parent=65720"}],"wp:term":[{"taxonomy":"product_brand","embeddable":true,"href":"https:\/\/www.waterskis.lv\/en\/wp-json\/wp\/v2\/product_brand?post=65720"},{"taxonomy":"product_cat","embeddable":true,"href":"https:\/\/www.waterskis.lv\/en\/wp-json\/wp\/v2\/product_cat?post=65720"},{"taxonomy":"product_tag","embeddable":true,"href":"https:\/\/www.waterskis.lv\/en\/wp-json\/wp\/v2\/product_tag?post=65720"}],"curies":[{"name":"wp","href":"https:\/\/api.w.org\/{rel}","templated":true}]}}