{"id":68007,"date":"2025-12-18T19:36:24","date_gmt":"2025-12-18T17:36:24","guid":{"rendered":"https:\/\/www.waterskis.lv\/product\/spinera-sup-delis-sun-light-12-0-366-x-84-x-15-cm\/"},"modified":"2026-02-01T17:48:44","modified_gmt":"2026-02-01T15:48:44","slug":"spinera-sup-board-sun-light-12-0-366-x-84-x-15-cm","status":"publish","type":"product","link":"https:\/\/www.waterskis.lv\/en\/product\/spinera-sup-board-sun-light-12-0-366-x-84-x-15-cm\/","title":{"rendered":"Spinera SUP Board Sun Light 12.0 &#8211; 366 x 84 x 15 cm"},"content":{"rendered":"<h1>Spinera SUP Board Sun Light 12.0 &#8211; 366 x 84 x 15 cm<\/h1>\n<p>Spinera SUP Board Sun Light 12.0 &#8211; 366 x 84 x 15 cm<\/p>\n<p>Art. No.\u00a023097<\/p>\n<p>Experience the groundbreaking innovation of the Spinera Sun Lights ULT SUP with Single Layer ultra Light Technology! This top-of-the-line SUP sets new standards in weight and portability.<\/p>\n<p>An outstanding feature of the Spinera Sun Lights ULT SUP is its amazingly light weight compared to conventional boards. Thanks to its low mass, it can be transported effortlessly &#8211; be it on public transport such as buses and trains or even on a mountain bike. No matter where your adventure takes you, the Sun Lights ULT SUP will accompany you everywhere.<\/p>\n<p>The new Sun Lights series offers perfect all-round boards for everyone. Whether you&#8217;re a beginner or an experienced paddler, these boards will adapt to any riding level and provide you with an unforgettable SUP experience. The complete set includes everything you need to get started right away and have a lot of fun.<\/p>\n<p>With 3 different sizes to choose from, you&#8217;re sure to find the perfect fit for you. Whether you prefer a smaller board for kids, a mid-sized board for ladies, or a larger board for men, the Sun Lights ULT SUP has the right size for everyone.<\/p>\n<p>So, grab the Spinera Sun Lights ULT SUP and enjoy the ease of paddling. Thanks to the Single Layer ultra Light Technology, you will experience a SUP experience in a class of its own. Just set up, get going and have a lot of fun &#8211; that&#8217;s the motto of this incredible complete set. What are you waiting for? Start your adventure with the Spinera Sun Lights ULT SUP!<\/p>\n<p><b>Details:<\/b><\/p>\n<ul>\n<li>Sporty Advanced \/ Touring<\/li>\n<li>Size : 366cm x 84cm x 15cm<\/li>\n<li>Best experience: up to 125 kg<\/li>\n<li>Maximum load: 175 kg<\/li>\n<li>Volume: 370 l<\/li>\n<li>Net weight:12,4kg<\/li>\n<li>Gross weight:11,1kg<\/li>\n<\/ul>\n<p><b>Production:<\/b><\/p>\n<ul>\n<li>15 cm ULT Single Layer &#8211; Ultra Light Technology Dropstitch.<\/li>\n<li>Pressed EVA foam surface with diamond cut<\/li>\n<li>6-point bungee cord in front<\/li>\n<li>D-rings for kayak seat<\/li>\n<li>D-Rings in the back for attaching Soft Top Case (Art.No. 21133 Soft Top Case not incl.)<\/li>\n<\/ul>\n<p>&nbsp;<\/p>\n<p><b>Scope of delivery:<\/b><\/p>\n<ul>\n<li>Incl. Sup Board<\/li>\n<li>Compact backpack \/ 600D Polyester<\/li>\n<li>Performance double lift pump<\/li>\n<li>3-way adjustable Classic Aluminum Paddle<\/li>\n<li>Slide-in fin<\/li>\n<li>Repair kit without glue<\/li>\n<li>Leash<\/li>\n<\/ul>\n<p>&nbsp;<\/p>\n<p>INFORMATION: We strongly recommend wearing a buoyancy aid\/vest when using the stand-up paddle board. Buoyancy aids provide buoyancy after a fall into the water and maintain buoyancy and action. A buoyancy aid\/vest is not included.<\/p>\n","protected":false},"excerpt":{"rendered":"<ul>\n<li>Category: All-round FUN<\/li>\n<li>Rider weight: best experience up to 120 kg<\/li>\n<li>Dimensions: 366x84x15 \/ 12\u00b40x33x6<\/li>\n<li>Material: SL ULT single layer ultra light<\/li>\n<li>Includes backpack, paddle, pump, leash<\/li>\n<\/ul>\n<p> [&#8230;]<\/p>\n<p><a class=\"btn btn-secondary understrap-read-more-link\" href=\"https:\/\/www.waterskis.lv\/en\/product\/spinera-sup-board-sun-light-12-0-366-x-84-x-15-cm\/\">Read More&#8230;<\/a><\/p>\n","protected":false},"featured_media":68011,"comment_status":"closed","ping_status":"closed","template":"","meta":{"_acf_changed":false,"inline_featured_image":false},"product_brand":[1279],"product_cat":[700,1104,502],"product_tag":[3172,1334,3189,3173,3174,1335,3131,1316,3175,3140,3176,3141],"class_list":{"0":"post-68007","1":"product","2":"type-product","3":"status-publish","4":"has-post-thumbnail","6":"product_brand-spinera-watersports","7":"product_cat-inflatable-sup-boards","8":"product_cat-spinera-inflatable-sups","9":"product_cat-stand-up-paddle-boards","10":"product_tag-aufblasbares-sup","11":"product_tag-paddle-boards","12":"product_tag-spinera","13":"product_tag-stand-up-paddleboard","14":"product_tag-stand-up-paddling","15":"product_tag-sup","16":"product_tag-sup-boards","17":"product_tag-sup-delis","18":"product_tag-sup-surfer","19":"product_tag-sup-","20":"product_tag-supkayak","21":"product_tag-3141","23":"first","24":"instock","25":"shipping-taxable","26":"purchasable","27":"product-type-simple"},"acf":[],"yoast_head":"<!-- This site is optimized with the Yoast SEO plugin v27.5 - https:\/\/yoast.com\/product\/yoast-seo-wordpress\/ -->\n<title>Spinera SUP Board Sun Light 12.0 - 366 x 84 x 15 cm - WATERSKIS.LV<\/title>\n<meta name=\"description\" content=\"Spinera SUP Board Sun Light 12.0 - 366 x 84 x 15 cm. This top-of-the-line SUP sets new standards in weight and portability.\" \/>\n<meta name=\"robots\" content=\"index, follow, max-snippet:-1, max-image-preview:large, max-video-preview:-1\" \/>\n<link rel=\"canonical\" href=\"https:\/\/www.waterskis.lv\/en\/product\/spinera-sup-board-sun-light-12-0-366-x-84-x-15-cm\/\" \/>\n<meta property=\"og:locale\" content=\"en_US\" \/>\n<meta property=\"og:type\" content=\"article\" \/>\n<meta property=\"og:title\" content=\"Spinera SUP Board Sun Light 12.0 - 366 x 84 x 15 cm - WATERSKIS.LV\" \/>\n<meta property=\"og:description\" content=\"Spinera SUP Board Sun Light 12.0 - 366 x 84 x 15 cm. This top-of-the-line SUP sets new standards in weight and portability.\" \/>\n<meta property=\"og:url\" content=\"https:\/\/www.waterskis.lv\/en\/product\/spinera-sup-board-sun-light-12-0-366-x-84-x-15-cm\/\" \/>\n<meta property=\"og:site_name\" content=\"WATERSKIS.LV\" \/>\n<meta property=\"article:publisher\" content=\"https:\/\/www.facebook.com\/jurmalawaterskiwakeboardpark\/\" \/>\n<meta property=\"article:modified_time\" content=\"2026-02-01T15:48:44+00:00\" \/>\n<meta property=\"og:image\" content=\"https:\/\/www.waterskis.lv\/wp-content\/uploads\/2025\/12\/23097_image_23097_spinera_sup_sun_light_12_0__-_366_x_84_x_15_cm_23097_1.webp\" \/>\n\t<meta property=\"og:image:width\" content=\"2000\" \/>\n\t<meta property=\"og:image:height\" content=\"2000\" \/>\n\t<meta property=\"og:image:type\" content=\"image\/webp\" \/>\n<meta name=\"twitter:card\" content=\"summary_large_image\" \/>\n<meta name=\"twitter:label1\" content=\"Est. reading time\" \/>\n\t<meta name=\"twitter:data1\" content=\"3 minutes\" \/>\n<script type=\"application\/ld+json\" class=\"yoast-schema-graph\">{\"@context\":\"https:\\\/\\\/schema.org\",\"@graph\":[{\"@type\":\"WebPage\",\"@id\":\"https:\\\/\\\/www.waterskis.lv\\\/en\\\/product\\\/spinera-sup-board-sun-light-12-0-366-x-84-x-15-cm\\\/\",\"url\":\"https:\\\/\\\/www.waterskis.lv\\\/en\\\/product\\\/spinera-sup-board-sun-light-12-0-366-x-84-x-15-cm\\\/\",\"name\":\"Spinera SUP Board Sun Light 12.0 - 366 x 84 x 15 cm - WATERSKIS.LV\",\"isPartOf\":{\"@id\":\"https:\\\/\\\/www.waterskis.lv\\\/en\\\/#website\"},\"primaryImageOfPage\":{\"@id\":\"https:\\\/\\\/www.waterskis.lv\\\/en\\\/product\\\/spinera-sup-board-sun-light-12-0-366-x-84-x-15-cm\\\/#primaryimage\"},\"image\":{\"@id\":\"https:\\\/\\\/www.waterskis.lv\\\/en\\\/product\\\/spinera-sup-board-sun-light-12-0-366-x-84-x-15-cm\\\/#primaryimage\"},\"thumbnailUrl\":\"https:\\\/\\\/www.waterskis.lv\\\/wp-content\\\/uploads\\\/2025\\\/12\\\/23097_image_23097_spinera_sup_sun_light_12_0__-_366_x_84_x_15_cm_23097_1.webp\",\"datePublished\":\"2025-12-18T17:36:24+00:00\",\"dateModified\":\"2026-02-01T15:48:44+00:00\",\"description\":\"Spinera SUP Board Sun Light 12.0 - 366 x 84 x 15 cm. This top-of-the-line SUP sets new standards in weight and portability.\",\"breadcrumb\":{\"@id\":\"https:\\\/\\\/www.waterskis.lv\\\/en\\\/product\\\/spinera-sup-board-sun-light-12-0-366-x-84-x-15-cm\\\/#breadcrumb\"},\"inLanguage\":\"en-US\",\"potentialAction\":[{\"@type\":\"ReadAction\",\"target\":[\"https:\\\/\\\/www.waterskis.lv\\\/en\\\/product\\\/spinera-sup-board-sun-light-12-0-366-x-84-x-15-cm\\\/\"]}]},{\"@type\":\"ImageObject\",\"inLanguage\":\"en-US\",\"@id\":\"https:\\\/\\\/www.waterskis.lv\\\/en\\\/product\\\/spinera-sup-board-sun-light-12-0-366-x-84-x-15-cm\\\/#primaryimage\",\"url\":\"https:\\\/\\\/www.waterskis.lv\\\/wp-content\\\/uploads\\\/2025\\\/12\\\/23097_image_23097_spinera_sup_sun_light_12_0__-_366_x_84_x_15_cm_23097_1.webp\",\"contentUrl\":\"https:\\\/\\\/www.waterskis.lv\\\/wp-content\\\/uploads\\\/2025\\\/12\\\/23097_image_23097_spinera_sup_sun_light_12_0__-_366_x_84_x_15_cm_23097_1.webp\",\"width\":2000,\"height\":2000,\"caption\":\"Spinera SUP d\u0113lis Sun Light 12.0 - 366 x 84 x 15 cm\"},{\"@type\":\"BreadcrumbList\",\"@id\":\"https:\\\/\\\/www.waterskis.lv\\\/en\\\/product\\\/spinera-sup-board-sun-light-12-0-366-x-84-x-15-cm\\\/#breadcrumb\",\"itemListElement\":[{\"@type\":\"ListItem\",\"position\":1,\"name\":\"Home\",\"item\":\"https:\\\/\\\/www.waterskis.lv\\\/en\\\/\"},{\"@type\":\"ListItem\",\"position\":2,\"name\":\"Shop\",\"item\":\"https:\\\/\\\/waterskis.lv\\\/en\\\/shop\\\/\"},{\"@type\":\"ListItem\",\"position\":3,\"name\":\"Spinera SUP Board Sun Light 12.0 &#8211; 366 x 84 x 15 cm\"}]},{\"@type\":\"WebSite\",\"@id\":\"https:\\\/\\\/www.waterskis.lv\\\/en\\\/#website\",\"url\":\"https:\\\/\\\/www.waterskis.lv\\\/en\\\/\",\"name\":\"WATERSKIS.LV\",\"description\":\"SUP d\u0113\u013ci, kajaki, kanoe, airu laivas, \u016bdenssl\u0113po\u0161ana, veikbords, SUP d\u0113\u013cu noma, kajaku nomaakt\u012bv\u0101s atp\u016btas centrs, laivu noma, sup noma, kajaku noma\",\"publisher\":{\"@id\":\"https:\\\/\\\/www.waterskis.lv\\\/en\\\/#organization\"},\"potentialAction\":[{\"@type\":\"SearchAction\",\"target\":{\"@type\":\"EntryPoint\",\"urlTemplate\":\"https:\\\/\\\/www.waterskis.lv\\\/en\\\/?s={search_term_string}\"},\"query-input\":{\"@type\":\"PropertyValueSpecification\",\"valueRequired\":true,\"valueName\":\"search_term_string\"}}],\"inLanguage\":\"en-US\"},{\"@type\":\"Organization\",\"@id\":\"https:\\\/\\\/www.waterskis.lv\\\/en\\\/#organization\",\"name\":\"WATERSKIS.LV\",\"url\":\"https:\\\/\\\/www.waterskis.lv\\\/en\\\/\",\"logo\":{\"@type\":\"ImageObject\",\"inLanguage\":\"en-US\",\"@id\":\"https:\\\/\\\/www.waterskis.lv\\\/en\\\/#\\\/schema\\\/logo\\\/image\\\/\",\"url\":\"https:\\\/\\\/www.waterskis.lv\\\/wp-content\\\/uploads\\\/2025\\\/01\\\/JUVP-logo.png\",\"contentUrl\":\"https:\\\/\\\/www.waterskis.lv\\\/wp-content\\\/uploads\\\/2025\\\/01\\\/JUVP-logo.png\",\"width\":421,\"height\":202,\"caption\":\"WATERSKIS.LV\"},\"image\":{\"@id\":\"https:\\\/\\\/www.waterskis.lv\\\/en\\\/#\\\/schema\\\/logo\\\/image\\\/\"},\"sameAs\":[\"https:\\\/\\\/www.facebook.com\\\/jurmalawaterskiwakeboardpark\\\/\"]}]}<\/script>\n<!-- \/ Yoast SEO plugin. -->","yoast_head_json":{"title":"Spinera SUP Board Sun Light 12.0 - 366 x 84 x 15 cm - WATERSKIS.LV","description":"Spinera SUP Board Sun Light 12.0 - 366 x 84 x 15 cm. This top-of-the-line SUP sets new standards in weight and portability.","robots":{"index":"index","follow":"follow","max-snippet":"max-snippet:-1","max-image-preview":"max-image-preview:large","max-video-preview":"max-video-preview:-1"},"canonical":"https:\/\/www.waterskis.lv\/en\/product\/spinera-sup-board-sun-light-12-0-366-x-84-x-15-cm\/","og_locale":"en_US","og_type":"article","og_title":"Spinera SUP Board Sun Light 12.0 - 366 x 84 x 15 cm - WATERSKIS.LV","og_description":"Spinera SUP Board Sun Light 12.0 - 366 x 84 x 15 cm. This top-of-the-line SUP sets new standards in weight and portability.","og_url":"https:\/\/www.waterskis.lv\/en\/product\/spinera-sup-board-sun-light-12-0-366-x-84-x-15-cm\/","og_site_name":"WATERSKIS.LV","article_publisher":"https:\/\/www.facebook.com\/jurmalawaterskiwakeboardpark\/","article_modified_time":"2026-02-01T15:48:44+00:00","og_image":[{"width":2000,"height":2000,"url":"https:\/\/www.waterskis.lv\/wp-content\/uploads\/2025\/12\/23097_image_23097_spinera_sup_sun_light_12_0__-_366_x_84_x_15_cm_23097_1.webp","type":"image\/webp"}],"twitter_card":"summary_large_image","twitter_misc":{"Est. reading time":"3 minutes"},"schema":{"@context":"https:\/\/schema.org","@graph":[{"@type":"WebPage","@id":"https:\/\/www.waterskis.lv\/en\/product\/spinera-sup-board-sun-light-12-0-366-x-84-x-15-cm\/","url":"https:\/\/www.waterskis.lv\/en\/product\/spinera-sup-board-sun-light-12-0-366-x-84-x-15-cm\/","name":"Spinera SUP Board Sun Light 12.0 - 366 x 84 x 15 cm - WATERSKIS.LV","isPartOf":{"@id":"https:\/\/www.waterskis.lv\/en\/#website"},"primaryImageOfPage":{"@id":"https:\/\/www.waterskis.lv\/en\/product\/spinera-sup-board-sun-light-12-0-366-x-84-x-15-cm\/#primaryimage"},"image":{"@id":"https:\/\/www.waterskis.lv\/en\/product\/spinera-sup-board-sun-light-12-0-366-x-84-x-15-cm\/#primaryimage"},"thumbnailUrl":"https:\/\/www.waterskis.lv\/wp-content\/uploads\/2025\/12\/23097_image_23097_spinera_sup_sun_light_12_0__-_366_x_84_x_15_cm_23097_1.webp","datePublished":"2025-12-18T17:36:24+00:00","dateModified":"2026-02-01T15:48:44+00:00","description":"Spinera SUP Board Sun Light 12.0 - 366 x 84 x 15 cm. This top-of-the-line SUP sets new standards in weight and portability.","breadcrumb":{"@id":"https:\/\/www.waterskis.lv\/en\/product\/spinera-sup-board-sun-light-12-0-366-x-84-x-15-cm\/#breadcrumb"},"inLanguage":"en-US","potentialAction":[{"@type":"ReadAction","target":["https:\/\/www.waterskis.lv\/en\/product\/spinera-sup-board-sun-light-12-0-366-x-84-x-15-cm\/"]}]},{"@type":"ImageObject","inLanguage":"en-US","@id":"https:\/\/www.waterskis.lv\/en\/product\/spinera-sup-board-sun-light-12-0-366-x-84-x-15-cm\/#primaryimage","url":"https:\/\/www.waterskis.lv\/wp-content\/uploads\/2025\/12\/23097_image_23097_spinera_sup_sun_light_12_0__-_366_x_84_x_15_cm_23097_1.webp","contentUrl":"https:\/\/www.waterskis.lv\/wp-content\/uploads\/2025\/12\/23097_image_23097_spinera_sup_sun_light_12_0__-_366_x_84_x_15_cm_23097_1.webp","width":2000,"height":2000,"caption":"Spinera SUP d\u0113lis Sun Light 12.0 - 366 x 84 x 15 cm"},{"@type":"BreadcrumbList","@id":"https:\/\/www.waterskis.lv\/en\/product\/spinera-sup-board-sun-light-12-0-366-x-84-x-15-cm\/#breadcrumb","itemListElement":[{"@type":"ListItem","position":1,"name":"Home","item":"https:\/\/www.waterskis.lv\/en\/"},{"@type":"ListItem","position":2,"name":"Shop","item":"https:\/\/waterskis.lv\/en\/shop\/"},{"@type":"ListItem","position":3,"name":"Spinera SUP Board Sun Light 12.0 &#8211; 366 x 84 x 15 cm"}]},{"@type":"WebSite","@id":"https:\/\/www.waterskis.lv\/en\/#website","url":"https:\/\/www.waterskis.lv\/en\/","name":"WATERSKIS.LV","description":"SUP d\u0113\u013ci, kajaki, kanoe, airu laivas, \u016bdenssl\u0113po\u0161ana, veikbords, SUP d\u0113\u013cu noma, kajaku nomaakt\u012bv\u0101s atp\u016btas centrs, laivu noma, sup noma, kajaku noma","publisher":{"@id":"https:\/\/www.waterskis.lv\/en\/#organization"},"potentialAction":[{"@type":"SearchAction","target":{"@type":"EntryPoint","urlTemplate":"https:\/\/www.waterskis.lv\/en\/?s={search_term_string}"},"query-input":{"@type":"PropertyValueSpecification","valueRequired":true,"valueName":"search_term_string"}}],"inLanguage":"en-US"},{"@type":"Organization","@id":"https:\/\/www.waterskis.lv\/en\/#organization","name":"WATERSKIS.LV","url":"https:\/\/www.waterskis.lv\/en\/","logo":{"@type":"ImageObject","inLanguage":"en-US","@id":"https:\/\/www.waterskis.lv\/en\/#\/schema\/logo\/image\/","url":"https:\/\/www.waterskis.lv\/wp-content\/uploads\/2025\/01\/JUVP-logo.png","contentUrl":"https:\/\/www.waterskis.lv\/wp-content\/uploads\/2025\/01\/JUVP-logo.png","width":421,"height":202,"caption":"WATERSKIS.LV"},"image":{"@id":"https:\/\/www.waterskis.lv\/en\/#\/schema\/logo\/image\/"},"sameAs":["https:\/\/www.facebook.com\/jurmalawaterskiwakeboardpark\/"]}]}},"_links":{"self":[{"href":"https:\/\/www.waterskis.lv\/en\/wp-json\/wp\/v2\/product\/68007","targetHints":{"allow":["GET"]}}],"collection":[{"href":"https:\/\/www.waterskis.lv\/en\/wp-json\/wp\/v2\/product"}],"about":[{"href":"https:\/\/www.waterskis.lv\/en\/wp-json\/wp\/v2\/types\/product"}],"replies":[{"embeddable":true,"href":"https:\/\/www.waterskis.lv\/en\/wp-json\/wp\/v2\/comments?post=68007"}],"wp:featuredmedia":[{"embeddable":true,"href":"https:\/\/www.waterskis.lv\/en\/wp-json\/wp\/v2\/media\/68011"}],"wp:attachment":[{"href":"https:\/\/www.waterskis.lv\/en\/wp-json\/wp\/v2\/media?parent=68007"}],"wp:term":[{"taxonomy":"product_brand","embeddable":true,"href":"https:\/\/www.waterskis.lv\/en\/wp-json\/wp\/v2\/product_brand?post=68007"},{"taxonomy":"product_cat","embeddable":true,"href":"https:\/\/www.waterskis.lv\/en\/wp-json\/wp\/v2\/product_cat?post=68007"},{"taxonomy":"product_tag","embeddable":true,"href":"https:\/\/www.waterskis.lv\/en\/wp-json\/wp\/v2\/product_tag?post=68007"}],"curies":[{"name":"wp","href":"https:\/\/api.w.org\/{rel}","templated":true}]}}