{"id":68047,"date":"2025-12-18T21:06:30","date_gmt":"2025-12-18T19:06:30","guid":{"rendered":"https:\/\/www.waterskis.lv\/product\/spinera-professional-rental-sup-delis-12-0-366x84x15cm-b-g-ar-nelielam-grumbam-uz-eva-materiala\/"},"modified":"2026-01-31T18:48:58","modified_gmt":"2026-01-31T16:48:58","slug":"spinera-professional-rental-sup-120-366x84x15cm-b-g-with-small-wrinkles-on-eva","status":"publish","type":"product","link":"https:\/\/www.waterskis.lv\/en\/product\/spinera-professional-rental-sup-120-366x84x15cm-b-g-with-small-wrinkles-on-eva\/","title":{"rendered":"Spinera Professional Rental SUP 120 &#8211; 366x84x15cm B-G (with small wrinkles on EVA)"},"content":{"rendered":"<h1>Spinera Professional Rental SUP 120 &#8211; 366x84x15cm B-G (with small wrinkles on EVA)<\/h1>\n<p>Spinera Professional Rental SUP 120 &#8211; 366x84x15cm B-G (with small wrinkles on EVA)<\/p>\n<p>Art. No.\u00a02027070<\/p>\n<p>High quality double layer rental SUP to an affordable price.<\/p>\n<p>&nbsp;<\/p>\n<p>Size: 12\u00b40&#8243;x33&#8243; &#8211; 366cm x 84cm<\/p>\n<p>Rider Weight: best experience up to 120 kg<\/p>\n<p>Maximum Payload: 150 kg<\/p>\n<p>Volume: 375 l<\/p>\n<p>&nbsp;<\/p>\n<p>Production:<\/p>\n<p>15cm dropstitch, DLT\/double layer technology,<\/p>\n<p>pressed diamond Cut EVA top<\/p>\n<p>4 D-Rings &#8211; hidden under EVA &#8211; for Kayak Seat<\/p>\n<p>1 D-Ring on the front at the bottom<\/p>\n<p>rubber sidewall<\/p>\n<p>&nbsp;<\/p>\n<p>Incl.: board, backpack, 3-pcs SUP alu\/fiberglass performance paddle, leash<\/p>\n<p>&nbsp;<\/p>\n<p>Double Layer Advantages<\/p>\n<p>&#8211; 15% more stiffness<\/p>\n<p>&#8211; less water friction<\/p>\n<p>&#8211; min. 10% higher paddle speed<\/p>\n<p>&#8211; Better tightness<\/p>\n<p>&#8211; Better UV permanence<\/p>\n<p>&#8211; Longer material life<\/p>\n<p>&nbsp;<\/p>\n<p>Scope of delivery:<\/p>\n<p>Carry Backpack &#8211; 600D Polyester<\/p>\n<p>3 pcs Alu\/Fiberglass Performance Paddle<\/p>\n<p>Safety Leash<\/p>\n<p>Slide in Center Fin<\/p>\n<p>Repair Kit<\/p>\n<p>&nbsp;<\/p>\n<p>Keywords for this item:<\/p>\n<p>I SUP, Aufblasbares SUP, Stand Up Paddling, SUP Surfer, Stand Up Paddleboard,<\/p>\n","protected":false},"excerpt":{"rendered":"<p>Spinera Professional Rental SUP 120 &#8211; 366x84x15cm B-G (with small wrinkles on EVA) Spinera Professional Rental SUP 120 &#8211; 366x84x15cm B-G (with small wrinkles on EVA) Art. No.\u00a02027070 High quality double layer rental SUP to an affordable price. &nbsp; Size: 12\u00b40&#8243;x33&#8243; &#8211; 366cm x 84cm Rider Weight: best experience up to 120 kg Maximum Payload: [&#8230;]<\/p>\n<p><a class=\"btn btn-secondary understrap-read-more-link\" href=\"https:\/\/www.waterskis.lv\/en\/product\/spinera-professional-rental-sup-120-366x84x15cm-b-g-with-small-wrinkles-on-eva\/\">Read More&#8230;<\/a><\/p>\n","protected":false},"featured_media":68050,"comment_status":"closed","ping_status":"closed","template":"","meta":{"_acf_changed":false,"inline_featured_image":false},"product_brand":[2677,1279],"product_cat":[700,1104,1226,1250,502],"product_tag":[3172,1352,1334,3189,3173,3174,1335,1819,3131,3175,3095,3140,3176,3096,3141],"class_list":{"0":"post-68047","1":"product","2":"type-product","3":"status-publish","4":"has-post-thumbnail","6":"product_brand-spinera-professional","7":"product_brand-spinera-watersports","8":"product_cat-inflatable-sup-boards","9":"product_cat-spinera-inflatable-sups","10":"product_cat-spinera-professional-en","11":"product_cat-spinera-rental-sup-series","12":"product_cat-stand-up-paddle-boards","13":"product_tag-aufblasbares-sup","14":"product_tag-paddle-board","15":"product_tag-paddle-boards","16":"product_tag-spinera","17":"product_tag-stand-up-paddleboard","18":"product_tag-stand-up-paddling","19":"product_tag-sup","20":"product_tag-sup-board","21":"product_tag-sup-boards","22":"product_tag-sup-surfer","23":"product_tag-sup-","25":"product_tag-supkayak","26":"product_tag--sup","27":"product_tag-3141","29":"first","30":"instock","31":"shipping-taxable","32":"purchasable","33":"product-type-simple"},"acf":[],"yoast_head":"<!-- This site is optimized with the Yoast SEO plugin v27.5 - https:\/\/yoast.com\/product\/yoast-seo-wordpress\/ -->\n<title>Spinera Professional Rental SUP 120 - 366x84x15cm B-G (with small wrinkles on EVA) - WATERSKIS.LV<\/title>\n<meta name=\"description\" content=\"Spinera Professional Rental SUP 120 - 366x84x15cm B-G (with small wrinkles on EVA). High quality double layer rental SUP to an affordable price.\" \/>\n<meta name=\"robots\" content=\"index, follow, max-snippet:-1, max-image-preview:large, max-video-preview:-1\" \/>\n<link rel=\"canonical\" href=\"https:\/\/www.waterskis.lv\/en\/product\/spinera-professional-rental-sup-120-366x84x15cm-b-g-with-small-wrinkles-on-eva\/\" \/>\n<meta property=\"og:locale\" content=\"en_US\" \/>\n<meta property=\"og:type\" content=\"article\" \/>\n<meta property=\"og:title\" content=\"Spinera Professional Rental SUP 120 - 366x84x15cm B-G (with small wrinkles on EVA) - WATERSKIS.LV\" \/>\n<meta property=\"og:description\" content=\"Spinera Professional Rental SUP 120 - 366x84x15cm B-G (with small wrinkles on EVA). High quality double layer rental SUP to an affordable price.\" \/>\n<meta property=\"og:url\" content=\"https:\/\/www.waterskis.lv\/en\/product\/spinera-professional-rental-sup-120-366x84x15cm-b-g-with-small-wrinkles-on-eva\/\" \/>\n<meta property=\"og:site_name\" content=\"WATERSKIS.LV\" \/>\n<meta property=\"article:publisher\" content=\"https:\/\/www.facebook.com\/jurmalawaterskiwakeboardpark\/\" \/>\n<meta property=\"article:modified_time\" content=\"2026-01-31T16:48:58+00:00\" \/>\n<meta property=\"og:image\" content=\"https:\/\/www.waterskis.lv\/wp-content\/uploads\/2025\/12\/w2027070-set-spinera-professional-rental-12.0.webp\" \/>\n\t<meta property=\"og:image:width\" content=\"2000\" \/>\n\t<meta property=\"og:image:height\" content=\"2000\" \/>\n\t<meta property=\"og:image:type\" content=\"image\/webp\" \/>\n<meta name=\"twitter:card\" content=\"summary_large_image\" \/>\n<meta name=\"twitter:label1\" content=\"Est. reading time\" \/>\n\t<meta name=\"twitter:data1\" content=\"2 minutes\" \/>\n<script type=\"application\/ld+json\" class=\"yoast-schema-graph\">{\"@context\":\"https:\\\/\\\/schema.org\",\"@graph\":[{\"@type\":\"WebPage\",\"@id\":\"https:\\\/\\\/www.waterskis.lv\\\/en\\\/product\\\/spinera-professional-rental-sup-120-366x84x15cm-b-g-with-small-wrinkles-on-eva\\\/\",\"url\":\"https:\\\/\\\/www.waterskis.lv\\\/en\\\/product\\\/spinera-professional-rental-sup-120-366x84x15cm-b-g-with-small-wrinkles-on-eva\\\/\",\"name\":\"Spinera Professional Rental SUP 120 - 366x84x15cm B-G (with small wrinkles on EVA) - WATERSKIS.LV\",\"isPartOf\":{\"@id\":\"https:\\\/\\\/www.waterskis.lv\\\/en\\\/#website\"},\"primaryImageOfPage\":{\"@id\":\"https:\\\/\\\/www.waterskis.lv\\\/en\\\/product\\\/spinera-professional-rental-sup-120-366x84x15cm-b-g-with-small-wrinkles-on-eva\\\/#primaryimage\"},\"image\":{\"@id\":\"https:\\\/\\\/www.waterskis.lv\\\/en\\\/product\\\/spinera-professional-rental-sup-120-366x84x15cm-b-g-with-small-wrinkles-on-eva\\\/#primaryimage\"},\"thumbnailUrl\":\"https:\\\/\\\/www.waterskis.lv\\\/wp-content\\\/uploads\\\/2025\\\/12\\\/w2027070-set-spinera-professional-rental-12.0.webp\",\"datePublished\":\"2025-12-18T19:06:30+00:00\",\"dateModified\":\"2026-01-31T16:48:58+00:00\",\"description\":\"Spinera Professional Rental SUP 120 - 366x84x15cm B-G (with small wrinkles on EVA). High quality double layer rental SUP to an affordable price.\",\"breadcrumb\":{\"@id\":\"https:\\\/\\\/www.waterskis.lv\\\/en\\\/product\\\/spinera-professional-rental-sup-120-366x84x15cm-b-g-with-small-wrinkles-on-eva\\\/#breadcrumb\"},\"inLanguage\":\"en-US\",\"potentialAction\":[{\"@type\":\"ReadAction\",\"target\":[\"https:\\\/\\\/www.waterskis.lv\\\/en\\\/product\\\/spinera-professional-rental-sup-120-366x84x15cm-b-g-with-small-wrinkles-on-eva\\\/\"]}]},{\"@type\":\"ImageObject\",\"inLanguage\":\"en-US\",\"@id\":\"https:\\\/\\\/www.waterskis.lv\\\/en\\\/product\\\/spinera-professional-rental-sup-120-366x84x15cm-b-g-with-small-wrinkles-on-eva\\\/#primaryimage\",\"url\":\"https:\\\/\\\/www.waterskis.lv\\\/wp-content\\\/uploads\\\/2025\\\/12\\\/w2027070-set-spinera-professional-rental-12.0.webp\",\"contentUrl\":\"https:\\\/\\\/www.waterskis.lv\\\/wp-content\\\/uploads\\\/2025\\\/12\\\/w2027070-set-spinera-professional-rental-12.0.webp\",\"width\":2000,\"height\":2000,\"caption\":\"Spinera Professional Rental SUP d\u0113lis 12.0 - 366x84x15cm B-G (ar neliel\u0101m grumb\u0101m uz EVA materi\u0101la)\"},{\"@type\":\"BreadcrumbList\",\"@id\":\"https:\\\/\\\/www.waterskis.lv\\\/en\\\/product\\\/spinera-professional-rental-sup-120-366x84x15cm-b-g-with-small-wrinkles-on-eva\\\/#breadcrumb\",\"itemListElement\":[{\"@type\":\"ListItem\",\"position\":1,\"name\":\"Home\",\"item\":\"https:\\\/\\\/www.waterskis.lv\\\/en\\\/\"},{\"@type\":\"ListItem\",\"position\":2,\"name\":\"Shop\",\"item\":\"https:\\\/\\\/waterskis.lv\\\/en\\\/shop\\\/\"},{\"@type\":\"ListItem\",\"position\":3,\"name\":\"Spinera Professional Rental SUP 120 &#8211; 366x84x15cm B-G (with small wrinkles on EVA)\"}]},{\"@type\":\"WebSite\",\"@id\":\"https:\\\/\\\/www.waterskis.lv\\\/en\\\/#website\",\"url\":\"https:\\\/\\\/www.waterskis.lv\\\/en\\\/\",\"name\":\"WATERSKIS.LV\",\"description\":\"SUP d\u0113\u013ci, kajaki, kanoe, airu laivas, \u016bdenssl\u0113po\u0161ana, veikbords, SUP d\u0113\u013cu noma, kajaku nomaakt\u012bv\u0101s atp\u016btas centrs, laivu noma, sup noma, kajaku noma\",\"publisher\":{\"@id\":\"https:\\\/\\\/www.waterskis.lv\\\/en\\\/#organization\"},\"potentialAction\":[{\"@type\":\"SearchAction\",\"target\":{\"@type\":\"EntryPoint\",\"urlTemplate\":\"https:\\\/\\\/www.waterskis.lv\\\/en\\\/?s={search_term_string}\"},\"query-input\":{\"@type\":\"PropertyValueSpecification\",\"valueRequired\":true,\"valueName\":\"search_term_string\"}}],\"inLanguage\":\"en-US\"},{\"@type\":\"Organization\",\"@id\":\"https:\\\/\\\/www.waterskis.lv\\\/en\\\/#organization\",\"name\":\"WATERSKIS.LV\",\"url\":\"https:\\\/\\\/www.waterskis.lv\\\/en\\\/\",\"logo\":{\"@type\":\"ImageObject\",\"inLanguage\":\"en-US\",\"@id\":\"https:\\\/\\\/www.waterskis.lv\\\/en\\\/#\\\/schema\\\/logo\\\/image\\\/\",\"url\":\"https:\\\/\\\/www.waterskis.lv\\\/wp-content\\\/uploads\\\/2025\\\/01\\\/JUVP-logo.png\",\"contentUrl\":\"https:\\\/\\\/www.waterskis.lv\\\/wp-content\\\/uploads\\\/2025\\\/01\\\/JUVP-logo.png\",\"width\":421,\"height\":202,\"caption\":\"WATERSKIS.LV\"},\"image\":{\"@id\":\"https:\\\/\\\/www.waterskis.lv\\\/en\\\/#\\\/schema\\\/logo\\\/image\\\/\"},\"sameAs\":[\"https:\\\/\\\/www.facebook.com\\\/jurmalawaterskiwakeboardpark\\\/\"]}]}<\/script>\n<!-- \/ Yoast SEO plugin. -->","yoast_head_json":{"title":"Spinera Professional Rental SUP 120 - 366x84x15cm B-G (with small wrinkles on EVA) - WATERSKIS.LV","description":"Spinera Professional Rental SUP 120 - 366x84x15cm B-G (with small wrinkles on EVA). High quality double layer rental SUP to an affordable price.","robots":{"index":"index","follow":"follow","max-snippet":"max-snippet:-1","max-image-preview":"max-image-preview:large","max-video-preview":"max-video-preview:-1"},"canonical":"https:\/\/www.waterskis.lv\/en\/product\/spinera-professional-rental-sup-120-366x84x15cm-b-g-with-small-wrinkles-on-eva\/","og_locale":"en_US","og_type":"article","og_title":"Spinera Professional Rental SUP 120 - 366x84x15cm B-G (with small wrinkles on EVA) - WATERSKIS.LV","og_description":"Spinera Professional Rental SUP 120 - 366x84x15cm B-G (with small wrinkles on EVA). High quality double layer rental SUP to an affordable price.","og_url":"https:\/\/www.waterskis.lv\/en\/product\/spinera-professional-rental-sup-120-366x84x15cm-b-g-with-small-wrinkles-on-eva\/","og_site_name":"WATERSKIS.LV","article_publisher":"https:\/\/www.facebook.com\/jurmalawaterskiwakeboardpark\/","article_modified_time":"2026-01-31T16:48:58+00:00","og_image":[{"width":2000,"height":2000,"url":"https:\/\/www.waterskis.lv\/wp-content\/uploads\/2025\/12\/w2027070-set-spinera-professional-rental-12.0.webp","type":"image\/webp"}],"twitter_card":"summary_large_image","twitter_misc":{"Est. reading time":"2 minutes"},"schema":{"@context":"https:\/\/schema.org","@graph":[{"@type":"WebPage","@id":"https:\/\/www.waterskis.lv\/en\/product\/spinera-professional-rental-sup-120-366x84x15cm-b-g-with-small-wrinkles-on-eva\/","url":"https:\/\/www.waterskis.lv\/en\/product\/spinera-professional-rental-sup-120-366x84x15cm-b-g-with-small-wrinkles-on-eva\/","name":"Spinera Professional Rental SUP 120 - 366x84x15cm B-G (with small wrinkles on EVA) - WATERSKIS.LV","isPartOf":{"@id":"https:\/\/www.waterskis.lv\/en\/#website"},"primaryImageOfPage":{"@id":"https:\/\/www.waterskis.lv\/en\/product\/spinera-professional-rental-sup-120-366x84x15cm-b-g-with-small-wrinkles-on-eva\/#primaryimage"},"image":{"@id":"https:\/\/www.waterskis.lv\/en\/product\/spinera-professional-rental-sup-120-366x84x15cm-b-g-with-small-wrinkles-on-eva\/#primaryimage"},"thumbnailUrl":"https:\/\/www.waterskis.lv\/wp-content\/uploads\/2025\/12\/w2027070-set-spinera-professional-rental-12.0.webp","datePublished":"2025-12-18T19:06:30+00:00","dateModified":"2026-01-31T16:48:58+00:00","description":"Spinera Professional Rental SUP 120 - 366x84x15cm B-G (with small wrinkles on EVA). High quality double layer rental SUP to an affordable price.","breadcrumb":{"@id":"https:\/\/www.waterskis.lv\/en\/product\/spinera-professional-rental-sup-120-366x84x15cm-b-g-with-small-wrinkles-on-eva\/#breadcrumb"},"inLanguage":"en-US","potentialAction":[{"@type":"ReadAction","target":["https:\/\/www.waterskis.lv\/en\/product\/spinera-professional-rental-sup-120-366x84x15cm-b-g-with-small-wrinkles-on-eva\/"]}]},{"@type":"ImageObject","inLanguage":"en-US","@id":"https:\/\/www.waterskis.lv\/en\/product\/spinera-professional-rental-sup-120-366x84x15cm-b-g-with-small-wrinkles-on-eva\/#primaryimage","url":"https:\/\/www.waterskis.lv\/wp-content\/uploads\/2025\/12\/w2027070-set-spinera-professional-rental-12.0.webp","contentUrl":"https:\/\/www.waterskis.lv\/wp-content\/uploads\/2025\/12\/w2027070-set-spinera-professional-rental-12.0.webp","width":2000,"height":2000,"caption":"Spinera Professional Rental SUP d\u0113lis 12.0 - 366x84x15cm B-G (ar neliel\u0101m grumb\u0101m uz EVA materi\u0101la)"},{"@type":"BreadcrumbList","@id":"https:\/\/www.waterskis.lv\/en\/product\/spinera-professional-rental-sup-120-366x84x15cm-b-g-with-small-wrinkles-on-eva\/#breadcrumb","itemListElement":[{"@type":"ListItem","position":1,"name":"Home","item":"https:\/\/www.waterskis.lv\/en\/"},{"@type":"ListItem","position":2,"name":"Shop","item":"https:\/\/waterskis.lv\/en\/shop\/"},{"@type":"ListItem","position":3,"name":"Spinera Professional Rental SUP 120 &#8211; 366x84x15cm B-G (with small wrinkles on EVA)"}]},{"@type":"WebSite","@id":"https:\/\/www.waterskis.lv\/en\/#website","url":"https:\/\/www.waterskis.lv\/en\/","name":"WATERSKIS.LV","description":"SUP d\u0113\u013ci, kajaki, kanoe, airu laivas, \u016bdenssl\u0113po\u0161ana, veikbords, SUP d\u0113\u013cu noma, kajaku nomaakt\u012bv\u0101s atp\u016btas centrs, laivu noma, sup noma, kajaku noma","publisher":{"@id":"https:\/\/www.waterskis.lv\/en\/#organization"},"potentialAction":[{"@type":"SearchAction","target":{"@type":"EntryPoint","urlTemplate":"https:\/\/www.waterskis.lv\/en\/?s={search_term_string}"},"query-input":{"@type":"PropertyValueSpecification","valueRequired":true,"valueName":"search_term_string"}}],"inLanguage":"en-US"},{"@type":"Organization","@id":"https:\/\/www.waterskis.lv\/en\/#organization","name":"WATERSKIS.LV","url":"https:\/\/www.waterskis.lv\/en\/","logo":{"@type":"ImageObject","inLanguage":"en-US","@id":"https:\/\/www.waterskis.lv\/en\/#\/schema\/logo\/image\/","url":"https:\/\/www.waterskis.lv\/wp-content\/uploads\/2025\/01\/JUVP-logo.png","contentUrl":"https:\/\/www.waterskis.lv\/wp-content\/uploads\/2025\/01\/JUVP-logo.png","width":421,"height":202,"caption":"WATERSKIS.LV"},"image":{"@id":"https:\/\/www.waterskis.lv\/en\/#\/schema\/logo\/image\/"},"sameAs":["https:\/\/www.facebook.com\/jurmalawaterskiwakeboardpark\/"]}]}},"_links":{"self":[{"href":"https:\/\/www.waterskis.lv\/en\/wp-json\/wp\/v2\/product\/68047","targetHints":{"allow":["GET"]}}],"collection":[{"href":"https:\/\/www.waterskis.lv\/en\/wp-json\/wp\/v2\/product"}],"about":[{"href":"https:\/\/www.waterskis.lv\/en\/wp-json\/wp\/v2\/types\/product"}],"replies":[{"embeddable":true,"href":"https:\/\/www.waterskis.lv\/en\/wp-json\/wp\/v2\/comments?post=68047"}],"wp:featuredmedia":[{"embeddable":true,"href":"https:\/\/www.waterskis.lv\/en\/wp-json\/wp\/v2\/media\/68050"}],"wp:attachment":[{"href":"https:\/\/www.waterskis.lv\/en\/wp-json\/wp\/v2\/media?parent=68047"}],"wp:term":[{"taxonomy":"product_brand","embeddable":true,"href":"https:\/\/www.waterskis.lv\/en\/wp-json\/wp\/v2\/product_brand?post=68047"},{"taxonomy":"product_cat","embeddable":true,"href":"https:\/\/www.waterskis.lv\/en\/wp-json\/wp\/v2\/product_cat?post=68047"},{"taxonomy":"product_tag","embeddable":true,"href":"https:\/\/www.waterskis.lv\/en\/wp-json\/wp\/v2\/product_tag?post=68047"}],"curies":[{"name":"wp","href":"https:\/\/api.w.org\/{rel}","templated":true}]}}