{"id":68100,"date":"2025-12-19T19:39:19","date_gmt":"2025-12-19T17:39:19","guid":{"rendered":"https:\/\/www.waterskis.lv\/product\/spinera-sup-classic-10-8-pack-2-325x84x15cm\/"},"modified":"2026-02-01T17:40:49","modified_gmt":"2026-02-01T15:40:49","slug":"spinera-sup-classic-10-8-pack-2-325x84x15cm","status":"publish","type":"product","link":"https:\/\/www.waterskis.lv\/en\/product\/spinera-sup-classic-10-8-pack-2-325x84x15cm\/","title":{"rendered":"Spinera SUP Classic 10.8 Pack 2 &#8211; 325x84x15cm"},"content":{"rendered":"<h1>Spinera SUP Classic 10.8 Pack 2 &#8211; 325x84x15cm<\/h1>\n<p>Spinera SUP Classic 10.8 Pack 2 &#8211; 325x84x15cm<\/p>\n<p>Art. No.\u00a026107<\/p>\n<p>Your perfect entry into stand-up paddling &#8211; stable, versatile, and easy to handle<\/p>\n<p>&nbsp;<\/p>\n<p>Discover the Spinera Classic 10.8 SUP Board &#8211; your ideal companion for relaxed days on the water!<\/p>\n<p>Designed especially for beginners and recreational paddlers, this board combines great stability, easy handling, and long-lasting quality.<\/p>\n<p>&nbsp;<\/p>\n<p>With its 325 cm length, the Classic 10.8 offers an ideal balance of stability and glide performance.<\/p>\n<p>The wide standing area ensures a secure feel on the water &#8211; perfect for first paddling attempts, relaxed tours, or family fun.<\/p>\n<p>&nbsp;<\/p>\n<p>The durable HDDS Single Layer &#8211; High Density Dropstitch construction provides excellent stiffness and shape stability.<\/p>\n<p>The non-slip EVA deck with diamond-cut texture guarantees firm grip and comfort underfoot.<\/p>\n<p>Integrated D-rings allow you to attach a kayak seat, while the 4-point bungee system secures your gear for any adventure.<\/p>\n<p>&nbsp;<\/p>\n<p>The Spinera Classic 10.8 delivers outstanding value for money &#8211; ideal for anyone looking to start stand-up paddling or simply enjoy time on the water.<\/p>\n<p>&nbsp;<\/p>\n<p><b>Specifications:<\/b><\/p>\n<p>&nbsp;<\/p>\n<ul>\n<li>Dimensions: 325 cm x 84 cm x 15 cm<\/li>\n<li>Category: Allround Fun<\/li>\n<li>Rider weight: up to approx. 110 kg<\/li>\n<li>Max. load: 140 kg<\/li>\n<li>Rocker: 10 cm<\/li>\n<li>Volume: 273 l<\/li>\n<li>Board weight: 8,1 kg<\/li>\n<li>Net weight: xx kg<\/li>\n<li>Gross weight: xx kg<\/li>\n<\/ul>\n<p>&nbsp;<\/p>\n<p><b>Construction<\/b>:<\/p>\n<p>&nbsp;<\/p>\n<ul>\n<li>15 cm HDDS Single Layer &#8211; High Density Dropstitch<\/li>\n<li>Pressed EVA foam deck with diamond-cut pattern<\/li>\n<li>D-rings for attaching a kayak seat<\/li>\n<li>4-point front bungee cord<\/li>\n<\/ul>\n<p>&nbsp;<\/p>\n<p><b>Included in Pack 1:<\/b><\/p>\n<p>&nbsp;<\/p>\n<ul>\n<li>SUP board<\/li>\n<li>Backpack \/ 600D polyester<\/li>\n<li>3-piece Classic aluminum paddle<\/li>\n<li>Double action Classic pump<\/li>\n<li>Large center fin<\/li>\n<\/ul>\n<p>&nbsp;<\/p>\n<p><b>Optional Sets:<\/b><\/p>\n<p>&nbsp;<\/p>\n<p><b>Pack 2 (Art.No. 26107): includes leash<\/b><\/p>\n<p>&nbsp;<\/p>\n<p><b>Pack 3 (Art.No. 26108): includes leash &amp; SUP\/kayak seat<\/b><\/p>\n<p>&nbsp;<\/p>\n<p>INFORMATION: We strongly recommend wearing a buoyancy aid\/vest when using the stand-up paddle board. Buoyancy aids provide buoyancy after a fall into the water and maintain buoyancy and action. A buoyancy aid\/vest is not included.<\/p>\n","protected":false},"excerpt":{"rendered":"<ul>\n<li>Measurements: 325 x 84 x15cm<\/li>\n<li>Rider Weight: best experience up to 110 kg, Max. Payload 140 kg, Volume: 320 l.<\/li>\n<li>D-rings attached for kayak seat, 4-point bungee leash<\/li>\n<li>Production: 15cm HDDS Single Layer &#8211; High Density Drop Stitchpressed diamond Cut EVA Top<\/li>\n<li>Pack 2 incl.: SUP Board, Backpack, 3pcs. Sup Alu Classic Paddle, Double Action Classic Pump, Center Fin, Leash<\/li>\n<\/ul>\n<p> [&#8230;]<\/p>\n<p><a class=\"btn btn-secondary understrap-read-more-link\" href=\"https:\/\/www.waterskis.lv\/en\/product\/spinera-sup-classic-10-8-pack-2-325x84x15cm\/\">Read More&#8230;<\/a><\/p>\n","protected":false},"featured_media":68101,"comment_status":"closed","ping_status":"closed","template":"","meta":{"_acf_changed":false,"inline_featured_image":false},"product_brand":[1279],"product_cat":[700,1104,502],"product_tag":[3172,1334,1355,3189,3173,3174,1335,3131,1336,1316,3175,3140,3176,3141],"class_list":{"0":"post-68100","1":"product","2":"type-product","3":"status-publish","4":"has-post-thumbnail","6":"product_brand-spinera-watersports","7":"product_cat-inflatable-sup-boards","8":"product_cat-spinera-inflatable-sups","9":"product_cat-stand-up-paddle-boards","10":"product_tag-aufblasbares-sup","11":"product_tag-paddle-boards","12":"product_tag-piepusams-sup-delis","13":"product_tag-spinera","14":"product_tag-stand-up-paddleboard","15":"product_tag-stand-up-paddling","16":"product_tag-sup","17":"product_tag-sup-boards","18":"product_tag-sup-deli","19":"product_tag-sup-delis","20":"product_tag-sup-surfer","21":"product_tag-sup-","22":"product_tag-supkayak","23":"product_tag-3141","25":"first","26":"instock","27":"shipping-taxable","28":"purchasable","29":"product-type-simple"},"acf":[],"yoast_head":"<!-- This site is optimized with the Yoast SEO plugin v27.5 - https:\/\/yoast.com\/product\/yoast-seo-wordpress\/ -->\n<title>Spinera SUP Classic 10.8 Pack 2 - 325x84x15cm - WATERSKIS.LV<\/title>\n<meta name=\"description\" content=\"Spinera SUP Classic 10.8 Pack 2 - 325x84x15cm. The wide standing area ensures a secure feel on the water - perfect for first paddling attempts, relaxed tour\" \/>\n<meta name=\"robots\" content=\"index, follow, max-snippet:-1, max-image-preview:large, max-video-preview:-1\" \/>\n<link rel=\"canonical\" href=\"https:\/\/www.waterskis.lv\/en\/product\/spinera-sup-classic-10-8-pack-2-325x84x15cm\/\" \/>\n<meta property=\"og:locale\" content=\"en_US\" \/>\n<meta property=\"og:type\" content=\"article\" \/>\n<meta property=\"og:title\" content=\"Spinera SUP Classic 10.8 Pack 2 - 325x84x15cm - WATERSKIS.LV\" \/>\n<meta property=\"og:description\" content=\"Spinera SUP Classic 10.8 Pack 2 - 325x84x15cm. The wide standing area ensures a secure feel on the water - perfect for first paddling attempts, relaxed tour\" \/>\n<meta property=\"og:url\" content=\"https:\/\/www.waterskis.lv\/en\/product\/spinera-sup-classic-10-8-pack-2-325x84x15cm\/\" \/>\n<meta property=\"og:site_name\" content=\"WATERSKIS.LV\" \/>\n<meta property=\"article:publisher\" content=\"https:\/\/www.facebook.com\/jurmalawaterskiwakeboardpark\/\" \/>\n<meta property=\"article:modified_time\" content=\"2026-02-01T15:40:49+00:00\" \/>\n<meta property=\"og:image\" content=\"https:\/\/www.waterskis.lv\/wp-content\/uploads\/2025\/12\/w26107-set-spinera-classic-10.8-pack2.webp\" \/>\n\t<meta property=\"og:image:width\" content=\"2000\" \/>\n\t<meta property=\"og:image:height\" content=\"2000\" \/>\n\t<meta property=\"og:image:type\" content=\"image\/webp\" \/>\n<meta name=\"twitter:card\" content=\"summary_large_image\" \/>\n<meta name=\"twitter:label1\" content=\"Est. reading time\" \/>\n\t<meta name=\"twitter:data1\" content=\"2 minutes\" \/>\n<script type=\"application\/ld+json\" class=\"yoast-schema-graph\">{\"@context\":\"https:\\\/\\\/schema.org\",\"@graph\":[{\"@type\":\"WebPage\",\"@id\":\"https:\\\/\\\/www.waterskis.lv\\\/en\\\/product\\\/spinera-sup-classic-10-8-pack-2-325x84x15cm\\\/\",\"url\":\"https:\\\/\\\/www.waterskis.lv\\\/en\\\/product\\\/spinera-sup-classic-10-8-pack-2-325x84x15cm\\\/\",\"name\":\"Spinera SUP Classic 10.8 Pack 2 - 325x84x15cm - WATERSKIS.LV\",\"isPartOf\":{\"@id\":\"https:\\\/\\\/www.waterskis.lv\\\/en\\\/#website\"},\"primaryImageOfPage\":{\"@id\":\"https:\\\/\\\/www.waterskis.lv\\\/en\\\/product\\\/spinera-sup-classic-10-8-pack-2-325x84x15cm\\\/#primaryimage\"},\"image\":{\"@id\":\"https:\\\/\\\/www.waterskis.lv\\\/en\\\/product\\\/spinera-sup-classic-10-8-pack-2-325x84x15cm\\\/#primaryimage\"},\"thumbnailUrl\":\"https:\\\/\\\/www.waterskis.lv\\\/wp-content\\\/uploads\\\/2025\\\/12\\\/w26107-set-spinera-classic-10.8-pack2.webp\",\"datePublished\":\"2025-12-19T17:39:19+00:00\",\"dateModified\":\"2026-02-01T15:40:49+00:00\",\"description\":\"Spinera SUP Classic 10.8 Pack 2 - 325x84x15cm. The wide standing area ensures a secure feel on the water - perfect for first paddling attempts, relaxed tour\",\"breadcrumb\":{\"@id\":\"https:\\\/\\\/www.waterskis.lv\\\/en\\\/product\\\/spinera-sup-classic-10-8-pack-2-325x84x15cm\\\/#breadcrumb\"},\"inLanguage\":\"en-US\",\"potentialAction\":[{\"@type\":\"ReadAction\",\"target\":[\"https:\\\/\\\/www.waterskis.lv\\\/en\\\/product\\\/spinera-sup-classic-10-8-pack-2-325x84x15cm\\\/\"]}]},{\"@type\":\"ImageObject\",\"inLanguage\":\"en-US\",\"@id\":\"https:\\\/\\\/www.waterskis.lv\\\/en\\\/product\\\/spinera-sup-classic-10-8-pack-2-325x84x15cm\\\/#primaryimage\",\"url\":\"https:\\\/\\\/www.waterskis.lv\\\/wp-content\\\/uploads\\\/2025\\\/12\\\/w26107-set-spinera-classic-10.8-pack2.webp\",\"contentUrl\":\"https:\\\/\\\/www.waterskis.lv\\\/wp-content\\\/uploads\\\/2025\\\/12\\\/w26107-set-spinera-classic-10.8-pack2.webp\",\"width\":2000,\"height\":2000,\"caption\":\"Spinera SUP Classic 10.8 Pack 2 - 325x84x15cm\"},{\"@type\":\"BreadcrumbList\",\"@id\":\"https:\\\/\\\/www.waterskis.lv\\\/en\\\/product\\\/spinera-sup-classic-10-8-pack-2-325x84x15cm\\\/#breadcrumb\",\"itemListElement\":[{\"@type\":\"ListItem\",\"position\":1,\"name\":\"Home\",\"item\":\"https:\\\/\\\/www.waterskis.lv\\\/en\\\/\"},{\"@type\":\"ListItem\",\"position\":2,\"name\":\"Shop\",\"item\":\"https:\\\/\\\/waterskis.lv\\\/en\\\/shop\\\/\"},{\"@type\":\"ListItem\",\"position\":3,\"name\":\"Spinera SUP Classic 10.8 Pack 2 &#8211; 325x84x15cm\"}]},{\"@type\":\"WebSite\",\"@id\":\"https:\\\/\\\/www.waterskis.lv\\\/en\\\/#website\",\"url\":\"https:\\\/\\\/www.waterskis.lv\\\/en\\\/\",\"name\":\"WATERSKIS.LV\",\"description\":\"SUP d\u0113\u013ci, kajaki, kanoe, airu laivas, \u016bdenssl\u0113po\u0161ana, veikbords, SUP d\u0113\u013cu noma, kajaku nomaakt\u012bv\u0101s atp\u016btas centrs, laivu noma, sup noma, kajaku noma\",\"publisher\":{\"@id\":\"https:\\\/\\\/www.waterskis.lv\\\/en\\\/#organization\"},\"potentialAction\":[{\"@type\":\"SearchAction\",\"target\":{\"@type\":\"EntryPoint\",\"urlTemplate\":\"https:\\\/\\\/www.waterskis.lv\\\/en\\\/?s={search_term_string}\"},\"query-input\":{\"@type\":\"PropertyValueSpecification\",\"valueRequired\":true,\"valueName\":\"search_term_string\"}}],\"inLanguage\":\"en-US\"},{\"@type\":\"Organization\",\"@id\":\"https:\\\/\\\/www.waterskis.lv\\\/en\\\/#organization\",\"name\":\"WATERSKIS.LV\",\"url\":\"https:\\\/\\\/www.waterskis.lv\\\/en\\\/\",\"logo\":{\"@type\":\"ImageObject\",\"inLanguage\":\"en-US\",\"@id\":\"https:\\\/\\\/www.waterskis.lv\\\/en\\\/#\\\/schema\\\/logo\\\/image\\\/\",\"url\":\"https:\\\/\\\/www.waterskis.lv\\\/wp-content\\\/uploads\\\/2025\\\/01\\\/JUVP-logo.png\",\"contentUrl\":\"https:\\\/\\\/www.waterskis.lv\\\/wp-content\\\/uploads\\\/2025\\\/01\\\/JUVP-logo.png\",\"width\":421,\"height\":202,\"caption\":\"WATERSKIS.LV\"},\"image\":{\"@id\":\"https:\\\/\\\/www.waterskis.lv\\\/en\\\/#\\\/schema\\\/logo\\\/image\\\/\"},\"sameAs\":[\"https:\\\/\\\/www.facebook.com\\\/jurmalawaterskiwakeboardpark\\\/\"]}]}<\/script>\n<!-- \/ Yoast SEO plugin. -->","yoast_head_json":{"title":"Spinera SUP Classic 10.8 Pack 2 - 325x84x15cm - WATERSKIS.LV","description":"Spinera SUP Classic 10.8 Pack 2 - 325x84x15cm. The wide standing area ensures a secure feel on the water - perfect for first paddling attempts, relaxed tour","robots":{"index":"index","follow":"follow","max-snippet":"max-snippet:-1","max-image-preview":"max-image-preview:large","max-video-preview":"max-video-preview:-1"},"canonical":"https:\/\/www.waterskis.lv\/en\/product\/spinera-sup-classic-10-8-pack-2-325x84x15cm\/","og_locale":"en_US","og_type":"article","og_title":"Spinera SUP Classic 10.8 Pack 2 - 325x84x15cm - WATERSKIS.LV","og_description":"Spinera SUP Classic 10.8 Pack 2 - 325x84x15cm. The wide standing area ensures a secure feel on the water - perfect for first paddling attempts, relaxed tour","og_url":"https:\/\/www.waterskis.lv\/en\/product\/spinera-sup-classic-10-8-pack-2-325x84x15cm\/","og_site_name":"WATERSKIS.LV","article_publisher":"https:\/\/www.facebook.com\/jurmalawaterskiwakeboardpark\/","article_modified_time":"2026-02-01T15:40:49+00:00","og_image":[{"width":2000,"height":2000,"url":"https:\/\/www.waterskis.lv\/wp-content\/uploads\/2025\/12\/w26107-set-spinera-classic-10.8-pack2.webp","type":"image\/webp"}],"twitter_card":"summary_large_image","twitter_misc":{"Est. reading time":"2 minutes"},"schema":{"@context":"https:\/\/schema.org","@graph":[{"@type":"WebPage","@id":"https:\/\/www.waterskis.lv\/en\/product\/spinera-sup-classic-10-8-pack-2-325x84x15cm\/","url":"https:\/\/www.waterskis.lv\/en\/product\/spinera-sup-classic-10-8-pack-2-325x84x15cm\/","name":"Spinera SUP Classic 10.8 Pack 2 - 325x84x15cm - WATERSKIS.LV","isPartOf":{"@id":"https:\/\/www.waterskis.lv\/en\/#website"},"primaryImageOfPage":{"@id":"https:\/\/www.waterskis.lv\/en\/product\/spinera-sup-classic-10-8-pack-2-325x84x15cm\/#primaryimage"},"image":{"@id":"https:\/\/www.waterskis.lv\/en\/product\/spinera-sup-classic-10-8-pack-2-325x84x15cm\/#primaryimage"},"thumbnailUrl":"https:\/\/www.waterskis.lv\/wp-content\/uploads\/2025\/12\/w26107-set-spinera-classic-10.8-pack2.webp","datePublished":"2025-12-19T17:39:19+00:00","dateModified":"2026-02-01T15:40:49+00:00","description":"Spinera SUP Classic 10.8 Pack 2 - 325x84x15cm. The wide standing area ensures a secure feel on the water - perfect for first paddling attempts, relaxed tour","breadcrumb":{"@id":"https:\/\/www.waterskis.lv\/en\/product\/spinera-sup-classic-10-8-pack-2-325x84x15cm\/#breadcrumb"},"inLanguage":"en-US","potentialAction":[{"@type":"ReadAction","target":["https:\/\/www.waterskis.lv\/en\/product\/spinera-sup-classic-10-8-pack-2-325x84x15cm\/"]}]},{"@type":"ImageObject","inLanguage":"en-US","@id":"https:\/\/www.waterskis.lv\/en\/product\/spinera-sup-classic-10-8-pack-2-325x84x15cm\/#primaryimage","url":"https:\/\/www.waterskis.lv\/wp-content\/uploads\/2025\/12\/w26107-set-spinera-classic-10.8-pack2.webp","contentUrl":"https:\/\/www.waterskis.lv\/wp-content\/uploads\/2025\/12\/w26107-set-spinera-classic-10.8-pack2.webp","width":2000,"height":2000,"caption":"Spinera SUP Classic 10.8 Pack 2 - 325x84x15cm"},{"@type":"BreadcrumbList","@id":"https:\/\/www.waterskis.lv\/en\/product\/spinera-sup-classic-10-8-pack-2-325x84x15cm\/#breadcrumb","itemListElement":[{"@type":"ListItem","position":1,"name":"Home","item":"https:\/\/www.waterskis.lv\/en\/"},{"@type":"ListItem","position":2,"name":"Shop","item":"https:\/\/waterskis.lv\/en\/shop\/"},{"@type":"ListItem","position":3,"name":"Spinera SUP Classic 10.8 Pack 2 &#8211; 325x84x15cm"}]},{"@type":"WebSite","@id":"https:\/\/www.waterskis.lv\/en\/#website","url":"https:\/\/www.waterskis.lv\/en\/","name":"WATERSKIS.LV","description":"SUP d\u0113\u013ci, kajaki, kanoe, airu laivas, \u016bdenssl\u0113po\u0161ana, veikbords, SUP d\u0113\u013cu noma, kajaku nomaakt\u012bv\u0101s atp\u016btas centrs, laivu noma, sup noma, kajaku noma","publisher":{"@id":"https:\/\/www.waterskis.lv\/en\/#organization"},"potentialAction":[{"@type":"SearchAction","target":{"@type":"EntryPoint","urlTemplate":"https:\/\/www.waterskis.lv\/en\/?s={search_term_string}"},"query-input":{"@type":"PropertyValueSpecification","valueRequired":true,"valueName":"search_term_string"}}],"inLanguage":"en-US"},{"@type":"Organization","@id":"https:\/\/www.waterskis.lv\/en\/#organization","name":"WATERSKIS.LV","url":"https:\/\/www.waterskis.lv\/en\/","logo":{"@type":"ImageObject","inLanguage":"en-US","@id":"https:\/\/www.waterskis.lv\/en\/#\/schema\/logo\/image\/","url":"https:\/\/www.waterskis.lv\/wp-content\/uploads\/2025\/01\/JUVP-logo.png","contentUrl":"https:\/\/www.waterskis.lv\/wp-content\/uploads\/2025\/01\/JUVP-logo.png","width":421,"height":202,"caption":"WATERSKIS.LV"},"image":{"@id":"https:\/\/www.waterskis.lv\/en\/#\/schema\/logo\/image\/"},"sameAs":["https:\/\/www.facebook.com\/jurmalawaterskiwakeboardpark\/"]}]}},"_links":{"self":[{"href":"https:\/\/www.waterskis.lv\/en\/wp-json\/wp\/v2\/product\/68100","targetHints":{"allow":["GET"]}}],"collection":[{"href":"https:\/\/www.waterskis.lv\/en\/wp-json\/wp\/v2\/product"}],"about":[{"href":"https:\/\/www.waterskis.lv\/en\/wp-json\/wp\/v2\/types\/product"}],"replies":[{"embeddable":true,"href":"https:\/\/www.waterskis.lv\/en\/wp-json\/wp\/v2\/comments?post=68100"}],"wp:featuredmedia":[{"embeddable":true,"href":"https:\/\/www.waterskis.lv\/en\/wp-json\/wp\/v2\/media\/68101"}],"wp:attachment":[{"href":"https:\/\/www.waterskis.lv\/en\/wp-json\/wp\/v2\/media?parent=68100"}],"wp:term":[{"taxonomy":"product_brand","embeddable":true,"href":"https:\/\/www.waterskis.lv\/en\/wp-json\/wp\/v2\/product_brand?post=68100"},{"taxonomy":"product_cat","embeddable":true,"href":"https:\/\/www.waterskis.lv\/en\/wp-json\/wp\/v2\/product_cat?post=68100"},{"taxonomy":"product_tag","embeddable":true,"href":"https:\/\/www.waterskis.lv\/en\/wp-json\/wp\/v2\/product_tag?post=68100"}],"curies":[{"name":"wp","href":"https:\/\/api.w.org\/{rel}","templated":true}]}}