{"id":68263,"date":"2025-12-21T19:00:20","date_gmt":"2025-12-21T17:00:20","guid":{"rendered":"https:\/\/www.waterskis.lv\/product\/spinera-towable-rope-10-person\/"},"modified":"2026-01-31T13:47:16","modified_gmt":"2026-01-31T11:47:16","slug":"spinera-towable-rope-10-person","status":"publish","type":"product","link":"https:\/\/www.waterskis.lv\/en\/product\/spinera-towable-rope-10-person\/","title":{"rendered":"Spinera Towable Rope 10 Person"},"content":{"rendered":"<h1>Spinera Towable Rope 10 Person<\/h1>\n<p>Spinera Towable Rope 10 Person<\/p>\n<p>Art. No.\u00a019397<\/p>\n<p>Discover the ultimate water adventure with the Spinera Towable Rope &#8211; the perfect towline for thrilling experiences with up to 10 people! This high-quality rope is specially designed for use with inflatable tubes, providing a secure and reliable connection between the boat and the tube.<\/p>\n<p>&nbsp;<\/p>\n<p>With an impressive maximum load capacity of 2767 kg and a generous length of 60 feet (approximately 18 meters), this rope is ideal for larger groups and families looking to have fun together on the water. The robust construction ensures maximum safety and durability, while the 16-strand braided design (14 red main strands + 2 white buoyant strands) provides even weight distribution and additional stability.<\/p>\n<p>&nbsp;<\/p>\n<p>The vibrant red color not only ensures excellent visibility on the water but also adds a dynamic and eye-catching look to your tubing experience.<\/p>\n<p>&nbsp;<\/p>\n<p>Experience the thrilling world of tubing with friends and family using the Spinera Towable Rope, and create unforgettable memories full of fun and adventure on the water!<\/p>\n<p>&nbsp;<\/p>\n<p><b>Specs:<\/b><\/p>\n<ul>\n<li>Strength: 2767kg<\/li>\n<li>Length: 60\u00b4- 18m<\/li>\n<li>Capacity: 10 Person<\/li>\n<li>Strands: 16 \/ 14 strands + 2 stands white<\/li>\n<li>Floating: Yes<\/li>\n<li>Color: Red<\/li>\n<\/ul>\n","protected":false},"excerpt":{"rendered":"<ul>\n<li>Max. Load: 2767kg<\/li>\n<li>Length: 18m<\/li>\n<li>Capacity: 10 people<\/li>\n<li>Rope braiding: 16<\/li>\n<li>Floating line: Yes<\/li>\n<\/ul>\n<p> [&#8230;]<\/p>\n<p><a class=\"btn btn-secondary understrap-read-more-link\" href=\"https:\/\/www.waterskis.lv\/en\/product\/spinera-towable-rope-10-person\/\">Read More&#8230;<\/a><\/p>\n","protected":false},"featured_media":68264,"comment_status":"closed","ping_status":"closed","template":"","meta":{"_acf_changed":false,"inline_featured_image":false},"product_brand":[1279],"product_cat":[969,380],"product_tag":[3083,1550,1561,3084],"class_list":{"0":"post-68263","1":"product","2":"type-product","3":"status-publish","4":"has-post-thumbnail","6":"product_brand-spinera-watersports","7":"product_cat-ropes-accessories","8":"product_cat-towables","9":"product_tag-rope","10":"product_tag-towable-rope","11":"product_tag-virve-piepusamajam-puslim","12":"product_tag-3084","14":"first","15":"instock","16":"shipping-taxable","17":"purchasable","18":"product-type-simple"},"acf":[],"yoast_head":"<!-- This site is optimized with the Yoast SEO plugin v27.5 - https:\/\/yoast.com\/product\/yoast-seo-wordpress\/ -->\n<title>Spinera Towable Rope 10 Person - WATERSKIS.LV<\/title>\n<meta name=\"description\" content=\"Spinera Towable Rope 10 Person. This rope is ideal for larger groups and families looking to have fun together on the water\" \/>\n<meta name=\"robots\" content=\"index, follow, max-snippet:-1, max-image-preview:large, max-video-preview:-1\" \/>\n<link rel=\"canonical\" href=\"https:\/\/www.waterskis.lv\/en\/product\/spinera-towable-rope-10-person\/\" \/>\n<meta property=\"og:locale\" content=\"en_US\" \/>\n<meta property=\"og:type\" content=\"article\" \/>\n<meta property=\"og:title\" content=\"Spinera Towable Rope 10 Person - WATERSKIS.LV\" \/>\n<meta property=\"og:description\" content=\"Spinera Towable Rope 10 Person. This rope is ideal for larger groups and families looking to have fun together on the water\" \/>\n<meta property=\"og:url\" content=\"https:\/\/www.waterskis.lv\/en\/product\/spinera-towable-rope-10-person\/\" \/>\n<meta property=\"og:site_name\" content=\"WATERSKIS.LV\" \/>\n<meta property=\"article:publisher\" content=\"https:\/\/www.facebook.com\/jurmalawaterskiwakeboardpark\/\" \/>\n<meta property=\"article:modified_time\" content=\"2026-01-31T11:47:16+00:00\" \/>\n<meta property=\"og:image\" content=\"https:\/\/www.waterskis.lv\/wp-content\/uploads\/2025\/12\/19397_image_19397_spinera_towable_rope__10_person_19397_1.webp\" \/>\n\t<meta property=\"og:image:width\" content=\"1200\" \/>\n\t<meta property=\"og:image:height\" content=\"1200\" \/>\n\t<meta property=\"og:image:type\" content=\"image\/webp\" \/>\n<meta name=\"twitter:card\" content=\"summary_large_image\" \/>\n<meta name=\"twitter:label1\" content=\"Est. reading time\" \/>\n\t<meta name=\"twitter:data1\" content=\"2 minutes\" \/>\n<script type=\"application\/ld+json\" class=\"yoast-schema-graph\">{\"@context\":\"https:\\\/\\\/schema.org\",\"@graph\":[{\"@type\":\"WebPage\",\"@id\":\"https:\\\/\\\/www.waterskis.lv\\\/en\\\/product\\\/spinera-towable-rope-10-person\\\/\",\"url\":\"https:\\\/\\\/www.waterskis.lv\\\/en\\\/product\\\/spinera-towable-rope-10-person\\\/\",\"name\":\"Spinera Towable Rope 10 Person - WATERSKIS.LV\",\"isPartOf\":{\"@id\":\"https:\\\/\\\/www.waterskis.lv\\\/en\\\/#website\"},\"primaryImageOfPage\":{\"@id\":\"https:\\\/\\\/www.waterskis.lv\\\/en\\\/product\\\/spinera-towable-rope-10-person\\\/#primaryimage\"},\"image\":{\"@id\":\"https:\\\/\\\/www.waterskis.lv\\\/en\\\/product\\\/spinera-towable-rope-10-person\\\/#primaryimage\"},\"thumbnailUrl\":\"https:\\\/\\\/www.waterskis.lv\\\/wp-content\\\/uploads\\\/2025\\\/12\\\/19397_image_19397_spinera_towable_rope__10_person_19397_1.webp\",\"datePublished\":\"2025-12-21T17:00:20+00:00\",\"dateModified\":\"2026-01-31T11:47:16+00:00\",\"description\":\"Spinera Towable Rope 10 Person. This rope is ideal for larger groups and families looking to have fun together on the water\",\"breadcrumb\":{\"@id\":\"https:\\\/\\\/www.waterskis.lv\\\/en\\\/product\\\/spinera-towable-rope-10-person\\\/#breadcrumb\"},\"inLanguage\":\"en-US\",\"potentialAction\":[{\"@type\":\"ReadAction\",\"target\":[\"https:\\\/\\\/www.waterskis.lv\\\/en\\\/product\\\/spinera-towable-rope-10-person\\\/\"]}]},{\"@type\":\"ImageObject\",\"inLanguage\":\"en-US\",\"@id\":\"https:\\\/\\\/www.waterskis.lv\\\/en\\\/product\\\/spinera-towable-rope-10-person\\\/#primaryimage\",\"url\":\"https:\\\/\\\/www.waterskis.lv\\\/wp-content\\\/uploads\\\/2025\\\/12\\\/19397_image_19397_spinera_towable_rope__10_person_19397_1.webp\",\"contentUrl\":\"https:\\\/\\\/www.waterskis.lv\\\/wp-content\\\/uploads\\\/2025\\\/12\\\/19397_image_19397_spinera_towable_rope__10_person_19397_1.webp\",\"width\":1200,\"height\":1200,\"caption\":\"Spinera Towable Rope 10 Person\"},{\"@type\":\"BreadcrumbList\",\"@id\":\"https:\\\/\\\/www.waterskis.lv\\\/en\\\/product\\\/spinera-towable-rope-10-person\\\/#breadcrumb\",\"itemListElement\":[{\"@type\":\"ListItem\",\"position\":1,\"name\":\"Home\",\"item\":\"https:\\\/\\\/www.waterskis.lv\\\/en\\\/\"},{\"@type\":\"ListItem\",\"position\":2,\"name\":\"Shop\",\"item\":\"https:\\\/\\\/waterskis.lv\\\/en\\\/shop\\\/\"},{\"@type\":\"ListItem\",\"position\":3,\"name\":\"Spinera Towable Rope 10 Person\"}]},{\"@type\":\"WebSite\",\"@id\":\"https:\\\/\\\/www.waterskis.lv\\\/en\\\/#website\",\"url\":\"https:\\\/\\\/www.waterskis.lv\\\/en\\\/\",\"name\":\"WATERSKIS.LV\",\"description\":\"SUP d\u0113\u013ci, kajaki, kanoe, airu laivas, \u016bdenssl\u0113po\u0161ana, veikbords, SUP d\u0113\u013cu noma, kajaku nomaakt\u012bv\u0101s atp\u016btas centrs, laivu noma, sup noma, kajaku noma\",\"publisher\":{\"@id\":\"https:\\\/\\\/www.waterskis.lv\\\/en\\\/#organization\"},\"potentialAction\":[{\"@type\":\"SearchAction\",\"target\":{\"@type\":\"EntryPoint\",\"urlTemplate\":\"https:\\\/\\\/www.waterskis.lv\\\/en\\\/?s={search_term_string}\"},\"query-input\":{\"@type\":\"PropertyValueSpecification\",\"valueRequired\":true,\"valueName\":\"search_term_string\"}}],\"inLanguage\":\"en-US\"},{\"@type\":\"Organization\",\"@id\":\"https:\\\/\\\/www.waterskis.lv\\\/en\\\/#organization\",\"name\":\"WATERSKIS.LV\",\"url\":\"https:\\\/\\\/www.waterskis.lv\\\/en\\\/\",\"logo\":{\"@type\":\"ImageObject\",\"inLanguage\":\"en-US\",\"@id\":\"https:\\\/\\\/www.waterskis.lv\\\/en\\\/#\\\/schema\\\/logo\\\/image\\\/\",\"url\":\"https:\\\/\\\/www.waterskis.lv\\\/wp-content\\\/uploads\\\/2025\\\/01\\\/JUVP-logo.png\",\"contentUrl\":\"https:\\\/\\\/www.waterskis.lv\\\/wp-content\\\/uploads\\\/2025\\\/01\\\/JUVP-logo.png\",\"width\":421,\"height\":202,\"caption\":\"WATERSKIS.LV\"},\"image\":{\"@id\":\"https:\\\/\\\/www.waterskis.lv\\\/en\\\/#\\\/schema\\\/logo\\\/image\\\/\"},\"sameAs\":[\"https:\\\/\\\/www.facebook.com\\\/jurmalawaterskiwakeboardpark\\\/\"]}]}<\/script>\n<!-- \/ Yoast SEO plugin. -->","yoast_head_json":{"title":"Spinera Towable Rope 10 Person - WATERSKIS.LV","description":"Spinera Towable Rope 10 Person. This rope is ideal for larger groups and families looking to have fun together on the water","robots":{"index":"index","follow":"follow","max-snippet":"max-snippet:-1","max-image-preview":"max-image-preview:large","max-video-preview":"max-video-preview:-1"},"canonical":"https:\/\/www.waterskis.lv\/en\/product\/spinera-towable-rope-10-person\/","og_locale":"en_US","og_type":"article","og_title":"Spinera Towable Rope 10 Person - WATERSKIS.LV","og_description":"Spinera Towable Rope 10 Person. This rope is ideal for larger groups and families looking to have fun together on the water","og_url":"https:\/\/www.waterskis.lv\/en\/product\/spinera-towable-rope-10-person\/","og_site_name":"WATERSKIS.LV","article_publisher":"https:\/\/www.facebook.com\/jurmalawaterskiwakeboardpark\/","article_modified_time":"2026-01-31T11:47:16+00:00","og_image":[{"width":1200,"height":1200,"url":"https:\/\/www.waterskis.lv\/wp-content\/uploads\/2025\/12\/19397_image_19397_spinera_towable_rope__10_person_19397_1.webp","type":"image\/webp"}],"twitter_card":"summary_large_image","twitter_misc":{"Est. reading time":"2 minutes"},"schema":{"@context":"https:\/\/schema.org","@graph":[{"@type":"WebPage","@id":"https:\/\/www.waterskis.lv\/en\/product\/spinera-towable-rope-10-person\/","url":"https:\/\/www.waterskis.lv\/en\/product\/spinera-towable-rope-10-person\/","name":"Spinera Towable Rope 10 Person - WATERSKIS.LV","isPartOf":{"@id":"https:\/\/www.waterskis.lv\/en\/#website"},"primaryImageOfPage":{"@id":"https:\/\/www.waterskis.lv\/en\/product\/spinera-towable-rope-10-person\/#primaryimage"},"image":{"@id":"https:\/\/www.waterskis.lv\/en\/product\/spinera-towable-rope-10-person\/#primaryimage"},"thumbnailUrl":"https:\/\/www.waterskis.lv\/wp-content\/uploads\/2025\/12\/19397_image_19397_spinera_towable_rope__10_person_19397_1.webp","datePublished":"2025-12-21T17:00:20+00:00","dateModified":"2026-01-31T11:47:16+00:00","description":"Spinera Towable Rope 10 Person. This rope is ideal for larger groups and families looking to have fun together on the water","breadcrumb":{"@id":"https:\/\/www.waterskis.lv\/en\/product\/spinera-towable-rope-10-person\/#breadcrumb"},"inLanguage":"en-US","potentialAction":[{"@type":"ReadAction","target":["https:\/\/www.waterskis.lv\/en\/product\/spinera-towable-rope-10-person\/"]}]},{"@type":"ImageObject","inLanguage":"en-US","@id":"https:\/\/www.waterskis.lv\/en\/product\/spinera-towable-rope-10-person\/#primaryimage","url":"https:\/\/www.waterskis.lv\/wp-content\/uploads\/2025\/12\/19397_image_19397_spinera_towable_rope__10_person_19397_1.webp","contentUrl":"https:\/\/www.waterskis.lv\/wp-content\/uploads\/2025\/12\/19397_image_19397_spinera_towable_rope__10_person_19397_1.webp","width":1200,"height":1200,"caption":"Spinera Towable Rope 10 Person"},{"@type":"BreadcrumbList","@id":"https:\/\/www.waterskis.lv\/en\/product\/spinera-towable-rope-10-person\/#breadcrumb","itemListElement":[{"@type":"ListItem","position":1,"name":"Home","item":"https:\/\/www.waterskis.lv\/en\/"},{"@type":"ListItem","position":2,"name":"Shop","item":"https:\/\/waterskis.lv\/en\/shop\/"},{"@type":"ListItem","position":3,"name":"Spinera Towable Rope 10 Person"}]},{"@type":"WebSite","@id":"https:\/\/www.waterskis.lv\/en\/#website","url":"https:\/\/www.waterskis.lv\/en\/","name":"WATERSKIS.LV","description":"SUP d\u0113\u013ci, kajaki, kanoe, airu laivas, \u016bdenssl\u0113po\u0161ana, veikbords, SUP d\u0113\u013cu noma, kajaku nomaakt\u012bv\u0101s atp\u016btas centrs, laivu noma, sup noma, kajaku noma","publisher":{"@id":"https:\/\/www.waterskis.lv\/en\/#organization"},"potentialAction":[{"@type":"SearchAction","target":{"@type":"EntryPoint","urlTemplate":"https:\/\/www.waterskis.lv\/en\/?s={search_term_string}"},"query-input":{"@type":"PropertyValueSpecification","valueRequired":true,"valueName":"search_term_string"}}],"inLanguage":"en-US"},{"@type":"Organization","@id":"https:\/\/www.waterskis.lv\/en\/#organization","name":"WATERSKIS.LV","url":"https:\/\/www.waterskis.lv\/en\/","logo":{"@type":"ImageObject","inLanguage":"en-US","@id":"https:\/\/www.waterskis.lv\/en\/#\/schema\/logo\/image\/","url":"https:\/\/www.waterskis.lv\/wp-content\/uploads\/2025\/01\/JUVP-logo.png","contentUrl":"https:\/\/www.waterskis.lv\/wp-content\/uploads\/2025\/01\/JUVP-logo.png","width":421,"height":202,"caption":"WATERSKIS.LV"},"image":{"@id":"https:\/\/www.waterskis.lv\/en\/#\/schema\/logo\/image\/"},"sameAs":["https:\/\/www.facebook.com\/jurmalawaterskiwakeboardpark\/"]}]}},"_links":{"self":[{"href":"https:\/\/www.waterskis.lv\/en\/wp-json\/wp\/v2\/product\/68263","targetHints":{"allow":["GET"]}}],"collection":[{"href":"https:\/\/www.waterskis.lv\/en\/wp-json\/wp\/v2\/product"}],"about":[{"href":"https:\/\/www.waterskis.lv\/en\/wp-json\/wp\/v2\/types\/product"}],"replies":[{"embeddable":true,"href":"https:\/\/www.waterskis.lv\/en\/wp-json\/wp\/v2\/comments?post=68263"}],"wp:featuredmedia":[{"embeddable":true,"href":"https:\/\/www.waterskis.lv\/en\/wp-json\/wp\/v2\/media\/68264"}],"wp:attachment":[{"href":"https:\/\/www.waterskis.lv\/en\/wp-json\/wp\/v2\/media?parent=68263"}],"wp:term":[{"taxonomy":"product_brand","embeddable":true,"href":"https:\/\/www.waterskis.lv\/en\/wp-json\/wp\/v2\/product_brand?post=68263"},{"taxonomy":"product_cat","embeddable":true,"href":"https:\/\/www.waterskis.lv\/en\/wp-json\/wp\/v2\/product_cat?post=68263"},{"taxonomy":"product_tag","embeddable":true,"href":"https:\/\/www.waterskis.lv\/en\/wp-json\/wp\/v2\/product_tag?post=68263"}],"curies":[{"name":"wp","href":"https:\/\/api.w.org\/{rel}","templated":true}]}}