{"id":68979,"date":"2026-01-04T18:50:57","date_gmt":"2026-01-04T16:50:57","guid":{"rendered":"https:\/\/www.waterskis.lv\/product\/jobe-kayak-or-sailing-adventure-vest\/"},"modified":"2026-02-07T10:06:34","modified_gmt":"2026-02-07T08:06:34","slug":"jobe-kayak-or-sailing-adventure-vest","status":"publish","type":"product","link":"https:\/\/www.waterskis.lv\/en\/product\/jobe-kayak-or-sailing-adventure-vest\/","title":{"rendered":"Jobe Kayak or Sailing Adventure Vest"},"content":{"rendered":"<h1 class=\"productTitle s-hide\">Jobe Kayak or Sailing Adventure Vest<\/h1>\n<p class=\"productTitle s-hide\">Jobe Kayak or Sailing Adventure Vest<\/p>\n<p>Color<\/p>\n<p class=\"productTitle s-hide\">Atlantic Green<\/p>\n<p>Midnight\u00a0Blue<\/p>\n<table class=\"size_guide\">\n<thead>\n<tr>\n<th>Size<\/th>\n<th>Chest\u00a0<span class=\"sg_cm\">(CM)<\/span><\/th>\n<th>Weight<\/th>\n<\/tr>\n<\/thead>\n<tbody>\n<tr>\n<td>2XS\/XS<\/td>\n<td><span class=\"sg_cm\">80-90<\/span><\/td>\n<td>30-45<\/td>\n<\/tr>\n<tr>\n<td>S\/M<\/td>\n<td><span class=\"sg_cm\">90-105<\/span><\/td>\n<td>40-60<\/td>\n<\/tr>\n<tr>\n<td>L\/XL<\/td>\n<td><span class=\"sg_cm\">105-125<\/span><\/td>\n<td>70+<\/td>\n<\/tr>\n<tr>\n<td>2XL\/3XL<\/td>\n<td><span class=\"sg_cm\">125-145<\/span><\/td>\n<td>70+<\/td>\n<\/tr>\n<\/tbody>\n<\/table>\n","protected":false},"excerpt":{"rendered":"<div class=\"switch\"><\/div>\n<table class=\"size_guide\">\n<thead>\n<tr>\n<th>Size<\/th>\n<th>Chest\u00a0<span class=\"sg_cm\">(CM)<\/span><\/th>\n<th>Weight<\/th>\n<\/tr>\n<\/thead>\n<tbody>\n<tr>\n<td>2XS\/XS<\/td>\n<td><span class=\"sg_cm\">80-90<\/span><\/td>\n<td>30-45<\/td>\n<\/tr>\n<tr>\n<td>S\/M<\/td>\n<td><span class=\"sg_cm\">90-105<\/span><\/td>\n<td>40-60<\/td>\n<\/tr>\n<tr>\n<td>L\/XL<\/td>\n<td><span class=\"sg_cm\">105-125<\/span><\/td>\n<td>70+<\/td>\n<\/tr>\n<tr>\n<td>2XL\/3XL<\/td>\n<td><span class=\"sg_cm\">125-145<\/span><\/td>\n<td>70+<\/td>\n<\/tr>\n<\/tbody>\n<\/table>\n<p> [&#8230;]<\/p>\n<p><a class=\"btn btn-secondary understrap-read-more-link\" href=\"https:\/\/www.waterskis.lv\/en\/product\/jobe-kayak-or-sailing-adventure-vest\/\">Read More&#8230;<\/a><\/p>\n","protected":false},"featured_media":69212,"comment_status":"closed","ping_status":"closed","template":"","meta":{"_acf_changed":false,"inline_featured_image":false},"product_brand":[1330],"product_cat":[702],"product_tag":[1632,3616,1604,1584,3551,1613,1442,3617,3618,3619],"class_list":{"0":"post-68979","1":"product","2":"type-product","3":"status-publish","4":"has-post-thumbnail","6":"product_brand-jobe-watersports","7":"product_cat-life-jackets","8":"product_tag-buoyancy-aid","9":"product_tag-certified-life-jacket","10":"product_tag-glabsanas-veste","11":"product_tag-jobe-glabsanas-veste","12":"product_tag-jobe-watersports","13":"product_tag-life-jacket","14":"product_tag-peldveste","15":"product_tag-sertificeta-glabsanas-veste","16":"product_tag-3618","17":"product_tag-3619","19":"first","20":"instock","21":"shipping-taxable","22":"purchasable","23":"product-type-simple"},"acf":[],"yoast_head":"<!-- This site is optimized with the Yoast SEO plugin v27.3 - https:\/\/yoast.com\/product\/yoast-seo-wordpress\/ -->\n<title>Jobe Kayak or Sailing Adventure Vest - WATERSKIS.LV<\/title>\n<meta name=\"description\" content=\"Jobe Kayak or Sailing Adventure Vest. Color Atlantic Green, Midnight\u00a0Blue. life jacket, \u0441\u043f\u0430\u0441. \u0436\u0438\u043b\u0435\u0442,certified life jacket, buoyancy aid, Jobe Watersports\" \/>\n<meta name=\"robots\" content=\"index, follow, max-snippet:-1, max-image-preview:large, max-video-preview:-1\" \/>\n<link rel=\"canonical\" href=\"https:\/\/www.waterskis.lv\/en\/product\/jobe-kayak-or-sailing-adventure-vest\/\" \/>\n<meta property=\"og:locale\" content=\"en_US\" \/>\n<meta property=\"og:type\" content=\"article\" \/>\n<meta property=\"og:title\" content=\"Jobe Kayak or Sailing Adventure Vest - WATERSKIS.LV\" \/>\n<meta property=\"og:description\" content=\"Jobe Kayak or Sailing Adventure Vest. Color Atlantic Green, Midnight\u00a0Blue. life jacket, \u0441\u043f\u0430\u0441. \u0436\u0438\u043b\u0435\u0442,certified life jacket, buoyancy aid, Jobe Watersports\" \/>\n<meta property=\"og:url\" content=\"https:\/\/www.waterskis.lv\/en\/product\/jobe-kayak-or-sailing-adventure-vest\/\" \/>\n<meta property=\"og:site_name\" content=\"WATERSKIS.LV\" \/>\n<meta property=\"article:publisher\" content=\"https:\/\/www.facebook.com\/jurmalawaterskiwakeboardpark\/\" \/>\n<meta property=\"article:modified_time\" content=\"2026-02-07T08:06:34+00:00\" \/>\n<meta property=\"og:image\" content=\"https:\/\/www.waterskis.lv\/wp-content\/uploads\/2026\/01\/244825002-zoom.jpg\" \/>\n\t<meta property=\"og:image:width\" content=\"1500\" \/>\n\t<meta property=\"og:image:height\" content=\"1500\" \/>\n\t<meta property=\"og:image:type\" content=\"image\/jpeg\" \/>\n<meta name=\"twitter:card\" content=\"summary_large_image\" \/>\n<meta name=\"twitter:label1\" content=\"Est. reading time\" \/>\n\t<meta name=\"twitter:data1\" content=\"1 minute\" \/>\n<script type=\"application\/ld+json\" class=\"yoast-schema-graph\">{\"@context\":\"https:\\\/\\\/schema.org\",\"@graph\":[{\"@type\":\"WebPage\",\"@id\":\"https:\\\/\\\/www.waterskis.lv\\\/en\\\/product\\\/jobe-kayak-or-sailing-adventure-vest\\\/\",\"url\":\"https:\\\/\\\/www.waterskis.lv\\\/en\\\/product\\\/jobe-kayak-or-sailing-adventure-vest\\\/\",\"name\":\"Jobe Kayak or Sailing Adventure Vest - WATERSKIS.LV\",\"isPartOf\":{\"@id\":\"https:\\\/\\\/www.waterskis.lv\\\/en\\\/#website\"},\"primaryImageOfPage\":{\"@id\":\"https:\\\/\\\/www.waterskis.lv\\\/en\\\/product\\\/jobe-kayak-or-sailing-adventure-vest\\\/#primaryimage\"},\"image\":{\"@id\":\"https:\\\/\\\/www.waterskis.lv\\\/en\\\/product\\\/jobe-kayak-or-sailing-adventure-vest\\\/#primaryimage\"},\"thumbnailUrl\":\"https:\\\/\\\/www.waterskis.lv\\\/wp-content\\\/uploads\\\/2026\\\/01\\\/244825002-zoom.jpg\",\"datePublished\":\"2026-01-04T16:50:57+00:00\",\"dateModified\":\"2026-02-07T08:06:34+00:00\",\"description\":\"Jobe Kayak or Sailing Adventure Vest. Color Atlantic Green, Midnight\u00a0Blue. life jacket, \u0441\u043f\u0430\u0441. \u0436\u0438\u043b\u0435\u0442,certified life jacket, buoyancy aid, Jobe Watersports\",\"breadcrumb\":{\"@id\":\"https:\\\/\\\/www.waterskis.lv\\\/en\\\/product\\\/jobe-kayak-or-sailing-adventure-vest\\\/#breadcrumb\"},\"inLanguage\":\"en-US\",\"potentialAction\":[{\"@type\":\"ReadAction\",\"target\":[\"https:\\\/\\\/www.waterskis.lv\\\/en\\\/product\\\/jobe-kayak-or-sailing-adventure-vest\\\/\"]}]},{\"@type\":\"ImageObject\",\"inLanguage\":\"en-US\",\"@id\":\"https:\\\/\\\/www.waterskis.lv\\\/en\\\/product\\\/jobe-kayak-or-sailing-adventure-vest\\\/#primaryimage\",\"url\":\"https:\\\/\\\/www.waterskis.lv\\\/wp-content\\\/uploads\\\/2026\\\/01\\\/244825002-zoom.jpg\",\"contentUrl\":\"https:\\\/\\\/www.waterskis.lv\\\/wp-content\\\/uploads\\\/2026\\\/01\\\/244825002-zoom.jpg\",\"width\":1500,\"height\":1500,\"caption\":\"Jobe Kayak or Sailing Adventure Vest\"},{\"@type\":\"BreadcrumbList\",\"@id\":\"https:\\\/\\\/www.waterskis.lv\\\/en\\\/product\\\/jobe-kayak-or-sailing-adventure-vest\\\/#breadcrumb\",\"itemListElement\":[{\"@type\":\"ListItem\",\"position\":1,\"name\":\"Home\",\"item\":\"https:\\\/\\\/www.waterskis.lv\\\/en\\\/\"},{\"@type\":\"ListItem\",\"position\":2,\"name\":\"Shop\",\"item\":\"https:\\\/\\\/waterskis.lv\\\/en\\\/shop\\\/\"},{\"@type\":\"ListItem\",\"position\":3,\"name\":\"Jobe Kayak or Sailing Adventure Vest\"}]},{\"@type\":\"WebSite\",\"@id\":\"https:\\\/\\\/www.waterskis.lv\\\/en\\\/#website\",\"url\":\"https:\\\/\\\/www.waterskis.lv\\\/en\\\/\",\"name\":\"WATERSKIS.LV\",\"description\":\"SUP d\u0113\u013ci, kajaki, kanoe, airu laivas, \u016bdenssl\u0113po\u0161ana, veikbords, SUP d\u0113\u013cu noma, kajaku nomaakt\u012bv\u0101s atp\u016btas centrs, laivu noma, sup noma, kajaku noma\",\"publisher\":{\"@id\":\"https:\\\/\\\/www.waterskis.lv\\\/en\\\/#organization\"},\"potentialAction\":[{\"@type\":\"SearchAction\",\"target\":{\"@type\":\"EntryPoint\",\"urlTemplate\":\"https:\\\/\\\/www.waterskis.lv\\\/en\\\/?s={search_term_string}\"},\"query-input\":{\"@type\":\"PropertyValueSpecification\",\"valueRequired\":true,\"valueName\":\"search_term_string\"}}],\"inLanguage\":\"en-US\"},{\"@type\":\"Organization\",\"@id\":\"https:\\\/\\\/www.waterskis.lv\\\/en\\\/#organization\",\"name\":\"WATERSKIS.LV\",\"url\":\"https:\\\/\\\/www.waterskis.lv\\\/en\\\/\",\"logo\":{\"@type\":\"ImageObject\",\"inLanguage\":\"en-US\",\"@id\":\"https:\\\/\\\/www.waterskis.lv\\\/en\\\/#\\\/schema\\\/logo\\\/image\\\/\",\"url\":\"https:\\\/\\\/www.waterskis.lv\\\/wp-content\\\/uploads\\\/2025\\\/01\\\/JUVP-logo.png\",\"contentUrl\":\"https:\\\/\\\/www.waterskis.lv\\\/wp-content\\\/uploads\\\/2025\\\/01\\\/JUVP-logo.png\",\"width\":421,\"height\":202,\"caption\":\"WATERSKIS.LV\"},\"image\":{\"@id\":\"https:\\\/\\\/www.waterskis.lv\\\/en\\\/#\\\/schema\\\/logo\\\/image\\\/\"},\"sameAs\":[\"https:\\\/\\\/www.facebook.com\\\/jurmalawaterskiwakeboardpark\\\/\"]}]}<\/script>\n<!-- \/ Yoast SEO plugin. -->","yoast_head_json":{"title":"Jobe Kayak or Sailing Adventure Vest - WATERSKIS.LV","description":"Jobe Kayak or Sailing Adventure Vest. Color Atlantic Green, Midnight\u00a0Blue. life jacket, \u0441\u043f\u0430\u0441. \u0436\u0438\u043b\u0435\u0442,certified life jacket, buoyancy aid, Jobe Watersports","robots":{"index":"index","follow":"follow","max-snippet":"max-snippet:-1","max-image-preview":"max-image-preview:large","max-video-preview":"max-video-preview:-1"},"canonical":"https:\/\/www.waterskis.lv\/en\/product\/jobe-kayak-or-sailing-adventure-vest\/","og_locale":"en_US","og_type":"article","og_title":"Jobe Kayak or Sailing Adventure Vest - WATERSKIS.LV","og_description":"Jobe Kayak or Sailing Adventure Vest. Color Atlantic Green, Midnight\u00a0Blue. life jacket, \u0441\u043f\u0430\u0441. \u0436\u0438\u043b\u0435\u0442,certified life jacket, buoyancy aid, Jobe Watersports","og_url":"https:\/\/www.waterskis.lv\/en\/product\/jobe-kayak-or-sailing-adventure-vest\/","og_site_name":"WATERSKIS.LV","article_publisher":"https:\/\/www.facebook.com\/jurmalawaterskiwakeboardpark\/","article_modified_time":"2026-02-07T08:06:34+00:00","og_image":[{"width":1500,"height":1500,"url":"https:\/\/www.waterskis.lv\/wp-content\/uploads\/2026\/01\/244825002-zoom.jpg","type":"image\/jpeg"}],"twitter_card":"summary_large_image","twitter_misc":{"Est. reading time":"1 minute"},"schema":{"@context":"https:\/\/schema.org","@graph":[{"@type":"WebPage","@id":"https:\/\/www.waterskis.lv\/en\/product\/jobe-kayak-or-sailing-adventure-vest\/","url":"https:\/\/www.waterskis.lv\/en\/product\/jobe-kayak-or-sailing-adventure-vest\/","name":"Jobe Kayak or Sailing Adventure Vest - WATERSKIS.LV","isPartOf":{"@id":"https:\/\/www.waterskis.lv\/en\/#website"},"primaryImageOfPage":{"@id":"https:\/\/www.waterskis.lv\/en\/product\/jobe-kayak-or-sailing-adventure-vest\/#primaryimage"},"image":{"@id":"https:\/\/www.waterskis.lv\/en\/product\/jobe-kayak-or-sailing-adventure-vest\/#primaryimage"},"thumbnailUrl":"https:\/\/www.waterskis.lv\/wp-content\/uploads\/2026\/01\/244825002-zoom.jpg","datePublished":"2026-01-04T16:50:57+00:00","dateModified":"2026-02-07T08:06:34+00:00","description":"Jobe Kayak or Sailing Adventure Vest. Color Atlantic Green, Midnight\u00a0Blue. life jacket, \u0441\u043f\u0430\u0441. \u0436\u0438\u043b\u0435\u0442,certified life jacket, buoyancy aid, Jobe Watersports","breadcrumb":{"@id":"https:\/\/www.waterskis.lv\/en\/product\/jobe-kayak-or-sailing-adventure-vest\/#breadcrumb"},"inLanguage":"en-US","potentialAction":[{"@type":"ReadAction","target":["https:\/\/www.waterskis.lv\/en\/product\/jobe-kayak-or-sailing-adventure-vest\/"]}]},{"@type":"ImageObject","inLanguage":"en-US","@id":"https:\/\/www.waterskis.lv\/en\/product\/jobe-kayak-or-sailing-adventure-vest\/#primaryimage","url":"https:\/\/www.waterskis.lv\/wp-content\/uploads\/2026\/01\/244825002-zoom.jpg","contentUrl":"https:\/\/www.waterskis.lv\/wp-content\/uploads\/2026\/01\/244825002-zoom.jpg","width":1500,"height":1500,"caption":"Jobe Kayak or Sailing Adventure Vest"},{"@type":"BreadcrumbList","@id":"https:\/\/www.waterskis.lv\/en\/product\/jobe-kayak-or-sailing-adventure-vest\/#breadcrumb","itemListElement":[{"@type":"ListItem","position":1,"name":"Home","item":"https:\/\/www.waterskis.lv\/en\/"},{"@type":"ListItem","position":2,"name":"Shop","item":"https:\/\/waterskis.lv\/en\/shop\/"},{"@type":"ListItem","position":3,"name":"Jobe Kayak or Sailing Adventure Vest"}]},{"@type":"WebSite","@id":"https:\/\/www.waterskis.lv\/en\/#website","url":"https:\/\/www.waterskis.lv\/en\/","name":"WATERSKIS.LV","description":"SUP d\u0113\u013ci, kajaki, kanoe, airu laivas, \u016bdenssl\u0113po\u0161ana, veikbords, SUP d\u0113\u013cu noma, kajaku nomaakt\u012bv\u0101s atp\u016btas centrs, laivu noma, sup noma, kajaku noma","publisher":{"@id":"https:\/\/www.waterskis.lv\/en\/#organization"},"potentialAction":[{"@type":"SearchAction","target":{"@type":"EntryPoint","urlTemplate":"https:\/\/www.waterskis.lv\/en\/?s={search_term_string}"},"query-input":{"@type":"PropertyValueSpecification","valueRequired":true,"valueName":"search_term_string"}}],"inLanguage":"en-US"},{"@type":"Organization","@id":"https:\/\/www.waterskis.lv\/en\/#organization","name":"WATERSKIS.LV","url":"https:\/\/www.waterskis.lv\/en\/","logo":{"@type":"ImageObject","inLanguage":"en-US","@id":"https:\/\/www.waterskis.lv\/en\/#\/schema\/logo\/image\/","url":"https:\/\/www.waterskis.lv\/wp-content\/uploads\/2025\/01\/JUVP-logo.png","contentUrl":"https:\/\/www.waterskis.lv\/wp-content\/uploads\/2025\/01\/JUVP-logo.png","width":421,"height":202,"caption":"WATERSKIS.LV"},"image":{"@id":"https:\/\/www.waterskis.lv\/en\/#\/schema\/logo\/image\/"},"sameAs":["https:\/\/www.facebook.com\/jurmalawaterskiwakeboardpark\/"]}]}},"_links":{"self":[{"href":"https:\/\/www.waterskis.lv\/en\/wp-json\/wp\/v2\/product\/68979","targetHints":{"allow":["GET"]}}],"collection":[{"href":"https:\/\/www.waterskis.lv\/en\/wp-json\/wp\/v2\/product"}],"about":[{"href":"https:\/\/www.waterskis.lv\/en\/wp-json\/wp\/v2\/types\/product"}],"replies":[{"embeddable":true,"href":"https:\/\/www.waterskis.lv\/en\/wp-json\/wp\/v2\/comments?post=68979"}],"wp:featuredmedia":[{"embeddable":true,"href":"https:\/\/www.waterskis.lv\/en\/wp-json\/wp\/v2\/media\/69212"}],"wp:attachment":[{"href":"https:\/\/www.waterskis.lv\/en\/wp-json\/wp\/v2\/media?parent=68979"}],"wp:term":[{"taxonomy":"product_brand","embeddable":true,"href":"https:\/\/www.waterskis.lv\/en\/wp-json\/wp\/v2\/product_brand?post=68979"},{"taxonomy":"product_cat","embeddable":true,"href":"https:\/\/www.waterskis.lv\/en\/wp-json\/wp\/v2\/product_cat?post=68979"},{"taxonomy":"product_tag","embeddable":true,"href":"https:\/\/www.waterskis.lv\/en\/wp-json\/wp\/v2\/product_tag?post=68979"}],"curies":[{"name":"wp","href":"https:\/\/api.w.org\/{rel}","templated":true}]}}