{"id":68989,"date":"2026-01-04T19:13:48","date_gmt":"2026-01-04T17:13:48","guid":{"rendered":"https:\/\/www.waterskis.lv\/product\/sup-delis-jobe-mira-10-0-inflatable-paddle-board-package\/"},"modified":"2026-02-01T15:19:09","modified_gmt":"2026-02-01T13:19:09","slug":"jobe-mira-10-0-inflatable-paddle-board-package","status":"publish","type":"product","link":"https:\/\/www.waterskis.lv\/en\/product\/jobe-mira-10-0-inflatable-paddle-board-package\/","title":{"rendered":"Jobe Mira 10.0 Inflatable Paddle Board Package"},"content":{"rendered":"<h1>Jobe Mira 10.0 Inflatable Paddle Board Package<\/h1>\n<p>Jobe Mira 10.0 Inflatable Paddle Board Package<\/p>\n<p><span class=\"s-hide\">Product ID\u00a0486423002<\/span><\/p>\n<h2 class=\"title-3 fs25 mt20 mb20 boldTitleFont grey uppercase np\">Specifications<\/h2>\n<div class=\"col-12 paragraph\">The Jobe Mira 10.0 Inflatable Paddle Board is a real bang for your buck, and it got a full redesign for 2023! If you&#8217;re looking for an-easy-to-use SUP which has all the necessities for the perfect day on the water, look no further. This sleek inflatable stand up paddle board has our X-Stitching construction and a stringer running on the top, creating a lightweight SUP which has the Jobe quality you are accustomed to. By the way, did you know that every inflatable stand up paddle board from Jobe comes with a 5-year warranty!<\/div>\n<ul class=\"autoColumn checkListSmall blackCheck\">\n<li>5 year warranty<\/li>\n<li>Non-slip EVA foam pattern: A soft deckpad for comfortable SUPing, no matter how long your tour is<\/li>\n<li>Lightweight X-dropstitching construction<\/li>\n<li>Lightweight X-dropstitching construction<\/li>\n<li>Halkey Roberts Valve<\/li>\n<li>8&#8243; EZ lock fin<\/li>\n<li>A stringer on the bottom for improved control<\/li>\n<li>D-ring on tip and tail<\/li>\n<li>Heat bonded technology: better layer quality and lightest construction in the market<\/li>\n<li>Valve patch assistance<\/li>\n<li>Nose rocker: 7,5&#8243;, Tail rocker: 0&#8243;<\/li>\n<li>Recommended rider weight: Up to 100kg | 220 lbs<\/li>\n<li>Board weight: 7,5kg | 16,5lbs<\/li>\n<li>Package weight: 13,28kg | 29lbs<\/li>\n<li>Dimensions when inflated: 10&#8242; x 32&#8243; x 4,75&#8243; | 305 x 81,3 x 12cm<\/li>\n<li>Volume: 225l<\/li>\n<li>Package contains: Aero Mira SUP Board 10.0, adjustable 3-piece aluminium paddle, waterproof backpack, double action pump, quick release waist belt, 10ft \/ 3,04m coiled leash<\/li>\n<\/ul>\n","protected":false},"excerpt":{"rendered":"<p>Jobe Mira 10.0 Inflatable Paddle Board Package Jobe Mira 10.0 Inflatable Paddle Board Package Product ID\u00a0486423002 Specifications The Jobe Mira 10.0 Inflatable Paddle Board is a real bang for your buck, and it got a full redesign for 2023! If you&#8217;re looking for an-easy-to-use SUP which has all the necessities for the perfect day on [&#8230;]<\/p>\n<p><a class=\"btn btn-secondary understrap-read-more-link\" href=\"https:\/\/www.waterskis.lv\/en\/product\/jobe-mira-10-0-inflatable-paddle-board-package\/\">Read More&#8230;<\/a><\/p>\n","protected":false},"featured_media":69236,"comment_status":"closed","ping_status":"closed","template":"","meta":{"_acf_changed":false,"inline_featured_image":false},"product_brand":[1330],"product_cat":[700,1107,502],"product_tag":[3172,1333,1334,3173,3174,1335,3131,1336,3175,3140,3176,3141],"class_list":{"0":"post-68989","1":"product","2":"type-product","3":"status-publish","4":"has-post-thumbnail","6":"product_brand-jobe-watersports","7":"product_cat-inflatable-sup-boards","8":"product_cat-jobe-inflatable-paddle-boards","9":"product_cat-stand-up-paddle-boards","10":"product_tag-aufblasbares-sup","11":"product_tag-jobe","12":"product_tag-paddle-boards","13":"product_tag-stand-up-paddleboard","14":"product_tag-stand-up-paddling","15":"product_tag-sup","16":"product_tag-sup-boards","17":"product_tag-sup-deli","18":"product_tag-sup-surfer","19":"product_tag-sup-","20":"product_tag-supkayak","21":"product_tag-3141","23":"first","24":"instock","25":"sale","26":"shipping-taxable","27":"purchasable","28":"product-type-simple"},"acf":[],"yoast_head":"<!-- This site is optimized with the Yoast SEO plugin v27.3 - https:\/\/yoast.com\/product\/yoast-seo-wordpress\/ -->\n<title>Jobe Mira 10.0 Inflatable Paddle Board Package - WATERSKIS.LV<\/title>\n<meta name=\"description\" content=\"Jobe Mira 10.0 Inflatable Paddle Board Package is a real bang for your buck, and it got a full redesign for 2023! If you&#039;re looking for an-easy-to-use SUP\" \/>\n<meta name=\"robots\" content=\"index, follow, max-snippet:-1, max-image-preview:large, max-video-preview:-1\" \/>\n<link rel=\"canonical\" href=\"https:\/\/www.waterskis.lv\/en\/product\/jobe-mira-10-0-inflatable-paddle-board-package\/\" \/>\n<meta property=\"og:locale\" content=\"en_US\" \/>\n<meta property=\"og:type\" content=\"article\" \/>\n<meta property=\"og:title\" content=\"Jobe Mira 10.0 Inflatable Paddle Board Package - WATERSKIS.LV\" \/>\n<meta property=\"og:description\" content=\"Jobe Mira 10.0 Inflatable Paddle Board Package is a real bang for your buck, and it got a full redesign for 2023! If you&#039;re looking for an-easy-to-use SUP\" \/>\n<meta property=\"og:url\" content=\"https:\/\/www.waterskis.lv\/en\/product\/jobe-mira-10-0-inflatable-paddle-board-package\/\" \/>\n<meta property=\"og:site_name\" content=\"WATERSKIS.LV\" \/>\n<meta property=\"article:publisher\" content=\"https:\/\/www.facebook.com\/jurmalawaterskiwakeboardpark\/\" \/>\n<meta property=\"article:modified_time\" content=\"2026-02-01T13:19:09+00:00\" \/>\n<meta property=\"og:image\" content=\"https:\/\/www.waterskis.lv\/wp-content\/uploads\/2026\/01\/Mira0.jpg\" \/>\n\t<meta property=\"og:image:width\" content=\"1500\" \/>\n\t<meta property=\"og:image:height\" content=\"1500\" \/>\n\t<meta property=\"og:image:type\" content=\"image\/jpeg\" \/>\n<meta name=\"twitter:card\" content=\"summary_large_image\" \/>\n<meta name=\"twitter:label1\" content=\"Est. reading time\" \/>\n\t<meta name=\"twitter:data1\" content=\"2 minutes\" \/>\n<script type=\"application\/ld+json\" class=\"yoast-schema-graph\">{\"@context\":\"https:\\\/\\\/schema.org\",\"@graph\":[{\"@type\":\"WebPage\",\"@id\":\"https:\\\/\\\/www.waterskis.lv\\\/en\\\/product\\\/jobe-mira-10-0-inflatable-paddle-board-package\\\/\",\"url\":\"https:\\\/\\\/www.waterskis.lv\\\/en\\\/product\\\/jobe-mira-10-0-inflatable-paddle-board-package\\\/\",\"name\":\"Jobe Mira 10.0 Inflatable Paddle Board Package - WATERSKIS.LV\",\"isPartOf\":{\"@id\":\"https:\\\/\\\/www.waterskis.lv\\\/en\\\/#website\"},\"primaryImageOfPage\":{\"@id\":\"https:\\\/\\\/www.waterskis.lv\\\/en\\\/product\\\/jobe-mira-10-0-inflatable-paddle-board-package\\\/#primaryimage\"},\"image\":{\"@id\":\"https:\\\/\\\/www.waterskis.lv\\\/en\\\/product\\\/jobe-mira-10-0-inflatable-paddle-board-package\\\/#primaryimage\"},\"thumbnailUrl\":\"https:\\\/\\\/www.waterskis.lv\\\/wp-content\\\/uploads\\\/2026\\\/01\\\/Mira0.jpg\",\"datePublished\":\"2026-01-04T17:13:48+00:00\",\"dateModified\":\"2026-02-01T13:19:09+00:00\",\"description\":\"Jobe Mira 10.0 Inflatable Paddle Board Package is a real bang for your buck, and it got a full redesign for 2023! If you're looking for an-easy-to-use SUP\",\"breadcrumb\":{\"@id\":\"https:\\\/\\\/www.waterskis.lv\\\/en\\\/product\\\/jobe-mira-10-0-inflatable-paddle-board-package\\\/#breadcrumb\"},\"inLanguage\":\"en-US\",\"potentialAction\":[{\"@type\":\"ReadAction\",\"target\":[\"https:\\\/\\\/www.waterskis.lv\\\/en\\\/product\\\/jobe-mira-10-0-inflatable-paddle-board-package\\\/\"]}]},{\"@type\":\"ImageObject\",\"inLanguage\":\"en-US\",\"@id\":\"https:\\\/\\\/www.waterskis.lv\\\/en\\\/product\\\/jobe-mira-10-0-inflatable-paddle-board-package\\\/#primaryimage\",\"url\":\"https:\\\/\\\/www.waterskis.lv\\\/wp-content\\\/uploads\\\/2026\\\/01\\\/Mira0.jpg\",\"contentUrl\":\"https:\\\/\\\/www.waterskis.lv\\\/wp-content\\\/uploads\\\/2026\\\/01\\\/Mira0.jpg\",\"width\":1500,\"height\":1500,\"caption\":\"SUP d\u0113lis Jobe Mira 10.0 Inflatable Paddle Board Package\"},{\"@type\":\"BreadcrumbList\",\"@id\":\"https:\\\/\\\/www.waterskis.lv\\\/en\\\/product\\\/jobe-mira-10-0-inflatable-paddle-board-package\\\/#breadcrumb\",\"itemListElement\":[{\"@type\":\"ListItem\",\"position\":1,\"name\":\"Home\",\"item\":\"https:\\\/\\\/www.waterskis.lv\\\/en\\\/\"},{\"@type\":\"ListItem\",\"position\":2,\"name\":\"Shop\",\"item\":\"https:\\\/\\\/waterskis.lv\\\/en\\\/shop\\\/\"},{\"@type\":\"ListItem\",\"position\":3,\"name\":\"Jobe Mira 10.0 Inflatable Paddle Board Package\"}]},{\"@type\":\"WebSite\",\"@id\":\"https:\\\/\\\/www.waterskis.lv\\\/en\\\/#website\",\"url\":\"https:\\\/\\\/www.waterskis.lv\\\/en\\\/\",\"name\":\"WATERSKIS.LV\",\"description\":\"SUP d\u0113\u013ci, kajaki, kanoe, airu laivas, \u016bdenssl\u0113po\u0161ana, veikbords, SUP d\u0113\u013cu noma, kajaku nomaakt\u012bv\u0101s atp\u016btas centrs, laivu noma, sup noma, kajaku noma\",\"publisher\":{\"@id\":\"https:\\\/\\\/www.waterskis.lv\\\/en\\\/#organization\"},\"potentialAction\":[{\"@type\":\"SearchAction\",\"target\":{\"@type\":\"EntryPoint\",\"urlTemplate\":\"https:\\\/\\\/www.waterskis.lv\\\/en\\\/?s={search_term_string}\"},\"query-input\":{\"@type\":\"PropertyValueSpecification\",\"valueRequired\":true,\"valueName\":\"search_term_string\"}}],\"inLanguage\":\"en-US\"},{\"@type\":\"Organization\",\"@id\":\"https:\\\/\\\/www.waterskis.lv\\\/en\\\/#organization\",\"name\":\"WATERSKIS.LV\",\"url\":\"https:\\\/\\\/www.waterskis.lv\\\/en\\\/\",\"logo\":{\"@type\":\"ImageObject\",\"inLanguage\":\"en-US\",\"@id\":\"https:\\\/\\\/www.waterskis.lv\\\/en\\\/#\\\/schema\\\/logo\\\/image\\\/\",\"url\":\"https:\\\/\\\/www.waterskis.lv\\\/wp-content\\\/uploads\\\/2025\\\/01\\\/JUVP-logo.png\",\"contentUrl\":\"https:\\\/\\\/www.waterskis.lv\\\/wp-content\\\/uploads\\\/2025\\\/01\\\/JUVP-logo.png\",\"width\":421,\"height\":202,\"caption\":\"WATERSKIS.LV\"},\"image\":{\"@id\":\"https:\\\/\\\/www.waterskis.lv\\\/en\\\/#\\\/schema\\\/logo\\\/image\\\/\"},\"sameAs\":[\"https:\\\/\\\/www.facebook.com\\\/jurmalawaterskiwakeboardpark\\\/\"]}]}<\/script>\n<!-- \/ Yoast SEO plugin. -->","yoast_head_json":{"title":"Jobe Mira 10.0 Inflatable Paddle Board Package - WATERSKIS.LV","description":"Jobe Mira 10.0 Inflatable Paddle Board Package is a real bang for your buck, and it got a full redesign for 2023! If you're looking for an-easy-to-use SUP","robots":{"index":"index","follow":"follow","max-snippet":"max-snippet:-1","max-image-preview":"max-image-preview:large","max-video-preview":"max-video-preview:-1"},"canonical":"https:\/\/www.waterskis.lv\/en\/product\/jobe-mira-10-0-inflatable-paddle-board-package\/","og_locale":"en_US","og_type":"article","og_title":"Jobe Mira 10.0 Inflatable Paddle Board Package - WATERSKIS.LV","og_description":"Jobe Mira 10.0 Inflatable Paddle Board Package is a real bang for your buck, and it got a full redesign for 2023! If you're looking for an-easy-to-use SUP","og_url":"https:\/\/www.waterskis.lv\/en\/product\/jobe-mira-10-0-inflatable-paddle-board-package\/","og_site_name":"WATERSKIS.LV","article_publisher":"https:\/\/www.facebook.com\/jurmalawaterskiwakeboardpark\/","article_modified_time":"2026-02-01T13:19:09+00:00","og_image":[{"width":1500,"height":1500,"url":"https:\/\/www.waterskis.lv\/wp-content\/uploads\/2026\/01\/Mira0.jpg","type":"image\/jpeg"}],"twitter_card":"summary_large_image","twitter_misc":{"Est. reading time":"2 minutes"},"schema":{"@context":"https:\/\/schema.org","@graph":[{"@type":"WebPage","@id":"https:\/\/www.waterskis.lv\/en\/product\/jobe-mira-10-0-inflatable-paddle-board-package\/","url":"https:\/\/www.waterskis.lv\/en\/product\/jobe-mira-10-0-inflatable-paddle-board-package\/","name":"Jobe Mira 10.0 Inflatable Paddle Board Package - WATERSKIS.LV","isPartOf":{"@id":"https:\/\/www.waterskis.lv\/en\/#website"},"primaryImageOfPage":{"@id":"https:\/\/www.waterskis.lv\/en\/product\/jobe-mira-10-0-inflatable-paddle-board-package\/#primaryimage"},"image":{"@id":"https:\/\/www.waterskis.lv\/en\/product\/jobe-mira-10-0-inflatable-paddle-board-package\/#primaryimage"},"thumbnailUrl":"https:\/\/www.waterskis.lv\/wp-content\/uploads\/2026\/01\/Mira0.jpg","datePublished":"2026-01-04T17:13:48+00:00","dateModified":"2026-02-01T13:19:09+00:00","description":"Jobe Mira 10.0 Inflatable Paddle Board Package is a real bang for your buck, and it got a full redesign for 2023! If you're looking for an-easy-to-use SUP","breadcrumb":{"@id":"https:\/\/www.waterskis.lv\/en\/product\/jobe-mira-10-0-inflatable-paddle-board-package\/#breadcrumb"},"inLanguage":"en-US","potentialAction":[{"@type":"ReadAction","target":["https:\/\/www.waterskis.lv\/en\/product\/jobe-mira-10-0-inflatable-paddle-board-package\/"]}]},{"@type":"ImageObject","inLanguage":"en-US","@id":"https:\/\/www.waterskis.lv\/en\/product\/jobe-mira-10-0-inflatable-paddle-board-package\/#primaryimage","url":"https:\/\/www.waterskis.lv\/wp-content\/uploads\/2026\/01\/Mira0.jpg","contentUrl":"https:\/\/www.waterskis.lv\/wp-content\/uploads\/2026\/01\/Mira0.jpg","width":1500,"height":1500,"caption":"SUP d\u0113lis Jobe Mira 10.0 Inflatable Paddle Board Package"},{"@type":"BreadcrumbList","@id":"https:\/\/www.waterskis.lv\/en\/product\/jobe-mira-10-0-inflatable-paddle-board-package\/#breadcrumb","itemListElement":[{"@type":"ListItem","position":1,"name":"Home","item":"https:\/\/www.waterskis.lv\/en\/"},{"@type":"ListItem","position":2,"name":"Shop","item":"https:\/\/waterskis.lv\/en\/shop\/"},{"@type":"ListItem","position":3,"name":"Jobe Mira 10.0 Inflatable Paddle Board Package"}]},{"@type":"WebSite","@id":"https:\/\/www.waterskis.lv\/en\/#website","url":"https:\/\/www.waterskis.lv\/en\/","name":"WATERSKIS.LV","description":"SUP d\u0113\u013ci, kajaki, kanoe, airu laivas, \u016bdenssl\u0113po\u0161ana, veikbords, SUP d\u0113\u013cu noma, kajaku nomaakt\u012bv\u0101s atp\u016btas centrs, laivu noma, sup noma, kajaku noma","publisher":{"@id":"https:\/\/www.waterskis.lv\/en\/#organization"},"potentialAction":[{"@type":"SearchAction","target":{"@type":"EntryPoint","urlTemplate":"https:\/\/www.waterskis.lv\/en\/?s={search_term_string}"},"query-input":{"@type":"PropertyValueSpecification","valueRequired":true,"valueName":"search_term_string"}}],"inLanguage":"en-US"},{"@type":"Organization","@id":"https:\/\/www.waterskis.lv\/en\/#organization","name":"WATERSKIS.LV","url":"https:\/\/www.waterskis.lv\/en\/","logo":{"@type":"ImageObject","inLanguage":"en-US","@id":"https:\/\/www.waterskis.lv\/en\/#\/schema\/logo\/image\/","url":"https:\/\/www.waterskis.lv\/wp-content\/uploads\/2025\/01\/JUVP-logo.png","contentUrl":"https:\/\/www.waterskis.lv\/wp-content\/uploads\/2025\/01\/JUVP-logo.png","width":421,"height":202,"caption":"WATERSKIS.LV"},"image":{"@id":"https:\/\/www.waterskis.lv\/en\/#\/schema\/logo\/image\/"},"sameAs":["https:\/\/www.facebook.com\/jurmalawaterskiwakeboardpark\/"]}]}},"_links":{"self":[{"href":"https:\/\/www.waterskis.lv\/en\/wp-json\/wp\/v2\/product\/68989","targetHints":{"allow":["GET"]}}],"collection":[{"href":"https:\/\/www.waterskis.lv\/en\/wp-json\/wp\/v2\/product"}],"about":[{"href":"https:\/\/www.waterskis.lv\/en\/wp-json\/wp\/v2\/types\/product"}],"replies":[{"embeddable":true,"href":"https:\/\/www.waterskis.lv\/en\/wp-json\/wp\/v2\/comments?post=68989"}],"wp:featuredmedia":[{"embeddable":true,"href":"https:\/\/www.waterskis.lv\/en\/wp-json\/wp\/v2\/media\/69236"}],"wp:attachment":[{"href":"https:\/\/www.waterskis.lv\/en\/wp-json\/wp\/v2\/media?parent=68989"}],"wp:term":[{"taxonomy":"product_brand","embeddable":true,"href":"https:\/\/www.waterskis.lv\/en\/wp-json\/wp\/v2\/product_brand?post=68989"},{"taxonomy":"product_cat","embeddable":true,"href":"https:\/\/www.waterskis.lv\/en\/wp-json\/wp\/v2\/product_cat?post=68989"},{"taxonomy":"product_tag","embeddable":true,"href":"https:\/\/www.waterskis.lv\/en\/wp-json\/wp\/v2\/product_tag?post=68989"}],"curies":[{"name":"wp","href":"https:\/\/api.w.org\/{rel}","templated":true}]}}