{"id":69019,"date":"2026-01-05T12:59:22","date_gmt":"2026-01-05T10:59:22","guid":{"rendered":"https:\/\/www.waterskis.lv\/product\/sup-delis-jobe-aero-leona-sup-board-10-6-package\/"},"modified":"2026-01-05T13:03:52","modified_gmt":"2026-01-05T11:03:52","slug":"jobe-aero-leona-sup-board-10-6-package","status":"publish","type":"product","link":"https:\/\/www.waterskis.lv\/en\/product\/jobe-aero-leona-sup-board-10-6-package\/","title":{"rendered":"JOBE Aero Leona SUP Board 10.6 Package"},"content":{"rendered":"<h1>JOBE Aero Leona SUP Board 10.6 Package<\/h1>\n<p>JOBE Aero Leona SUP Board 10.6 Package<\/p>\n<table width=\"213\">\n<tbody>\n<tr>\n<td width=\"213\">486423003-PCS.<\/td>\n<\/tr>\n<\/tbody>\n<\/table>\n<p>The\u00a0<strong>Jobe Leona 10.6<\/strong>\u00a0Inflatable Paddle Board Package has been a strong force in our inflatable stand up paddle range, and this everyone\u2019s friend got treated on a clean redesign for 2023. This new SUP board has the high quality that you can expect but for a more attractive price! The board has all the technical aspects like a stringer on the top and an X-Foundation construction for a lighter inflatable stand up paddle board that performs better. While the shape of the SUP board makes this a true all-rounder that is perfect for the recreational stand up paddle board fan who wants to do everything! By the way, did you know that every inflatable stand up paddle board from Jobe comes with a 5-year warranty!<\/p>\n<ul>\n<li>5 year warranty<\/li>\n<li>Heat bonded technology: more layer quality and safety<\/li>\n<li>Non-slip EVA foam pattern: A soft deckpad for comfortable SUPing, no matter how long your tour is<\/li>\n<li>Lightweight X-dropstitching construction<\/li>\n<li>Halkey Roberts Valve<\/li>\n<li>8\u2033 EZ lock fin<\/li>\n<li>A stringer on the bottom for improved control<\/li>\n<li>D-ring on tip and tail<\/li>\n<li>Valve patch assistance<\/li>\n<li>Nose rocker: 9\u2033, Tail rocker: 0\u2033<\/li>\n<li>Max rider weight 120kg | 264,6 Ibs<\/li>\n<li>Board weight: 8,2kg | 18lbs<\/li>\n<li>Package weight: 13,2kg | 29,1lbs<\/li>\n<li>Dimensions when inflated: 10\u20196\u2033 x 32\u2033 x 4,75\u2033 | 320 x 81,3 x 12cm<\/li>\n<li>Volume: 246 l<\/li>\n<\/ul>\n<h5>Package contains:<\/h5>\n<ul>\n<li>Aero Leona SUP Board 10.6<\/li>\n<li>Adjustable 3-piece aluminium paddle<\/li>\n<li>Waterproof backpack<\/li>\n<li>Double action pump<\/li>\n<li>Quick release waist belt<\/li>\n<li>10ft \/ 3,04m coiled leash<\/li>\n<\/ul>\n","protected":false},"excerpt":{"rendered":"<p>JOBE Aero Leona SUP Board 10.6 Package JOBE Aero Leona SUP Board 10.6 Package 486423003-PCS. The\u00a0Jobe Leona 10.6\u00a0Inflatable Paddle Board Package has been a strong force in our inflatable stand up paddle range, and this everyone\u2019s friend got treated on a clean redesign for 2023. This new SUP board has the high quality that you [&#8230;]<\/p>\n<p><a class=\"btn btn-secondary understrap-read-more-link\" href=\"https:\/\/www.waterskis.lv\/en\/product\/jobe-aero-leona-sup-board-10-6-package\/\">Read More&#8230;<\/a><\/p>\n","protected":false},"featured_media":69247,"comment_status":"closed","ping_status":"closed","template":"","meta":{"_acf_changed":false,"inline_featured_image":false},"product_brand":[1330],"product_cat":[700,1107,361,502],"product_tag":[3172,1333,1340,1334,3173,3174,1335,3131,1336,3175,3140,3176,3141],"class_list":{"0":"post-69019","1":"product","2":"type-product","3":"status-publish","4":"has-post-thumbnail","6":"product_brand-jobe-watersports","7":"product_cat-inflatable-sup-boards","8":"product_cat-jobe-inflatable-paddle-boards","9":"product_cat-sale","10":"product_cat-stand-up-paddle-boards","11":"product_tag-aufblasbares-sup","12":"product_tag-jobe","13":"product_tag-jobe-sup","14":"product_tag-paddle-boards","15":"product_tag-stand-up-paddleboard","16":"product_tag-stand-up-paddling","17":"product_tag-sup","18":"product_tag-sup-boards","19":"product_tag-sup-deli","20":"product_tag-sup-surfer","21":"product_tag-sup-","22":"product_tag-supkayak","23":"product_tag-3141","25":"first","26":"instock","27":"sale","28":"shipping-taxable","29":"purchasable","30":"product-type-simple"},"acf":[],"yoast_head":"<!-- This site is optimized with the Yoast SEO plugin v27.3 - https:\/\/yoast.com\/product\/yoast-seo-wordpress\/ -->\n<title>JOBE Aero Leona SUP Board 10.6 Package - WATERSKIS.LV<\/title>\n<meta name=\"description\" content=\"JOBE Aero Leona SUP Board 10.6 Package Inflatable Paddle Board Package has been a strong force in our inflatable stand up paddle range\" \/>\n<meta name=\"robots\" content=\"index, follow, max-snippet:-1, max-image-preview:large, max-video-preview:-1\" \/>\n<link rel=\"canonical\" href=\"https:\/\/www.waterskis.lv\/en\/product\/jobe-aero-leona-sup-board-10-6-package\/\" \/>\n<meta property=\"og:locale\" content=\"en_US\" \/>\n<meta property=\"og:type\" content=\"article\" \/>\n<meta property=\"og:title\" content=\"JOBE Aero Leona SUP Board 10.6 Package - WATERSKIS.LV\" \/>\n<meta property=\"og:description\" content=\"JOBE Aero Leona SUP Board 10.6 Package Inflatable Paddle Board Package has been a strong force in our inflatable stand up paddle range\" \/>\n<meta property=\"og:url\" content=\"https:\/\/www.waterskis.lv\/en\/product\/jobe-aero-leona-sup-board-10-6-package\/\" \/>\n<meta property=\"og:site_name\" content=\"WATERSKIS.LV\" \/>\n<meta property=\"article:publisher\" content=\"https:\/\/www.facebook.com\/jurmalawaterskiwakeboardpark\/\" \/>\n<meta property=\"article:modified_time\" content=\"2026-01-05T11:03:52+00:00\" \/>\n<meta name=\"twitter:card\" content=\"summary_large_image\" \/>\n<meta name=\"twitter:label1\" content=\"Est. reading time\" \/>\n\t<meta name=\"twitter:data1\" content=\"2 minutes\" \/>\n<script type=\"application\/ld+json\" class=\"yoast-schema-graph\">{\"@context\":\"https:\\\/\\\/schema.org\",\"@graph\":[{\"@type\":\"WebPage\",\"@id\":\"https:\\\/\\\/www.waterskis.lv\\\/en\\\/product\\\/jobe-aero-leona-sup-board-10-6-package\\\/\",\"url\":\"https:\\\/\\\/www.waterskis.lv\\\/en\\\/product\\\/jobe-aero-leona-sup-board-10-6-package\\\/\",\"name\":\"JOBE Aero Leona SUP Board 10.6 Package - WATERSKIS.LV\",\"isPartOf\":{\"@id\":\"https:\\\/\\\/www.waterskis.lv\\\/en\\\/#website\"},\"primaryImageOfPage\":{\"@id\":\"https:\\\/\\\/www.waterskis.lv\\\/en\\\/product\\\/jobe-aero-leona-sup-board-10-6-package\\\/#primaryimage\"},\"image\":{\"@id\":\"https:\\\/\\\/www.waterskis.lv\\\/en\\\/product\\\/jobe-aero-leona-sup-board-10-6-package\\\/#primaryimage\"},\"thumbnailUrl\":\"https:\\\/\\\/www.waterskis.lv\\\/wp-content\\\/uploads\\\/2026\\\/01\\\/Leona.jpg\",\"datePublished\":\"2026-01-05T10:59:22+00:00\",\"dateModified\":\"2026-01-05T11:03:52+00:00\",\"description\":\"JOBE Aero Leona SUP Board 10.6 Package Inflatable Paddle Board Package has been a strong force in our inflatable stand up paddle range\",\"breadcrumb\":{\"@id\":\"https:\\\/\\\/www.waterskis.lv\\\/en\\\/product\\\/jobe-aero-leona-sup-board-10-6-package\\\/#breadcrumb\"},\"inLanguage\":\"en-US\",\"potentialAction\":[{\"@type\":\"ReadAction\",\"target\":[\"https:\\\/\\\/www.waterskis.lv\\\/en\\\/product\\\/jobe-aero-leona-sup-board-10-6-package\\\/\"]}]},{\"@type\":\"ImageObject\",\"inLanguage\":\"en-US\",\"@id\":\"https:\\\/\\\/www.waterskis.lv\\\/en\\\/product\\\/jobe-aero-leona-sup-board-10-6-package\\\/#primaryimage\",\"url\":\"https:\\\/\\\/www.waterskis.lv\\\/wp-content\\\/uploads\\\/2026\\\/01\\\/Leona.jpg\",\"contentUrl\":\"https:\\\/\\\/www.waterskis.lv\\\/wp-content\\\/uploads\\\/2026\\\/01\\\/Leona.jpg\",\"width\":1500,\"height\":1500,\"caption\":\"SUP d\u0113lis JOBE Aero Leona SUP Board 10.6 Package\"},{\"@type\":\"BreadcrumbList\",\"@id\":\"https:\\\/\\\/www.waterskis.lv\\\/en\\\/product\\\/jobe-aero-leona-sup-board-10-6-package\\\/#breadcrumb\",\"itemListElement\":[{\"@type\":\"ListItem\",\"position\":1,\"name\":\"Home\",\"item\":\"https:\\\/\\\/www.waterskis.lv\\\/en\\\/\"},{\"@type\":\"ListItem\",\"position\":2,\"name\":\"Shop\",\"item\":\"https:\\\/\\\/waterskis.lv\\\/en\\\/shop\\\/\"},{\"@type\":\"ListItem\",\"position\":3,\"name\":\"JOBE Aero Leona SUP Board 10.6 Package\"}]},{\"@type\":\"WebSite\",\"@id\":\"https:\\\/\\\/www.waterskis.lv\\\/en\\\/#website\",\"url\":\"https:\\\/\\\/www.waterskis.lv\\\/en\\\/\",\"name\":\"WATERSKIS.LV\",\"description\":\"SUP d\u0113\u013ci, kajaki, kanoe, airu laivas, \u016bdenssl\u0113po\u0161ana, veikbords, SUP d\u0113\u013cu noma, kajaku nomaakt\u012bv\u0101s atp\u016btas centrs, laivu noma, sup noma, kajaku noma\",\"publisher\":{\"@id\":\"https:\\\/\\\/www.waterskis.lv\\\/en\\\/#organization\"},\"potentialAction\":[{\"@type\":\"SearchAction\",\"target\":{\"@type\":\"EntryPoint\",\"urlTemplate\":\"https:\\\/\\\/www.waterskis.lv\\\/en\\\/?s={search_term_string}\"},\"query-input\":{\"@type\":\"PropertyValueSpecification\",\"valueRequired\":true,\"valueName\":\"search_term_string\"}}],\"inLanguage\":\"en-US\"},{\"@type\":\"Organization\",\"@id\":\"https:\\\/\\\/www.waterskis.lv\\\/en\\\/#organization\",\"name\":\"WATERSKIS.LV\",\"url\":\"https:\\\/\\\/www.waterskis.lv\\\/en\\\/\",\"logo\":{\"@type\":\"ImageObject\",\"inLanguage\":\"en-US\",\"@id\":\"https:\\\/\\\/www.waterskis.lv\\\/en\\\/#\\\/schema\\\/logo\\\/image\\\/\",\"url\":\"https:\\\/\\\/www.waterskis.lv\\\/wp-content\\\/uploads\\\/2025\\\/01\\\/JUVP-logo.png\",\"contentUrl\":\"https:\\\/\\\/www.waterskis.lv\\\/wp-content\\\/uploads\\\/2025\\\/01\\\/JUVP-logo.png\",\"width\":421,\"height\":202,\"caption\":\"WATERSKIS.LV\"},\"image\":{\"@id\":\"https:\\\/\\\/www.waterskis.lv\\\/en\\\/#\\\/schema\\\/logo\\\/image\\\/\"},\"sameAs\":[\"https:\\\/\\\/www.facebook.com\\\/jurmalawaterskiwakeboardpark\\\/\"]}]}<\/script>\n<!-- \/ Yoast SEO plugin. -->","yoast_head_json":{"title":"JOBE Aero Leona SUP Board 10.6 Package - WATERSKIS.LV","description":"JOBE Aero Leona SUP Board 10.6 Package Inflatable Paddle Board Package has been a strong force in our inflatable stand up paddle range","robots":{"index":"index","follow":"follow","max-snippet":"max-snippet:-1","max-image-preview":"max-image-preview:large","max-video-preview":"max-video-preview:-1"},"canonical":"https:\/\/www.waterskis.lv\/en\/product\/jobe-aero-leona-sup-board-10-6-package\/","og_locale":"en_US","og_type":"article","og_title":"JOBE Aero Leona SUP Board 10.6 Package - WATERSKIS.LV","og_description":"JOBE Aero Leona SUP Board 10.6 Package Inflatable Paddle Board Package has been a strong force in our inflatable stand up paddle range","og_url":"https:\/\/www.waterskis.lv\/en\/product\/jobe-aero-leona-sup-board-10-6-package\/","og_site_name":"WATERSKIS.LV","article_publisher":"https:\/\/www.facebook.com\/jurmalawaterskiwakeboardpark\/","article_modified_time":"2026-01-05T11:03:52+00:00","twitter_card":"summary_large_image","twitter_misc":{"Est. reading time":"2 minutes"},"schema":{"@context":"https:\/\/schema.org","@graph":[{"@type":"WebPage","@id":"https:\/\/www.waterskis.lv\/en\/product\/jobe-aero-leona-sup-board-10-6-package\/","url":"https:\/\/www.waterskis.lv\/en\/product\/jobe-aero-leona-sup-board-10-6-package\/","name":"JOBE Aero Leona SUP Board 10.6 Package - WATERSKIS.LV","isPartOf":{"@id":"https:\/\/www.waterskis.lv\/en\/#website"},"primaryImageOfPage":{"@id":"https:\/\/www.waterskis.lv\/en\/product\/jobe-aero-leona-sup-board-10-6-package\/#primaryimage"},"image":{"@id":"https:\/\/www.waterskis.lv\/en\/product\/jobe-aero-leona-sup-board-10-6-package\/#primaryimage"},"thumbnailUrl":"https:\/\/www.waterskis.lv\/wp-content\/uploads\/2026\/01\/Leona.jpg","datePublished":"2026-01-05T10:59:22+00:00","dateModified":"2026-01-05T11:03:52+00:00","description":"JOBE Aero Leona SUP Board 10.6 Package Inflatable Paddle Board Package has been a strong force in our inflatable stand up paddle range","breadcrumb":{"@id":"https:\/\/www.waterskis.lv\/en\/product\/jobe-aero-leona-sup-board-10-6-package\/#breadcrumb"},"inLanguage":"en-US","potentialAction":[{"@type":"ReadAction","target":["https:\/\/www.waterskis.lv\/en\/product\/jobe-aero-leona-sup-board-10-6-package\/"]}]},{"@type":"ImageObject","inLanguage":"en-US","@id":"https:\/\/www.waterskis.lv\/en\/product\/jobe-aero-leona-sup-board-10-6-package\/#primaryimage","url":"https:\/\/www.waterskis.lv\/wp-content\/uploads\/2026\/01\/Leona.jpg","contentUrl":"https:\/\/www.waterskis.lv\/wp-content\/uploads\/2026\/01\/Leona.jpg","width":1500,"height":1500,"caption":"SUP d\u0113lis JOBE Aero Leona SUP Board 10.6 Package"},{"@type":"BreadcrumbList","@id":"https:\/\/www.waterskis.lv\/en\/product\/jobe-aero-leona-sup-board-10-6-package\/#breadcrumb","itemListElement":[{"@type":"ListItem","position":1,"name":"Home","item":"https:\/\/www.waterskis.lv\/en\/"},{"@type":"ListItem","position":2,"name":"Shop","item":"https:\/\/waterskis.lv\/en\/shop\/"},{"@type":"ListItem","position":3,"name":"JOBE Aero Leona SUP Board 10.6 Package"}]},{"@type":"WebSite","@id":"https:\/\/www.waterskis.lv\/en\/#website","url":"https:\/\/www.waterskis.lv\/en\/","name":"WATERSKIS.LV","description":"SUP d\u0113\u013ci, kajaki, kanoe, airu laivas, \u016bdenssl\u0113po\u0161ana, veikbords, SUP d\u0113\u013cu noma, kajaku nomaakt\u012bv\u0101s atp\u016btas centrs, laivu noma, sup noma, kajaku noma","publisher":{"@id":"https:\/\/www.waterskis.lv\/en\/#organization"},"potentialAction":[{"@type":"SearchAction","target":{"@type":"EntryPoint","urlTemplate":"https:\/\/www.waterskis.lv\/en\/?s={search_term_string}"},"query-input":{"@type":"PropertyValueSpecification","valueRequired":true,"valueName":"search_term_string"}}],"inLanguage":"en-US"},{"@type":"Organization","@id":"https:\/\/www.waterskis.lv\/en\/#organization","name":"WATERSKIS.LV","url":"https:\/\/www.waterskis.lv\/en\/","logo":{"@type":"ImageObject","inLanguage":"en-US","@id":"https:\/\/www.waterskis.lv\/en\/#\/schema\/logo\/image\/","url":"https:\/\/www.waterskis.lv\/wp-content\/uploads\/2025\/01\/JUVP-logo.png","contentUrl":"https:\/\/www.waterskis.lv\/wp-content\/uploads\/2025\/01\/JUVP-logo.png","width":421,"height":202,"caption":"WATERSKIS.LV"},"image":{"@id":"https:\/\/www.waterskis.lv\/en\/#\/schema\/logo\/image\/"},"sameAs":["https:\/\/www.facebook.com\/jurmalawaterskiwakeboardpark\/"]}]}},"_links":{"self":[{"href":"https:\/\/www.waterskis.lv\/en\/wp-json\/wp\/v2\/product\/69019","targetHints":{"allow":["GET"]}}],"collection":[{"href":"https:\/\/www.waterskis.lv\/en\/wp-json\/wp\/v2\/product"}],"about":[{"href":"https:\/\/www.waterskis.lv\/en\/wp-json\/wp\/v2\/types\/product"}],"replies":[{"embeddable":true,"href":"https:\/\/www.waterskis.lv\/en\/wp-json\/wp\/v2\/comments?post=69019"}],"wp:featuredmedia":[{"embeddable":true,"href":"https:\/\/www.waterskis.lv\/en\/wp-json\/wp\/v2\/media\/69247"}],"wp:attachment":[{"href":"https:\/\/www.waterskis.lv\/en\/wp-json\/wp\/v2\/media?parent=69019"}],"wp:term":[{"taxonomy":"product_brand","embeddable":true,"href":"https:\/\/www.waterskis.lv\/en\/wp-json\/wp\/v2\/product_brand?post=69019"},{"taxonomy":"product_cat","embeddable":true,"href":"https:\/\/www.waterskis.lv\/en\/wp-json\/wp\/v2\/product_cat?post=69019"},{"taxonomy":"product_tag","embeddable":true,"href":"https:\/\/www.waterskis.lv\/en\/wp-json\/wp\/v2\/product_tag?post=69019"}],"curies":[{"name":"wp","href":"https:\/\/api.w.org\/{rel}","templated":true}]}}