{"id":69024,"date":"2026-01-05T13:45:14","date_gmt":"2026-01-05T11:45:14","guid":{"rendered":"https:\/\/www.waterskis.lv\/product\/sup-delis-jobe-dune-sup-board-11-6-package-steel-blue-fiberglass-paddle-lime\/"},"modified":"2026-02-01T15:17:01","modified_gmt":"2026-02-01T13:17:01","slug":"jobe-dune-sup-board-11-6-package-steel-blue-fiberglass-paddle-lime","status":"publish","type":"product","link":"https:\/\/www.waterskis.lv\/en\/product\/jobe-dune-sup-board-11-6-package-steel-blue-fiberglass-paddle-lime\/","title":{"rendered":"JOBE Dune SUP Board 11.6 Package Steel Blue (fiberglass paddle lime)"},"content":{"rendered":"<h1>JOBE Dune SUP Board 11.6 Package Steel Blue (fiberglass paddle lime)<\/h1>\n<p>JOBE Dune SUP Board 11.6 Package Steel Blue (fiberglass paddle lime)<\/p>\n<table width=\"213\">\n<tbody>\n<tr>\n<td width=\"213\">486423018-PCS.<\/td>\n<\/tr>\n<\/tbody>\n<\/table>\n<div class=\"col-12 mt30 mb20\">\n<div class=\"col-12 \">\n<div id=\"completeyourgear\" class=\"completGear completeGearSlide\">\n<h2 class=\"title-3 fs25 mt20 mb20 boldTitleFont grey uppercase np\">Specifications<\/h2>\n<h2 class=\"title-3 fs24 mt20 boldTitleFont grey normal np\">Jobe Aero Duna SUP Board 11.6 Package Blue<\/h2>\n<div class=\"col-12 paragraph\">Embark on versatile adventures with the Jobe Aero Duna SUP Board 11.6 Package in striking blue. Perfect for both touring and all-around use, it features a plush 5mm thick non-slip EVA foam deckpad for ultimate comfort and a lightweight X-dropstitching construction with stringers for exceptional stiffness and durability. The board&#8217;s heat-bonded technology ensures the lightest and most robust build. Benefit from the convenience of a bungee storage net and an easy-to-carry neoprene handle with paddle holder. The 8&#8243; EZ lock fin and 40% carbon paddle deliver smooth performance, while the 9&#8243; nose rocker enhances balance and glide. With a recommended rider weight of up to 160 kg (352 lbs) and dimensions of 11&#8217;6&#8243; x 31&#8243; x 6&#8243;, this board provides stability and versatility. The package includes an adjustable Stream 40 paddle, nylon backpack, double action pump, Quick Release Waist Belt, and a 10 ft coiled leash, all supported by a 5-year warranty. Ideal for every paddling adventure.<\/div>\n<div><\/div>\n<\/div>\n<\/div>\n<\/div>\n<div class=\"col-12 paragraph mt20\">\n<ul class=\"autoColumn checkListSmall blackCheck\">\n<li>5 year warranty<\/li>\n<li>Inflation Pressure: 14\u201320 PSI \u2013 For maximum stiffness and performance.<\/li>\n<li>Non-slip EVA foam pattern: 5mm thick soft deckpad for comfortable SUPing, no matter how long your tour is<\/li>\n<li>Lightweight X-dropstitching construction<\/li>\n<li>Stringer on top and bottom for the best stiffness<\/li>\n<li>Bungee storage net<\/li>\n<li>Easy-to-carry neoprene handle with paddle holder<\/li>\n<li>Halkey Roberts Valve<\/li>\n<li>8&#8243; EZ lock fin<\/li>\n<li>Paddle 40% carbon<\/li>\n<li>Nose rocker: 9&#8243;, Tail rocker: 0&#8243;<\/li>\n<li>Board weight: 10,2kg | 22.5 lbs<\/li>\n<li>Recommended rider weight: Up to 160kg | 352 lbs<\/li>\n<li>Package weight: 15,2kg | 33.5lbs<\/li>\n<li>Dimensions: 11&#8217;6&#8243; x 31&#8243; x 6&#8243; | 350 x 78,8 x 15cm<\/li>\n<li>Package contains: Aero Duna SUP Board 11.6, Stream 40 adjustable 3-piece paddle, Nylon backpack, double action pump, Quick Release Waist Belt, 10ft \/ 3,04m coiled leash<\/li>\n<li>Volume: 324 l<\/li>\n<\/ul>\n<\/div>\n","protected":false},"excerpt":{"rendered":"<p>JOBE Dune SUP Board 11.6 Package Steel Blue (fiberglass paddle lime) JOBE Dune SUP Board 11.6 Package Steel Blue (fiberglass paddle lime) 486423018-PCS. Specifications Jobe Aero Duna SUP Board 11.6 Package Blue Embark on versatile adventures with the Jobe Aero Duna SUP Board 11.6 Package in striking blue. Perfect for both touring and all-around use, [&#8230;]<\/p>\n<p><a class=\"btn btn-secondary understrap-read-more-link\" href=\"https:\/\/www.waterskis.lv\/en\/product\/jobe-dune-sup-board-11-6-package-steel-blue-fiberglass-paddle-lime\/\">Read More&#8230;<\/a><\/p>\n","protected":false},"featured_media":69250,"comment_status":"closed","ping_status":"closed","template":"","meta":{"_acf_changed":false,"inline_featured_image":false},"product_brand":[1330],"product_cat":[700,1107,361,502],"product_tag":[3172,1333,1334,3173,3174,1335,3131,1336,3175,3140,3176,3141],"class_list":{"0":"post-69024","1":"product","2":"type-product","3":"status-publish","4":"has-post-thumbnail","6":"product_brand-jobe-watersports","7":"product_cat-inflatable-sup-boards","8":"product_cat-jobe-inflatable-paddle-boards","9":"product_cat-sale","10":"product_cat-stand-up-paddle-boards","11":"product_tag-aufblasbares-sup","12":"product_tag-jobe","13":"product_tag-paddle-boards","14":"product_tag-stand-up-paddleboard","15":"product_tag-stand-up-paddling","16":"product_tag-sup","17":"product_tag-sup-boards","18":"product_tag-sup-deli","19":"product_tag-sup-surfer","20":"product_tag-sup-","21":"product_tag-supkayak","22":"product_tag-3141","24":"first","25":"instock","26":"sale","27":"shipping-taxable","28":"purchasable","29":"product-type-simple"},"acf":[],"yoast_head":"<!-- This site is optimized with the Yoast SEO plugin v27.3 - https:\/\/yoast.com\/product\/yoast-seo-wordpress\/ -->\n<title>JOBE Dune SUP Board 11.6 Package Steel Blue (fiberglass paddle lime) - WATERSKIS.LV<\/title>\n<meta name=\"description\" content=\"OBE Dune SUP Board 11.6 Package Steel Blue (fiberglass paddle lime) Perfect for both touring and all-around use, it features a plush 5mm thick non-slip EVA\" \/>\n<meta name=\"robots\" content=\"index, follow, max-snippet:-1, max-image-preview:large, max-video-preview:-1\" \/>\n<link rel=\"canonical\" href=\"https:\/\/www.waterskis.lv\/en\/product\/jobe-dune-sup-board-11-6-package-steel-blue-fiberglass-paddle-lime\/\" \/>\n<meta property=\"og:locale\" content=\"en_US\" \/>\n<meta property=\"og:type\" content=\"article\" \/>\n<meta property=\"og:title\" content=\"JOBE Dune SUP Board 11.6 Package Steel Blue (fiberglass paddle lime) - WATERSKIS.LV\" \/>\n<meta property=\"og:description\" content=\"OBE Dune SUP Board 11.6 Package Steel Blue (fiberglass paddle lime) Perfect for both touring and all-around use, it features a plush 5mm thick non-slip EVA\" \/>\n<meta property=\"og:url\" content=\"https:\/\/www.waterskis.lv\/en\/product\/jobe-dune-sup-board-11-6-package-steel-blue-fiberglass-paddle-lime\/\" \/>\n<meta property=\"og:site_name\" content=\"WATERSKIS.LV\" \/>\n<meta property=\"article:publisher\" content=\"https:\/\/www.facebook.com\/jurmalawaterskiwakeboardpark\/\" \/>\n<meta property=\"article:modified_time\" content=\"2026-02-01T13:17:01+00:00\" \/>\n<meta property=\"og:image\" content=\"https:\/\/www.waterskis.lv\/wp-content\/uploads\/2026\/01\/DunaBlue.jpg\" \/>\n\t<meta property=\"og:image:width\" content=\"1500\" \/>\n\t<meta property=\"og:image:height\" content=\"1500\" \/>\n\t<meta property=\"og:image:type\" content=\"image\/jpeg\" \/>\n<meta name=\"twitter:card\" content=\"summary_large_image\" \/>\n<meta name=\"twitter:label1\" content=\"Est. reading time\" \/>\n\t<meta name=\"twitter:data1\" content=\"2 minutes\" \/>\n<script type=\"application\/ld+json\" class=\"yoast-schema-graph\">{\"@context\":\"https:\\\/\\\/schema.org\",\"@graph\":[{\"@type\":\"WebPage\",\"@id\":\"https:\\\/\\\/www.waterskis.lv\\\/en\\\/product\\\/jobe-dune-sup-board-11-6-package-steel-blue-fiberglass-paddle-lime\\\/\",\"url\":\"https:\\\/\\\/www.waterskis.lv\\\/en\\\/product\\\/jobe-dune-sup-board-11-6-package-steel-blue-fiberglass-paddle-lime\\\/\",\"name\":\"JOBE Dune SUP Board 11.6 Package Steel Blue (fiberglass paddle lime) - WATERSKIS.LV\",\"isPartOf\":{\"@id\":\"https:\\\/\\\/www.waterskis.lv\\\/en\\\/#website\"},\"primaryImageOfPage\":{\"@id\":\"https:\\\/\\\/www.waterskis.lv\\\/en\\\/product\\\/jobe-dune-sup-board-11-6-package-steel-blue-fiberglass-paddle-lime\\\/#primaryimage\"},\"image\":{\"@id\":\"https:\\\/\\\/www.waterskis.lv\\\/en\\\/product\\\/jobe-dune-sup-board-11-6-package-steel-blue-fiberglass-paddle-lime\\\/#primaryimage\"},\"thumbnailUrl\":\"https:\\\/\\\/www.waterskis.lv\\\/wp-content\\\/uploads\\\/2026\\\/01\\\/DunaBlue.jpg\",\"datePublished\":\"2026-01-05T11:45:14+00:00\",\"dateModified\":\"2026-02-01T13:17:01+00:00\",\"description\":\"OBE Dune SUP Board 11.6 Package Steel Blue (fiberglass paddle lime) Perfect for both touring and all-around use, it features a plush 5mm thick non-slip EVA\",\"breadcrumb\":{\"@id\":\"https:\\\/\\\/www.waterskis.lv\\\/en\\\/product\\\/jobe-dune-sup-board-11-6-package-steel-blue-fiberglass-paddle-lime\\\/#breadcrumb\"},\"inLanguage\":\"en-US\",\"potentialAction\":[{\"@type\":\"ReadAction\",\"target\":[\"https:\\\/\\\/www.waterskis.lv\\\/en\\\/product\\\/jobe-dune-sup-board-11-6-package-steel-blue-fiberglass-paddle-lime\\\/\"]}]},{\"@type\":\"ImageObject\",\"inLanguage\":\"en-US\",\"@id\":\"https:\\\/\\\/www.waterskis.lv\\\/en\\\/product\\\/jobe-dune-sup-board-11-6-package-steel-blue-fiberglass-paddle-lime\\\/#primaryimage\",\"url\":\"https:\\\/\\\/www.waterskis.lv\\\/wp-content\\\/uploads\\\/2026\\\/01\\\/DunaBlue.jpg\",\"contentUrl\":\"https:\\\/\\\/www.waterskis.lv\\\/wp-content\\\/uploads\\\/2026\\\/01\\\/DunaBlue.jpg\",\"width\":1500,\"height\":1500,\"caption\":\"SUP d\u0113lis JOBE Dune SUP Board 11.6 Package Steel Blue (fiberglass paddle lime)\"},{\"@type\":\"BreadcrumbList\",\"@id\":\"https:\\\/\\\/www.waterskis.lv\\\/en\\\/product\\\/jobe-dune-sup-board-11-6-package-steel-blue-fiberglass-paddle-lime\\\/#breadcrumb\",\"itemListElement\":[{\"@type\":\"ListItem\",\"position\":1,\"name\":\"Home\",\"item\":\"https:\\\/\\\/www.waterskis.lv\\\/en\\\/\"},{\"@type\":\"ListItem\",\"position\":2,\"name\":\"Shop\",\"item\":\"https:\\\/\\\/waterskis.lv\\\/en\\\/shop\\\/\"},{\"@type\":\"ListItem\",\"position\":3,\"name\":\"JOBE Dune SUP Board 11.6 Package Steel Blue (fiberglass paddle lime)\"}]},{\"@type\":\"WebSite\",\"@id\":\"https:\\\/\\\/www.waterskis.lv\\\/en\\\/#website\",\"url\":\"https:\\\/\\\/www.waterskis.lv\\\/en\\\/\",\"name\":\"WATERSKIS.LV\",\"description\":\"SUP d\u0113\u013ci, kajaki, kanoe, airu laivas, \u016bdenssl\u0113po\u0161ana, veikbords, SUP d\u0113\u013cu noma, kajaku nomaakt\u012bv\u0101s atp\u016btas centrs, laivu noma, sup noma, kajaku noma\",\"publisher\":{\"@id\":\"https:\\\/\\\/www.waterskis.lv\\\/en\\\/#organization\"},\"potentialAction\":[{\"@type\":\"SearchAction\",\"target\":{\"@type\":\"EntryPoint\",\"urlTemplate\":\"https:\\\/\\\/www.waterskis.lv\\\/en\\\/?s={search_term_string}\"},\"query-input\":{\"@type\":\"PropertyValueSpecification\",\"valueRequired\":true,\"valueName\":\"search_term_string\"}}],\"inLanguage\":\"en-US\"},{\"@type\":\"Organization\",\"@id\":\"https:\\\/\\\/www.waterskis.lv\\\/en\\\/#organization\",\"name\":\"WATERSKIS.LV\",\"url\":\"https:\\\/\\\/www.waterskis.lv\\\/en\\\/\",\"logo\":{\"@type\":\"ImageObject\",\"inLanguage\":\"en-US\",\"@id\":\"https:\\\/\\\/www.waterskis.lv\\\/en\\\/#\\\/schema\\\/logo\\\/image\\\/\",\"url\":\"https:\\\/\\\/www.waterskis.lv\\\/wp-content\\\/uploads\\\/2025\\\/01\\\/JUVP-logo.png\",\"contentUrl\":\"https:\\\/\\\/www.waterskis.lv\\\/wp-content\\\/uploads\\\/2025\\\/01\\\/JUVP-logo.png\",\"width\":421,\"height\":202,\"caption\":\"WATERSKIS.LV\"},\"image\":{\"@id\":\"https:\\\/\\\/www.waterskis.lv\\\/en\\\/#\\\/schema\\\/logo\\\/image\\\/\"},\"sameAs\":[\"https:\\\/\\\/www.facebook.com\\\/jurmalawaterskiwakeboardpark\\\/\"]}]}<\/script>\n<!-- \/ Yoast SEO plugin. -->","yoast_head_json":{"title":"JOBE Dune SUP Board 11.6 Package Steel Blue (fiberglass paddle lime) - WATERSKIS.LV","description":"OBE Dune SUP Board 11.6 Package Steel Blue (fiberglass paddle lime) Perfect for both touring and all-around use, it features a plush 5mm thick non-slip EVA","robots":{"index":"index","follow":"follow","max-snippet":"max-snippet:-1","max-image-preview":"max-image-preview:large","max-video-preview":"max-video-preview:-1"},"canonical":"https:\/\/www.waterskis.lv\/en\/product\/jobe-dune-sup-board-11-6-package-steel-blue-fiberglass-paddle-lime\/","og_locale":"en_US","og_type":"article","og_title":"JOBE Dune SUP Board 11.6 Package Steel Blue (fiberglass paddle lime) - WATERSKIS.LV","og_description":"OBE Dune SUP Board 11.6 Package Steel Blue (fiberglass paddle lime) Perfect for both touring and all-around use, it features a plush 5mm thick non-slip EVA","og_url":"https:\/\/www.waterskis.lv\/en\/product\/jobe-dune-sup-board-11-6-package-steel-blue-fiberglass-paddle-lime\/","og_site_name":"WATERSKIS.LV","article_publisher":"https:\/\/www.facebook.com\/jurmalawaterskiwakeboardpark\/","article_modified_time":"2026-02-01T13:17:01+00:00","og_image":[{"width":1500,"height":1500,"url":"https:\/\/www.waterskis.lv\/wp-content\/uploads\/2026\/01\/DunaBlue.jpg","type":"image\/jpeg"}],"twitter_card":"summary_large_image","twitter_misc":{"Est. reading time":"2 minutes"},"schema":{"@context":"https:\/\/schema.org","@graph":[{"@type":"WebPage","@id":"https:\/\/www.waterskis.lv\/en\/product\/jobe-dune-sup-board-11-6-package-steel-blue-fiberglass-paddle-lime\/","url":"https:\/\/www.waterskis.lv\/en\/product\/jobe-dune-sup-board-11-6-package-steel-blue-fiberglass-paddle-lime\/","name":"JOBE Dune SUP Board 11.6 Package Steel Blue (fiberglass paddle lime) - WATERSKIS.LV","isPartOf":{"@id":"https:\/\/www.waterskis.lv\/en\/#website"},"primaryImageOfPage":{"@id":"https:\/\/www.waterskis.lv\/en\/product\/jobe-dune-sup-board-11-6-package-steel-blue-fiberglass-paddle-lime\/#primaryimage"},"image":{"@id":"https:\/\/www.waterskis.lv\/en\/product\/jobe-dune-sup-board-11-6-package-steel-blue-fiberglass-paddle-lime\/#primaryimage"},"thumbnailUrl":"https:\/\/www.waterskis.lv\/wp-content\/uploads\/2026\/01\/DunaBlue.jpg","datePublished":"2026-01-05T11:45:14+00:00","dateModified":"2026-02-01T13:17:01+00:00","description":"OBE Dune SUP Board 11.6 Package Steel Blue (fiberglass paddle lime) Perfect for both touring and all-around use, it features a plush 5mm thick non-slip EVA","breadcrumb":{"@id":"https:\/\/www.waterskis.lv\/en\/product\/jobe-dune-sup-board-11-6-package-steel-blue-fiberglass-paddle-lime\/#breadcrumb"},"inLanguage":"en-US","potentialAction":[{"@type":"ReadAction","target":["https:\/\/www.waterskis.lv\/en\/product\/jobe-dune-sup-board-11-6-package-steel-blue-fiberglass-paddle-lime\/"]}]},{"@type":"ImageObject","inLanguage":"en-US","@id":"https:\/\/www.waterskis.lv\/en\/product\/jobe-dune-sup-board-11-6-package-steel-blue-fiberglass-paddle-lime\/#primaryimage","url":"https:\/\/www.waterskis.lv\/wp-content\/uploads\/2026\/01\/DunaBlue.jpg","contentUrl":"https:\/\/www.waterskis.lv\/wp-content\/uploads\/2026\/01\/DunaBlue.jpg","width":1500,"height":1500,"caption":"SUP d\u0113lis JOBE Dune SUP Board 11.6 Package Steel Blue (fiberglass paddle lime)"},{"@type":"BreadcrumbList","@id":"https:\/\/www.waterskis.lv\/en\/product\/jobe-dune-sup-board-11-6-package-steel-blue-fiberglass-paddle-lime\/#breadcrumb","itemListElement":[{"@type":"ListItem","position":1,"name":"Home","item":"https:\/\/www.waterskis.lv\/en\/"},{"@type":"ListItem","position":2,"name":"Shop","item":"https:\/\/waterskis.lv\/en\/shop\/"},{"@type":"ListItem","position":3,"name":"JOBE Dune SUP Board 11.6 Package Steel Blue (fiberglass paddle lime)"}]},{"@type":"WebSite","@id":"https:\/\/www.waterskis.lv\/en\/#website","url":"https:\/\/www.waterskis.lv\/en\/","name":"WATERSKIS.LV","description":"SUP d\u0113\u013ci, kajaki, kanoe, airu laivas, \u016bdenssl\u0113po\u0161ana, veikbords, SUP d\u0113\u013cu noma, kajaku nomaakt\u012bv\u0101s atp\u016btas centrs, laivu noma, sup noma, kajaku noma","publisher":{"@id":"https:\/\/www.waterskis.lv\/en\/#organization"},"potentialAction":[{"@type":"SearchAction","target":{"@type":"EntryPoint","urlTemplate":"https:\/\/www.waterskis.lv\/en\/?s={search_term_string}"},"query-input":{"@type":"PropertyValueSpecification","valueRequired":true,"valueName":"search_term_string"}}],"inLanguage":"en-US"},{"@type":"Organization","@id":"https:\/\/www.waterskis.lv\/en\/#organization","name":"WATERSKIS.LV","url":"https:\/\/www.waterskis.lv\/en\/","logo":{"@type":"ImageObject","inLanguage":"en-US","@id":"https:\/\/www.waterskis.lv\/en\/#\/schema\/logo\/image\/","url":"https:\/\/www.waterskis.lv\/wp-content\/uploads\/2025\/01\/JUVP-logo.png","contentUrl":"https:\/\/www.waterskis.lv\/wp-content\/uploads\/2025\/01\/JUVP-logo.png","width":421,"height":202,"caption":"WATERSKIS.LV"},"image":{"@id":"https:\/\/www.waterskis.lv\/en\/#\/schema\/logo\/image\/"},"sameAs":["https:\/\/www.facebook.com\/jurmalawaterskiwakeboardpark\/"]}]}},"_links":{"self":[{"href":"https:\/\/www.waterskis.lv\/en\/wp-json\/wp\/v2\/product\/69024","targetHints":{"allow":["GET"]}}],"collection":[{"href":"https:\/\/www.waterskis.lv\/en\/wp-json\/wp\/v2\/product"}],"about":[{"href":"https:\/\/www.waterskis.lv\/en\/wp-json\/wp\/v2\/types\/product"}],"replies":[{"embeddable":true,"href":"https:\/\/www.waterskis.lv\/en\/wp-json\/wp\/v2\/comments?post=69024"}],"wp:featuredmedia":[{"embeddable":true,"href":"https:\/\/www.waterskis.lv\/en\/wp-json\/wp\/v2\/media\/69250"}],"wp:attachment":[{"href":"https:\/\/www.waterskis.lv\/en\/wp-json\/wp\/v2\/media?parent=69024"}],"wp:term":[{"taxonomy":"product_brand","embeddable":true,"href":"https:\/\/www.waterskis.lv\/en\/wp-json\/wp\/v2\/product_brand?post=69024"},{"taxonomy":"product_cat","embeddable":true,"href":"https:\/\/www.waterskis.lv\/en\/wp-json\/wp\/v2\/product_cat?post=69024"},{"taxonomy":"product_tag","embeddable":true,"href":"https:\/\/www.waterskis.lv\/en\/wp-json\/wp\/v2\/product_tag?post=69024"}],"curies":[{"name":"wp","href":"https:\/\/api.w.org\/{rel}","templated":true}]}}