{"id":69032,"date":"2026-01-05T14:09:48","date_gmt":"2026-01-05T12:09:48","guid":{"rendered":"https:\/\/www.waterskis.lv\/product\/sup-delis-jobe-aero-yarra-sup-board-10-6-package-teal-fiberglass-paddle-lime\/"},"modified":"2026-02-01T15:16:22","modified_gmt":"2026-02-01T13:16:22","slug":"jobe-aero-yarra-sup-board-10-6-package-teal-fiberglass-paddle-lime","status":"publish","type":"product","link":"https:\/\/www.waterskis.lv\/en\/product\/jobe-aero-yarra-sup-board-10-6-package-teal-fiberglass-paddle-lime\/","title":{"rendered":"JOBE Aero Yarra SUP Board 10.6 Package Teal (fiberglass paddle Lime)"},"content":{"rendered":"<h1>JOBE Aero Yarra SUP Board 10.6 Package Teal (fiberglass paddle Lime)<\/h1>\n<p>JOBE Aero Yarra SUP Board 10.6 Package Teal (fiberglass paddle Lime)<\/p>\n<table width=\"213\">\n<tbody>\n<tr>\n<td width=\"213\">486423023-PCS.<\/td>\n<\/tr>\n<\/tbody>\n<\/table>\n<h2 class=\"title-3 fs25 mt20 mb20 boldTitleFont grey uppercase np\">Specifications<\/h2>\n<h2 class=\"title-3 fs24 mt20 boldTitleFont grey normal np\">Jobe Aero Yarra SUP Board 10.6 Package Steel Blue<\/h2>\n<div class=\"col-12 paragraph\">Embark on versatile paddling adventures with the Jobe Aero Yarra SUP Board 10.6 Package in vibrant Steel Blue. The perfect all-rounder, it features a 5mm thick non-slip EVA foam deckpad for ultimate comfort, whether you&#8217;re cruising the lake or exploring coastal waters. Its lightweight X-dropstitching construction and stringers on top and bottom ensure excellent stiffness and durability. Thanks to heat-bonded technology, this board is both light and robust. It comes with a bungee storage net for convenience and an easy-to-carry neoprene handle with a paddle holder. The 8&#8243; EZ lock fin and 40% carbon paddle provide smooth, responsive performance, while the 9&#8243; nose rocker enhances stability and glide. With a recommended rider weight of up to 140 kg (308 lbs) and dimensions of 10&#8217;6&#8243; x 32&#8243; x 6&#8243;, it offers great stability and ample space. At just 9.5 kg (20.9 lbs), it&#8217;s easy to handle and transport. The package includes an adjustable 3-piece fiberglass paddle, waterproof backpack, double action pump, and a 10 ft coiled leash, all backed by a 5-year warranty. Perfect for every paddling adventure.<\/div>\n<div class=\"col-12 mt30 mb20\">\n<div class=\"col-12 \">\n<div id=\"completeyourgear\" class=\"completGear completeGearSlide\">\n<h2 class=\"title-3 fs25 mt20 mb20 boldTitleFont uppercase\"><\/h2>\n<\/div>\n<\/div>\n<\/div>\n<div class=\"col-12 paragraph mt20\">\n<ul class=\"autoColumn checkListSmall blackCheck\">\n<li>Inflation Pressure: 14\u201320 PSI \u2013 For maximum stiffness and performance.<\/li>\n<li>Non-slip EVA foam pattern: 5mm thick soft deckpad for comfortable SUPing<\/li>\n<li>Lightweight X-dropstitching construction<\/li>\n<li>Stringer on top and bottom for the best stiffness<\/li>\n<li>Bungee storage net<\/li>\n<li>Easy-to-carry neoprene handle with paddle holder<\/li>\n<li>Heat bonded technology: better layer quality and lightest construction in the market<\/li>\n<li>Halkey Roberts Valve<\/li>\n<li>8&#8221; EZ lock fin<\/li>\n<li>Paddle 40% carbon<\/li>\n<li>Nose rocker: 23 cm | 9&#8221;<\/li>\n<li>Tail rocker: 0 cm | 0&#8221;<\/li>\n<li>Recommended rider weight: Up to 140 kg | 308 lbs<\/li>\n<li>Board weight: 9,5 kg | 20.9 lbs<\/li>\n<li>Package weight: 14,3 kg | 31.5 lbs<\/li>\n<li>Dimensions: 320 x 81,3 x 15 cm | 10&#8217;6&#8221; x 32&#8221; x 6&#8221;<\/li>\n<li>Volume: 310 l<\/li>\n<li>Package contains: Aero Yarra SUP board 10.6, adjustable fiberglass 3-piece paddle, waterproof backpack, double action pump, 10 ft | 3,04 m coiled leash<\/li>\n<li>5 year warranty<\/li>\n<\/ul>\n<\/div>\n","protected":false},"excerpt":{"rendered":"<p>JOBE Aero Yarra SUP Board 10.6 Package Teal (fiberglass paddle Lime) JOBE Aero Yarra SUP Board 10.6 Package Teal (fiberglass paddle Lime) 486423023-PCS. Specifications Jobe Aero Yarra SUP Board 10.6 Package Steel Blue Embark on versatile paddling adventures with the Jobe Aero Yarra SUP Board 10.6 Package in vibrant Steel Blue. The perfect all-rounder, it [&#8230;]<\/p>\n<p><a class=\"btn btn-secondary understrap-read-more-link\" href=\"https:\/\/www.waterskis.lv\/en\/product\/jobe-aero-yarra-sup-board-10-6-package-teal-fiberglass-paddle-lime\/\">Read More&#8230;<\/a><\/p>\n","protected":false},"featured_media":69253,"comment_status":"closed","ping_status":"closed","template":"","meta":{"_acf_changed":false,"inline_featured_image":false},"product_brand":[],"product_cat":[700,1107,502],"product_tag":[3172,1333,1346,1334,3173,3174,1335,3131,1336,1347,3175,3140,3176,3141],"class_list":{"0":"post-69032","1":"product","2":"type-product","3":"status-publish","4":"has-post-thumbnail","6":"product_cat-inflatable-sup-boards","7":"product_cat-jobe-inflatable-paddle-boards","8":"product_cat-stand-up-paddle-boards","9":"product_tag-aufblasbares-sup","10":"product_tag-jobe","11":"product_tag-jobe-sup-deli","12":"product_tag-paddle-boards","13":"product_tag-stand-up-paddleboard","14":"product_tag-stand-up-paddling","15":"product_tag-sup","16":"product_tag-sup-boards","17":"product_tag-sup-deli","18":"product_tag-sup-izpardosana","19":"product_tag-sup-surfer","20":"product_tag-sup-","21":"product_tag-supkayak","22":"product_tag-3141","24":"first","25":"instock","26":"sale","27":"shipping-taxable","28":"purchasable","29":"product-type-simple"},"acf":[],"yoast_head":"<!-- This site is optimized with the Yoast SEO plugin v27.3 - https:\/\/yoast.com\/product\/yoast-seo-wordpress\/ -->\n<title>JOBE Aero Yarra SUP Board 10.6 Package Teal (fiberglass paddle Lime) - WATERSKIS.LV<\/title>\n<meta name=\"description\" content=\"JOBE Aero Yarra SUP Board 10.6 Package Teal (fiberglass paddle Lime). Embark on versatile paddling adventures with the Jobe Aero Yarra SUP Board 10.6\" \/>\n<meta name=\"robots\" content=\"index, follow, max-snippet:-1, max-image-preview:large, max-video-preview:-1\" \/>\n<link rel=\"canonical\" href=\"https:\/\/www.waterskis.lv\/en\/product\/jobe-aero-yarra-sup-board-10-6-package-teal-fiberglass-paddle-lime\/\" \/>\n<meta property=\"og:locale\" content=\"en_US\" \/>\n<meta property=\"og:type\" content=\"article\" \/>\n<meta property=\"og:title\" content=\"JOBE Aero Yarra SUP Board 10.6 Package Teal (fiberglass paddle Lime) - WATERSKIS.LV\" \/>\n<meta property=\"og:description\" content=\"JOBE Aero Yarra SUP Board 10.6 Package Teal (fiberglass paddle Lime). Embark on versatile paddling adventures with the Jobe Aero Yarra SUP Board 10.6\" \/>\n<meta property=\"og:url\" content=\"https:\/\/www.waterskis.lv\/en\/product\/jobe-aero-yarra-sup-board-10-6-package-teal-fiberglass-paddle-lime\/\" \/>\n<meta property=\"og:site_name\" content=\"WATERSKIS.LV\" \/>\n<meta property=\"article:publisher\" content=\"https:\/\/www.facebook.com\/jurmalawaterskiwakeboardpark\/\" \/>\n<meta property=\"article:modified_time\" content=\"2026-02-01T13:16:22+00:00\" \/>\n<meta property=\"og:image\" content=\"https:\/\/www.waterskis.lv\/wp-content\/uploads\/2026\/01\/AeroYarra.jpg\" \/>\n\t<meta property=\"og:image:width\" content=\"1500\" \/>\n\t<meta property=\"og:image:height\" content=\"1500\" \/>\n\t<meta property=\"og:image:type\" content=\"image\/jpeg\" \/>\n<meta name=\"twitter:card\" content=\"summary_large_image\" \/>\n<meta name=\"twitter:label1\" content=\"Est. reading time\" \/>\n\t<meta name=\"twitter:data1\" content=\"3 minutes\" \/>\n<script type=\"application\/ld+json\" class=\"yoast-schema-graph\">{\"@context\":\"https:\\\/\\\/schema.org\",\"@graph\":[{\"@type\":\"WebPage\",\"@id\":\"https:\\\/\\\/www.waterskis.lv\\\/en\\\/product\\\/jobe-aero-yarra-sup-board-10-6-package-teal-fiberglass-paddle-lime\\\/\",\"url\":\"https:\\\/\\\/www.waterskis.lv\\\/en\\\/product\\\/jobe-aero-yarra-sup-board-10-6-package-teal-fiberglass-paddle-lime\\\/\",\"name\":\"JOBE Aero Yarra SUP Board 10.6 Package Teal (fiberglass paddle Lime) - WATERSKIS.LV\",\"isPartOf\":{\"@id\":\"https:\\\/\\\/www.waterskis.lv\\\/en\\\/#website\"},\"primaryImageOfPage\":{\"@id\":\"https:\\\/\\\/www.waterskis.lv\\\/en\\\/product\\\/jobe-aero-yarra-sup-board-10-6-package-teal-fiberglass-paddle-lime\\\/#primaryimage\"},\"image\":{\"@id\":\"https:\\\/\\\/www.waterskis.lv\\\/en\\\/product\\\/jobe-aero-yarra-sup-board-10-6-package-teal-fiberglass-paddle-lime\\\/#primaryimage\"},\"thumbnailUrl\":\"https:\\\/\\\/www.waterskis.lv\\\/wp-content\\\/uploads\\\/2026\\\/01\\\/AeroYarra.jpg\",\"datePublished\":\"2026-01-05T12:09:48+00:00\",\"dateModified\":\"2026-02-01T13:16:22+00:00\",\"description\":\"JOBE Aero Yarra SUP Board 10.6 Package Teal (fiberglass paddle Lime). Embark on versatile paddling adventures with the Jobe Aero Yarra SUP Board 10.6\",\"breadcrumb\":{\"@id\":\"https:\\\/\\\/www.waterskis.lv\\\/en\\\/product\\\/jobe-aero-yarra-sup-board-10-6-package-teal-fiberglass-paddle-lime\\\/#breadcrumb\"},\"inLanguage\":\"en-US\",\"potentialAction\":[{\"@type\":\"ReadAction\",\"target\":[\"https:\\\/\\\/www.waterskis.lv\\\/en\\\/product\\\/jobe-aero-yarra-sup-board-10-6-package-teal-fiberglass-paddle-lime\\\/\"]}]},{\"@type\":\"ImageObject\",\"inLanguage\":\"en-US\",\"@id\":\"https:\\\/\\\/www.waterskis.lv\\\/en\\\/product\\\/jobe-aero-yarra-sup-board-10-6-package-teal-fiberglass-paddle-lime\\\/#primaryimage\",\"url\":\"https:\\\/\\\/www.waterskis.lv\\\/wp-content\\\/uploads\\\/2026\\\/01\\\/AeroYarra.jpg\",\"contentUrl\":\"https:\\\/\\\/www.waterskis.lv\\\/wp-content\\\/uploads\\\/2026\\\/01\\\/AeroYarra.jpg\",\"width\":1500,\"height\":1500,\"caption\":\"SUP d\u0113lis JOBE Aero Yarra SUP Board 10.6 Package Teal (fiberglass paddle Lime)\"},{\"@type\":\"BreadcrumbList\",\"@id\":\"https:\\\/\\\/www.waterskis.lv\\\/en\\\/product\\\/jobe-aero-yarra-sup-board-10-6-package-teal-fiberglass-paddle-lime\\\/#breadcrumb\",\"itemListElement\":[{\"@type\":\"ListItem\",\"position\":1,\"name\":\"Home\",\"item\":\"https:\\\/\\\/www.waterskis.lv\\\/en\\\/\"},{\"@type\":\"ListItem\",\"position\":2,\"name\":\"Shop\",\"item\":\"https:\\\/\\\/waterskis.lv\\\/en\\\/shop\\\/\"},{\"@type\":\"ListItem\",\"position\":3,\"name\":\"JOBE Aero Yarra SUP Board 10.6 Package Teal (fiberglass paddle Lime)\"}]},{\"@type\":\"WebSite\",\"@id\":\"https:\\\/\\\/www.waterskis.lv\\\/en\\\/#website\",\"url\":\"https:\\\/\\\/www.waterskis.lv\\\/en\\\/\",\"name\":\"WATERSKIS.LV\",\"description\":\"SUP d\u0113\u013ci, kajaki, kanoe, airu laivas, \u016bdenssl\u0113po\u0161ana, veikbords, SUP d\u0113\u013cu noma, kajaku nomaakt\u012bv\u0101s atp\u016btas centrs, laivu noma, sup noma, kajaku noma\",\"publisher\":{\"@id\":\"https:\\\/\\\/www.waterskis.lv\\\/en\\\/#organization\"},\"potentialAction\":[{\"@type\":\"SearchAction\",\"target\":{\"@type\":\"EntryPoint\",\"urlTemplate\":\"https:\\\/\\\/www.waterskis.lv\\\/en\\\/?s={search_term_string}\"},\"query-input\":{\"@type\":\"PropertyValueSpecification\",\"valueRequired\":true,\"valueName\":\"search_term_string\"}}],\"inLanguage\":\"en-US\"},{\"@type\":\"Organization\",\"@id\":\"https:\\\/\\\/www.waterskis.lv\\\/en\\\/#organization\",\"name\":\"WATERSKIS.LV\",\"url\":\"https:\\\/\\\/www.waterskis.lv\\\/en\\\/\",\"logo\":{\"@type\":\"ImageObject\",\"inLanguage\":\"en-US\",\"@id\":\"https:\\\/\\\/www.waterskis.lv\\\/en\\\/#\\\/schema\\\/logo\\\/image\\\/\",\"url\":\"https:\\\/\\\/www.waterskis.lv\\\/wp-content\\\/uploads\\\/2025\\\/01\\\/JUVP-logo.png\",\"contentUrl\":\"https:\\\/\\\/www.waterskis.lv\\\/wp-content\\\/uploads\\\/2025\\\/01\\\/JUVP-logo.png\",\"width\":421,\"height\":202,\"caption\":\"WATERSKIS.LV\"},\"image\":{\"@id\":\"https:\\\/\\\/www.waterskis.lv\\\/en\\\/#\\\/schema\\\/logo\\\/image\\\/\"},\"sameAs\":[\"https:\\\/\\\/www.facebook.com\\\/jurmalawaterskiwakeboardpark\\\/\"]}]}<\/script>\n<!-- \/ Yoast SEO plugin. -->","yoast_head_json":{"title":"JOBE Aero Yarra SUP Board 10.6 Package Teal (fiberglass paddle Lime) - WATERSKIS.LV","description":"JOBE Aero Yarra SUP Board 10.6 Package Teal (fiberglass paddle Lime). Embark on versatile paddling adventures with the Jobe Aero Yarra SUP Board 10.6","robots":{"index":"index","follow":"follow","max-snippet":"max-snippet:-1","max-image-preview":"max-image-preview:large","max-video-preview":"max-video-preview:-1"},"canonical":"https:\/\/www.waterskis.lv\/en\/product\/jobe-aero-yarra-sup-board-10-6-package-teal-fiberglass-paddle-lime\/","og_locale":"en_US","og_type":"article","og_title":"JOBE Aero Yarra SUP Board 10.6 Package Teal (fiberglass paddle Lime) - WATERSKIS.LV","og_description":"JOBE Aero Yarra SUP Board 10.6 Package Teal (fiberglass paddle Lime). Embark on versatile paddling adventures with the Jobe Aero Yarra SUP Board 10.6","og_url":"https:\/\/www.waterskis.lv\/en\/product\/jobe-aero-yarra-sup-board-10-6-package-teal-fiberglass-paddle-lime\/","og_site_name":"WATERSKIS.LV","article_publisher":"https:\/\/www.facebook.com\/jurmalawaterskiwakeboardpark\/","article_modified_time":"2026-02-01T13:16:22+00:00","og_image":[{"width":1500,"height":1500,"url":"https:\/\/www.waterskis.lv\/wp-content\/uploads\/2026\/01\/AeroYarra.jpg","type":"image\/jpeg"}],"twitter_card":"summary_large_image","twitter_misc":{"Est. reading time":"3 minutes"},"schema":{"@context":"https:\/\/schema.org","@graph":[{"@type":"WebPage","@id":"https:\/\/www.waterskis.lv\/en\/product\/jobe-aero-yarra-sup-board-10-6-package-teal-fiberglass-paddle-lime\/","url":"https:\/\/www.waterskis.lv\/en\/product\/jobe-aero-yarra-sup-board-10-6-package-teal-fiberglass-paddle-lime\/","name":"JOBE Aero Yarra SUP Board 10.6 Package Teal (fiberglass paddle Lime) - WATERSKIS.LV","isPartOf":{"@id":"https:\/\/www.waterskis.lv\/en\/#website"},"primaryImageOfPage":{"@id":"https:\/\/www.waterskis.lv\/en\/product\/jobe-aero-yarra-sup-board-10-6-package-teal-fiberglass-paddle-lime\/#primaryimage"},"image":{"@id":"https:\/\/www.waterskis.lv\/en\/product\/jobe-aero-yarra-sup-board-10-6-package-teal-fiberglass-paddle-lime\/#primaryimage"},"thumbnailUrl":"https:\/\/www.waterskis.lv\/wp-content\/uploads\/2026\/01\/AeroYarra.jpg","datePublished":"2026-01-05T12:09:48+00:00","dateModified":"2026-02-01T13:16:22+00:00","description":"JOBE Aero Yarra SUP Board 10.6 Package Teal (fiberglass paddle Lime). Embark on versatile paddling adventures with the Jobe Aero Yarra SUP Board 10.6","breadcrumb":{"@id":"https:\/\/www.waterskis.lv\/en\/product\/jobe-aero-yarra-sup-board-10-6-package-teal-fiberglass-paddle-lime\/#breadcrumb"},"inLanguage":"en-US","potentialAction":[{"@type":"ReadAction","target":["https:\/\/www.waterskis.lv\/en\/product\/jobe-aero-yarra-sup-board-10-6-package-teal-fiberglass-paddle-lime\/"]}]},{"@type":"ImageObject","inLanguage":"en-US","@id":"https:\/\/www.waterskis.lv\/en\/product\/jobe-aero-yarra-sup-board-10-6-package-teal-fiberglass-paddle-lime\/#primaryimage","url":"https:\/\/www.waterskis.lv\/wp-content\/uploads\/2026\/01\/AeroYarra.jpg","contentUrl":"https:\/\/www.waterskis.lv\/wp-content\/uploads\/2026\/01\/AeroYarra.jpg","width":1500,"height":1500,"caption":"SUP d\u0113lis JOBE Aero Yarra SUP Board 10.6 Package Teal (fiberglass paddle Lime)"},{"@type":"BreadcrumbList","@id":"https:\/\/www.waterskis.lv\/en\/product\/jobe-aero-yarra-sup-board-10-6-package-teal-fiberglass-paddle-lime\/#breadcrumb","itemListElement":[{"@type":"ListItem","position":1,"name":"Home","item":"https:\/\/www.waterskis.lv\/en\/"},{"@type":"ListItem","position":2,"name":"Shop","item":"https:\/\/waterskis.lv\/en\/shop\/"},{"@type":"ListItem","position":3,"name":"JOBE Aero Yarra SUP Board 10.6 Package Teal (fiberglass paddle Lime)"}]},{"@type":"WebSite","@id":"https:\/\/www.waterskis.lv\/en\/#website","url":"https:\/\/www.waterskis.lv\/en\/","name":"WATERSKIS.LV","description":"SUP d\u0113\u013ci, kajaki, kanoe, airu laivas, \u016bdenssl\u0113po\u0161ana, veikbords, SUP d\u0113\u013cu noma, kajaku nomaakt\u012bv\u0101s atp\u016btas centrs, laivu noma, sup noma, kajaku noma","publisher":{"@id":"https:\/\/www.waterskis.lv\/en\/#organization"},"potentialAction":[{"@type":"SearchAction","target":{"@type":"EntryPoint","urlTemplate":"https:\/\/www.waterskis.lv\/en\/?s={search_term_string}"},"query-input":{"@type":"PropertyValueSpecification","valueRequired":true,"valueName":"search_term_string"}}],"inLanguage":"en-US"},{"@type":"Organization","@id":"https:\/\/www.waterskis.lv\/en\/#organization","name":"WATERSKIS.LV","url":"https:\/\/www.waterskis.lv\/en\/","logo":{"@type":"ImageObject","inLanguage":"en-US","@id":"https:\/\/www.waterskis.lv\/en\/#\/schema\/logo\/image\/","url":"https:\/\/www.waterskis.lv\/wp-content\/uploads\/2025\/01\/JUVP-logo.png","contentUrl":"https:\/\/www.waterskis.lv\/wp-content\/uploads\/2025\/01\/JUVP-logo.png","width":421,"height":202,"caption":"WATERSKIS.LV"},"image":{"@id":"https:\/\/www.waterskis.lv\/en\/#\/schema\/logo\/image\/"},"sameAs":["https:\/\/www.facebook.com\/jurmalawaterskiwakeboardpark\/"]}]}},"_links":{"self":[{"href":"https:\/\/www.waterskis.lv\/en\/wp-json\/wp\/v2\/product\/69032","targetHints":{"allow":["GET"]}}],"collection":[{"href":"https:\/\/www.waterskis.lv\/en\/wp-json\/wp\/v2\/product"}],"about":[{"href":"https:\/\/www.waterskis.lv\/en\/wp-json\/wp\/v2\/types\/product"}],"replies":[{"embeddable":true,"href":"https:\/\/www.waterskis.lv\/en\/wp-json\/wp\/v2\/comments?post=69032"}],"wp:featuredmedia":[{"embeddable":true,"href":"https:\/\/www.waterskis.lv\/en\/wp-json\/wp\/v2\/media\/69253"}],"wp:attachment":[{"href":"https:\/\/www.waterskis.lv\/en\/wp-json\/wp\/v2\/media?parent=69032"}],"wp:term":[{"taxonomy":"product_brand","embeddable":true,"href":"https:\/\/www.waterskis.lv\/en\/wp-json\/wp\/v2\/product_brand?post=69032"},{"taxonomy":"product_cat","embeddable":true,"href":"https:\/\/www.waterskis.lv\/en\/wp-json\/wp\/v2\/product_cat?post=69032"},{"taxonomy":"product_tag","embeddable":true,"href":"https:\/\/www.waterskis.lv\/en\/wp-json\/wp\/v2\/product_tag?post=69032"}],"curies":[{"name":"wp","href":"https:\/\/api.w.org\/{rel}","templated":true}]}}