{"id":69064,"date":"2026-01-05T18:10:39","date_gmt":"2026-01-05T16:10:39","guid":{"rendered":"https:\/\/www.waterskis.lv\/product\/jobe-aero-loa-sup-board-11-6-package\/"},"modified":"2026-02-01T15:11:50","modified_gmt":"2026-02-01T13:11:50","slug":"jobe-aero-loa-sup-board-11-6-package","status":"publish","type":"product","link":"https:\/\/www.waterskis.lv\/en\/product\/jobe-aero-loa-sup-board-11-6-package\/","title":{"rendered":"Jobe Aero Loa SUP Board 11.6 Package"},"content":{"rendered":"<h1 class=\"productTitle s-hide\">Jobe Aero Loa SUP Board 11.6 Package<\/h1>\n<p class=\"productTitle s-hide\">Jobe Aero Loa SUP Board 11.6 Package<\/p>\n<div class=\"paragraph mt10 col-12\">\n<p><span class=\"s-hide\">Product ID\u00a0486425014<\/span><\/p>\n<div class=\"col-12 relative mt10\">\n<h2 class=\"title-3 fs25 mt20 mb20 boldTitleFont grey uppercase np\">Specifications<\/h2>\n<h2 class=\"title-3 fs24 mt20 boldTitleFont grey normal np\">Jobe Aero Loa SUP Board 11.6 Package<\/h2>\n<div class=\"col-12 paragraph\">Experience unparalleled stability with the Jobe Aero Loa SUP Board 11.6. This wide, stable board is perfect for paddling with a friend or bringing your dog along for the ride. Designed with heat-bonded technology for durability, it features a 5mm thick non-slip EVA foam deckpad for all-day comfort. The board&#8217;s lightweight X-dropstitching construction and dual stringers ensure exceptional stiffness and control, providing an incredibly stable platform. The easy-to-carry neoprene handle with paddle holder and bungee storage net add convenience. With an 8&#8243; EZ lock fin and a paddle featuring a 20% carbon and 80% fiberglass shaft, you&#8217;ll enjoy smooth, responsive performance. With a recommended rider weight of up to 160 kg (352 lbs) and dimensions of 350 x 86.36 x 15 cm (11&#8217;6\u201d x 34\u201d x 6\u201d), it offers ample space and support for additional passengers or pets. Weighing just 10.8 kg (23.8 lbs), it&#8217;s easy to handle and transport. The package includes an adjustable 3-piece fiberglass paddle, double action pump, 10 ft (3.04 m) coiled leash, and a waterproof backpack, all backed by a 5-year warranty. Ideal for fun and stable paddling adventures.<\/div>\n<div><\/div>\n<\/div>\n<div>\n<ul class=\"autoColumn checkListSmall blackCheck\">\n<li>5 year warranty<\/li>\n<li>Inflation Pressure: 14\u201320 PSI \u2013 For maximum stiffness and performance.<\/li>\n<li>Non-slip EVA foam pattern: 5mm thick soft deckpad for comfortable SUPing, no matter how long your tour is<\/li>\n<li>Lightweight X-dropstitching construction<\/li>\n<li>Stringer on top and bottom for the best stiffness<\/li>\n<li>Bungee storage net<\/li>\n<li>Easy-to-carry neoprene handle with paddle holder<\/li>\n<li>Halkey Roberts Valve<\/li>\n<li>8&#8243; EZ lock fin<\/li>\n<li>Paddle 40% carbon<\/li>\n<li>Nose rocker: 9&#8243;, Tail rocker: 0&#8243;<\/li>\n<li>Dimensions: 11&#8217;6\u201d x 34\u201d x 6\u201d | 350 x 86.36 x 15cm<\/li>\n<li>Dimensions: 11&#8217;6\u201d x 34\u201d x 6\u201d | 350 x 86.36 x 15cm<\/li>\n<li>Recommended rider weight: Up to 160kg | 352 lbs<\/li>\n<li>Package weight: 16 kg | 35lbs<\/li>\n<li>Package contains: Aero Loa SUP Board 11.6, adjustable fiberglass 3-piece paddle, double action pump, 10 ft. coiled leash, waterproof backpack<\/li>\n<li>Volume: 360 l<\/li>\n<\/ul>\n<\/div>\n<\/div>\n","protected":false},"excerpt":{"rendered":"<p>Jobe Aero Loa SUP Board 11.6 Package Jobe Aero Loa SUP Board 11.6 Package Product ID\u00a0486425014 Specifications Jobe Aero Loa SUP Board 11.6 Package Experience unparalleled stability with the Jobe Aero Loa SUP Board 11.6. This wide, stable board is perfect for paddling with a friend or bringing your dog along for the ride. Designed [&#8230;]<\/p>\n<p><a class=\"btn btn-secondary understrap-read-more-link\" href=\"https:\/\/www.waterskis.lv\/en\/product\/jobe-aero-loa-sup-board-11-6-package\/\">Read More&#8230;<\/a><\/p>\n","protected":false},"featured_media":69290,"comment_status":"closed","ping_status":"closed","template":"","meta":{"_acf_changed":false,"inline_featured_image":false},"product_brand":[1330],"product_cat":[700,1107,502],"product_tag":[3172,1333,1346,1334,1355,3173,3174,1335,3131,1336,3175,3140,3176,3141],"class_list":{"0":"post-69064","1":"product","2":"type-product","3":"status-publish","4":"has-post-thumbnail","6":"product_brand-jobe-watersports","7":"product_cat-inflatable-sup-boards","8":"product_cat-jobe-inflatable-paddle-boards","9":"product_cat-stand-up-paddle-boards","10":"product_tag-aufblasbares-sup","11":"product_tag-jobe","12":"product_tag-jobe-sup-deli","13":"product_tag-paddle-boards","14":"product_tag-piepusams-sup-delis","15":"product_tag-stand-up-paddleboard","16":"product_tag-stand-up-paddling","17":"product_tag-sup","18":"product_tag-sup-boards","19":"product_tag-sup-deli","20":"product_tag-sup-surfer","21":"product_tag-sup-","22":"product_tag-supkayak","23":"product_tag-3141","25":"first","26":"instock","27":"shipping-taxable","28":"purchasable","29":"product-type-simple"},"acf":[],"yoast_head":"<!-- This site is optimized with the Yoast SEO plugin v27.3 - https:\/\/yoast.com\/product\/yoast-seo-wordpress\/ -->\n<title>Jobe Aero Loa SUP Board 11.6 Package - WATERSKIS.LV<\/title>\n<meta name=\"description\" content=\"Jobe Aero Loa SUP Board 11.6 Package. This wide, stable board is perfect for paddling with a friend or bringing your dog along for the ride.\" \/>\n<meta name=\"robots\" content=\"index, follow, max-snippet:-1, max-image-preview:large, max-video-preview:-1\" \/>\n<link rel=\"canonical\" href=\"https:\/\/www.waterskis.lv\/en\/product\/jobe-aero-loa-sup-board-11-6-package\/\" \/>\n<meta property=\"og:locale\" content=\"en_US\" \/>\n<meta property=\"og:type\" content=\"article\" \/>\n<meta property=\"og:title\" content=\"Jobe Aero Loa SUP Board 11.6 Package - WATERSKIS.LV\" \/>\n<meta property=\"og:description\" content=\"Jobe Aero Loa SUP Board 11.6 Package. This wide, stable board is perfect for paddling with a friend or bringing your dog along for the ride.\" \/>\n<meta property=\"og:url\" content=\"https:\/\/www.waterskis.lv\/en\/product\/jobe-aero-loa-sup-board-11-6-package\/\" \/>\n<meta property=\"og:site_name\" content=\"WATERSKIS.LV\" \/>\n<meta property=\"article:publisher\" content=\"https:\/\/www.facebook.com\/jurmalawaterskiwakeboardpark\/\" \/>\n<meta property=\"article:modified_time\" content=\"2026-02-01T13:11:50+00:00\" \/>\n<meta property=\"og:image\" content=\"https:\/\/www.waterskis.lv\/wp-content\/uploads\/2026\/01\/Loa.jpg\" \/>\n\t<meta property=\"og:image:width\" content=\"1500\" \/>\n\t<meta property=\"og:image:height\" content=\"1500\" \/>\n\t<meta property=\"og:image:type\" content=\"image\/jpeg\" \/>\n<meta name=\"twitter:card\" content=\"summary_large_image\" \/>\n<meta name=\"twitter:label1\" content=\"Est. reading time\" \/>\n\t<meta name=\"twitter:data1\" content=\"3 minutes\" \/>\n<script type=\"application\/ld+json\" class=\"yoast-schema-graph\">{\"@context\":\"https:\\\/\\\/schema.org\",\"@graph\":[{\"@type\":\"WebPage\",\"@id\":\"https:\\\/\\\/www.waterskis.lv\\\/en\\\/product\\\/jobe-aero-loa-sup-board-11-6-package\\\/\",\"url\":\"https:\\\/\\\/www.waterskis.lv\\\/en\\\/product\\\/jobe-aero-loa-sup-board-11-6-package\\\/\",\"name\":\"Jobe Aero Loa SUP Board 11.6 Package - WATERSKIS.LV\",\"isPartOf\":{\"@id\":\"https:\\\/\\\/www.waterskis.lv\\\/en\\\/#website\"},\"primaryImageOfPage\":{\"@id\":\"https:\\\/\\\/www.waterskis.lv\\\/en\\\/product\\\/jobe-aero-loa-sup-board-11-6-package\\\/#primaryimage\"},\"image\":{\"@id\":\"https:\\\/\\\/www.waterskis.lv\\\/en\\\/product\\\/jobe-aero-loa-sup-board-11-6-package\\\/#primaryimage\"},\"thumbnailUrl\":\"https:\\\/\\\/www.waterskis.lv\\\/wp-content\\\/uploads\\\/2026\\\/01\\\/Loa.jpg\",\"datePublished\":\"2026-01-05T16:10:39+00:00\",\"dateModified\":\"2026-02-01T13:11:50+00:00\",\"description\":\"Jobe Aero Loa SUP Board 11.6 Package. This wide, stable board is perfect for paddling with a friend or bringing your dog along for the ride.\",\"breadcrumb\":{\"@id\":\"https:\\\/\\\/www.waterskis.lv\\\/en\\\/product\\\/jobe-aero-loa-sup-board-11-6-package\\\/#breadcrumb\"},\"inLanguage\":\"en-US\",\"potentialAction\":[{\"@type\":\"ReadAction\",\"target\":[\"https:\\\/\\\/www.waterskis.lv\\\/en\\\/product\\\/jobe-aero-loa-sup-board-11-6-package\\\/\"]}]},{\"@type\":\"ImageObject\",\"inLanguage\":\"en-US\",\"@id\":\"https:\\\/\\\/www.waterskis.lv\\\/en\\\/product\\\/jobe-aero-loa-sup-board-11-6-package\\\/#primaryimage\",\"url\":\"https:\\\/\\\/www.waterskis.lv\\\/wp-content\\\/uploads\\\/2026\\\/01\\\/Loa.jpg\",\"contentUrl\":\"https:\\\/\\\/www.waterskis.lv\\\/wp-content\\\/uploads\\\/2026\\\/01\\\/Loa.jpg\",\"width\":1500,\"height\":1500,\"caption\":\"Jobe Aero Loa SUP Board 11.6 Package\"},{\"@type\":\"BreadcrumbList\",\"@id\":\"https:\\\/\\\/www.waterskis.lv\\\/en\\\/product\\\/jobe-aero-loa-sup-board-11-6-package\\\/#breadcrumb\",\"itemListElement\":[{\"@type\":\"ListItem\",\"position\":1,\"name\":\"Home\",\"item\":\"https:\\\/\\\/www.waterskis.lv\\\/en\\\/\"},{\"@type\":\"ListItem\",\"position\":2,\"name\":\"Shop\",\"item\":\"https:\\\/\\\/waterskis.lv\\\/en\\\/shop\\\/\"},{\"@type\":\"ListItem\",\"position\":3,\"name\":\"Jobe Aero Loa SUP Board 11.6 Package\"}]},{\"@type\":\"WebSite\",\"@id\":\"https:\\\/\\\/www.waterskis.lv\\\/en\\\/#website\",\"url\":\"https:\\\/\\\/www.waterskis.lv\\\/en\\\/\",\"name\":\"WATERSKIS.LV\",\"description\":\"SUP d\u0113\u013ci, kajaki, kanoe, airu laivas, \u016bdenssl\u0113po\u0161ana, veikbords, SUP d\u0113\u013cu noma, kajaku nomaakt\u012bv\u0101s atp\u016btas centrs, laivu noma, sup noma, kajaku noma\",\"publisher\":{\"@id\":\"https:\\\/\\\/www.waterskis.lv\\\/en\\\/#organization\"},\"potentialAction\":[{\"@type\":\"SearchAction\",\"target\":{\"@type\":\"EntryPoint\",\"urlTemplate\":\"https:\\\/\\\/www.waterskis.lv\\\/en\\\/?s={search_term_string}\"},\"query-input\":{\"@type\":\"PropertyValueSpecification\",\"valueRequired\":true,\"valueName\":\"search_term_string\"}}],\"inLanguage\":\"en-US\"},{\"@type\":\"Organization\",\"@id\":\"https:\\\/\\\/www.waterskis.lv\\\/en\\\/#organization\",\"name\":\"WATERSKIS.LV\",\"url\":\"https:\\\/\\\/www.waterskis.lv\\\/en\\\/\",\"logo\":{\"@type\":\"ImageObject\",\"inLanguage\":\"en-US\",\"@id\":\"https:\\\/\\\/www.waterskis.lv\\\/en\\\/#\\\/schema\\\/logo\\\/image\\\/\",\"url\":\"https:\\\/\\\/www.waterskis.lv\\\/wp-content\\\/uploads\\\/2025\\\/01\\\/JUVP-logo.png\",\"contentUrl\":\"https:\\\/\\\/www.waterskis.lv\\\/wp-content\\\/uploads\\\/2025\\\/01\\\/JUVP-logo.png\",\"width\":421,\"height\":202,\"caption\":\"WATERSKIS.LV\"},\"image\":{\"@id\":\"https:\\\/\\\/www.waterskis.lv\\\/en\\\/#\\\/schema\\\/logo\\\/image\\\/\"},\"sameAs\":[\"https:\\\/\\\/www.facebook.com\\\/jurmalawaterskiwakeboardpark\\\/\"]}]}<\/script>\n<!-- \/ Yoast SEO plugin. -->","yoast_head_json":{"title":"Jobe Aero Loa SUP Board 11.6 Package - WATERSKIS.LV","description":"Jobe Aero Loa SUP Board 11.6 Package. This wide, stable board is perfect for paddling with a friend or bringing your dog along for the ride.","robots":{"index":"index","follow":"follow","max-snippet":"max-snippet:-1","max-image-preview":"max-image-preview:large","max-video-preview":"max-video-preview:-1"},"canonical":"https:\/\/www.waterskis.lv\/en\/product\/jobe-aero-loa-sup-board-11-6-package\/","og_locale":"en_US","og_type":"article","og_title":"Jobe Aero Loa SUP Board 11.6 Package - WATERSKIS.LV","og_description":"Jobe Aero Loa SUP Board 11.6 Package. This wide, stable board is perfect for paddling with a friend or bringing your dog along for the ride.","og_url":"https:\/\/www.waterskis.lv\/en\/product\/jobe-aero-loa-sup-board-11-6-package\/","og_site_name":"WATERSKIS.LV","article_publisher":"https:\/\/www.facebook.com\/jurmalawaterskiwakeboardpark\/","article_modified_time":"2026-02-01T13:11:50+00:00","og_image":[{"width":1500,"height":1500,"url":"https:\/\/www.waterskis.lv\/wp-content\/uploads\/2026\/01\/Loa.jpg","type":"image\/jpeg"}],"twitter_card":"summary_large_image","twitter_misc":{"Est. reading time":"3 minutes"},"schema":{"@context":"https:\/\/schema.org","@graph":[{"@type":"WebPage","@id":"https:\/\/www.waterskis.lv\/en\/product\/jobe-aero-loa-sup-board-11-6-package\/","url":"https:\/\/www.waterskis.lv\/en\/product\/jobe-aero-loa-sup-board-11-6-package\/","name":"Jobe Aero Loa SUP Board 11.6 Package - WATERSKIS.LV","isPartOf":{"@id":"https:\/\/www.waterskis.lv\/en\/#website"},"primaryImageOfPage":{"@id":"https:\/\/www.waterskis.lv\/en\/product\/jobe-aero-loa-sup-board-11-6-package\/#primaryimage"},"image":{"@id":"https:\/\/www.waterskis.lv\/en\/product\/jobe-aero-loa-sup-board-11-6-package\/#primaryimage"},"thumbnailUrl":"https:\/\/www.waterskis.lv\/wp-content\/uploads\/2026\/01\/Loa.jpg","datePublished":"2026-01-05T16:10:39+00:00","dateModified":"2026-02-01T13:11:50+00:00","description":"Jobe Aero Loa SUP Board 11.6 Package. This wide, stable board is perfect for paddling with a friend or bringing your dog along for the ride.","breadcrumb":{"@id":"https:\/\/www.waterskis.lv\/en\/product\/jobe-aero-loa-sup-board-11-6-package\/#breadcrumb"},"inLanguage":"en-US","potentialAction":[{"@type":"ReadAction","target":["https:\/\/www.waterskis.lv\/en\/product\/jobe-aero-loa-sup-board-11-6-package\/"]}]},{"@type":"ImageObject","inLanguage":"en-US","@id":"https:\/\/www.waterskis.lv\/en\/product\/jobe-aero-loa-sup-board-11-6-package\/#primaryimage","url":"https:\/\/www.waterskis.lv\/wp-content\/uploads\/2026\/01\/Loa.jpg","contentUrl":"https:\/\/www.waterskis.lv\/wp-content\/uploads\/2026\/01\/Loa.jpg","width":1500,"height":1500,"caption":"Jobe Aero Loa SUP Board 11.6 Package"},{"@type":"BreadcrumbList","@id":"https:\/\/www.waterskis.lv\/en\/product\/jobe-aero-loa-sup-board-11-6-package\/#breadcrumb","itemListElement":[{"@type":"ListItem","position":1,"name":"Home","item":"https:\/\/www.waterskis.lv\/en\/"},{"@type":"ListItem","position":2,"name":"Shop","item":"https:\/\/waterskis.lv\/en\/shop\/"},{"@type":"ListItem","position":3,"name":"Jobe Aero Loa SUP Board 11.6 Package"}]},{"@type":"WebSite","@id":"https:\/\/www.waterskis.lv\/en\/#website","url":"https:\/\/www.waterskis.lv\/en\/","name":"WATERSKIS.LV","description":"SUP d\u0113\u013ci, kajaki, kanoe, airu laivas, \u016bdenssl\u0113po\u0161ana, veikbords, SUP d\u0113\u013cu noma, kajaku nomaakt\u012bv\u0101s atp\u016btas centrs, laivu noma, sup noma, kajaku noma","publisher":{"@id":"https:\/\/www.waterskis.lv\/en\/#organization"},"potentialAction":[{"@type":"SearchAction","target":{"@type":"EntryPoint","urlTemplate":"https:\/\/www.waterskis.lv\/en\/?s={search_term_string}"},"query-input":{"@type":"PropertyValueSpecification","valueRequired":true,"valueName":"search_term_string"}}],"inLanguage":"en-US"},{"@type":"Organization","@id":"https:\/\/www.waterskis.lv\/en\/#organization","name":"WATERSKIS.LV","url":"https:\/\/www.waterskis.lv\/en\/","logo":{"@type":"ImageObject","inLanguage":"en-US","@id":"https:\/\/www.waterskis.lv\/en\/#\/schema\/logo\/image\/","url":"https:\/\/www.waterskis.lv\/wp-content\/uploads\/2025\/01\/JUVP-logo.png","contentUrl":"https:\/\/www.waterskis.lv\/wp-content\/uploads\/2025\/01\/JUVP-logo.png","width":421,"height":202,"caption":"WATERSKIS.LV"},"image":{"@id":"https:\/\/www.waterskis.lv\/en\/#\/schema\/logo\/image\/"},"sameAs":["https:\/\/www.facebook.com\/jurmalawaterskiwakeboardpark\/"]}]}},"_links":{"self":[{"href":"https:\/\/www.waterskis.lv\/en\/wp-json\/wp\/v2\/product\/69064","targetHints":{"allow":["GET"]}}],"collection":[{"href":"https:\/\/www.waterskis.lv\/en\/wp-json\/wp\/v2\/product"}],"about":[{"href":"https:\/\/www.waterskis.lv\/en\/wp-json\/wp\/v2\/types\/product"}],"replies":[{"embeddable":true,"href":"https:\/\/www.waterskis.lv\/en\/wp-json\/wp\/v2\/comments?post=69064"}],"wp:featuredmedia":[{"embeddable":true,"href":"https:\/\/www.waterskis.lv\/en\/wp-json\/wp\/v2\/media\/69290"}],"wp:attachment":[{"href":"https:\/\/www.waterskis.lv\/en\/wp-json\/wp\/v2\/media?parent=69064"}],"wp:term":[{"taxonomy":"product_brand","embeddable":true,"href":"https:\/\/www.waterskis.lv\/en\/wp-json\/wp\/v2\/product_brand?post=69064"},{"taxonomy":"product_cat","embeddable":true,"href":"https:\/\/www.waterskis.lv\/en\/wp-json\/wp\/v2\/product_cat?post=69064"},{"taxonomy":"product_tag","embeddable":true,"href":"https:\/\/www.waterskis.lv\/en\/wp-json\/wp\/v2\/product_tag?post=69064"}],"curies":[{"name":"wp","href":"https:\/\/api.w.org\/{rel}","templated":true}]}}