{"id":69076,"date":"2026-01-05T19:34:15","date_gmt":"2026-01-05T17:34:15","guid":{"rendered":"https:\/\/www.waterskis.lv\/product\/sup-serfinga-bura-jobe-mohaka-sup-sail-3-5-m2-package\/"},"modified":"2026-02-01T15:10:15","modified_gmt":"2026-02-01T13:10:15","slug":"jobe-mohaka-sup-sail-3-5-m2-package","status":"publish","type":"product","link":"https:\/\/www.waterskis.lv\/en\/product\/jobe-mohaka-sup-sail-3-5-m2-package\/","title":{"rendered":"Jobe Mohaka SUP Sail 3.5 m2 Package"},"content":{"rendered":"<h1 class=\"productTitle s-hide\">Jobe Mohaka SUP Sail 3.5 m2 Package<\/h1>\n<p class=\"productTitle s-hide\">Jobe Mohaka SUP Sail 3.5 m2 Package<\/p>\n<p>Product ID 480023007<\/p>\n<div><\/div>\n<div>\n<h2 class=\"title-3 fs25 mt20 mb20 boldTitleFont grey uppercase np\">Specifications<\/h2>\n<h2 class=\"title-3 fs24 mt20 boldTitleFont grey normal np\">Jobe Mohaka SUP Sail 3.5 m2<\/h2>\n<div class=\"col-12 paragraph\">Transform your Mohaka Stand Up Paddle Board into an epic windsurfer with the Mohaka Sail 3.5 m2 and let the wind to the work for you! This sail is designed for beginning- and average windsurfers\/paddlers to step up their game. Thanks to its lightweight design this sail is very easy to use on- and around the water. With a surface of 3.5m2, a mast of 316 centimeter and a boom of 140 centimeter, this sail is the ideal addition to your Mohaka 10.2 stand up paddle board. The package contains a mast, mast extension, mast base, uphaul cord &amp; boom.<\/div>\n<div class=\"col-12 mt30 mb20\">\n<div class=\"kioskLeft \">\n<div id=\"completeyourgear\" class=\"completGear completeGearSlide\">\n<h2 class=\"title-3 fs25 mt20 mb20 boldTitleFont uppercase\"><\/h2>\n<\/div>\n<\/div>\n<\/div>\n<div class=\"col-12 paragraph mt20\">\n<ul class=\"autoColumn checkListSmall blackCheck\">\n<li>Age range: 9 years and up<\/li>\n<li>3,5m2 sail<\/li>\n<li>Including: mast, mast extension, mast base, uphaul cord &amp; boom<\/li>\n<li>Mast: 316cm, luff 316cm, boom:140cm<\/li>\n<li>Windsurf option<\/li>\n<\/ul>\n<\/div>\n<\/div>\n","protected":false},"excerpt":{"rendered":"<p>Jobe Mohaka SUP Sail 3.5 m2 Package Jobe Mohaka SUP Sail 3.5 m2 Package Product ID 480023007 Specifications Jobe Mohaka SUP Sail 3.5 m2 Transform your Mohaka Stand Up Paddle Board into an epic windsurfer with the Mohaka Sail 3.5 m2 and let the wind to the work for you! This sail is designed for [&#8230;]<\/p>\n<p><a class=\"btn btn-secondary understrap-read-more-link\" href=\"https:\/\/www.waterskis.lv\/en\/product\/jobe-mohaka-sup-sail-3-5-m2-package\/\">Read More&#8230;<\/a><\/p>\n","protected":false},"featured_media":69208,"comment_status":"closed","ping_status":"closed","template":"","meta":{"_acf_changed":false,"inline_featured_image":false},"product_brand":[1330],"product_cat":[700,1107,502],"product_tag":[3172,1333,1334,3173,3174,1335,3131,1365,1366,3175,3140,3176,1367,3141],"class_list":{"0":"post-69076","1":"product","2":"type-product","3":"status-publish","4":"has-post-thumbnail","6":"product_brand-jobe-watersports","7":"product_cat-inflatable-sup-boards","8":"product_cat-jobe-inflatable-paddle-boards","9":"product_cat-stand-up-paddle-boards","10":"product_tag-aufblasbares-sup","11":"product_tag-jobe","12":"product_tag-paddle-boards","13":"product_tag-stand-up-paddleboard","14":"product_tag-stand-up-paddling","15":"product_tag-sup","16":"product_tag-sup-boards","17":"product_tag-sup-dela-bura","18":"product_tag-sup-serfinga-bura","19":"product_tag-sup-surfer","20":"product_tag-sup-","21":"product_tag-supkayak","22":"product_tag-vindserfinga-bura","23":"product_tag-3141","25":"first","26":"instock","27":"shipping-taxable","28":"purchasable","29":"product-type-simple"},"acf":[],"yoast_head":"<!-- This site is optimized with the Yoast SEO plugin v27.3 - https:\/\/yoast.com\/product\/yoast-seo-wordpress\/ -->\n<title>Jobe Mohaka SUP Sail 3.5 m2 Package - WATERSKIS.LV<\/title>\n<meta name=\"description\" content=\"Jobe Mohaka SUP Sail 3.5 m2 Package. Transform Mohaka Stand Up Paddle Board into an windsurfer. Sail is designed for beginers &amp; average windsurfers\/paddlers\" \/>\n<meta name=\"robots\" content=\"index, follow, max-snippet:-1, max-image-preview:large, max-video-preview:-1\" \/>\n<link rel=\"canonical\" href=\"https:\/\/www.waterskis.lv\/en\/product\/jobe-mohaka-sup-sail-3-5-m2-package\/\" \/>\n<meta property=\"og:locale\" content=\"en_US\" \/>\n<meta property=\"og:type\" content=\"article\" \/>\n<meta property=\"og:title\" content=\"Jobe Mohaka SUP Sail 3.5 m2 Package - WATERSKIS.LV\" \/>\n<meta property=\"og:description\" content=\"Jobe Mohaka SUP Sail 3.5 m2 Package. Transform Mohaka Stand Up Paddle Board into an windsurfer. Sail is designed for beginers &amp; average windsurfers\/paddlers\" \/>\n<meta property=\"og:url\" content=\"https:\/\/www.waterskis.lv\/en\/product\/jobe-mohaka-sup-sail-3-5-m2-package\/\" \/>\n<meta property=\"og:site_name\" content=\"WATERSKIS.LV\" \/>\n<meta property=\"article:publisher\" content=\"https:\/\/www.facebook.com\/jurmalawaterskiwakeboardpark\/\" \/>\n<meta property=\"article:modified_time\" content=\"2026-02-01T13:10:15+00:00\" \/>\n<meta property=\"og:image\" content=\"https:\/\/www.waterskis.lv\/wp-content\/uploads\/2026\/01\/Sail.jpg.jpg\" \/>\n\t<meta property=\"og:image:width\" content=\"1500\" \/>\n\t<meta property=\"og:image:height\" content=\"1500\" \/>\n\t<meta property=\"og:image:type\" content=\"image\/jpeg\" \/>\n<meta name=\"twitter:card\" content=\"summary_large_image\" \/>\n<meta name=\"twitter:label1\" content=\"Est. reading time\" \/>\n\t<meta name=\"twitter:data1\" content=\"2 minutes\" \/>\n<script type=\"application\/ld+json\" class=\"yoast-schema-graph\">{\"@context\":\"https:\\\/\\\/schema.org\",\"@graph\":[{\"@type\":\"WebPage\",\"@id\":\"https:\\\/\\\/www.waterskis.lv\\\/en\\\/product\\\/jobe-mohaka-sup-sail-3-5-m2-package\\\/\",\"url\":\"https:\\\/\\\/www.waterskis.lv\\\/en\\\/product\\\/jobe-mohaka-sup-sail-3-5-m2-package\\\/\",\"name\":\"Jobe Mohaka SUP Sail 3.5 m2 Package - WATERSKIS.LV\",\"isPartOf\":{\"@id\":\"https:\\\/\\\/www.waterskis.lv\\\/en\\\/#website\"},\"primaryImageOfPage\":{\"@id\":\"https:\\\/\\\/www.waterskis.lv\\\/en\\\/product\\\/jobe-mohaka-sup-sail-3-5-m2-package\\\/#primaryimage\"},\"image\":{\"@id\":\"https:\\\/\\\/www.waterskis.lv\\\/en\\\/product\\\/jobe-mohaka-sup-sail-3-5-m2-package\\\/#primaryimage\"},\"thumbnailUrl\":\"https:\\\/\\\/www.waterskis.lv\\\/wp-content\\\/uploads\\\/2026\\\/01\\\/Sail.jpg.jpg\",\"datePublished\":\"2026-01-05T17:34:15+00:00\",\"dateModified\":\"2026-02-01T13:10:15+00:00\",\"description\":\"Jobe Mohaka SUP Sail 3.5 m2 Package. Transform Mohaka Stand Up Paddle Board into an windsurfer. Sail is designed for beginers & average windsurfers\\\/paddlers\",\"breadcrumb\":{\"@id\":\"https:\\\/\\\/www.waterskis.lv\\\/en\\\/product\\\/jobe-mohaka-sup-sail-3-5-m2-package\\\/#breadcrumb\"},\"inLanguage\":\"en-US\",\"potentialAction\":[{\"@type\":\"ReadAction\",\"target\":[\"https:\\\/\\\/www.waterskis.lv\\\/en\\\/product\\\/jobe-mohaka-sup-sail-3-5-m2-package\\\/\"]}]},{\"@type\":\"ImageObject\",\"inLanguage\":\"en-US\",\"@id\":\"https:\\\/\\\/www.waterskis.lv\\\/en\\\/product\\\/jobe-mohaka-sup-sail-3-5-m2-package\\\/#primaryimage\",\"url\":\"https:\\\/\\\/www.waterskis.lv\\\/wp-content\\\/uploads\\\/2026\\\/01\\\/Sail.jpg.jpg\",\"contentUrl\":\"https:\\\/\\\/www.waterskis.lv\\\/wp-content\\\/uploads\\\/2026\\\/01\\\/Sail.jpg.jpg\",\"width\":1500,\"height\":1500,\"caption\":\"SUP s\u0113rfinga bura Jobe Mohaka SUP Sail 3.5 m2 Package\"},{\"@type\":\"BreadcrumbList\",\"@id\":\"https:\\\/\\\/www.waterskis.lv\\\/en\\\/product\\\/jobe-mohaka-sup-sail-3-5-m2-package\\\/#breadcrumb\",\"itemListElement\":[{\"@type\":\"ListItem\",\"position\":1,\"name\":\"Home\",\"item\":\"https:\\\/\\\/www.waterskis.lv\\\/en\\\/\"},{\"@type\":\"ListItem\",\"position\":2,\"name\":\"Shop\",\"item\":\"https:\\\/\\\/waterskis.lv\\\/en\\\/shop\\\/\"},{\"@type\":\"ListItem\",\"position\":3,\"name\":\"Jobe Mohaka SUP Sail 3.5 m2 Package\"}]},{\"@type\":\"WebSite\",\"@id\":\"https:\\\/\\\/www.waterskis.lv\\\/en\\\/#website\",\"url\":\"https:\\\/\\\/www.waterskis.lv\\\/en\\\/\",\"name\":\"WATERSKIS.LV\",\"description\":\"SUP d\u0113\u013ci, kajaki, kanoe, airu laivas, \u016bdenssl\u0113po\u0161ana, veikbords, SUP d\u0113\u013cu noma, kajaku nomaakt\u012bv\u0101s atp\u016btas centrs, laivu noma, sup noma, kajaku noma\",\"publisher\":{\"@id\":\"https:\\\/\\\/www.waterskis.lv\\\/en\\\/#organization\"},\"potentialAction\":[{\"@type\":\"SearchAction\",\"target\":{\"@type\":\"EntryPoint\",\"urlTemplate\":\"https:\\\/\\\/www.waterskis.lv\\\/en\\\/?s={search_term_string}\"},\"query-input\":{\"@type\":\"PropertyValueSpecification\",\"valueRequired\":true,\"valueName\":\"search_term_string\"}}],\"inLanguage\":\"en-US\"},{\"@type\":\"Organization\",\"@id\":\"https:\\\/\\\/www.waterskis.lv\\\/en\\\/#organization\",\"name\":\"WATERSKIS.LV\",\"url\":\"https:\\\/\\\/www.waterskis.lv\\\/en\\\/\",\"logo\":{\"@type\":\"ImageObject\",\"inLanguage\":\"en-US\",\"@id\":\"https:\\\/\\\/www.waterskis.lv\\\/en\\\/#\\\/schema\\\/logo\\\/image\\\/\",\"url\":\"https:\\\/\\\/www.waterskis.lv\\\/wp-content\\\/uploads\\\/2025\\\/01\\\/JUVP-logo.png\",\"contentUrl\":\"https:\\\/\\\/www.waterskis.lv\\\/wp-content\\\/uploads\\\/2025\\\/01\\\/JUVP-logo.png\",\"width\":421,\"height\":202,\"caption\":\"WATERSKIS.LV\"},\"image\":{\"@id\":\"https:\\\/\\\/www.waterskis.lv\\\/en\\\/#\\\/schema\\\/logo\\\/image\\\/\"},\"sameAs\":[\"https:\\\/\\\/www.facebook.com\\\/jurmalawaterskiwakeboardpark\\\/\"]}]}<\/script>\n<!-- \/ Yoast SEO plugin. -->","yoast_head_json":{"title":"Jobe Mohaka SUP Sail 3.5 m2 Package - WATERSKIS.LV","description":"Jobe Mohaka SUP Sail 3.5 m2 Package. Transform Mohaka Stand Up Paddle Board into an windsurfer. Sail is designed for beginers & average windsurfers\/paddlers","robots":{"index":"index","follow":"follow","max-snippet":"max-snippet:-1","max-image-preview":"max-image-preview:large","max-video-preview":"max-video-preview:-1"},"canonical":"https:\/\/www.waterskis.lv\/en\/product\/jobe-mohaka-sup-sail-3-5-m2-package\/","og_locale":"en_US","og_type":"article","og_title":"Jobe Mohaka SUP Sail 3.5 m2 Package - WATERSKIS.LV","og_description":"Jobe Mohaka SUP Sail 3.5 m2 Package. Transform Mohaka Stand Up Paddle Board into an windsurfer. Sail is designed for beginers & average windsurfers\/paddlers","og_url":"https:\/\/www.waterskis.lv\/en\/product\/jobe-mohaka-sup-sail-3-5-m2-package\/","og_site_name":"WATERSKIS.LV","article_publisher":"https:\/\/www.facebook.com\/jurmalawaterskiwakeboardpark\/","article_modified_time":"2026-02-01T13:10:15+00:00","og_image":[{"width":1500,"height":1500,"url":"https:\/\/www.waterskis.lv\/wp-content\/uploads\/2026\/01\/Sail.jpg.jpg","type":"image\/jpeg"}],"twitter_card":"summary_large_image","twitter_misc":{"Est. reading time":"2 minutes"},"schema":{"@context":"https:\/\/schema.org","@graph":[{"@type":"WebPage","@id":"https:\/\/www.waterskis.lv\/en\/product\/jobe-mohaka-sup-sail-3-5-m2-package\/","url":"https:\/\/www.waterskis.lv\/en\/product\/jobe-mohaka-sup-sail-3-5-m2-package\/","name":"Jobe Mohaka SUP Sail 3.5 m2 Package - WATERSKIS.LV","isPartOf":{"@id":"https:\/\/www.waterskis.lv\/en\/#website"},"primaryImageOfPage":{"@id":"https:\/\/www.waterskis.lv\/en\/product\/jobe-mohaka-sup-sail-3-5-m2-package\/#primaryimage"},"image":{"@id":"https:\/\/www.waterskis.lv\/en\/product\/jobe-mohaka-sup-sail-3-5-m2-package\/#primaryimage"},"thumbnailUrl":"https:\/\/www.waterskis.lv\/wp-content\/uploads\/2026\/01\/Sail.jpg.jpg","datePublished":"2026-01-05T17:34:15+00:00","dateModified":"2026-02-01T13:10:15+00:00","description":"Jobe Mohaka SUP Sail 3.5 m2 Package. Transform Mohaka Stand Up Paddle Board into an windsurfer. Sail is designed for beginers & average windsurfers\/paddlers","breadcrumb":{"@id":"https:\/\/www.waterskis.lv\/en\/product\/jobe-mohaka-sup-sail-3-5-m2-package\/#breadcrumb"},"inLanguage":"en-US","potentialAction":[{"@type":"ReadAction","target":["https:\/\/www.waterskis.lv\/en\/product\/jobe-mohaka-sup-sail-3-5-m2-package\/"]}]},{"@type":"ImageObject","inLanguage":"en-US","@id":"https:\/\/www.waterskis.lv\/en\/product\/jobe-mohaka-sup-sail-3-5-m2-package\/#primaryimage","url":"https:\/\/www.waterskis.lv\/wp-content\/uploads\/2026\/01\/Sail.jpg.jpg","contentUrl":"https:\/\/www.waterskis.lv\/wp-content\/uploads\/2026\/01\/Sail.jpg.jpg","width":1500,"height":1500,"caption":"SUP s\u0113rfinga bura Jobe Mohaka SUP Sail 3.5 m2 Package"},{"@type":"BreadcrumbList","@id":"https:\/\/www.waterskis.lv\/en\/product\/jobe-mohaka-sup-sail-3-5-m2-package\/#breadcrumb","itemListElement":[{"@type":"ListItem","position":1,"name":"Home","item":"https:\/\/www.waterskis.lv\/en\/"},{"@type":"ListItem","position":2,"name":"Shop","item":"https:\/\/waterskis.lv\/en\/shop\/"},{"@type":"ListItem","position":3,"name":"Jobe Mohaka SUP Sail 3.5 m2 Package"}]},{"@type":"WebSite","@id":"https:\/\/www.waterskis.lv\/en\/#website","url":"https:\/\/www.waterskis.lv\/en\/","name":"WATERSKIS.LV","description":"SUP d\u0113\u013ci, kajaki, kanoe, airu laivas, \u016bdenssl\u0113po\u0161ana, veikbords, SUP d\u0113\u013cu noma, kajaku nomaakt\u012bv\u0101s atp\u016btas centrs, laivu noma, sup noma, kajaku noma","publisher":{"@id":"https:\/\/www.waterskis.lv\/en\/#organization"},"potentialAction":[{"@type":"SearchAction","target":{"@type":"EntryPoint","urlTemplate":"https:\/\/www.waterskis.lv\/en\/?s={search_term_string}"},"query-input":{"@type":"PropertyValueSpecification","valueRequired":true,"valueName":"search_term_string"}}],"inLanguage":"en-US"},{"@type":"Organization","@id":"https:\/\/www.waterskis.lv\/en\/#organization","name":"WATERSKIS.LV","url":"https:\/\/www.waterskis.lv\/en\/","logo":{"@type":"ImageObject","inLanguage":"en-US","@id":"https:\/\/www.waterskis.lv\/en\/#\/schema\/logo\/image\/","url":"https:\/\/www.waterskis.lv\/wp-content\/uploads\/2025\/01\/JUVP-logo.png","contentUrl":"https:\/\/www.waterskis.lv\/wp-content\/uploads\/2025\/01\/JUVP-logo.png","width":421,"height":202,"caption":"WATERSKIS.LV"},"image":{"@id":"https:\/\/www.waterskis.lv\/en\/#\/schema\/logo\/image\/"},"sameAs":["https:\/\/www.facebook.com\/jurmalawaterskiwakeboardpark\/"]}]}},"_links":{"self":[{"href":"https:\/\/www.waterskis.lv\/en\/wp-json\/wp\/v2\/product\/69076","targetHints":{"allow":["GET"]}}],"collection":[{"href":"https:\/\/www.waterskis.lv\/en\/wp-json\/wp\/v2\/product"}],"about":[{"href":"https:\/\/www.waterskis.lv\/en\/wp-json\/wp\/v2\/types\/product"}],"replies":[{"embeddable":true,"href":"https:\/\/www.waterskis.lv\/en\/wp-json\/wp\/v2\/comments?post=69076"}],"wp:featuredmedia":[{"embeddable":true,"href":"https:\/\/www.waterskis.lv\/en\/wp-json\/wp\/v2\/media\/69208"}],"wp:attachment":[{"href":"https:\/\/www.waterskis.lv\/en\/wp-json\/wp\/v2\/media?parent=69076"}],"wp:term":[{"taxonomy":"product_brand","embeddable":true,"href":"https:\/\/www.waterskis.lv\/en\/wp-json\/wp\/v2\/product_brand?post=69076"},{"taxonomy":"product_cat","embeddable":true,"href":"https:\/\/www.waterskis.lv\/en\/wp-json\/wp\/v2\/product_cat?post=69076"},{"taxonomy":"product_tag","embeddable":true,"href":"https:\/\/www.waterskis.lv\/en\/wp-json\/wp\/v2\/product_tag?post=69076"}],"curies":[{"name":"wp","href":"https:\/\/api.w.org\/{rel}","templated":true}]}}