{"id":69121,"date":"2026-01-06T05:04:01","date_gmt":"2026-01-06T03:04:01","guid":{"rendered":"https:\/\/www.waterskis.lv\/product\/sup-airis-jobe-fusion-stick-sup-paddle-lime-3-piece\/"},"modified":"2026-02-06T17:22:26","modified_gmt":"2026-02-06T15:22:26","slug":"jobe-fusion-stick-sup-paddle-lime-3-piece","status":"publish","type":"product","link":"https:\/\/www.waterskis.lv\/en\/product\/jobe-fusion-stick-sup-paddle-lime-3-piece\/","title":{"rendered":"Jobe Fusion Stick SUP Paddle Lime 3-piece"},"content":{"rendered":"<h1>Jobe Fusion Stick SUP Paddle Lime 3-piece<\/h1>\n<p>Jobe Fusion Stick SUP Paddle Lime 3-piece<\/p>\n<div class=\"paragraph mt10 col-12\"><span class=\"s-hide\">Product ID\u00a0486721011<\/span><\/div>\n<div><\/div>\n<div>\n<h2 class=\"title-3 fs25 mt20 mb20 boldTitleFont grey uppercase np\">Specifications<\/h2>\n<h2 class=\"title-3 fs24 mt20 boldTitleFont grey normal np\">Jobe Fusion Stick SUP Paddle<\/h2>\n<div class=\"col-12 paragraph\">The Jobe Fusion Stick SUP Paddle combines two great ingredients to create one great paddle. The shaft of the Fusion features 10% carbon and 90% fiberglass for an excellent flex to weight ratio! Need to adjust the size? The Fusion includes an easy to use clip to adjust the length to each riders personal preference!<\/div>\n<div><\/div>\n<\/div>\n<div>\n<ul class=\"autoColumn checkListSmall blackCheck\">\n<li>Blade angle: 5\u00b0<\/li>\n<li>Blade surface: 94 in\u00b2<\/li>\n<li>Blade width: 8.7&#8243; | 220mm<\/li>\n<li>Clip with lever to adjust fast and easy<\/li>\n<li>Comfortable plastic T-grip<\/li>\n<li>Length: 66,9&#8243; \/ 82,6&#8243; | 170cm \/ 210cm<\/li>\n<li>Plastic blade<\/li>\n<li>Weight: 960g | 2,08lbs<\/li>\n<\/ul>\n<\/div>\n","protected":false},"excerpt":{"rendered":"<p>Jobe Fusion Stick SUP Paddle Lime 3-piece Jobe Fusion Stick SUP Paddle Lime 3-piece Product ID\u00a0486721011 Specifications Jobe Fusion Stick SUP Paddle The Jobe Fusion Stick SUP Paddle combines two great ingredients to create one great paddle. The shaft of the Fusion features 10% carbon and 90% fiberglass for an excellent flex to weight ratio! [&#8230;]<\/p>\n<p><a class=\"btn btn-secondary understrap-read-more-link\" href=\"https:\/\/www.waterskis.lv\/en\/product\/jobe-fusion-stick-sup-paddle-lime-3-piece\/\">Read More&#8230;<\/a><\/p>\n","protected":false},"featured_media":69302,"comment_status":"closed","ping_status":"closed","template":"","meta":{"_acf_changed":false,"inline_featured_image":false},"product_brand":[1330],"product_cat":[673,386],"product_tag":[1398,3551,3545,1393,3544,3542,3543],"class_list":{"0":"post-69121","1":"product","2":"type-product","3":"status-publish","4":"has-post-thumbnail","6":"product_brand-jobe-watersports","7":"product_cat-paddles-oars","8":"product_cat-sup-paddles","9":"product_tag-jobe-sup-airis","10":"product_tag-jobe-watersports","11":"product_tag-paddleboard-paddles","12":"product_tag-sup-airis","13":"product_tag-sup-board-paddles","14":"product_tag-sup-delu-airi","15":"product_tag---sup-","17":"first","18":"instock","19":"shipping-taxable","20":"purchasable","21":"product-type-simple"},"acf":[],"yoast_head":"<!-- This site is optimized with the Yoast SEO plugin v27.3 - https:\/\/yoast.com\/product\/yoast-seo-wordpress\/ -->\n<title>Jobe Fusion Stick SUP Paddle Lime 3-piece - WATERSKIS.LV<\/title>\n<meta name=\"description\" content=\"Jobe Fusion Stick SUP Paddle Lime 3-piece combines two great ingredients to create one great paddle. The shaft features 10% carbon and 90% fiberglass\" \/>\n<meta name=\"robots\" content=\"index, follow, max-snippet:-1, max-image-preview:large, max-video-preview:-1\" \/>\n<link rel=\"canonical\" href=\"https:\/\/www.waterskis.lv\/en\/product\/jobe-fusion-stick-sup-paddle-lime-3-piece\/\" \/>\n<meta property=\"og:locale\" content=\"en_US\" \/>\n<meta property=\"og:type\" content=\"article\" \/>\n<meta property=\"og:title\" content=\"Jobe Fusion Stick SUP Paddle Lime 3-piece - WATERSKIS.LV\" \/>\n<meta property=\"og:description\" content=\"Jobe Fusion Stick SUP Paddle Lime 3-piece combines two great ingredients to create one great paddle. The shaft features 10% carbon and 90% fiberglass\" \/>\n<meta property=\"og:url\" content=\"https:\/\/www.waterskis.lv\/en\/product\/jobe-fusion-stick-sup-paddle-lime-3-piece\/\" \/>\n<meta property=\"og:site_name\" content=\"WATERSKIS.LV\" \/>\n<meta property=\"article:publisher\" content=\"https:\/\/www.facebook.com\/jurmalawaterskiwakeboardpark\/\" \/>\n<meta property=\"article:modified_time\" content=\"2026-02-06T15:22:26+00:00\" \/>\n<meta property=\"og:image\" content=\"https:\/\/www.waterskis.lv\/wp-content\/uploads\/2026\/01\/FusionLime.jpg\" \/>\n\t<meta property=\"og:image:width\" content=\"1500\" \/>\n\t<meta property=\"og:image:height\" content=\"1500\" \/>\n\t<meta property=\"og:image:type\" content=\"image\/jpeg\" \/>\n<meta name=\"twitter:card\" content=\"summary_large_image\" \/>\n<meta name=\"twitter:label1\" content=\"Est. reading time\" \/>\n\t<meta name=\"twitter:data1\" content=\"1 minute\" \/>\n<script type=\"application\/ld+json\" class=\"yoast-schema-graph\">{\"@context\":\"https:\\\/\\\/schema.org\",\"@graph\":[{\"@type\":\"WebPage\",\"@id\":\"https:\\\/\\\/www.waterskis.lv\\\/en\\\/product\\\/jobe-fusion-stick-sup-paddle-lime-3-piece\\\/\",\"url\":\"https:\\\/\\\/www.waterskis.lv\\\/en\\\/product\\\/jobe-fusion-stick-sup-paddle-lime-3-piece\\\/\",\"name\":\"Jobe Fusion Stick SUP Paddle Lime 3-piece - WATERSKIS.LV\",\"isPartOf\":{\"@id\":\"https:\\\/\\\/www.waterskis.lv\\\/en\\\/#website\"},\"primaryImageOfPage\":{\"@id\":\"https:\\\/\\\/www.waterskis.lv\\\/en\\\/product\\\/jobe-fusion-stick-sup-paddle-lime-3-piece\\\/#primaryimage\"},\"image\":{\"@id\":\"https:\\\/\\\/www.waterskis.lv\\\/en\\\/product\\\/jobe-fusion-stick-sup-paddle-lime-3-piece\\\/#primaryimage\"},\"thumbnailUrl\":\"https:\\\/\\\/www.waterskis.lv\\\/wp-content\\\/uploads\\\/2026\\\/01\\\/FusionLime.jpg\",\"datePublished\":\"2026-01-06T03:04:01+00:00\",\"dateModified\":\"2026-02-06T15:22:26+00:00\",\"description\":\"Jobe Fusion Stick SUP Paddle Lime 3-piece combines two great ingredients to create one great paddle. The shaft features 10% carbon and 90% fiberglass\",\"breadcrumb\":{\"@id\":\"https:\\\/\\\/www.waterskis.lv\\\/en\\\/product\\\/jobe-fusion-stick-sup-paddle-lime-3-piece\\\/#breadcrumb\"},\"inLanguage\":\"en-US\",\"potentialAction\":[{\"@type\":\"ReadAction\",\"target\":[\"https:\\\/\\\/www.waterskis.lv\\\/en\\\/product\\\/jobe-fusion-stick-sup-paddle-lime-3-piece\\\/\"]}]},{\"@type\":\"ImageObject\",\"inLanguage\":\"en-US\",\"@id\":\"https:\\\/\\\/www.waterskis.lv\\\/en\\\/product\\\/jobe-fusion-stick-sup-paddle-lime-3-piece\\\/#primaryimage\",\"url\":\"https:\\\/\\\/www.waterskis.lv\\\/wp-content\\\/uploads\\\/2026\\\/01\\\/FusionLime.jpg\",\"contentUrl\":\"https:\\\/\\\/www.waterskis.lv\\\/wp-content\\\/uploads\\\/2026\\\/01\\\/FusionLime.jpg\",\"width\":1500,\"height\":1500,\"caption\":\"SUP airis Jobe Fusion Stick SUP Paddle Lime 3-piece\"},{\"@type\":\"BreadcrumbList\",\"@id\":\"https:\\\/\\\/www.waterskis.lv\\\/en\\\/product\\\/jobe-fusion-stick-sup-paddle-lime-3-piece\\\/#breadcrumb\",\"itemListElement\":[{\"@type\":\"ListItem\",\"position\":1,\"name\":\"Home\",\"item\":\"https:\\\/\\\/www.waterskis.lv\\\/en\\\/\"},{\"@type\":\"ListItem\",\"position\":2,\"name\":\"Shop\",\"item\":\"https:\\\/\\\/waterskis.lv\\\/en\\\/shop\\\/\"},{\"@type\":\"ListItem\",\"position\":3,\"name\":\"Jobe Fusion Stick SUP Paddle Lime 3-piece\"}]},{\"@type\":\"WebSite\",\"@id\":\"https:\\\/\\\/www.waterskis.lv\\\/en\\\/#website\",\"url\":\"https:\\\/\\\/www.waterskis.lv\\\/en\\\/\",\"name\":\"WATERSKIS.LV\",\"description\":\"SUP d\u0113\u013ci, kajaki, kanoe, airu laivas, \u016bdenssl\u0113po\u0161ana, veikbords, SUP d\u0113\u013cu noma, kajaku nomaakt\u012bv\u0101s atp\u016btas centrs, laivu noma, sup noma, kajaku noma\",\"publisher\":{\"@id\":\"https:\\\/\\\/www.waterskis.lv\\\/en\\\/#organization\"},\"potentialAction\":[{\"@type\":\"SearchAction\",\"target\":{\"@type\":\"EntryPoint\",\"urlTemplate\":\"https:\\\/\\\/www.waterskis.lv\\\/en\\\/?s={search_term_string}\"},\"query-input\":{\"@type\":\"PropertyValueSpecification\",\"valueRequired\":true,\"valueName\":\"search_term_string\"}}],\"inLanguage\":\"en-US\"},{\"@type\":\"Organization\",\"@id\":\"https:\\\/\\\/www.waterskis.lv\\\/en\\\/#organization\",\"name\":\"WATERSKIS.LV\",\"url\":\"https:\\\/\\\/www.waterskis.lv\\\/en\\\/\",\"logo\":{\"@type\":\"ImageObject\",\"inLanguage\":\"en-US\",\"@id\":\"https:\\\/\\\/www.waterskis.lv\\\/en\\\/#\\\/schema\\\/logo\\\/image\\\/\",\"url\":\"https:\\\/\\\/www.waterskis.lv\\\/wp-content\\\/uploads\\\/2025\\\/01\\\/JUVP-logo.png\",\"contentUrl\":\"https:\\\/\\\/www.waterskis.lv\\\/wp-content\\\/uploads\\\/2025\\\/01\\\/JUVP-logo.png\",\"width\":421,\"height\":202,\"caption\":\"WATERSKIS.LV\"},\"image\":{\"@id\":\"https:\\\/\\\/www.waterskis.lv\\\/en\\\/#\\\/schema\\\/logo\\\/image\\\/\"},\"sameAs\":[\"https:\\\/\\\/www.facebook.com\\\/jurmalawaterskiwakeboardpark\\\/\"]}]}<\/script>\n<!-- \/ Yoast SEO plugin. -->","yoast_head_json":{"title":"Jobe Fusion Stick SUP Paddle Lime 3-piece - WATERSKIS.LV","description":"Jobe Fusion Stick SUP Paddle Lime 3-piece combines two great ingredients to create one great paddle. The shaft features 10% carbon and 90% fiberglass","robots":{"index":"index","follow":"follow","max-snippet":"max-snippet:-1","max-image-preview":"max-image-preview:large","max-video-preview":"max-video-preview:-1"},"canonical":"https:\/\/www.waterskis.lv\/en\/product\/jobe-fusion-stick-sup-paddle-lime-3-piece\/","og_locale":"en_US","og_type":"article","og_title":"Jobe Fusion Stick SUP Paddle Lime 3-piece - WATERSKIS.LV","og_description":"Jobe Fusion Stick SUP Paddle Lime 3-piece combines two great ingredients to create one great paddle. The shaft features 10% carbon and 90% fiberglass","og_url":"https:\/\/www.waterskis.lv\/en\/product\/jobe-fusion-stick-sup-paddle-lime-3-piece\/","og_site_name":"WATERSKIS.LV","article_publisher":"https:\/\/www.facebook.com\/jurmalawaterskiwakeboardpark\/","article_modified_time":"2026-02-06T15:22:26+00:00","og_image":[{"width":1500,"height":1500,"url":"https:\/\/www.waterskis.lv\/wp-content\/uploads\/2026\/01\/FusionLime.jpg","type":"image\/jpeg"}],"twitter_card":"summary_large_image","twitter_misc":{"Est. reading time":"1 minute"},"schema":{"@context":"https:\/\/schema.org","@graph":[{"@type":"WebPage","@id":"https:\/\/www.waterskis.lv\/en\/product\/jobe-fusion-stick-sup-paddle-lime-3-piece\/","url":"https:\/\/www.waterskis.lv\/en\/product\/jobe-fusion-stick-sup-paddle-lime-3-piece\/","name":"Jobe Fusion Stick SUP Paddle Lime 3-piece - WATERSKIS.LV","isPartOf":{"@id":"https:\/\/www.waterskis.lv\/en\/#website"},"primaryImageOfPage":{"@id":"https:\/\/www.waterskis.lv\/en\/product\/jobe-fusion-stick-sup-paddle-lime-3-piece\/#primaryimage"},"image":{"@id":"https:\/\/www.waterskis.lv\/en\/product\/jobe-fusion-stick-sup-paddle-lime-3-piece\/#primaryimage"},"thumbnailUrl":"https:\/\/www.waterskis.lv\/wp-content\/uploads\/2026\/01\/FusionLime.jpg","datePublished":"2026-01-06T03:04:01+00:00","dateModified":"2026-02-06T15:22:26+00:00","description":"Jobe Fusion Stick SUP Paddle Lime 3-piece combines two great ingredients to create one great paddle. The shaft features 10% carbon and 90% fiberglass","breadcrumb":{"@id":"https:\/\/www.waterskis.lv\/en\/product\/jobe-fusion-stick-sup-paddle-lime-3-piece\/#breadcrumb"},"inLanguage":"en-US","potentialAction":[{"@type":"ReadAction","target":["https:\/\/www.waterskis.lv\/en\/product\/jobe-fusion-stick-sup-paddle-lime-3-piece\/"]}]},{"@type":"ImageObject","inLanguage":"en-US","@id":"https:\/\/www.waterskis.lv\/en\/product\/jobe-fusion-stick-sup-paddle-lime-3-piece\/#primaryimage","url":"https:\/\/www.waterskis.lv\/wp-content\/uploads\/2026\/01\/FusionLime.jpg","contentUrl":"https:\/\/www.waterskis.lv\/wp-content\/uploads\/2026\/01\/FusionLime.jpg","width":1500,"height":1500,"caption":"SUP airis Jobe Fusion Stick SUP Paddle Lime 3-piece"},{"@type":"BreadcrumbList","@id":"https:\/\/www.waterskis.lv\/en\/product\/jobe-fusion-stick-sup-paddle-lime-3-piece\/#breadcrumb","itemListElement":[{"@type":"ListItem","position":1,"name":"Home","item":"https:\/\/www.waterskis.lv\/en\/"},{"@type":"ListItem","position":2,"name":"Shop","item":"https:\/\/waterskis.lv\/en\/shop\/"},{"@type":"ListItem","position":3,"name":"Jobe Fusion Stick SUP Paddle Lime 3-piece"}]},{"@type":"WebSite","@id":"https:\/\/www.waterskis.lv\/en\/#website","url":"https:\/\/www.waterskis.lv\/en\/","name":"WATERSKIS.LV","description":"SUP d\u0113\u013ci, kajaki, kanoe, airu laivas, \u016bdenssl\u0113po\u0161ana, veikbords, SUP d\u0113\u013cu noma, kajaku nomaakt\u012bv\u0101s atp\u016btas centrs, laivu noma, sup noma, kajaku noma","publisher":{"@id":"https:\/\/www.waterskis.lv\/en\/#organization"},"potentialAction":[{"@type":"SearchAction","target":{"@type":"EntryPoint","urlTemplate":"https:\/\/www.waterskis.lv\/en\/?s={search_term_string}"},"query-input":{"@type":"PropertyValueSpecification","valueRequired":true,"valueName":"search_term_string"}}],"inLanguage":"en-US"},{"@type":"Organization","@id":"https:\/\/www.waterskis.lv\/en\/#organization","name":"WATERSKIS.LV","url":"https:\/\/www.waterskis.lv\/en\/","logo":{"@type":"ImageObject","inLanguage":"en-US","@id":"https:\/\/www.waterskis.lv\/en\/#\/schema\/logo\/image\/","url":"https:\/\/www.waterskis.lv\/wp-content\/uploads\/2025\/01\/JUVP-logo.png","contentUrl":"https:\/\/www.waterskis.lv\/wp-content\/uploads\/2025\/01\/JUVP-logo.png","width":421,"height":202,"caption":"WATERSKIS.LV"},"image":{"@id":"https:\/\/www.waterskis.lv\/en\/#\/schema\/logo\/image\/"},"sameAs":["https:\/\/www.facebook.com\/jurmalawaterskiwakeboardpark\/"]}]}},"_links":{"self":[{"href":"https:\/\/www.waterskis.lv\/en\/wp-json\/wp\/v2\/product\/69121","targetHints":{"allow":["GET"]}}],"collection":[{"href":"https:\/\/www.waterskis.lv\/en\/wp-json\/wp\/v2\/product"}],"about":[{"href":"https:\/\/www.waterskis.lv\/en\/wp-json\/wp\/v2\/types\/product"}],"replies":[{"embeddable":true,"href":"https:\/\/www.waterskis.lv\/en\/wp-json\/wp\/v2\/comments?post=69121"}],"wp:featuredmedia":[{"embeddable":true,"href":"https:\/\/www.waterskis.lv\/en\/wp-json\/wp\/v2\/media\/69302"}],"wp:attachment":[{"href":"https:\/\/www.waterskis.lv\/en\/wp-json\/wp\/v2\/media?parent=69121"}],"wp:term":[{"taxonomy":"product_brand","embeddable":true,"href":"https:\/\/www.waterskis.lv\/en\/wp-json\/wp\/v2\/product_brand?post=69121"},{"taxonomy":"product_cat","embeddable":true,"href":"https:\/\/www.waterskis.lv\/en\/wp-json\/wp\/v2\/product_cat?post=69121"},{"taxonomy":"product_tag","embeddable":true,"href":"https:\/\/www.waterskis.lv\/en\/wp-json\/wp\/v2\/product_tag?post=69121"}],"curies":[{"name":"wp","href":"https:\/\/api.w.org\/{rel}","templated":true}]}}