{"id":69140,"date":"2026-01-06T06:05:11","date_gmt":"2026-01-06T04:05:11","guid":{"rendered":"https:\/\/www.waterskis.lv\/product\/jobe-kick-flip-towable-2p\/"},"modified":"2026-01-30T17:10:18","modified_gmt":"2026-01-30T15:10:18","slug":"jobe-kick-flip-towable-2p","status":"publish","type":"product","link":"https:\/\/www.waterskis.lv\/en\/product\/jobe-kick-flip-towable-2p\/","title":{"rendered":"Jobe Kick Flip Towable 2P"},"content":{"rendered":"<h1>Jobe Kick Flip Towable 2P<\/h1>\n<p>Jobe Kick Flip Towable 2P<\/p>\n<table width=\"142\">\n<tbody>\n<tr>\n<td width=\"142\">230220004-PCS.<\/td>\n<\/tr>\n<\/tbody>\n<\/table>\n<p>&nbsp;<\/p>\n<div class=\"facet-content rte\">\n<p data-start=\"51\" data-end=\"333\"><strong data-start=\"51\" data-end=\"100\">Jobe Kick Flip Trainable 2P \u2013 Double-Mode Fun<\/strong><br data-start=\"100\" data-end=\"103\" \/>The Jobe Kick Flip 2P is the perfect towable for those seeking both thrills and relaxation in one product. Thanks to its dynamic shape and two towing points, you can choose between an adrenaline-pumping ride or a more relaxed one.<\/p>\n<p data-start=\"335\" data-end=\"506\">With the quick connector, you can easily attach the rope at the front to sit comfortably with a friend, or hook it at the back for a more sporty and intense kneeling ride.<\/p>\n<p data-start=\"508\" data-end=\"774\"><strong data-start=\"508\" data-end=\"547\">Maximum Comfort and Premium Quality<\/strong><br data-start=\"547\" data-end=\"550\" \/>Made of 28G PVC with a double-stitched 840D nylon cover, the Kick Flip ensures durability and resistance even with frequent use. The 8 handles with neoprene protection provide a secure and comfortable grip in every position.<\/p>\n<p data-start=\"776\" data-end=\"870\">And when the ride is over? Turn the Kick Flip into your floating lounge to relax on the water!<\/p>\n<ul data-start=\"872\" data-end=\"1214\">\n<li data-start=\"872\" data-end=\"898\">\n<p data-start=\"874\" data-end=\"898\">Capacity: max 2 people<\/p>\n<\/li>\n<li data-start=\"899\" data-end=\"937\">\n<p data-start=\"901\" data-end=\"937\">8 handles with neoprene protection<\/p>\n<\/li>\n<li data-start=\"938\" data-end=\"978\">\n<p data-start=\"940\" data-end=\"978\">Dual towing mode: seated or kneeling<\/p>\n<\/li>\n<li data-start=\"979\" data-end=\"1018\">\n<p data-start=\"981\" data-end=\"1018\">Quick connector for easy attachment<\/p>\n<\/li>\n<li data-start=\"1019\" data-end=\"1062\">\n<p data-start=\"1021\" data-end=\"1062\">One-way Boston valve for fast inflation<\/p>\n<\/li>\n<li data-start=\"1063\" data-end=\"1100\">\n<p data-start=\"1065\" data-end=\"1100\">Cover: double-stitched 840D nylon<\/p>\n<\/li>\n<li data-start=\"1101\" data-end=\"1133\">\n<p data-start=\"1103\" data-end=\"1133\">Inner material: 28 gauge PVC<\/p>\n<\/li>\n<li data-start=\"1134\" data-end=\"1176\">\n<p data-start=\"1136\" data-end=\"1176\">Inflated dimensions: 158 x 125 x 71 cm<\/p>\n<\/li>\n<li data-start=\"1177\" data-end=\"1214\">\n<p data-start=\"1179\" data-end=\"1214\">Deflated dimensions: 160 x 130 cm<\/p>\n<\/li>\n<\/ul>\n<\/div>\n","protected":false},"excerpt":{"rendered":"<p>Jobe Kick Flip Towable 2P Jobe Kick Flip Towable 2P 230220004-PCS. &nbsp; Jobe Kick Flip Trainable 2P \u2013 Double-Mode FunThe Jobe Kick Flip 2P is the perfect towable for those seeking both thrills and relaxation in one product. Thanks to its dynamic shape and two towing points, you can choose between an adrenaline-pumping ride or [&#8230;]<\/p>\n<p><a class=\"btn btn-secondary understrap-read-more-link\" href=\"https:\/\/www.waterskis.lv\/en\/product\/jobe-kick-flip-towable-2p\/\">Read More&#8230;<\/a><\/p>\n","protected":false},"featured_media":69273,"comment_status":"closed","ping_status":"closed","template":"","meta":{"_acf_changed":false,"inline_featured_image":false},"product_brand":[1330],"product_cat":[965,380],"product_tag":[1488,3074,3075],"class_list":{"0":"post-69140","1":"product","2":"type-product","3":"status-publish","4":"has-post-thumbnail","6":"product_brand-jobe-watersports","7":"product_cat-2-rider-tubes","8":"product_cat-towables","9":"product_tag-divvietigs-puslis","10":"product_tag-inflatable-towable-tube","11":"product_tag-3075","13":"first","14":"instock","15":"shipping-taxable","16":"purchasable","17":"product-type-simple"},"acf":[],"yoast_head":"<!-- This site is optimized with the Yoast SEO plugin v27.3 - https:\/\/yoast.com\/product\/yoast-seo-wordpress\/ -->\n<title>Jobe Kick Flip Towable 2P - WATERSKIS.LV<\/title>\n<meta name=\"description\" content=\"Jobe Kick Flip Towable 2P. is the perfect towable for those seeking both thrills and relaxation in one product. Dynamic shape and two towing points.\" \/>\n<meta name=\"robots\" content=\"index, follow, max-snippet:-1, max-image-preview:large, max-video-preview:-1\" \/>\n<link rel=\"canonical\" href=\"https:\/\/www.waterskis.lv\/en\/product\/jobe-kick-flip-towable-2p\/\" \/>\n<meta property=\"og:locale\" content=\"en_US\" \/>\n<meta property=\"og:type\" content=\"article\" \/>\n<meta property=\"og:title\" content=\"Jobe Kick Flip Towable 2P - WATERSKIS.LV\" \/>\n<meta property=\"og:description\" content=\"Jobe Kick Flip Towable 2P. is the perfect towable for those seeking both thrills and relaxation in one product. Dynamic shape and two towing points.\" \/>\n<meta property=\"og:url\" content=\"https:\/\/www.waterskis.lv\/en\/product\/jobe-kick-flip-towable-2p\/\" \/>\n<meta property=\"og:site_name\" content=\"WATERSKIS.LV\" \/>\n<meta property=\"article:publisher\" content=\"https:\/\/www.facebook.com\/jurmalawaterskiwakeboardpark\/\" \/>\n<meta property=\"article:modified_time\" content=\"2026-01-30T15:10:18+00:00\" \/>\n<meta property=\"og:image\" content=\"https:\/\/www.waterskis.lv\/wp-content\/uploads\/2026\/01\/KickFlip.jpg\" \/>\n\t<meta property=\"og:image:width\" content=\"1500\" \/>\n\t<meta property=\"og:image:height\" content=\"1500\" \/>\n\t<meta property=\"og:image:type\" content=\"image\/jpeg\" \/>\n<meta name=\"twitter:card\" content=\"summary_large_image\" \/>\n<meta name=\"twitter:label1\" content=\"Est. reading time\" \/>\n\t<meta name=\"twitter:data1\" content=\"2 minutes\" \/>\n<script type=\"application\/ld+json\" class=\"yoast-schema-graph\">{\"@context\":\"https:\\\/\\\/schema.org\",\"@graph\":[{\"@type\":\"WebPage\",\"@id\":\"https:\\\/\\\/www.waterskis.lv\\\/en\\\/product\\\/jobe-kick-flip-towable-2p\\\/\",\"url\":\"https:\\\/\\\/www.waterskis.lv\\\/en\\\/product\\\/jobe-kick-flip-towable-2p\\\/\",\"name\":\"Jobe Kick Flip Towable 2P - WATERSKIS.LV\",\"isPartOf\":{\"@id\":\"https:\\\/\\\/www.waterskis.lv\\\/en\\\/#website\"},\"primaryImageOfPage\":{\"@id\":\"https:\\\/\\\/www.waterskis.lv\\\/en\\\/product\\\/jobe-kick-flip-towable-2p\\\/#primaryimage\"},\"image\":{\"@id\":\"https:\\\/\\\/www.waterskis.lv\\\/en\\\/product\\\/jobe-kick-flip-towable-2p\\\/#primaryimage\"},\"thumbnailUrl\":\"https:\\\/\\\/www.waterskis.lv\\\/wp-content\\\/uploads\\\/2026\\\/01\\\/KickFlip.jpg\",\"datePublished\":\"2026-01-06T04:05:11+00:00\",\"dateModified\":\"2026-01-30T15:10:18+00:00\",\"description\":\"Jobe Kick Flip Towable 2P. is the perfect towable for those seeking both thrills and relaxation in one product. Dynamic shape and two towing points.\",\"breadcrumb\":{\"@id\":\"https:\\\/\\\/www.waterskis.lv\\\/en\\\/product\\\/jobe-kick-flip-towable-2p\\\/#breadcrumb\"},\"inLanguage\":\"en-US\",\"potentialAction\":[{\"@type\":\"ReadAction\",\"target\":[\"https:\\\/\\\/www.waterskis.lv\\\/en\\\/product\\\/jobe-kick-flip-towable-2p\\\/\"]}]},{\"@type\":\"ImageObject\",\"inLanguage\":\"en-US\",\"@id\":\"https:\\\/\\\/www.waterskis.lv\\\/en\\\/product\\\/jobe-kick-flip-towable-2p\\\/#primaryimage\",\"url\":\"https:\\\/\\\/www.waterskis.lv\\\/wp-content\\\/uploads\\\/2026\\\/01\\\/KickFlip.jpg\",\"contentUrl\":\"https:\\\/\\\/www.waterskis.lv\\\/wp-content\\\/uploads\\\/2026\\\/01\\\/KickFlip.jpg\",\"width\":1500,\"height\":1500,\"caption\":\"Jobe Kick Flip Towable 2P\"},{\"@type\":\"BreadcrumbList\",\"@id\":\"https:\\\/\\\/www.waterskis.lv\\\/en\\\/product\\\/jobe-kick-flip-towable-2p\\\/#breadcrumb\",\"itemListElement\":[{\"@type\":\"ListItem\",\"position\":1,\"name\":\"Home\",\"item\":\"https:\\\/\\\/www.waterskis.lv\\\/en\\\/\"},{\"@type\":\"ListItem\",\"position\":2,\"name\":\"Shop\",\"item\":\"https:\\\/\\\/waterskis.lv\\\/en\\\/shop\\\/\"},{\"@type\":\"ListItem\",\"position\":3,\"name\":\"Jobe Kick Flip Towable 2P\"}]},{\"@type\":\"WebSite\",\"@id\":\"https:\\\/\\\/www.waterskis.lv\\\/en\\\/#website\",\"url\":\"https:\\\/\\\/www.waterskis.lv\\\/en\\\/\",\"name\":\"WATERSKIS.LV\",\"description\":\"SUP d\u0113\u013ci, kajaki, kanoe, airu laivas, \u016bdenssl\u0113po\u0161ana, veikbords, SUP d\u0113\u013cu noma, kajaku nomaakt\u012bv\u0101s atp\u016btas centrs, laivu noma, sup noma, kajaku noma\",\"publisher\":{\"@id\":\"https:\\\/\\\/www.waterskis.lv\\\/en\\\/#organization\"},\"potentialAction\":[{\"@type\":\"SearchAction\",\"target\":{\"@type\":\"EntryPoint\",\"urlTemplate\":\"https:\\\/\\\/www.waterskis.lv\\\/en\\\/?s={search_term_string}\"},\"query-input\":{\"@type\":\"PropertyValueSpecification\",\"valueRequired\":true,\"valueName\":\"search_term_string\"}}],\"inLanguage\":\"en-US\"},{\"@type\":\"Organization\",\"@id\":\"https:\\\/\\\/www.waterskis.lv\\\/en\\\/#organization\",\"name\":\"WATERSKIS.LV\",\"url\":\"https:\\\/\\\/www.waterskis.lv\\\/en\\\/\",\"logo\":{\"@type\":\"ImageObject\",\"inLanguage\":\"en-US\",\"@id\":\"https:\\\/\\\/www.waterskis.lv\\\/en\\\/#\\\/schema\\\/logo\\\/image\\\/\",\"url\":\"https:\\\/\\\/www.waterskis.lv\\\/wp-content\\\/uploads\\\/2025\\\/01\\\/JUVP-logo.png\",\"contentUrl\":\"https:\\\/\\\/www.waterskis.lv\\\/wp-content\\\/uploads\\\/2025\\\/01\\\/JUVP-logo.png\",\"width\":421,\"height\":202,\"caption\":\"WATERSKIS.LV\"},\"image\":{\"@id\":\"https:\\\/\\\/www.waterskis.lv\\\/en\\\/#\\\/schema\\\/logo\\\/image\\\/\"},\"sameAs\":[\"https:\\\/\\\/www.facebook.com\\\/jurmalawaterskiwakeboardpark\\\/\"]}]}<\/script>\n<!-- \/ Yoast SEO plugin. -->","yoast_head_json":{"title":"Jobe Kick Flip Towable 2P - WATERSKIS.LV","description":"Jobe Kick Flip Towable 2P. is the perfect towable for those seeking both thrills and relaxation in one product. Dynamic shape and two towing points.","robots":{"index":"index","follow":"follow","max-snippet":"max-snippet:-1","max-image-preview":"max-image-preview:large","max-video-preview":"max-video-preview:-1"},"canonical":"https:\/\/www.waterskis.lv\/en\/product\/jobe-kick-flip-towable-2p\/","og_locale":"en_US","og_type":"article","og_title":"Jobe Kick Flip Towable 2P - WATERSKIS.LV","og_description":"Jobe Kick Flip Towable 2P. is the perfect towable for those seeking both thrills and relaxation in one product. Dynamic shape and two towing points.","og_url":"https:\/\/www.waterskis.lv\/en\/product\/jobe-kick-flip-towable-2p\/","og_site_name":"WATERSKIS.LV","article_publisher":"https:\/\/www.facebook.com\/jurmalawaterskiwakeboardpark\/","article_modified_time":"2026-01-30T15:10:18+00:00","og_image":[{"width":1500,"height":1500,"url":"https:\/\/www.waterskis.lv\/wp-content\/uploads\/2026\/01\/KickFlip.jpg","type":"image\/jpeg"}],"twitter_card":"summary_large_image","twitter_misc":{"Est. reading time":"2 minutes"},"schema":{"@context":"https:\/\/schema.org","@graph":[{"@type":"WebPage","@id":"https:\/\/www.waterskis.lv\/en\/product\/jobe-kick-flip-towable-2p\/","url":"https:\/\/www.waterskis.lv\/en\/product\/jobe-kick-flip-towable-2p\/","name":"Jobe Kick Flip Towable 2P - WATERSKIS.LV","isPartOf":{"@id":"https:\/\/www.waterskis.lv\/en\/#website"},"primaryImageOfPage":{"@id":"https:\/\/www.waterskis.lv\/en\/product\/jobe-kick-flip-towable-2p\/#primaryimage"},"image":{"@id":"https:\/\/www.waterskis.lv\/en\/product\/jobe-kick-flip-towable-2p\/#primaryimage"},"thumbnailUrl":"https:\/\/www.waterskis.lv\/wp-content\/uploads\/2026\/01\/KickFlip.jpg","datePublished":"2026-01-06T04:05:11+00:00","dateModified":"2026-01-30T15:10:18+00:00","description":"Jobe Kick Flip Towable 2P. is the perfect towable for those seeking both thrills and relaxation in one product. Dynamic shape and two towing points.","breadcrumb":{"@id":"https:\/\/www.waterskis.lv\/en\/product\/jobe-kick-flip-towable-2p\/#breadcrumb"},"inLanguage":"en-US","potentialAction":[{"@type":"ReadAction","target":["https:\/\/www.waterskis.lv\/en\/product\/jobe-kick-flip-towable-2p\/"]}]},{"@type":"ImageObject","inLanguage":"en-US","@id":"https:\/\/www.waterskis.lv\/en\/product\/jobe-kick-flip-towable-2p\/#primaryimage","url":"https:\/\/www.waterskis.lv\/wp-content\/uploads\/2026\/01\/KickFlip.jpg","contentUrl":"https:\/\/www.waterskis.lv\/wp-content\/uploads\/2026\/01\/KickFlip.jpg","width":1500,"height":1500,"caption":"Jobe Kick Flip Towable 2P"},{"@type":"BreadcrumbList","@id":"https:\/\/www.waterskis.lv\/en\/product\/jobe-kick-flip-towable-2p\/#breadcrumb","itemListElement":[{"@type":"ListItem","position":1,"name":"Home","item":"https:\/\/www.waterskis.lv\/en\/"},{"@type":"ListItem","position":2,"name":"Shop","item":"https:\/\/waterskis.lv\/en\/shop\/"},{"@type":"ListItem","position":3,"name":"Jobe Kick Flip Towable 2P"}]},{"@type":"WebSite","@id":"https:\/\/www.waterskis.lv\/en\/#website","url":"https:\/\/www.waterskis.lv\/en\/","name":"WATERSKIS.LV","description":"SUP d\u0113\u013ci, kajaki, kanoe, airu laivas, \u016bdenssl\u0113po\u0161ana, veikbords, SUP d\u0113\u013cu noma, kajaku nomaakt\u012bv\u0101s atp\u016btas centrs, laivu noma, sup noma, kajaku noma","publisher":{"@id":"https:\/\/www.waterskis.lv\/en\/#organization"},"potentialAction":[{"@type":"SearchAction","target":{"@type":"EntryPoint","urlTemplate":"https:\/\/www.waterskis.lv\/en\/?s={search_term_string}"},"query-input":{"@type":"PropertyValueSpecification","valueRequired":true,"valueName":"search_term_string"}}],"inLanguage":"en-US"},{"@type":"Organization","@id":"https:\/\/www.waterskis.lv\/en\/#organization","name":"WATERSKIS.LV","url":"https:\/\/www.waterskis.lv\/en\/","logo":{"@type":"ImageObject","inLanguage":"en-US","@id":"https:\/\/www.waterskis.lv\/en\/#\/schema\/logo\/image\/","url":"https:\/\/www.waterskis.lv\/wp-content\/uploads\/2025\/01\/JUVP-logo.png","contentUrl":"https:\/\/www.waterskis.lv\/wp-content\/uploads\/2025\/01\/JUVP-logo.png","width":421,"height":202,"caption":"WATERSKIS.LV"},"image":{"@id":"https:\/\/www.waterskis.lv\/en\/#\/schema\/logo\/image\/"},"sameAs":["https:\/\/www.facebook.com\/jurmalawaterskiwakeboardpark\/"]}]}},"_links":{"self":[{"href":"https:\/\/www.waterskis.lv\/en\/wp-json\/wp\/v2\/product\/69140","targetHints":{"allow":["GET"]}}],"collection":[{"href":"https:\/\/www.waterskis.lv\/en\/wp-json\/wp\/v2\/product"}],"about":[{"href":"https:\/\/www.waterskis.lv\/en\/wp-json\/wp\/v2\/types\/product"}],"replies":[{"embeddable":true,"href":"https:\/\/www.waterskis.lv\/en\/wp-json\/wp\/v2\/comments?post=69140"}],"wp:featuredmedia":[{"embeddable":true,"href":"https:\/\/www.waterskis.lv\/en\/wp-json\/wp\/v2\/media\/69273"}],"wp:attachment":[{"href":"https:\/\/www.waterskis.lv\/en\/wp-json\/wp\/v2\/media?parent=69140"}],"wp:term":[{"taxonomy":"product_brand","embeddable":true,"href":"https:\/\/www.waterskis.lv\/en\/wp-json\/wp\/v2\/product_brand?post=69140"},{"taxonomy":"product_cat","embeddable":true,"href":"https:\/\/www.waterskis.lv\/en\/wp-json\/wp\/v2\/product_cat?post=69140"},{"taxonomy":"product_tag","embeddable":true,"href":"https:\/\/www.waterskis.lv\/en\/wp-json\/wp\/v2\/product_tag?post=69140"}],"curies":[{"name":"wp","href":"https:\/\/api.w.org\/{rel}","templated":true}]}}