{"id":69167,"date":"2026-01-06T07:11:38","date_gmt":"2026-01-06T05:11:38","guid":{"rendered":"https:\/\/www.waterskis.lv\/product\/veste-jobe-fragment-life-vest-men-burgundy-red\/"},"modified":"2026-02-07T09:41:07","modified_gmt":"2026-02-07T07:41:07","slug":"veste-jobe-fragment-life-vest-men-burgundy-red","status":"publish","type":"product","link":"https:\/\/www.waterskis.lv\/en\/product\/veste-jobe-fragment-life-vest-men-burgundy-red\/","title":{"rendered":"Veste Jobe Fragment Life Vest Men Burgundy Red"},"content":{"rendered":"<h1 class=\"productTitle s-hide\">Veste Jobe Fragment Life Vest Men Burgundy Red<\/h1>\n<p>Veste Jobe Fragment Life Vest Men Burgundy Red<\/p>\n<div class=\"paragraph mt10 col-12\">\n<p><span class=\"s-hide\">Product ID\u00a0244922009<\/span><\/p>\n<h2 class=\"title-3 fs25 mt20 mb20 boldTitleFont grey uppercase np\">Specifications<\/h2>\n<h2 class=\"title-3 fs24 mt20 boldTitleFont grey normal np\">Jobe Fragment Life Vest Men<\/h2>\n<div class=\"col-12 paragraph\">The Jobe Fragment vest offers the best of both worlds in terms of comfort and safety. The separated foam panels in combination with the soft and flexible supreme stretch fabric gives you maximum freedom of movement while the 50N ISO certification makes sure you will stay afloat at all times. D-rings are added for extra safety while coasting on your boat or racing on your PWC. These vests are designed with our perfect fit philosophy in mind and are available in plus sizes. So comfortable you will forget you&#8217;re wearing one.<\/div>\n<div><\/div>\n<div>\n<div class=\"switch\"><label class=\"switch-label switch-label-off\" tabindex=\"0\" for=\"view_cm\">CM <\/label><label class=\"switch-label switch-label-on\" tabindex=\"0\" for=\"view_inch\">Inch<\/label><\/div>\n<table class=\"size_guide\">\n<thead>\n<tr>\n<th>Size<\/th>\n<th>Chest\u00a0<span class=\"sg_cm\">(CM)<\/span><\/th>\n<th>Waist\u00a0<span class=\"sg_cm\">(CM)<\/span><\/th>\n<\/tr>\n<\/thead>\n<tbody>\n<tr>\n<td>L<\/td>\n<td><span class=\"sg_cm\">102-106<\/span><\/td>\n<td><span class=\"sg_cm\">92-96<\/span><\/td>\n<\/tr>\n<tr>\n<td>XL+<\/td>\n<td><span class=\"sg_cm\">106-112<\/span><\/td>\n<td><span class=\"sg_cm\">96-104<\/span><\/td>\n<\/tr>\n<tr>\n<td>2XL+<\/td>\n<td><span class=\"sg_cm\">112-118<\/span><\/td>\n<td><span class=\"sg_cm\">104-112<\/span><\/td>\n<\/tr>\n<tr>\n<td>3XL+<\/td>\n<td><span class=\"sg_cm\">118-124<\/span><\/td>\n<td><span class=\"sg_cm\">112-120<\/span><\/td>\n<\/tr>\n<\/tbody>\n<\/table>\n<\/div>\n<\/div>\n<p>&nbsp;<\/p>\n<ul class=\"autoColumn checkListSmall blackCheck\">\n<li>50N ISO-certified (buoyancy aid)<\/li>\n<li>Comfort of a non-certified vest<\/li>\n<li>Always a perfect fit: more comfort and safety<\/li>\n<li>Available in plus sizes<\/li>\n<li>D-ring<\/li>\n<li>Front zipper for fast entry<\/li>\n<li>Inside pocket with waterproof bag connector cord<\/li>\n<li>Lasercut neoprene panels for high end feel on the water<\/li>\n<li>Longer fit<\/li>\n<li>Protective zipper flap and cover<\/li>\n<li>Safety D-ring attachment to attach an emergency cord<\/li>\n<li>Seperated foam panels for maximum freedom of movement<\/li>\n<li>Soft &amp; flexible supreme stretch fabric<\/li>\n<li>Soft PVC foam<\/li>\n<li>Water drainage system<\/li>\n<li>Strong YKK Zipper<\/li>\n<\/ul>\n","protected":false},"excerpt":{"rendered":"<p>Veste Jobe Fragment Life Vest Men Burgundy Red Veste Jobe Fragment Life Vest Men Burgundy Red Product ID\u00a0244922009 Specifications Jobe Fragment Life Vest Men The Jobe Fragment vest offers the best of both worlds in terms of comfort and safety. The separated foam panels in combination with the soft and flexible supreme stretch fabric gives [&#8230;]<\/p>\n<p><a class=\"btn btn-secondary understrap-read-more-link\" href=\"https:\/\/www.waterskis.lv\/en\/product\/veste-jobe-fragment-life-vest-men-burgundy-red\/\">Read More&#8230;<\/a><\/p>\n","protected":false},"featured_media":69217,"comment_status":"closed","ping_status":"closed","template":"","meta":{"_acf_changed":false,"inline_featured_image":false},"product_brand":[1330],"product_cat":[702,361],"product_tag":[1632,3616,1439,1604,1440,3551,1613,1441,1442,3617,1443,1444,3618,3619],"class_list":{"0":"post-69167","1":"product","2":"type-product","3":"status-publish","4":"has-post-thumbnail","6":"product_brand-jobe-watersports","7":"product_cat-life-jackets","8":"product_cat-sale","9":"product_tag-buoyancy-aid","10":"product_tag-certified-life-jacket","11":"product_tag-glabsaans-veste","12":"product_tag-glabsanas-veste","13":"product_tag-jobe-veste","14":"product_tag-jobe-watersports","15":"product_tag-life-jacket","16":"product_tag-neoprena-veste","17":"product_tag-peldveste","18":"product_tag-sertificeta-glabsanas-veste","19":"product_tag-udenssleposanas-veste","20":"product_tag-veikborda-veste","21":"product_tag-3618","22":"product_tag-3619","24":"first","25":"instock","26":"sale","27":"shipping-taxable","28":"purchasable","29":"product-type-simple"},"acf":[],"yoast_head":"<!-- This site is optimized with the Yoast SEO plugin v27.3 - https:\/\/yoast.com\/product\/yoast-seo-wordpress\/ -->\n<title>Veste Jobe Fragment Life Vest Men Burgundy Red - WATERSKIS.LV<\/title>\n<meta name=\"description\" content=\"Jobe Fragment Life Vest Men Burgundy Red offers the best of both worlds in terms of comfort and safety. The separated foam panels in combination\" \/>\n<meta name=\"robots\" content=\"index, follow, max-snippet:-1, max-image-preview:large, max-video-preview:-1\" \/>\n<link rel=\"canonical\" href=\"https:\/\/www.waterskis.lv\/en\/product\/veste-jobe-fragment-life-vest-men-burgundy-red\/\" \/>\n<meta property=\"og:locale\" content=\"en_US\" \/>\n<meta property=\"og:type\" content=\"article\" \/>\n<meta property=\"og:title\" content=\"Veste Jobe Fragment Life Vest Men Burgundy Red - WATERSKIS.LV\" \/>\n<meta property=\"og:description\" content=\"Jobe Fragment Life Vest Men Burgundy Red offers the best of both worlds in terms of comfort and safety. The separated foam panels in combination\" \/>\n<meta property=\"og:url\" content=\"https:\/\/www.waterskis.lv\/en\/product\/veste-jobe-fragment-life-vest-men-burgundy-red\/\" \/>\n<meta property=\"og:site_name\" content=\"WATERSKIS.LV\" \/>\n<meta property=\"article:publisher\" content=\"https:\/\/www.facebook.com\/jurmalawaterskiwakeboardpark\/\" \/>\n<meta property=\"article:modified_time\" content=\"2026-02-07T07:41:07+00:00\" \/>\n<meta property=\"og:image\" content=\"https:\/\/www.waterskis.lv\/wp-content\/uploads\/2026\/01\/Burgundyzoom.jpg\" \/>\n\t<meta property=\"og:image:width\" content=\"1500\" \/>\n\t<meta property=\"og:image:height\" content=\"1500\" \/>\n\t<meta property=\"og:image:type\" content=\"image\/jpeg\" \/>\n<meta name=\"twitter:card\" content=\"summary_large_image\" \/>\n<meta name=\"twitter:label1\" content=\"Est. reading time\" \/>\n\t<meta name=\"twitter:data1\" content=\"2 minutes\" \/>\n<script type=\"application\/ld+json\" class=\"yoast-schema-graph\">{\"@context\":\"https:\\\/\\\/schema.org\",\"@graph\":[{\"@type\":\"WebPage\",\"@id\":\"https:\\\/\\\/www.waterskis.lv\\\/en\\\/product\\\/veste-jobe-fragment-life-vest-men-burgundy-red\\\/\",\"url\":\"https:\\\/\\\/www.waterskis.lv\\\/en\\\/product\\\/veste-jobe-fragment-life-vest-men-burgundy-red\\\/\",\"name\":\"Veste Jobe Fragment Life Vest Men Burgundy Red - WATERSKIS.LV\",\"isPartOf\":{\"@id\":\"https:\\\/\\\/www.waterskis.lv\\\/en\\\/#website\"},\"primaryImageOfPage\":{\"@id\":\"https:\\\/\\\/www.waterskis.lv\\\/en\\\/product\\\/veste-jobe-fragment-life-vest-men-burgundy-red\\\/#primaryimage\"},\"image\":{\"@id\":\"https:\\\/\\\/www.waterskis.lv\\\/en\\\/product\\\/veste-jobe-fragment-life-vest-men-burgundy-red\\\/#primaryimage\"},\"thumbnailUrl\":\"https:\\\/\\\/www.waterskis.lv\\\/wp-content\\\/uploads\\\/2026\\\/01\\\/Burgundyzoom.jpg\",\"datePublished\":\"2026-01-06T05:11:38+00:00\",\"dateModified\":\"2026-02-07T07:41:07+00:00\",\"description\":\"Jobe Fragment Life Vest Men Burgundy Red offers the best of both worlds in terms of comfort and safety. The separated foam panels in combination\",\"breadcrumb\":{\"@id\":\"https:\\\/\\\/www.waterskis.lv\\\/en\\\/product\\\/veste-jobe-fragment-life-vest-men-burgundy-red\\\/#breadcrumb\"},\"inLanguage\":\"en-US\",\"potentialAction\":[{\"@type\":\"ReadAction\",\"target\":[\"https:\\\/\\\/www.waterskis.lv\\\/en\\\/product\\\/veste-jobe-fragment-life-vest-men-burgundy-red\\\/\"]}]},{\"@type\":\"ImageObject\",\"inLanguage\":\"en-US\",\"@id\":\"https:\\\/\\\/www.waterskis.lv\\\/en\\\/product\\\/veste-jobe-fragment-life-vest-men-burgundy-red\\\/#primaryimage\",\"url\":\"https:\\\/\\\/www.waterskis.lv\\\/wp-content\\\/uploads\\\/2026\\\/01\\\/Burgundyzoom.jpg\",\"contentUrl\":\"https:\\\/\\\/www.waterskis.lv\\\/wp-content\\\/uploads\\\/2026\\\/01\\\/Burgundyzoom.jpg\",\"width\":1500,\"height\":1500,\"caption\":\"Veste Jobe Fragment Life Vest Men Burgundy Red\"},{\"@type\":\"BreadcrumbList\",\"@id\":\"https:\\\/\\\/www.waterskis.lv\\\/en\\\/product\\\/veste-jobe-fragment-life-vest-men-burgundy-red\\\/#breadcrumb\",\"itemListElement\":[{\"@type\":\"ListItem\",\"position\":1,\"name\":\"Home\",\"item\":\"https:\\\/\\\/www.waterskis.lv\\\/en\\\/\"},{\"@type\":\"ListItem\",\"position\":2,\"name\":\"Shop\",\"item\":\"https:\\\/\\\/waterskis.lv\\\/en\\\/shop\\\/\"},{\"@type\":\"ListItem\",\"position\":3,\"name\":\"Veste Jobe Fragment Life Vest Men Burgundy Red\"}]},{\"@type\":\"WebSite\",\"@id\":\"https:\\\/\\\/www.waterskis.lv\\\/en\\\/#website\",\"url\":\"https:\\\/\\\/www.waterskis.lv\\\/en\\\/\",\"name\":\"WATERSKIS.LV\",\"description\":\"SUP d\u0113\u013ci, kajaki, kanoe, airu laivas, \u016bdenssl\u0113po\u0161ana, veikbords, SUP d\u0113\u013cu noma, kajaku nomaakt\u012bv\u0101s atp\u016btas centrs, laivu noma, sup noma, kajaku noma\",\"publisher\":{\"@id\":\"https:\\\/\\\/www.waterskis.lv\\\/en\\\/#organization\"},\"potentialAction\":[{\"@type\":\"SearchAction\",\"target\":{\"@type\":\"EntryPoint\",\"urlTemplate\":\"https:\\\/\\\/www.waterskis.lv\\\/en\\\/?s={search_term_string}\"},\"query-input\":{\"@type\":\"PropertyValueSpecification\",\"valueRequired\":true,\"valueName\":\"search_term_string\"}}],\"inLanguage\":\"en-US\"},{\"@type\":\"Organization\",\"@id\":\"https:\\\/\\\/www.waterskis.lv\\\/en\\\/#organization\",\"name\":\"WATERSKIS.LV\",\"url\":\"https:\\\/\\\/www.waterskis.lv\\\/en\\\/\",\"logo\":{\"@type\":\"ImageObject\",\"inLanguage\":\"en-US\",\"@id\":\"https:\\\/\\\/www.waterskis.lv\\\/en\\\/#\\\/schema\\\/logo\\\/image\\\/\",\"url\":\"https:\\\/\\\/www.waterskis.lv\\\/wp-content\\\/uploads\\\/2025\\\/01\\\/JUVP-logo.png\",\"contentUrl\":\"https:\\\/\\\/www.waterskis.lv\\\/wp-content\\\/uploads\\\/2025\\\/01\\\/JUVP-logo.png\",\"width\":421,\"height\":202,\"caption\":\"WATERSKIS.LV\"},\"image\":{\"@id\":\"https:\\\/\\\/www.waterskis.lv\\\/en\\\/#\\\/schema\\\/logo\\\/image\\\/\"},\"sameAs\":[\"https:\\\/\\\/www.facebook.com\\\/jurmalawaterskiwakeboardpark\\\/\"]}]}<\/script>\n<!-- \/ Yoast SEO plugin. -->","yoast_head_json":{"title":"Veste Jobe Fragment Life Vest Men Burgundy Red - WATERSKIS.LV","description":"Jobe Fragment Life Vest Men Burgundy Red offers the best of both worlds in terms of comfort and safety. The separated foam panels in combination","robots":{"index":"index","follow":"follow","max-snippet":"max-snippet:-1","max-image-preview":"max-image-preview:large","max-video-preview":"max-video-preview:-1"},"canonical":"https:\/\/www.waterskis.lv\/en\/product\/veste-jobe-fragment-life-vest-men-burgundy-red\/","og_locale":"en_US","og_type":"article","og_title":"Veste Jobe Fragment Life Vest Men Burgundy Red - WATERSKIS.LV","og_description":"Jobe Fragment Life Vest Men Burgundy Red offers the best of both worlds in terms of comfort and safety. The separated foam panels in combination","og_url":"https:\/\/www.waterskis.lv\/en\/product\/veste-jobe-fragment-life-vest-men-burgundy-red\/","og_site_name":"WATERSKIS.LV","article_publisher":"https:\/\/www.facebook.com\/jurmalawaterskiwakeboardpark\/","article_modified_time":"2026-02-07T07:41:07+00:00","og_image":[{"width":1500,"height":1500,"url":"https:\/\/www.waterskis.lv\/wp-content\/uploads\/2026\/01\/Burgundyzoom.jpg","type":"image\/jpeg"}],"twitter_card":"summary_large_image","twitter_misc":{"Est. reading time":"2 minutes"},"schema":{"@context":"https:\/\/schema.org","@graph":[{"@type":"WebPage","@id":"https:\/\/www.waterskis.lv\/en\/product\/veste-jobe-fragment-life-vest-men-burgundy-red\/","url":"https:\/\/www.waterskis.lv\/en\/product\/veste-jobe-fragment-life-vest-men-burgundy-red\/","name":"Veste Jobe Fragment Life Vest Men Burgundy Red - WATERSKIS.LV","isPartOf":{"@id":"https:\/\/www.waterskis.lv\/en\/#website"},"primaryImageOfPage":{"@id":"https:\/\/www.waterskis.lv\/en\/product\/veste-jobe-fragment-life-vest-men-burgundy-red\/#primaryimage"},"image":{"@id":"https:\/\/www.waterskis.lv\/en\/product\/veste-jobe-fragment-life-vest-men-burgundy-red\/#primaryimage"},"thumbnailUrl":"https:\/\/www.waterskis.lv\/wp-content\/uploads\/2026\/01\/Burgundyzoom.jpg","datePublished":"2026-01-06T05:11:38+00:00","dateModified":"2026-02-07T07:41:07+00:00","description":"Jobe Fragment Life Vest Men Burgundy Red offers the best of both worlds in terms of comfort and safety. The separated foam panels in combination","breadcrumb":{"@id":"https:\/\/www.waterskis.lv\/en\/product\/veste-jobe-fragment-life-vest-men-burgundy-red\/#breadcrumb"},"inLanguage":"en-US","potentialAction":[{"@type":"ReadAction","target":["https:\/\/www.waterskis.lv\/en\/product\/veste-jobe-fragment-life-vest-men-burgundy-red\/"]}]},{"@type":"ImageObject","inLanguage":"en-US","@id":"https:\/\/www.waterskis.lv\/en\/product\/veste-jobe-fragment-life-vest-men-burgundy-red\/#primaryimage","url":"https:\/\/www.waterskis.lv\/wp-content\/uploads\/2026\/01\/Burgundyzoom.jpg","contentUrl":"https:\/\/www.waterskis.lv\/wp-content\/uploads\/2026\/01\/Burgundyzoom.jpg","width":1500,"height":1500,"caption":"Veste Jobe Fragment Life Vest Men Burgundy Red"},{"@type":"BreadcrumbList","@id":"https:\/\/www.waterskis.lv\/en\/product\/veste-jobe-fragment-life-vest-men-burgundy-red\/#breadcrumb","itemListElement":[{"@type":"ListItem","position":1,"name":"Home","item":"https:\/\/www.waterskis.lv\/en\/"},{"@type":"ListItem","position":2,"name":"Shop","item":"https:\/\/waterskis.lv\/en\/shop\/"},{"@type":"ListItem","position":3,"name":"Veste Jobe Fragment Life Vest Men Burgundy Red"}]},{"@type":"WebSite","@id":"https:\/\/www.waterskis.lv\/en\/#website","url":"https:\/\/www.waterskis.lv\/en\/","name":"WATERSKIS.LV","description":"SUP d\u0113\u013ci, kajaki, kanoe, airu laivas, \u016bdenssl\u0113po\u0161ana, veikbords, SUP d\u0113\u013cu noma, kajaku nomaakt\u012bv\u0101s atp\u016btas centrs, laivu noma, sup noma, kajaku noma","publisher":{"@id":"https:\/\/www.waterskis.lv\/en\/#organization"},"potentialAction":[{"@type":"SearchAction","target":{"@type":"EntryPoint","urlTemplate":"https:\/\/www.waterskis.lv\/en\/?s={search_term_string}"},"query-input":{"@type":"PropertyValueSpecification","valueRequired":true,"valueName":"search_term_string"}}],"inLanguage":"en-US"},{"@type":"Organization","@id":"https:\/\/www.waterskis.lv\/en\/#organization","name":"WATERSKIS.LV","url":"https:\/\/www.waterskis.lv\/en\/","logo":{"@type":"ImageObject","inLanguage":"en-US","@id":"https:\/\/www.waterskis.lv\/en\/#\/schema\/logo\/image\/","url":"https:\/\/www.waterskis.lv\/wp-content\/uploads\/2025\/01\/JUVP-logo.png","contentUrl":"https:\/\/www.waterskis.lv\/wp-content\/uploads\/2025\/01\/JUVP-logo.png","width":421,"height":202,"caption":"WATERSKIS.LV"},"image":{"@id":"https:\/\/www.waterskis.lv\/en\/#\/schema\/logo\/image\/"},"sameAs":["https:\/\/www.facebook.com\/jurmalawaterskiwakeboardpark\/"]}]}},"_links":{"self":[{"href":"https:\/\/www.waterskis.lv\/en\/wp-json\/wp\/v2\/product\/69167","targetHints":{"allow":["GET"]}}],"collection":[{"href":"https:\/\/www.waterskis.lv\/en\/wp-json\/wp\/v2\/product"}],"about":[{"href":"https:\/\/www.waterskis.lv\/en\/wp-json\/wp\/v2\/types\/product"}],"replies":[{"embeddable":true,"href":"https:\/\/www.waterskis.lv\/en\/wp-json\/wp\/v2\/comments?post=69167"}],"wp:featuredmedia":[{"embeddable":true,"href":"https:\/\/www.waterskis.lv\/en\/wp-json\/wp\/v2\/media\/69217"}],"wp:attachment":[{"href":"https:\/\/www.waterskis.lv\/en\/wp-json\/wp\/v2\/media?parent=69167"}],"wp:term":[{"taxonomy":"product_brand","embeddable":true,"href":"https:\/\/www.waterskis.lv\/en\/wp-json\/wp\/v2\/product_brand?post=69167"},{"taxonomy":"product_cat","embeddable":true,"href":"https:\/\/www.waterskis.lv\/en\/wp-json\/wp\/v2\/product_cat?post=69167"},{"taxonomy":"product_tag","embeddable":true,"href":"https:\/\/www.waterskis.lv\/en\/wp-json\/wp\/v2\/product_tag?post=69167"}],"curies":[{"name":"wp","href":"https:\/\/api.w.org\/{rel}","templated":true}]}}