{"id":69172,"date":"2026-01-06T07:26:02","date_gmt":"2026-01-06T05:26:02","guid":{"rendered":"https:\/\/www.waterskis.lv\/product\/jobe-logo-series-wakeboard-138-2\/"},"modified":"2026-01-06T07:29:31","modified_gmt":"2026-01-06T05:29:31","slug":"jobe-logo-series-wakeboard-138-2","status":"publish","type":"product","link":"https:\/\/www.waterskis.lv\/en\/product\/jobe-logo-series-wakeboard-138-2\/","title":{"rendered":"Jobe Logo Series Wakeboard 138"},"content":{"rendered":"<h1 class=\"productTitle s-hide\">Jobe Logo Series Wakeboard 138<\/h1>\n<p class=\"productTitle s-hide\">Jobe Logo Series Wakeboard 138<\/p>\n<div class=\"paragraph mt10 col-12\"><span class=\"s-hide\">Product ID\u00a0272522005<\/span><\/div>\n<div><\/div>\n<div>\n<h2 class=\"title-3 fs25 mt20 mb20 boldTitleFont grey uppercase np\">Specifications<\/h2>\n<h2 class=\"title-3 fs24 mt20 boldTitleFont grey normal np\">Jobe Logo Series Wakeboard<\/h2>\n<div class=\"col-12 paragraph\">You know Jobe, so you already know the Jobe Logo Series Wakeboard. This classic, tried and true model is truly one of the greats. Featuring a high-press core with double concave bottom for smooth landings, the Logo Series keeps you in control with any trick you want to throw down. A 3-Stage rocker shoots you up high and brings you down softly thanks to a center spine for a smoother landing.<\/div>\n<\/div>\n<div><\/div>\n<div>\n<div class=\"switch\"><label class=\"switch-label switch-label-off\" tabindex=\"0\" for=\"view_cm\">M<\/label><label class=\"switch-label switch-label-on\" tabindex=\"0\" for=\"view_inch\">Inch<\/label><\/div>\n<table class=\"size_guide\">\n<thead>\n<tr>\n<th>Size<\/th>\n<th>Rider weight (KG)<\/th>\n<th>Tip\/tail width\u00a0<span class=\"sg_cm\">(CM)<\/span><\/th>\n<th>Center width\u00a0<span class=\"sg_cm\">(CM)<\/span><\/th>\n<th>Rocker height\u00a0<span class=\"sg_cm\">(CM)<\/span><\/th>\n<\/tr>\n<\/thead>\n<tbody>\n<tr>\n<td>138<\/td>\n<td>64-94<\/td>\n<td><span class=\"sg_cm\">27,25<\/span><\/td>\n<td><span class=\"sg_cm\">41,8<\/span><\/td>\n<td><span class=\"sg_cm\">2,7<\/span><\/td>\n<\/tr>\n<\/tbody>\n<\/table>\n<\/div>\n<p>&nbsp;<\/p>\n<ul class=\"autoColumn checkListSmall blackCheck\">\n<li>3-stage rocker<\/li>\n<li>2 removable nylon fins<\/li>\n<li>Channels<\/li>\n<li>Double concave bottom design for smooth landings<\/li>\n<li>High-press core<\/li>\n<li>High-press fins<\/li>\n<li>Made with 100% solar power<\/li>\n<li>Non-obstacle board: not meant for riding kickers, sliders, or other obstacles<\/li>\n<\/ul>\n","protected":false},"excerpt":{"rendered":"<p>Jobe Logo Series Wakeboard 138 Jobe Logo Series Wakeboard 138 Product ID\u00a0272522005 Specifications Jobe Logo Series Wakeboard You know Jobe, so you already know the Jobe Logo Series Wakeboard. This classic, tried and true model is truly one of the greats. Featuring a high-press core with double concave bottom for smooth landings, the Logo Series [&#8230;]<\/p>\n<p><a class=\"btn btn-secondary understrap-read-more-link\" href=\"https:\/\/www.waterskis.lv\/en\/product\/jobe-logo-series-wakeboard-138-2\/\">Read More&#8230;<\/a><\/p>\n","protected":false},"featured_media":69256,"comment_status":"closed","ping_status":"closed","template":"","meta":{"_acf_changed":false,"inline_featured_image":false},"product_brand":[1330],"product_cat":[956,1140,361,565],"product_tag":[1453,1454,1457],"class_list":{"0":"post-69172","1":"product","2":"type-product","3":"status-publish","4":"has-post-thumbnail","6":"product_brand-jobe-watersports","7":"product_cat-boat-boards","8":"product_cat-jobe-wakeboards","9":"product_cat-sale","10":"product_cat-wakeboards","11":"product_tag-jobe-veikbords","12":"product_tag-veikbords","13":"product_tag-wakeboard","15":"first","16":"instock","17":"sale","18":"shipping-taxable","19":"purchasable","20":"product-type-simple"},"acf":[],"yoast_head":"<!-- This site is optimized with the Yoast SEO plugin v27.3 - https:\/\/yoast.com\/product\/yoast-seo-wordpress\/ -->\n<title>Jobe Logo Series Wakeboard 138 - WATERSKIS.LV<\/title>\n<meta name=\"description\" content=\"Jobe Logo Series Wakeboard 138 classic, tried and true model is truly one of the greats. Non-obstacle board: not meant for riding kickers, sliders, or other\" \/>\n<meta name=\"robots\" content=\"index, follow, max-snippet:-1, max-image-preview:large, max-video-preview:-1\" \/>\n<link rel=\"canonical\" href=\"https:\/\/www.waterskis.lv\/en\/product\/jobe-logo-series-wakeboard-138-2\/\" \/>\n<meta property=\"og:locale\" content=\"en_US\" \/>\n<meta property=\"og:type\" content=\"article\" \/>\n<meta property=\"og:title\" content=\"Jobe Logo Series Wakeboard 138 - WATERSKIS.LV\" \/>\n<meta property=\"og:description\" content=\"Jobe Logo Series Wakeboard 138 classic, tried and true model is truly one of the greats. Non-obstacle board: not meant for riding kickers, sliders, or other\" \/>\n<meta property=\"og:url\" content=\"https:\/\/www.waterskis.lv\/en\/product\/jobe-logo-series-wakeboard-138-2\/\" \/>\n<meta property=\"og:site_name\" content=\"WATERSKIS.LV\" \/>\n<meta property=\"article:publisher\" content=\"https:\/\/www.facebook.com\/jurmalawaterskiwakeboardpark\/\" \/>\n<meta property=\"article:modified_time\" content=\"2026-01-06T05:29:31+00:00\" \/>\n<meta name=\"twitter:card\" content=\"summary_large_image\" \/>\n<meta name=\"twitter:label1\" content=\"Est. reading time\" \/>\n\t<meta name=\"twitter:data1\" content=\"1 minute\" \/>\n<script type=\"application\/ld+json\" class=\"yoast-schema-graph\">{\"@context\":\"https:\\\/\\\/schema.org\",\"@graph\":[{\"@type\":\"WebPage\",\"@id\":\"https:\\\/\\\/www.waterskis.lv\\\/en\\\/product\\\/jobe-logo-series-wakeboard-138-2\\\/\",\"url\":\"https:\\\/\\\/www.waterskis.lv\\\/en\\\/product\\\/jobe-logo-series-wakeboard-138-2\\\/\",\"name\":\"Jobe Logo Series Wakeboard 138 - WATERSKIS.LV\",\"isPartOf\":{\"@id\":\"https:\\\/\\\/www.waterskis.lv\\\/en\\\/#website\"},\"primaryImageOfPage\":{\"@id\":\"https:\\\/\\\/www.waterskis.lv\\\/en\\\/product\\\/jobe-logo-series-wakeboard-138-2\\\/#primaryimage\"},\"image\":{\"@id\":\"https:\\\/\\\/www.waterskis.lv\\\/en\\\/product\\\/jobe-logo-series-wakeboard-138-2\\\/#primaryimage\"},\"thumbnailUrl\":\"https:\\\/\\\/www.waterskis.lv\\\/wp-content\\\/uploads\\\/2026\\\/01\\\/LogoOld.jpg\",\"datePublished\":\"2026-01-06T05:26:02+00:00\",\"dateModified\":\"2026-01-06T05:29:31+00:00\",\"description\":\"Jobe Logo Series Wakeboard 138 classic, tried and true model is truly one of the greats. Non-obstacle board: not meant for riding kickers, sliders, or other\",\"breadcrumb\":{\"@id\":\"https:\\\/\\\/www.waterskis.lv\\\/en\\\/product\\\/jobe-logo-series-wakeboard-138-2\\\/#breadcrumb\"},\"inLanguage\":\"en-US\",\"potentialAction\":[{\"@type\":\"ReadAction\",\"target\":[\"https:\\\/\\\/www.waterskis.lv\\\/en\\\/product\\\/jobe-logo-series-wakeboard-138-2\\\/\"]}]},{\"@type\":\"ImageObject\",\"inLanguage\":\"en-US\",\"@id\":\"https:\\\/\\\/www.waterskis.lv\\\/en\\\/product\\\/jobe-logo-series-wakeboard-138-2\\\/#primaryimage\",\"url\":\"https:\\\/\\\/www.waterskis.lv\\\/wp-content\\\/uploads\\\/2026\\\/01\\\/LogoOld.jpg\",\"contentUrl\":\"https:\\\/\\\/www.waterskis.lv\\\/wp-content\\\/uploads\\\/2026\\\/01\\\/LogoOld.jpg\",\"width\":1500,\"height\":1500,\"caption\":\"Jobe Logo Series Wakeboard 138\"},{\"@type\":\"BreadcrumbList\",\"@id\":\"https:\\\/\\\/www.waterskis.lv\\\/en\\\/product\\\/jobe-logo-series-wakeboard-138-2\\\/#breadcrumb\",\"itemListElement\":[{\"@type\":\"ListItem\",\"position\":1,\"name\":\"Home\",\"item\":\"https:\\\/\\\/www.waterskis.lv\\\/en\\\/\"},{\"@type\":\"ListItem\",\"position\":2,\"name\":\"Shop\",\"item\":\"https:\\\/\\\/waterskis.lv\\\/en\\\/shop\\\/\"},{\"@type\":\"ListItem\",\"position\":3,\"name\":\"Jobe Logo Series Wakeboard 138\"}]},{\"@type\":\"WebSite\",\"@id\":\"https:\\\/\\\/www.waterskis.lv\\\/en\\\/#website\",\"url\":\"https:\\\/\\\/www.waterskis.lv\\\/en\\\/\",\"name\":\"WATERSKIS.LV\",\"description\":\"SUP d\u0113\u013ci, kajaki, kanoe, airu laivas, \u016bdenssl\u0113po\u0161ana, veikbords, SUP d\u0113\u013cu noma, kajaku nomaakt\u012bv\u0101s atp\u016btas centrs, laivu noma, sup noma, kajaku noma\",\"publisher\":{\"@id\":\"https:\\\/\\\/www.waterskis.lv\\\/en\\\/#organization\"},\"potentialAction\":[{\"@type\":\"SearchAction\",\"target\":{\"@type\":\"EntryPoint\",\"urlTemplate\":\"https:\\\/\\\/www.waterskis.lv\\\/en\\\/?s={search_term_string}\"},\"query-input\":{\"@type\":\"PropertyValueSpecification\",\"valueRequired\":true,\"valueName\":\"search_term_string\"}}],\"inLanguage\":\"en-US\"},{\"@type\":\"Organization\",\"@id\":\"https:\\\/\\\/www.waterskis.lv\\\/en\\\/#organization\",\"name\":\"WATERSKIS.LV\",\"url\":\"https:\\\/\\\/www.waterskis.lv\\\/en\\\/\",\"logo\":{\"@type\":\"ImageObject\",\"inLanguage\":\"en-US\",\"@id\":\"https:\\\/\\\/www.waterskis.lv\\\/en\\\/#\\\/schema\\\/logo\\\/image\\\/\",\"url\":\"https:\\\/\\\/www.waterskis.lv\\\/wp-content\\\/uploads\\\/2025\\\/01\\\/JUVP-logo.png\",\"contentUrl\":\"https:\\\/\\\/www.waterskis.lv\\\/wp-content\\\/uploads\\\/2025\\\/01\\\/JUVP-logo.png\",\"width\":421,\"height\":202,\"caption\":\"WATERSKIS.LV\"},\"image\":{\"@id\":\"https:\\\/\\\/www.waterskis.lv\\\/en\\\/#\\\/schema\\\/logo\\\/image\\\/\"},\"sameAs\":[\"https:\\\/\\\/www.facebook.com\\\/jurmalawaterskiwakeboardpark\\\/\"]}]}<\/script>\n<!-- \/ Yoast SEO plugin. -->","yoast_head_json":{"title":"Jobe Logo Series Wakeboard 138 - WATERSKIS.LV","description":"Jobe Logo Series Wakeboard 138 classic, tried and true model is truly one of the greats. Non-obstacle board: not meant for riding kickers, sliders, or other","robots":{"index":"index","follow":"follow","max-snippet":"max-snippet:-1","max-image-preview":"max-image-preview:large","max-video-preview":"max-video-preview:-1"},"canonical":"https:\/\/www.waterskis.lv\/en\/product\/jobe-logo-series-wakeboard-138-2\/","og_locale":"en_US","og_type":"article","og_title":"Jobe Logo Series Wakeboard 138 - WATERSKIS.LV","og_description":"Jobe Logo Series Wakeboard 138 classic, tried and true model is truly one of the greats. Non-obstacle board: not meant for riding kickers, sliders, or other","og_url":"https:\/\/www.waterskis.lv\/en\/product\/jobe-logo-series-wakeboard-138-2\/","og_site_name":"WATERSKIS.LV","article_publisher":"https:\/\/www.facebook.com\/jurmalawaterskiwakeboardpark\/","article_modified_time":"2026-01-06T05:29:31+00:00","twitter_card":"summary_large_image","twitter_misc":{"Est. reading time":"1 minute"},"schema":{"@context":"https:\/\/schema.org","@graph":[{"@type":"WebPage","@id":"https:\/\/www.waterskis.lv\/en\/product\/jobe-logo-series-wakeboard-138-2\/","url":"https:\/\/www.waterskis.lv\/en\/product\/jobe-logo-series-wakeboard-138-2\/","name":"Jobe Logo Series Wakeboard 138 - WATERSKIS.LV","isPartOf":{"@id":"https:\/\/www.waterskis.lv\/en\/#website"},"primaryImageOfPage":{"@id":"https:\/\/www.waterskis.lv\/en\/product\/jobe-logo-series-wakeboard-138-2\/#primaryimage"},"image":{"@id":"https:\/\/www.waterskis.lv\/en\/product\/jobe-logo-series-wakeboard-138-2\/#primaryimage"},"thumbnailUrl":"https:\/\/www.waterskis.lv\/wp-content\/uploads\/2026\/01\/LogoOld.jpg","datePublished":"2026-01-06T05:26:02+00:00","dateModified":"2026-01-06T05:29:31+00:00","description":"Jobe Logo Series Wakeboard 138 classic, tried and true model is truly one of the greats. Non-obstacle board: not meant for riding kickers, sliders, or other","breadcrumb":{"@id":"https:\/\/www.waterskis.lv\/en\/product\/jobe-logo-series-wakeboard-138-2\/#breadcrumb"},"inLanguage":"en-US","potentialAction":[{"@type":"ReadAction","target":["https:\/\/www.waterskis.lv\/en\/product\/jobe-logo-series-wakeboard-138-2\/"]}]},{"@type":"ImageObject","inLanguage":"en-US","@id":"https:\/\/www.waterskis.lv\/en\/product\/jobe-logo-series-wakeboard-138-2\/#primaryimage","url":"https:\/\/www.waterskis.lv\/wp-content\/uploads\/2026\/01\/LogoOld.jpg","contentUrl":"https:\/\/www.waterskis.lv\/wp-content\/uploads\/2026\/01\/LogoOld.jpg","width":1500,"height":1500,"caption":"Jobe Logo Series Wakeboard 138"},{"@type":"BreadcrumbList","@id":"https:\/\/www.waterskis.lv\/en\/product\/jobe-logo-series-wakeboard-138-2\/#breadcrumb","itemListElement":[{"@type":"ListItem","position":1,"name":"Home","item":"https:\/\/www.waterskis.lv\/en\/"},{"@type":"ListItem","position":2,"name":"Shop","item":"https:\/\/waterskis.lv\/en\/shop\/"},{"@type":"ListItem","position":3,"name":"Jobe Logo Series Wakeboard 138"}]},{"@type":"WebSite","@id":"https:\/\/www.waterskis.lv\/en\/#website","url":"https:\/\/www.waterskis.lv\/en\/","name":"WATERSKIS.LV","description":"SUP d\u0113\u013ci, kajaki, kanoe, airu laivas, \u016bdenssl\u0113po\u0161ana, veikbords, SUP d\u0113\u013cu noma, kajaku nomaakt\u012bv\u0101s atp\u016btas centrs, laivu noma, sup noma, kajaku noma","publisher":{"@id":"https:\/\/www.waterskis.lv\/en\/#organization"},"potentialAction":[{"@type":"SearchAction","target":{"@type":"EntryPoint","urlTemplate":"https:\/\/www.waterskis.lv\/en\/?s={search_term_string}"},"query-input":{"@type":"PropertyValueSpecification","valueRequired":true,"valueName":"search_term_string"}}],"inLanguage":"en-US"},{"@type":"Organization","@id":"https:\/\/www.waterskis.lv\/en\/#organization","name":"WATERSKIS.LV","url":"https:\/\/www.waterskis.lv\/en\/","logo":{"@type":"ImageObject","inLanguage":"en-US","@id":"https:\/\/www.waterskis.lv\/en\/#\/schema\/logo\/image\/","url":"https:\/\/www.waterskis.lv\/wp-content\/uploads\/2025\/01\/JUVP-logo.png","contentUrl":"https:\/\/www.waterskis.lv\/wp-content\/uploads\/2025\/01\/JUVP-logo.png","width":421,"height":202,"caption":"WATERSKIS.LV"},"image":{"@id":"https:\/\/www.waterskis.lv\/en\/#\/schema\/logo\/image\/"},"sameAs":["https:\/\/www.facebook.com\/jurmalawaterskiwakeboardpark\/"]}]}},"_links":{"self":[{"href":"https:\/\/www.waterskis.lv\/en\/wp-json\/wp\/v2\/product\/69172","targetHints":{"allow":["GET"]}}],"collection":[{"href":"https:\/\/www.waterskis.lv\/en\/wp-json\/wp\/v2\/product"}],"about":[{"href":"https:\/\/www.waterskis.lv\/en\/wp-json\/wp\/v2\/types\/product"}],"replies":[{"embeddable":true,"href":"https:\/\/www.waterskis.lv\/en\/wp-json\/wp\/v2\/comments?post=69172"}],"wp:featuredmedia":[{"embeddable":true,"href":"https:\/\/www.waterskis.lv\/en\/wp-json\/wp\/v2\/media\/69256"}],"wp:attachment":[{"href":"https:\/\/www.waterskis.lv\/en\/wp-json\/wp\/v2\/media?parent=69172"}],"wp:term":[{"taxonomy":"product_brand","embeddable":true,"href":"https:\/\/www.waterskis.lv\/en\/wp-json\/wp\/v2\/product_brand?post=69172"},{"taxonomy":"product_cat","embeddable":true,"href":"https:\/\/www.waterskis.lv\/en\/wp-json\/wp\/v2\/product_cat?post=69172"},{"taxonomy":"product_tag","embeddable":true,"href":"https:\/\/www.waterskis.lv\/en\/wp-json\/wp\/v2\/product_tag?post=69172"}],"curies":[{"name":"wp","href":"https:\/\/api.w.org\/{rel}","templated":true}]}}