{"id":69334,"date":"2026-01-06T14:46:07","date_gmt":"2026-01-06T12:46:07","guid":{"rendered":"https:\/\/www.waterskis.lv\/product\/aiz-laivas-velkams-puslis-jobe-binar-towable-3p\/"},"modified":"2026-01-06T14:48:41","modified_gmt":"2026-01-06T12:48:41","slug":"jobe-binar-towable-3p","status":"publish","type":"product","link":"https:\/\/www.waterskis.lv\/en\/product\/jobe-binar-towable-3p\/","title":{"rendered":"Jobe Binar Towable 3P"},"content":{"rendered":"<h1 class=\"productTitle s-hide\">Jobe Binar Towable 3P<\/h1>\n<p class=\"productTitle s-hide\">Jobe Binar Towable 3P<\/p>\n<div class=\"paragraph mt10 col-12\">\n<p><span class=\"s-hide\">Product ID\u00a0230323001<\/span><\/p>\n<h2 class=\"title-3 fs25 mt20 mb20 boldTitleFont grey uppercase np\">Specifications<\/h2>\n<h2 class=\"title-3 fs24 mt20 boldTitleFont grey normal np\">Jobe Binar Towable 3P<\/h2>\n<div class=\"col-12 paragraph\"><strong>Versatile and Accommodates 3 People<\/strong><br \/>\nThe Jobe Binar 3P Towable is the perfect band behind the boat for a day full of adventure on the water. This towable accommodates up to three people, allowing you to explore the water with friends or family. With two tow points, you can use the tube in various ways, providing a dynamic and varied experience.<\/p>\n<p><strong>Durable and Comfortable<\/strong><br \/>\nMade from 28 Gauge PVC and equipped with a robust 840D nylon cover, the Binar towable is extremely durable and resistant to intensive use. The 10 handles with neoprene knuckle protectors and two additional neoprene handles provide excellent grip and comfort, even on the wildest rides. The double-stitched nylon and one-way Boston valve make inflating quick and easy, giving you more time to enjoy your adventure.<\/p>\n<p><strong>Extra Comfort for Long Rides<\/strong><br \/>\nThe soft-top finish on the armrests and the backrest adds extra comfort, even on longer rides behind the boat. The quick connector makes attaching the tube to the boat quick and easy. With a deck height of 34 cm, the Jobe Binar 3P provides a safe and comfortable ride for everyone aboard.<\/p>\n<p>With the Jobe Binar Towable 3P, you&#8217;re guaranteed a versatile, safe, and comfortable experience behind the boat. Perfect for those looking for a towable that can be used in multiple positions and delivers hours of fun!<\/p><\/div>\n<\/div>\n<div><\/div>\n<div>\n<ul class=\"autoColumn checkListSmall blackCheck\">\n<li>3 year warranty<\/li>\n<li>Can be used in two different ways<\/li>\n<li>10 Handles with neoprene knuckle guards<\/li>\n<li>2 neoprene handles<\/li>\n<li>Air chambers<\/li>\n<li>Double stitched nylon<\/li>\n<li>Max 3 persons<\/li>\n<li>Multi position towable<\/li>\n<li>One way Boston valve<\/li>\n<li>Quick connector for easy towing<\/li>\n<li>Soft top armrest guard<\/li>\n<li>Soft top on the top of the backrest<\/li>\n<li>840 Denier nylon cover<\/li>\n<li>28 gauge PVC<\/li>\n<li>Dimensions when inflated: 85 x 72 x 28&#8243; | 215 x 183 x 70cm<\/li>\n<li>Dimensions when deflated : 98&#8243; x 73&#8243; | 250 x 186cm<\/li>\n<li>Deck height: 13&#8243; | 34cm<\/li>\n<\/ul>\n<\/div>\n","protected":false},"excerpt":{"rendered":"<p>Jobe Binar Towable 3P Jobe Binar Towable 3P Product ID\u00a0230323001 Specifications Jobe Binar Towable 3P Versatile and Accommodates 3 People The Jobe Binar 3P Towable is the perfect band behind the boat for a day full of adventure on the water. This towable accommodates up to three people, allowing you to explore the water with [&#8230;]<\/p>\n<p><a class=\"btn btn-secondary understrap-read-more-link\" href=\"https:\/\/www.waterskis.lv\/en\/product\/jobe-binar-towable-3p\/\">Read More&#8230;<\/a><\/p>\n","protected":false},"featured_media":69335,"comment_status":"closed","ping_status":"closed","template":"","meta":{"_acf_changed":false,"inline_featured_image":false},"product_brand":[1330],"product_cat":[966,380],"product_tag":[3074,1415,1427,3075],"class_list":{"0":"post-69334","1":"product","2":"type-product","3":"status-publish","4":"has-post-thumbnail","6":"product_brand-jobe-watersports","7":"product_cat-3-rider-tubes","8":"product_cat-towables","9":"product_tag-inflatable-towable-tube","10":"product_tag-piepusams-puslis","11":"product_tag-velkams-puslis","12":"product_tag-3075","14":"first","15":"instock","16":"shipping-taxable","17":"purchasable","18":"product-type-simple"},"acf":[],"yoast_head":"<!-- This site is optimized with the Yoast SEO plugin v27.3 - https:\/\/yoast.com\/product\/yoast-seo-wordpress\/ -->\n<title>Jobe Binar Towable 3P - WATERSKIS.LV<\/title>\n<meta name=\"description\" content=\"Jobe Binar Towable 3P is the perfect band behind the boat for a day full of adventure on the water. This towable accommodates up to three people.\" \/>\n<meta name=\"robots\" content=\"index, follow, max-snippet:-1, max-image-preview:large, max-video-preview:-1\" \/>\n<link rel=\"canonical\" href=\"https:\/\/www.waterskis.lv\/en\/product\/jobe-binar-towable-3p\/\" \/>\n<meta property=\"og:locale\" content=\"en_US\" \/>\n<meta property=\"og:type\" content=\"article\" \/>\n<meta property=\"og:title\" content=\"Jobe Binar Towable 3P - WATERSKIS.LV\" \/>\n<meta property=\"og:description\" content=\"Jobe Binar Towable 3P is the perfect band behind the boat for a day full of adventure on the water. This towable accommodates up to three people.\" \/>\n<meta property=\"og:url\" content=\"https:\/\/www.waterskis.lv\/en\/product\/jobe-binar-towable-3p\/\" \/>\n<meta property=\"og:site_name\" content=\"WATERSKIS.LV\" \/>\n<meta property=\"article:publisher\" content=\"https:\/\/www.facebook.com\/jurmalawaterskiwakeboardpark\/\" \/>\n<meta property=\"article:modified_time\" content=\"2026-01-06T12:48:41+00:00\" \/>\n<meta property=\"og:image\" content=\"https:\/\/www.waterskis.lv\/wp-content\/uploads\/2026\/01\/Binar3.jpg\" \/>\n\t<meta property=\"og:image:width\" content=\"1500\" \/>\n\t<meta property=\"og:image:height\" content=\"1500\" \/>\n\t<meta property=\"og:image:type\" content=\"image\/jpeg\" \/>\n<meta name=\"twitter:card\" content=\"summary_large_image\" \/>\n<meta name=\"twitter:label1\" content=\"Est. reading time\" \/>\n\t<meta name=\"twitter:data1\" content=\"2 minutes\" \/>\n<script type=\"application\/ld+json\" class=\"yoast-schema-graph\">{\"@context\":\"https:\\\/\\\/schema.org\",\"@graph\":[{\"@type\":\"WebPage\",\"@id\":\"https:\\\/\\\/www.waterskis.lv\\\/en\\\/product\\\/jobe-binar-towable-3p\\\/\",\"url\":\"https:\\\/\\\/www.waterskis.lv\\\/en\\\/product\\\/jobe-binar-towable-3p\\\/\",\"name\":\"Jobe Binar Towable 3P - WATERSKIS.LV\",\"isPartOf\":{\"@id\":\"https:\\\/\\\/www.waterskis.lv\\\/en\\\/#website\"},\"primaryImageOfPage\":{\"@id\":\"https:\\\/\\\/www.waterskis.lv\\\/en\\\/product\\\/jobe-binar-towable-3p\\\/#primaryimage\"},\"image\":{\"@id\":\"https:\\\/\\\/www.waterskis.lv\\\/en\\\/product\\\/jobe-binar-towable-3p\\\/#primaryimage\"},\"thumbnailUrl\":\"https:\\\/\\\/www.waterskis.lv\\\/wp-content\\\/uploads\\\/2026\\\/01\\\/Binar3.jpg\",\"datePublished\":\"2026-01-06T12:46:07+00:00\",\"dateModified\":\"2026-01-06T12:48:41+00:00\",\"description\":\"Jobe Binar Towable 3P is the perfect band behind the boat for a day full of adventure on the water. This towable accommodates up to three people.\",\"breadcrumb\":{\"@id\":\"https:\\\/\\\/www.waterskis.lv\\\/en\\\/product\\\/jobe-binar-towable-3p\\\/#breadcrumb\"},\"inLanguage\":\"en-US\",\"potentialAction\":[{\"@type\":\"ReadAction\",\"target\":[\"https:\\\/\\\/www.waterskis.lv\\\/en\\\/product\\\/jobe-binar-towable-3p\\\/\"]}]},{\"@type\":\"ImageObject\",\"inLanguage\":\"en-US\",\"@id\":\"https:\\\/\\\/www.waterskis.lv\\\/en\\\/product\\\/jobe-binar-towable-3p\\\/#primaryimage\",\"url\":\"https:\\\/\\\/www.waterskis.lv\\\/wp-content\\\/uploads\\\/2026\\\/01\\\/Binar3.jpg\",\"contentUrl\":\"https:\\\/\\\/www.waterskis.lv\\\/wp-content\\\/uploads\\\/2026\\\/01\\\/Binar3.jpg\",\"width\":1500,\"height\":1500,\"caption\":\"Aiz laivas velkams p\u016bslis Jobe Binar Towable 3P\"},{\"@type\":\"BreadcrumbList\",\"@id\":\"https:\\\/\\\/www.waterskis.lv\\\/en\\\/product\\\/jobe-binar-towable-3p\\\/#breadcrumb\",\"itemListElement\":[{\"@type\":\"ListItem\",\"position\":1,\"name\":\"Home\",\"item\":\"https:\\\/\\\/www.waterskis.lv\\\/en\\\/\"},{\"@type\":\"ListItem\",\"position\":2,\"name\":\"Shop\",\"item\":\"https:\\\/\\\/waterskis.lv\\\/en\\\/shop\\\/\"},{\"@type\":\"ListItem\",\"position\":3,\"name\":\"Jobe Binar Towable 3P\"}]},{\"@type\":\"WebSite\",\"@id\":\"https:\\\/\\\/www.waterskis.lv\\\/en\\\/#website\",\"url\":\"https:\\\/\\\/www.waterskis.lv\\\/en\\\/\",\"name\":\"WATERSKIS.LV\",\"description\":\"SUP d\u0113\u013ci, kajaki, kanoe, airu laivas, \u016bdenssl\u0113po\u0161ana, veikbords, SUP d\u0113\u013cu noma, kajaku nomaakt\u012bv\u0101s atp\u016btas centrs, laivu noma, sup noma, kajaku noma\",\"publisher\":{\"@id\":\"https:\\\/\\\/www.waterskis.lv\\\/en\\\/#organization\"},\"potentialAction\":[{\"@type\":\"SearchAction\",\"target\":{\"@type\":\"EntryPoint\",\"urlTemplate\":\"https:\\\/\\\/www.waterskis.lv\\\/en\\\/?s={search_term_string}\"},\"query-input\":{\"@type\":\"PropertyValueSpecification\",\"valueRequired\":true,\"valueName\":\"search_term_string\"}}],\"inLanguage\":\"en-US\"},{\"@type\":\"Organization\",\"@id\":\"https:\\\/\\\/www.waterskis.lv\\\/en\\\/#organization\",\"name\":\"WATERSKIS.LV\",\"url\":\"https:\\\/\\\/www.waterskis.lv\\\/en\\\/\",\"logo\":{\"@type\":\"ImageObject\",\"inLanguage\":\"en-US\",\"@id\":\"https:\\\/\\\/www.waterskis.lv\\\/en\\\/#\\\/schema\\\/logo\\\/image\\\/\",\"url\":\"https:\\\/\\\/www.waterskis.lv\\\/wp-content\\\/uploads\\\/2025\\\/01\\\/JUVP-logo.png\",\"contentUrl\":\"https:\\\/\\\/www.waterskis.lv\\\/wp-content\\\/uploads\\\/2025\\\/01\\\/JUVP-logo.png\",\"width\":421,\"height\":202,\"caption\":\"WATERSKIS.LV\"},\"image\":{\"@id\":\"https:\\\/\\\/www.waterskis.lv\\\/en\\\/#\\\/schema\\\/logo\\\/image\\\/\"},\"sameAs\":[\"https:\\\/\\\/www.facebook.com\\\/jurmalawaterskiwakeboardpark\\\/\"]}]}<\/script>\n<!-- \/ Yoast SEO plugin. -->","yoast_head_json":{"title":"Jobe Binar Towable 3P - WATERSKIS.LV","description":"Jobe Binar Towable 3P is the perfect band behind the boat for a day full of adventure on the water. This towable accommodates up to three people.","robots":{"index":"index","follow":"follow","max-snippet":"max-snippet:-1","max-image-preview":"max-image-preview:large","max-video-preview":"max-video-preview:-1"},"canonical":"https:\/\/www.waterskis.lv\/en\/product\/jobe-binar-towable-3p\/","og_locale":"en_US","og_type":"article","og_title":"Jobe Binar Towable 3P - WATERSKIS.LV","og_description":"Jobe Binar Towable 3P is the perfect band behind the boat for a day full of adventure on the water. This towable accommodates up to three people.","og_url":"https:\/\/www.waterskis.lv\/en\/product\/jobe-binar-towable-3p\/","og_site_name":"WATERSKIS.LV","article_publisher":"https:\/\/www.facebook.com\/jurmalawaterskiwakeboardpark\/","article_modified_time":"2026-01-06T12:48:41+00:00","og_image":[{"width":1500,"height":1500,"url":"https:\/\/www.waterskis.lv\/wp-content\/uploads\/2026\/01\/Binar3.jpg","type":"image\/jpeg"}],"twitter_card":"summary_large_image","twitter_misc":{"Est. reading time":"2 minutes"},"schema":{"@context":"https:\/\/schema.org","@graph":[{"@type":"WebPage","@id":"https:\/\/www.waterskis.lv\/en\/product\/jobe-binar-towable-3p\/","url":"https:\/\/www.waterskis.lv\/en\/product\/jobe-binar-towable-3p\/","name":"Jobe Binar Towable 3P - WATERSKIS.LV","isPartOf":{"@id":"https:\/\/www.waterskis.lv\/en\/#website"},"primaryImageOfPage":{"@id":"https:\/\/www.waterskis.lv\/en\/product\/jobe-binar-towable-3p\/#primaryimage"},"image":{"@id":"https:\/\/www.waterskis.lv\/en\/product\/jobe-binar-towable-3p\/#primaryimage"},"thumbnailUrl":"https:\/\/www.waterskis.lv\/wp-content\/uploads\/2026\/01\/Binar3.jpg","datePublished":"2026-01-06T12:46:07+00:00","dateModified":"2026-01-06T12:48:41+00:00","description":"Jobe Binar Towable 3P is the perfect band behind the boat for a day full of adventure on the water. This towable accommodates up to three people.","breadcrumb":{"@id":"https:\/\/www.waterskis.lv\/en\/product\/jobe-binar-towable-3p\/#breadcrumb"},"inLanguage":"en-US","potentialAction":[{"@type":"ReadAction","target":["https:\/\/www.waterskis.lv\/en\/product\/jobe-binar-towable-3p\/"]}]},{"@type":"ImageObject","inLanguage":"en-US","@id":"https:\/\/www.waterskis.lv\/en\/product\/jobe-binar-towable-3p\/#primaryimage","url":"https:\/\/www.waterskis.lv\/wp-content\/uploads\/2026\/01\/Binar3.jpg","contentUrl":"https:\/\/www.waterskis.lv\/wp-content\/uploads\/2026\/01\/Binar3.jpg","width":1500,"height":1500,"caption":"Aiz laivas velkams p\u016bslis Jobe Binar Towable 3P"},{"@type":"BreadcrumbList","@id":"https:\/\/www.waterskis.lv\/en\/product\/jobe-binar-towable-3p\/#breadcrumb","itemListElement":[{"@type":"ListItem","position":1,"name":"Home","item":"https:\/\/www.waterskis.lv\/en\/"},{"@type":"ListItem","position":2,"name":"Shop","item":"https:\/\/waterskis.lv\/en\/shop\/"},{"@type":"ListItem","position":3,"name":"Jobe Binar Towable 3P"}]},{"@type":"WebSite","@id":"https:\/\/www.waterskis.lv\/en\/#website","url":"https:\/\/www.waterskis.lv\/en\/","name":"WATERSKIS.LV","description":"SUP d\u0113\u013ci, kajaki, kanoe, airu laivas, \u016bdenssl\u0113po\u0161ana, veikbords, SUP d\u0113\u013cu noma, kajaku nomaakt\u012bv\u0101s atp\u016btas centrs, laivu noma, sup noma, kajaku noma","publisher":{"@id":"https:\/\/www.waterskis.lv\/en\/#organization"},"potentialAction":[{"@type":"SearchAction","target":{"@type":"EntryPoint","urlTemplate":"https:\/\/www.waterskis.lv\/en\/?s={search_term_string}"},"query-input":{"@type":"PropertyValueSpecification","valueRequired":true,"valueName":"search_term_string"}}],"inLanguage":"en-US"},{"@type":"Organization","@id":"https:\/\/www.waterskis.lv\/en\/#organization","name":"WATERSKIS.LV","url":"https:\/\/www.waterskis.lv\/en\/","logo":{"@type":"ImageObject","inLanguage":"en-US","@id":"https:\/\/www.waterskis.lv\/en\/#\/schema\/logo\/image\/","url":"https:\/\/www.waterskis.lv\/wp-content\/uploads\/2025\/01\/JUVP-logo.png","contentUrl":"https:\/\/www.waterskis.lv\/wp-content\/uploads\/2025\/01\/JUVP-logo.png","width":421,"height":202,"caption":"WATERSKIS.LV"},"image":{"@id":"https:\/\/www.waterskis.lv\/en\/#\/schema\/logo\/image\/"},"sameAs":["https:\/\/www.facebook.com\/jurmalawaterskiwakeboardpark\/"]}]}},"_links":{"self":[{"href":"https:\/\/www.waterskis.lv\/en\/wp-json\/wp\/v2\/product\/69334","targetHints":{"allow":["GET"]}}],"collection":[{"href":"https:\/\/www.waterskis.lv\/en\/wp-json\/wp\/v2\/product"}],"about":[{"href":"https:\/\/www.waterskis.lv\/en\/wp-json\/wp\/v2\/types\/product"}],"replies":[{"embeddable":true,"href":"https:\/\/www.waterskis.lv\/en\/wp-json\/wp\/v2\/comments?post=69334"}],"wp:featuredmedia":[{"embeddable":true,"href":"https:\/\/www.waterskis.lv\/en\/wp-json\/wp\/v2\/media\/69335"}],"wp:attachment":[{"href":"https:\/\/www.waterskis.lv\/en\/wp-json\/wp\/v2\/media?parent=69334"}],"wp:term":[{"taxonomy":"product_brand","embeddable":true,"href":"https:\/\/www.waterskis.lv\/en\/wp-json\/wp\/v2\/product_brand?post=69334"},{"taxonomy":"product_cat","embeddable":true,"href":"https:\/\/www.waterskis.lv\/en\/wp-json\/wp\/v2\/product_cat?post=69334"},{"taxonomy":"product_tag","embeddable":true,"href":"https:\/\/www.waterskis.lv\/en\/wp-json\/wp\/v2\/product_tag?post=69334"}],"curies":[{"name":"wp","href":"https:\/\/api.w.org\/{rel}","templated":true}]}}