{"id":69348,"date":"2026-01-06T15:09:40","date_gmt":"2026-01-06T13:09:40","guid":{"rendered":"https:\/\/www.waterskis.lv\/product\/jobe-droplet-towable-2p\/"},"modified":"2026-01-30T17:05:06","modified_gmt":"2026-01-30T15:05:06","slug":"jobe-droplet-towable-2p","status":"publish","type":"product","link":"https:\/\/www.waterskis.lv\/en\/product\/jobe-droplet-towable-2p\/","title":{"rendered":"Jobe Droplet Towable 2P"},"content":{"rendered":"<h1 class=\"productTitle s-hide\">Jobe Droplet Towable 2P<\/h1>\n<p class=\"productTitle s-hide\">Jobe Droplet Towable 2P<\/p>\n<div class=\"paragraph mt10 col-12\">\n<p><span class=\"s-hide\">Product ID\u00a0230225001<\/span><\/p>\n<h2 class=\"title-3 fs25 mt20 mb20 boldTitleFont grey uppercase np\">Specifications<\/h2>\n<div class=\"col-12 paragraph\">The Jobe Droplet has a 2 person capacity, but 6 soft and grippy handles to make sure you can hold on tight while bumping over the waves. This towable has an inner made of heavy duty 24G PVC and is fully covered in strong 420 denier nylon with a clean blue pattern.<\/div>\n<div><\/div>\n<div class=\"col-12 relative mt10\">\n<ul class=\"autoColumn checkListSmall blackCheck\">\n<li>3 year warranty<\/li>\n<li>6 Handles with neoprene knuckle guards<\/li>\n<li>Double stitched nylon<\/li>\n<li>Max 2 Persons<\/li>\n<li>One way Boston valve<\/li>\n<li>Quick connector for easy towing<\/li>\n<li>420 Denier nylon Cover<\/li>\n<li>24 Gauge PVC<\/li>\n<li>Dimensions when inflated:\u00d866,9 x 12,9&#8243; | \u00d8170 x 33cm<\/li>\n<li>Dimensions when deflated : \u00d8 70&#8243; | 178cm<\/li>\n<\/ul>\n<\/div>\n<\/div>\n","protected":false},"excerpt":{"rendered":"<p>Jobe Droplet Towable 2P Jobe Droplet Towable 2P Product ID\u00a0230225001 Specifications The Jobe Droplet has a 2 person capacity, but 6 soft and grippy handles to make sure you can hold on tight while bumping over the waves. This towable has an inner made of heavy duty 24G PVC and is fully covered in strong [&#8230;]<\/p>\n<p><a class=\"btn btn-secondary understrap-read-more-link\" href=\"https:\/\/www.waterskis.lv\/en\/product\/jobe-droplet-towable-2p\/\">Read More&#8230;<\/a><\/p>\n","protected":false},"featured_media":69349,"comment_status":"closed","ping_status":"closed","template":"","meta":{"_acf_changed":false,"inline_featured_image":false},"product_brand":[1330],"product_cat":[965,380],"product_tag":[1414,3074,1415,3075],"class_list":{"0":"post-69348","1":"product","2":"type-product","3":"status-publish","4":"has-post-thumbnail","6":"product_brand-jobe-watersports","7":"product_cat-2-rider-tubes","8":"product_cat-towables","9":"product_tag-aiz-laivas-velkams-puslis","10":"product_tag-inflatable-towable-tube","11":"product_tag-piepusams-puslis","12":"product_tag-3075","14":"first","15":"instock","16":"shipping-taxable","17":"purchasable","18":"product-type-simple"},"acf":[],"yoast_head":"<!-- This site is optimized with the Yoast SEO plugin v27.3 - https:\/\/yoast.com\/product\/yoast-seo-wordpress\/ -->\n<title>Jobe Droplet Towable 2P - WATERSKIS.LV<\/title>\n<meta name=\"description\" content=\"Jobe Droplet Towable 2P has a 2 person capacity, but 6 soft and grippy handles to make sure you can hold on tight while bumping over the waves\" \/>\n<meta name=\"robots\" content=\"index, follow, max-snippet:-1, max-image-preview:large, max-video-preview:-1\" \/>\n<link rel=\"canonical\" href=\"https:\/\/www.waterskis.lv\/en\/product\/jobe-droplet-towable-2p\/\" \/>\n<meta property=\"og:locale\" content=\"en_US\" \/>\n<meta property=\"og:type\" content=\"article\" \/>\n<meta property=\"og:title\" content=\"Jobe Droplet Towable 2P - WATERSKIS.LV\" \/>\n<meta property=\"og:description\" content=\"Jobe Droplet Towable 2P has a 2 person capacity, but 6 soft and grippy handles to make sure you can hold on tight while bumping over the waves\" \/>\n<meta property=\"og:url\" content=\"https:\/\/www.waterskis.lv\/en\/product\/jobe-droplet-towable-2p\/\" \/>\n<meta property=\"og:site_name\" content=\"WATERSKIS.LV\" \/>\n<meta property=\"article:publisher\" content=\"https:\/\/www.facebook.com\/jurmalawaterskiwakeboardpark\/\" \/>\n<meta property=\"article:modified_time\" content=\"2026-01-30T15:05:06+00:00\" \/>\n<meta property=\"og:image\" content=\"https:\/\/www.waterskis.lv\/wp-content\/uploads\/2026\/01\/Droplet2.jpg\" \/>\n\t<meta property=\"og:image:width\" content=\"1500\" \/>\n\t<meta property=\"og:image:height\" content=\"1500\" \/>\n\t<meta property=\"og:image:type\" content=\"image\/jpeg\" \/>\n<meta name=\"twitter:card\" content=\"summary_large_image\" \/>\n<meta name=\"twitter:label1\" content=\"Est. reading time\" \/>\n\t<meta name=\"twitter:data1\" content=\"1 minute\" \/>\n<script type=\"application\/ld+json\" class=\"yoast-schema-graph\">{\"@context\":\"https:\\\/\\\/schema.org\",\"@graph\":[{\"@type\":\"WebPage\",\"@id\":\"https:\\\/\\\/www.waterskis.lv\\\/en\\\/product\\\/jobe-droplet-towable-2p\\\/\",\"url\":\"https:\\\/\\\/www.waterskis.lv\\\/en\\\/product\\\/jobe-droplet-towable-2p\\\/\",\"name\":\"Jobe Droplet Towable 2P - WATERSKIS.LV\",\"isPartOf\":{\"@id\":\"https:\\\/\\\/www.waterskis.lv\\\/en\\\/#website\"},\"primaryImageOfPage\":{\"@id\":\"https:\\\/\\\/www.waterskis.lv\\\/en\\\/product\\\/jobe-droplet-towable-2p\\\/#primaryimage\"},\"image\":{\"@id\":\"https:\\\/\\\/www.waterskis.lv\\\/en\\\/product\\\/jobe-droplet-towable-2p\\\/#primaryimage\"},\"thumbnailUrl\":\"https:\\\/\\\/www.waterskis.lv\\\/wp-content\\\/uploads\\\/2026\\\/01\\\/Droplet2.jpg\",\"datePublished\":\"2026-01-06T13:09:40+00:00\",\"dateModified\":\"2026-01-30T15:05:06+00:00\",\"description\":\"Jobe Droplet Towable 2P has a 2 person capacity, but 6 soft and grippy handles to make sure you can hold on tight while bumping over the waves\",\"breadcrumb\":{\"@id\":\"https:\\\/\\\/www.waterskis.lv\\\/en\\\/product\\\/jobe-droplet-towable-2p\\\/#breadcrumb\"},\"inLanguage\":\"en-US\",\"potentialAction\":[{\"@type\":\"ReadAction\",\"target\":[\"https:\\\/\\\/www.waterskis.lv\\\/en\\\/product\\\/jobe-droplet-towable-2p\\\/\"]}]},{\"@type\":\"ImageObject\",\"inLanguage\":\"en-US\",\"@id\":\"https:\\\/\\\/www.waterskis.lv\\\/en\\\/product\\\/jobe-droplet-towable-2p\\\/#primaryimage\",\"url\":\"https:\\\/\\\/www.waterskis.lv\\\/wp-content\\\/uploads\\\/2026\\\/01\\\/Droplet2.jpg\",\"contentUrl\":\"https:\\\/\\\/www.waterskis.lv\\\/wp-content\\\/uploads\\\/2026\\\/01\\\/Droplet2.jpg\",\"width\":1500,\"height\":1500,\"caption\":\"Jobe Droplet Towable 2P\"},{\"@type\":\"BreadcrumbList\",\"@id\":\"https:\\\/\\\/www.waterskis.lv\\\/en\\\/product\\\/jobe-droplet-towable-2p\\\/#breadcrumb\",\"itemListElement\":[{\"@type\":\"ListItem\",\"position\":1,\"name\":\"Home\",\"item\":\"https:\\\/\\\/www.waterskis.lv\\\/en\\\/\"},{\"@type\":\"ListItem\",\"position\":2,\"name\":\"Shop\",\"item\":\"https:\\\/\\\/waterskis.lv\\\/en\\\/shop\\\/\"},{\"@type\":\"ListItem\",\"position\":3,\"name\":\"Jobe Droplet Towable 2P\"}]},{\"@type\":\"WebSite\",\"@id\":\"https:\\\/\\\/www.waterskis.lv\\\/en\\\/#website\",\"url\":\"https:\\\/\\\/www.waterskis.lv\\\/en\\\/\",\"name\":\"WATERSKIS.LV\",\"description\":\"SUP d\u0113\u013ci, kajaki, kanoe, airu laivas, \u016bdenssl\u0113po\u0161ana, veikbords, SUP d\u0113\u013cu noma, kajaku nomaakt\u012bv\u0101s atp\u016btas centrs, laivu noma, sup noma, kajaku noma\",\"publisher\":{\"@id\":\"https:\\\/\\\/www.waterskis.lv\\\/en\\\/#organization\"},\"potentialAction\":[{\"@type\":\"SearchAction\",\"target\":{\"@type\":\"EntryPoint\",\"urlTemplate\":\"https:\\\/\\\/www.waterskis.lv\\\/en\\\/?s={search_term_string}\"},\"query-input\":{\"@type\":\"PropertyValueSpecification\",\"valueRequired\":true,\"valueName\":\"search_term_string\"}}],\"inLanguage\":\"en-US\"},{\"@type\":\"Organization\",\"@id\":\"https:\\\/\\\/www.waterskis.lv\\\/en\\\/#organization\",\"name\":\"WATERSKIS.LV\",\"url\":\"https:\\\/\\\/www.waterskis.lv\\\/en\\\/\",\"logo\":{\"@type\":\"ImageObject\",\"inLanguage\":\"en-US\",\"@id\":\"https:\\\/\\\/www.waterskis.lv\\\/en\\\/#\\\/schema\\\/logo\\\/image\\\/\",\"url\":\"https:\\\/\\\/www.waterskis.lv\\\/wp-content\\\/uploads\\\/2025\\\/01\\\/JUVP-logo.png\",\"contentUrl\":\"https:\\\/\\\/www.waterskis.lv\\\/wp-content\\\/uploads\\\/2025\\\/01\\\/JUVP-logo.png\",\"width\":421,\"height\":202,\"caption\":\"WATERSKIS.LV\"},\"image\":{\"@id\":\"https:\\\/\\\/www.waterskis.lv\\\/en\\\/#\\\/schema\\\/logo\\\/image\\\/\"},\"sameAs\":[\"https:\\\/\\\/www.facebook.com\\\/jurmalawaterskiwakeboardpark\\\/\"]}]}<\/script>\n<!-- \/ Yoast SEO plugin. -->","yoast_head_json":{"title":"Jobe Droplet Towable 2P - WATERSKIS.LV","description":"Jobe Droplet Towable 2P has a 2 person capacity, but 6 soft and grippy handles to make sure you can hold on tight while bumping over the waves","robots":{"index":"index","follow":"follow","max-snippet":"max-snippet:-1","max-image-preview":"max-image-preview:large","max-video-preview":"max-video-preview:-1"},"canonical":"https:\/\/www.waterskis.lv\/en\/product\/jobe-droplet-towable-2p\/","og_locale":"en_US","og_type":"article","og_title":"Jobe Droplet Towable 2P - WATERSKIS.LV","og_description":"Jobe Droplet Towable 2P has a 2 person capacity, but 6 soft and grippy handles to make sure you can hold on tight while bumping over the waves","og_url":"https:\/\/www.waterskis.lv\/en\/product\/jobe-droplet-towable-2p\/","og_site_name":"WATERSKIS.LV","article_publisher":"https:\/\/www.facebook.com\/jurmalawaterskiwakeboardpark\/","article_modified_time":"2026-01-30T15:05:06+00:00","og_image":[{"width":1500,"height":1500,"url":"https:\/\/www.waterskis.lv\/wp-content\/uploads\/2026\/01\/Droplet2.jpg","type":"image\/jpeg"}],"twitter_card":"summary_large_image","twitter_misc":{"Est. reading time":"1 minute"},"schema":{"@context":"https:\/\/schema.org","@graph":[{"@type":"WebPage","@id":"https:\/\/www.waterskis.lv\/en\/product\/jobe-droplet-towable-2p\/","url":"https:\/\/www.waterskis.lv\/en\/product\/jobe-droplet-towable-2p\/","name":"Jobe Droplet Towable 2P - WATERSKIS.LV","isPartOf":{"@id":"https:\/\/www.waterskis.lv\/en\/#website"},"primaryImageOfPage":{"@id":"https:\/\/www.waterskis.lv\/en\/product\/jobe-droplet-towable-2p\/#primaryimage"},"image":{"@id":"https:\/\/www.waterskis.lv\/en\/product\/jobe-droplet-towable-2p\/#primaryimage"},"thumbnailUrl":"https:\/\/www.waterskis.lv\/wp-content\/uploads\/2026\/01\/Droplet2.jpg","datePublished":"2026-01-06T13:09:40+00:00","dateModified":"2026-01-30T15:05:06+00:00","description":"Jobe Droplet Towable 2P has a 2 person capacity, but 6 soft and grippy handles to make sure you can hold on tight while bumping over the waves","breadcrumb":{"@id":"https:\/\/www.waterskis.lv\/en\/product\/jobe-droplet-towable-2p\/#breadcrumb"},"inLanguage":"en-US","potentialAction":[{"@type":"ReadAction","target":["https:\/\/www.waterskis.lv\/en\/product\/jobe-droplet-towable-2p\/"]}]},{"@type":"ImageObject","inLanguage":"en-US","@id":"https:\/\/www.waterskis.lv\/en\/product\/jobe-droplet-towable-2p\/#primaryimage","url":"https:\/\/www.waterskis.lv\/wp-content\/uploads\/2026\/01\/Droplet2.jpg","contentUrl":"https:\/\/www.waterskis.lv\/wp-content\/uploads\/2026\/01\/Droplet2.jpg","width":1500,"height":1500,"caption":"Jobe Droplet Towable 2P"},{"@type":"BreadcrumbList","@id":"https:\/\/www.waterskis.lv\/en\/product\/jobe-droplet-towable-2p\/#breadcrumb","itemListElement":[{"@type":"ListItem","position":1,"name":"Home","item":"https:\/\/www.waterskis.lv\/en\/"},{"@type":"ListItem","position":2,"name":"Shop","item":"https:\/\/waterskis.lv\/en\/shop\/"},{"@type":"ListItem","position":3,"name":"Jobe Droplet Towable 2P"}]},{"@type":"WebSite","@id":"https:\/\/www.waterskis.lv\/en\/#website","url":"https:\/\/www.waterskis.lv\/en\/","name":"WATERSKIS.LV","description":"SUP d\u0113\u013ci, kajaki, kanoe, airu laivas, \u016bdenssl\u0113po\u0161ana, veikbords, SUP d\u0113\u013cu noma, kajaku nomaakt\u012bv\u0101s atp\u016btas centrs, laivu noma, sup noma, kajaku noma","publisher":{"@id":"https:\/\/www.waterskis.lv\/en\/#organization"},"potentialAction":[{"@type":"SearchAction","target":{"@type":"EntryPoint","urlTemplate":"https:\/\/www.waterskis.lv\/en\/?s={search_term_string}"},"query-input":{"@type":"PropertyValueSpecification","valueRequired":true,"valueName":"search_term_string"}}],"inLanguage":"en-US"},{"@type":"Organization","@id":"https:\/\/www.waterskis.lv\/en\/#organization","name":"WATERSKIS.LV","url":"https:\/\/www.waterskis.lv\/en\/","logo":{"@type":"ImageObject","inLanguage":"en-US","@id":"https:\/\/www.waterskis.lv\/en\/#\/schema\/logo\/image\/","url":"https:\/\/www.waterskis.lv\/wp-content\/uploads\/2025\/01\/JUVP-logo.png","contentUrl":"https:\/\/www.waterskis.lv\/wp-content\/uploads\/2025\/01\/JUVP-logo.png","width":421,"height":202,"caption":"WATERSKIS.LV"},"image":{"@id":"https:\/\/www.waterskis.lv\/en\/#\/schema\/logo\/image\/"},"sameAs":["https:\/\/www.facebook.com\/jurmalawaterskiwakeboardpark\/"]}]}},"_links":{"self":[{"href":"https:\/\/www.waterskis.lv\/en\/wp-json\/wp\/v2\/product\/69348","targetHints":{"allow":["GET"]}}],"collection":[{"href":"https:\/\/www.waterskis.lv\/en\/wp-json\/wp\/v2\/product"}],"about":[{"href":"https:\/\/www.waterskis.lv\/en\/wp-json\/wp\/v2\/types\/product"}],"replies":[{"embeddable":true,"href":"https:\/\/www.waterskis.lv\/en\/wp-json\/wp\/v2\/comments?post=69348"}],"wp:featuredmedia":[{"embeddable":true,"href":"https:\/\/www.waterskis.lv\/en\/wp-json\/wp\/v2\/media\/69349"}],"wp:attachment":[{"href":"https:\/\/www.waterskis.lv\/en\/wp-json\/wp\/v2\/media?parent=69348"}],"wp:term":[{"taxonomy":"product_brand","embeddable":true,"href":"https:\/\/www.waterskis.lv\/en\/wp-json\/wp\/v2\/product_brand?post=69348"},{"taxonomy":"product_cat","embeddable":true,"href":"https:\/\/www.waterskis.lv\/en\/wp-json\/wp\/v2\/product_cat?post=69348"},{"taxonomy":"product_tag","embeddable":true,"href":"https:\/\/www.waterskis.lv\/en\/wp-json\/wp\/v2\/product_tag?post=69348"}],"curies":[{"name":"wp","href":"https:\/\/api.w.org\/{rel}","templated":true}]}}