{"id":69683,"date":"2026-01-08T18:16:23","date_gmt":"2026-01-08T16:16:23","guid":{"rendered":"https:\/\/www.waterskis.lv\/product\/piepusamais-sup-delis-spinera-supventure-106-dlt\/"},"modified":"2026-02-01T17:38:36","modified_gmt":"2026-02-01T15:38:36","slug":"spinera-sup-supventure-106-dlt-320x80x15cm","status":"publish","type":"product","link":"https:\/\/www.waterskis.lv\/en\/product\/spinera-sup-supventure-106-dlt-320x80x15cm\/","title":{"rendered":"Spinera SUP Supventure 10\u00b46 DLT \u2013 320x80x15cm"},"content":{"rendered":"<h1 class=\"product_title entry-title\">Spinera SUP Supventure 10\u00b46 DLT \u2013 320x80x15cm<\/h1>\n<p>Spinera SUP Supventure 10\u00b46 DLT \u2013 320x80x15cm<\/p>\n<p>Discover the new edition of our successful Spinera Supventure &#8211; the brand new Spinera Supventure 10.6 SUP Board! With its proven Double Layer Technology and versatile range of use, this board is perfect for beginners as well as advanced paddlers.<\/p>\n<p>The Spinera Supventure 10.6 SUP Board combines robustness, stability and performance in an impressive design. Thanks to Double Layer Technology, the board is extra durable and long-lasting, so it can withstand the stresses on the water and give you years of enjoyment.<\/p>\n<p>The Spinera Supventure 10.6 complete kit includes everything you need for your next SUP adventure. The high quality performance aluminum\/fiberglass paddle gives you powerful and precise paddle strokes, and it&#8217;s child&#8217;s play thanks to the weight , while the Double Action Pump ensures quick and effortless board inflation.<\/p>\n<p>The leash keeps you securely connected to your board at all times, while the roomy carrying backpack provides convenient and easy storage and transport.<\/p>\n<p>Whether you want to relax on calm lakes or jump into exciting waves, the Spinera Supventure 10.6 SUP Board is your reliable companion. Discover the freedom of stand-up paddling and experience unforgettable moments on the water with the Spinera Supventure 10.6!<\/p>\n<p>Sporty allround SUP for paddling<br \/>\nSize: 10\u00b46Inchx31,5Inch \u2013 320cm x 80cm<br \/>\nRider Weight: up to 95 kg<br \/>\nProduction: 15cm dropstitch, double layer technology<br \/>\nPressed diamond cut EVA top<\/p>\n<p>Scope of delivery:<br \/>\nCarry Backpack \/ 600D Polyester<br \/>\nPerformance Double Action Pump<br \/>\nFieberglass Paddle<br \/>\nSlide in Center Fin<br \/>\nRepair Kit<\/p>\n","protected":false},"excerpt":{"rendered":"<p>&nbsp;<\/p>\n<p>https:\/\/www.youtube.com\/watch?v=VSJaRj9mkJI [&#8230;]<\/p>\n<p><a class=\"btn btn-secondary understrap-read-more-link\" href=\"https:\/\/www.waterskis.lv\/en\/product\/spinera-sup-supventure-106-dlt-320x80x15cm\/\">Read More&#8230;<\/a><\/p>\n","protected":false},"featured_media":56805,"comment_status":"closed","ping_status":"closed","template":"","meta":{"_acf_changed":false,"inline_featured_image":false},"product_brand":[1279],"product_cat":[700,361,1104,502],"product_tag":[3172,1352,1334,1595,3189,1596,3173,3174,1335,3131,1336,1316,3175,3140,3176,3141],"class_list":{"0":"post-69683","1":"product","2":"type-product","3":"status-publish","4":"has-post-thumbnail","6":"product_brand-spinera-watersports","7":"product_cat-inflatable-sup-boards","8":"product_cat-sale","9":"product_cat-spinera-inflatable-sups","10":"product_cat-stand-up-paddle-boards","11":"product_tag-aufblasbares-sup","12":"product_tag-paddle-board","13":"product_tag-paddle-boards","14":"product_tag-piepusami-sup-deli","15":"product_tag-spinera","16":"product_tag-spinera-sup","17":"product_tag-stand-up-paddleboard","18":"product_tag-stand-up-paddling","19":"product_tag-sup","20":"product_tag-sup-boards","21":"product_tag-sup-deli","22":"product_tag-sup-delis","23":"product_tag-sup-surfer","24":"product_tag-sup-","25":"product_tag-supkayak","26":"product_tag-3141","28":"first","29":"instock","30":"sale","31":"shipping-taxable","32":"purchasable","33":"product-type-simple"},"acf":[],"yoast_head":"<!-- This site is optimized with the Yoast SEO plugin v27.3 - https:\/\/yoast.com\/product\/yoast-seo-wordpress\/ -->\n<title>Spinera SUP Supventure 10\u00b46 DLT \u2013 320x80x15cm - WATERSKIS.LV<\/title>\n<meta name=\"description\" content=\"Spinera Supventure 10\u20196 DLT With its Double Layer Technology and versatile range of use, this board is perfect for beginners as well as advanced paddlers\" \/>\n<meta name=\"robots\" content=\"index, follow, max-snippet:-1, max-image-preview:large, max-video-preview:-1\" \/>\n<link rel=\"canonical\" href=\"https:\/\/www.waterskis.lv\/en\/product\/spinera-sup-supventure-106-dlt-320x80x15cm\/\" \/>\n<meta property=\"og:locale\" content=\"en_US\" \/>\n<meta property=\"og:type\" content=\"article\" \/>\n<meta property=\"og:title\" content=\"Spinera SUP Supventure 10\u00b46 DLT \u2013 320x80x15cm - WATERSKIS.LV\" \/>\n<meta property=\"og:description\" content=\"Spinera Supventure 10\u20196 DLT With its Double Layer Technology and versatile range of use, this board is perfect for beginners as well as advanced paddlers\" \/>\n<meta property=\"og:url\" content=\"https:\/\/www.waterskis.lv\/en\/product\/spinera-sup-supventure-106-dlt-320x80x15cm\/\" \/>\n<meta property=\"og:site_name\" content=\"WATERSKIS.LV\" \/>\n<meta property=\"article:publisher\" content=\"https:\/\/www.facebook.com\/jurmalawaterskiwakeboardpark\/\" \/>\n<meta property=\"article:modified_time\" content=\"2026-02-01T15:38:36+00:00\" \/>\n<meta property=\"og:image\" content=\"https:\/\/www.waterskis.lv\/wp-content\/uploads\/2024\/10\/w20251_1_spinera_sup_supventure_10.6_set.jpg\" \/>\n\t<meta property=\"og:image:width\" content=\"2000\" \/>\n\t<meta property=\"og:image:height\" content=\"2000\" \/>\n\t<meta property=\"og:image:type\" content=\"image\/jpeg\" \/>\n<meta name=\"twitter:card\" content=\"summary_large_image\" \/>\n<meta name=\"twitter:label1\" content=\"Est. reading time\" \/>\n\t<meta name=\"twitter:data1\" content=\"2 minutes\" \/>\n<script type=\"application\/ld+json\" class=\"yoast-schema-graph\">{\"@context\":\"https:\\\/\\\/schema.org\",\"@graph\":[{\"@type\":\"WebPage\",\"@id\":\"https:\\\/\\\/www.waterskis.lv\\\/en\\\/product\\\/spinera-sup-supventure-106-dlt-320x80x15cm\\\/\",\"url\":\"https:\\\/\\\/www.waterskis.lv\\\/en\\\/product\\\/spinera-sup-supventure-106-dlt-320x80x15cm\\\/\",\"name\":\"Spinera SUP Supventure 10\u00b46 DLT \u2013 320x80x15cm - WATERSKIS.LV\",\"isPartOf\":{\"@id\":\"https:\\\/\\\/www.waterskis.lv\\\/en\\\/#website\"},\"primaryImageOfPage\":{\"@id\":\"https:\\\/\\\/www.waterskis.lv\\\/en\\\/product\\\/spinera-sup-supventure-106-dlt-320x80x15cm\\\/#primaryimage\"},\"image\":{\"@id\":\"https:\\\/\\\/www.waterskis.lv\\\/en\\\/product\\\/spinera-sup-supventure-106-dlt-320x80x15cm\\\/#primaryimage\"},\"thumbnailUrl\":\"https:\\\/\\\/www.waterskis.lv\\\/wp-content\\\/uploads\\\/2024\\\/10\\\/w20251_1_spinera_sup_supventure_10.6_set.jpg\",\"datePublished\":\"2026-01-08T16:16:23+00:00\",\"dateModified\":\"2026-02-01T15:38:36+00:00\",\"description\":\"Spinera Supventure 10\u20196 DLT With its Double Layer Technology and versatile range of use, this board is perfect for beginners as well as advanced paddlers\",\"breadcrumb\":{\"@id\":\"https:\\\/\\\/www.waterskis.lv\\\/en\\\/product\\\/spinera-sup-supventure-106-dlt-320x80x15cm\\\/#breadcrumb\"},\"inLanguage\":\"en-US\",\"potentialAction\":[{\"@type\":\"ReadAction\",\"target\":[\"https:\\\/\\\/www.waterskis.lv\\\/en\\\/product\\\/spinera-sup-supventure-106-dlt-320x80x15cm\\\/\"]}]},{\"@type\":\"ImageObject\",\"inLanguage\":\"en-US\",\"@id\":\"https:\\\/\\\/www.waterskis.lv\\\/en\\\/product\\\/spinera-sup-supventure-106-dlt-320x80x15cm\\\/#primaryimage\",\"url\":\"https:\\\/\\\/www.waterskis.lv\\\/wp-content\\\/uploads\\\/2024\\\/10\\\/w20251_1_spinera_sup_supventure_10.6_set.jpg\",\"contentUrl\":\"https:\\\/\\\/www.waterskis.lv\\\/wp-content\\\/uploads\\\/2024\\\/10\\\/w20251_1_spinera_sup_supventure_10.6_set.jpg\",\"width\":2000,\"height\":2000,\"caption\":\"Piep\u016b\u0161ams SUP d\u0113lis Spinera Supventure 10'6\\\" ALLROUND ADVANCED\"},{\"@type\":\"BreadcrumbList\",\"@id\":\"https:\\\/\\\/www.waterskis.lv\\\/en\\\/product\\\/spinera-sup-supventure-106-dlt-320x80x15cm\\\/#breadcrumb\",\"itemListElement\":[{\"@type\":\"ListItem\",\"position\":1,\"name\":\"Home\",\"item\":\"https:\\\/\\\/www.waterskis.lv\\\/en\\\/\"},{\"@type\":\"ListItem\",\"position\":2,\"name\":\"Shop\",\"item\":\"https:\\\/\\\/waterskis.lv\\\/en\\\/shop\\\/\"},{\"@type\":\"ListItem\",\"position\":3,\"name\":\"Spinera SUP Supventure 10\u00b46 DLT \u2013 320x80x15cm\"}]},{\"@type\":\"WebSite\",\"@id\":\"https:\\\/\\\/www.waterskis.lv\\\/en\\\/#website\",\"url\":\"https:\\\/\\\/www.waterskis.lv\\\/en\\\/\",\"name\":\"WATERSKIS.LV\",\"description\":\"SUP d\u0113\u013ci, kajaki, kanoe, airu laivas, \u016bdenssl\u0113po\u0161ana, veikbords, SUP d\u0113\u013cu noma, kajaku nomaakt\u012bv\u0101s atp\u016btas centrs, laivu noma, sup noma, kajaku noma\",\"publisher\":{\"@id\":\"https:\\\/\\\/www.waterskis.lv\\\/en\\\/#organization\"},\"potentialAction\":[{\"@type\":\"SearchAction\",\"target\":{\"@type\":\"EntryPoint\",\"urlTemplate\":\"https:\\\/\\\/www.waterskis.lv\\\/en\\\/?s={search_term_string}\"},\"query-input\":{\"@type\":\"PropertyValueSpecification\",\"valueRequired\":true,\"valueName\":\"search_term_string\"}}],\"inLanguage\":\"en-US\"},{\"@type\":\"Organization\",\"@id\":\"https:\\\/\\\/www.waterskis.lv\\\/en\\\/#organization\",\"name\":\"WATERSKIS.LV\",\"url\":\"https:\\\/\\\/www.waterskis.lv\\\/en\\\/\",\"logo\":{\"@type\":\"ImageObject\",\"inLanguage\":\"en-US\",\"@id\":\"https:\\\/\\\/www.waterskis.lv\\\/en\\\/#\\\/schema\\\/logo\\\/image\\\/\",\"url\":\"https:\\\/\\\/www.waterskis.lv\\\/wp-content\\\/uploads\\\/2025\\\/01\\\/JUVP-logo.png\",\"contentUrl\":\"https:\\\/\\\/www.waterskis.lv\\\/wp-content\\\/uploads\\\/2025\\\/01\\\/JUVP-logo.png\",\"width\":421,\"height\":202,\"caption\":\"WATERSKIS.LV\"},\"image\":{\"@id\":\"https:\\\/\\\/www.waterskis.lv\\\/en\\\/#\\\/schema\\\/logo\\\/image\\\/\"},\"sameAs\":[\"https:\\\/\\\/www.facebook.com\\\/jurmalawaterskiwakeboardpark\\\/\"]}]}<\/script>\n<!-- \/ Yoast SEO plugin. -->","yoast_head_json":{"title":"Spinera SUP Supventure 10\u00b46 DLT \u2013 320x80x15cm - WATERSKIS.LV","description":"Spinera Supventure 10\u20196 DLT With its Double Layer Technology and versatile range of use, this board is perfect for beginners as well as advanced paddlers","robots":{"index":"index","follow":"follow","max-snippet":"max-snippet:-1","max-image-preview":"max-image-preview:large","max-video-preview":"max-video-preview:-1"},"canonical":"https:\/\/www.waterskis.lv\/en\/product\/spinera-sup-supventure-106-dlt-320x80x15cm\/","og_locale":"en_US","og_type":"article","og_title":"Spinera SUP Supventure 10\u00b46 DLT \u2013 320x80x15cm - WATERSKIS.LV","og_description":"Spinera Supventure 10\u20196 DLT With its Double Layer Technology and versatile range of use, this board is perfect for beginners as well as advanced paddlers","og_url":"https:\/\/www.waterskis.lv\/en\/product\/spinera-sup-supventure-106-dlt-320x80x15cm\/","og_site_name":"WATERSKIS.LV","article_publisher":"https:\/\/www.facebook.com\/jurmalawaterskiwakeboardpark\/","article_modified_time":"2026-02-01T15:38:36+00:00","og_image":[{"width":2000,"height":2000,"url":"https:\/\/www.waterskis.lv\/wp-content\/uploads\/2024\/10\/w20251_1_spinera_sup_supventure_10.6_set.jpg","type":"image\/jpeg"}],"twitter_card":"summary_large_image","twitter_misc":{"Est. reading time":"2 minutes"},"schema":{"@context":"https:\/\/schema.org","@graph":[{"@type":"WebPage","@id":"https:\/\/www.waterskis.lv\/en\/product\/spinera-sup-supventure-106-dlt-320x80x15cm\/","url":"https:\/\/www.waterskis.lv\/en\/product\/spinera-sup-supventure-106-dlt-320x80x15cm\/","name":"Spinera SUP Supventure 10\u00b46 DLT \u2013 320x80x15cm - WATERSKIS.LV","isPartOf":{"@id":"https:\/\/www.waterskis.lv\/en\/#website"},"primaryImageOfPage":{"@id":"https:\/\/www.waterskis.lv\/en\/product\/spinera-sup-supventure-106-dlt-320x80x15cm\/#primaryimage"},"image":{"@id":"https:\/\/www.waterskis.lv\/en\/product\/spinera-sup-supventure-106-dlt-320x80x15cm\/#primaryimage"},"thumbnailUrl":"https:\/\/www.waterskis.lv\/wp-content\/uploads\/2024\/10\/w20251_1_spinera_sup_supventure_10.6_set.jpg","datePublished":"2026-01-08T16:16:23+00:00","dateModified":"2026-02-01T15:38:36+00:00","description":"Spinera Supventure 10\u20196 DLT With its Double Layer Technology and versatile range of use, this board is perfect for beginners as well as advanced paddlers","breadcrumb":{"@id":"https:\/\/www.waterskis.lv\/en\/product\/spinera-sup-supventure-106-dlt-320x80x15cm\/#breadcrumb"},"inLanguage":"en-US","potentialAction":[{"@type":"ReadAction","target":["https:\/\/www.waterskis.lv\/en\/product\/spinera-sup-supventure-106-dlt-320x80x15cm\/"]}]},{"@type":"ImageObject","inLanguage":"en-US","@id":"https:\/\/www.waterskis.lv\/en\/product\/spinera-sup-supventure-106-dlt-320x80x15cm\/#primaryimage","url":"https:\/\/www.waterskis.lv\/wp-content\/uploads\/2024\/10\/w20251_1_spinera_sup_supventure_10.6_set.jpg","contentUrl":"https:\/\/www.waterskis.lv\/wp-content\/uploads\/2024\/10\/w20251_1_spinera_sup_supventure_10.6_set.jpg","width":2000,"height":2000,"caption":"Piep\u016b\u0161ams SUP d\u0113lis Spinera Supventure 10'6\" ALLROUND ADVANCED"},{"@type":"BreadcrumbList","@id":"https:\/\/www.waterskis.lv\/en\/product\/spinera-sup-supventure-106-dlt-320x80x15cm\/#breadcrumb","itemListElement":[{"@type":"ListItem","position":1,"name":"Home","item":"https:\/\/www.waterskis.lv\/en\/"},{"@type":"ListItem","position":2,"name":"Shop","item":"https:\/\/waterskis.lv\/en\/shop\/"},{"@type":"ListItem","position":3,"name":"Spinera SUP Supventure 10\u00b46 DLT \u2013 320x80x15cm"}]},{"@type":"WebSite","@id":"https:\/\/www.waterskis.lv\/en\/#website","url":"https:\/\/www.waterskis.lv\/en\/","name":"WATERSKIS.LV","description":"SUP d\u0113\u013ci, kajaki, kanoe, airu laivas, \u016bdenssl\u0113po\u0161ana, veikbords, SUP d\u0113\u013cu noma, kajaku nomaakt\u012bv\u0101s atp\u016btas centrs, laivu noma, sup noma, kajaku noma","publisher":{"@id":"https:\/\/www.waterskis.lv\/en\/#organization"},"potentialAction":[{"@type":"SearchAction","target":{"@type":"EntryPoint","urlTemplate":"https:\/\/www.waterskis.lv\/en\/?s={search_term_string}"},"query-input":{"@type":"PropertyValueSpecification","valueRequired":true,"valueName":"search_term_string"}}],"inLanguage":"en-US"},{"@type":"Organization","@id":"https:\/\/www.waterskis.lv\/en\/#organization","name":"WATERSKIS.LV","url":"https:\/\/www.waterskis.lv\/en\/","logo":{"@type":"ImageObject","inLanguage":"en-US","@id":"https:\/\/www.waterskis.lv\/en\/#\/schema\/logo\/image\/","url":"https:\/\/www.waterskis.lv\/wp-content\/uploads\/2025\/01\/JUVP-logo.png","contentUrl":"https:\/\/www.waterskis.lv\/wp-content\/uploads\/2025\/01\/JUVP-logo.png","width":421,"height":202,"caption":"WATERSKIS.LV"},"image":{"@id":"https:\/\/www.waterskis.lv\/en\/#\/schema\/logo\/image\/"},"sameAs":["https:\/\/www.facebook.com\/jurmalawaterskiwakeboardpark\/"]}]}},"_links":{"self":[{"href":"https:\/\/www.waterskis.lv\/en\/wp-json\/wp\/v2\/product\/69683","targetHints":{"allow":["GET"]}}],"collection":[{"href":"https:\/\/www.waterskis.lv\/en\/wp-json\/wp\/v2\/product"}],"about":[{"href":"https:\/\/www.waterskis.lv\/en\/wp-json\/wp\/v2\/types\/product"}],"replies":[{"embeddable":true,"href":"https:\/\/www.waterskis.lv\/en\/wp-json\/wp\/v2\/comments?post=69683"}],"wp:featuredmedia":[{"embeddable":true,"href":"https:\/\/www.waterskis.lv\/en\/wp-json\/wp\/v2\/media\/56805"}],"wp:attachment":[{"href":"https:\/\/www.waterskis.lv\/en\/wp-json\/wp\/v2\/media?parent=69683"}],"wp:term":[{"taxonomy":"product_brand","embeddable":true,"href":"https:\/\/www.waterskis.lv\/en\/wp-json\/wp\/v2\/product_brand?post=69683"},{"taxonomy":"product_cat","embeddable":true,"href":"https:\/\/www.waterskis.lv\/en\/wp-json\/wp\/v2\/product_cat?post=69683"},{"taxonomy":"product_tag","embeddable":true,"href":"https:\/\/www.waterskis.lv\/en\/wp-json\/wp\/v2\/product_tag?post=69683"}],"curies":[{"name":"wp","href":"https:\/\/api.w.org\/{rel}","templated":true}]}}