{"id":69710,"date":"2026-01-10T10:34:23","date_gmt":"2026-01-10T08:34:23","guid":{"rendered":"https:\/\/www.waterskis.lv\/product\/jobe-manta\/"},"modified":"2026-01-10T10:39:34","modified_gmt":"2026-01-10T08:39:34","slug":"jobe-manta","status":"publish","type":"product","link":"https:\/\/www.waterskis.lv\/en\/product\/jobe-manta\/","title":{"rendered":"Jobe Manta"},"content":{"rendered":"<h1 class=\"productTitle s-hide\">Jobe Manta<\/h1>\n<p class=\"productTitle s-hide\">Jobe Manta<\/p>\n<div class=\"paragraph mt10 col-12\">\n<p><span class=\"s-hide\">Product ID\u00a0280025001<\/span><\/p>\n<div class=\"col-12 relative mt10\">\n<h2 class=\"title-3 fs25 mt20 mb20 boldTitleFont grey uppercase np\">Specifications<\/h2>\n<div class=\"col-12 paragraph\">What can we say about the Jobe Manta Floating Mat? It&#8217;s a floating, modular, self inflating water mat that&#8217;s built to last for the perfect on the water relaxation spot. This floating mat also features 4 anchor points for mooring options so you can hook up anywhere you&#8217;d like. The modular access zippers allow you to connect to additional Mantas, Switch or Retreat inflatables. The Manta also packs down small making it ultra portable. The perfect water mat for taking with you everywhere you want to float!<\/div>\n<div class=\"col-12 paragraph mt20\">\n<ul class=\"autoColumn checkListSmall blackCheck\">\n<li>4 anchor points for mooring options<\/li>\n<li>Bag to store it compactly and easily<\/li>\n<li>Dimensions: 59 x 118 x 2,3&#8243; | 150 x 300 x 6cm<\/li>\n<li>Self-inflated<\/li>\n<li>Zipper for connecting different Manta&#8217;s, Switch and Retreat<\/li>\n<li>Weight: 9,2 kg | 20,3 Ibs<\/li>\n<li>Package size: 7,87 x 20,47 x 29,53 | 20 x 52 x 75cm<\/li>\n<\/ul>\n<\/div>\n<\/div>\n<\/div>\n","protected":false},"excerpt":{"rendered":"<p>Jobe Manta Jobe Manta Product ID\u00a0280025001 Specifications What can we say about the Jobe Manta Floating Mat? It&#8217;s a floating, modular, self inflating water mat that&#8217;s built to last for the perfect on the water relaxation spot. This floating mat also features 4 anchor points for mooring options so you can hook up anywhere you&#8217;d [&#8230;]<\/p>\n<p><a class=\"btn btn-secondary understrap-read-more-link\" href=\"https:\/\/www.waterskis.lv\/en\/product\/jobe-manta\/\">Read More&#8230;<\/a><\/p>\n","protected":false},"featured_media":69713,"comment_status":"closed","ping_status":"closed","template":"","meta":{"_acf_changed":false,"inline_featured_image":false},"product_brand":[1330],"product_cat":[687,686,700,1223,502],"product_tag":[3265,3268,1333,3264,3278,3267,3277,1602,1415,3279,3266,3280,3176,3276,3273,3275,3274],"class_list":{"0":"post-69710","1":"product","2":"type-product","3":"status-publish","4":"has-post-thumbnail","6":"product_brand-jobe-watersports","7":"product_cat-all-inflatable-kayaks","8":"product_cat-inflatable-kayaks","9":"product_cat-inflatable-sup-boards","10":"product_cat-other-inflatable-kayaks","11":"product_cat-stand-up-paddle-boards","12":"product_tag-aufblasbares-kajak","13":"product_tag-inflatable-kayak","14":"product_tag-jobe","15":"product_tag-kajak","16":"product_tag-kajaks","17":"product_tag-kayak","18":"product_tag-piepusams-kajaks","19":"product_tag-piepusams-matracis","20":"product_tag-piepusams-puslis","21":"product_tag-smailite","22":"product_tag-supkajak","23":"product_tag-supkajaks","24":"product_tag-supkayak","25":"product_tag-3276","26":"product_tag-3273","27":"product_tag-3275","28":"product_tag-3274","30":"first","31":"instock","32":"shipping-taxable","33":"purchasable","34":"product-type-simple"},"acf":[],"yoast_head":"<!-- This site is optimized with the Yoast SEO plugin v27.4 - https:\/\/yoast.com\/product\/yoast-seo-wordpress\/ -->\n<title>Jobe Manta - WATERSKIS.LV<\/title>\n<meta name=\"description\" content=\"Jobe Manta. It&#039;s a floating, modular, self inflating water mat that&#039;s built to last for the perfect on the water relaxation spot.\" \/>\n<meta name=\"robots\" content=\"index, follow, max-snippet:-1, max-image-preview:large, max-video-preview:-1\" \/>\n<link rel=\"canonical\" href=\"https:\/\/www.waterskis.lv\/en\/product\/jobe-manta\/\" \/>\n<meta property=\"og:locale\" content=\"en_US\" \/>\n<meta property=\"og:type\" content=\"article\" \/>\n<meta property=\"og:title\" content=\"Jobe Manta - WATERSKIS.LV\" \/>\n<meta property=\"og:description\" content=\"Jobe Manta. It&#039;s a floating, modular, self inflating water mat that&#039;s built to last for the perfect on the water relaxation spot.\" \/>\n<meta property=\"og:url\" content=\"https:\/\/www.waterskis.lv\/en\/product\/jobe-manta\/\" \/>\n<meta property=\"og:site_name\" content=\"WATERSKIS.LV\" \/>\n<meta property=\"article:publisher\" content=\"https:\/\/www.facebook.com\/jurmalawaterskiwakeboardpark\/\" \/>\n<meta property=\"article:modified_time\" content=\"2026-01-10T08:39:34+00:00\" \/>\n<meta property=\"og:image\" content=\"https:\/\/www.waterskis.lv\/wp-content\/uploads\/2026\/01\/Manta2.jpg\" \/>\n\t<meta property=\"og:image:width\" content=\"1500\" \/>\n\t<meta property=\"og:image:height\" content=\"1500\" \/>\n\t<meta property=\"og:image:type\" content=\"image\/jpeg\" \/>\n<meta name=\"twitter:card\" content=\"summary_large_image\" \/>\n<meta name=\"twitter:label1\" content=\"Est. reading time\" \/>\n\t<meta name=\"twitter:data1\" content=\"2 minutes\" \/>\n<script type=\"application\/ld+json\" class=\"yoast-schema-graph\">{\"@context\":\"https:\\\/\\\/schema.org\",\"@graph\":[{\"@type\":\"WebPage\",\"@id\":\"https:\\\/\\\/www.waterskis.lv\\\/en\\\/product\\\/jobe-manta\\\/\",\"url\":\"https:\\\/\\\/www.waterskis.lv\\\/en\\\/product\\\/jobe-manta\\\/\",\"name\":\"Jobe Manta - WATERSKIS.LV\",\"isPartOf\":{\"@id\":\"https:\\\/\\\/www.waterskis.lv\\\/en\\\/#website\"},\"primaryImageOfPage\":{\"@id\":\"https:\\\/\\\/www.waterskis.lv\\\/en\\\/product\\\/jobe-manta\\\/#primaryimage\"},\"image\":{\"@id\":\"https:\\\/\\\/www.waterskis.lv\\\/en\\\/product\\\/jobe-manta\\\/#primaryimage\"},\"thumbnailUrl\":\"https:\\\/\\\/www.waterskis.lv\\\/wp-content\\\/uploads\\\/2026\\\/01\\\/Manta2.jpg\",\"datePublished\":\"2026-01-10T08:34:23+00:00\",\"dateModified\":\"2026-01-10T08:39:34+00:00\",\"description\":\"Jobe Manta. It's a floating, modular, self inflating water mat that's built to last for the perfect on the water relaxation spot.\",\"breadcrumb\":{\"@id\":\"https:\\\/\\\/www.waterskis.lv\\\/en\\\/product\\\/jobe-manta\\\/#breadcrumb\"},\"inLanguage\":\"en-US\",\"potentialAction\":[{\"@type\":\"ReadAction\",\"target\":[\"https:\\\/\\\/www.waterskis.lv\\\/en\\\/product\\\/jobe-manta\\\/\"]}]},{\"@type\":\"ImageObject\",\"inLanguage\":\"en-US\",\"@id\":\"https:\\\/\\\/www.waterskis.lv\\\/en\\\/product\\\/jobe-manta\\\/#primaryimage\",\"url\":\"https:\\\/\\\/www.waterskis.lv\\\/wp-content\\\/uploads\\\/2026\\\/01\\\/Manta2.jpg\",\"contentUrl\":\"https:\\\/\\\/www.waterskis.lv\\\/wp-content\\\/uploads\\\/2026\\\/01\\\/Manta2.jpg\",\"width\":1500,\"height\":1500,\"caption\":\"Jobe Manta\"},{\"@type\":\"BreadcrumbList\",\"@id\":\"https:\\\/\\\/www.waterskis.lv\\\/en\\\/product\\\/jobe-manta\\\/#breadcrumb\",\"itemListElement\":[{\"@type\":\"ListItem\",\"position\":1,\"name\":\"Home\",\"item\":\"https:\\\/\\\/www.waterskis.lv\\\/en\\\/\"},{\"@type\":\"ListItem\",\"position\":2,\"name\":\"Shop\",\"item\":\"https:\\\/\\\/waterskis.lv\\\/en\\\/shop\\\/\"},{\"@type\":\"ListItem\",\"position\":3,\"name\":\"Jobe Manta\"}]},{\"@type\":\"WebSite\",\"@id\":\"https:\\\/\\\/www.waterskis.lv\\\/en\\\/#website\",\"url\":\"https:\\\/\\\/www.waterskis.lv\\\/en\\\/\",\"name\":\"WATERSKIS.LV\",\"description\":\"SUP d\u0113\u013ci, kajaki, kanoe, airu laivas, \u016bdenssl\u0113po\u0161ana, veikbords, SUP d\u0113\u013cu noma, kajaku nomaakt\u012bv\u0101s atp\u016btas centrs, laivu noma, sup noma, kajaku noma\",\"publisher\":{\"@id\":\"https:\\\/\\\/www.waterskis.lv\\\/en\\\/#organization\"},\"potentialAction\":[{\"@type\":\"SearchAction\",\"target\":{\"@type\":\"EntryPoint\",\"urlTemplate\":\"https:\\\/\\\/www.waterskis.lv\\\/en\\\/?s={search_term_string}\"},\"query-input\":{\"@type\":\"PropertyValueSpecification\",\"valueRequired\":true,\"valueName\":\"search_term_string\"}}],\"inLanguage\":\"en-US\"},{\"@type\":\"Organization\",\"@id\":\"https:\\\/\\\/www.waterskis.lv\\\/en\\\/#organization\",\"name\":\"WATERSKIS.LV\",\"url\":\"https:\\\/\\\/www.waterskis.lv\\\/en\\\/\",\"logo\":{\"@type\":\"ImageObject\",\"inLanguage\":\"en-US\",\"@id\":\"https:\\\/\\\/www.waterskis.lv\\\/en\\\/#\\\/schema\\\/logo\\\/image\\\/\",\"url\":\"https:\\\/\\\/www.waterskis.lv\\\/wp-content\\\/uploads\\\/2025\\\/01\\\/JUVP-logo.png\",\"contentUrl\":\"https:\\\/\\\/www.waterskis.lv\\\/wp-content\\\/uploads\\\/2025\\\/01\\\/JUVP-logo.png\",\"width\":421,\"height\":202,\"caption\":\"WATERSKIS.LV\"},\"image\":{\"@id\":\"https:\\\/\\\/www.waterskis.lv\\\/en\\\/#\\\/schema\\\/logo\\\/image\\\/\"},\"sameAs\":[\"https:\\\/\\\/www.facebook.com\\\/jurmalawaterskiwakeboardpark\\\/\"]}]}<\/script>\n<!-- \/ Yoast SEO plugin. -->","yoast_head_json":{"title":"Jobe Manta - WATERSKIS.LV","description":"Jobe Manta. It's a floating, modular, self inflating water mat that's built to last for the perfect on the water relaxation spot.","robots":{"index":"index","follow":"follow","max-snippet":"max-snippet:-1","max-image-preview":"max-image-preview:large","max-video-preview":"max-video-preview:-1"},"canonical":"https:\/\/www.waterskis.lv\/en\/product\/jobe-manta\/","og_locale":"en_US","og_type":"article","og_title":"Jobe Manta - WATERSKIS.LV","og_description":"Jobe Manta. It's a floating, modular, self inflating water mat that's built to last for the perfect on the water relaxation spot.","og_url":"https:\/\/www.waterskis.lv\/en\/product\/jobe-manta\/","og_site_name":"WATERSKIS.LV","article_publisher":"https:\/\/www.facebook.com\/jurmalawaterskiwakeboardpark\/","article_modified_time":"2026-01-10T08:39:34+00:00","og_image":[{"width":1500,"height":1500,"url":"https:\/\/www.waterskis.lv\/wp-content\/uploads\/2026\/01\/Manta2.jpg","type":"image\/jpeg"}],"twitter_card":"summary_large_image","twitter_misc":{"Est. reading time":"2 minutes"},"schema":{"@context":"https:\/\/schema.org","@graph":[{"@type":"WebPage","@id":"https:\/\/www.waterskis.lv\/en\/product\/jobe-manta\/","url":"https:\/\/www.waterskis.lv\/en\/product\/jobe-manta\/","name":"Jobe Manta - WATERSKIS.LV","isPartOf":{"@id":"https:\/\/www.waterskis.lv\/en\/#website"},"primaryImageOfPage":{"@id":"https:\/\/www.waterskis.lv\/en\/product\/jobe-manta\/#primaryimage"},"image":{"@id":"https:\/\/www.waterskis.lv\/en\/product\/jobe-manta\/#primaryimage"},"thumbnailUrl":"https:\/\/www.waterskis.lv\/wp-content\/uploads\/2026\/01\/Manta2.jpg","datePublished":"2026-01-10T08:34:23+00:00","dateModified":"2026-01-10T08:39:34+00:00","description":"Jobe Manta. It's a floating, modular, self inflating water mat that's built to last for the perfect on the water relaxation spot.","breadcrumb":{"@id":"https:\/\/www.waterskis.lv\/en\/product\/jobe-manta\/#breadcrumb"},"inLanguage":"en-US","potentialAction":[{"@type":"ReadAction","target":["https:\/\/www.waterskis.lv\/en\/product\/jobe-manta\/"]}]},{"@type":"ImageObject","inLanguage":"en-US","@id":"https:\/\/www.waterskis.lv\/en\/product\/jobe-manta\/#primaryimage","url":"https:\/\/www.waterskis.lv\/wp-content\/uploads\/2026\/01\/Manta2.jpg","contentUrl":"https:\/\/www.waterskis.lv\/wp-content\/uploads\/2026\/01\/Manta2.jpg","width":1500,"height":1500,"caption":"Jobe Manta"},{"@type":"BreadcrumbList","@id":"https:\/\/www.waterskis.lv\/en\/product\/jobe-manta\/#breadcrumb","itemListElement":[{"@type":"ListItem","position":1,"name":"Home","item":"https:\/\/www.waterskis.lv\/en\/"},{"@type":"ListItem","position":2,"name":"Shop","item":"https:\/\/waterskis.lv\/en\/shop\/"},{"@type":"ListItem","position":3,"name":"Jobe Manta"}]},{"@type":"WebSite","@id":"https:\/\/www.waterskis.lv\/en\/#website","url":"https:\/\/www.waterskis.lv\/en\/","name":"WATERSKIS.LV","description":"SUP d\u0113\u013ci, kajaki, kanoe, airu laivas, \u016bdenssl\u0113po\u0161ana, veikbords, SUP d\u0113\u013cu noma, kajaku nomaakt\u012bv\u0101s atp\u016btas centrs, laivu noma, sup noma, kajaku noma","publisher":{"@id":"https:\/\/www.waterskis.lv\/en\/#organization"},"potentialAction":[{"@type":"SearchAction","target":{"@type":"EntryPoint","urlTemplate":"https:\/\/www.waterskis.lv\/en\/?s={search_term_string}"},"query-input":{"@type":"PropertyValueSpecification","valueRequired":true,"valueName":"search_term_string"}}],"inLanguage":"en-US"},{"@type":"Organization","@id":"https:\/\/www.waterskis.lv\/en\/#organization","name":"WATERSKIS.LV","url":"https:\/\/www.waterskis.lv\/en\/","logo":{"@type":"ImageObject","inLanguage":"en-US","@id":"https:\/\/www.waterskis.lv\/en\/#\/schema\/logo\/image\/","url":"https:\/\/www.waterskis.lv\/wp-content\/uploads\/2025\/01\/JUVP-logo.png","contentUrl":"https:\/\/www.waterskis.lv\/wp-content\/uploads\/2025\/01\/JUVP-logo.png","width":421,"height":202,"caption":"WATERSKIS.LV"},"image":{"@id":"https:\/\/www.waterskis.lv\/en\/#\/schema\/logo\/image\/"},"sameAs":["https:\/\/www.facebook.com\/jurmalawaterskiwakeboardpark\/"]}]}},"_links":{"self":[{"href":"https:\/\/www.waterskis.lv\/en\/wp-json\/wp\/v2\/product\/69710","targetHints":{"allow":["GET"]}}],"collection":[{"href":"https:\/\/www.waterskis.lv\/en\/wp-json\/wp\/v2\/product"}],"about":[{"href":"https:\/\/www.waterskis.lv\/en\/wp-json\/wp\/v2\/types\/product"}],"replies":[{"embeddable":true,"href":"https:\/\/www.waterskis.lv\/en\/wp-json\/wp\/v2\/comments?post=69710"}],"wp:featuredmedia":[{"embeddable":true,"href":"https:\/\/www.waterskis.lv\/en\/wp-json\/wp\/v2\/media\/69713"}],"wp:attachment":[{"href":"https:\/\/www.waterskis.lv\/en\/wp-json\/wp\/v2\/media?parent=69710"}],"wp:term":[{"taxonomy":"product_brand","embeddable":true,"href":"https:\/\/www.waterskis.lv\/en\/wp-json\/wp\/v2\/product_brand?post=69710"},{"taxonomy":"product_cat","embeddable":true,"href":"https:\/\/www.waterskis.lv\/en\/wp-json\/wp\/v2\/product_cat?post=69710"},{"taxonomy":"product_tag","embeddable":true,"href":"https:\/\/www.waterskis.lv\/en\/wp-json\/wp\/v2\/product_tag?post=69710"}],"curies":[{"name":"wp","href":"https:\/\/api.w.org\/{rel}","templated":true}]}}