{"id":69756,"date":"2026-01-10T11:44:36","date_gmt":"2026-01-10T09:44:36","guid":{"rendered":"https:\/\/www.waterskis.lv\/product\/jobe-unify-life-vest-men\/"},"modified":"2026-02-07T09:35:26","modified_gmt":"2026-02-07T07:35:26","slug":"jobe-unify-life-vest-men","status":"publish","type":"product","link":"https:\/\/www.waterskis.lv\/en\/product\/jobe-unify-life-vest-men\/","title":{"rendered":"Jobe Unify Life Vest Men"},"content":{"rendered":"<h1 class=\"productTitle s-hide\">Jobe Unify Life Vest Men<\/h1>\n<p class=\"productTitle s-hide\">Jobe Unify Life Vest Men<\/p>\n<p>Color:<\/p>\n<p class=\"productTitle s-hide\">Jobe Unify Life Vest Men Black\u00a0<span class=\"s-hide\">Product ID\u00a0244923007<\/span><\/p>\n<div>\n<p class=\"productTitle s-hide\">Jobe Unify Life Vest Men Cobalt Blue\u00a0<span class=\"s-hide\">Product ID\u00a0244923008<\/span><\/p>\n<div>\n<p class=\"productTitle s-hide\">Jobe Unify Life Vest Men Real Teal\u00a0<span class=\"s-hide\">Product ID\u00a0244923009<\/span><\/p>\n<div>\n<p class=\"productTitle s-hide\">Jobe Unify Life Vest Men Steel Blue\u00a0<span class=\"s-hide\">Product ID\u00a0244923010<\/span><\/p>\n<\/div>\n<\/div>\n<\/div>\n<h2 class=\"title-3 fs25 mt20 mb20 boldTitleFont grey uppercase np\">Specifications<\/h2>\n<div class=\"col-12 paragraph\">The Jobe Unify Life Vest Men is a 50 newton ISO certified life vest with all the comfort and convenience of a pro-level competition vest. In alignment with our philosophy of sports meet luxury, our Unify vests now come with a beautiful embossed fabric, a transparent badge and a new custom webbing entry. It features super soft PVC foam, flexible panels for a great range of motion enhancing your ability to move freely. The Unify Vest comes in 4 great colors Steel Blue, Real Teal, Cobalt Blue and Black, because we all know looking good on the water is important and Jobe makes it easy! With sizes to fit everyone, including plus sizes, so you&#8217;ll have no trouble finding a perfect vest.<\/div>\n<div><\/div>\n<div>\n<ul class=\"autoColumn checkListSmall blackCheck\">\n<li>50N ISO-certified (buoyancy aid)<\/li>\n<li>Comfort of a non-certified vest<\/li>\n<li>Always a perfect fit: more comfort and safety<\/li>\n<li>Available in plus sizes<\/li>\n<li>Adjustable webbing strap: 1,5&#8243; | 3,8cm<\/li>\n<li>D-ring<\/li>\n<li>Embossed neoprene<\/li>\n<li>Front zipper for fast entry<\/li>\n<li>Inside pocket with waterproof bag connector cord<\/li>\n<li>Safety D-ring attachment to attach an emergency cord<\/li>\n<li>Soft &amp; flexible neoprene fabric<\/li>\n<li>Soft PVC foam<\/li>\n<li>Split foam panels for maximum freedom of movement<\/li>\n<li>Transparant PVC details for a technical look and feel<\/li>\n<li>Water drainage system<\/li>\n<li>Strong buckles &amp; YKK zipper<\/li>\n<\/ul>\n<\/div>\n<p><span class=\"boldTitleFont uppercase blackColor fs20\">Size table<\/span><\/p>\n<div class=\"switch\"><label class=\"switch-label switch-label-off\" tabindex=\"0\" for=\"view_cm\">CM<\/label><label class=\"switch-label switch-label-on\" tabindex=\"0\" for=\"view_inch\">Inch<\/label><\/div>\n<table class=\"size_guide\">\n<thead>\n<tr>\n<th>Size<\/th>\n<th>Chest\u00a0<span class=\"sg_cm\">(CM)<\/span><\/th>\n<th>Waist\u00a0<span class=\"sg_cm\">(CM)<\/span><\/th>\n<\/tr>\n<\/thead>\n<tbody>\n<tr>\n<td>XS<\/td>\n<td><span class=\"sg_cm\">90-94<\/span><\/td>\n<td><span class=\"sg_cm\">80-84<\/span><\/td>\n<\/tr>\n<tr>\n<td>S<\/td>\n<td><span class=\"sg_cm\">94-98<\/span><\/td>\n<td><span class=\"sg_cm\">84-88<\/span><\/td>\n<\/tr>\n<tr>\n<td>M<\/td>\n<td><span class=\"sg_cm\">98-102<\/span><\/td>\n<td><span class=\"sg_cm\">88-92<\/span><\/td>\n<\/tr>\n<tr>\n<td>L<\/td>\n<td><span class=\"sg_cm\">102-106<\/span><\/td>\n<td><span class=\"sg_cm\">92-96<\/span><\/td>\n<\/tr>\n<tr>\n<td>XL<\/td>\n<td><span class=\"sg_cm\">106-110<\/span><\/td>\n<td><span class=\"sg_cm\">96-100<\/span><\/td>\n<\/tr>\n<tr>\n<td>XL+<\/td>\n<td><span class=\"sg_cm\">106-112<\/span><\/td>\n<td><span class=\"sg_cm\">96-104<\/span><\/td>\n<\/tr>\n<tr>\n<td>2XL+<\/td>\n<td><span class=\"sg_cm\">112-118<\/span><\/td>\n<td><span class=\"sg_cm\">104-112<\/span><\/td>\n<\/tr>\n<tr>\n<td>3XL+<\/td>\n<td><span class=\"sg_cm\">118-124<\/span><\/td>\n<td><span class=\"sg_cm\">112-120<\/span><\/td>\n<\/tr>\n<\/tbody>\n<\/table>\n<p>&nbsp;<\/p>\n<p><span class=\"boldTitleFont uppercase blackColor fs30 mt10 col-12\">Men&#8217;s Life Vests<\/span><\/p>\n<div class=\"col-12 mb10\">\n<div class=\"col-6\">\n<div class=\"image\"><img decoding=\"async\" src=\"https:\/\/www.jobesports.com\/uploads\/base\/size_guide\/mens-life-vests-2020-neoprenesegmentunify-1603291989.jpg\" alt=\"Size table\" \/><\/div>\n<\/div>\n<div class=\"col-6 col-padding-left\"><span class=\"boldTitleFont uppercase blackColor fs18 col-12\">How to measure<\/span>1. Place the tape under your arms. Measure the chest at the widest part.<br \/>\n2. Measure around the narrowest part of your waist.<\/div>\n<\/div>\n<p><span class=\"boldTitleFont uppercase blackColor fs20\">Size table<\/span><\/p>\n","protected":false},"excerpt":{"rendered":"<p>Jobe Unify Life Vest Men Jobe Unify Life Vest Men Color: Jobe Unify Life Vest Men Black\u00a0Product ID\u00a0244923007 Jobe Unify Life Vest Men Cobalt Blue\u00a0Product ID\u00a0244923008 Jobe Unify Life Vest Men Real Teal\u00a0Product ID\u00a0244923009 Jobe Unify Life Vest Men Steel Blue\u00a0Product ID\u00a0244923010 Specifications The Jobe Unify Life Vest Men is a 50 newton ISO certified [&#8230;]<\/p>\n<p><a class=\"btn btn-secondary understrap-read-more-link\" href=\"https:\/\/www.waterskis.lv\/en\/product\/jobe-unify-life-vest-men\/\">Read More&#8230;<\/a><\/p>\n","protected":false},"featured_media":69760,"comment_status":"closed","ping_status":"closed","template":"","meta":{"_acf_changed":false,"inline_featured_image":false},"product_brand":[1330],"product_cat":[702],"product_tag":[1632,3616,1604,1584,3551,1613,1441,1442,3617,3618,3619],"class_list":{"0":"post-69756","1":"product","2":"type-product","3":"status-publish","4":"has-post-thumbnail","6":"product_brand-jobe-watersports","7":"product_cat-life-jackets","8":"product_tag-buoyancy-aid","9":"product_tag-certified-life-jacket","10":"product_tag-glabsanas-veste","11":"product_tag-jobe-glabsanas-veste","12":"product_tag-jobe-watersports","13":"product_tag-life-jacket","14":"product_tag-neoprena-veste","15":"product_tag-peldveste","16":"product_tag-sertificeta-glabsanas-veste","17":"product_tag-3618","18":"product_tag-3619","20":"first","21":"instock","22":"shipping-taxable","23":"purchasable","24":"product-type-simple"},"acf":[],"yoast_head":"<!-- This site is optimized with the Yoast SEO plugin v27.3 - https:\/\/yoast.com\/product\/yoast-seo-wordpress\/ -->\n<title>Jobe Unify Life Vest Men - WATERSKIS.LV<\/title>\n<meta name=\"description\" content=\"Jobe Unify Life Vest Men is a 50 newton ISO certified life vest with all the comfort and convenience of a pro-level competition vest.\" \/>\n<meta name=\"robots\" content=\"index, follow, max-snippet:-1, max-image-preview:large, max-video-preview:-1\" \/>\n<link rel=\"canonical\" href=\"https:\/\/www.waterskis.lv\/en\/product\/jobe-unify-life-vest-men\/\" \/>\n<meta property=\"og:locale\" content=\"en_US\" \/>\n<meta property=\"og:type\" content=\"article\" \/>\n<meta property=\"og:title\" content=\"Jobe Unify Life Vest Men - WATERSKIS.LV\" \/>\n<meta property=\"og:description\" content=\"Jobe Unify Life Vest Men is a 50 newton ISO certified life vest with all the comfort and convenience of a pro-level competition vest.\" \/>\n<meta property=\"og:url\" content=\"https:\/\/www.waterskis.lv\/en\/product\/jobe-unify-life-vest-men\/\" \/>\n<meta property=\"og:site_name\" content=\"WATERSKIS.LV\" \/>\n<meta property=\"article:publisher\" content=\"https:\/\/www.facebook.com\/jurmalawaterskiwakeboardpark\/\" \/>\n<meta property=\"article:modified_time\" content=\"2026-02-07T07:35:26+00:00\" \/>\n<meta property=\"og:image\" content=\"https:\/\/www.waterskis.lv\/wp-content\/uploads\/2026\/01\/VesteUnify2.jpg\" \/>\n\t<meta property=\"og:image:width\" content=\"1500\" \/>\n\t<meta property=\"og:image:height\" content=\"1500\" \/>\n\t<meta property=\"og:image:type\" content=\"image\/jpeg\" \/>\n<meta name=\"twitter:card\" content=\"summary_large_image\" \/>\n<meta name=\"twitter:label1\" content=\"Est. reading time\" \/>\n\t<meta name=\"twitter:data1\" content=\"3 minutes\" \/>\n<script type=\"application\/ld+json\" class=\"yoast-schema-graph\">{\"@context\":\"https:\\\/\\\/schema.org\",\"@graph\":[{\"@type\":\"WebPage\",\"@id\":\"https:\\\/\\\/www.waterskis.lv\\\/en\\\/product\\\/jobe-unify-life-vest-men\\\/\",\"url\":\"https:\\\/\\\/www.waterskis.lv\\\/en\\\/product\\\/jobe-unify-life-vest-men\\\/\",\"name\":\"Jobe Unify Life Vest Men - WATERSKIS.LV\",\"isPartOf\":{\"@id\":\"https:\\\/\\\/www.waterskis.lv\\\/en\\\/#website\"},\"primaryImageOfPage\":{\"@id\":\"https:\\\/\\\/www.waterskis.lv\\\/en\\\/product\\\/jobe-unify-life-vest-men\\\/#primaryimage\"},\"image\":{\"@id\":\"https:\\\/\\\/www.waterskis.lv\\\/en\\\/product\\\/jobe-unify-life-vest-men\\\/#primaryimage\"},\"thumbnailUrl\":\"https:\\\/\\\/www.waterskis.lv\\\/wp-content\\\/uploads\\\/2026\\\/01\\\/VesteUnify2.jpg\",\"datePublished\":\"2026-01-10T09:44:36+00:00\",\"dateModified\":\"2026-02-07T07:35:26+00:00\",\"description\":\"Jobe Unify Life Vest Men is a 50 newton ISO certified life vest with all the comfort and convenience of a pro-level competition vest.\",\"breadcrumb\":{\"@id\":\"https:\\\/\\\/www.waterskis.lv\\\/en\\\/product\\\/jobe-unify-life-vest-men\\\/#breadcrumb\"},\"inLanguage\":\"en-US\",\"potentialAction\":[{\"@type\":\"ReadAction\",\"target\":[\"https:\\\/\\\/www.waterskis.lv\\\/en\\\/product\\\/jobe-unify-life-vest-men\\\/\"]}]},{\"@type\":\"ImageObject\",\"inLanguage\":\"en-US\",\"@id\":\"https:\\\/\\\/www.waterskis.lv\\\/en\\\/product\\\/jobe-unify-life-vest-men\\\/#primaryimage\",\"url\":\"https:\\\/\\\/www.waterskis.lv\\\/wp-content\\\/uploads\\\/2026\\\/01\\\/VesteUnify2.jpg\",\"contentUrl\":\"https:\\\/\\\/www.waterskis.lv\\\/wp-content\\\/uploads\\\/2026\\\/01\\\/VesteUnify2.jpg\",\"width\":1500,\"height\":1500,\"caption\":\"Jobe Unify Life Vest Men\"},{\"@type\":\"BreadcrumbList\",\"@id\":\"https:\\\/\\\/www.waterskis.lv\\\/en\\\/product\\\/jobe-unify-life-vest-men\\\/#breadcrumb\",\"itemListElement\":[{\"@type\":\"ListItem\",\"position\":1,\"name\":\"Home\",\"item\":\"https:\\\/\\\/www.waterskis.lv\\\/en\\\/\"},{\"@type\":\"ListItem\",\"position\":2,\"name\":\"Shop\",\"item\":\"https:\\\/\\\/waterskis.lv\\\/en\\\/shop\\\/\"},{\"@type\":\"ListItem\",\"position\":3,\"name\":\"Jobe Unify Life Vest Men\"}]},{\"@type\":\"WebSite\",\"@id\":\"https:\\\/\\\/www.waterskis.lv\\\/en\\\/#website\",\"url\":\"https:\\\/\\\/www.waterskis.lv\\\/en\\\/\",\"name\":\"WATERSKIS.LV\",\"description\":\"SUP d\u0113\u013ci, kajaki, kanoe, airu laivas, \u016bdenssl\u0113po\u0161ana, veikbords, SUP d\u0113\u013cu noma, kajaku nomaakt\u012bv\u0101s atp\u016btas centrs, laivu noma, sup noma, kajaku noma\",\"publisher\":{\"@id\":\"https:\\\/\\\/www.waterskis.lv\\\/en\\\/#organization\"},\"potentialAction\":[{\"@type\":\"SearchAction\",\"target\":{\"@type\":\"EntryPoint\",\"urlTemplate\":\"https:\\\/\\\/www.waterskis.lv\\\/en\\\/?s={search_term_string}\"},\"query-input\":{\"@type\":\"PropertyValueSpecification\",\"valueRequired\":true,\"valueName\":\"search_term_string\"}}],\"inLanguage\":\"en-US\"},{\"@type\":\"Organization\",\"@id\":\"https:\\\/\\\/www.waterskis.lv\\\/en\\\/#organization\",\"name\":\"WATERSKIS.LV\",\"url\":\"https:\\\/\\\/www.waterskis.lv\\\/en\\\/\",\"logo\":{\"@type\":\"ImageObject\",\"inLanguage\":\"en-US\",\"@id\":\"https:\\\/\\\/www.waterskis.lv\\\/en\\\/#\\\/schema\\\/logo\\\/image\\\/\",\"url\":\"https:\\\/\\\/www.waterskis.lv\\\/wp-content\\\/uploads\\\/2025\\\/01\\\/JUVP-logo.png\",\"contentUrl\":\"https:\\\/\\\/www.waterskis.lv\\\/wp-content\\\/uploads\\\/2025\\\/01\\\/JUVP-logo.png\",\"width\":421,\"height\":202,\"caption\":\"WATERSKIS.LV\"},\"image\":{\"@id\":\"https:\\\/\\\/www.waterskis.lv\\\/en\\\/#\\\/schema\\\/logo\\\/image\\\/\"},\"sameAs\":[\"https:\\\/\\\/www.facebook.com\\\/jurmalawaterskiwakeboardpark\\\/\"]}]}<\/script>\n<!-- \/ Yoast SEO plugin. -->","yoast_head_json":{"title":"Jobe Unify Life Vest Men - WATERSKIS.LV","description":"Jobe Unify Life Vest Men is a 50 newton ISO certified life vest with all the comfort and convenience of a pro-level competition vest.","robots":{"index":"index","follow":"follow","max-snippet":"max-snippet:-1","max-image-preview":"max-image-preview:large","max-video-preview":"max-video-preview:-1"},"canonical":"https:\/\/www.waterskis.lv\/en\/product\/jobe-unify-life-vest-men\/","og_locale":"en_US","og_type":"article","og_title":"Jobe Unify Life Vest Men - WATERSKIS.LV","og_description":"Jobe Unify Life Vest Men is a 50 newton ISO certified life vest with all the comfort and convenience of a pro-level competition vest.","og_url":"https:\/\/www.waterskis.lv\/en\/product\/jobe-unify-life-vest-men\/","og_site_name":"WATERSKIS.LV","article_publisher":"https:\/\/www.facebook.com\/jurmalawaterskiwakeboardpark\/","article_modified_time":"2026-02-07T07:35:26+00:00","og_image":[{"width":1500,"height":1500,"url":"https:\/\/www.waterskis.lv\/wp-content\/uploads\/2026\/01\/VesteUnify2.jpg","type":"image\/jpeg"}],"twitter_card":"summary_large_image","twitter_misc":{"Est. reading time":"3 minutes"},"schema":{"@context":"https:\/\/schema.org","@graph":[{"@type":"WebPage","@id":"https:\/\/www.waterskis.lv\/en\/product\/jobe-unify-life-vest-men\/","url":"https:\/\/www.waterskis.lv\/en\/product\/jobe-unify-life-vest-men\/","name":"Jobe Unify Life Vest Men - WATERSKIS.LV","isPartOf":{"@id":"https:\/\/www.waterskis.lv\/en\/#website"},"primaryImageOfPage":{"@id":"https:\/\/www.waterskis.lv\/en\/product\/jobe-unify-life-vest-men\/#primaryimage"},"image":{"@id":"https:\/\/www.waterskis.lv\/en\/product\/jobe-unify-life-vest-men\/#primaryimage"},"thumbnailUrl":"https:\/\/www.waterskis.lv\/wp-content\/uploads\/2026\/01\/VesteUnify2.jpg","datePublished":"2026-01-10T09:44:36+00:00","dateModified":"2026-02-07T07:35:26+00:00","description":"Jobe Unify Life Vest Men is a 50 newton ISO certified life vest with all the comfort and convenience of a pro-level competition vest.","breadcrumb":{"@id":"https:\/\/www.waterskis.lv\/en\/product\/jobe-unify-life-vest-men\/#breadcrumb"},"inLanguage":"en-US","potentialAction":[{"@type":"ReadAction","target":["https:\/\/www.waterskis.lv\/en\/product\/jobe-unify-life-vest-men\/"]}]},{"@type":"ImageObject","inLanguage":"en-US","@id":"https:\/\/www.waterskis.lv\/en\/product\/jobe-unify-life-vest-men\/#primaryimage","url":"https:\/\/www.waterskis.lv\/wp-content\/uploads\/2026\/01\/VesteUnify2.jpg","contentUrl":"https:\/\/www.waterskis.lv\/wp-content\/uploads\/2026\/01\/VesteUnify2.jpg","width":1500,"height":1500,"caption":"Jobe Unify Life Vest Men"},{"@type":"BreadcrumbList","@id":"https:\/\/www.waterskis.lv\/en\/product\/jobe-unify-life-vest-men\/#breadcrumb","itemListElement":[{"@type":"ListItem","position":1,"name":"Home","item":"https:\/\/www.waterskis.lv\/en\/"},{"@type":"ListItem","position":2,"name":"Shop","item":"https:\/\/waterskis.lv\/en\/shop\/"},{"@type":"ListItem","position":3,"name":"Jobe Unify Life Vest Men"}]},{"@type":"WebSite","@id":"https:\/\/www.waterskis.lv\/en\/#website","url":"https:\/\/www.waterskis.lv\/en\/","name":"WATERSKIS.LV","description":"SUP d\u0113\u013ci, kajaki, kanoe, airu laivas, \u016bdenssl\u0113po\u0161ana, veikbords, SUP d\u0113\u013cu noma, kajaku nomaakt\u012bv\u0101s atp\u016btas centrs, laivu noma, sup noma, kajaku noma","publisher":{"@id":"https:\/\/www.waterskis.lv\/en\/#organization"},"potentialAction":[{"@type":"SearchAction","target":{"@type":"EntryPoint","urlTemplate":"https:\/\/www.waterskis.lv\/en\/?s={search_term_string}"},"query-input":{"@type":"PropertyValueSpecification","valueRequired":true,"valueName":"search_term_string"}}],"inLanguage":"en-US"},{"@type":"Organization","@id":"https:\/\/www.waterskis.lv\/en\/#organization","name":"WATERSKIS.LV","url":"https:\/\/www.waterskis.lv\/en\/","logo":{"@type":"ImageObject","inLanguage":"en-US","@id":"https:\/\/www.waterskis.lv\/en\/#\/schema\/logo\/image\/","url":"https:\/\/www.waterskis.lv\/wp-content\/uploads\/2025\/01\/JUVP-logo.png","contentUrl":"https:\/\/www.waterskis.lv\/wp-content\/uploads\/2025\/01\/JUVP-logo.png","width":421,"height":202,"caption":"WATERSKIS.LV"},"image":{"@id":"https:\/\/www.waterskis.lv\/en\/#\/schema\/logo\/image\/"},"sameAs":["https:\/\/www.facebook.com\/jurmalawaterskiwakeboardpark\/"]}]}},"_links":{"self":[{"href":"https:\/\/www.waterskis.lv\/en\/wp-json\/wp\/v2\/product\/69756","targetHints":{"allow":["GET"]}}],"collection":[{"href":"https:\/\/www.waterskis.lv\/en\/wp-json\/wp\/v2\/product"}],"about":[{"href":"https:\/\/www.waterskis.lv\/en\/wp-json\/wp\/v2\/types\/product"}],"replies":[{"embeddable":true,"href":"https:\/\/www.waterskis.lv\/en\/wp-json\/wp\/v2\/comments?post=69756"}],"wp:featuredmedia":[{"embeddable":true,"href":"https:\/\/www.waterskis.lv\/en\/wp-json\/wp\/v2\/media\/69760"}],"wp:attachment":[{"href":"https:\/\/www.waterskis.lv\/en\/wp-json\/wp\/v2\/media?parent=69756"}],"wp:term":[{"taxonomy":"product_brand","embeddable":true,"href":"https:\/\/www.waterskis.lv\/en\/wp-json\/wp\/v2\/product_brand?post=69756"},{"taxonomy":"product_cat","embeddable":true,"href":"https:\/\/www.waterskis.lv\/en\/wp-json\/wp\/v2\/product_cat?post=69756"},{"taxonomy":"product_tag","embeddable":true,"href":"https:\/\/www.waterskis.lv\/en\/wp-json\/wp\/v2\/product_tag?post=69756"}],"curies":[{"name":"wp","href":"https:\/\/api.w.org\/{rel}","templated":true}]}}