{"id":69794,"date":"2026-01-10T12:57:47","date_gmt":"2026-01-10T10:57:47","guid":{"rendered":"https:\/\/www.waterskis.lv\/product\/jobe-fragment-life-vest-men-midnight-blue\/"},"modified":"2026-02-07T09:31:45","modified_gmt":"2026-02-07T07:31:45","slug":"jobe-fragment-life-vest-men-midnight-blue","status":"publish","type":"product","link":"https:\/\/www.waterskis.lv\/en\/product\/jobe-fragment-life-vest-men-midnight-blue\/","title":{"rendered":"Jobe Fragment Life Vest Men Midnight Blue"},"content":{"rendered":"<h1 class=\"productTitle s-hide\">Jobe Fragment Life Vest Men Midnight Blue<\/h1>\n<p class=\"productTitle s-hide\">Jobe Fragment Life Vest Men Midnight Blue<\/p>\n<div class=\"paragraph mt10 col-12\"><span class=\"s-hide\">Product ID\u00a0244922010<\/span><\/div>\n<div><\/div>\n<div>\n<h2 class=\"title-3 fs25 mt20 mb20 boldTitleFont grey uppercase np\">Specifications<\/h2>\n<div class=\"col-12 paragraph\">The Jobe Fragment vest offers the best of both worlds in terms of comfort and safety. The separated foam panels in combination with the soft and flexible supreme stretch fabric gives you maximum freedom of movement while the 50N ISO certification makes sure you will stay afloat at all times. D-rings are added for extra safety while coasting on your boat or racing on your PWC. These vests are designed with our perfect fit philosophy in mind and are available in plus sizes. So comfortable you will forget you&#8217;re wearing one.<\/div>\n<\/div>\n<div><\/div>\n<div>\n<div class=\"col-12 mt30 mb20\">\n<div class=\"col-12 \">\n<div id=\"completeyourgear\" class=\"completGear completeGearSlide\">\n<div class=\"completeGearSlider blackNav owl-carousel owl-theme owl-loaded owl-drag\">\n<div class=\"owl-stage-outer owl-height\">\n<div class=\"owl-stage\">\n<div class=\"owl-item active\"><\/div>\n<\/div>\n<\/div>\n<\/div>\n<\/div>\n<\/div>\n<\/div>\n<div class=\"col-12 paragraph mt20\">\n<ul class=\"autoColumn checkListSmall blackCheck\">\n<li>50N ISO-certified (buoyancy aid)<\/li>\n<li>Comfort of a non-certified vest<\/li>\n<li>Always a perfect fit: more comfort and safety<\/li>\n<li>Available in plus sizes<\/li>\n<li>D-ring<\/li>\n<li>Front zipper for fast entry<\/li>\n<li>Inside pocket with waterproof bag connector cord<\/li>\n<li>Lasercut neoprene panels for high end feel on the water<\/li>\n<li>Longer fit<\/li>\n<li>Protective zipper flap and cover<\/li>\n<li>Safety D-ring attachment to attach an emergency cord<\/li>\n<li>Seperated foam panels for maximum freedom of movement<\/li>\n<li>Soft &amp; flexible supreme stretch fabric<\/li>\n<li>Soft PVC foam<\/li>\n<li>Water drainage system<\/li>\n<li>Strong YKK Zipper<\/li>\n<\/ul>\n<\/div>\n<\/div>\n<div><\/div>\n<div>\n<p><span class=\"boldTitleFont uppercase blackColor fs20\">Size table<\/span><\/p>\n<div class=\"switch\"><label class=\"switch-label switch-label-off\" tabindex=\"0\" for=\"view_cm\">CM<\/label><label class=\"switch-label switch-label-on\" tabindex=\"0\" for=\"view_inch\">Inch<\/label><\/div>\n<table class=\"size_guide\">\n<thead>\n<tr>\n<th>Size<\/th>\n<th>Chest\u00a0<span class=\"sg_cm\">(CM)<\/span><\/th>\n<th>Waist\u00a0<span class=\"sg_cm\">(CM)<\/span><\/th>\n<\/tr>\n<\/thead>\n<tbody>\n<tr>\n<td>S<\/td>\n<td><span class=\"sg_cm\">94-98<\/span><\/td>\n<td><span class=\"sg_cm\">84-88<\/span><\/td>\n<\/tr>\n<tr>\n<td>M<\/td>\n<td><span class=\"sg_cm\">98-102<\/span><\/td>\n<td><span class=\"sg_cm\">88-92<\/span><\/td>\n<\/tr>\n<tr>\n<td>L<\/td>\n<td><span class=\"sg_cm\">102-106<\/span><\/td>\n<td><span class=\"sg_cm\">92-96<\/span><\/td>\n<\/tr>\n<tr>\n<td>XL+<\/td>\n<td><span class=\"sg_cm\">106-112<\/span><\/td>\n<td><span class=\"sg_cm\">96-104<\/span><\/td>\n<\/tr>\n<tr>\n<td>2XL+<\/td>\n<td><span class=\"sg_cm\">112-118<\/span><\/td>\n<td><span class=\"sg_cm\">104-112<\/span><\/td>\n<\/tr>\n<tr>\n<td>3XL+<\/td>\n<td><span class=\"sg_cm\">118-124<\/span><\/td>\n<td><span class=\"sg_cm\">112-120<\/span><\/td>\n<\/tr>\n<\/tbody>\n<\/table>\n<\/div>\n<div>\n<div class=\"col-12 mb10\">\n<div class=\"col-6\">\n<div class=\"image\"><img decoding=\"async\" src=\"https:\/\/www.jobesports.com\/uploads\/base\/size_guide\/mens-life-vests-2020-neoprenesegmentunify-1603291989.jpg\" alt=\"Size table\" \/><\/div>\n<\/div>\n<div class=\"col-6 col-padding-left\"><span class=\"boldTitleFont uppercase blackColor fs18 col-12\">How to measure<\/span>1. Place the tape under your arms. Measure the chest at the widest part.<br \/>\n2. Measure around the narrowest part of your waist.<\/div>\n<\/div>\n<\/div>\n","protected":false},"excerpt":{"rendered":"<p>Jobe Fragment Life Vest Men Midnight Blue Jobe Fragment Life Vest Men Midnight Blue Product ID\u00a0244922010 Specifications The Jobe Fragment vest offers the best of both worlds in terms of comfort and safety. The separated foam panels in combination with the soft and flexible supreme stretch fabric gives you maximum freedom of movement while the [&#8230;]<\/p>\n<p><a class=\"btn btn-secondary understrap-read-more-link\" href=\"https:\/\/www.waterskis.lv\/en\/product\/jobe-fragment-life-vest-men-midnight-blue\/\">Read More&#8230;<\/a><\/p>\n","protected":false},"featured_media":69795,"comment_status":"closed","ping_status":"closed","template":"","meta":{"_acf_changed":false,"inline_featured_image":false},"product_brand":[1330],"product_cat":[702],"product_tag":[1632,3616,1604,1584,1440,3551,1613,1441,1442,3617,3618,3619],"class_list":{"0":"post-69794","1":"product","2":"type-product","3":"status-publish","4":"has-post-thumbnail","6":"product_brand-jobe-watersports","7":"product_cat-life-jackets","8":"product_tag-buoyancy-aid","9":"product_tag-certified-life-jacket","10":"product_tag-glabsanas-veste","11":"product_tag-jobe-glabsanas-veste","12":"product_tag-jobe-veste","13":"product_tag-jobe-watersports","14":"product_tag-life-jacket","15":"product_tag-neoprena-veste","16":"product_tag-peldveste","17":"product_tag-sertificeta-glabsanas-veste","18":"product_tag-3618","19":"product_tag-3619","21":"first","22":"instock","23":"shipping-taxable","24":"purchasable","25":"product-type-simple"},"acf":[],"yoast_head":"<!-- This site is optimized with the Yoast SEO plugin v27.3 - https:\/\/yoast.com\/product\/yoast-seo-wordpress\/ -->\n<title>Jobe Fragment Life Vest Men Midnight Blue - WATERSKIS.LV<\/title>\n<meta name=\"description\" content=\"Jobe Fragment Life Vest Men Midnight Blue. These vests are designed with our perfect fit philosophy in mind and are available in plus sizes.\" \/>\n<meta name=\"robots\" content=\"index, follow, max-snippet:-1, max-image-preview:large, max-video-preview:-1\" \/>\n<link rel=\"canonical\" href=\"https:\/\/www.waterskis.lv\/en\/product\/jobe-fragment-life-vest-men-midnight-blue\/\" \/>\n<meta property=\"og:locale\" content=\"en_US\" \/>\n<meta property=\"og:type\" content=\"article\" \/>\n<meta property=\"og:title\" content=\"Jobe Fragment Life Vest Men Midnight Blue - WATERSKIS.LV\" \/>\n<meta property=\"og:description\" content=\"Jobe Fragment Life Vest Men Midnight Blue. These vests are designed with our perfect fit philosophy in mind and are available in plus sizes.\" \/>\n<meta property=\"og:url\" content=\"https:\/\/www.waterskis.lv\/en\/product\/jobe-fragment-life-vest-men-midnight-blue\/\" \/>\n<meta property=\"og:site_name\" content=\"WATERSKIS.LV\" \/>\n<meta property=\"article:publisher\" content=\"https:\/\/www.facebook.com\/jurmalawaterskiwakeboardpark\/\" \/>\n<meta property=\"article:modified_time\" content=\"2026-02-07T07:31:45+00:00\" \/>\n<meta property=\"og:image\" content=\"https:\/\/www.waterskis.lv\/wp-content\/uploads\/2026\/01\/VesteFragmentMB.jpg\" \/>\n\t<meta property=\"og:image:width\" content=\"1500\" \/>\n\t<meta property=\"og:image:height\" content=\"1500\" \/>\n\t<meta property=\"og:image:type\" content=\"image\/jpeg\" \/>\n<meta name=\"twitter:card\" content=\"summary_large_image\" \/>\n<meta name=\"twitter:label1\" content=\"Est. reading time\" \/>\n\t<meta name=\"twitter:data1\" content=\"2 minutes\" \/>\n<script type=\"application\/ld+json\" class=\"yoast-schema-graph\">{\"@context\":\"https:\\\/\\\/schema.org\",\"@graph\":[{\"@type\":\"WebPage\",\"@id\":\"https:\\\/\\\/www.waterskis.lv\\\/en\\\/product\\\/jobe-fragment-life-vest-men-midnight-blue\\\/\",\"url\":\"https:\\\/\\\/www.waterskis.lv\\\/en\\\/product\\\/jobe-fragment-life-vest-men-midnight-blue\\\/\",\"name\":\"Jobe Fragment Life Vest Men Midnight Blue - WATERSKIS.LV\",\"isPartOf\":{\"@id\":\"https:\\\/\\\/www.waterskis.lv\\\/en\\\/#website\"},\"primaryImageOfPage\":{\"@id\":\"https:\\\/\\\/www.waterskis.lv\\\/en\\\/product\\\/jobe-fragment-life-vest-men-midnight-blue\\\/#primaryimage\"},\"image\":{\"@id\":\"https:\\\/\\\/www.waterskis.lv\\\/en\\\/product\\\/jobe-fragment-life-vest-men-midnight-blue\\\/#primaryimage\"},\"thumbnailUrl\":\"https:\\\/\\\/www.waterskis.lv\\\/wp-content\\\/uploads\\\/2026\\\/01\\\/VesteFragmentMB.jpg\",\"datePublished\":\"2026-01-10T10:57:47+00:00\",\"dateModified\":\"2026-02-07T07:31:45+00:00\",\"description\":\"Jobe Fragment Life Vest Men Midnight Blue. These vests are designed with our perfect fit philosophy in mind and are available in plus sizes.\",\"breadcrumb\":{\"@id\":\"https:\\\/\\\/www.waterskis.lv\\\/en\\\/product\\\/jobe-fragment-life-vest-men-midnight-blue\\\/#breadcrumb\"},\"inLanguage\":\"en-US\",\"potentialAction\":[{\"@type\":\"ReadAction\",\"target\":[\"https:\\\/\\\/www.waterskis.lv\\\/en\\\/product\\\/jobe-fragment-life-vest-men-midnight-blue\\\/\"]}]},{\"@type\":\"ImageObject\",\"inLanguage\":\"en-US\",\"@id\":\"https:\\\/\\\/www.waterskis.lv\\\/en\\\/product\\\/jobe-fragment-life-vest-men-midnight-blue\\\/#primaryimage\",\"url\":\"https:\\\/\\\/www.waterskis.lv\\\/wp-content\\\/uploads\\\/2026\\\/01\\\/VesteFragmentMB.jpg\",\"contentUrl\":\"https:\\\/\\\/www.waterskis.lv\\\/wp-content\\\/uploads\\\/2026\\\/01\\\/VesteFragmentMB.jpg\",\"width\":1500,\"height\":1500,\"caption\":\"Jobe Fragment Life Vest Men Midnight Blue\"},{\"@type\":\"BreadcrumbList\",\"@id\":\"https:\\\/\\\/www.waterskis.lv\\\/en\\\/product\\\/jobe-fragment-life-vest-men-midnight-blue\\\/#breadcrumb\",\"itemListElement\":[{\"@type\":\"ListItem\",\"position\":1,\"name\":\"Home\",\"item\":\"https:\\\/\\\/www.waterskis.lv\\\/en\\\/\"},{\"@type\":\"ListItem\",\"position\":2,\"name\":\"Shop\",\"item\":\"https:\\\/\\\/waterskis.lv\\\/en\\\/shop\\\/\"},{\"@type\":\"ListItem\",\"position\":3,\"name\":\"Jobe Fragment Life Vest Men Midnight Blue\"}]},{\"@type\":\"WebSite\",\"@id\":\"https:\\\/\\\/www.waterskis.lv\\\/en\\\/#website\",\"url\":\"https:\\\/\\\/www.waterskis.lv\\\/en\\\/\",\"name\":\"WATERSKIS.LV\",\"description\":\"SUP d\u0113\u013ci, kajaki, kanoe, airu laivas, \u016bdenssl\u0113po\u0161ana, veikbords, SUP d\u0113\u013cu noma, kajaku nomaakt\u012bv\u0101s atp\u016btas centrs, laivu noma, sup noma, kajaku noma\",\"publisher\":{\"@id\":\"https:\\\/\\\/www.waterskis.lv\\\/en\\\/#organization\"},\"potentialAction\":[{\"@type\":\"SearchAction\",\"target\":{\"@type\":\"EntryPoint\",\"urlTemplate\":\"https:\\\/\\\/www.waterskis.lv\\\/en\\\/?s={search_term_string}\"},\"query-input\":{\"@type\":\"PropertyValueSpecification\",\"valueRequired\":true,\"valueName\":\"search_term_string\"}}],\"inLanguage\":\"en-US\"},{\"@type\":\"Organization\",\"@id\":\"https:\\\/\\\/www.waterskis.lv\\\/en\\\/#organization\",\"name\":\"WATERSKIS.LV\",\"url\":\"https:\\\/\\\/www.waterskis.lv\\\/en\\\/\",\"logo\":{\"@type\":\"ImageObject\",\"inLanguage\":\"en-US\",\"@id\":\"https:\\\/\\\/www.waterskis.lv\\\/en\\\/#\\\/schema\\\/logo\\\/image\\\/\",\"url\":\"https:\\\/\\\/www.waterskis.lv\\\/wp-content\\\/uploads\\\/2025\\\/01\\\/JUVP-logo.png\",\"contentUrl\":\"https:\\\/\\\/www.waterskis.lv\\\/wp-content\\\/uploads\\\/2025\\\/01\\\/JUVP-logo.png\",\"width\":421,\"height\":202,\"caption\":\"WATERSKIS.LV\"},\"image\":{\"@id\":\"https:\\\/\\\/www.waterskis.lv\\\/en\\\/#\\\/schema\\\/logo\\\/image\\\/\"},\"sameAs\":[\"https:\\\/\\\/www.facebook.com\\\/jurmalawaterskiwakeboardpark\\\/\"]}]}<\/script>\n<!-- \/ Yoast SEO plugin. -->","yoast_head_json":{"title":"Jobe Fragment Life Vest Men Midnight Blue - WATERSKIS.LV","description":"Jobe Fragment Life Vest Men Midnight Blue. These vests are designed with our perfect fit philosophy in mind and are available in plus sizes.","robots":{"index":"index","follow":"follow","max-snippet":"max-snippet:-1","max-image-preview":"max-image-preview:large","max-video-preview":"max-video-preview:-1"},"canonical":"https:\/\/www.waterskis.lv\/en\/product\/jobe-fragment-life-vest-men-midnight-blue\/","og_locale":"en_US","og_type":"article","og_title":"Jobe Fragment Life Vest Men Midnight Blue - WATERSKIS.LV","og_description":"Jobe Fragment Life Vest Men Midnight Blue. These vests are designed with our perfect fit philosophy in mind and are available in plus sizes.","og_url":"https:\/\/www.waterskis.lv\/en\/product\/jobe-fragment-life-vest-men-midnight-blue\/","og_site_name":"WATERSKIS.LV","article_publisher":"https:\/\/www.facebook.com\/jurmalawaterskiwakeboardpark\/","article_modified_time":"2026-02-07T07:31:45+00:00","og_image":[{"width":1500,"height":1500,"url":"https:\/\/www.waterskis.lv\/wp-content\/uploads\/2026\/01\/VesteFragmentMB.jpg","type":"image\/jpeg"}],"twitter_card":"summary_large_image","twitter_misc":{"Est. reading time":"2 minutes"},"schema":{"@context":"https:\/\/schema.org","@graph":[{"@type":"WebPage","@id":"https:\/\/www.waterskis.lv\/en\/product\/jobe-fragment-life-vest-men-midnight-blue\/","url":"https:\/\/www.waterskis.lv\/en\/product\/jobe-fragment-life-vest-men-midnight-blue\/","name":"Jobe Fragment Life Vest Men Midnight Blue - WATERSKIS.LV","isPartOf":{"@id":"https:\/\/www.waterskis.lv\/en\/#website"},"primaryImageOfPage":{"@id":"https:\/\/www.waterskis.lv\/en\/product\/jobe-fragment-life-vest-men-midnight-blue\/#primaryimage"},"image":{"@id":"https:\/\/www.waterskis.lv\/en\/product\/jobe-fragment-life-vest-men-midnight-blue\/#primaryimage"},"thumbnailUrl":"https:\/\/www.waterskis.lv\/wp-content\/uploads\/2026\/01\/VesteFragmentMB.jpg","datePublished":"2026-01-10T10:57:47+00:00","dateModified":"2026-02-07T07:31:45+00:00","description":"Jobe Fragment Life Vest Men Midnight Blue. These vests are designed with our perfect fit philosophy in mind and are available in plus sizes.","breadcrumb":{"@id":"https:\/\/www.waterskis.lv\/en\/product\/jobe-fragment-life-vest-men-midnight-blue\/#breadcrumb"},"inLanguage":"en-US","potentialAction":[{"@type":"ReadAction","target":["https:\/\/www.waterskis.lv\/en\/product\/jobe-fragment-life-vest-men-midnight-blue\/"]}]},{"@type":"ImageObject","inLanguage":"en-US","@id":"https:\/\/www.waterskis.lv\/en\/product\/jobe-fragment-life-vest-men-midnight-blue\/#primaryimage","url":"https:\/\/www.waterskis.lv\/wp-content\/uploads\/2026\/01\/VesteFragmentMB.jpg","contentUrl":"https:\/\/www.waterskis.lv\/wp-content\/uploads\/2026\/01\/VesteFragmentMB.jpg","width":1500,"height":1500,"caption":"Jobe Fragment Life Vest Men Midnight Blue"},{"@type":"BreadcrumbList","@id":"https:\/\/www.waterskis.lv\/en\/product\/jobe-fragment-life-vest-men-midnight-blue\/#breadcrumb","itemListElement":[{"@type":"ListItem","position":1,"name":"Home","item":"https:\/\/www.waterskis.lv\/en\/"},{"@type":"ListItem","position":2,"name":"Shop","item":"https:\/\/waterskis.lv\/en\/shop\/"},{"@type":"ListItem","position":3,"name":"Jobe Fragment Life Vest Men Midnight Blue"}]},{"@type":"WebSite","@id":"https:\/\/www.waterskis.lv\/en\/#website","url":"https:\/\/www.waterskis.lv\/en\/","name":"WATERSKIS.LV","description":"SUP d\u0113\u013ci, kajaki, kanoe, airu laivas, \u016bdenssl\u0113po\u0161ana, veikbords, SUP d\u0113\u013cu noma, kajaku nomaakt\u012bv\u0101s atp\u016btas centrs, laivu noma, sup noma, kajaku noma","publisher":{"@id":"https:\/\/www.waterskis.lv\/en\/#organization"},"potentialAction":[{"@type":"SearchAction","target":{"@type":"EntryPoint","urlTemplate":"https:\/\/www.waterskis.lv\/en\/?s={search_term_string}"},"query-input":{"@type":"PropertyValueSpecification","valueRequired":true,"valueName":"search_term_string"}}],"inLanguage":"en-US"},{"@type":"Organization","@id":"https:\/\/www.waterskis.lv\/en\/#organization","name":"WATERSKIS.LV","url":"https:\/\/www.waterskis.lv\/en\/","logo":{"@type":"ImageObject","inLanguage":"en-US","@id":"https:\/\/www.waterskis.lv\/en\/#\/schema\/logo\/image\/","url":"https:\/\/www.waterskis.lv\/wp-content\/uploads\/2025\/01\/JUVP-logo.png","contentUrl":"https:\/\/www.waterskis.lv\/wp-content\/uploads\/2025\/01\/JUVP-logo.png","width":421,"height":202,"caption":"WATERSKIS.LV"},"image":{"@id":"https:\/\/www.waterskis.lv\/en\/#\/schema\/logo\/image\/"},"sameAs":["https:\/\/www.facebook.com\/jurmalawaterskiwakeboardpark\/"]}]}},"_links":{"self":[{"href":"https:\/\/www.waterskis.lv\/en\/wp-json\/wp\/v2\/product\/69794","targetHints":{"allow":["GET"]}}],"collection":[{"href":"https:\/\/www.waterskis.lv\/en\/wp-json\/wp\/v2\/product"}],"about":[{"href":"https:\/\/www.waterskis.lv\/en\/wp-json\/wp\/v2\/types\/product"}],"replies":[{"embeddable":true,"href":"https:\/\/www.waterskis.lv\/en\/wp-json\/wp\/v2\/comments?post=69794"}],"wp:featuredmedia":[{"embeddable":true,"href":"https:\/\/www.waterskis.lv\/en\/wp-json\/wp\/v2\/media\/69795"}],"wp:attachment":[{"href":"https:\/\/www.waterskis.lv\/en\/wp-json\/wp\/v2\/media?parent=69794"}],"wp:term":[{"taxonomy":"product_brand","embeddable":true,"href":"https:\/\/www.waterskis.lv\/en\/wp-json\/wp\/v2\/product_brand?post=69794"},{"taxonomy":"product_cat","embeddable":true,"href":"https:\/\/www.waterskis.lv\/en\/wp-json\/wp\/v2\/product_cat?post=69794"},{"taxonomy":"product_tag","embeddable":true,"href":"https:\/\/www.waterskis.lv\/en\/wp-json\/wp\/v2\/product_tag?post=69794"}],"curies":[{"name":"wp","href":"https:\/\/api.w.org\/{rel}","templated":true}]}}