{"id":69838,"date":"2026-01-10T15:12:08","date_gmt":"2026-01-10T13:12:08","guid":{"rendered":"https:\/\/www.waterskis.lv\/product\/jobe-fragment-life-vest-women-denim-blue\/"},"modified":"2026-02-07T09:23:02","modified_gmt":"2026-02-07T07:23:02","slug":"jobe-fragment-life-vest-women-denim-blue","status":"publish","type":"product","link":"https:\/\/www.waterskis.lv\/en\/product\/jobe-fragment-life-vest-women-denim-blue\/","title":{"rendered":"Jobe Fragment Life Vest Women Denim Blue"},"content":{"rendered":"<h1 class=\"productTitle s-hide\">Jobe Fragment Life Vest Women Denim Blue<\/h1>\n<p class=\"productTitle s-hide\">Jobe Fragment Life Vest Women Denim Blue<\/p>\n<div class=\"paragraph mt10 col-12\">\n<p><span class=\"s-hide\">Product ID\u00a0244922008<\/span><\/p>\n<div class=\"col-12 relative mt10\">\n<div class=\"paragraph mt10 col-12\">\n<div class=\"col-12 relative mt10\">\n<h2 class=\"title-3 fs25 mt20 mb20 boldTitleFont grey uppercase np\">Specifications<\/h2>\n<div class=\"col-12 paragraph\">The Jobe Fragment vest offers the best of both worlds in terms of comfort and safety. The separated foam panels in combination with the soft and flexible supreme stretch fabric gives you maximum freedom of movement while the 50N ISO certification makes sure you will stay afloat at all times. D-rings are added for extra safety while coasting on your boat or racing on your PWC. These vests are designed with our perfect fit philosophy in mind and are available in plus sizes. So comfortable you will forget you\u2019re wearing one.<\/div>\n<div><\/div>\n<div class=\"col-12 paragraph mt20\">\n<ul class=\"autoColumn checkListSmall blackCheck\">\n<li>50N ISO-certified (buoyancy aid)<\/li>\n<li>Comfort of a non-certified vest<\/li>\n<li>Always a perfect fit: more comfort and safety<\/li>\n<li>Available in plus sizes<\/li>\n<li>Front zipper for fast entry<\/li>\n<li>Inside pocket with waterproof bag connector cord<\/li>\n<li>Lasercut neoprene panels for high end feel on the water<\/li>\n<li>Longer feminine fit<\/li>\n<li>Protective zipper flap and cover<\/li>\n<li>Safety D-ring attachment to attach an emergency cord<\/li>\n<li>Seperated foam panels for maximum freedom of movement<\/li>\n<li>Soft &amp; flexible supreme stretch fabric<\/li>\n<li>Split foam panels for maximum freedom of movement<\/li>\n<li>Water drainage system<\/li>\n<li>Strong YKK buckle &amp; YKK zipper<\/li>\n<\/ul>\n<\/div>\n<\/div>\n<\/div>\n<div><\/div>\n<div>\n<p><span class=\"boldTitleFont uppercase blackColor fs30 mt10 col-12\">Women\u2019s Life Vests<\/span><\/p>\n<div class=\"col-12 mb10\">\n<div class=\"col-6\">\n<div class=\"image\"><img decoding=\"async\" class=\"entered litespeed-loaded\" src=\"https:\/\/www.jobesports.com\/uploads\/base\/size_guide\/women-vests-certified-50n-1583843936.jpg\" alt=\"Size table\" width=\"500\" height=\"500\" data-lazyloaded=\"1\" data-placeholder-resp=\"500x500\" data-src=\"https:\/\/www.jobesports.com\/uploads\/base\/size_guide\/women-vests-certified-50n-1583843936.jpg\" data-ll-status=\"loaded\" \/><\/div>\n<\/div>\n<div class=\"col-6 col-padding-left\"><span class=\"boldTitleFont uppercase blackColor fs18 col-12\">How to measure<\/span>1. Place the tape under your arms. Measure the chest at the widest part.<br \/>\n2. Measure around the narrowest part of your waist.<\/div>\n<\/div>\n<\/div>\n<div>\n<p><span class=\"boldTitleFont uppercase blackColor fs20\">Size table<\/span><\/p>\n<div class=\"switch\"><label class=\"switch-label switch-label-off\" tabindex=\"0\" for=\"view_cm\">CM<\/label><label class=\"switch-label switch-label-on\" tabindex=\"0\" for=\"view_inch\">Inch<\/label><\/div>\n<table class=\"size_guide\">\n<thead>\n<tr>\n<th>Size<\/th>\n<th>Chest\u00a0<span class=\"sg_cm\">(CM)<\/span><\/th>\n<th>Waist\u00a0<span class=\"sg_cm\">(CM)<\/span><\/th>\n<\/tr>\n<\/thead>\n<tbody>\n<tr>\n<td>XS<\/td>\n<td><span class=\"sg_cm\">82-86<\/span><\/td>\n<td><span class=\"sg_cm\">65-69<\/span><\/td>\n<\/tr>\n<tr>\n<td>S<\/td>\n<td><span class=\"sg_cm\">86-90<\/span><\/td>\n<td><span class=\"sg_cm\">70-74<\/span><\/td>\n<\/tr>\n<tr>\n<td>S+<\/td>\n<td><span class=\"sg_cm\">90-94<\/span><\/td>\n<td><span class=\"sg_cm\">74-78<\/span><\/td>\n<\/tr>\n<tr>\n<td>M<\/td>\n<td><span class=\"sg_cm\">94-98<\/span><\/td>\n<td><span class=\"sg_cm\">78-82<\/span><\/td>\n<\/tr>\n<tr>\n<td>M+<\/td>\n<td><span class=\"sg_cm\">98-102<\/span><\/td>\n<td><span class=\"sg_cm\">83-87<\/span><\/td>\n<\/tr>\n<tr>\n<td>L<\/td>\n<td><span class=\"sg_cm\">102-106<\/span><\/td>\n<td><span class=\"sg_cm\">87-92<\/span><\/td>\n<\/tr>\n<tr>\n<td>XL<\/td>\n<td><span class=\"sg_cm\">107-113<\/span><\/td>\n<td><span class=\"sg_cm\">93-99<\/span><\/td>\n<\/tr>\n<tr>\n<td>2XL<\/td>\n<td><span class=\"sg_cm\">113-119<\/span><\/td>\n<td><span class=\"sg_cm\">99-105<\/span><\/td>\n<\/tr>\n<\/tbody>\n<\/table>\n<\/div>\n<\/div>\n<\/div>\n<div><\/div>\n","protected":false},"excerpt":{"rendered":"<p>Jobe Fragment Life Vest Women Denim Blue Jobe Fragment Life Vest Women Denim Blue Product ID\u00a0244922008 Specifications The Jobe Fragment vest offers the best of both worlds in terms of comfort and safety. The separated foam panels in combination with the soft and flexible supreme stretch fabric gives you maximum freedom of movement while the [&#8230;]<\/p>\n<p><a class=\"btn btn-secondary understrap-read-more-link\" href=\"https:\/\/www.waterskis.lv\/en\/product\/jobe-fragment-life-vest-women-denim-blue\/\">Read More&#8230;<\/a><\/p>\n","protected":false},"featured_media":69839,"comment_status":"closed","ping_status":"closed","template":"","meta":{"_acf_changed":false,"inline_featured_image":false},"product_brand":[1330],"product_cat":[702],"product_tag":[1632,3616,1604,1584,3551,1613,1441,1442,3617,1611,3618,3619],"class_list":{"0":"post-69838","1":"product","2":"type-product","3":"status-publish","4":"has-post-thumbnail","6":"product_brand-jobe-watersports","7":"product_cat-life-jackets","8":"product_tag-buoyancy-aid","9":"product_tag-certified-life-jacket","10":"product_tag-glabsanas-veste","11":"product_tag-jobe-glabsanas-veste","12":"product_tag-jobe-watersports","13":"product_tag-life-jacket","14":"product_tag-neoprena-veste","15":"product_tag-peldveste","16":"product_tag-sertificeta-glabsanas-veste","17":"product_tag-sieviesu-glabsanas-veste","18":"product_tag-3618","19":"product_tag-3619","21":"first","22":"instock","23":"shipping-taxable","24":"purchasable","25":"product-type-simple"},"acf":[],"yoast_head":"<!-- This site is optimized with the Yoast SEO plugin v27.4 - https:\/\/yoast.com\/product\/yoast-seo-wordpress\/ -->\n<title>Jobe Fragment Life Vest Women Denim Blue - WATERSKIS.LV<\/title>\n<meta name=\"description\" content=\"Jobe Fragment Life Vest Women Denim Blue. These vests are designed with our perfect fit philosophy in mind and are available in plus sizes\" \/>\n<meta name=\"robots\" content=\"index, follow, max-snippet:-1, max-image-preview:large, max-video-preview:-1\" \/>\n<link rel=\"canonical\" href=\"https:\/\/www.waterskis.lv\/en\/product\/jobe-fragment-life-vest-women-denim-blue\/\" \/>\n<meta property=\"og:locale\" content=\"en_US\" \/>\n<meta property=\"og:type\" content=\"article\" \/>\n<meta property=\"og:title\" content=\"Jobe Fragment Life Vest Women Denim Blue - WATERSKIS.LV\" \/>\n<meta property=\"og:description\" content=\"Jobe Fragment Life Vest Women Denim Blue. These vests are designed with our perfect fit philosophy in mind and are available in plus sizes\" \/>\n<meta property=\"og:url\" content=\"https:\/\/www.waterskis.lv\/en\/product\/jobe-fragment-life-vest-women-denim-blue\/\" \/>\n<meta property=\"og:site_name\" content=\"WATERSKIS.LV\" \/>\n<meta property=\"article:publisher\" content=\"https:\/\/www.facebook.com\/jurmalawaterskiwakeboardpark\/\" \/>\n<meta property=\"article:modified_time\" content=\"2026-02-07T07:23:02+00:00\" \/>\n<meta property=\"og:image\" content=\"https:\/\/www.waterskis.lv\/wp-content\/uploads\/2026\/01\/VesteDenimBlue.jpg\" \/>\n\t<meta property=\"og:image:width\" content=\"1500\" \/>\n\t<meta property=\"og:image:height\" content=\"1500\" \/>\n\t<meta property=\"og:image:type\" content=\"image\/jpeg\" \/>\n<meta name=\"twitter:card\" content=\"summary_large_image\" \/>\n<meta name=\"twitter:label1\" content=\"Est. reading time\" \/>\n\t<meta name=\"twitter:data1\" content=\"2 minutes\" \/>\n<script type=\"application\/ld+json\" class=\"yoast-schema-graph\">{\"@context\":\"https:\\\/\\\/schema.org\",\"@graph\":[{\"@type\":\"WebPage\",\"@id\":\"https:\\\/\\\/www.waterskis.lv\\\/en\\\/product\\\/jobe-fragment-life-vest-women-denim-blue\\\/\",\"url\":\"https:\\\/\\\/www.waterskis.lv\\\/en\\\/product\\\/jobe-fragment-life-vest-women-denim-blue\\\/\",\"name\":\"Jobe Fragment Life Vest Women Denim Blue - WATERSKIS.LV\",\"isPartOf\":{\"@id\":\"https:\\\/\\\/www.waterskis.lv\\\/en\\\/#website\"},\"primaryImageOfPage\":{\"@id\":\"https:\\\/\\\/www.waterskis.lv\\\/en\\\/product\\\/jobe-fragment-life-vest-women-denim-blue\\\/#primaryimage\"},\"image\":{\"@id\":\"https:\\\/\\\/www.waterskis.lv\\\/en\\\/product\\\/jobe-fragment-life-vest-women-denim-blue\\\/#primaryimage\"},\"thumbnailUrl\":\"https:\\\/\\\/www.waterskis.lv\\\/wp-content\\\/uploads\\\/2026\\\/01\\\/VesteDenimBlue.jpg\",\"datePublished\":\"2026-01-10T13:12:08+00:00\",\"dateModified\":\"2026-02-07T07:23:02+00:00\",\"description\":\"Jobe Fragment Life Vest Women Denim Blue. These vests are designed with our perfect fit philosophy in mind and are available in plus sizes\",\"breadcrumb\":{\"@id\":\"https:\\\/\\\/www.waterskis.lv\\\/en\\\/product\\\/jobe-fragment-life-vest-women-denim-blue\\\/#breadcrumb\"},\"inLanguage\":\"en-US\",\"potentialAction\":[{\"@type\":\"ReadAction\",\"target\":[\"https:\\\/\\\/www.waterskis.lv\\\/en\\\/product\\\/jobe-fragment-life-vest-women-denim-blue\\\/\"]}]},{\"@type\":\"ImageObject\",\"inLanguage\":\"en-US\",\"@id\":\"https:\\\/\\\/www.waterskis.lv\\\/en\\\/product\\\/jobe-fragment-life-vest-women-denim-blue\\\/#primaryimage\",\"url\":\"https:\\\/\\\/www.waterskis.lv\\\/wp-content\\\/uploads\\\/2026\\\/01\\\/VesteDenimBlue.jpg\",\"contentUrl\":\"https:\\\/\\\/www.waterskis.lv\\\/wp-content\\\/uploads\\\/2026\\\/01\\\/VesteDenimBlue.jpg\",\"width\":1500,\"height\":1500,\"caption\":\"Jobe Fragment Life Vest Women Denim Blue\"},{\"@type\":\"BreadcrumbList\",\"@id\":\"https:\\\/\\\/www.waterskis.lv\\\/en\\\/product\\\/jobe-fragment-life-vest-women-denim-blue\\\/#breadcrumb\",\"itemListElement\":[{\"@type\":\"ListItem\",\"position\":1,\"name\":\"Home\",\"item\":\"https:\\\/\\\/www.waterskis.lv\\\/en\\\/\"},{\"@type\":\"ListItem\",\"position\":2,\"name\":\"Shop\",\"item\":\"https:\\\/\\\/waterskis.lv\\\/en\\\/shop\\\/\"},{\"@type\":\"ListItem\",\"position\":3,\"name\":\"Jobe Fragment Life Vest Women Denim Blue\"}]},{\"@type\":\"WebSite\",\"@id\":\"https:\\\/\\\/www.waterskis.lv\\\/en\\\/#website\",\"url\":\"https:\\\/\\\/www.waterskis.lv\\\/en\\\/\",\"name\":\"WATERSKIS.LV\",\"description\":\"SUP d\u0113\u013ci, kajaki, kanoe, airu laivas, \u016bdenssl\u0113po\u0161ana, veikbords, SUP d\u0113\u013cu noma, kajaku nomaakt\u012bv\u0101s atp\u016btas centrs, laivu noma, sup noma, kajaku noma\",\"publisher\":{\"@id\":\"https:\\\/\\\/www.waterskis.lv\\\/en\\\/#organization\"},\"potentialAction\":[{\"@type\":\"SearchAction\",\"target\":{\"@type\":\"EntryPoint\",\"urlTemplate\":\"https:\\\/\\\/www.waterskis.lv\\\/en\\\/?s={search_term_string}\"},\"query-input\":{\"@type\":\"PropertyValueSpecification\",\"valueRequired\":true,\"valueName\":\"search_term_string\"}}],\"inLanguage\":\"en-US\"},{\"@type\":\"Organization\",\"@id\":\"https:\\\/\\\/www.waterskis.lv\\\/en\\\/#organization\",\"name\":\"WATERSKIS.LV\",\"url\":\"https:\\\/\\\/www.waterskis.lv\\\/en\\\/\",\"logo\":{\"@type\":\"ImageObject\",\"inLanguage\":\"en-US\",\"@id\":\"https:\\\/\\\/www.waterskis.lv\\\/en\\\/#\\\/schema\\\/logo\\\/image\\\/\",\"url\":\"https:\\\/\\\/www.waterskis.lv\\\/wp-content\\\/uploads\\\/2025\\\/01\\\/JUVP-logo.png\",\"contentUrl\":\"https:\\\/\\\/www.waterskis.lv\\\/wp-content\\\/uploads\\\/2025\\\/01\\\/JUVP-logo.png\",\"width\":421,\"height\":202,\"caption\":\"WATERSKIS.LV\"},\"image\":{\"@id\":\"https:\\\/\\\/www.waterskis.lv\\\/en\\\/#\\\/schema\\\/logo\\\/image\\\/\"},\"sameAs\":[\"https:\\\/\\\/www.facebook.com\\\/jurmalawaterskiwakeboardpark\\\/\"]}]}<\/script>\n<!-- \/ Yoast SEO plugin. -->","yoast_head_json":{"title":"Jobe Fragment Life Vest Women Denim Blue - WATERSKIS.LV","description":"Jobe Fragment Life Vest Women Denim Blue. These vests are designed with our perfect fit philosophy in mind and are available in plus sizes","robots":{"index":"index","follow":"follow","max-snippet":"max-snippet:-1","max-image-preview":"max-image-preview:large","max-video-preview":"max-video-preview:-1"},"canonical":"https:\/\/www.waterskis.lv\/en\/product\/jobe-fragment-life-vest-women-denim-blue\/","og_locale":"en_US","og_type":"article","og_title":"Jobe Fragment Life Vest Women Denim Blue - WATERSKIS.LV","og_description":"Jobe Fragment Life Vest Women Denim Blue. These vests are designed with our perfect fit philosophy in mind and are available in plus sizes","og_url":"https:\/\/www.waterskis.lv\/en\/product\/jobe-fragment-life-vest-women-denim-blue\/","og_site_name":"WATERSKIS.LV","article_publisher":"https:\/\/www.facebook.com\/jurmalawaterskiwakeboardpark\/","article_modified_time":"2026-02-07T07:23:02+00:00","og_image":[{"width":1500,"height":1500,"url":"https:\/\/www.waterskis.lv\/wp-content\/uploads\/2026\/01\/VesteDenimBlue.jpg","type":"image\/jpeg"}],"twitter_card":"summary_large_image","twitter_misc":{"Est. reading time":"2 minutes"},"schema":{"@context":"https:\/\/schema.org","@graph":[{"@type":"WebPage","@id":"https:\/\/www.waterskis.lv\/en\/product\/jobe-fragment-life-vest-women-denim-blue\/","url":"https:\/\/www.waterskis.lv\/en\/product\/jobe-fragment-life-vest-women-denim-blue\/","name":"Jobe Fragment Life Vest Women Denim Blue - WATERSKIS.LV","isPartOf":{"@id":"https:\/\/www.waterskis.lv\/en\/#website"},"primaryImageOfPage":{"@id":"https:\/\/www.waterskis.lv\/en\/product\/jobe-fragment-life-vest-women-denim-blue\/#primaryimage"},"image":{"@id":"https:\/\/www.waterskis.lv\/en\/product\/jobe-fragment-life-vest-women-denim-blue\/#primaryimage"},"thumbnailUrl":"https:\/\/www.waterskis.lv\/wp-content\/uploads\/2026\/01\/VesteDenimBlue.jpg","datePublished":"2026-01-10T13:12:08+00:00","dateModified":"2026-02-07T07:23:02+00:00","description":"Jobe Fragment Life Vest Women Denim Blue. These vests are designed with our perfect fit philosophy in mind and are available in plus sizes","breadcrumb":{"@id":"https:\/\/www.waterskis.lv\/en\/product\/jobe-fragment-life-vest-women-denim-blue\/#breadcrumb"},"inLanguage":"en-US","potentialAction":[{"@type":"ReadAction","target":["https:\/\/www.waterskis.lv\/en\/product\/jobe-fragment-life-vest-women-denim-blue\/"]}]},{"@type":"ImageObject","inLanguage":"en-US","@id":"https:\/\/www.waterskis.lv\/en\/product\/jobe-fragment-life-vest-women-denim-blue\/#primaryimage","url":"https:\/\/www.waterskis.lv\/wp-content\/uploads\/2026\/01\/VesteDenimBlue.jpg","contentUrl":"https:\/\/www.waterskis.lv\/wp-content\/uploads\/2026\/01\/VesteDenimBlue.jpg","width":1500,"height":1500,"caption":"Jobe Fragment Life Vest Women Denim Blue"},{"@type":"BreadcrumbList","@id":"https:\/\/www.waterskis.lv\/en\/product\/jobe-fragment-life-vest-women-denim-blue\/#breadcrumb","itemListElement":[{"@type":"ListItem","position":1,"name":"Home","item":"https:\/\/www.waterskis.lv\/en\/"},{"@type":"ListItem","position":2,"name":"Shop","item":"https:\/\/waterskis.lv\/en\/shop\/"},{"@type":"ListItem","position":3,"name":"Jobe Fragment Life Vest Women Denim Blue"}]},{"@type":"WebSite","@id":"https:\/\/www.waterskis.lv\/en\/#website","url":"https:\/\/www.waterskis.lv\/en\/","name":"WATERSKIS.LV","description":"SUP d\u0113\u013ci, kajaki, kanoe, airu laivas, \u016bdenssl\u0113po\u0161ana, veikbords, SUP d\u0113\u013cu noma, kajaku nomaakt\u012bv\u0101s atp\u016btas centrs, laivu noma, sup noma, kajaku noma","publisher":{"@id":"https:\/\/www.waterskis.lv\/en\/#organization"},"potentialAction":[{"@type":"SearchAction","target":{"@type":"EntryPoint","urlTemplate":"https:\/\/www.waterskis.lv\/en\/?s={search_term_string}"},"query-input":{"@type":"PropertyValueSpecification","valueRequired":true,"valueName":"search_term_string"}}],"inLanguage":"en-US"},{"@type":"Organization","@id":"https:\/\/www.waterskis.lv\/en\/#organization","name":"WATERSKIS.LV","url":"https:\/\/www.waterskis.lv\/en\/","logo":{"@type":"ImageObject","inLanguage":"en-US","@id":"https:\/\/www.waterskis.lv\/en\/#\/schema\/logo\/image\/","url":"https:\/\/www.waterskis.lv\/wp-content\/uploads\/2025\/01\/JUVP-logo.png","contentUrl":"https:\/\/www.waterskis.lv\/wp-content\/uploads\/2025\/01\/JUVP-logo.png","width":421,"height":202,"caption":"WATERSKIS.LV"},"image":{"@id":"https:\/\/www.waterskis.lv\/en\/#\/schema\/logo\/image\/"},"sameAs":["https:\/\/www.facebook.com\/jurmalawaterskiwakeboardpark\/"]}]}},"_links":{"self":[{"href":"https:\/\/www.waterskis.lv\/en\/wp-json\/wp\/v2\/product\/69838","targetHints":{"allow":["GET"]}}],"collection":[{"href":"https:\/\/www.waterskis.lv\/en\/wp-json\/wp\/v2\/product"}],"about":[{"href":"https:\/\/www.waterskis.lv\/en\/wp-json\/wp\/v2\/types\/product"}],"replies":[{"embeddable":true,"href":"https:\/\/www.waterskis.lv\/en\/wp-json\/wp\/v2\/comments?post=69838"}],"wp:featuredmedia":[{"embeddable":true,"href":"https:\/\/www.waterskis.lv\/en\/wp-json\/wp\/v2\/media\/69839"}],"wp:attachment":[{"href":"https:\/\/www.waterskis.lv\/en\/wp-json\/wp\/v2\/media?parent=69838"}],"wp:term":[{"taxonomy":"product_brand","embeddable":true,"href":"https:\/\/www.waterskis.lv\/en\/wp-json\/wp\/v2\/product_brand?post=69838"},{"taxonomy":"product_cat","embeddable":true,"href":"https:\/\/www.waterskis.lv\/en\/wp-json\/wp\/v2\/product_cat?post=69838"},{"taxonomy":"product_tag","embeddable":true,"href":"https:\/\/www.waterskis.lv\/en\/wp-json\/wp\/v2\/product_tag?post=69838"}],"curies":[{"name":"wp","href":"https:\/\/api.w.org\/{rel}","templated":true}]}}