{"id":69895,"date":"2026-01-11T10:55:26","date_gmt":"2026-01-11T08:55:26","guid":{"rendered":"https:\/\/www.waterskis.lv\/product\/jobe-comfort-boating-life-vest-yellow\/"},"modified":"2026-02-07T09:16:27","modified_gmt":"2026-02-07T07:16:27","slug":"jobe-comfort-boating-life-vest-yellow","status":"publish","type":"product","link":"https:\/\/www.waterskis.lv\/en\/product\/jobe-comfort-boating-life-vest-yellow\/","title":{"rendered":"Jobe Comfort Boating Life Vest Yellow"},"content":{"rendered":"<h1 class=\"productTitle s-hide\">Jobe Comfort Boating Life Vest Yellow<\/h1>\n<p class=\"productTitle s-hide\">Jobe Comfort Boating Life Vest Yellow<\/p>\n<div class=\"paragraph mt10 col-12\">\n<p><span class=\"s-hide\">Product ID\u00a0244823010<\/span><\/p>\n<p>10\/15kg<\/p>\n<p>15\/20kg<\/p>\n<p>20\/30kg<\/p>\n<p>30\/40kg<\/p>\n<p>40\/60kg<\/p>\n<p>60\/90kg<\/p>\n<p>90+kg<\/p>\n<div class=\"col-12 relative mt10\">\n<div><\/div>\n<\/div>\n<\/div>\n<div>\n<h2 class=\"title-3 fs25 mt20 mb20 boldTitleFont grey uppercase np\">Specifications<\/h2>\n<div class=\"col-12 paragraph\">This 100N Comfort Boating Life Vest Yellow offers the ultimate protection on the water. The outside is fully covered in lightweight nylon for durability, season after season. Moreover, this vest is ISO 12402 certified. Due to its reflective panels and non-clog whistle, this vest is perfect for a careless day on the water! This vest is equipped with collar and crotch straps. Three strong YKK buckles and adjustable webbing straps ensure excellent fitting.<\/div>\n<div class=\"col-12 mt30 mb20\">\n<div class=\"col-12 \">\n<div id=\"completeyourgear\" class=\"completGear completeGearSlide\">\n<h2 class=\"title-3 fs25 mt20 mb20 boldTitleFont uppercase\"><\/h2>\n<\/div>\n<\/div>\n<\/div>\n<div class=\"col-12 paragraph mt20\">\n<ul class=\"autoColumn checkListSmall blackCheck\">\n<li>100N ISO-certified (life jacket)<\/li>\n<li>Adjustable webbing strap: 1,5&#8243; | 3,8cm<\/li>\n<li>Adjustable webbing strap: 1&#8243; | 2,5cm<\/li>\n<li>Bright color &amp; reflecting panels for optimal visibility<\/li>\n<li>Crotch strap for optimal safety<\/li>\n<li>Lightweight EPE-foam<\/li>\n<li>Strong &amp; lightweight fabric<\/li>\n<li>Unisex fit<\/li>\n<li>Whistle in case of emergency<\/li>\n<\/ul>\n<\/div>\n<\/div>\n","protected":false},"excerpt":{"rendered":"<p>Jobe Comfort Boating Life Vest Yellow Jobe Comfort Boating Life Vest Yellow Product ID\u00a0244823010 10\/15kg 15\/20kg 20\/30kg 30\/40kg 40\/60kg 60\/90kg 90+kg Specifications This 100N Comfort Boating Life Vest Yellow offers the ultimate protection on the water. The outside is fully covered in lightweight nylon for durability, season after season. Moreover, this vest is ISO 12402 [&#8230;]<\/p>\n<p><a class=\"btn btn-secondary understrap-read-more-link\" href=\"https:\/\/www.waterskis.lv\/en\/product\/jobe-comfort-boating-life-vest-yellow\/\">Read More&#8230;<\/a><\/p>\n","protected":false},"featured_media":69896,"comment_status":"closed","ping_status":"closed","template":"","meta":{"_acf_changed":false,"inline_featured_image":false},"product_brand":[1330],"product_cat":[702],"product_tag":[1632,3616,1604,1584,3551,1613,1442,3617,3618,3619],"class_list":{"0":"post-69895","1":"product","2":"type-product","3":"status-publish","4":"has-post-thumbnail","6":"product_brand-jobe-watersports","7":"product_cat-life-jackets","8":"product_tag-buoyancy-aid","9":"product_tag-certified-life-jacket","10":"product_tag-glabsanas-veste","11":"product_tag-jobe-glabsanas-veste","12":"product_tag-jobe-watersports","13":"product_tag-life-jacket","14":"product_tag-peldveste","15":"product_tag-sertificeta-glabsanas-veste","16":"product_tag-3618","17":"product_tag-3619","19":"first","20":"instock","21":"shipping-taxable","22":"purchasable","23":"product-type-simple"},"acf":[],"yoast_head":"<!-- This site is optimized with the Yoast SEO plugin v27.3 - https:\/\/yoast.com\/product\/yoast-seo-wordpress\/ -->\n<title>Jobe Comfort Boating Life Vest Yellow - WATERSKIS.LV<\/title>\n<meta name=\"description\" content=\"Jobe Comfort Boating Life Vest Yellow 100N offers the ultimate protection on the water. The outside is fully covered in lightweight nylon for durability.\" \/>\n<meta name=\"robots\" content=\"index, follow, max-snippet:-1, max-image-preview:large, max-video-preview:-1\" \/>\n<link rel=\"canonical\" href=\"https:\/\/www.waterskis.lv\/en\/product\/jobe-comfort-boating-life-vest-yellow\/\" \/>\n<meta property=\"og:locale\" content=\"en_US\" \/>\n<meta property=\"og:type\" content=\"article\" \/>\n<meta property=\"og:title\" content=\"Jobe Comfort Boating Life Vest Yellow - WATERSKIS.LV\" \/>\n<meta property=\"og:description\" content=\"Jobe Comfort Boating Life Vest Yellow 100N offers the ultimate protection on the water. The outside is fully covered in lightweight nylon for durability.\" \/>\n<meta property=\"og:url\" content=\"https:\/\/www.waterskis.lv\/en\/product\/jobe-comfort-boating-life-vest-yellow\/\" \/>\n<meta property=\"og:site_name\" content=\"WATERSKIS.LV\" \/>\n<meta property=\"article:publisher\" content=\"https:\/\/www.facebook.com\/jurmalawaterskiwakeboardpark\/\" \/>\n<meta property=\"article:modified_time\" content=\"2026-02-07T07:16:27+00:00\" \/>\n<meta property=\"og:image\" content=\"https:\/\/www.waterskis.lv\/wp-content\/uploads\/2026\/01\/LifeVest.jpg\" \/>\n\t<meta property=\"og:image:width\" content=\"1500\" \/>\n\t<meta property=\"og:image:height\" content=\"1500\" \/>\n\t<meta property=\"og:image:type\" content=\"image\/jpeg\" \/>\n<meta name=\"twitter:card\" content=\"summary_large_image\" \/>\n<meta name=\"twitter:label1\" content=\"Est. reading time\" \/>\n\t<meta name=\"twitter:data1\" content=\"1 minute\" \/>\n<script type=\"application\/ld+json\" class=\"yoast-schema-graph\">{\"@context\":\"https:\\\/\\\/schema.org\",\"@graph\":[{\"@type\":\"WebPage\",\"@id\":\"https:\\\/\\\/www.waterskis.lv\\\/en\\\/product\\\/jobe-comfort-boating-life-vest-yellow\\\/\",\"url\":\"https:\\\/\\\/www.waterskis.lv\\\/en\\\/product\\\/jobe-comfort-boating-life-vest-yellow\\\/\",\"name\":\"Jobe Comfort Boating Life Vest Yellow - WATERSKIS.LV\",\"isPartOf\":{\"@id\":\"https:\\\/\\\/www.waterskis.lv\\\/en\\\/#website\"},\"primaryImageOfPage\":{\"@id\":\"https:\\\/\\\/www.waterskis.lv\\\/en\\\/product\\\/jobe-comfort-boating-life-vest-yellow\\\/#primaryimage\"},\"image\":{\"@id\":\"https:\\\/\\\/www.waterskis.lv\\\/en\\\/product\\\/jobe-comfort-boating-life-vest-yellow\\\/#primaryimage\"},\"thumbnailUrl\":\"https:\\\/\\\/www.waterskis.lv\\\/wp-content\\\/uploads\\\/2026\\\/01\\\/LifeVest.jpg\",\"datePublished\":\"2026-01-11T08:55:26+00:00\",\"dateModified\":\"2026-02-07T07:16:27+00:00\",\"description\":\"Jobe Comfort Boating Life Vest Yellow 100N offers the ultimate protection on the water. The outside is fully covered in lightweight nylon for durability.\",\"breadcrumb\":{\"@id\":\"https:\\\/\\\/www.waterskis.lv\\\/en\\\/product\\\/jobe-comfort-boating-life-vest-yellow\\\/#breadcrumb\"},\"inLanguage\":\"en-US\",\"potentialAction\":[{\"@type\":\"ReadAction\",\"target\":[\"https:\\\/\\\/www.waterskis.lv\\\/en\\\/product\\\/jobe-comfort-boating-life-vest-yellow\\\/\"]}]},{\"@type\":\"ImageObject\",\"inLanguage\":\"en-US\",\"@id\":\"https:\\\/\\\/www.waterskis.lv\\\/en\\\/product\\\/jobe-comfort-boating-life-vest-yellow\\\/#primaryimage\",\"url\":\"https:\\\/\\\/www.waterskis.lv\\\/wp-content\\\/uploads\\\/2026\\\/01\\\/LifeVest.jpg\",\"contentUrl\":\"https:\\\/\\\/www.waterskis.lv\\\/wp-content\\\/uploads\\\/2026\\\/01\\\/LifeVest.jpg\",\"width\":1500,\"height\":1500,\"caption\":\"Jobe Comfort Boating Life Vest Yellow\"},{\"@type\":\"BreadcrumbList\",\"@id\":\"https:\\\/\\\/www.waterskis.lv\\\/en\\\/product\\\/jobe-comfort-boating-life-vest-yellow\\\/#breadcrumb\",\"itemListElement\":[{\"@type\":\"ListItem\",\"position\":1,\"name\":\"Home\",\"item\":\"https:\\\/\\\/www.waterskis.lv\\\/en\\\/\"},{\"@type\":\"ListItem\",\"position\":2,\"name\":\"Shop\",\"item\":\"https:\\\/\\\/waterskis.lv\\\/en\\\/shop\\\/\"},{\"@type\":\"ListItem\",\"position\":3,\"name\":\"Jobe Comfort Boating Life Vest Yellow\"}]},{\"@type\":\"WebSite\",\"@id\":\"https:\\\/\\\/www.waterskis.lv\\\/en\\\/#website\",\"url\":\"https:\\\/\\\/www.waterskis.lv\\\/en\\\/\",\"name\":\"WATERSKIS.LV\",\"description\":\"SUP d\u0113\u013ci, kajaki, kanoe, airu laivas, \u016bdenssl\u0113po\u0161ana, veikbords, SUP d\u0113\u013cu noma, kajaku nomaakt\u012bv\u0101s atp\u016btas centrs, laivu noma, sup noma, kajaku noma\",\"publisher\":{\"@id\":\"https:\\\/\\\/www.waterskis.lv\\\/en\\\/#organization\"},\"potentialAction\":[{\"@type\":\"SearchAction\",\"target\":{\"@type\":\"EntryPoint\",\"urlTemplate\":\"https:\\\/\\\/www.waterskis.lv\\\/en\\\/?s={search_term_string}\"},\"query-input\":{\"@type\":\"PropertyValueSpecification\",\"valueRequired\":true,\"valueName\":\"search_term_string\"}}],\"inLanguage\":\"en-US\"},{\"@type\":\"Organization\",\"@id\":\"https:\\\/\\\/www.waterskis.lv\\\/en\\\/#organization\",\"name\":\"WATERSKIS.LV\",\"url\":\"https:\\\/\\\/www.waterskis.lv\\\/en\\\/\",\"logo\":{\"@type\":\"ImageObject\",\"inLanguage\":\"en-US\",\"@id\":\"https:\\\/\\\/www.waterskis.lv\\\/en\\\/#\\\/schema\\\/logo\\\/image\\\/\",\"url\":\"https:\\\/\\\/www.waterskis.lv\\\/wp-content\\\/uploads\\\/2025\\\/01\\\/JUVP-logo.png\",\"contentUrl\":\"https:\\\/\\\/www.waterskis.lv\\\/wp-content\\\/uploads\\\/2025\\\/01\\\/JUVP-logo.png\",\"width\":421,\"height\":202,\"caption\":\"WATERSKIS.LV\"},\"image\":{\"@id\":\"https:\\\/\\\/www.waterskis.lv\\\/en\\\/#\\\/schema\\\/logo\\\/image\\\/\"},\"sameAs\":[\"https:\\\/\\\/www.facebook.com\\\/jurmalawaterskiwakeboardpark\\\/\"]}]}<\/script>\n<!-- \/ Yoast SEO plugin. -->","yoast_head_json":{"title":"Jobe Comfort Boating Life Vest Yellow - WATERSKIS.LV","description":"Jobe Comfort Boating Life Vest Yellow 100N offers the ultimate protection on the water. The outside is fully covered in lightweight nylon for durability.","robots":{"index":"index","follow":"follow","max-snippet":"max-snippet:-1","max-image-preview":"max-image-preview:large","max-video-preview":"max-video-preview:-1"},"canonical":"https:\/\/www.waterskis.lv\/en\/product\/jobe-comfort-boating-life-vest-yellow\/","og_locale":"en_US","og_type":"article","og_title":"Jobe Comfort Boating Life Vest Yellow - WATERSKIS.LV","og_description":"Jobe Comfort Boating Life Vest Yellow 100N offers the ultimate protection on the water. The outside is fully covered in lightweight nylon for durability.","og_url":"https:\/\/www.waterskis.lv\/en\/product\/jobe-comfort-boating-life-vest-yellow\/","og_site_name":"WATERSKIS.LV","article_publisher":"https:\/\/www.facebook.com\/jurmalawaterskiwakeboardpark\/","article_modified_time":"2026-02-07T07:16:27+00:00","og_image":[{"width":1500,"height":1500,"url":"https:\/\/www.waterskis.lv\/wp-content\/uploads\/2026\/01\/LifeVest.jpg","type":"image\/jpeg"}],"twitter_card":"summary_large_image","twitter_misc":{"Est. reading time":"1 minute"},"schema":{"@context":"https:\/\/schema.org","@graph":[{"@type":"WebPage","@id":"https:\/\/www.waterskis.lv\/en\/product\/jobe-comfort-boating-life-vest-yellow\/","url":"https:\/\/www.waterskis.lv\/en\/product\/jobe-comfort-boating-life-vest-yellow\/","name":"Jobe Comfort Boating Life Vest Yellow - WATERSKIS.LV","isPartOf":{"@id":"https:\/\/www.waterskis.lv\/en\/#website"},"primaryImageOfPage":{"@id":"https:\/\/www.waterskis.lv\/en\/product\/jobe-comfort-boating-life-vest-yellow\/#primaryimage"},"image":{"@id":"https:\/\/www.waterskis.lv\/en\/product\/jobe-comfort-boating-life-vest-yellow\/#primaryimage"},"thumbnailUrl":"https:\/\/www.waterskis.lv\/wp-content\/uploads\/2026\/01\/LifeVest.jpg","datePublished":"2026-01-11T08:55:26+00:00","dateModified":"2026-02-07T07:16:27+00:00","description":"Jobe Comfort Boating Life Vest Yellow 100N offers the ultimate protection on the water. The outside is fully covered in lightweight nylon for durability.","breadcrumb":{"@id":"https:\/\/www.waterskis.lv\/en\/product\/jobe-comfort-boating-life-vest-yellow\/#breadcrumb"},"inLanguage":"en-US","potentialAction":[{"@type":"ReadAction","target":["https:\/\/www.waterskis.lv\/en\/product\/jobe-comfort-boating-life-vest-yellow\/"]}]},{"@type":"ImageObject","inLanguage":"en-US","@id":"https:\/\/www.waterskis.lv\/en\/product\/jobe-comfort-boating-life-vest-yellow\/#primaryimage","url":"https:\/\/www.waterskis.lv\/wp-content\/uploads\/2026\/01\/LifeVest.jpg","contentUrl":"https:\/\/www.waterskis.lv\/wp-content\/uploads\/2026\/01\/LifeVest.jpg","width":1500,"height":1500,"caption":"Jobe Comfort Boating Life Vest Yellow"},{"@type":"BreadcrumbList","@id":"https:\/\/www.waterskis.lv\/en\/product\/jobe-comfort-boating-life-vest-yellow\/#breadcrumb","itemListElement":[{"@type":"ListItem","position":1,"name":"Home","item":"https:\/\/www.waterskis.lv\/en\/"},{"@type":"ListItem","position":2,"name":"Shop","item":"https:\/\/waterskis.lv\/en\/shop\/"},{"@type":"ListItem","position":3,"name":"Jobe Comfort Boating Life Vest Yellow"}]},{"@type":"WebSite","@id":"https:\/\/www.waterskis.lv\/en\/#website","url":"https:\/\/www.waterskis.lv\/en\/","name":"WATERSKIS.LV","description":"SUP d\u0113\u013ci, kajaki, kanoe, airu laivas, \u016bdenssl\u0113po\u0161ana, veikbords, SUP d\u0113\u013cu noma, kajaku nomaakt\u012bv\u0101s atp\u016btas centrs, laivu noma, sup noma, kajaku noma","publisher":{"@id":"https:\/\/www.waterskis.lv\/en\/#organization"},"potentialAction":[{"@type":"SearchAction","target":{"@type":"EntryPoint","urlTemplate":"https:\/\/www.waterskis.lv\/en\/?s={search_term_string}"},"query-input":{"@type":"PropertyValueSpecification","valueRequired":true,"valueName":"search_term_string"}}],"inLanguage":"en-US"},{"@type":"Organization","@id":"https:\/\/www.waterskis.lv\/en\/#organization","name":"WATERSKIS.LV","url":"https:\/\/www.waterskis.lv\/en\/","logo":{"@type":"ImageObject","inLanguage":"en-US","@id":"https:\/\/www.waterskis.lv\/en\/#\/schema\/logo\/image\/","url":"https:\/\/www.waterskis.lv\/wp-content\/uploads\/2025\/01\/JUVP-logo.png","contentUrl":"https:\/\/www.waterskis.lv\/wp-content\/uploads\/2025\/01\/JUVP-logo.png","width":421,"height":202,"caption":"WATERSKIS.LV"},"image":{"@id":"https:\/\/www.waterskis.lv\/en\/#\/schema\/logo\/image\/"},"sameAs":["https:\/\/www.facebook.com\/jurmalawaterskiwakeboardpark\/"]}]}},"_links":{"self":[{"href":"https:\/\/www.waterskis.lv\/en\/wp-json\/wp\/v2\/product\/69895","targetHints":{"allow":["GET"]}}],"collection":[{"href":"https:\/\/www.waterskis.lv\/en\/wp-json\/wp\/v2\/product"}],"about":[{"href":"https:\/\/www.waterskis.lv\/en\/wp-json\/wp\/v2\/types\/product"}],"replies":[{"embeddable":true,"href":"https:\/\/www.waterskis.lv\/en\/wp-json\/wp\/v2\/comments?post=69895"}],"wp:featuredmedia":[{"embeddable":true,"href":"https:\/\/www.waterskis.lv\/en\/wp-json\/wp\/v2\/media\/69896"}],"wp:attachment":[{"href":"https:\/\/www.waterskis.lv\/en\/wp-json\/wp\/v2\/media?parent=69895"}],"wp:term":[{"taxonomy":"product_brand","embeddable":true,"href":"https:\/\/www.waterskis.lv\/en\/wp-json\/wp\/v2\/product_brand?post=69895"},{"taxonomy":"product_cat","embeddable":true,"href":"https:\/\/www.waterskis.lv\/en\/wp-json\/wp\/v2\/product_cat?post=69895"},{"taxonomy":"product_tag","embeddable":true,"href":"https:\/\/www.waterskis.lv\/en\/wp-json\/wp\/v2\/product_tag?post=69895"}],"curies":[{"name":"wp","href":"https:\/\/api.w.org\/{rel}","templated":true}]}}