{"id":69934,"date":"2026-01-11T14:09:28","date_gmt":"2026-01-11T12:09:28","guid":{"rendered":"https:\/\/www.waterskis.lv\/product\/jobe-atlanta-shorty-2mm-wetsuit-men-black\/"},"modified":"2026-02-07T16:51:20","modified_gmt":"2026-02-07T14:51:20","slug":"jobe-atlanta-shorty-2mm-wetsuit-men-black","status":"publish","type":"product","link":"https:\/\/www.waterskis.lv\/en\/product\/jobe-atlanta-shorty-2mm-wetsuit-men-black\/","title":{"rendered":"Jobe Atlanta Shorty 2mm Wetsuit Men Black"},"content":{"rendered":"<h1>Jobe Atlanta Shorty 2mm Wetsuit Men Black<\/h1>\n<p>Jobe Atlanta Shorty 2mm Wetsuit Men Black<\/p>\n<p>Code:\u00a0303620001<\/p>\n<p>Izm\u0113ri: S, M, L, XL, 2xL, 3XL<\/p>\n<p>With a good basic you&#8217;ll have endless options, our designers thought, when they designed the Atlanta Fullsuit 2mm. And a cute basic is good for your wallet. Mix-and-match our Atlanta Full suit with a matching vest or other accessories and nail the water sport goals of this season with a whole lot of awesomeness. The Atlanta has been designed with strengthening tape on the inside and a back zipper for fast entry. Experience our expertise with soft and flexible professionally stitched seams and strengthening tape on critical areas. Durable Atlanta will work with you, season after season.<\/p>\n<p>CE certified<br \/>\n&#8211; Regular stretch neoprene<br \/>\n&#8211; Durable flatlock seams<br \/>\n&#8211; Strengthening tape inside<br \/>\n&#8211; Back zipper for fast entry<\/p>\n","protected":false},"excerpt":{"rendered":"<p>&nbsp;<\/p>\n<p>CE certified<br \/>\n&#8211; Regular stretch neoprene<br \/>\n&#8211; Durable flatlock seams<br \/>\n&#8211; Strengthening tape inside<br \/>\n&#8211; Back zipper for fast entry [&#8230;]<\/p>\n<p><a class=\"btn btn-secondary understrap-read-more-link\" href=\"https:\/\/www.waterskis.lv\/en\/product\/jobe-atlanta-shorty-2mm-wetsuit-men-black\/\">Read More&#8230;<\/a><\/p>\n","protected":false},"featured_media":69935,"comment_status":"closed","ping_status":"closed","template":"","meta":{"_acf_changed":false,"inline_featured_image":false},"product_brand":[1330],"product_cat":[736,737],"product_tag":[1658,1659,1660,3695,3551,1661,1672,3688,3694],"class_list":{"0":"post-69934","1":"product","2":"type-product","3":"status-publish","4":"has-post-thumbnail","6":"product_brand-jobe-watersports","7":"product_cat-apparel-wetsuits","8":"product_cat-neoprene-apparel","9":"product_tag-hidroterps","10":"product_tag-isais-hidroterps","11":"product_tag-jobe-neoprena-hidroterps","12":"product_tag-jobe-neoprene-wetsuit","13":"product_tag-jobe-watersports","14":"product_tag-neoprena-hidroterps","15":"product_tag-neoprene-wetsuit","16":"product_tag-3688","17":"product_tag----jobe","19":"first","20":"instock","21":"shipping-taxable","22":"purchasable","23":"product-type-simple"},"acf":[],"yoast_head":"<!-- This site is optimized with the Yoast SEO plugin v27.3 - https:\/\/yoast.com\/product\/yoast-seo-wordpress\/ -->\n<title>Jobe Atlanta Shorty 2mm Wetsuit Men Black - WATERSKIS.LV<\/title>\n<meta name=\"description\" content=\"Jobe Atlanta Shorty 2mm Wetsuit Men Black. With a good basic you&#039;ll have endless options, our designers thought, when they designed the Atlanta Fullsuit 2mm\" \/>\n<meta name=\"robots\" content=\"index, follow, max-snippet:-1, max-image-preview:large, max-video-preview:-1\" \/>\n<link rel=\"canonical\" href=\"https:\/\/www.waterskis.lv\/en\/product\/jobe-atlanta-shorty-2mm-wetsuit-men-black\/\" \/>\n<meta property=\"og:locale\" content=\"en_US\" \/>\n<meta property=\"og:type\" content=\"article\" \/>\n<meta property=\"og:title\" content=\"Jobe Atlanta Shorty 2mm Wetsuit Men Black - WATERSKIS.LV\" \/>\n<meta property=\"og:description\" content=\"Jobe Atlanta Shorty 2mm Wetsuit Men Black. With a good basic you&#039;ll have endless options, our designers thought, when they designed the Atlanta Fullsuit 2mm\" \/>\n<meta property=\"og:url\" content=\"https:\/\/www.waterskis.lv\/en\/product\/jobe-atlanta-shorty-2mm-wetsuit-men-black\/\" \/>\n<meta property=\"og:site_name\" content=\"WATERSKIS.LV\" \/>\n<meta property=\"article:publisher\" content=\"https:\/\/www.facebook.com\/jurmalawaterskiwakeboardpark\/\" \/>\n<meta property=\"article:modified_time\" content=\"2026-02-07T14:51:20+00:00\" \/>\n<meta property=\"og:image\" content=\"https:\/\/www.waterskis.lv\/wp-content\/uploads\/2026\/01\/Atlanta.jpg\" \/>\n\t<meta property=\"og:image:width\" content=\"1500\" \/>\n\t<meta property=\"og:image:height\" content=\"1500\" \/>\n\t<meta property=\"og:image:type\" content=\"image\/jpeg\" \/>\n<meta name=\"twitter:card\" content=\"summary_large_image\" \/>\n<meta name=\"twitter:label1\" content=\"Est. reading time\" \/>\n\t<meta name=\"twitter:data1\" content=\"1 minute\" \/>\n<script type=\"application\/ld+json\" class=\"yoast-schema-graph\">{\"@context\":\"https:\\\/\\\/schema.org\",\"@graph\":[{\"@type\":\"WebPage\",\"@id\":\"https:\\\/\\\/www.waterskis.lv\\\/en\\\/product\\\/jobe-atlanta-shorty-2mm-wetsuit-men-black\\\/\",\"url\":\"https:\\\/\\\/www.waterskis.lv\\\/en\\\/product\\\/jobe-atlanta-shorty-2mm-wetsuit-men-black\\\/\",\"name\":\"Jobe Atlanta Shorty 2mm Wetsuit Men Black - WATERSKIS.LV\",\"isPartOf\":{\"@id\":\"https:\\\/\\\/www.waterskis.lv\\\/en\\\/#website\"},\"primaryImageOfPage\":{\"@id\":\"https:\\\/\\\/www.waterskis.lv\\\/en\\\/product\\\/jobe-atlanta-shorty-2mm-wetsuit-men-black\\\/#primaryimage\"},\"image\":{\"@id\":\"https:\\\/\\\/www.waterskis.lv\\\/en\\\/product\\\/jobe-atlanta-shorty-2mm-wetsuit-men-black\\\/#primaryimage\"},\"thumbnailUrl\":\"https:\\\/\\\/www.waterskis.lv\\\/wp-content\\\/uploads\\\/2026\\\/01\\\/Atlanta.jpg\",\"datePublished\":\"2026-01-11T12:09:28+00:00\",\"dateModified\":\"2026-02-07T14:51:20+00:00\",\"description\":\"Jobe Atlanta Shorty 2mm Wetsuit Men Black. With a good basic you'll have endless options, our designers thought, when they designed the Atlanta Fullsuit 2mm\",\"breadcrumb\":{\"@id\":\"https:\\\/\\\/www.waterskis.lv\\\/en\\\/product\\\/jobe-atlanta-shorty-2mm-wetsuit-men-black\\\/#breadcrumb\"},\"inLanguage\":\"en-US\",\"potentialAction\":[{\"@type\":\"ReadAction\",\"target\":[\"https:\\\/\\\/www.waterskis.lv\\\/en\\\/product\\\/jobe-atlanta-shorty-2mm-wetsuit-men-black\\\/\"]}]},{\"@type\":\"ImageObject\",\"inLanguage\":\"en-US\",\"@id\":\"https:\\\/\\\/www.waterskis.lv\\\/en\\\/product\\\/jobe-atlanta-shorty-2mm-wetsuit-men-black\\\/#primaryimage\",\"url\":\"https:\\\/\\\/www.waterskis.lv\\\/wp-content\\\/uploads\\\/2026\\\/01\\\/Atlanta.jpg\",\"contentUrl\":\"https:\\\/\\\/www.waterskis.lv\\\/wp-content\\\/uploads\\\/2026\\\/01\\\/Atlanta.jpg\",\"width\":1500,\"height\":1500,\"caption\":\"Jobe Atlanta Shorty 2mm Wetsuit Men Black\"},{\"@type\":\"BreadcrumbList\",\"@id\":\"https:\\\/\\\/www.waterskis.lv\\\/en\\\/product\\\/jobe-atlanta-shorty-2mm-wetsuit-men-black\\\/#breadcrumb\",\"itemListElement\":[{\"@type\":\"ListItem\",\"position\":1,\"name\":\"Home\",\"item\":\"https:\\\/\\\/www.waterskis.lv\\\/en\\\/\"},{\"@type\":\"ListItem\",\"position\":2,\"name\":\"Shop\",\"item\":\"https:\\\/\\\/waterskis.lv\\\/en\\\/shop\\\/\"},{\"@type\":\"ListItem\",\"position\":3,\"name\":\"Jobe Atlanta Shorty 2mm Wetsuit Men Black\"}]},{\"@type\":\"WebSite\",\"@id\":\"https:\\\/\\\/www.waterskis.lv\\\/en\\\/#website\",\"url\":\"https:\\\/\\\/www.waterskis.lv\\\/en\\\/\",\"name\":\"WATERSKIS.LV\",\"description\":\"SUP d\u0113\u013ci, kajaki, kanoe, airu laivas, \u016bdenssl\u0113po\u0161ana, veikbords, SUP d\u0113\u013cu noma, kajaku nomaakt\u012bv\u0101s atp\u016btas centrs, laivu noma, sup noma, kajaku noma\",\"publisher\":{\"@id\":\"https:\\\/\\\/www.waterskis.lv\\\/en\\\/#organization\"},\"potentialAction\":[{\"@type\":\"SearchAction\",\"target\":{\"@type\":\"EntryPoint\",\"urlTemplate\":\"https:\\\/\\\/www.waterskis.lv\\\/en\\\/?s={search_term_string}\"},\"query-input\":{\"@type\":\"PropertyValueSpecification\",\"valueRequired\":true,\"valueName\":\"search_term_string\"}}],\"inLanguage\":\"en-US\"},{\"@type\":\"Organization\",\"@id\":\"https:\\\/\\\/www.waterskis.lv\\\/en\\\/#organization\",\"name\":\"WATERSKIS.LV\",\"url\":\"https:\\\/\\\/www.waterskis.lv\\\/en\\\/\",\"logo\":{\"@type\":\"ImageObject\",\"inLanguage\":\"en-US\",\"@id\":\"https:\\\/\\\/www.waterskis.lv\\\/en\\\/#\\\/schema\\\/logo\\\/image\\\/\",\"url\":\"https:\\\/\\\/www.waterskis.lv\\\/wp-content\\\/uploads\\\/2025\\\/01\\\/JUVP-logo.png\",\"contentUrl\":\"https:\\\/\\\/www.waterskis.lv\\\/wp-content\\\/uploads\\\/2025\\\/01\\\/JUVP-logo.png\",\"width\":421,\"height\":202,\"caption\":\"WATERSKIS.LV\"},\"image\":{\"@id\":\"https:\\\/\\\/www.waterskis.lv\\\/en\\\/#\\\/schema\\\/logo\\\/image\\\/\"},\"sameAs\":[\"https:\\\/\\\/www.facebook.com\\\/jurmalawaterskiwakeboardpark\\\/\"]}]}<\/script>\n<!-- \/ Yoast SEO plugin. -->","yoast_head_json":{"title":"Jobe Atlanta Shorty 2mm Wetsuit Men Black - WATERSKIS.LV","description":"Jobe Atlanta Shorty 2mm Wetsuit Men Black. With a good basic you'll have endless options, our designers thought, when they designed the Atlanta Fullsuit 2mm","robots":{"index":"index","follow":"follow","max-snippet":"max-snippet:-1","max-image-preview":"max-image-preview:large","max-video-preview":"max-video-preview:-1"},"canonical":"https:\/\/www.waterskis.lv\/en\/product\/jobe-atlanta-shorty-2mm-wetsuit-men-black\/","og_locale":"en_US","og_type":"article","og_title":"Jobe Atlanta Shorty 2mm Wetsuit Men Black - WATERSKIS.LV","og_description":"Jobe Atlanta Shorty 2mm Wetsuit Men Black. With a good basic you'll have endless options, our designers thought, when they designed the Atlanta Fullsuit 2mm","og_url":"https:\/\/www.waterskis.lv\/en\/product\/jobe-atlanta-shorty-2mm-wetsuit-men-black\/","og_site_name":"WATERSKIS.LV","article_publisher":"https:\/\/www.facebook.com\/jurmalawaterskiwakeboardpark\/","article_modified_time":"2026-02-07T14:51:20+00:00","og_image":[{"width":1500,"height":1500,"url":"https:\/\/www.waterskis.lv\/wp-content\/uploads\/2026\/01\/Atlanta.jpg","type":"image\/jpeg"}],"twitter_card":"summary_large_image","twitter_misc":{"Est. reading time":"1 minute"},"schema":{"@context":"https:\/\/schema.org","@graph":[{"@type":"WebPage","@id":"https:\/\/www.waterskis.lv\/en\/product\/jobe-atlanta-shorty-2mm-wetsuit-men-black\/","url":"https:\/\/www.waterskis.lv\/en\/product\/jobe-atlanta-shorty-2mm-wetsuit-men-black\/","name":"Jobe Atlanta Shorty 2mm Wetsuit Men Black - WATERSKIS.LV","isPartOf":{"@id":"https:\/\/www.waterskis.lv\/en\/#website"},"primaryImageOfPage":{"@id":"https:\/\/www.waterskis.lv\/en\/product\/jobe-atlanta-shorty-2mm-wetsuit-men-black\/#primaryimage"},"image":{"@id":"https:\/\/www.waterskis.lv\/en\/product\/jobe-atlanta-shorty-2mm-wetsuit-men-black\/#primaryimage"},"thumbnailUrl":"https:\/\/www.waterskis.lv\/wp-content\/uploads\/2026\/01\/Atlanta.jpg","datePublished":"2026-01-11T12:09:28+00:00","dateModified":"2026-02-07T14:51:20+00:00","description":"Jobe Atlanta Shorty 2mm Wetsuit Men Black. With a good basic you'll have endless options, our designers thought, when they designed the Atlanta Fullsuit 2mm","breadcrumb":{"@id":"https:\/\/www.waterskis.lv\/en\/product\/jobe-atlanta-shorty-2mm-wetsuit-men-black\/#breadcrumb"},"inLanguage":"en-US","potentialAction":[{"@type":"ReadAction","target":["https:\/\/www.waterskis.lv\/en\/product\/jobe-atlanta-shorty-2mm-wetsuit-men-black\/"]}]},{"@type":"ImageObject","inLanguage":"en-US","@id":"https:\/\/www.waterskis.lv\/en\/product\/jobe-atlanta-shorty-2mm-wetsuit-men-black\/#primaryimage","url":"https:\/\/www.waterskis.lv\/wp-content\/uploads\/2026\/01\/Atlanta.jpg","contentUrl":"https:\/\/www.waterskis.lv\/wp-content\/uploads\/2026\/01\/Atlanta.jpg","width":1500,"height":1500,"caption":"Jobe Atlanta Shorty 2mm Wetsuit Men Black"},{"@type":"BreadcrumbList","@id":"https:\/\/www.waterskis.lv\/en\/product\/jobe-atlanta-shorty-2mm-wetsuit-men-black\/#breadcrumb","itemListElement":[{"@type":"ListItem","position":1,"name":"Home","item":"https:\/\/www.waterskis.lv\/en\/"},{"@type":"ListItem","position":2,"name":"Shop","item":"https:\/\/waterskis.lv\/en\/shop\/"},{"@type":"ListItem","position":3,"name":"Jobe Atlanta Shorty 2mm Wetsuit Men Black"}]},{"@type":"WebSite","@id":"https:\/\/www.waterskis.lv\/en\/#website","url":"https:\/\/www.waterskis.lv\/en\/","name":"WATERSKIS.LV","description":"SUP d\u0113\u013ci, kajaki, kanoe, airu laivas, \u016bdenssl\u0113po\u0161ana, veikbords, SUP d\u0113\u013cu noma, kajaku nomaakt\u012bv\u0101s atp\u016btas centrs, laivu noma, sup noma, kajaku noma","publisher":{"@id":"https:\/\/www.waterskis.lv\/en\/#organization"},"potentialAction":[{"@type":"SearchAction","target":{"@type":"EntryPoint","urlTemplate":"https:\/\/www.waterskis.lv\/en\/?s={search_term_string}"},"query-input":{"@type":"PropertyValueSpecification","valueRequired":true,"valueName":"search_term_string"}}],"inLanguage":"en-US"},{"@type":"Organization","@id":"https:\/\/www.waterskis.lv\/en\/#organization","name":"WATERSKIS.LV","url":"https:\/\/www.waterskis.lv\/en\/","logo":{"@type":"ImageObject","inLanguage":"en-US","@id":"https:\/\/www.waterskis.lv\/en\/#\/schema\/logo\/image\/","url":"https:\/\/www.waterskis.lv\/wp-content\/uploads\/2025\/01\/JUVP-logo.png","contentUrl":"https:\/\/www.waterskis.lv\/wp-content\/uploads\/2025\/01\/JUVP-logo.png","width":421,"height":202,"caption":"WATERSKIS.LV"},"image":{"@id":"https:\/\/www.waterskis.lv\/en\/#\/schema\/logo\/image\/"},"sameAs":["https:\/\/www.facebook.com\/jurmalawaterskiwakeboardpark\/"]}]}},"_links":{"self":[{"href":"https:\/\/www.waterskis.lv\/en\/wp-json\/wp\/v2\/product\/69934","targetHints":{"allow":["GET"]}}],"collection":[{"href":"https:\/\/www.waterskis.lv\/en\/wp-json\/wp\/v2\/product"}],"about":[{"href":"https:\/\/www.waterskis.lv\/en\/wp-json\/wp\/v2\/types\/product"}],"replies":[{"embeddable":true,"href":"https:\/\/www.waterskis.lv\/en\/wp-json\/wp\/v2\/comments?post=69934"}],"wp:featuredmedia":[{"embeddable":true,"href":"https:\/\/www.waterskis.lv\/en\/wp-json\/wp\/v2\/media\/69935"}],"wp:attachment":[{"href":"https:\/\/www.waterskis.lv\/en\/wp-json\/wp\/v2\/media?parent=69934"}],"wp:term":[{"taxonomy":"product_brand","embeddable":true,"href":"https:\/\/www.waterskis.lv\/en\/wp-json\/wp\/v2\/product_brand?post=69934"},{"taxonomy":"product_cat","embeddable":true,"href":"https:\/\/www.waterskis.lv\/en\/wp-json\/wp\/v2\/product_cat?post=69934"},{"taxonomy":"product_tag","embeddable":true,"href":"https:\/\/www.waterskis.lv\/en\/wp-json\/wp\/v2\/product_tag?post=69934"}],"curies":[{"name":"wp","href":"https:\/\/api.w.org\/{rel}","templated":true}]}}