{"id":69943,"date":"2026-01-11T14:45:27","date_gmt":"2026-01-11T12:45:27","guid":{"rendered":"https:\/\/www.waterskis.lv\/product\/jobe-atlanta-2mm-wetsuit-men-black\/"},"modified":"2026-02-07T16:50:05","modified_gmt":"2026-02-07T14:50:05","slug":"jobe-atlanta-2mm-wetsuit-men-black","status":"publish","type":"product","link":"https:\/\/www.waterskis.lv\/en\/product\/jobe-atlanta-2mm-wetsuit-men-black\/","title":{"rendered":"Jobe Atlanta 2mm Wetsuit Men Black"},"content":{"rendered":"<h1>Jobe Atlanta 2mm Wetsuit Men Black<\/h1>\n<p>Jobe Atlanta 2mm Wetsuit Men Black<\/p>\n<p>Code:\u00a0<b class=\"product-code user-select-all\">303520001<\/b><\/p>\n<p>Most people, almost never doing water sports, do not pull full hydro equipment. To protect yourself from the cold in the water and reduce the risk of seizures, this should be observed! Jobe quality wetsuit is made with 2 mm elastic neoprene, thus keeping the body warm even in difficult weather conditions. Innovative glued and hidden seams prevent water from entering under the suit to guarantee a unique warm, dry and comfortable feeling. However, the long zipper with a closure allows you to quickly enter the wetsuit without requiring the help of other people. Extend your water fun season, starting in early spring and ending in late fall!<\/p>\n<p>Characteristics:<\/p>\n<p>Men&#8217;s long wetsuit,<br \/>\nNeoprene thickness: 2mm,<br \/>\nDurable flat seams,<br \/>\nVertical back zip with lock,<br \/>\nSeams taped in strategic locations,<br \/>\nReinforced knee pads for comfort and protection,<br \/>\nSuitable for temperatures below 20 \u00b0 C,<br \/>\nJobe branded logos,<br \/>\nRecommended water temperature: 18-22 \u00b0 C,<br \/>\nBody: 90% Neoprene, 10% Polyester.<\/p>\n<p>&nbsp;<\/p>\n<p><strong>The wetsuit is selected according to the parameters:<\/strong><\/p>\n<div class=\"table-responsive\">\n<table border=\"1\" cellspacing=\"0\" cellpadding=\"0\">\n<tbody>\n<tr>\n<td><strong>Size<\/strong><\/td>\n<td><strong>Chest circumference (cm)<\/strong><\/td>\n<td><strong>Waist circumference (cm)<\/strong><\/td>\n<td><strong>Hips (cm)<\/strong><\/td>\n<td><strong>Length (cm)<\/strong><\/td>\n<\/tr>\n<tr>\n<td><strong>S<\/strong><\/td>\n<td>94-98<\/td>\n<td>84-88<\/td>\n<td>94-98<\/td>\n<td>175-181<\/td>\n<\/tr>\n<tr>\n<td><strong>M<\/strong><\/td>\n<td>98-102<\/td>\n<td>88-92<\/td>\n<td>98-102<\/td>\n<td>177-183<\/td>\n<\/tr>\n<tr>\n<td><strong>L<\/strong><\/td>\n<td>102-106<\/td>\n<td>92-96<\/td>\n<td>102-106<\/td>\n<td>179-185<\/td>\n<\/tr>\n<tr>\n<td><strong>XL<\/strong><\/td>\n<td>106-110<\/td>\n<td>96-100<\/td>\n<td>106-110<\/td>\n<td>181-187<\/td>\n<\/tr>\n<tr>\n<td><strong>2XL<\/strong><\/td>\n<td>111-117<\/td>\n<td>101-107<\/td>\n<td>111-117<\/td>\n<td>183-189<\/td>\n<\/tr>\n<tr>\n<td><strong>3XL<\/strong><\/td>\n<td>117-123<\/td>\n<td>107-113<\/td>\n<td>117-123<\/td>\n<td>185-191<\/td>\n<\/tr>\n<\/tbody>\n<\/table>\n<\/div>\n<p>&nbsp;<\/p>\n<p><img decoding=\"async\" src=\"https:\/\/images.morex.lv\/products_original\/gmEIJekvdCo2pYq3XkfA.jpg?_gl=1*1tqwnlx*_gcl_au*MTA3NTgwMDk5MS4xNzY0NjAxNzI1\" \/><\/p>\n","protected":false},"excerpt":{"rendered":"<p>Jobe Atlanta 2mm Wetsuit Men Black Jobe Atlanta 2mm Wetsuit Men Black Code:\u00a0303520001 Most people, almost never doing water sports, do not pull full hydro equipment. To protect yourself from the cold in the water and reduce the risk of seizures, this should be observed! Jobe quality wetsuit is made with 2 mm elastic neoprene, [&#8230;]<\/p>\n<p><a class=\"btn btn-secondary understrap-read-more-link\" href=\"https:\/\/www.waterskis.lv\/en\/product\/jobe-atlanta-2mm-wetsuit-men-black\/\">Read More&#8230;<\/a><\/p>\n","protected":false},"featured_media":69944,"comment_status":"closed","ping_status":"closed","template":"","meta":{"_acf_changed":false,"inline_featured_image":false},"product_brand":[1330],"product_cat":[736,737],"product_tag":[1660,3695,3551,1661,1672,3688,3694],"class_list":{"0":"post-69943","1":"product","2":"type-product","3":"status-publish","4":"has-post-thumbnail","6":"product_brand-jobe-watersports","7":"product_cat-apparel-wetsuits","8":"product_cat-neoprene-apparel","9":"product_tag-jobe-neoprena-hidroterps","10":"product_tag-jobe-neoprene-wetsuit","11":"product_tag-jobe-watersports","12":"product_tag-neoprena-hidroterps","13":"product_tag-neoprene-wetsuit","14":"product_tag-3688","15":"product_tag----jobe","17":"first","18":"instock","19":"shipping-taxable","20":"purchasable","21":"product-type-simple"},"acf":[],"yoast_head":"<!-- This site is optimized with the Yoast SEO plugin v27.3 - https:\/\/yoast.com\/product\/yoast-seo-wordpress\/ -->\n<title>Jobe Atlanta 2mm Wetsuit Men Black - WATERSKIS.LV<\/title>\n<meta name=\"description\" content=\"Jobe Atlanta 2mm Wetsuit Men Black quality wetsuit is made with 2 mm elastic neoprene, thus keeping the body warm even in difficult weather conditions.\" \/>\n<meta name=\"robots\" content=\"index, follow, max-snippet:-1, max-image-preview:large, max-video-preview:-1\" \/>\n<link rel=\"canonical\" href=\"https:\/\/www.waterskis.lv\/en\/product\/jobe-atlanta-2mm-wetsuit-men-black\/\" \/>\n<meta property=\"og:locale\" content=\"en_US\" \/>\n<meta property=\"og:type\" content=\"article\" \/>\n<meta property=\"og:title\" content=\"Jobe Atlanta 2mm Wetsuit Men Black - WATERSKIS.LV\" \/>\n<meta property=\"og:description\" content=\"Jobe Atlanta 2mm Wetsuit Men Black quality wetsuit is made with 2 mm elastic neoprene, thus keeping the body warm even in difficult weather conditions.\" \/>\n<meta property=\"og:url\" content=\"https:\/\/www.waterskis.lv\/en\/product\/jobe-atlanta-2mm-wetsuit-men-black\/\" \/>\n<meta property=\"og:site_name\" content=\"WATERSKIS.LV\" \/>\n<meta property=\"article:publisher\" content=\"https:\/\/www.facebook.com\/jurmalawaterskiwakeboardpark\/\" \/>\n<meta property=\"article:modified_time\" content=\"2026-02-07T14:50:05+00:00\" \/>\n<meta property=\"og:image\" content=\"https:\/\/www.waterskis.lv\/wp-content\/uploads\/2026\/01\/Altantafull.jpg\" \/>\n\t<meta property=\"og:image:width\" content=\"1500\" \/>\n\t<meta property=\"og:image:height\" content=\"1500\" \/>\n\t<meta property=\"og:image:type\" content=\"image\/jpeg\" \/>\n<meta name=\"twitter:card\" content=\"summary_large_image\" \/>\n<meta name=\"twitter:label1\" content=\"Est. reading time\" \/>\n\t<meta name=\"twitter:data1\" content=\"2 minutes\" \/>\n<script type=\"application\/ld+json\" class=\"yoast-schema-graph\">{\"@context\":\"https:\\\/\\\/schema.org\",\"@graph\":[{\"@type\":\"WebPage\",\"@id\":\"https:\\\/\\\/www.waterskis.lv\\\/en\\\/product\\\/jobe-atlanta-2mm-wetsuit-men-black\\\/\",\"url\":\"https:\\\/\\\/www.waterskis.lv\\\/en\\\/product\\\/jobe-atlanta-2mm-wetsuit-men-black\\\/\",\"name\":\"Jobe Atlanta 2mm Wetsuit Men Black - WATERSKIS.LV\",\"isPartOf\":{\"@id\":\"https:\\\/\\\/www.waterskis.lv\\\/en\\\/#website\"},\"primaryImageOfPage\":{\"@id\":\"https:\\\/\\\/www.waterskis.lv\\\/en\\\/product\\\/jobe-atlanta-2mm-wetsuit-men-black\\\/#primaryimage\"},\"image\":{\"@id\":\"https:\\\/\\\/www.waterskis.lv\\\/en\\\/product\\\/jobe-atlanta-2mm-wetsuit-men-black\\\/#primaryimage\"},\"thumbnailUrl\":\"https:\\\/\\\/www.waterskis.lv\\\/wp-content\\\/uploads\\\/2026\\\/01\\\/Altantafull.jpg\",\"datePublished\":\"2026-01-11T12:45:27+00:00\",\"dateModified\":\"2026-02-07T14:50:05+00:00\",\"description\":\"Jobe Atlanta 2mm Wetsuit Men Black quality wetsuit is made with 2 mm elastic neoprene, thus keeping the body warm even in difficult weather conditions.\",\"breadcrumb\":{\"@id\":\"https:\\\/\\\/www.waterskis.lv\\\/en\\\/product\\\/jobe-atlanta-2mm-wetsuit-men-black\\\/#breadcrumb\"},\"inLanguage\":\"en-US\",\"potentialAction\":[{\"@type\":\"ReadAction\",\"target\":[\"https:\\\/\\\/www.waterskis.lv\\\/en\\\/product\\\/jobe-atlanta-2mm-wetsuit-men-black\\\/\"]}]},{\"@type\":\"ImageObject\",\"inLanguage\":\"en-US\",\"@id\":\"https:\\\/\\\/www.waterskis.lv\\\/en\\\/product\\\/jobe-atlanta-2mm-wetsuit-men-black\\\/#primaryimage\",\"url\":\"https:\\\/\\\/www.waterskis.lv\\\/wp-content\\\/uploads\\\/2026\\\/01\\\/Altantafull.jpg\",\"contentUrl\":\"https:\\\/\\\/www.waterskis.lv\\\/wp-content\\\/uploads\\\/2026\\\/01\\\/Altantafull.jpg\",\"width\":1500,\"height\":1500,\"caption\":\"Jobe Atlanta 2mm Wetsuit Men Black\"},{\"@type\":\"BreadcrumbList\",\"@id\":\"https:\\\/\\\/www.waterskis.lv\\\/en\\\/product\\\/jobe-atlanta-2mm-wetsuit-men-black\\\/#breadcrumb\",\"itemListElement\":[{\"@type\":\"ListItem\",\"position\":1,\"name\":\"Home\",\"item\":\"https:\\\/\\\/www.waterskis.lv\\\/en\\\/\"},{\"@type\":\"ListItem\",\"position\":2,\"name\":\"Shop\",\"item\":\"https:\\\/\\\/waterskis.lv\\\/en\\\/shop\\\/\"},{\"@type\":\"ListItem\",\"position\":3,\"name\":\"Jobe Atlanta 2mm Wetsuit Men Black\"}]},{\"@type\":\"WebSite\",\"@id\":\"https:\\\/\\\/www.waterskis.lv\\\/en\\\/#website\",\"url\":\"https:\\\/\\\/www.waterskis.lv\\\/en\\\/\",\"name\":\"WATERSKIS.LV\",\"description\":\"SUP d\u0113\u013ci, kajaki, kanoe, airu laivas, \u016bdenssl\u0113po\u0161ana, veikbords, SUP d\u0113\u013cu noma, kajaku nomaakt\u012bv\u0101s atp\u016btas centrs, laivu noma, sup noma, kajaku noma\",\"publisher\":{\"@id\":\"https:\\\/\\\/www.waterskis.lv\\\/en\\\/#organization\"},\"potentialAction\":[{\"@type\":\"SearchAction\",\"target\":{\"@type\":\"EntryPoint\",\"urlTemplate\":\"https:\\\/\\\/www.waterskis.lv\\\/en\\\/?s={search_term_string}\"},\"query-input\":{\"@type\":\"PropertyValueSpecification\",\"valueRequired\":true,\"valueName\":\"search_term_string\"}}],\"inLanguage\":\"en-US\"},{\"@type\":\"Organization\",\"@id\":\"https:\\\/\\\/www.waterskis.lv\\\/en\\\/#organization\",\"name\":\"WATERSKIS.LV\",\"url\":\"https:\\\/\\\/www.waterskis.lv\\\/en\\\/\",\"logo\":{\"@type\":\"ImageObject\",\"inLanguage\":\"en-US\",\"@id\":\"https:\\\/\\\/www.waterskis.lv\\\/en\\\/#\\\/schema\\\/logo\\\/image\\\/\",\"url\":\"https:\\\/\\\/www.waterskis.lv\\\/wp-content\\\/uploads\\\/2025\\\/01\\\/JUVP-logo.png\",\"contentUrl\":\"https:\\\/\\\/www.waterskis.lv\\\/wp-content\\\/uploads\\\/2025\\\/01\\\/JUVP-logo.png\",\"width\":421,\"height\":202,\"caption\":\"WATERSKIS.LV\"},\"image\":{\"@id\":\"https:\\\/\\\/www.waterskis.lv\\\/en\\\/#\\\/schema\\\/logo\\\/image\\\/\"},\"sameAs\":[\"https:\\\/\\\/www.facebook.com\\\/jurmalawaterskiwakeboardpark\\\/\"]}]}<\/script>\n<!-- \/ Yoast SEO plugin. -->","yoast_head_json":{"title":"Jobe Atlanta 2mm Wetsuit Men Black - WATERSKIS.LV","description":"Jobe Atlanta 2mm Wetsuit Men Black quality wetsuit is made with 2 mm elastic neoprene, thus keeping the body warm even in difficult weather conditions.","robots":{"index":"index","follow":"follow","max-snippet":"max-snippet:-1","max-image-preview":"max-image-preview:large","max-video-preview":"max-video-preview:-1"},"canonical":"https:\/\/www.waterskis.lv\/en\/product\/jobe-atlanta-2mm-wetsuit-men-black\/","og_locale":"en_US","og_type":"article","og_title":"Jobe Atlanta 2mm Wetsuit Men Black - WATERSKIS.LV","og_description":"Jobe Atlanta 2mm Wetsuit Men Black quality wetsuit is made with 2 mm elastic neoprene, thus keeping the body warm even in difficult weather conditions.","og_url":"https:\/\/www.waterskis.lv\/en\/product\/jobe-atlanta-2mm-wetsuit-men-black\/","og_site_name":"WATERSKIS.LV","article_publisher":"https:\/\/www.facebook.com\/jurmalawaterskiwakeboardpark\/","article_modified_time":"2026-02-07T14:50:05+00:00","og_image":[{"width":1500,"height":1500,"url":"https:\/\/www.waterskis.lv\/wp-content\/uploads\/2026\/01\/Altantafull.jpg","type":"image\/jpeg"}],"twitter_card":"summary_large_image","twitter_misc":{"Est. reading time":"2 minutes"},"schema":{"@context":"https:\/\/schema.org","@graph":[{"@type":"WebPage","@id":"https:\/\/www.waterskis.lv\/en\/product\/jobe-atlanta-2mm-wetsuit-men-black\/","url":"https:\/\/www.waterskis.lv\/en\/product\/jobe-atlanta-2mm-wetsuit-men-black\/","name":"Jobe Atlanta 2mm Wetsuit Men Black - WATERSKIS.LV","isPartOf":{"@id":"https:\/\/www.waterskis.lv\/en\/#website"},"primaryImageOfPage":{"@id":"https:\/\/www.waterskis.lv\/en\/product\/jobe-atlanta-2mm-wetsuit-men-black\/#primaryimage"},"image":{"@id":"https:\/\/www.waterskis.lv\/en\/product\/jobe-atlanta-2mm-wetsuit-men-black\/#primaryimage"},"thumbnailUrl":"https:\/\/www.waterskis.lv\/wp-content\/uploads\/2026\/01\/Altantafull.jpg","datePublished":"2026-01-11T12:45:27+00:00","dateModified":"2026-02-07T14:50:05+00:00","description":"Jobe Atlanta 2mm Wetsuit Men Black quality wetsuit is made with 2 mm elastic neoprene, thus keeping the body warm even in difficult weather conditions.","breadcrumb":{"@id":"https:\/\/www.waterskis.lv\/en\/product\/jobe-atlanta-2mm-wetsuit-men-black\/#breadcrumb"},"inLanguage":"en-US","potentialAction":[{"@type":"ReadAction","target":["https:\/\/www.waterskis.lv\/en\/product\/jobe-atlanta-2mm-wetsuit-men-black\/"]}]},{"@type":"ImageObject","inLanguage":"en-US","@id":"https:\/\/www.waterskis.lv\/en\/product\/jobe-atlanta-2mm-wetsuit-men-black\/#primaryimage","url":"https:\/\/www.waterskis.lv\/wp-content\/uploads\/2026\/01\/Altantafull.jpg","contentUrl":"https:\/\/www.waterskis.lv\/wp-content\/uploads\/2026\/01\/Altantafull.jpg","width":1500,"height":1500,"caption":"Jobe Atlanta 2mm Wetsuit Men Black"},{"@type":"BreadcrumbList","@id":"https:\/\/www.waterskis.lv\/en\/product\/jobe-atlanta-2mm-wetsuit-men-black\/#breadcrumb","itemListElement":[{"@type":"ListItem","position":1,"name":"Home","item":"https:\/\/www.waterskis.lv\/en\/"},{"@type":"ListItem","position":2,"name":"Shop","item":"https:\/\/waterskis.lv\/en\/shop\/"},{"@type":"ListItem","position":3,"name":"Jobe Atlanta 2mm Wetsuit Men Black"}]},{"@type":"WebSite","@id":"https:\/\/www.waterskis.lv\/en\/#website","url":"https:\/\/www.waterskis.lv\/en\/","name":"WATERSKIS.LV","description":"SUP d\u0113\u013ci, kajaki, kanoe, airu laivas, \u016bdenssl\u0113po\u0161ana, veikbords, SUP d\u0113\u013cu noma, kajaku nomaakt\u012bv\u0101s atp\u016btas centrs, laivu noma, sup noma, kajaku noma","publisher":{"@id":"https:\/\/www.waterskis.lv\/en\/#organization"},"potentialAction":[{"@type":"SearchAction","target":{"@type":"EntryPoint","urlTemplate":"https:\/\/www.waterskis.lv\/en\/?s={search_term_string}"},"query-input":{"@type":"PropertyValueSpecification","valueRequired":true,"valueName":"search_term_string"}}],"inLanguage":"en-US"},{"@type":"Organization","@id":"https:\/\/www.waterskis.lv\/en\/#organization","name":"WATERSKIS.LV","url":"https:\/\/www.waterskis.lv\/en\/","logo":{"@type":"ImageObject","inLanguage":"en-US","@id":"https:\/\/www.waterskis.lv\/en\/#\/schema\/logo\/image\/","url":"https:\/\/www.waterskis.lv\/wp-content\/uploads\/2025\/01\/JUVP-logo.png","contentUrl":"https:\/\/www.waterskis.lv\/wp-content\/uploads\/2025\/01\/JUVP-logo.png","width":421,"height":202,"caption":"WATERSKIS.LV"},"image":{"@id":"https:\/\/www.waterskis.lv\/en\/#\/schema\/logo\/image\/"},"sameAs":["https:\/\/www.facebook.com\/jurmalawaterskiwakeboardpark\/"]}]}},"_links":{"self":[{"href":"https:\/\/www.waterskis.lv\/en\/wp-json\/wp\/v2\/product\/69943","targetHints":{"allow":["GET"]}}],"collection":[{"href":"https:\/\/www.waterskis.lv\/en\/wp-json\/wp\/v2\/product"}],"about":[{"href":"https:\/\/www.waterskis.lv\/en\/wp-json\/wp\/v2\/types\/product"}],"replies":[{"embeddable":true,"href":"https:\/\/www.waterskis.lv\/en\/wp-json\/wp\/v2\/comments?post=69943"}],"wp:featuredmedia":[{"embeddable":true,"href":"https:\/\/www.waterskis.lv\/en\/wp-json\/wp\/v2\/media\/69944"}],"wp:attachment":[{"href":"https:\/\/www.waterskis.lv\/en\/wp-json\/wp\/v2\/media?parent=69943"}],"wp:term":[{"taxonomy":"product_brand","embeddable":true,"href":"https:\/\/www.waterskis.lv\/en\/wp-json\/wp\/v2\/product_brand?post=69943"},{"taxonomy":"product_cat","embeddable":true,"href":"https:\/\/www.waterskis.lv\/en\/wp-json\/wp\/v2\/product_cat?post=69943"},{"taxonomy":"product_tag","embeddable":true,"href":"https:\/\/www.waterskis.lv\/en\/wp-json\/wp\/v2\/product_tag?post=69943"}],"curies":[{"name":"wp","href":"https:\/\/api.w.org\/{rel}","templated":true}]}}