{"id":70114,"date":"2026-01-13T08:45:12","date_gmt":"2026-01-13T06:45:12","guid":{"rendered":"https:\/\/www.waterskis.lv\/product\/jobe-sofia-3-2mm-shorty-wetsuit-women-midnight-blue-size-s\/"},"modified":"2026-02-07T16:36:34","modified_gmt":"2026-02-07T14:36:34","slug":"jobe-sofia-3-2mm-shorty-wetsuit-women-midnight-blue-size-s","status":"publish","type":"product","link":"https:\/\/www.waterskis.lv\/en\/product\/jobe-sofia-3-2mm-shorty-wetsuit-women-midnight-blue-size-s\/","title":{"rendered":"Jobe Sofia 3\/2mm Shorty Wetsuit Women Midnight Blue Size S"},"content":{"rendered":"<h1 class=\"productTitle s-hide\">Jobe Sofia 3\/2mm Shorty Wetsuit Women Midnight Blue Size S<\/h1>\n<p class=\"productTitle s-hide\">Jobe Sofia 3\/2mm Shorty Wetsuit Women Midnight Blue Size S<\/p>\n<div class=\"paragraph mt10 col-12\"><span class=\"s-hide\">Product ID\u00a0303622001<\/span><\/div>\n<div><\/div>\n<div>\n<h2 class=\"title-3 fs25 mt20 mb20 boldTitleFont grey uppercase np\">Specifications<\/h2>\n<div class=\"col-12 paragraph\">Our Sofia Shorty has been designed with comfy full stretch neoprene to provide her user with all the freedom of movement necessary. Next to the fact that Sofia has a feminine cut and its eye-catching print make you look great, it makes you feel even greater due to extra effort coming with a comfortable stitch construction. The added ultra-resistant and ultra-high endurance kneepads protect against abrasion.<\/div>\n<div><\/div>\n<div class=\"col-12 mt30 mb20\">\n<div class=\"col-12 \"><\/div>\n<\/div>\n<div class=\"col-12 paragraph mt20\">\n<ul class=\"autoColumn checkListSmall blackCheck\">\n<li><a href=\"https:\/\/www.jobesports.com\/en\/newsflash\/the-benefits-of-limestone-neoprene-2872\/\" target=\"_blank\" rel=\"noopener\">Made of 50% based limestone neoprene<\/a><\/li>\n<li>3 mm neoprene on chest &amp; back, 2 mm on other panels<\/li>\n<li>Back zipper for fast entry<\/li>\n<li>Durable flatlock seams<\/li>\n<li>Feminine fit<\/li>\n<li>Full stretch neoprene<\/li>\n<li>Strengthening tape inside<\/li>\n<\/ul>\n<\/div>\n<\/div>\n<div><\/div>\n<div>\n<p><span class=\"boldTitleFont uppercase blackColor fs30 mt10 col-12\">Women&#8217;s Wetsuits &amp; Apparel<\/span><\/p>\n<div class=\"col-12 mb10\">\n<div class=\"col-6\">\n<div class=\"image\"><img decoding=\"async\" src=\"https:\/\/www.jobesports.com\/uploads\/base\/size_guide\/women-wetsuits-apparel-1551343976.jpg\" alt=\"Size table\" \/><\/div>\n<\/div>\n<div class=\"col-6 col-padding-left\"><span class=\"boldTitleFont uppercase blackColor fs18 col-12\">How to measure<\/span>1. Place the tape under your arms. Measure the chest at the widest part.<br \/>\n2. Measure around the narrowest part of your waist.<br \/>\n3. Measure around the widest part of your hips.<br \/>\n4. Measure from head to toe.<\/div>\n<\/div>\n<\/div>\n<div><\/div>\n<div>\n<p><span class=\"boldTitleFont uppercase blackColor fs20\">Size table<\/span><\/p>\n<div class=\"switch\"><label class=\"switch-label switch-label-off\" tabindex=\"0\" for=\"view_cm\">CM<\/label><label class=\"switch-label switch-label-on\" tabindex=\"0\" for=\"view_inch\">Inch<\/label><\/div>\n<table class=\"size_guide\">\n<thead>\n<tr>\n<th>Size<\/th>\n<th>Chest\u00a0<span class=\"sg_cm\">(CM)<\/span><\/th>\n<th>Waist\u00a0<span class=\"sg_cm\">(CM)<\/span><\/th>\n<th>Hip\u00a0<span class=\"sg_cm\">(CM)<\/span><\/th>\n<th>Length\u00a0<span class=\"sg_cm\">(CM)<\/span><\/th>\n<\/tr>\n<\/thead>\n<tbody>\n<tr>\n<td>S<\/td>\n<td><span class=\"sg_cm\">88-92<\/span><\/td>\n<td><span class=\"sg_cm\">72-76<\/span><\/td>\n<td><span class=\"sg_cm\">94-98<\/span><\/td>\n<td><span class=\"sg_cm\">167-173<\/span><\/td>\n<\/tr>\n<tr>\n<td>M<\/td>\n<td><span class=\"sg_cm\">93-99<\/span><\/td>\n<td><span class=\"sg_cm\">77-83<\/span><\/td>\n<td><span class=\"sg_cm\">99-105<\/span><\/td>\n<td><span class=\"sg_cm\">169-175<\/span><\/td>\n<\/tr>\n<tr>\n<td>L<\/td>\n<td><span class=\"sg_cm\">99-105<\/span><\/td>\n<td><span class=\"sg_cm\">83-89<\/span><\/td>\n<td><span class=\"sg_cm\">105-111<\/span><\/td>\n<td><span class=\"sg_cm\">171-177<\/span><\/td>\n<\/tr>\n<tr>\n<td>XL<\/td>\n<td><span class=\"sg_cm\">105-111<\/span><\/td>\n<td><span class=\"sg_cm\">89-95<\/span><\/td>\n<td><span class=\"sg_cm\">111-117<\/span><\/td>\n<td><span class=\"sg_cm\">173-179<\/span><\/td>\n<\/tr>\n<\/tbody>\n<\/table>\n<\/div>\n","protected":false},"excerpt":{"rendered":"<p>Jobe Sofia 3\/2mm Shorty Wetsuit Women Midnight Blue Size S Jobe Sofia 3\/2mm Shorty Wetsuit Women Midnight Blue Size S Product ID\u00a0303622001 Specifications Our Sofia Shorty has been designed with comfy full stretch neoprene to provide her user with all the freedom of movement necessary. Next to the fact that Sofia has a feminine cut [&#8230;]<\/p>\n<p><a class=\"btn btn-secondary understrap-read-more-link\" href=\"https:\/\/www.waterskis.lv\/en\/product\/jobe-sofia-3-2mm-shorty-wetsuit-women-midnight-blue-size-s\/\">Read More&#8230;<\/a><\/p>\n","protected":false},"featured_media":70115,"comment_status":"closed","ping_status":"closed","template":"","meta":{"_acf_changed":false,"inline_featured_image":false},"product_brand":[1330],"product_cat":[736,737,361],"product_tag":[1660,3695,3551,1661,1672,1688,3688,3694],"class_list":{"0":"post-70114","1":"product","2":"type-product","3":"status-publish","4":"has-post-thumbnail","6":"product_brand-jobe-watersports","7":"product_cat-apparel-wetsuits","8":"product_cat-neoprene-apparel","9":"product_cat-sale","10":"product_tag-jobe-neoprena-hidroterps","11":"product_tag-jobe-neoprene-wetsuit","12":"product_tag-jobe-watersports","13":"product_tag-neoprena-hidroterps","14":"product_tag-neoprene-wetsuit","15":"product_tag-sieviesu-neoprena-hidroterps","16":"product_tag-3688","17":"product_tag----jobe","19":"first","20":"instock","21":"sale","22":"shipping-taxable","23":"purchasable","24":"product-type-simple"},"acf":[],"yoast_head":"<!-- This site is optimized with the Yoast SEO plugin v27.3 - https:\/\/yoast.com\/product\/yoast-seo-wordpress\/ -->\n<title>Jobe Sofia 3\/2mm Shorty Wetsuit Women Midnight Blue Size S - WATERSKIS.LV<\/title>\n<meta name=\"description\" content=\"Jobe Sofia 3\/2mm Shorty Wetsuit Women Midnight Blue Size S has been designed with comfy full stretch neoprene to provide with all freedom of movement\" \/>\n<meta name=\"robots\" content=\"index, follow, max-snippet:-1, max-image-preview:large, max-video-preview:-1\" \/>\n<link rel=\"canonical\" href=\"https:\/\/www.waterskis.lv\/en\/product\/jobe-sofia-3-2mm-shorty-wetsuit-women-midnight-blue-size-s\/\" \/>\n<meta property=\"og:locale\" content=\"en_US\" \/>\n<meta property=\"og:type\" content=\"article\" \/>\n<meta property=\"og:title\" content=\"Jobe Sofia 3\/2mm Shorty Wetsuit Women Midnight Blue Size S - WATERSKIS.LV\" \/>\n<meta property=\"og:description\" content=\"Jobe Sofia 3\/2mm Shorty Wetsuit Women Midnight Blue Size S has been designed with comfy full stretch neoprene to provide with all freedom of movement\" \/>\n<meta property=\"og:url\" content=\"https:\/\/www.waterskis.lv\/en\/product\/jobe-sofia-3-2mm-shorty-wetsuit-women-midnight-blue-size-s\/\" \/>\n<meta property=\"og:site_name\" content=\"WATERSKIS.LV\" \/>\n<meta property=\"article:publisher\" content=\"https:\/\/www.facebook.com\/jurmalawaterskiwakeboardpark\/\" \/>\n<meta property=\"article:modified_time\" content=\"2026-02-07T14:36:34+00:00\" \/>\n<meta property=\"og:image\" content=\"https:\/\/www.waterskis.lv\/wp-content\/uploads\/2026\/01\/SofiaShortBlue.jpg\" \/>\n\t<meta property=\"og:image:width\" content=\"1500\" \/>\n\t<meta property=\"og:image:height\" content=\"1500\" \/>\n\t<meta property=\"og:image:type\" content=\"image\/jpeg\" \/>\n<meta name=\"twitter:card\" content=\"summary_large_image\" \/>\n<meta name=\"twitter:label1\" content=\"Est. reading time\" \/>\n\t<meta name=\"twitter:data1\" content=\"2 minutes\" \/>\n<script type=\"application\/ld+json\" class=\"yoast-schema-graph\">{\"@context\":\"https:\\\/\\\/schema.org\",\"@graph\":[{\"@type\":\"WebPage\",\"@id\":\"https:\\\/\\\/www.waterskis.lv\\\/en\\\/product\\\/jobe-sofia-3-2mm-shorty-wetsuit-women-midnight-blue-size-s\\\/\",\"url\":\"https:\\\/\\\/www.waterskis.lv\\\/en\\\/product\\\/jobe-sofia-3-2mm-shorty-wetsuit-women-midnight-blue-size-s\\\/\",\"name\":\"Jobe Sofia 3\\\/2mm Shorty Wetsuit Women Midnight Blue Size S - WATERSKIS.LV\",\"isPartOf\":{\"@id\":\"https:\\\/\\\/www.waterskis.lv\\\/en\\\/#website\"},\"primaryImageOfPage\":{\"@id\":\"https:\\\/\\\/www.waterskis.lv\\\/en\\\/product\\\/jobe-sofia-3-2mm-shorty-wetsuit-women-midnight-blue-size-s\\\/#primaryimage\"},\"image\":{\"@id\":\"https:\\\/\\\/www.waterskis.lv\\\/en\\\/product\\\/jobe-sofia-3-2mm-shorty-wetsuit-women-midnight-blue-size-s\\\/#primaryimage\"},\"thumbnailUrl\":\"https:\\\/\\\/www.waterskis.lv\\\/wp-content\\\/uploads\\\/2026\\\/01\\\/SofiaShortBlue.jpg\",\"datePublished\":\"2026-01-13T06:45:12+00:00\",\"dateModified\":\"2026-02-07T14:36:34+00:00\",\"description\":\"Jobe Sofia 3\\\/2mm Shorty Wetsuit Women Midnight Blue Size S has been designed with comfy full stretch neoprene to provide with all freedom of movement\",\"breadcrumb\":{\"@id\":\"https:\\\/\\\/www.waterskis.lv\\\/en\\\/product\\\/jobe-sofia-3-2mm-shorty-wetsuit-women-midnight-blue-size-s\\\/#breadcrumb\"},\"inLanguage\":\"en-US\",\"potentialAction\":[{\"@type\":\"ReadAction\",\"target\":[\"https:\\\/\\\/www.waterskis.lv\\\/en\\\/product\\\/jobe-sofia-3-2mm-shorty-wetsuit-women-midnight-blue-size-s\\\/\"]}]},{\"@type\":\"ImageObject\",\"inLanguage\":\"en-US\",\"@id\":\"https:\\\/\\\/www.waterskis.lv\\\/en\\\/product\\\/jobe-sofia-3-2mm-shorty-wetsuit-women-midnight-blue-size-s\\\/#primaryimage\",\"url\":\"https:\\\/\\\/www.waterskis.lv\\\/wp-content\\\/uploads\\\/2026\\\/01\\\/SofiaShortBlue.jpg\",\"contentUrl\":\"https:\\\/\\\/www.waterskis.lv\\\/wp-content\\\/uploads\\\/2026\\\/01\\\/SofiaShortBlue.jpg\",\"width\":1500,\"height\":1500,\"caption\":\"Jobe Sofia 3\\\/2mm Shorty Wetsuit Women Midnight Blue Size S\"},{\"@type\":\"BreadcrumbList\",\"@id\":\"https:\\\/\\\/www.waterskis.lv\\\/en\\\/product\\\/jobe-sofia-3-2mm-shorty-wetsuit-women-midnight-blue-size-s\\\/#breadcrumb\",\"itemListElement\":[{\"@type\":\"ListItem\",\"position\":1,\"name\":\"Home\",\"item\":\"https:\\\/\\\/www.waterskis.lv\\\/en\\\/\"},{\"@type\":\"ListItem\",\"position\":2,\"name\":\"Shop\",\"item\":\"https:\\\/\\\/waterskis.lv\\\/en\\\/shop\\\/\"},{\"@type\":\"ListItem\",\"position\":3,\"name\":\"Jobe Sofia 3\\\/2mm Shorty Wetsuit Women Midnight Blue Size S\"}]},{\"@type\":\"WebSite\",\"@id\":\"https:\\\/\\\/www.waterskis.lv\\\/en\\\/#website\",\"url\":\"https:\\\/\\\/www.waterskis.lv\\\/en\\\/\",\"name\":\"WATERSKIS.LV\",\"description\":\"SUP d\u0113\u013ci, kajaki, kanoe, airu laivas, \u016bdenssl\u0113po\u0161ana, veikbords, SUP d\u0113\u013cu noma, kajaku nomaakt\u012bv\u0101s atp\u016btas centrs, laivu noma, sup noma, kajaku noma\",\"publisher\":{\"@id\":\"https:\\\/\\\/www.waterskis.lv\\\/en\\\/#organization\"},\"potentialAction\":[{\"@type\":\"SearchAction\",\"target\":{\"@type\":\"EntryPoint\",\"urlTemplate\":\"https:\\\/\\\/www.waterskis.lv\\\/en\\\/?s={search_term_string}\"},\"query-input\":{\"@type\":\"PropertyValueSpecification\",\"valueRequired\":true,\"valueName\":\"search_term_string\"}}],\"inLanguage\":\"en-US\"},{\"@type\":\"Organization\",\"@id\":\"https:\\\/\\\/www.waterskis.lv\\\/en\\\/#organization\",\"name\":\"WATERSKIS.LV\",\"url\":\"https:\\\/\\\/www.waterskis.lv\\\/en\\\/\",\"logo\":{\"@type\":\"ImageObject\",\"inLanguage\":\"en-US\",\"@id\":\"https:\\\/\\\/www.waterskis.lv\\\/en\\\/#\\\/schema\\\/logo\\\/image\\\/\",\"url\":\"https:\\\/\\\/www.waterskis.lv\\\/wp-content\\\/uploads\\\/2025\\\/01\\\/JUVP-logo.png\",\"contentUrl\":\"https:\\\/\\\/www.waterskis.lv\\\/wp-content\\\/uploads\\\/2025\\\/01\\\/JUVP-logo.png\",\"width\":421,\"height\":202,\"caption\":\"WATERSKIS.LV\"},\"image\":{\"@id\":\"https:\\\/\\\/www.waterskis.lv\\\/en\\\/#\\\/schema\\\/logo\\\/image\\\/\"},\"sameAs\":[\"https:\\\/\\\/www.facebook.com\\\/jurmalawaterskiwakeboardpark\\\/\"]}]}<\/script>\n<!-- \/ Yoast SEO plugin. -->","yoast_head_json":{"title":"Jobe Sofia 3\/2mm Shorty Wetsuit Women Midnight Blue Size S - WATERSKIS.LV","description":"Jobe Sofia 3\/2mm Shorty Wetsuit Women Midnight Blue Size S has been designed with comfy full stretch neoprene to provide with all freedom of movement","robots":{"index":"index","follow":"follow","max-snippet":"max-snippet:-1","max-image-preview":"max-image-preview:large","max-video-preview":"max-video-preview:-1"},"canonical":"https:\/\/www.waterskis.lv\/en\/product\/jobe-sofia-3-2mm-shorty-wetsuit-women-midnight-blue-size-s\/","og_locale":"en_US","og_type":"article","og_title":"Jobe Sofia 3\/2mm Shorty Wetsuit Women Midnight Blue Size S - WATERSKIS.LV","og_description":"Jobe Sofia 3\/2mm Shorty Wetsuit Women Midnight Blue Size S has been designed with comfy full stretch neoprene to provide with all freedom of movement","og_url":"https:\/\/www.waterskis.lv\/en\/product\/jobe-sofia-3-2mm-shorty-wetsuit-women-midnight-blue-size-s\/","og_site_name":"WATERSKIS.LV","article_publisher":"https:\/\/www.facebook.com\/jurmalawaterskiwakeboardpark\/","article_modified_time":"2026-02-07T14:36:34+00:00","og_image":[{"width":1500,"height":1500,"url":"https:\/\/www.waterskis.lv\/wp-content\/uploads\/2026\/01\/SofiaShortBlue.jpg","type":"image\/jpeg"}],"twitter_card":"summary_large_image","twitter_misc":{"Est. reading time":"2 minutes"},"schema":{"@context":"https:\/\/schema.org","@graph":[{"@type":"WebPage","@id":"https:\/\/www.waterskis.lv\/en\/product\/jobe-sofia-3-2mm-shorty-wetsuit-women-midnight-blue-size-s\/","url":"https:\/\/www.waterskis.lv\/en\/product\/jobe-sofia-3-2mm-shorty-wetsuit-women-midnight-blue-size-s\/","name":"Jobe Sofia 3\/2mm Shorty Wetsuit Women Midnight Blue Size S - WATERSKIS.LV","isPartOf":{"@id":"https:\/\/www.waterskis.lv\/en\/#website"},"primaryImageOfPage":{"@id":"https:\/\/www.waterskis.lv\/en\/product\/jobe-sofia-3-2mm-shorty-wetsuit-women-midnight-blue-size-s\/#primaryimage"},"image":{"@id":"https:\/\/www.waterskis.lv\/en\/product\/jobe-sofia-3-2mm-shorty-wetsuit-women-midnight-blue-size-s\/#primaryimage"},"thumbnailUrl":"https:\/\/www.waterskis.lv\/wp-content\/uploads\/2026\/01\/SofiaShortBlue.jpg","datePublished":"2026-01-13T06:45:12+00:00","dateModified":"2026-02-07T14:36:34+00:00","description":"Jobe Sofia 3\/2mm Shorty Wetsuit Women Midnight Blue Size S has been designed with comfy full stretch neoprene to provide with all freedom of movement","breadcrumb":{"@id":"https:\/\/www.waterskis.lv\/en\/product\/jobe-sofia-3-2mm-shorty-wetsuit-women-midnight-blue-size-s\/#breadcrumb"},"inLanguage":"en-US","potentialAction":[{"@type":"ReadAction","target":["https:\/\/www.waterskis.lv\/en\/product\/jobe-sofia-3-2mm-shorty-wetsuit-women-midnight-blue-size-s\/"]}]},{"@type":"ImageObject","inLanguage":"en-US","@id":"https:\/\/www.waterskis.lv\/en\/product\/jobe-sofia-3-2mm-shorty-wetsuit-women-midnight-blue-size-s\/#primaryimage","url":"https:\/\/www.waterskis.lv\/wp-content\/uploads\/2026\/01\/SofiaShortBlue.jpg","contentUrl":"https:\/\/www.waterskis.lv\/wp-content\/uploads\/2026\/01\/SofiaShortBlue.jpg","width":1500,"height":1500,"caption":"Jobe Sofia 3\/2mm Shorty Wetsuit Women Midnight Blue Size S"},{"@type":"BreadcrumbList","@id":"https:\/\/www.waterskis.lv\/en\/product\/jobe-sofia-3-2mm-shorty-wetsuit-women-midnight-blue-size-s\/#breadcrumb","itemListElement":[{"@type":"ListItem","position":1,"name":"Home","item":"https:\/\/www.waterskis.lv\/en\/"},{"@type":"ListItem","position":2,"name":"Shop","item":"https:\/\/waterskis.lv\/en\/shop\/"},{"@type":"ListItem","position":3,"name":"Jobe Sofia 3\/2mm Shorty Wetsuit Women Midnight Blue Size S"}]},{"@type":"WebSite","@id":"https:\/\/www.waterskis.lv\/en\/#website","url":"https:\/\/www.waterskis.lv\/en\/","name":"WATERSKIS.LV","description":"SUP d\u0113\u013ci, kajaki, kanoe, airu laivas, \u016bdenssl\u0113po\u0161ana, veikbords, SUP d\u0113\u013cu noma, kajaku nomaakt\u012bv\u0101s atp\u016btas centrs, laivu noma, sup noma, kajaku noma","publisher":{"@id":"https:\/\/www.waterskis.lv\/en\/#organization"},"potentialAction":[{"@type":"SearchAction","target":{"@type":"EntryPoint","urlTemplate":"https:\/\/www.waterskis.lv\/en\/?s={search_term_string}"},"query-input":{"@type":"PropertyValueSpecification","valueRequired":true,"valueName":"search_term_string"}}],"inLanguage":"en-US"},{"@type":"Organization","@id":"https:\/\/www.waterskis.lv\/en\/#organization","name":"WATERSKIS.LV","url":"https:\/\/www.waterskis.lv\/en\/","logo":{"@type":"ImageObject","inLanguage":"en-US","@id":"https:\/\/www.waterskis.lv\/en\/#\/schema\/logo\/image\/","url":"https:\/\/www.waterskis.lv\/wp-content\/uploads\/2025\/01\/JUVP-logo.png","contentUrl":"https:\/\/www.waterskis.lv\/wp-content\/uploads\/2025\/01\/JUVP-logo.png","width":421,"height":202,"caption":"WATERSKIS.LV"},"image":{"@id":"https:\/\/www.waterskis.lv\/en\/#\/schema\/logo\/image\/"},"sameAs":["https:\/\/www.facebook.com\/jurmalawaterskiwakeboardpark\/"]}]}},"_links":{"self":[{"href":"https:\/\/www.waterskis.lv\/en\/wp-json\/wp\/v2\/product\/70114","targetHints":{"allow":["GET"]}}],"collection":[{"href":"https:\/\/www.waterskis.lv\/en\/wp-json\/wp\/v2\/product"}],"about":[{"href":"https:\/\/www.waterskis.lv\/en\/wp-json\/wp\/v2\/types\/product"}],"replies":[{"embeddable":true,"href":"https:\/\/www.waterskis.lv\/en\/wp-json\/wp\/v2\/comments?post=70114"}],"wp:featuredmedia":[{"embeddable":true,"href":"https:\/\/www.waterskis.lv\/en\/wp-json\/wp\/v2\/media\/70115"}],"wp:attachment":[{"href":"https:\/\/www.waterskis.lv\/en\/wp-json\/wp\/v2\/media?parent=70114"}],"wp:term":[{"taxonomy":"product_brand","embeddable":true,"href":"https:\/\/www.waterskis.lv\/en\/wp-json\/wp\/v2\/product_brand?post=70114"},{"taxonomy":"product_cat","embeddable":true,"href":"https:\/\/www.waterskis.lv\/en\/wp-json\/wp\/v2\/product_cat?post=70114"},{"taxonomy":"product_tag","embeddable":true,"href":"https:\/\/www.waterskis.lv\/en\/wp-json\/wp\/v2\/product_tag?post=70114"}],"curies":[{"name":"wp","href":"https:\/\/api.w.org\/{rel}","templated":true}]}}