{"id":70126,"date":"2026-01-13T08:55:39","date_gmt":"2026-01-13T06:55:39","guid":{"rendered":"https:\/\/www.waterskis.lv\/product\/jobe-sofia-3-2mm-chestzip-wetsuit-women-vintage-teal\/"},"modified":"2026-02-07T16:34:47","modified_gmt":"2026-02-07T14:34:47","slug":"jobe-sofia-3-2mm-chestzip-wetsuit-women-vintage-teal","status":"publish","type":"product","link":"https:\/\/www.waterskis.lv\/en\/product\/jobe-sofia-3-2mm-chestzip-wetsuit-women-vintage-teal\/","title":{"rendered":"Jobe Sofia 3\/2mm Chestzip Wetsuit Women Vintage Teal"},"content":{"rendered":"<h1 class=\"productTitle s-hide\">Jobe Sofia 3\/2mm Chestzip Wetsuit Women Vintage Teal<\/h1>\n<p class=\"productTitle s-hide\">Jobe Sofia 3\/2mm Chestzip Wetsuit Women Vintage Teal<\/p>\n<p><span class=\"s-hide\">Product ID\u00a0303522007<\/span><\/p>\n<div class=\"col-12 relative mt10\">\n<div id=\"productinfo\" class=\"col-12 relative\">\n<h2 class=\"title-3 fs25 mt20 mb20 boldTitleFont grey uppercase np\">Specifications<\/h2>\n<div class=\"col-12 paragraph\">The Jobe Sofia is a hotseller in our 3\/2 wetsuit range due to its great looks, comfortable fit and attractive price point. The Sofia has a feminine fit which is combined with our comfortable full stretch neoprene for freedom of movement. Our comfortable stitch construction is soft on the skin while the kneepads on the outside are made to endure. No wonder, the Sofia fullsuit is the proven peoples champ.<\/div>\n<div class=\"col-12 mt30 mb20\">\n<div class=\"col-12 \">\n<div id=\"completeyourgear\" class=\"completGear completeGearSlide\">\n<div class=\"completeGearSlider blackNav owl-carousel owl-theme owl-loaded owl-drag\">\n<div class=\"owl-nav\"><\/div>\n<\/div>\n<\/div>\n<\/div>\n<\/div>\n<div class=\"col-12 paragraph mt20\">\n<ul class=\"autoColumn checkListSmall blackCheck\">\n<li><a href=\"https:\/\/www.jobesports.com\/en\/newsflash\/the-benefits-of-limestone-neoprene-2872\/\" target=\"_blank\" rel=\"noopener\">Made of 50% based limestone neoprene<\/a><\/li>\n<li>Chest zipper for max flex &amp; minimal water entry<\/li>\n<li>3 mm neoprene on chest &amp; back, 2 mm on other panels<\/li>\n<li>Durable flatlock seams<\/li>\n<li>Feminine fit<\/li>\n<li>Full stretch neoprene<\/li>\n<li>Protective strong knee pads<\/li>\n<li>Strengthening tape inside<\/li>\n<\/ul>\n<\/div>\n<\/div>\n<p><span class=\"boldTitleFont uppercase blackColor fs30 mt10 col-12\">Women&#8217;s Wetsuits &amp; Apparel<\/span><\/p>\n<div class=\"col-12 mb10\">\n<div class=\"col-6\">\n<div class=\"image\"><img decoding=\"async\" src=\"https:\/\/www.jobesports.com\/uploads\/base\/size_guide\/women-wetsuits-apparel-1551343976.jpg\" alt=\"Size table\" \/><\/div>\n<\/div>\n<div class=\"col-6 col-padding-left\"><span class=\"boldTitleFont uppercase blackColor fs18 col-12\">How to measure<\/span>1. Place the tape under your arms. Measure the chest at the widest part.<br \/>\n2. Measure around the narrowest part of your waist.<br \/>\n3. Measure around the widest part of your hips.<br \/>\n4. Measure from head to toe.<\/div>\n<\/div>\n<\/div>\n<p>&nbsp;<\/p>\n<p><span class=\"boldTitleFont uppercase blackColor fs20\">Size table<\/span><\/p>\n<div class=\"switch\"><label class=\"switch-label switch-label-off\" tabindex=\"0\" for=\"view_cm\">CM<\/label><label class=\"switch-label switch-label-on\" tabindex=\"0\" for=\"view_inch\">Inch<\/label><\/div>\n<table class=\"size_guide\">\n<thead>\n<tr>\n<th>Size<\/th>\n<th>Chest\u00a0<span class=\"sg_cm\">(CM)<\/span><\/th>\n<th>Waist\u00a0<span class=\"sg_cm\">(CM)<\/span><\/th>\n<th>Hip\u00a0<span class=\"sg_cm\">(CM)<\/span><\/th>\n<th>Length\u00a0<span class=\"sg_cm\">(CM)<\/span><\/th>\n<\/tr>\n<\/thead>\n<tbody>\n<tr>\n<td>S<\/td>\n<td><span class=\"sg_cm\">88-92<\/span><\/td>\n<td><span class=\"sg_cm\">72-76<\/span><\/td>\n<td><span class=\"sg_cm\">94-98<\/span><\/td>\n<td><span class=\"sg_cm\">167-173<\/span><\/td>\n<\/tr>\n<tr>\n<td>M<\/td>\n<td><span class=\"sg_cm\">93-99<\/span><\/td>\n<td><span class=\"sg_cm\">77-83<\/span><\/td>\n<td><span class=\"sg_cm\">99-105<\/span><\/td>\n<td><span class=\"sg_cm\">169-175<\/span><\/td>\n<\/tr>\n<tr>\n<td>L<\/td>\n<td><span class=\"sg_cm\">99-105<\/span><\/td>\n<td><span class=\"sg_cm\">83-89<\/span><\/td>\n<td><span class=\"sg_cm\">105-111<\/span><\/td>\n<td><span class=\"sg_cm\">171-177<\/span><\/td>\n<\/tr>\n<tr>\n<td>XL<\/td>\n<td><span class=\"sg_cm\">105-111<\/span><\/td>\n<td><span class=\"sg_cm\">89-95<\/span><\/td>\n<td><span class=\"sg_cm\">111-117<\/span><\/td>\n<td><span class=\"sg_cm\">173-179<\/span><\/td>\n<\/tr>\n<\/tbody>\n<\/table>\n","protected":false},"excerpt":{"rendered":"<p>&nbsp;<\/p>\n<p>The Jobe Sofia is a hotseller in our 3\/2 wetsuit range due to its great looks, comfortable fit and attractive price point. [&#8230;]<\/p>\n<p><a class=\"btn btn-secondary understrap-read-more-link\" href=\"https:\/\/www.waterskis.lv\/en\/product\/jobe-sofia-3-2mm-chestzip-wetsuit-women-vintage-teal\/\">Read More&#8230;<\/a><\/p>\n","protected":false},"featured_media":70127,"comment_status":"closed","ping_status":"closed","template":"","meta":{"_acf_changed":false,"inline_featured_image":false},"product_brand":[1330],"product_cat":[736,737],"product_tag":[1660,3695,3551,1661,1672,1688,3688,3694],"class_list":{"0":"post-70126","1":"product","2":"type-product","3":"status-publish","4":"has-post-thumbnail","6":"product_brand-jobe-watersports","7":"product_cat-apparel-wetsuits","8":"product_cat-neoprene-apparel","9":"product_tag-jobe-neoprena-hidroterps","10":"product_tag-jobe-neoprene-wetsuit","11":"product_tag-jobe-watersports","12":"product_tag-neoprena-hidroterps","13":"product_tag-neoprene-wetsuit","14":"product_tag-sieviesu-neoprena-hidroterps","15":"product_tag-3688","16":"product_tag----jobe","18":"first","19":"instock","20":"shipping-taxable","21":"purchasable","22":"product-type-simple"},"acf":[],"yoast_head":"<!-- This site is optimized with the Yoast SEO plugin v27.3 - https:\/\/yoast.com\/product\/yoast-seo-wordpress\/ -->\n<title>Jobe Sofia 3\/2mm Chestzip Wetsuit Women Vintage Teal - WATERSKIS.LV<\/title>\n<meta name=\"description\" content=\"Jobe Sofia 3\/2mm Chestzip Wetsuit Women Vintage Teal is a hotseller in our 3\/2 wetsuit range due to its great looks, comfortable fit and attractive price\" \/>\n<meta name=\"robots\" content=\"index, follow, max-snippet:-1, max-image-preview:large, max-video-preview:-1\" \/>\n<link rel=\"canonical\" href=\"https:\/\/www.waterskis.lv\/en\/product\/jobe-sofia-3-2mm-chestzip-wetsuit-women-vintage-teal\/\" \/>\n<meta property=\"og:locale\" content=\"en_US\" \/>\n<meta property=\"og:type\" content=\"article\" \/>\n<meta property=\"og:title\" content=\"Jobe Sofia 3\/2mm Chestzip Wetsuit Women Vintage Teal - WATERSKIS.LV\" \/>\n<meta property=\"og:description\" content=\"Jobe Sofia 3\/2mm Chestzip Wetsuit Women Vintage Teal is a hotseller in our 3\/2 wetsuit range due to its great looks, comfortable fit and attractive price\" \/>\n<meta property=\"og:url\" content=\"https:\/\/www.waterskis.lv\/en\/product\/jobe-sofia-3-2mm-chestzip-wetsuit-women-vintage-teal\/\" \/>\n<meta property=\"og:site_name\" content=\"WATERSKIS.LV\" \/>\n<meta property=\"article:publisher\" content=\"https:\/\/www.facebook.com\/jurmalawaterskiwakeboardpark\/\" \/>\n<meta property=\"article:modified_time\" content=\"2026-02-07T14:34:47+00:00\" \/>\n<meta property=\"og:image\" content=\"https:\/\/www.waterskis.lv\/wp-content\/uploads\/2026\/01\/ChestWomen.jpg\" \/>\n\t<meta property=\"og:image:width\" content=\"1500\" \/>\n\t<meta property=\"og:image:height\" content=\"1500\" \/>\n\t<meta property=\"og:image:type\" content=\"image\/jpeg\" \/>\n<meta name=\"twitter:card\" content=\"summary_large_image\" \/>\n<meta name=\"twitter:label1\" content=\"Est. reading time\" \/>\n\t<meta name=\"twitter:data1\" content=\"2 minutes\" \/>\n<script type=\"application\/ld+json\" class=\"yoast-schema-graph\">{\"@context\":\"https:\\\/\\\/schema.org\",\"@graph\":[{\"@type\":\"WebPage\",\"@id\":\"https:\\\/\\\/www.waterskis.lv\\\/en\\\/product\\\/jobe-sofia-3-2mm-chestzip-wetsuit-women-vintage-teal\\\/\",\"url\":\"https:\\\/\\\/www.waterskis.lv\\\/en\\\/product\\\/jobe-sofia-3-2mm-chestzip-wetsuit-women-vintage-teal\\\/\",\"name\":\"Jobe Sofia 3\\\/2mm Chestzip Wetsuit Women Vintage Teal - WATERSKIS.LV\",\"isPartOf\":{\"@id\":\"https:\\\/\\\/www.waterskis.lv\\\/en\\\/#website\"},\"primaryImageOfPage\":{\"@id\":\"https:\\\/\\\/www.waterskis.lv\\\/en\\\/product\\\/jobe-sofia-3-2mm-chestzip-wetsuit-women-vintage-teal\\\/#primaryimage\"},\"image\":{\"@id\":\"https:\\\/\\\/www.waterskis.lv\\\/en\\\/product\\\/jobe-sofia-3-2mm-chestzip-wetsuit-women-vintage-teal\\\/#primaryimage\"},\"thumbnailUrl\":\"https:\\\/\\\/www.waterskis.lv\\\/wp-content\\\/uploads\\\/2026\\\/01\\\/ChestWomen.jpg\",\"datePublished\":\"2026-01-13T06:55:39+00:00\",\"dateModified\":\"2026-02-07T14:34:47+00:00\",\"description\":\"Jobe Sofia 3\\\/2mm Chestzip Wetsuit Women Vintage Teal is a hotseller in our 3\\\/2 wetsuit range due to its great looks, comfortable fit and attractive price\",\"breadcrumb\":{\"@id\":\"https:\\\/\\\/www.waterskis.lv\\\/en\\\/product\\\/jobe-sofia-3-2mm-chestzip-wetsuit-women-vintage-teal\\\/#breadcrumb\"},\"inLanguage\":\"en-US\",\"potentialAction\":[{\"@type\":\"ReadAction\",\"target\":[\"https:\\\/\\\/www.waterskis.lv\\\/en\\\/product\\\/jobe-sofia-3-2mm-chestzip-wetsuit-women-vintage-teal\\\/\"]}]},{\"@type\":\"ImageObject\",\"inLanguage\":\"en-US\",\"@id\":\"https:\\\/\\\/www.waterskis.lv\\\/en\\\/product\\\/jobe-sofia-3-2mm-chestzip-wetsuit-women-vintage-teal\\\/#primaryimage\",\"url\":\"https:\\\/\\\/www.waterskis.lv\\\/wp-content\\\/uploads\\\/2026\\\/01\\\/ChestWomen.jpg\",\"contentUrl\":\"https:\\\/\\\/www.waterskis.lv\\\/wp-content\\\/uploads\\\/2026\\\/01\\\/ChestWomen.jpg\",\"width\":1500,\"height\":1500,\"caption\":\"Jobe Sofia 3\\\/2mm Chestzip Wetsuit Women Vintage Teal\"},{\"@type\":\"BreadcrumbList\",\"@id\":\"https:\\\/\\\/www.waterskis.lv\\\/en\\\/product\\\/jobe-sofia-3-2mm-chestzip-wetsuit-women-vintage-teal\\\/#breadcrumb\",\"itemListElement\":[{\"@type\":\"ListItem\",\"position\":1,\"name\":\"Home\",\"item\":\"https:\\\/\\\/www.waterskis.lv\\\/en\\\/\"},{\"@type\":\"ListItem\",\"position\":2,\"name\":\"Shop\",\"item\":\"https:\\\/\\\/waterskis.lv\\\/en\\\/shop\\\/\"},{\"@type\":\"ListItem\",\"position\":3,\"name\":\"Jobe Sofia 3\\\/2mm Chestzip Wetsuit Women Vintage Teal\"}]},{\"@type\":\"WebSite\",\"@id\":\"https:\\\/\\\/www.waterskis.lv\\\/en\\\/#website\",\"url\":\"https:\\\/\\\/www.waterskis.lv\\\/en\\\/\",\"name\":\"WATERSKIS.LV\",\"description\":\"SUP d\u0113\u013ci, kajaki, kanoe, airu laivas, \u016bdenssl\u0113po\u0161ana, veikbords, SUP d\u0113\u013cu noma, kajaku nomaakt\u012bv\u0101s atp\u016btas centrs, laivu noma, sup noma, kajaku noma\",\"publisher\":{\"@id\":\"https:\\\/\\\/www.waterskis.lv\\\/en\\\/#organization\"},\"potentialAction\":[{\"@type\":\"SearchAction\",\"target\":{\"@type\":\"EntryPoint\",\"urlTemplate\":\"https:\\\/\\\/www.waterskis.lv\\\/en\\\/?s={search_term_string}\"},\"query-input\":{\"@type\":\"PropertyValueSpecification\",\"valueRequired\":true,\"valueName\":\"search_term_string\"}}],\"inLanguage\":\"en-US\"},{\"@type\":\"Organization\",\"@id\":\"https:\\\/\\\/www.waterskis.lv\\\/en\\\/#organization\",\"name\":\"WATERSKIS.LV\",\"url\":\"https:\\\/\\\/www.waterskis.lv\\\/en\\\/\",\"logo\":{\"@type\":\"ImageObject\",\"inLanguage\":\"en-US\",\"@id\":\"https:\\\/\\\/www.waterskis.lv\\\/en\\\/#\\\/schema\\\/logo\\\/image\\\/\",\"url\":\"https:\\\/\\\/www.waterskis.lv\\\/wp-content\\\/uploads\\\/2025\\\/01\\\/JUVP-logo.png\",\"contentUrl\":\"https:\\\/\\\/www.waterskis.lv\\\/wp-content\\\/uploads\\\/2025\\\/01\\\/JUVP-logo.png\",\"width\":421,\"height\":202,\"caption\":\"WATERSKIS.LV\"},\"image\":{\"@id\":\"https:\\\/\\\/www.waterskis.lv\\\/en\\\/#\\\/schema\\\/logo\\\/image\\\/\"},\"sameAs\":[\"https:\\\/\\\/www.facebook.com\\\/jurmalawaterskiwakeboardpark\\\/\"]}]}<\/script>\n<!-- \/ Yoast SEO plugin. -->","yoast_head_json":{"title":"Jobe Sofia 3\/2mm Chestzip Wetsuit Women Vintage Teal - WATERSKIS.LV","description":"Jobe Sofia 3\/2mm Chestzip Wetsuit Women Vintage Teal is a hotseller in our 3\/2 wetsuit range due to its great looks, comfortable fit and attractive price","robots":{"index":"index","follow":"follow","max-snippet":"max-snippet:-1","max-image-preview":"max-image-preview:large","max-video-preview":"max-video-preview:-1"},"canonical":"https:\/\/www.waterskis.lv\/en\/product\/jobe-sofia-3-2mm-chestzip-wetsuit-women-vintage-teal\/","og_locale":"en_US","og_type":"article","og_title":"Jobe Sofia 3\/2mm Chestzip Wetsuit Women Vintage Teal - WATERSKIS.LV","og_description":"Jobe Sofia 3\/2mm Chestzip Wetsuit Women Vintage Teal is a hotseller in our 3\/2 wetsuit range due to its great looks, comfortable fit and attractive price","og_url":"https:\/\/www.waterskis.lv\/en\/product\/jobe-sofia-3-2mm-chestzip-wetsuit-women-vintage-teal\/","og_site_name":"WATERSKIS.LV","article_publisher":"https:\/\/www.facebook.com\/jurmalawaterskiwakeboardpark\/","article_modified_time":"2026-02-07T14:34:47+00:00","og_image":[{"width":1500,"height":1500,"url":"https:\/\/www.waterskis.lv\/wp-content\/uploads\/2026\/01\/ChestWomen.jpg","type":"image\/jpeg"}],"twitter_card":"summary_large_image","twitter_misc":{"Est. reading time":"2 minutes"},"schema":{"@context":"https:\/\/schema.org","@graph":[{"@type":"WebPage","@id":"https:\/\/www.waterskis.lv\/en\/product\/jobe-sofia-3-2mm-chestzip-wetsuit-women-vintage-teal\/","url":"https:\/\/www.waterskis.lv\/en\/product\/jobe-sofia-3-2mm-chestzip-wetsuit-women-vintage-teal\/","name":"Jobe Sofia 3\/2mm Chestzip Wetsuit Women Vintage Teal - WATERSKIS.LV","isPartOf":{"@id":"https:\/\/www.waterskis.lv\/en\/#website"},"primaryImageOfPage":{"@id":"https:\/\/www.waterskis.lv\/en\/product\/jobe-sofia-3-2mm-chestzip-wetsuit-women-vintage-teal\/#primaryimage"},"image":{"@id":"https:\/\/www.waterskis.lv\/en\/product\/jobe-sofia-3-2mm-chestzip-wetsuit-women-vintage-teal\/#primaryimage"},"thumbnailUrl":"https:\/\/www.waterskis.lv\/wp-content\/uploads\/2026\/01\/ChestWomen.jpg","datePublished":"2026-01-13T06:55:39+00:00","dateModified":"2026-02-07T14:34:47+00:00","description":"Jobe Sofia 3\/2mm Chestzip Wetsuit Women Vintage Teal is a hotseller in our 3\/2 wetsuit range due to its great looks, comfortable fit and attractive price","breadcrumb":{"@id":"https:\/\/www.waterskis.lv\/en\/product\/jobe-sofia-3-2mm-chestzip-wetsuit-women-vintage-teal\/#breadcrumb"},"inLanguage":"en-US","potentialAction":[{"@type":"ReadAction","target":["https:\/\/www.waterskis.lv\/en\/product\/jobe-sofia-3-2mm-chestzip-wetsuit-women-vintage-teal\/"]}]},{"@type":"ImageObject","inLanguage":"en-US","@id":"https:\/\/www.waterskis.lv\/en\/product\/jobe-sofia-3-2mm-chestzip-wetsuit-women-vintage-teal\/#primaryimage","url":"https:\/\/www.waterskis.lv\/wp-content\/uploads\/2026\/01\/ChestWomen.jpg","contentUrl":"https:\/\/www.waterskis.lv\/wp-content\/uploads\/2026\/01\/ChestWomen.jpg","width":1500,"height":1500,"caption":"Jobe Sofia 3\/2mm Chestzip Wetsuit Women Vintage Teal"},{"@type":"BreadcrumbList","@id":"https:\/\/www.waterskis.lv\/en\/product\/jobe-sofia-3-2mm-chestzip-wetsuit-women-vintage-teal\/#breadcrumb","itemListElement":[{"@type":"ListItem","position":1,"name":"Home","item":"https:\/\/www.waterskis.lv\/en\/"},{"@type":"ListItem","position":2,"name":"Shop","item":"https:\/\/waterskis.lv\/en\/shop\/"},{"@type":"ListItem","position":3,"name":"Jobe Sofia 3\/2mm Chestzip Wetsuit Women Vintage Teal"}]},{"@type":"WebSite","@id":"https:\/\/www.waterskis.lv\/en\/#website","url":"https:\/\/www.waterskis.lv\/en\/","name":"WATERSKIS.LV","description":"SUP d\u0113\u013ci, kajaki, kanoe, airu laivas, \u016bdenssl\u0113po\u0161ana, veikbords, SUP d\u0113\u013cu noma, kajaku nomaakt\u012bv\u0101s atp\u016btas centrs, laivu noma, sup noma, kajaku noma","publisher":{"@id":"https:\/\/www.waterskis.lv\/en\/#organization"},"potentialAction":[{"@type":"SearchAction","target":{"@type":"EntryPoint","urlTemplate":"https:\/\/www.waterskis.lv\/en\/?s={search_term_string}"},"query-input":{"@type":"PropertyValueSpecification","valueRequired":true,"valueName":"search_term_string"}}],"inLanguage":"en-US"},{"@type":"Organization","@id":"https:\/\/www.waterskis.lv\/en\/#organization","name":"WATERSKIS.LV","url":"https:\/\/www.waterskis.lv\/en\/","logo":{"@type":"ImageObject","inLanguage":"en-US","@id":"https:\/\/www.waterskis.lv\/en\/#\/schema\/logo\/image\/","url":"https:\/\/www.waterskis.lv\/wp-content\/uploads\/2025\/01\/JUVP-logo.png","contentUrl":"https:\/\/www.waterskis.lv\/wp-content\/uploads\/2025\/01\/JUVP-logo.png","width":421,"height":202,"caption":"WATERSKIS.LV"},"image":{"@id":"https:\/\/www.waterskis.lv\/en\/#\/schema\/logo\/image\/"},"sameAs":["https:\/\/www.facebook.com\/jurmalawaterskiwakeboardpark\/"]}]}},"_links":{"self":[{"href":"https:\/\/www.waterskis.lv\/en\/wp-json\/wp\/v2\/product\/70126","targetHints":{"allow":["GET"]}}],"collection":[{"href":"https:\/\/www.waterskis.lv\/en\/wp-json\/wp\/v2\/product"}],"about":[{"href":"https:\/\/www.waterskis.lv\/en\/wp-json\/wp\/v2\/types\/product"}],"replies":[{"embeddable":true,"href":"https:\/\/www.waterskis.lv\/en\/wp-json\/wp\/v2\/comments?post=70126"}],"wp:featuredmedia":[{"embeddable":true,"href":"https:\/\/www.waterskis.lv\/en\/wp-json\/wp\/v2\/media\/70127"}],"wp:attachment":[{"href":"https:\/\/www.waterskis.lv\/en\/wp-json\/wp\/v2\/media?parent=70126"}],"wp:term":[{"taxonomy":"product_brand","embeddable":true,"href":"https:\/\/www.waterskis.lv\/en\/wp-json\/wp\/v2\/product_brand?post=70126"},{"taxonomy":"product_cat","embeddable":true,"href":"https:\/\/www.waterskis.lv\/en\/wp-json\/wp\/v2\/product_cat?post=70126"},{"taxonomy":"product_tag","embeddable":true,"href":"https:\/\/www.waterskis.lv\/en\/wp-json\/wp\/v2\/product_tag?post=70126"}],"curies":[{"name":"wp","href":"https:\/\/api.w.org\/{rel}","templated":true}]}}