{"id":70143,"date":"2026-01-13T09:20:31","date_gmt":"2026-01-13T07:20:31","guid":{"rendered":"https:\/\/www.waterskis.lv\/product\/jobe-porto-2mm-long-john-wetsuit-women-size-xl\/"},"modified":"2026-02-07T16:33:54","modified_gmt":"2026-02-07T14:33:54","slug":"jobe-porto-2mm-long-john-wetsuit-women-size-xl","status":"publish","type":"product","link":"https:\/\/www.waterskis.lv\/en\/product\/jobe-porto-2mm-long-john-wetsuit-women-size-xl\/","title":{"rendered":"Jobe Porto 2mm Long John Wetsuit Women Size XL"},"content":{"rendered":"<h1 class=\"productTitle s-hide\">Jobe Porto 2mm Long John Wetsuit Women Size XL<\/h1>\n<p class=\"productTitle s-hide\">Jobe Porto 2mm Long John Wetsuit Women Size XL sievie\u0161u hidrot\u0113rps<\/p>\n<div class=\"paragraph mt10 col-12\">\n<p><span class=\"s-hide\">Product ID\u00a0303823004<\/span><\/p>\n<div id=\"productinfo\" class=\"col-12 relative\">\n<h2 class=\"title-3 fs25 mt20 mb20 boldTitleFont grey uppercase np\">Specifications<\/h2>\n<div class=\"col-12 paragraph\">The Porto Long John 2MM is a beautiful feminine wetsuit that provides excellent range of motion and warmth thanks to it&#8217;s large armholes. Plus with features like, durable flatlock seams, and an improved Velcro should entry, you may never be cold again. The Porto Long John 2MM can be paired with the Porto Jacket for ultimate warmth and style.<\/div>\n<div class=\"col-12 mt30 mb20\">\n<div class=\"col-12 \">\n<div id=\"completeyourgear\" class=\"completGear completeGearSlide\">\n<h2 class=\"title-3 fs25 mt20 mb20 boldTitleFont uppercase\"><\/h2>\n<\/div>\n<\/div>\n<\/div>\n<div class=\"col-12 paragraph mt20\">\n<ul class=\"autoColumn checkListSmall blackCheck\">\n<li>50% limestone based neoprene: lighter, flexible and more durable<\/li>\n<li>2 mm supreme stretch neoprene<\/li>\n<li>Breathable back knees<\/li>\n<li>Durable flatlock seams<\/li>\n<li>Feminine fit<\/li>\n<li>Improved velcro shoulder entry<\/li>\n<li>Large armholes for maximum freedom of movement<\/li>\n<li>Protective strong knee pads<\/li>\n<\/ul>\n<\/div>\n<\/div>\n<div class=\"col-12 p100-0 relative\">\n<h2 class=\"title-3 fs25 centerText boldTitleFont grey uppercase\"><span style=\"font-size: 16px;\">Women&#8217;s Wetsuits &amp; Apparel<\/span><\/h2>\n<\/div>\n<div class=\"col-12 relative mt10\">\n<div>\n<div class=\"col-12 mb10\">\n<div class=\"col-6\">\n<div class=\"image\"><img decoding=\"async\" src=\"https:\/\/www.jobesports.com\/uploads\/base\/size_guide\/women-wetsuits-apparel-1551343976.jpg\" alt=\"Size table\" \/><\/div>\n<\/div>\n<div class=\"col-6 col-padding-left\"><span class=\"boldTitleFont uppercase blackColor fs18 col-12\">How to measure<\/span>1. Place the tape under your arms. Measure the chest at the widest part.<br \/>\n2. Measure around the narrowest part of your waist.<br \/>\n3. Measure around the widest part of your hips.<br \/>\n4. Measure from head to toe.<\/div>\n<div><\/div>\n<\/div>\n<p><span class=\"boldTitleFont uppercase blackColor fs20\">S<\/span><span class=\"boldTitleFont uppercase blackColor fs20\">ize table<\/span><\/p>\n<\/div>\n<div>\n<div class=\"switch\"><label class=\"switch-label switch-label-off\" tabindex=\"0\" for=\"view_cm\">CM<\/label><label class=\"switch-label switch-label-on\" tabindex=\"0\" for=\"view_inch\">Inch<\/label><\/div>\n<table class=\"size_guide\">\n<thead>\n<tr>\n<th>Size<\/th>\n<th>Chest\u00a0<span class=\"sg_cm\">(CM)<\/span><\/th>\n<th>Waist\u00a0<span class=\"sg_cm\">(CM)<\/span><\/th>\n<th>Hip\u00a0<span class=\"sg_cm\">(CM)<\/span><\/th>\n<th>Length\u00a0<span class=\"sg_cm\">(CM)<\/span><\/th>\n<\/tr>\n<\/thead>\n<tbody>\n<tr>\n<td>XS<\/td>\n<td><span class=\"sg_cm\">84-88<\/span><\/td>\n<td><span class=\"sg_cm\">68-72<\/span><\/td>\n<td><span class=\"sg_cm\">90-94<\/span><\/td>\n<td><span class=\"sg_cm\">165-171<\/span><\/td>\n<\/tr>\n<tr>\n<td>S<\/td>\n<td><span class=\"sg_cm\">88-92<\/span><\/td>\n<td><span class=\"sg_cm\">72-76<\/span><\/td>\n<td><span class=\"sg_cm\">94-98<\/span><\/td>\n<td><span class=\"sg_cm\">167-173<\/span><\/td>\n<\/tr>\n<tr>\n<td>M<\/td>\n<td><span class=\"sg_cm\">93-99<\/span><\/td>\n<td><span class=\"sg_cm\">77-83<\/span><\/td>\n<td><span class=\"sg_cm\">99-105<\/span><\/td>\n<td><span class=\"sg_cm\">169-175<\/span><\/td>\n<\/tr>\n<tr>\n<td>L<\/td>\n<td><span class=\"sg_cm\">99-105<\/span><\/td>\n<td><span class=\"sg_cm\">83-89<\/span><\/td>\n<td><span class=\"sg_cm\">105-111<\/span><\/td>\n<td><span class=\"sg_cm\">171-177<\/span><\/td>\n<\/tr>\n<tr>\n<td>XL<\/td>\n<td><span class=\"sg_cm\">105-111<\/span><\/td>\n<td><span class=\"sg_cm\">89-95<\/span><\/td>\n<td><span class=\"sg_cm\">111-117<\/span><\/td>\n<td><span class=\"sg_cm\">173-179<\/span><\/td>\n<\/tr>\n<\/tbody>\n<\/table>\n<\/div>\n<\/div>\n<\/div>\n","protected":false},"excerpt":{"rendered":"<p>The Porto Long John 2MM is a beautiful feminine wetsuit that provides excellent range of motion and warmth thanks to it&#8217;s large armholes [&#8230;]<\/p>\n<p><a class=\"btn btn-secondary understrap-read-more-link\" href=\"https:\/\/www.waterskis.lv\/en\/product\/jobe-porto-2mm-long-john-wetsuit-women-size-xl\/\">Read More&#8230;<\/a><\/p>\n","protected":false},"featured_media":70144,"comment_status":"closed","ping_status":"closed","template":"","meta":{"_acf_changed":false,"inline_featured_image":false},"product_brand":[1330],"product_cat":[736,737,361],"product_tag":[1660,3695,3551,1661,1672,1688,3688,3694],"class_list":{"0":"post-70143","1":"product","2":"type-product","3":"status-publish","4":"has-post-thumbnail","6":"product_brand-jobe-watersports","7":"product_cat-apparel-wetsuits","8":"product_cat-neoprene-apparel","9":"product_cat-sale","10":"product_tag-jobe-neoprena-hidroterps","11":"product_tag-jobe-neoprene-wetsuit","12":"product_tag-jobe-watersports","13":"product_tag-neoprena-hidroterps","14":"product_tag-neoprene-wetsuit","15":"product_tag-sieviesu-neoprena-hidroterps","16":"product_tag-3688","17":"product_tag----jobe","19":"first","20":"instock","21":"sale","22":"shipping-taxable","23":"purchasable","24":"product-type-simple"},"acf":[],"yoast_head":"<!-- This site is optimized with the Yoast SEO plugin v27.3 - https:\/\/yoast.com\/product\/yoast-seo-wordpress\/ -->\n<title>Jobe Porto 2mm Long John Wetsuit Women Size XL - WATERSKIS.LV<\/title>\n<meta name=\"description\" content=\"Jobe Porto 2mm Long John Wetsuit Women Size XL is a beautiful feminine wetsuit provides excellent range of motion and warmth thanks to it&#039;s large armholes\" \/>\n<meta name=\"robots\" content=\"index, follow, max-snippet:-1, max-image-preview:large, max-video-preview:-1\" \/>\n<link rel=\"canonical\" href=\"https:\/\/www.waterskis.lv\/en\/product\/jobe-porto-2mm-long-john-wetsuit-women-size-xl\/\" \/>\n<meta property=\"og:locale\" content=\"en_US\" \/>\n<meta property=\"og:type\" content=\"article\" \/>\n<meta property=\"og:title\" content=\"Jobe Porto 2mm Long John Wetsuit Women Size XL - WATERSKIS.LV\" \/>\n<meta property=\"og:description\" content=\"Jobe Porto 2mm Long John Wetsuit Women Size XL is a beautiful feminine wetsuit provides excellent range of motion and warmth thanks to it&#039;s large armholes\" \/>\n<meta property=\"og:url\" content=\"https:\/\/www.waterskis.lv\/en\/product\/jobe-porto-2mm-long-john-wetsuit-women-size-xl\/\" \/>\n<meta property=\"og:site_name\" content=\"WATERSKIS.LV\" \/>\n<meta property=\"article:publisher\" content=\"https:\/\/www.facebook.com\/jurmalawaterskiwakeboardpark\/\" \/>\n<meta property=\"article:modified_time\" content=\"2026-02-07T14:33:54+00:00\" \/>\n<meta property=\"og:image\" content=\"https:\/\/www.waterskis.lv\/wp-content\/uploads\/2026\/01\/LJWomen.jpg\" \/>\n\t<meta property=\"og:image:width\" content=\"1500\" \/>\n\t<meta property=\"og:image:height\" content=\"1500\" \/>\n\t<meta property=\"og:image:type\" content=\"image\/jpeg\" \/>\n<meta name=\"twitter:card\" content=\"summary_large_image\" \/>\n<meta name=\"twitter:label1\" content=\"Est. reading time\" \/>\n\t<meta name=\"twitter:data1\" content=\"2 minutes\" \/>\n<script type=\"application\/ld+json\" class=\"yoast-schema-graph\">{\"@context\":\"https:\\\/\\\/schema.org\",\"@graph\":[{\"@type\":\"WebPage\",\"@id\":\"https:\\\/\\\/www.waterskis.lv\\\/en\\\/product\\\/jobe-porto-2mm-long-john-wetsuit-women-size-xl\\\/\",\"url\":\"https:\\\/\\\/www.waterskis.lv\\\/en\\\/product\\\/jobe-porto-2mm-long-john-wetsuit-women-size-xl\\\/\",\"name\":\"Jobe Porto 2mm Long John Wetsuit Women Size XL - WATERSKIS.LV\",\"isPartOf\":{\"@id\":\"https:\\\/\\\/www.waterskis.lv\\\/en\\\/#website\"},\"primaryImageOfPage\":{\"@id\":\"https:\\\/\\\/www.waterskis.lv\\\/en\\\/product\\\/jobe-porto-2mm-long-john-wetsuit-women-size-xl\\\/#primaryimage\"},\"image\":{\"@id\":\"https:\\\/\\\/www.waterskis.lv\\\/en\\\/product\\\/jobe-porto-2mm-long-john-wetsuit-women-size-xl\\\/#primaryimage\"},\"thumbnailUrl\":\"https:\\\/\\\/www.waterskis.lv\\\/wp-content\\\/uploads\\\/2026\\\/01\\\/LJWomen.jpg\",\"datePublished\":\"2026-01-13T07:20:31+00:00\",\"dateModified\":\"2026-02-07T14:33:54+00:00\",\"description\":\"Jobe Porto 2mm Long John Wetsuit Women Size XL is a beautiful feminine wetsuit provides excellent range of motion and warmth thanks to it's large armholes\",\"breadcrumb\":{\"@id\":\"https:\\\/\\\/www.waterskis.lv\\\/en\\\/product\\\/jobe-porto-2mm-long-john-wetsuit-women-size-xl\\\/#breadcrumb\"},\"inLanguage\":\"en-US\",\"potentialAction\":[{\"@type\":\"ReadAction\",\"target\":[\"https:\\\/\\\/www.waterskis.lv\\\/en\\\/product\\\/jobe-porto-2mm-long-john-wetsuit-women-size-xl\\\/\"]}]},{\"@type\":\"ImageObject\",\"inLanguage\":\"en-US\",\"@id\":\"https:\\\/\\\/www.waterskis.lv\\\/en\\\/product\\\/jobe-porto-2mm-long-john-wetsuit-women-size-xl\\\/#primaryimage\",\"url\":\"https:\\\/\\\/www.waterskis.lv\\\/wp-content\\\/uploads\\\/2026\\\/01\\\/LJWomen.jpg\",\"contentUrl\":\"https:\\\/\\\/www.waterskis.lv\\\/wp-content\\\/uploads\\\/2026\\\/01\\\/LJWomen.jpg\",\"width\":1500,\"height\":1500,\"caption\":\"Jobe Porto 2mm Long John Wetsuit Women Size XL\"},{\"@type\":\"BreadcrumbList\",\"@id\":\"https:\\\/\\\/www.waterskis.lv\\\/en\\\/product\\\/jobe-porto-2mm-long-john-wetsuit-women-size-xl\\\/#breadcrumb\",\"itemListElement\":[{\"@type\":\"ListItem\",\"position\":1,\"name\":\"Home\",\"item\":\"https:\\\/\\\/www.waterskis.lv\\\/en\\\/\"},{\"@type\":\"ListItem\",\"position\":2,\"name\":\"Shop\",\"item\":\"https:\\\/\\\/waterskis.lv\\\/en\\\/shop\\\/\"},{\"@type\":\"ListItem\",\"position\":3,\"name\":\"Jobe Porto 2mm Long John Wetsuit Women Size XL\"}]},{\"@type\":\"WebSite\",\"@id\":\"https:\\\/\\\/www.waterskis.lv\\\/en\\\/#website\",\"url\":\"https:\\\/\\\/www.waterskis.lv\\\/en\\\/\",\"name\":\"WATERSKIS.LV\",\"description\":\"SUP d\u0113\u013ci, kajaki, kanoe, airu laivas, \u016bdenssl\u0113po\u0161ana, veikbords, SUP d\u0113\u013cu noma, kajaku nomaakt\u012bv\u0101s atp\u016btas centrs, laivu noma, sup noma, kajaku noma\",\"publisher\":{\"@id\":\"https:\\\/\\\/www.waterskis.lv\\\/en\\\/#organization\"},\"potentialAction\":[{\"@type\":\"SearchAction\",\"target\":{\"@type\":\"EntryPoint\",\"urlTemplate\":\"https:\\\/\\\/www.waterskis.lv\\\/en\\\/?s={search_term_string}\"},\"query-input\":{\"@type\":\"PropertyValueSpecification\",\"valueRequired\":true,\"valueName\":\"search_term_string\"}}],\"inLanguage\":\"en-US\"},{\"@type\":\"Organization\",\"@id\":\"https:\\\/\\\/www.waterskis.lv\\\/en\\\/#organization\",\"name\":\"WATERSKIS.LV\",\"url\":\"https:\\\/\\\/www.waterskis.lv\\\/en\\\/\",\"logo\":{\"@type\":\"ImageObject\",\"inLanguage\":\"en-US\",\"@id\":\"https:\\\/\\\/www.waterskis.lv\\\/en\\\/#\\\/schema\\\/logo\\\/image\\\/\",\"url\":\"https:\\\/\\\/www.waterskis.lv\\\/wp-content\\\/uploads\\\/2025\\\/01\\\/JUVP-logo.png\",\"contentUrl\":\"https:\\\/\\\/www.waterskis.lv\\\/wp-content\\\/uploads\\\/2025\\\/01\\\/JUVP-logo.png\",\"width\":421,\"height\":202,\"caption\":\"WATERSKIS.LV\"},\"image\":{\"@id\":\"https:\\\/\\\/www.waterskis.lv\\\/en\\\/#\\\/schema\\\/logo\\\/image\\\/\"},\"sameAs\":[\"https:\\\/\\\/www.facebook.com\\\/jurmalawaterskiwakeboardpark\\\/\"]}]}<\/script>\n<!-- \/ Yoast SEO plugin. -->","yoast_head_json":{"title":"Jobe Porto 2mm Long John Wetsuit Women Size XL - WATERSKIS.LV","description":"Jobe Porto 2mm Long John Wetsuit Women Size XL is a beautiful feminine wetsuit provides excellent range of motion and warmth thanks to it's large armholes","robots":{"index":"index","follow":"follow","max-snippet":"max-snippet:-1","max-image-preview":"max-image-preview:large","max-video-preview":"max-video-preview:-1"},"canonical":"https:\/\/www.waterskis.lv\/en\/product\/jobe-porto-2mm-long-john-wetsuit-women-size-xl\/","og_locale":"en_US","og_type":"article","og_title":"Jobe Porto 2mm Long John Wetsuit Women Size XL - WATERSKIS.LV","og_description":"Jobe Porto 2mm Long John Wetsuit Women Size XL is a beautiful feminine wetsuit provides excellent range of motion and warmth thanks to it's large armholes","og_url":"https:\/\/www.waterskis.lv\/en\/product\/jobe-porto-2mm-long-john-wetsuit-women-size-xl\/","og_site_name":"WATERSKIS.LV","article_publisher":"https:\/\/www.facebook.com\/jurmalawaterskiwakeboardpark\/","article_modified_time":"2026-02-07T14:33:54+00:00","og_image":[{"width":1500,"height":1500,"url":"https:\/\/www.waterskis.lv\/wp-content\/uploads\/2026\/01\/LJWomen.jpg","type":"image\/jpeg"}],"twitter_card":"summary_large_image","twitter_misc":{"Est. reading time":"2 minutes"},"schema":{"@context":"https:\/\/schema.org","@graph":[{"@type":"WebPage","@id":"https:\/\/www.waterskis.lv\/en\/product\/jobe-porto-2mm-long-john-wetsuit-women-size-xl\/","url":"https:\/\/www.waterskis.lv\/en\/product\/jobe-porto-2mm-long-john-wetsuit-women-size-xl\/","name":"Jobe Porto 2mm Long John Wetsuit Women Size XL - WATERSKIS.LV","isPartOf":{"@id":"https:\/\/www.waterskis.lv\/en\/#website"},"primaryImageOfPage":{"@id":"https:\/\/www.waterskis.lv\/en\/product\/jobe-porto-2mm-long-john-wetsuit-women-size-xl\/#primaryimage"},"image":{"@id":"https:\/\/www.waterskis.lv\/en\/product\/jobe-porto-2mm-long-john-wetsuit-women-size-xl\/#primaryimage"},"thumbnailUrl":"https:\/\/www.waterskis.lv\/wp-content\/uploads\/2026\/01\/LJWomen.jpg","datePublished":"2026-01-13T07:20:31+00:00","dateModified":"2026-02-07T14:33:54+00:00","description":"Jobe Porto 2mm Long John Wetsuit Women Size XL is a beautiful feminine wetsuit provides excellent range of motion and warmth thanks to it's large armholes","breadcrumb":{"@id":"https:\/\/www.waterskis.lv\/en\/product\/jobe-porto-2mm-long-john-wetsuit-women-size-xl\/#breadcrumb"},"inLanguage":"en-US","potentialAction":[{"@type":"ReadAction","target":["https:\/\/www.waterskis.lv\/en\/product\/jobe-porto-2mm-long-john-wetsuit-women-size-xl\/"]}]},{"@type":"ImageObject","inLanguage":"en-US","@id":"https:\/\/www.waterskis.lv\/en\/product\/jobe-porto-2mm-long-john-wetsuit-women-size-xl\/#primaryimage","url":"https:\/\/www.waterskis.lv\/wp-content\/uploads\/2026\/01\/LJWomen.jpg","contentUrl":"https:\/\/www.waterskis.lv\/wp-content\/uploads\/2026\/01\/LJWomen.jpg","width":1500,"height":1500,"caption":"Jobe Porto 2mm Long John Wetsuit Women Size XL"},{"@type":"BreadcrumbList","@id":"https:\/\/www.waterskis.lv\/en\/product\/jobe-porto-2mm-long-john-wetsuit-women-size-xl\/#breadcrumb","itemListElement":[{"@type":"ListItem","position":1,"name":"Home","item":"https:\/\/www.waterskis.lv\/en\/"},{"@type":"ListItem","position":2,"name":"Shop","item":"https:\/\/waterskis.lv\/en\/shop\/"},{"@type":"ListItem","position":3,"name":"Jobe Porto 2mm Long John Wetsuit Women Size XL"}]},{"@type":"WebSite","@id":"https:\/\/www.waterskis.lv\/en\/#website","url":"https:\/\/www.waterskis.lv\/en\/","name":"WATERSKIS.LV","description":"SUP d\u0113\u013ci, kajaki, kanoe, airu laivas, \u016bdenssl\u0113po\u0161ana, veikbords, SUP d\u0113\u013cu noma, kajaku nomaakt\u012bv\u0101s atp\u016btas centrs, laivu noma, sup noma, kajaku noma","publisher":{"@id":"https:\/\/www.waterskis.lv\/en\/#organization"},"potentialAction":[{"@type":"SearchAction","target":{"@type":"EntryPoint","urlTemplate":"https:\/\/www.waterskis.lv\/en\/?s={search_term_string}"},"query-input":{"@type":"PropertyValueSpecification","valueRequired":true,"valueName":"search_term_string"}}],"inLanguage":"en-US"},{"@type":"Organization","@id":"https:\/\/www.waterskis.lv\/en\/#organization","name":"WATERSKIS.LV","url":"https:\/\/www.waterskis.lv\/en\/","logo":{"@type":"ImageObject","inLanguage":"en-US","@id":"https:\/\/www.waterskis.lv\/en\/#\/schema\/logo\/image\/","url":"https:\/\/www.waterskis.lv\/wp-content\/uploads\/2025\/01\/JUVP-logo.png","contentUrl":"https:\/\/www.waterskis.lv\/wp-content\/uploads\/2025\/01\/JUVP-logo.png","width":421,"height":202,"caption":"WATERSKIS.LV"},"image":{"@id":"https:\/\/www.waterskis.lv\/en\/#\/schema\/logo\/image\/"},"sameAs":["https:\/\/www.facebook.com\/jurmalawaterskiwakeboardpark\/"]}]}},"_links":{"self":[{"href":"https:\/\/www.waterskis.lv\/en\/wp-json\/wp\/v2\/product\/70143","targetHints":{"allow":["GET"]}}],"collection":[{"href":"https:\/\/www.waterskis.lv\/en\/wp-json\/wp\/v2\/product"}],"about":[{"href":"https:\/\/www.waterskis.lv\/en\/wp-json\/wp\/v2\/types\/product"}],"replies":[{"embeddable":true,"href":"https:\/\/www.waterskis.lv\/en\/wp-json\/wp\/v2\/comments?post=70143"}],"wp:featuredmedia":[{"embeddable":true,"href":"https:\/\/www.waterskis.lv\/en\/wp-json\/wp\/v2\/media\/70144"}],"wp:attachment":[{"href":"https:\/\/www.waterskis.lv\/en\/wp-json\/wp\/v2\/media?parent=70143"}],"wp:term":[{"taxonomy":"product_brand","embeddable":true,"href":"https:\/\/www.waterskis.lv\/en\/wp-json\/wp\/v2\/product_brand?post=70143"},{"taxonomy":"product_cat","embeddable":true,"href":"https:\/\/www.waterskis.lv\/en\/wp-json\/wp\/v2\/product_cat?post=70143"},{"taxonomy":"product_tag","embeddable":true,"href":"https:\/\/www.waterskis.lv\/en\/wp-json\/wp\/v2\/product_tag?post=70143"}],"curies":[{"name":"wp","href":"https:\/\/api.w.org\/{rel}","templated":true}]}}